{"id":10227,"date":"2020-12-11T13:53:00","date_gmt":"2020-12-11T11:53:00","guid":{"rendered":"https:\/\/www.johannagullichsen.com\/?page_id=10227"},"modified":"2021-04-29T18:06:14","modified_gmt":"2021-04-29T15:06:14","slug":"alkovi-johanna-gullichsen-kulmaus-artek-helsinki-myymalassa","status":"publish","type":"page","link":"https:\/\/www.johannagullichsen.com\/fi\/alkovi-johanna-gullichsen-kulmaus-artek-helsinki-myymalassa\/","title":{"rendered":"Johanna Gullichsen \u201cAlkovi\u201d Artek Helsingin myym\u00e4l\u00e4ss\u00e4"},"content":{"rendered":"<p><a href=\"https:\/\/www.johannagullichsen.com\/wp-content\/uploads\/2020\/12\/Johanna-Gullichsen-Alkovi.jpg\"><img loading=\"lazy\" decoding=\"async\" class=\"alignnone wp-image-10229 size-full\" src=\"https:\/\/www.johannagullichsen.com\/wp-content\/uploads\/2020\/12\/Johanna-Gullichsen-Alkovi.jpg\" alt=\"\" width=\"1920\" height=\"800\" srcset=\"https:\/\/www.johannagullichsen.com\/wp-content\/uploads\/2020\/12\/Johanna-Gullichsen-Alkovi.jpg 1920w, https:\/\/www.johannagullichsen.com\/wp-content\/uploads\/2020\/12\/Johanna-Gullichsen-Alkovi-1260x525.jpg 1260w, https:\/\/www.johannagullichsen.com\/wp-content\/uploads\/2020\/12\/Johanna-Gullichsen-Alkovi-300x125.jpg 300w, https:\/\/www.johannagullichsen.com\/wp-content\/uploads\/2020\/12\/Johanna-Gullichsen-Alkovi-1024x427.jpg 1024w, https:\/\/www.johannagullichsen.com\/wp-content\/uploads\/2020\/12\/Johanna-Gullichsen-Alkovi-768x320.jpg 768w, https:\/\/www.johannagullichsen.com\/wp-content\/uploads\/2020\/12\/Johanna-Gullichsen-Alkovi-1536x640.jpg 1536w\" sizes=\"auto, (max-width: 1920px) 100vw, 1920px\" \/><\/a><\/p>\n<p>Artek Helsingin myym\u00e4l\u00e4ss\u00e4 Johanna Gullichsenin tuotteille omistettu alue laajeni syksyll\u00e4 2020. Alkoviksi nimetty kulmaus l\u00f6ytyy myym\u00e4l\u00e4n toisesta kerroksesta.<\/p>\n<p>Alkovissa esitell\u00e4\u00e4n tuttujen pientuotteiden lis\u00e4ksi mm. Johanna Gullichsen -kankailla verhoiltuja Artek-huonekaluja sek\u00e4 RE\/NOMADO -mattoja. Suosituimmat kuosit ovat saatavana nyt my\u00f6s metritavarana kangaspakoissa.<\/p>\n<p>\u201dKoen, ett\u00e4 tekstiilieni v\u00e4rit ja selke\u00e4 muotokieli sointuvat hyvin yhteen Artekin kanssa. Yhteisty\u00f6n syvent\u00e4minen tuntuu my\u00f6s loogiselta, sill\u00e4 jaamme samoja arvoja; vastuullisen tuotannon sek\u00e4 ajattoman muotoilun,\u201d Gullichsen kertoo yhteisty\u00f6n taustoista.<\/p>\n<p>Erottajalla sijaitsevan Johanna Gullichsenin lippulaivamyym\u00e4l\u00e4n rinnalla Alkovi tarjoaa mahdollisuuden esitell\u00e4 mallistoa sisustuksellisessa ymp\u00e4rist\u00f6ss\u00e4, yhdess\u00e4 sellaisten huonekalujen ja esineiden kanssa, joiden muotokielt\u00e4 Gullichsenin suunnittelu t\u00e4ydent\u00e4\u00e4. Kankaiden kuosit ja verhoiltujen huonekalujen muodot k\u00e4yv\u00e4t kiinnostavaa ja inspiroivaa dialogia.<\/p>\n<p>\u201dHaluamme tarjota asiakkaillemme ideoita ja inspiraatiota laadukkaaseen ja aikaa kest\u00e4v\u00e4\u00e4n sisustukseen. Verhoilukankaan valinta niin uuteen kuin vanhaankin kalusteeseen helpottuu, kun p\u00e4\u00e4see n\u00e4kem\u00e4\u00e4n mallikalusteita myym\u00e4l\u00e4n esillepanossa. Alkovissa esill\u00e4 olevat kalusteet verhoiluineen on valittu yhdess\u00e4 Johanna Gullichsenin kanssa&#8221;, kertoo Ulla Rutanen Artek Helsinki -myym\u00e4l\u00e4st\u00e4.<\/p>\n<p>Johanna Gullichsenilla on my\u00f6s henkil\u00f6kohtainen sidos Artekiin, joten yhteisty\u00f6ss\u00e4 on erityist\u00e4 l\u00e4mp\u00f6\u00e4.<\/p>\n<p>\u201dTy\u00f6skentely Artekin kanssa on minulle luonnollista. Kasvoin Artekin huonekalujen ymp\u00e4r\u00f6im\u00e4n\u00e4, sill\u00e4 iso\u00e4itini, Maire Gullichsen, oli yksi Artekin perustajista. My\u00f6hemmin olen itse my\u00f6s tietoisesti valinnut Artekin yh\u00e4 uudelleen omaan kotiini.\u201d Gullichsen kertoo.<\/p>\n","protected":false},"excerpt":{"rendered":"<p>Artek Helsingin myym\u00e4l\u00e4ss\u00e4 Johanna Gullichsenin tuotteille omistettu alue laajeni syksyll\u00e4 2020. Alkoviksi nimetty kulmaus l\u00f6ytyy myym\u00e4l\u00e4n toisesta kerroksesta. Alkovissa esitell\u00e4\u00e4n tuttujen pientuotteiden lis\u00e4ksi mm. Johanna Gullichsen -kankailla verhoiltuja Artek-huonekaluja sek\u00e4&hellip;<\/p>\n","protected":false},"author":4,"featured_media":0,"parent":0,"menu_order":0,"comment_status":"closed","ping_status":"closed","template":"","meta":{"_acf_changed":false,"footnotes":""},"class_list":["post-10227","page","type-page","status-publish","hentry"],"acf":[],"yoast_head":"<!-- This site is optimized with the Yoast SEO Premium plugin v27.2 (Yoast SEO v27.5) - https:\/\/yoast.com\/product\/yoast-seo-premium-wordpress\/ -->\n<title>Johanna Gullichsen \u201cAlkovi\u201d Artek Helsingin myym\u00e4l\u00e4ss\u00e4 - Johanna Gullichsen<\/title>\n<meta name=\"description\" content=\"Artek Helsingin myym\u00e4l\u00e4ss\u00e4 Johanna Gullichsenin tuotteille omistettu alue on nimelt\u00e4\u00e4n Alkovi. Kulmaus l\u00f6ytyy myym\u00e4l\u00e4n toisesta kerroksesta.\" \/>\n<meta name=\"robots\" content=\"index, follow, max-snippet:-1, max-image-preview:large, max-video-preview:-1\" \/>\n<link rel=\"canonical\" href=\"https:\/\/www.johannagullichsen.com\/fi\/alkovi-johanna-gullichsen-kulmaus-artek-helsinki-myymalassa\/\" \/>\n<meta property=\"og:locale\" content=\"fi_FI\" \/>\n<meta property=\"og:type\" content=\"article\" \/>\n<meta property=\"og:title\" content=\"Johanna Gullichsen \u201cAlkovi\u201d Artek Helsingin myym\u00e4l\u00e4ss\u00e4\" \/>\n<meta property=\"og:description\" content=\"Artek Helsingin myym\u00e4l\u00e4ss\u00e4 Johanna Gullichsenin tuotteille omistettu alue on nimelt\u00e4\u00e4n Alkovi. Kulmaus l\u00f6ytyy myym\u00e4l\u00e4n toisesta kerroksesta.\" \/>\n<meta property=\"og:url\" content=\"https:\/\/www.johannagullichsen.com\/fi\/alkovi-johanna-gullichsen-kulmaus-artek-helsinki-myymalassa\/\" \/>\n<meta property=\"og:site_name\" content=\"Johanna Gullichsen\" \/>\n<meta property=\"article:modified_time\" content=\"2021-04-29T15:06:14+00:00\" \/>\n<meta property=\"og:image\" content=\"https:\/\/www.johannagullichsen.com\/wp-content\/uploads\/2020\/12\/Johanna-Gullichsen-Alkovi.jpg\" \/>\n<meta name=\"twitter:card\" content=\"summary_large_image\" \/>\n<meta name=\"twitter:label1\" content=\"Arvioitu lukuaika\" \/>\n\t<meta name=\"twitter:data1\" content=\"1 minuutti\" \/>\n<script type=\"application\/ld+json\" class=\"yoast-schema-graph\">{\"@context\":\"https:\\\/\\\/schema.org\",\"@graph\":[{\"@type\":\"WebPage\",\"@id\":\"https:\\\/\\\/www.johannagullichsen.com\\\/fi\\\/alkovi-johanna-gullichsen-kulmaus-artek-helsinki-myymalassa\\\/\",\"url\":\"https:\\\/\\\/www.johannagullichsen.com\\\/fi\\\/alkovi-johanna-gullichsen-kulmaus-artek-helsinki-myymalassa\\\/\",\"name\":\"Johanna Gullichsen \u201cAlkovi\u201d Artek Helsingin myym\u00e4l\u00e4ss\u00e4 - Johanna Gullichsen\",\"isPartOf\":{\"@id\":\"https:\\\/\\\/www.johannagullichsen.com\\\/fi\\\/#website\"},\"primaryImageOfPage\":{\"@id\":\"https:\\\/\\\/www.johannagullichsen.com\\\/fi\\\/alkovi-johanna-gullichsen-kulmaus-artek-helsinki-myymalassa\\\/#primaryimage\"},\"image\":{\"@id\":\"https:\\\/\\\/www.johannagullichsen.com\\\/fi\\\/alkovi-johanna-gullichsen-kulmaus-artek-helsinki-myymalassa\\\/#primaryimage\"},\"thumbnailUrl\":\"https:\\\/\\\/www.johannagullichsen.com\\\/wp-content\\\/uploads\\\/2020\\\/12\\\/Johanna-Gullichsen-Alkovi.jpg\",\"datePublished\":\"2020-12-11T11:53:00+00:00\",\"dateModified\":\"2021-04-29T15:06:14+00:00\",\"description\":\"Artek Helsingin myym\u00e4l\u00e4ss\u00e4 Johanna Gullichsenin tuotteille omistettu alue on nimelt\u00e4\u00e4n Alkovi. Kulmaus l\u00f6ytyy myym\u00e4l\u00e4n toisesta kerroksesta.\",\"breadcrumb\":{\"@id\":\"https:\\\/\\\/www.johannagullichsen.com\\\/fi\\\/alkovi-johanna-gullichsen-kulmaus-artek-helsinki-myymalassa\\\/#breadcrumb\"},\"inLanguage\":\"fi\",\"potentialAction\":[{\"@type\":\"ReadAction\",\"target\":[\"https:\\\/\\\/www.johannagullichsen.com\\\/fi\\\/alkovi-johanna-gullichsen-kulmaus-artek-helsinki-myymalassa\\\/\"]}]},{\"@type\":\"ImageObject\",\"inLanguage\":\"fi\",\"@id\":\"https:\\\/\\\/www.johannagullichsen.com\\\/fi\\\/alkovi-johanna-gullichsen-kulmaus-artek-helsinki-myymalassa\\\/#primaryimage\",\"url\":\"https:\\\/\\\/www.johannagullichsen.com\\\/wp-content\\\/uploads\\\/2020\\\/12\\\/Johanna-Gullichsen-Alkovi.jpg\",\"contentUrl\":\"https:\\\/\\\/www.johannagullichsen.com\\\/wp-content\\\/uploads\\\/2020\\\/12\\\/Johanna-Gullichsen-Alkovi.jpg\"},{\"@type\":\"BreadcrumbList\",\"@id\":\"https:\\\/\\\/www.johannagullichsen.com\\\/fi\\\/alkovi-johanna-gullichsen-kulmaus-artek-helsinki-myymalassa\\\/#breadcrumb\",\"itemListElement\":[{\"@type\":\"ListItem\",\"position\":1,\"name\":\"Home\",\"item\":\"https:\\\/\\\/www.johannagullichsen.com\\\/fi\\\/\"},{\"@type\":\"ListItem\",\"position\":2,\"name\":\"Johanna Gullichsen \u201cAlkovi\u201d Artek Helsingin myym\u00e4l\u00e4ss\u00e4\"}]},{\"@type\":\"WebSite\",\"@id\":\"https:\\\/\\\/www.johannagullichsen.com\\\/fi\\\/#website\",\"url\":\"https:\\\/\\\/www.johannagullichsen.com\\\/fi\\\/\",\"name\":\"Johanna Gullichsen\",\"description\":\"\",\"potentialAction\":[{\"@type\":\"SearchAction\",\"target\":{\"@type\":\"EntryPoint\",\"urlTemplate\":\"https:\\\/\\\/www.johannagullichsen.com\\\/fi\\\/?s={search_term_string}\"},\"query-input\":{\"@type\":\"PropertyValueSpecification\",\"valueRequired\":true,\"valueName\":\"search_term_string\"}}],\"inLanguage\":\"fi\"}]}<\/script>\n<!-- \/ Yoast SEO Premium plugin. -->","yoast_head_json":{"title":"Johanna Gullichsen \u201cAlkovi\u201d Artek Helsingin myym\u00e4l\u00e4ss\u00e4 - Johanna Gullichsen","description":"Artek Helsingin myym\u00e4l\u00e4ss\u00e4 Johanna Gullichsenin tuotteille omistettu alue on nimelt\u00e4\u00e4n Alkovi. Kulmaus l\u00f6ytyy myym\u00e4l\u00e4n toisesta kerroksesta.","robots":{"index":"index","follow":"follow","max-snippet":"max-snippet:-1","max-image-preview":"max-image-preview:large","max-video-preview":"max-video-preview:-1"},"canonical":"https:\/\/www.johannagullichsen.com\/fi\/alkovi-johanna-gullichsen-kulmaus-artek-helsinki-myymalassa\/","og_locale":"fi_FI","og_type":"article","og_title":"Johanna Gullichsen \u201cAlkovi\u201d Artek Helsingin myym\u00e4l\u00e4ss\u00e4","og_description":"Artek Helsingin myym\u00e4l\u00e4ss\u00e4 Johanna Gullichsenin tuotteille omistettu alue on nimelt\u00e4\u00e4n Alkovi. Kulmaus l\u00f6ytyy myym\u00e4l\u00e4n toisesta kerroksesta.","og_url":"https:\/\/www.johannagullichsen.com\/fi\/alkovi-johanna-gullichsen-kulmaus-artek-helsinki-myymalassa\/","og_site_name":"Johanna Gullichsen","article_modified_time":"2021-04-29T15:06:14+00:00","og_image":[{"url":"https:\/\/www.johannagullichsen.com\/wp-content\/uploads\/2020\/12\/Johanna-Gullichsen-Alkovi.jpg","type":"","width":"","height":""}],"twitter_card":"summary_large_image","twitter_misc":{"Arvioitu lukuaika":"1 minuutti"},"schema":{"@context":"https:\/\/schema.org","@graph":[{"@type":"WebPage","@id":"https:\/\/www.johannagullichsen.com\/fi\/alkovi-johanna-gullichsen-kulmaus-artek-helsinki-myymalassa\/","url":"https:\/\/www.johannagullichsen.com\/fi\/alkovi-johanna-gullichsen-kulmaus-artek-helsinki-myymalassa\/","name":"Johanna Gullichsen \u201cAlkovi\u201d Artek Helsingin myym\u00e4l\u00e4ss\u00e4 - Johanna Gullichsen","isPartOf":{"@id":"https:\/\/www.johannagullichsen.com\/fi\/#website"},"primaryImageOfPage":{"@id":"https:\/\/www.johannagullichsen.com\/fi\/alkovi-johanna-gullichsen-kulmaus-artek-helsinki-myymalassa\/#primaryimage"},"image":{"@id":"https:\/\/www.johannagullichsen.com\/fi\/alkovi-johanna-gullichsen-kulmaus-artek-helsinki-myymalassa\/#primaryimage"},"thumbnailUrl":"https:\/\/www.johannagullichsen.com\/wp-content\/uploads\/2020\/12\/Johanna-Gullichsen-Alkovi.jpg","datePublished":"2020-12-11T11:53:00+00:00","dateModified":"2021-04-29T15:06:14+00:00","description":"Artek Helsingin myym\u00e4l\u00e4ss\u00e4 Johanna Gullichsenin tuotteille omistettu alue on nimelt\u00e4\u00e4n Alkovi. Kulmaus l\u00f6ytyy myym\u00e4l\u00e4n toisesta kerroksesta.","breadcrumb":{"@id":"https:\/\/www.johannagullichsen.com\/fi\/alkovi-johanna-gullichsen-kulmaus-artek-helsinki-myymalassa\/#breadcrumb"},"inLanguage":"fi","potentialAction":[{"@type":"ReadAction","target":["https:\/\/www.johannagullichsen.com\/fi\/alkovi-johanna-gullichsen-kulmaus-artek-helsinki-myymalassa\/"]}]},{"@type":"ImageObject","inLanguage":"fi","@id":"https:\/\/www.johannagullichsen.com\/fi\/alkovi-johanna-gullichsen-kulmaus-artek-helsinki-myymalassa\/#primaryimage","url":"https:\/\/www.johannagullichsen.com\/wp-content\/uploads\/2020\/12\/Johanna-Gullichsen-Alkovi.jpg","contentUrl":"https:\/\/www.johannagullichsen.com\/wp-content\/uploads\/2020\/12\/Johanna-Gullichsen-Alkovi.jpg"},{"@type":"BreadcrumbList","@id":"https:\/\/www.johannagullichsen.com\/fi\/alkovi-johanna-gullichsen-kulmaus-artek-helsinki-myymalassa\/#breadcrumb","itemListElement":[{"@type":"ListItem","position":1,"name":"Home","item":"https:\/\/www.johannagullichsen.com\/fi\/"},{"@type":"ListItem","position":2,"name":"Johanna Gullichsen \u201cAlkovi\u201d Artek Helsingin myym\u00e4l\u00e4ss\u00e4"}]},{"@type":"WebSite","@id":"https:\/\/www.johannagullichsen.com\/fi\/#website","url":"https:\/\/www.johannagullichsen.com\/fi\/","name":"Johanna Gullichsen","description":"","potentialAction":[{"@type":"SearchAction","target":{"@type":"EntryPoint","urlTemplate":"https:\/\/www.johannagullichsen.com\/fi\/?s={search_term_string}"},"query-input":{"@type":"PropertyValueSpecification","valueRequired":true,"valueName":"search_term_string"}}],"inLanguage":"fi"}]}},"_links":{"self":[{"href":"https:\/\/www.johannagullichsen.com\/fi\/wp-json\/wp\/v2\/pages\/10227","targetHints":{"allow":["GET"]}}],"collection":[{"href":"https:\/\/www.johannagullichsen.com\/fi\/wp-json\/wp\/v2\/pages"}],"about":[{"href":"https:\/\/www.johannagullichsen.com\/fi\/wp-json\/wp\/v2\/types\/page"}],"author":[{"embeddable":true,"href":"https:\/\/www.johannagullichsen.com\/fi\/wp-json\/wp\/v2\/users\/4"}],"replies":[{"embeddable":true,"href":"https:\/\/www.johannagullichsen.com\/fi\/wp-json\/wp\/v2\/comments?post=10227"}],"version-history":[{"count":10,"href":"https:\/\/www.johannagullichsen.com\/fi\/wp-json\/wp\/v2\/pages\/10227\/revisions"}],"predecessor-version":[{"id":12004,"href":"https:\/\/www.johannagullichsen.com\/fi\/wp-json\/wp\/v2\/pages\/10227\/revisions\/12004"}],"wp:attachment":[{"href":"https:\/\/www.johannagullichsen.com\/fi\/wp-json\/wp\/v2\/media?parent=10227"}],"curies":[{"name":"wp","href":"https:\/\/api.w.org\/{rel}","templated":true}]}}