{"id":12523,"date":"2021-08-25T15:08:04","date_gmt":"2021-08-25T12:08:04","guid":{"rendered":"https:\/\/www.johannagullichsen.com\/?page_id=12523"},"modified":"2022-03-11T14:23:41","modified_gmt":"2022-03-11T12:23:41","slug":"uusi-liike-lasipalatsissa","status":"publish","type":"page","link":"https:\/\/www.johannagullichsen.com\/fi\/uusi-liike-lasipalatsissa\/","title":{"rendered":"Lasipalatsin liike"},"content":{"rendered":"<figure id=\"attachment_12536\" aria-describedby=\"caption-attachment-12536\" style=\"width: 1024px\" class=\"wp-caption alignnone\"><a href=\"https:\/\/www.johannagullichsen.com\/wp-content\/uploads\/2021\/08\/Lasipalatsi.-Photo-Tuomas-Uusheimo-Amos-Rex-1.jpg\"><img loading=\"lazy\" decoding=\"async\" class=\"wp-image-12536 size-large\" src=\"https:\/\/www.johannagullichsen.com\/wp-content\/uploads\/2021\/08\/Lasipalatsi.-Photo-Tuomas-Uusheimo-Amos-Rex-1-1024x533.jpg\" alt=\"\" width=\"1024\" height=\"533\" srcset=\"https:\/\/www.johannagullichsen.com\/wp-content\/uploads\/2021\/08\/Lasipalatsi.-Photo-Tuomas-Uusheimo-Amos-Rex-1-1024x533.jpg 1024w, https:\/\/www.johannagullichsen.com\/wp-content\/uploads\/2021\/08\/Lasipalatsi.-Photo-Tuomas-Uusheimo-Amos-Rex-1-1260x656.jpg 1260w, https:\/\/www.johannagullichsen.com\/wp-content\/uploads\/2021\/08\/Lasipalatsi.-Photo-Tuomas-Uusheimo-Amos-Rex-1-300x156.jpg 300w, https:\/\/www.johannagullichsen.com\/wp-content\/uploads\/2021\/08\/Lasipalatsi.-Photo-Tuomas-Uusheimo-Amos-Rex-1-768x400.jpg 768w, https:\/\/www.johannagullichsen.com\/wp-content\/uploads\/2021\/08\/Lasipalatsi.-Photo-Tuomas-Uusheimo-Amos-Rex-1-1536x800.jpg 1536w, https:\/\/www.johannagullichsen.com\/wp-content\/uploads\/2021\/08\/Lasipalatsi.-Photo-Tuomas-Uusheimo-Amos-Rex-1.jpg 1920w\" sizes=\"auto, (max-width: 1024px) 100vw, 1024px\" \/><\/a><figcaption id=\"caption-attachment-12536\" class=\"wp-caption-text\">photo: Tuomas Uusheimo<\/figcaption><\/figure>\n<h4 class=\"null\">Kaupungin sykkeess\u00e4, Helsingin syd\u00e4mess\u00e4.<\/h4>\n<p>Raitiovaunjen kiskojen kolina, museot, linja-autoasema, kauppakeskukset ja kaupungin syke. Ne kaikki luovat tunnelmaa Johanna Gullichsenin uuteen liikkeeseen Lasipalatsissa. Haluammekin palvella entist\u00e4 paremmin muun muassa niit\u00e4 helsinkil\u00e4isi\u00e4, jotka p\u00e4ivitt\u00e4in kulkevat keskustan l\u00e4pi sek\u00e4 tietysti niit\u00e4 matkailijoita, jotka vain piipahtavat Helsingiss\u00e4.<\/p>\n<p>Tuttu lippulaivaliikkeemme Erottajalla jatkaa <a href=\"https:\/\/glaspalatset.fi\/\">Lasipalatsin<\/a> liikkeen rinnalla. Siin\u00e4 miss\u00e4 Erottajalla palvelemme sinua jatkossakin erilaisten kokonaisuuksien, mittatilaust\u00f6iden ja metrikankaiden parissa, Lasipalatsilta saat samantien mukaasi sisustustuotteet ja asusteet. Lasipalatsin valikoima on t\u00e4ynn\u00e4 lahjaideoita niin yst\u00e4v\u00e4lle kuin itsellekin. Lasipalatsin myym\u00e4l\u00e4ll\u00e4 on my\u00f6s oma Twin-mallisto, jonka tuotteita saa vain ja ainoastaan Lasipalatsilta. Twin-mallistoon kuuluu kukkaroita, laukkuja ja tyynyj\u00e4. Niiss\u00e4 kaikissa on hy\u00f6dynnetty Normandie-malliston kankaiden kaksipuoleisuutta; tuotteiden toinen puoli on vaalea ja toinen tumma.<\/p>\n<p>Liikkeen avautuminen juuri Lasipalatsissa ei ole sattumaa. Rakennuksen kiehtova historia, sek\u00e4 tinkim\u00e4t\u00f6n tyyli kulkevat hienosti k\u00e4si k\u00e4dess\u00e4 Johanna Gullichsenin arvojen kanssa.<\/p>\n<p>Lasipalatsi valmistui vuonna 1936. Uransa alkutaipaleilla olevat arkkitehtiopiskelijat Viljo Revell, Heimo Riihim\u00e4ki ja Niilo Kokko suunnittelivat rakennuksen olympialaisten vierailijoiden tarpeisiin. Vaikka rakennus oli alunperin suunniteltu v\u00e4liaikaiseksi, se on yh\u00e4 yksi suomalaisen funkkiksen kauneimmista helmist\u00e4. Modernin ja avaran rakennuksen talvipuutarha, liiketilojen l\u00e4pin\u00e4kyvyys, kirkkaat lasipinnat, kiiltopintaiset sek\u00e4 metallinhohtoiset pylv\u00e4\u00e4t ja voimakkaan s\u00e4vyiset sein\u00e4pinnat olivat my\u00f6s oman aikansa n\u00e4ht\u00e4vyys. Ep\u00e4varman tulevaisuutensa vuoksi Lasipalatsi kuitenkin rapistui pahasti vuosien varrella. Rakennus peruskorjattiin vuonna 1998. Parikymment\u00e4 vuotta my\u00f6hemmin Lasipalatsi k\u00e4vi l\u00e4pi seuraavan mittavan remontin ja samalla sen yhteyteen avattiin JKMM Arkkitehtien suunnittelema <a href=\"https:\/\/amosrex.fi\/\" target=\"_blank\" rel=\"noopener\">Amos Rexin<\/a> taidemuseo. My\u00f6s\u00a0 museo on oman aikansa lumoava maamerkki, joka koostuu maanalaisita n\u00e4yttelysaleista sek\u00e4 Lasipalatsin aukiolla kumpuilevasta museon katosta.<\/p>\n<p>&#8221;Lasipalatsi heijastelee niit\u00e4 arvoja, joita min\u00e4kin haluan edist\u00e4\u00e4: muotoilua, joka kest\u00e4\u00e4 aikaa, samalla s\u00e4ilyen kiinnostavana ja raikkaana, uudistuen ja ajassa el\u00e4en. Juuri siksi inspiroidun t\u00e4st\u00e4 rakennuksesta valtavasti. Liikkeen avaaminen Lasipalatsissa innoittaa minua varmasti tulevaisuudessa sek\u00e4 luomaan uutta, ett\u00e4 syvent\u00e4m\u00e4\u00e4n omia juuriani ja identiteetti\u00e4ni suunnittelijana.&#8221; Gullichsen kertoo.<\/p>\n<p>Tervetuloa!<\/p>\n<p>&nbsp;<\/p>\n","protected":false},"excerpt":{"rendered":"<p>Kaupungin sykkeess\u00e4, Helsingin syd\u00e4mess\u00e4. Raitiovaunjen kiskojen kolina, museot, linja-autoasema, kauppakeskukset ja kaupungin syke. Ne kaikki luovat tunnelmaa Johanna Gullichsenin uuteen liikkeeseen Lasipalatsissa. Haluammekin palvella entist\u00e4 paremmin muun muassa niit\u00e4 helsinkil\u00e4isi\u00e4,&hellip;<\/p>\n","protected":false},"author":4,"featured_media":0,"parent":0,"menu_order":0,"comment_status":"closed","ping_status":"closed","template":"","meta":{"_acf_changed":false,"footnotes":""},"class_list":["post-12523","page","type-page","status-publish","hentry"],"acf":[],"yoast_head":"<!-- This site is optimized with the Yoast SEO Premium plugin v27.2 (Yoast SEO v27.5) - https:\/\/yoast.com\/product\/yoast-seo-premium-wordpress\/ -->\n<title>Lasipalatsin liike - Johanna Gullichsen<\/title>\n<meta name=\"robots\" content=\"index, follow, max-snippet:-1, max-image-preview:large, max-video-preview:-1\" \/>\n<link rel=\"canonical\" href=\"https:\/\/www.johannagullichsen.com\/fi\/uusi-liike-lasipalatsissa\/\" \/>\n<meta property=\"og:locale\" content=\"fi_FI\" \/>\n<meta property=\"og:type\" content=\"article\" \/>\n<meta property=\"og:title\" content=\"Lasipalatsin liike\" \/>\n<meta property=\"og:description\" content=\"Kaupungin sykkeess\u00e4, Helsingin syd\u00e4mess\u00e4. Raitiovaunjen kiskojen kolina, museot, linja-autoasema, kauppakeskukset ja kaupungin syke. Ne kaikki luovat tunnelmaa Johanna Gullichsenin uuteen liikkeeseen Lasipalatsissa. Haluammekin palvella entist\u00e4 paremmin muun muassa niit\u00e4 helsinkil\u00e4isi\u00e4,&hellip;\" \/>\n<meta property=\"og:url\" content=\"https:\/\/www.johannagullichsen.com\/fi\/uusi-liike-lasipalatsissa\/\" \/>\n<meta property=\"og:site_name\" content=\"Johanna Gullichsen\" \/>\n<meta property=\"article:modified_time\" content=\"2022-03-11T12:23:41+00:00\" \/>\n<meta property=\"og:image\" content=\"https:\/\/www.johannagullichsen.com\/wp-content\/uploads\/2021\/08\/Lasipalatsi.-Photo-Tuomas-Uusheimo-Amos-Rex-1-1024x533.jpg\" \/>\n<meta name=\"twitter:card\" content=\"summary_large_image\" \/>\n<meta name=\"twitter:label1\" content=\"Arvioitu lukuaika\" \/>\n\t<meta name=\"twitter:data1\" content=\"2 minuuttia\" \/>\n<script type=\"application\/ld+json\" class=\"yoast-schema-graph\">{\"@context\":\"https:\\\/\\\/schema.org\",\"@graph\":[{\"@type\":\"WebPage\",\"@id\":\"https:\\\/\\\/www.johannagullichsen.com\\\/fi\\\/uusi-liike-lasipalatsissa\\\/\",\"url\":\"https:\\\/\\\/www.johannagullichsen.com\\\/fi\\\/uusi-liike-lasipalatsissa\\\/\",\"name\":\"Lasipalatsin liike - Johanna Gullichsen\",\"isPartOf\":{\"@id\":\"https:\\\/\\\/www.johannagullichsen.com\\\/fi\\\/#website\"},\"primaryImageOfPage\":{\"@id\":\"https:\\\/\\\/www.johannagullichsen.com\\\/fi\\\/uusi-liike-lasipalatsissa\\\/#primaryimage\"},\"image\":{\"@id\":\"https:\\\/\\\/www.johannagullichsen.com\\\/fi\\\/uusi-liike-lasipalatsissa\\\/#primaryimage\"},\"thumbnailUrl\":\"https:\\\/\\\/www.johannagullichsen.com\\\/wp-content\\\/uploads\\\/2021\\\/08\\\/Lasipalatsi.-Photo-Tuomas-Uusheimo-Amos-Rex-1-1024x533.jpg\",\"datePublished\":\"2021-08-25T12:08:04+00:00\",\"dateModified\":\"2022-03-11T12:23:41+00:00\",\"breadcrumb\":{\"@id\":\"https:\\\/\\\/www.johannagullichsen.com\\\/fi\\\/uusi-liike-lasipalatsissa\\\/#breadcrumb\"},\"inLanguage\":\"fi\",\"potentialAction\":[{\"@type\":\"ReadAction\",\"target\":[\"https:\\\/\\\/www.johannagullichsen.com\\\/fi\\\/uusi-liike-lasipalatsissa\\\/\"]}]},{\"@type\":\"ImageObject\",\"inLanguage\":\"fi\",\"@id\":\"https:\\\/\\\/www.johannagullichsen.com\\\/fi\\\/uusi-liike-lasipalatsissa\\\/#primaryimage\",\"url\":\"https:\\\/\\\/www.johannagullichsen.com\\\/wp-content\\\/uploads\\\/2021\\\/08\\\/Lasipalatsi.-Photo-Tuomas-Uusheimo-Amos-Rex-1-1024x533.jpg\",\"contentUrl\":\"https:\\\/\\\/www.johannagullichsen.com\\\/wp-content\\\/uploads\\\/2021\\\/08\\\/Lasipalatsi.-Photo-Tuomas-Uusheimo-Amos-Rex-1-1024x533.jpg\"},{\"@type\":\"BreadcrumbList\",\"@id\":\"https:\\\/\\\/www.johannagullichsen.com\\\/fi\\\/uusi-liike-lasipalatsissa\\\/#breadcrumb\",\"itemListElement\":[{\"@type\":\"ListItem\",\"position\":1,\"name\":\"Home\",\"item\":\"https:\\\/\\\/www.johannagullichsen.com\\\/fi\\\/\"},{\"@type\":\"ListItem\",\"position\":2,\"name\":\"Lasipalatsin liike\"}]},{\"@type\":\"WebSite\",\"@id\":\"https:\\\/\\\/www.johannagullichsen.com\\\/fi\\\/#website\",\"url\":\"https:\\\/\\\/www.johannagullichsen.com\\\/fi\\\/\",\"name\":\"Johanna Gullichsen\",\"description\":\"\",\"potentialAction\":[{\"@type\":\"SearchAction\",\"target\":{\"@type\":\"EntryPoint\",\"urlTemplate\":\"https:\\\/\\\/www.johannagullichsen.com\\\/fi\\\/?s={search_term_string}\"},\"query-input\":{\"@type\":\"PropertyValueSpecification\",\"valueRequired\":true,\"valueName\":\"search_term_string\"}}],\"inLanguage\":\"fi\"}]}<\/script>\n<!-- \/ Yoast SEO Premium plugin. -->","yoast_head_json":{"title":"Lasipalatsin liike - Johanna Gullichsen","robots":{"index":"index","follow":"follow","max-snippet":"max-snippet:-1","max-image-preview":"max-image-preview:large","max-video-preview":"max-video-preview:-1"},"canonical":"https:\/\/www.johannagullichsen.com\/fi\/uusi-liike-lasipalatsissa\/","og_locale":"fi_FI","og_type":"article","og_title":"Lasipalatsin liike","og_description":"Kaupungin sykkeess\u00e4, Helsingin syd\u00e4mess\u00e4. Raitiovaunjen kiskojen kolina, museot, linja-autoasema, kauppakeskukset ja kaupungin syke. Ne kaikki luovat tunnelmaa Johanna Gullichsenin uuteen liikkeeseen Lasipalatsissa. Haluammekin palvella entist\u00e4 paremmin muun muassa niit\u00e4 helsinkil\u00e4isi\u00e4,&hellip;","og_url":"https:\/\/www.johannagullichsen.com\/fi\/uusi-liike-lasipalatsissa\/","og_site_name":"Johanna Gullichsen","article_modified_time":"2022-03-11T12:23:41+00:00","og_image":[{"url":"https:\/\/www.johannagullichsen.com\/wp-content\/uploads\/2021\/08\/Lasipalatsi.-Photo-Tuomas-Uusheimo-Amos-Rex-1-1024x533.jpg","type":"","width":"","height":""}],"twitter_card":"summary_large_image","twitter_misc":{"Arvioitu lukuaika":"2 minuuttia"},"schema":{"@context":"https:\/\/schema.org","@graph":[{"@type":"WebPage","@id":"https:\/\/www.johannagullichsen.com\/fi\/uusi-liike-lasipalatsissa\/","url":"https:\/\/www.johannagullichsen.com\/fi\/uusi-liike-lasipalatsissa\/","name":"Lasipalatsin liike - Johanna Gullichsen","isPartOf":{"@id":"https:\/\/www.johannagullichsen.com\/fi\/#website"},"primaryImageOfPage":{"@id":"https:\/\/www.johannagullichsen.com\/fi\/uusi-liike-lasipalatsissa\/#primaryimage"},"image":{"@id":"https:\/\/www.johannagullichsen.com\/fi\/uusi-liike-lasipalatsissa\/#primaryimage"},"thumbnailUrl":"https:\/\/www.johannagullichsen.com\/wp-content\/uploads\/2021\/08\/Lasipalatsi.-Photo-Tuomas-Uusheimo-Amos-Rex-1-1024x533.jpg","datePublished":"2021-08-25T12:08:04+00:00","dateModified":"2022-03-11T12:23:41+00:00","breadcrumb":{"@id":"https:\/\/www.johannagullichsen.com\/fi\/uusi-liike-lasipalatsissa\/#breadcrumb"},"inLanguage":"fi","potentialAction":[{"@type":"ReadAction","target":["https:\/\/www.johannagullichsen.com\/fi\/uusi-liike-lasipalatsissa\/"]}]},{"@type":"ImageObject","inLanguage":"fi","@id":"https:\/\/www.johannagullichsen.com\/fi\/uusi-liike-lasipalatsissa\/#primaryimage","url":"https:\/\/www.johannagullichsen.com\/wp-content\/uploads\/2021\/08\/Lasipalatsi.-Photo-Tuomas-Uusheimo-Amos-Rex-1-1024x533.jpg","contentUrl":"https:\/\/www.johannagullichsen.com\/wp-content\/uploads\/2021\/08\/Lasipalatsi.-Photo-Tuomas-Uusheimo-Amos-Rex-1-1024x533.jpg"},{"@type":"BreadcrumbList","@id":"https:\/\/www.johannagullichsen.com\/fi\/uusi-liike-lasipalatsissa\/#breadcrumb","itemListElement":[{"@type":"ListItem","position":1,"name":"Home","item":"https:\/\/www.johannagullichsen.com\/fi\/"},{"@type":"ListItem","position":2,"name":"Lasipalatsin liike"}]},{"@type":"WebSite","@id":"https:\/\/www.johannagullichsen.com\/fi\/#website","url":"https:\/\/www.johannagullichsen.com\/fi\/","name":"Johanna Gullichsen","description":"","potentialAction":[{"@type":"SearchAction","target":{"@type":"EntryPoint","urlTemplate":"https:\/\/www.johannagullichsen.com\/fi\/?s={search_term_string}"},"query-input":{"@type":"PropertyValueSpecification","valueRequired":true,"valueName":"search_term_string"}}],"inLanguage":"fi"}]}},"_links":{"self":[{"href":"https:\/\/www.johannagullichsen.com\/fi\/wp-json\/wp\/v2\/pages\/12523","targetHints":{"allow":["GET"]}}],"collection":[{"href":"https:\/\/www.johannagullichsen.com\/fi\/wp-json\/wp\/v2\/pages"}],"about":[{"href":"https:\/\/www.johannagullichsen.com\/fi\/wp-json\/wp\/v2\/types\/page"}],"author":[{"embeddable":true,"href":"https:\/\/www.johannagullichsen.com\/fi\/wp-json\/wp\/v2\/users\/4"}],"replies":[{"embeddable":true,"href":"https:\/\/www.johannagullichsen.com\/fi\/wp-json\/wp\/v2\/comments?post=12523"}],"version-history":[{"count":19,"href":"https:\/\/www.johannagullichsen.com\/fi\/wp-json\/wp\/v2\/pages\/12523\/revisions"}],"predecessor-version":[{"id":14289,"href":"https:\/\/www.johannagullichsen.com\/fi\/wp-json\/wp\/v2\/pages\/12523\/revisions\/14289"}],"wp:attachment":[{"href":"https:\/\/www.johannagullichsen.com\/fi\/wp-json\/wp\/v2\/media?parent=12523"}],"curies":[{"name":"wp","href":"https:\/\/api.w.org\/{rel}","templated":true}]}}