{"id":13691,"date":"2025-09-23T11:46:51","date_gmt":"2025-09-23T08:46:51","guid":{"rendered":"https:\/\/www.johannagullichsen.com\/?page_id=13691"},"modified":"2025-09-23T12:23:04","modified_gmt":"2025-09-23T09:23:04","slug":"mallitilkku-on-suunnittelijan-paras-ystava","status":"publish","type":"page","link":"https:\/\/www.johannagullichsen.com\/fi\/mallitilkku-on-suunnittelijan-paras-ystava\/","title":{"rendered":"Mallitilkku on suunnittelijan paras yst\u00e4v\u00e4"},"content":{"rendered":"<p>Sisustusvalintojen tekeminen on ihanan kutkuttavaa;\u00a0millainen onkaan uusi p\u00e4iv\u00e4peittoni tai sohvani verhoilu? Toisinaan valintojen tekeminen on my\u00f6s vaikeaa. Onko s\u00e4vy ja laatu nyt varmasti oikeat? Tuoko juuri t\u00e4m\u00e4 v\u00e4ri kauniisti esiin rakkaan maalaukseni tunnelman?\u00a0\u00a0Vai tuleeko verhoiltavasta sohvasta huoneen keskipiste, joka m\u00e4\u00e4ritt\u00e4\u00e4 seinien s\u00e4vyn?<a href=\"https:\/\/www.johannagullichsen.com\/wp-content\/uploads\/2021\/11\/Johanna-Gullichseen-Fabriic-sample-picture.jpg\"><img loading=\"lazy\" decoding=\"async\" class=\"alignnone size-full wp-image-13715\" src=\"https:\/\/www.johannagullichsen.com\/wp-content\/uploads\/2021\/11\/Johanna-Gullichseen-Fabriic-sample-picture.jpg\" alt=\"\" width=\"1920\" height=\"1883\" srcset=\"https:\/\/www.johannagullichsen.com\/wp-content\/uploads\/2021\/11\/Johanna-Gullichseen-Fabriic-sample-picture.jpg 1920w, https:\/\/www.johannagullichsen.com\/wp-content\/uploads\/2021\/11\/Johanna-Gullichseen-Fabriic-sample-picture-1260x1236.jpg 1260w, https:\/\/www.johannagullichsen.com\/wp-content\/uploads\/2021\/11\/Johanna-Gullichseen-Fabriic-sample-picture-300x294.jpg 300w, https:\/\/www.johannagullichsen.com\/wp-content\/uploads\/2021\/11\/Johanna-Gullichseen-Fabriic-sample-picture-1024x1004.jpg 1024w, https:\/\/www.johannagullichsen.com\/wp-content\/uploads\/2021\/11\/Johanna-Gullichseen-Fabriic-sample-picture-768x753.jpg 768w, https:\/\/www.johannagullichsen.com\/wp-content\/uploads\/2021\/11\/Johanna-Gullichseen-Fabriic-sample-picture-1536x1506.jpg 1536w\" sizes=\"auto, (max-width: 1920px) 100vw, 1920px\" \/><\/a><\/p>\n<p>V\u00e4rien ja kuosien valintaan vaikuttavat kodin tunnelma, valot ja varjot, olemassa olevat huonekalut sek\u00e4 pintojen materiaalit. Siksi valintaa on toisinaan mahdotonta tehd\u00e4 verkossa tai edes kivijalkaliikkeess\u00e4. Jos taas kyseess\u00e4 on uusi kohde tai tilan kokonaisvaltainen remontti, on materiaaleja ja v\u00e4rej\u00e4 sommitteltava mallipalojen ja ideataulujen avulla.<\/p>\n<p>Mallitilkut auttavat my\u00f6s tekem\u00e4\u00e4n rohkeampia valintoja. Kun kankaan laadusta ja v\u00e4rist\u00e4 voi olla varma, ei ole pakko tyyty\u00e4 tuttuun ja turvalliseen ennalta-arvattavaan vaihtoehtoon.<\/p>\n<p>Tekstiilit luovat l\u00e4mp\u00f6\u00e4 ja pehmeytt\u00e4 sisutukseen. Sisustusmateriaaleista juuri tekstiilit ovat meit\u00e4 kaikista l\u00e4himp\u00e4n\u00e4. On ihanaa kietoutua filttiin ja nojata p\u00e4\u00e4 tyynyyn. Nojatuolissa tai sohvalla istuen voi helposti vier\u00e4ht\u00e4\u00e4 tunteja samoin kuin s\u00e4ngyll\u00e4 p\u00e4iv\u00e4peiton p\u00e4\u00e4ll\u00e4 lueskellessa. Tekstiilien materiaalien tunnulla ja laadulla on meille erityisen suuri merkitys, onneksi mallitilkulla voit varmistaa laadunkin.<\/p>\n<p>Olipa sitten kyseess\u00e4 uusi tai vanha kohde, mallitilkku on mainio suunnittelun ty\u00f6kalu.\u00a0<a href=\"https:\/\/www.johannagullichsen.com\/fi\/mallisto\/normandie-2\/\">Normandie<\/a>&#8211; ja\u00a0<a href=\"https:\/\/www.johannagullichsen.com\/fi\/mallisto\/contract-2\/\">Contract-<\/a>mallistojemme mallitilkut ovat nyt tilattavissa verkkosivuiltamme, jokaisen kankaan kohdalta linkist\u00e4 \u201dtilaa mallitilkku t\u00e4\u00e4lt\u00e4.\u201d<\/p>\n<p><a href=\"https:\/\/www.johannagullichsen.com\/wp-content\/uploads\/2021\/11\/Johanna-Gullichsen-fabric-samples-warm-reds-and-browns-www.jpg\"><img loading=\"lazy\" decoding=\"async\" class=\"alignnone size-full wp-image-13692\" src=\"https:\/\/www.johannagullichsen.com\/wp-content\/uploads\/2021\/11\/Johanna-Gullichsen-fabric-samples-warm-reds-and-browns-www.jpg\" alt=\"\" width=\"1920\" height=\"1000\" srcset=\"https:\/\/www.johannagullichsen.com\/wp-content\/uploads\/2021\/11\/Johanna-Gullichsen-fabric-samples-warm-reds-and-browns-www.jpg 1920w, https:\/\/www.johannagullichsen.com\/wp-content\/uploads\/2021\/11\/Johanna-Gullichsen-fabric-samples-warm-reds-and-browns-www-1260x656.jpg 1260w, https:\/\/www.johannagullichsen.com\/wp-content\/uploads\/2021\/11\/Johanna-Gullichsen-fabric-samples-warm-reds-and-browns-www-300x156.jpg 300w, https:\/\/www.johannagullichsen.com\/wp-content\/uploads\/2021\/11\/Johanna-Gullichsen-fabric-samples-warm-reds-and-browns-www-1024x533.jpg 1024w, https:\/\/www.johannagullichsen.com\/wp-content\/uploads\/2021\/11\/Johanna-Gullichsen-fabric-samples-warm-reds-and-browns-www-768x400.jpg 768w, https:\/\/www.johannagullichsen.com\/wp-content\/uploads\/2021\/11\/Johanna-Gullichsen-fabric-samples-warm-reds-and-browns-www-1536x800.jpg 1536w\" sizes=\"auto, (max-width: 1920px) 100vw, 1920px\" \/><\/a><\/p>\n<p>&nbsp;<\/p>\n","protected":false},"excerpt":{"rendered":"<p>Sisustusvalintojen tekeminen on ihanan kutkuttavaa;\u00a0millainen onkaan uusi p\u00e4iv\u00e4peittoni tai sohvani verhoilu? Toisinaan valintojen tekeminen on my\u00f6s vaikeaa. Onko s\u00e4vy ja laatu nyt varmasti oikeat? Tuoko juuri t\u00e4m\u00e4 v\u00e4ri kauniisti esiin&hellip;<\/p>\n","protected":false},"author":4,"featured_media":0,"parent":0,"menu_order":0,"comment_status":"closed","ping_status":"closed","template":"","meta":{"_acf_changed":false,"footnotes":""},"class_list":["post-13691","page","type-page","status-publish","hentry"],"acf":[],"yoast_head":"<!-- This site is optimized with the Yoast SEO Premium plugin v27.2 (Yoast SEO v27.5) - https:\/\/yoast.com\/product\/yoast-seo-premium-wordpress\/ -->\n<title>Mallitilkku on suunnittelijan paras yst\u00e4v\u00e4 - Johanna Gullichsen<\/title>\n<meta name=\"robots\" content=\"index, follow, max-snippet:-1, max-image-preview:large, max-video-preview:-1\" \/>\n<link rel=\"canonical\" href=\"https:\/\/www.johannagullichsen.com\/fi\/mallitilkku-on-suunnittelijan-paras-ystava\/\" \/>\n<meta property=\"og:locale\" content=\"fi_FI\" \/>\n<meta property=\"og:type\" content=\"article\" \/>\n<meta property=\"og:title\" content=\"Mallitilkku on suunnittelijan paras yst\u00e4v\u00e4\" \/>\n<meta property=\"og:description\" content=\"Sisustusvalintojen tekeminen on ihanan kutkuttavaa;\u00a0millainen onkaan uusi p\u00e4iv\u00e4peittoni tai sohvani verhoilu? Toisinaan valintojen tekeminen on my\u00f6s vaikeaa. Onko s\u00e4vy ja laatu nyt varmasti oikeat? Tuoko juuri t\u00e4m\u00e4 v\u00e4ri kauniisti esiin&hellip;\" \/>\n<meta property=\"og:url\" content=\"https:\/\/www.johannagullichsen.com\/fi\/mallitilkku-on-suunnittelijan-paras-ystava\/\" \/>\n<meta property=\"og:site_name\" content=\"Johanna Gullichsen\" \/>\n<meta property=\"article:modified_time\" content=\"2025-09-23T09:23:04+00:00\" \/>\n<meta property=\"og:image\" content=\"https:\/\/www.johannagullichsen.com\/wp-content\/uploads\/2021\/11\/Johanna-Gullichseen-Fabriic-sample-picture-1024x1004.jpg\" \/>\n\t<meta property=\"og:image:width\" content=\"1024\" \/>\n\t<meta property=\"og:image:height\" content=\"1004\" \/>\n\t<meta property=\"og:image:type\" content=\"image\/jpeg\" \/>\n<meta name=\"twitter:card\" content=\"summary_large_image\" \/>\n<meta name=\"twitter:label1\" content=\"Arvioitu lukuaika\" \/>\n\t<meta name=\"twitter:data1\" content=\"2 minuuttia\" \/>\n<script type=\"application\/ld+json\" class=\"yoast-schema-graph\">{\"@context\":\"https:\\\/\\\/schema.org\",\"@graph\":[{\"@type\":\"WebPage\",\"@id\":\"https:\\\/\\\/www.johannagullichsen.com\\\/fi\\\/mallitilkku-on-suunnittelijan-paras-ystava\\\/\",\"url\":\"https:\\\/\\\/www.johannagullichsen.com\\\/fi\\\/mallitilkku-on-suunnittelijan-paras-ystava\\\/\",\"name\":\"Mallitilkku on suunnittelijan paras yst\u00e4v\u00e4 - Johanna Gullichsen\",\"isPartOf\":{\"@id\":\"https:\\\/\\\/www.johannagullichsen.com\\\/fi\\\/#website\"},\"primaryImageOfPage\":{\"@id\":\"https:\\\/\\\/www.johannagullichsen.com\\\/fi\\\/mallitilkku-on-suunnittelijan-paras-ystava\\\/#primaryimage\"},\"image\":{\"@id\":\"https:\\\/\\\/www.johannagullichsen.com\\\/fi\\\/mallitilkku-on-suunnittelijan-paras-ystava\\\/#primaryimage\"},\"thumbnailUrl\":\"https:\\\/\\\/www.johannagullichsen.com\\\/wp-content\\\/uploads\\\/2021\\\/11\\\/Johanna-Gullichseen-Fabriic-sample-picture.jpg\",\"datePublished\":\"2025-09-23T08:46:51+00:00\",\"dateModified\":\"2025-09-23T09:23:04+00:00\",\"breadcrumb\":{\"@id\":\"https:\\\/\\\/www.johannagullichsen.com\\\/fi\\\/mallitilkku-on-suunnittelijan-paras-ystava\\\/#breadcrumb\"},\"inLanguage\":\"fi\",\"potentialAction\":[{\"@type\":\"ReadAction\",\"target\":[\"https:\\\/\\\/www.johannagullichsen.com\\\/fi\\\/mallitilkku-on-suunnittelijan-paras-ystava\\\/\"]}]},{\"@type\":\"ImageObject\",\"inLanguage\":\"fi\",\"@id\":\"https:\\\/\\\/www.johannagullichsen.com\\\/fi\\\/mallitilkku-on-suunnittelijan-paras-ystava\\\/#primaryimage\",\"url\":\"https:\\\/\\\/www.johannagullichsen.com\\\/wp-content\\\/uploads\\\/2021\\\/11\\\/Johanna-Gullichseen-Fabriic-sample-picture.jpg\",\"contentUrl\":\"https:\\\/\\\/www.johannagullichsen.com\\\/wp-content\\\/uploads\\\/2021\\\/11\\\/Johanna-Gullichseen-Fabriic-sample-picture.jpg\"},{\"@type\":\"BreadcrumbList\",\"@id\":\"https:\\\/\\\/www.johannagullichsen.com\\\/fi\\\/mallitilkku-on-suunnittelijan-paras-ystava\\\/#breadcrumb\",\"itemListElement\":[{\"@type\":\"ListItem\",\"position\":1,\"name\":\"Home\",\"item\":\"https:\\\/\\\/www.johannagullichsen.com\\\/fi\\\/\"},{\"@type\":\"ListItem\",\"position\":2,\"name\":\"Mallitilkku on suunnittelijan paras yst\u00e4v\u00e4\"}]},{\"@type\":\"WebSite\",\"@id\":\"https:\\\/\\\/www.johannagullichsen.com\\\/fi\\\/#website\",\"url\":\"https:\\\/\\\/www.johannagullichsen.com\\\/fi\\\/\",\"name\":\"Johanna Gullichsen\",\"description\":\"\",\"potentialAction\":[{\"@type\":\"SearchAction\",\"target\":{\"@type\":\"EntryPoint\",\"urlTemplate\":\"https:\\\/\\\/www.johannagullichsen.com\\\/fi\\\/?s={search_term_string}\"},\"query-input\":{\"@type\":\"PropertyValueSpecification\",\"valueRequired\":true,\"valueName\":\"search_term_string\"}}],\"inLanguage\":\"fi\"}]}<\/script>\n<!-- \/ Yoast SEO Premium plugin. -->","yoast_head_json":{"title":"Mallitilkku on suunnittelijan paras yst\u00e4v\u00e4 - Johanna Gullichsen","robots":{"index":"index","follow":"follow","max-snippet":"max-snippet:-1","max-image-preview":"max-image-preview:large","max-video-preview":"max-video-preview:-1"},"canonical":"https:\/\/www.johannagullichsen.com\/fi\/mallitilkku-on-suunnittelijan-paras-ystava\/","og_locale":"fi_FI","og_type":"article","og_title":"Mallitilkku on suunnittelijan paras yst\u00e4v\u00e4","og_description":"Sisustusvalintojen tekeminen on ihanan kutkuttavaa;\u00a0millainen onkaan uusi p\u00e4iv\u00e4peittoni tai sohvani verhoilu? Toisinaan valintojen tekeminen on my\u00f6s vaikeaa. Onko s\u00e4vy ja laatu nyt varmasti oikeat? Tuoko juuri t\u00e4m\u00e4 v\u00e4ri kauniisti esiin&hellip;","og_url":"https:\/\/www.johannagullichsen.com\/fi\/mallitilkku-on-suunnittelijan-paras-ystava\/","og_site_name":"Johanna Gullichsen","article_modified_time":"2025-09-23T09:23:04+00:00","og_image":[{"width":1024,"height":1004,"url":"https:\/\/www.johannagullichsen.com\/wp-content\/uploads\/2021\/11\/Johanna-Gullichseen-Fabriic-sample-picture-1024x1004.jpg","type":"image\/jpeg"}],"twitter_card":"summary_large_image","twitter_misc":{"Arvioitu lukuaika":"2 minuuttia"},"schema":{"@context":"https:\/\/schema.org","@graph":[{"@type":"WebPage","@id":"https:\/\/www.johannagullichsen.com\/fi\/mallitilkku-on-suunnittelijan-paras-ystava\/","url":"https:\/\/www.johannagullichsen.com\/fi\/mallitilkku-on-suunnittelijan-paras-ystava\/","name":"Mallitilkku on suunnittelijan paras yst\u00e4v\u00e4 - Johanna Gullichsen","isPartOf":{"@id":"https:\/\/www.johannagullichsen.com\/fi\/#website"},"primaryImageOfPage":{"@id":"https:\/\/www.johannagullichsen.com\/fi\/mallitilkku-on-suunnittelijan-paras-ystava\/#primaryimage"},"image":{"@id":"https:\/\/www.johannagullichsen.com\/fi\/mallitilkku-on-suunnittelijan-paras-ystava\/#primaryimage"},"thumbnailUrl":"https:\/\/www.johannagullichsen.com\/wp-content\/uploads\/2021\/11\/Johanna-Gullichseen-Fabriic-sample-picture.jpg","datePublished":"2025-09-23T08:46:51+00:00","dateModified":"2025-09-23T09:23:04+00:00","breadcrumb":{"@id":"https:\/\/www.johannagullichsen.com\/fi\/mallitilkku-on-suunnittelijan-paras-ystava\/#breadcrumb"},"inLanguage":"fi","potentialAction":[{"@type":"ReadAction","target":["https:\/\/www.johannagullichsen.com\/fi\/mallitilkku-on-suunnittelijan-paras-ystava\/"]}]},{"@type":"ImageObject","inLanguage":"fi","@id":"https:\/\/www.johannagullichsen.com\/fi\/mallitilkku-on-suunnittelijan-paras-ystava\/#primaryimage","url":"https:\/\/www.johannagullichsen.com\/wp-content\/uploads\/2021\/11\/Johanna-Gullichseen-Fabriic-sample-picture.jpg","contentUrl":"https:\/\/www.johannagullichsen.com\/wp-content\/uploads\/2021\/11\/Johanna-Gullichseen-Fabriic-sample-picture.jpg"},{"@type":"BreadcrumbList","@id":"https:\/\/www.johannagullichsen.com\/fi\/mallitilkku-on-suunnittelijan-paras-ystava\/#breadcrumb","itemListElement":[{"@type":"ListItem","position":1,"name":"Home","item":"https:\/\/www.johannagullichsen.com\/fi\/"},{"@type":"ListItem","position":2,"name":"Mallitilkku on suunnittelijan paras yst\u00e4v\u00e4"}]},{"@type":"WebSite","@id":"https:\/\/www.johannagullichsen.com\/fi\/#website","url":"https:\/\/www.johannagullichsen.com\/fi\/","name":"Johanna Gullichsen","description":"","potentialAction":[{"@type":"SearchAction","target":{"@type":"EntryPoint","urlTemplate":"https:\/\/www.johannagullichsen.com\/fi\/?s={search_term_string}"},"query-input":{"@type":"PropertyValueSpecification","valueRequired":true,"valueName":"search_term_string"}}],"inLanguage":"fi"}]}},"_links":{"self":[{"href":"https:\/\/www.johannagullichsen.com\/fi\/wp-json\/wp\/v2\/pages\/13691","targetHints":{"allow":["GET"]}}],"collection":[{"href":"https:\/\/www.johannagullichsen.com\/fi\/wp-json\/wp\/v2\/pages"}],"about":[{"href":"https:\/\/www.johannagullichsen.com\/fi\/wp-json\/wp\/v2\/types\/page"}],"author":[{"embeddable":true,"href":"https:\/\/www.johannagullichsen.com\/fi\/wp-json\/wp\/v2\/users\/4"}],"replies":[{"embeddable":true,"href":"https:\/\/www.johannagullichsen.com\/fi\/wp-json\/wp\/v2\/comments?post=13691"}],"version-history":[{"count":14,"href":"https:\/\/www.johannagullichsen.com\/fi\/wp-json\/wp\/v2\/pages\/13691\/revisions"}],"predecessor-version":[{"id":13735,"href":"https:\/\/www.johannagullichsen.com\/fi\/wp-json\/wp\/v2\/pages\/13691\/revisions\/13735"}],"wp:attachment":[{"href":"https:\/\/www.johannagullichsen.com\/fi\/wp-json\/wp\/v2\/media?parent=13691"}],"curies":[{"name":"wp","href":"https:\/\/api.w.org\/{rel}","templated":true}]}}