{"id":238,"date":"2019-06-05T08:33:29","date_gmt":"2019-06-05T05:33:29","guid":{"rendered":"https:\/\/www.johannagullichsen.com\/front-page\/"},"modified":"2026-04-20T09:50:18","modified_gmt":"2026-04-20T06:50:18","slug":"front-page","status":"publish","type":"page","link":"https:\/\/www.johannagullichsen.com\/fi\/","title":{"rendered":"Suomalainen designyritys"},"content":{"rendered":"<h1>Makuuhuoneen levollinen tunnelma<\/h1>\n<p>Viimeistele tyyli laadukkailla p\u00e4iv\u00e4peitoilla, s\u00e4ngynp\u00e4\u00e4dyill\u00e4 ja tyynyill\u00e4.<\/p>\n<h2 class=\"mc-toc-title\"><\/h2>\n","protected":false},"excerpt":{"rendered":"<p>Makuuhuoneen levollinen tunnelma Viimeistele tyyli laadukkailla p\u00e4iv\u00e4peitoilla, s\u00e4ngynp\u00e4\u00e4dyill\u00e4 ja tyynyill\u00e4.<\/p>\n","protected":false},"author":1,"featured_media":31155,"parent":0,"menu_order":0,"comment_status":"closed","ping_status":"open","template":"","meta":{"_acf_changed":false,"footnotes":""},"class_list":["post-238","page","type-page","status-publish","has-post-thumbnail","hentry"],"acf":[],"yoast_head":"<!-- This site is optimized with the Yoast SEO Premium plugin v27.2 (Yoast SEO v27.2) - https:\/\/yoast.com\/product\/yoast-seo-premium-wordpress\/ -->\n<title>Suomalainen designyritys - Johanna Gullichsen<\/title>\n<meta name=\"description\" content=\"Suomalainen designyritys, jonka klassikkokuosit ovat Johanna Gullichsenin suunnittelmia. Kankaat, matot, tyynyt, p\u00e4iv\u00e4peitot, laukut yms.\" \/>\n<meta name=\"robots\" content=\"index, follow, max-snippet:-1, max-image-preview:large, max-video-preview:-1\" \/>\n<link rel=\"canonical\" href=\"https:\/\/www.johannagullichsen.com\/fi\/\" \/>\n<meta property=\"og:locale\" content=\"fi_FI\" \/>\n<meta property=\"og:type\" content=\"article\" \/>\n<meta property=\"og:title\" content=\"Suomalainen designyritys\" \/>\n<meta property=\"og:description\" content=\"Suomalainen designyritys, jonka klassikkokuosit ovat Johanna Gullichsenin suunnittelmia. Kankaat, matot, tyynyt, p\u00e4iv\u00e4peitot, laukut yms.\" \/>\n<meta property=\"og:url\" content=\"https:\/\/www.johannagullichsen.com\/fi\/\" \/>\n<meta property=\"og:site_name\" content=\"Johanna Gullichsen\" \/>\n<meta property=\"article:modified_time\" content=\"2026-04-20T06:50:18+00:00\" \/>\n<meta property=\"og:image\" content=\"https:\/\/www.johannagullichsen.com\/wp-content\/uploads\/2026\/04\/Johanna-Gullichsen-bedspread-Tithonus-blue-front.jpg\" \/>\n\t<meta property=\"og:image:width\" content=\"1920\" \/>\n\t<meta property=\"og:image:height\" content=\"1000\" \/>\n\t<meta property=\"og:image:type\" content=\"image\/jpeg\" \/>\n<meta name=\"twitter:card\" content=\"summary_large_image\" \/>\n<meta name=\"twitter:label1\" content=\"Arvioitu lukuaika\" \/>\n\t<meta name=\"twitter:data1\" content=\"1 minuutti\" \/>\n<script type=\"application\/ld+json\" class=\"yoast-schema-graph\">{\"@context\":\"https:\/\/schema.org\",\"@graph\":[{\"@type\":\"WebPage\",\"@id\":\"https:\/\/www.johannagullichsen.com\/fi\/\",\"url\":\"https:\/\/www.johannagullichsen.com\/fi\/\",\"name\":\"Suomalainen designyritys - Johanna Gullichsen\",\"isPartOf\":{\"@id\":\"https:\/\/www.johannagullichsen.com\/fi\/#website\"},\"primaryImageOfPage\":{\"@id\":\"https:\/\/www.johannagullichsen.com\/fi\/#primaryimage\"},\"image\":{\"@id\":\"https:\/\/www.johannagullichsen.com\/fi\/#primaryimage\"},\"thumbnailUrl\":\"https:\/\/www.johannagullichsen.com\/wp-content\/uploads\/2026\/04\/Johanna-Gullichsen-bedspread-Tithonus-blue-front.jpg\",\"datePublished\":\"2019-06-05T05:33:29+00:00\",\"dateModified\":\"2026-04-20T06:50:18+00:00\",\"description\":\"Suomalainen designyritys, jonka klassikkokuosit ovat Johanna Gullichsenin suunnittelmia. Kankaat, matot, tyynyt, p\u00e4iv\u00e4peitot, laukut yms.\",\"breadcrumb\":{\"@id\":\"https:\/\/www.johannagullichsen.com\/fi\/#breadcrumb\"},\"inLanguage\":\"fi\",\"potentialAction\":[{\"@type\":\"ReadAction\",\"target\":[\"https:\/\/www.johannagullichsen.com\/fi\/\"]}]},{\"@type\":\"ImageObject\",\"inLanguage\":\"fi\",\"@id\":\"https:\/\/www.johannagullichsen.com\/fi\/#primaryimage\",\"url\":\"https:\/\/www.johannagullichsen.com\/wp-content\/uploads\/2026\/04\/Johanna-Gullichsen-bedspread-Tithonus-blue-front.jpg\",\"contentUrl\":\"https:\/\/www.johannagullichsen.com\/wp-content\/uploads\/2026\/04\/Johanna-Gullichsen-bedspread-Tithonus-blue-front.jpg\",\"width\":1920,\"height\":1000},{\"@type\":\"BreadcrumbList\",\"@id\":\"https:\/\/www.johannagullichsen.com\/fi\/#breadcrumb\",\"itemListElement\":[{\"@type\":\"ListItem\",\"position\":1,\"name\":\"Home\",\"item\":\"https:\/\/www.johannagullichsen.com\/fi\/\"},{\"@type\":\"ListItem\",\"position\":2,\"name\":\"Suomalainen designyritys\"}]},{\"@type\":\"WebSite\",\"@id\":\"https:\/\/www.johannagullichsen.com\/fi\/#website\",\"url\":\"https:\/\/www.johannagullichsen.com\/fi\/\",\"name\":\"Johanna Gullichsen\",\"description\":\"\",\"potentialAction\":[{\"@type\":\"SearchAction\",\"target\":{\"@type\":\"EntryPoint\",\"urlTemplate\":\"https:\/\/www.johannagullichsen.com\/fi\/?s={search_term_string}\"},\"query-input\":{\"@type\":\"PropertyValueSpecification\",\"valueRequired\":true,\"valueName\":\"search_term_string\"}}],\"inLanguage\":\"fi\"}]}<\/script>\n<!-- \/ Yoast SEO Premium plugin. -->","yoast_head_json":{"title":"Suomalainen designyritys - Johanna Gullichsen","description":"Suomalainen designyritys, jonka klassikkokuosit ovat Johanna Gullichsenin suunnittelmia. Kankaat, matot, tyynyt, p\u00e4iv\u00e4peitot, laukut yms.","robots":{"index":"index","follow":"follow","max-snippet":"max-snippet:-1","max-image-preview":"max-image-preview:large","max-video-preview":"max-video-preview:-1"},"canonical":"https:\/\/www.johannagullichsen.com\/fi\/","og_locale":"fi_FI","og_type":"article","og_title":"Suomalainen designyritys","og_description":"Suomalainen designyritys, jonka klassikkokuosit ovat Johanna Gullichsenin suunnittelmia. Kankaat, matot, tyynyt, p\u00e4iv\u00e4peitot, laukut yms.","og_url":"https:\/\/www.johannagullichsen.com\/fi\/","og_site_name":"Johanna Gullichsen","article_modified_time":"2026-04-20T06:50:18+00:00","og_image":[{"width":1920,"height":1000,"url":"https:\/\/www.johannagullichsen.com\/wp-content\/uploads\/2026\/04\/Johanna-Gullichsen-bedspread-Tithonus-blue-front.jpg","type":"image\/jpeg"}],"twitter_card":"summary_large_image","twitter_misc":{"Arvioitu lukuaika":"1 minuutti"},"schema":{"@context":"https:\/\/schema.org","@graph":[{"@type":"WebPage","@id":"https:\/\/www.johannagullichsen.com\/fi\/","url":"https:\/\/www.johannagullichsen.com\/fi\/","name":"Suomalainen designyritys - Johanna Gullichsen","isPartOf":{"@id":"https:\/\/www.johannagullichsen.com\/fi\/#website"},"primaryImageOfPage":{"@id":"https:\/\/www.johannagullichsen.com\/fi\/#primaryimage"},"image":{"@id":"https:\/\/www.johannagullichsen.com\/fi\/#primaryimage"},"thumbnailUrl":"https:\/\/www.johannagullichsen.com\/wp-content\/uploads\/2026\/04\/Johanna-Gullichsen-bedspread-Tithonus-blue-front.jpg","datePublished":"2019-06-05T05:33:29+00:00","dateModified":"2026-04-20T06:50:18+00:00","description":"Suomalainen designyritys, jonka klassikkokuosit ovat Johanna Gullichsenin suunnittelmia. Kankaat, matot, tyynyt, p\u00e4iv\u00e4peitot, laukut yms.","breadcrumb":{"@id":"https:\/\/www.johannagullichsen.com\/fi\/#breadcrumb"},"inLanguage":"fi","potentialAction":[{"@type":"ReadAction","target":["https:\/\/www.johannagullichsen.com\/fi\/"]}]},{"@type":"ImageObject","inLanguage":"fi","@id":"https:\/\/www.johannagullichsen.com\/fi\/#primaryimage","url":"https:\/\/www.johannagullichsen.com\/wp-content\/uploads\/2026\/04\/Johanna-Gullichsen-bedspread-Tithonus-blue-front.jpg","contentUrl":"https:\/\/www.johannagullichsen.com\/wp-content\/uploads\/2026\/04\/Johanna-Gullichsen-bedspread-Tithonus-blue-front.jpg","width":1920,"height":1000},{"@type":"BreadcrumbList","@id":"https:\/\/www.johannagullichsen.com\/fi\/#breadcrumb","itemListElement":[{"@type":"ListItem","position":1,"name":"Home","item":"https:\/\/www.johannagullichsen.com\/fi\/"},{"@type":"ListItem","position":2,"name":"Suomalainen designyritys"}]},{"@type":"WebSite","@id":"https:\/\/www.johannagullichsen.com\/fi\/#website","url":"https:\/\/www.johannagullichsen.com\/fi\/","name":"Johanna Gullichsen","description":"","potentialAction":[{"@type":"SearchAction","target":{"@type":"EntryPoint","urlTemplate":"https:\/\/www.johannagullichsen.com\/fi\/?s={search_term_string}"},"query-input":{"@type":"PropertyValueSpecification","valueRequired":true,"valueName":"search_term_string"}}],"inLanguage":"fi"}]}},"_links":{"self":[{"href":"https:\/\/www.johannagullichsen.com\/fi\/wp-json\/wp\/v2\/pages\/238","targetHints":{"allow":["GET"]}}],"collection":[{"href":"https:\/\/www.johannagullichsen.com\/fi\/wp-json\/wp\/v2\/pages"}],"about":[{"href":"https:\/\/www.johannagullichsen.com\/fi\/wp-json\/wp\/v2\/types\/page"}],"author":[{"embeddable":true,"href":"https:\/\/www.johannagullichsen.com\/fi\/wp-json\/wp\/v2\/users\/1"}],"replies":[{"embeddable":true,"href":"https:\/\/www.johannagullichsen.com\/fi\/wp-json\/wp\/v2\/comments?post=238"}],"version-history":[{"count":108,"href":"https:\/\/www.johannagullichsen.com\/fi\/wp-json\/wp\/v2\/pages\/238\/revisions"}],"predecessor-version":[{"id":31515,"href":"https:\/\/www.johannagullichsen.com\/fi\/wp-json\/wp\/v2\/pages\/238\/revisions\/31515"}],"wp:featuredmedia":[{"embeddable":true,"href":"https:\/\/www.johannagullichsen.com\/fi\/wp-json\/wp\/v2\/media\/31155"}],"wp:attachment":[{"href":"https:\/\/www.johannagullichsen.com\/fi\/wp-json\/wp\/v2\/media?parent=238"}],"curies":[{"name":"wp","href":"https:\/\/api.w.org\/{rel}","templated":true}]}}