{"id":24720,"date":"2024-11-01T14:34:59","date_gmt":"2024-11-01T12:34:59","guid":{"rendered":"https:\/\/www.johannagullichsen.com\/?page_id=24720"},"modified":"2024-11-05T10:22:39","modified_gmt":"2024-11-05T08:22:39","slug":"taiteilija-sari-bremerin-tyohuoneella","status":"publish","type":"page","link":"https:\/\/www.johannagullichsen.com\/fi\/taiteilija-sari-bremerin-tyohuoneella\/","title":{"rendered":"Taiteilija Sari Bremerin ty\u00f6huoneella"},"content":{"rendered":"<p><a href=\"https:\/\/www.johannagullichsen.com\/wp-content\/uploads\/2024\/10\/Johanna-Gullichsen-Laptop-sleeve-Doris-black.jpg\"><img loading=\"lazy\" decoding=\"async\" class=\"aligncenter wp-image-24703 size-full\" src=\"https:\/\/www.johannagullichsen.com\/wp-content\/uploads\/2024\/10\/Johanna-Gullichsen-Laptop-sleeve-Doris-black.jpg\" alt=\"\" width=\"1020\" height=\"1020\" srcset=\"https:\/\/www.johannagullichsen.com\/wp-content\/uploads\/2024\/10\/Johanna-Gullichsen-Laptop-sleeve-Doris-black.jpg 1020w, https:\/\/www.johannagullichsen.com\/wp-content\/uploads\/2024\/10\/Johanna-Gullichsen-Laptop-sleeve-Doris-black-300x300.jpg 300w, https:\/\/www.johannagullichsen.com\/wp-content\/uploads\/2024\/10\/Johanna-Gullichsen-Laptop-sleeve-Doris-black-230x230.jpg 230w, https:\/\/www.johannagullichsen.com\/wp-content\/uploads\/2024\/10\/Johanna-Gullichsen-Laptop-sleeve-Doris-black-768x768.jpg 768w\" sizes=\"auto, (max-width: 1020px) 100vw, 1020px\" \/><\/a>Tunnelma taidegraafikko Sari Bremerin ty\u00f6huoneella on l\u00e4mmin. Siveltimi\u00e4, keskener\u00e4isi\u00e4 painolaattoja, kyni\u00e4, kirjoja ja essuja on siell\u00e4 t\u00e4\u00e4ll\u00e4, kaikki kuitenkin tarkassa j\u00e4rjestyksess\u00e4. Viherkasvit ovat vallanneet suuren ikkunan edustanja painopr\u00e4ssin muotokieli on kuin muistutus h\u00f6yrykoneiden ajalta. \u00a0P\u00f6yd\u00e4n pintaa suojaaville papereille roiskuneet sattumanvaraiset v\u00e4rikuviot ovat kauniita jo itsess\u00e4\u00e4n.<\/p>\n<p><a href=\"https:\/\/www.johannagullichsen.com\/wp-content\/uploads\/2024\/10\/Johanna-Gullichsen-Shopping-bag-Tilkku-black.jpg\"><img loading=\"lazy\" decoding=\"async\" class=\"aligncenter wp-image-24699 size-large\" src=\"https:\/\/www.johannagullichsen.com\/wp-content\/uploads\/2024\/10\/Johanna-Gullichsen-Shopping-bag-Tilkku-black-1024x1024.jpg\" alt=\"\" width=\"1024\" height=\"1024\" srcset=\"https:\/\/www.johannagullichsen.com\/wp-content\/uploads\/2024\/10\/Johanna-Gullichsen-Shopping-bag-Tilkku-black-1024x1024.jpg 1024w, https:\/\/www.johannagullichsen.com\/wp-content\/uploads\/2024\/10\/Johanna-Gullichsen-Shopping-bag-Tilkku-black-300x300.jpg 300w, https:\/\/www.johannagullichsen.com\/wp-content\/uploads\/2024\/10\/Johanna-Gullichsen-Shopping-bag-Tilkku-black-230x230.jpg 230w, https:\/\/www.johannagullichsen.com\/wp-content\/uploads\/2024\/10\/Johanna-Gullichsen-Shopping-bag-Tilkku-black-768x768.jpg 768w, https:\/\/www.johannagullichsen.com\/wp-content\/uploads\/2024\/10\/Johanna-Gullichsen-Shopping-bag-Tilkku-black.jpg 1080w\" sizes=\"auto, (max-width: 1024px) 100vw, 1024px\" \/><\/a><\/p>\n<p>Nautimme Bremerin ty\u00f6huoneen tunnelmasta er\u00e4\u00e4n\u00e4 sateisena lokakuun p\u00e4iv\u00e4n\u00e4, kuvatessamme siell\u00e4 tuotekuvia. Samalla saimme tutustua h\u00e4nen ty\u00f6skentelyyns\u00e4.<\/p>\n<p>\u201dPiirr\u00e4n kuvissani tutun ja tuntemattoman, maagisen realismin rajamailla. Kuvieni teemoissa punon yhteen luonnon kauneuden ja siell\u00e4 vaanivat vaarat.\u201d \u00a0Bremer kuvailee teoksiaan.<\/p>\n<p><a href=\"https:\/\/www.johannagullichsen.com\/wp-content\/uploads\/2024\/10\/Johanna-Gullichsen-baskets-and-Sari-Bremer-artwork-1.jpg\"><img loading=\"lazy\" decoding=\"async\" class=\"aligncenter wp-image-24695 size-large\" src=\"https:\/\/www.johannagullichsen.com\/wp-content\/uploads\/2024\/10\/Johanna-Gullichsen-baskets-and-Sari-Bremer-artwork-1-1024x768.jpg\" alt=\"\" width=\"1024\" height=\"768\" srcset=\"https:\/\/www.johannagullichsen.com\/wp-content\/uploads\/2024\/10\/Johanna-Gullichsen-baskets-and-Sari-Bremer-artwork-1-1024x768.jpg 1024w, https:\/\/www.johannagullichsen.com\/wp-content\/uploads\/2024\/10\/Johanna-Gullichsen-baskets-and-Sari-Bremer-artwork-1-866x650.jpg 866w, https:\/\/www.johannagullichsen.com\/wp-content\/uploads\/2024\/10\/Johanna-Gullichsen-baskets-and-Sari-Bremer-artwork-1-336x252.jpg 336w, https:\/\/www.johannagullichsen.com\/wp-content\/uploads\/2024\/10\/Johanna-Gullichsen-baskets-and-Sari-Bremer-artwork-1-1260x945.jpg 1260w, https:\/\/www.johannagullichsen.com\/wp-content\/uploads\/2024\/10\/Johanna-Gullichsen-baskets-and-Sari-Bremer-artwork-1-300x225.jpg 300w, https:\/\/www.johannagullichsen.com\/wp-content\/uploads\/2024\/10\/Johanna-Gullichsen-baskets-and-Sari-Bremer-artwork-1-768x576.jpg 768w, https:\/\/www.johannagullichsen.com\/wp-content\/uploads\/2024\/10\/Johanna-Gullichsen-baskets-and-Sari-Bremer-artwork-1-1536x1152.jpg 1536w, https:\/\/www.johannagullichsen.com\/wp-content\/uploads\/2024\/10\/Johanna-Gullichsen-baskets-and-Sari-Bremer-artwork-1.jpg 1600w\" sizes=\"auto, (max-width: 1024px) 100vw, 1024px\" \/><\/a><\/p>\n<p>Taidegrafiikan tekeminen on\u00a0 aikaaviev\u00e4\u00e4 ja pitk\u00e4j\u00e4nteist\u00e4 ty\u00f6skentely\u00e4. Kuvan tekemiseen liittyy monia vaiheita ja Bremer ty\u00f6st\u00e4\u00e4 yht\u00e4 kuvaa kuukausia.\u00a0 Prosessiin kuuluu niin monotonista ja pitk\u00e4j\u00e4nteist\u00e4 tekemist\u00e4 kuin fyysist\u00e4 ja tapahtumarikasta vedostusta.<\/p>\n<p>\u201cTy\u00f6skentely on katkeamaton prosessi, jossa yksi aihe johdattaa toiseen, ja toisaalta auttaa palaamaan ty\u00f6st\u00e4m\u00e4\u00e4n aihetta, jonka on aloittanut kymmeni\u00e4 vuosia aiemmin. Kyseess\u00e4 on siis laajentuva ideakeh\u00e4.\u201d, Bremer kertoo.<\/p>\n<p>Bremer vertaa v\u00e4ritysten tekemist\u00e4 s\u00e4velt\u00e4miseen ja ruuanlaittoon: \u00a0\u201cOikean tasapainon ja v\u00e4rimaailman l\u00f6yt\u00e4minen vaatii aikaa, jotta ei synny riitasointuja. Kun v\u00e4rit ovat kohdallaan, kirjoitan niist\u00e4 vedoskirjaani tarkan ohjeistuksen, jotta saan vedostettua teoksen l\u00e4hes samanlaiseksi uudestaan. Vedostaminen on luova k\u00e4sity\u00f6prosessi, ja jokainen vedos on omanlaisensa. V\u00e4rimaailma pysyy kuitenkin samana, pienin vivahde-eroin. Aivan kuten kokatessa, resepti\u00e4 ei tarvitse noudattaa t\u00e4ysin, mutta liikaa ei voi muuttaa mausteita tai lopputulos k\u00e4rsii.\u201d<\/p>\n<p>T\u00e4ll\u00e4 hetkell\u00e4 Bremer ty\u00f6st\u00e4\u00e4 teoksiaan vuonna 2026 pidett\u00e4viin n\u00e4yttelyihin Gumbostrand Konst &amp; Formiin Sipooseen \u00a0sek\u00e4 Galleria Saskiaan Tampereelle.<\/p>\n<p>Bremerin t\u00f6it\u00e4 on myynniss\u00e4 useissa gallerioissa ymp\u00e4ri Suomea ja teoksiin voi tutustua verkkosivuilla <a href=\"http:\/\/www.saribremer.net\">www.saribremer.net<\/a> tai <a href=\"https:\/\/www.instagram.com\/saribremer_helsinki_printmaker\/\">Instagramissa<\/a><\/p>\n<p>Kiitos Sari Bremer, ett\u00e4 saimme vierailla ty\u00f6huoneellasi!<\/p>\n<p>&nbsp;<\/p>\n<p><a href=\"https:\/\/www.johannagullichsen.com\/wp-content\/uploads\/2024\/10\/Sari-Bremer.jpg\"><img loading=\"lazy\" decoding=\"async\" class=\"aligncenter wp-image-24707 size-large\" src=\"https:\/\/www.johannagullichsen.com\/wp-content\/uploads\/2024\/10\/Sari-Bremer-576x1024.jpg\" alt=\"\" width=\"576\" height=\"1024\" srcset=\"https:\/\/www.johannagullichsen.com\/wp-content\/uploads\/2024\/10\/Sari-Bremer-576x1024.jpg 576w, https:\/\/www.johannagullichsen.com\/wp-content\/uploads\/2024\/10\/Sari-Bremer-169x300.jpg 169w, https:\/\/www.johannagullichsen.com\/wp-content\/uploads\/2024\/10\/Sari-Bremer-768x1365.jpg 768w, https:\/\/www.johannagullichsen.com\/wp-content\/uploads\/2024\/10\/Sari-Bremer-864x1536.jpg 864w, https:\/\/www.johannagullichsen.com\/wp-content\/uploads\/2024\/10\/Sari-Bremer.jpg 1080w\" sizes=\"auto, (max-width: 576px) 100vw, 576px\" \/><\/a><a href=\"https:\/\/www.johannagullichsen.com\/wp-content\/uploads\/2024\/10\/Johanna-Gullichsen-Discushions-Sari-Bremer-art-work-1.jpg\"><img loading=\"lazy\" decoding=\"async\" class=\"aligncenter wp-image-24712 size-large\" src=\"https:\/\/www.johannagullichsen.com\/wp-content\/uploads\/2024\/10\/Johanna-Gullichsen-Discushions-Sari-Bremer-art-work-1-1024x768.jpg\" alt=\"\" width=\"1024\" height=\"768\" srcset=\"https:\/\/www.johannagullichsen.com\/wp-content\/uploads\/2024\/10\/Johanna-Gullichsen-Discushions-Sari-Bremer-art-work-1-1024x768.jpg 1024w, https:\/\/www.johannagullichsen.com\/wp-content\/uploads\/2024\/10\/Johanna-Gullichsen-Discushions-Sari-Bremer-art-work-1-866x650.jpg 866w, https:\/\/www.johannagullichsen.com\/wp-content\/uploads\/2024\/10\/Johanna-Gullichsen-Discushions-Sari-Bremer-art-work-1-336x252.jpg 336w, https:\/\/www.johannagullichsen.com\/wp-content\/uploads\/2024\/10\/Johanna-Gullichsen-Discushions-Sari-Bremer-art-work-1-1260x945.jpg 1260w, https:\/\/www.johannagullichsen.com\/wp-content\/uploads\/2024\/10\/Johanna-Gullichsen-Discushions-Sari-Bremer-art-work-1-300x225.jpg 300w, https:\/\/www.johannagullichsen.com\/wp-content\/uploads\/2024\/10\/Johanna-Gullichsen-Discushions-Sari-Bremer-art-work-1-768x576.jpg 768w, https:\/\/www.johannagullichsen.com\/wp-content\/uploads\/2024\/10\/Johanna-Gullichsen-Discushions-Sari-Bremer-art-work-1-1536x1152.jpg 1536w, https:\/\/www.johannagullichsen.com\/wp-content\/uploads\/2024\/10\/Johanna-Gullichsen-Discushions-Sari-Bremer-art-work-1.jpg 1600w\" sizes=\"auto, (max-width: 1024px) 100vw, 1024px\" \/><\/a><a href=\"https:\/\/www.johannagullichsen.com\/wp-content\/uploads\/2024\/10\/Johanna-Gullichsen-Chubby-Long-purse-Doris-straw-and-Nereus-dark-blue-1.jpg\"><img loading=\"lazy\" decoding=\"async\" class=\"alignnone wp-image-24716 size-large\" src=\"https:\/\/www.johannagullichsen.com\/wp-content\/uploads\/2024\/10\/Johanna-Gullichsen-Chubby-Long-purse-Doris-straw-and-Nereus-dark-blue-1-1024x768.jpg\" alt=\"\" width=\"1024\" height=\"768\" srcset=\"https:\/\/www.johannagullichsen.com\/wp-content\/uploads\/2024\/10\/Johanna-Gullichsen-Chubby-Long-purse-Doris-straw-and-Nereus-dark-blue-1-1024x768.jpg 1024w, https:\/\/www.johannagullichsen.com\/wp-content\/uploads\/2024\/10\/Johanna-Gullichsen-Chubby-Long-purse-Doris-straw-and-Nereus-dark-blue-1-866x650.jpg 866w, https:\/\/www.johannagullichsen.com\/wp-content\/uploads\/2024\/10\/Johanna-Gullichsen-Chubby-Long-purse-Doris-straw-and-Nereus-dark-blue-1-336x252.jpg 336w, https:\/\/www.johannagullichsen.com\/wp-content\/uploads\/2024\/10\/Johanna-Gullichsen-Chubby-Long-purse-Doris-straw-and-Nereus-dark-blue-1-1260x945.jpg 1260w, https:\/\/www.johannagullichsen.com\/wp-content\/uploads\/2024\/10\/Johanna-Gullichsen-Chubby-Long-purse-Doris-straw-and-Nereus-dark-blue-1-300x225.jpg 300w, https:\/\/www.johannagullichsen.com\/wp-content\/uploads\/2024\/10\/Johanna-Gullichsen-Chubby-Long-purse-Doris-straw-and-Nereus-dark-blue-1-768x576.jpg 768w, https:\/\/www.johannagullichsen.com\/wp-content\/uploads\/2024\/10\/Johanna-Gullichsen-Chubby-Long-purse-Doris-straw-and-Nereus-dark-blue-1-1536x1152.jpg 1536w, https:\/\/www.johannagullichsen.com\/wp-content\/uploads\/2024\/10\/Johanna-Gullichsen-Chubby-Long-purse-Doris-straw-and-Nereus-dark-blue-1.jpg 1600w\" sizes=\"auto, (max-width: 1024px) 100vw, 1024px\" \/><\/a><\/p>\n","protected":false},"excerpt":{"rendered":"<p>Tunnelma taidegraafikko Sari Bremerin ty\u00f6huoneella on l\u00e4mmin. Siveltimi\u00e4, keskener\u00e4isi\u00e4 painolaattoja, kyni\u00e4, kirjoja ja essuja on siell\u00e4 t\u00e4\u00e4ll\u00e4, kaikki kuitenkin tarkassa j\u00e4rjestyksess\u00e4. Viherkasvit ovat vallanneet suuren ikkunan edustanja painopr\u00e4ssin muotokieli on&hellip;<\/p>\n","protected":false},"author":4,"featured_media":0,"parent":0,"menu_order":0,"comment_status":"closed","ping_status":"closed","template":"","meta":{"_acf_changed":false,"footnotes":""},"class_list":["post-24720","page","type-page","status-publish","hentry"],"acf":[],"yoast_head":"<!-- This site is optimized with the Yoast SEO Premium plugin v27.2 (Yoast SEO v27.5) - https:\/\/yoast.com\/product\/yoast-seo-premium-wordpress\/ -->\n<title>Taiteilija Sari Bremerin ty\u00f6huoneella - Johanna Gullichsen<\/title>\n<meta name=\"robots\" content=\"index, follow, max-snippet:-1, max-image-preview:large, max-video-preview:-1\" \/>\n<link rel=\"canonical\" href=\"https:\/\/www.johannagullichsen.com\/fi\/taiteilija-sari-bremerin-tyohuoneella\/\" \/>\n<meta property=\"og:locale\" content=\"fi_FI\" \/>\n<meta property=\"og:type\" content=\"article\" \/>\n<meta property=\"og:title\" content=\"Taiteilija Sari Bremerin ty\u00f6huoneella\" \/>\n<meta property=\"og:description\" content=\"Tunnelma taidegraafikko Sari Bremerin ty\u00f6huoneella on l\u00e4mmin. Siveltimi\u00e4, keskener\u00e4isi\u00e4 painolaattoja, kyni\u00e4, kirjoja ja essuja on siell\u00e4 t\u00e4\u00e4ll\u00e4, kaikki kuitenkin tarkassa j\u00e4rjestyksess\u00e4. Viherkasvit ovat vallanneet suuren ikkunan edustanja painopr\u00e4ssin muotokieli on&hellip;\" \/>\n<meta property=\"og:url\" content=\"https:\/\/www.johannagullichsen.com\/fi\/taiteilija-sari-bremerin-tyohuoneella\/\" \/>\n<meta property=\"og:site_name\" content=\"Johanna Gullichsen\" \/>\n<meta property=\"article:modified_time\" content=\"2024-11-05T08:22:39+00:00\" \/>\n<meta property=\"og:image\" content=\"https:\/\/www.johannagullichsen.com\/wp-content\/uploads\/2024\/10\/Johanna-Gullichsen-Laptop-sleeve-Doris-black.jpg\" \/>\n\t<meta property=\"og:image:width\" content=\"1020\" \/>\n\t<meta property=\"og:image:height\" content=\"1020\" \/>\n\t<meta property=\"og:image:type\" content=\"image\/jpeg\" \/>\n<meta name=\"twitter:card\" content=\"summary_large_image\" \/>\n<meta name=\"twitter:label1\" content=\"Arvioitu lukuaika\" \/>\n\t<meta name=\"twitter:data1\" content=\"3 minuuttia\" \/>\n<script type=\"application\/ld+json\" class=\"yoast-schema-graph\">{\"@context\":\"https:\\\/\\\/schema.org\",\"@graph\":[{\"@type\":\"WebPage\",\"@id\":\"https:\\\/\\\/www.johannagullichsen.com\\\/fi\\\/taiteilija-sari-bremerin-tyohuoneella\\\/\",\"url\":\"https:\\\/\\\/www.johannagullichsen.com\\\/fi\\\/taiteilija-sari-bremerin-tyohuoneella\\\/\",\"name\":\"Taiteilija Sari Bremerin ty\u00f6huoneella - Johanna Gullichsen\",\"isPartOf\":{\"@id\":\"https:\\\/\\\/www.johannagullichsen.com\\\/fi\\\/#website\"},\"primaryImageOfPage\":{\"@id\":\"https:\\\/\\\/www.johannagullichsen.com\\\/fi\\\/taiteilija-sari-bremerin-tyohuoneella\\\/#primaryimage\"},\"image\":{\"@id\":\"https:\\\/\\\/www.johannagullichsen.com\\\/fi\\\/taiteilija-sari-bremerin-tyohuoneella\\\/#primaryimage\"},\"thumbnailUrl\":\"https:\\\/\\\/www.johannagullichsen.com\\\/wp-content\\\/uploads\\\/2024\\\/10\\\/Johanna-Gullichsen-Laptop-sleeve-Doris-black.jpg\",\"datePublished\":\"2024-11-01T12:34:59+00:00\",\"dateModified\":\"2024-11-05T08:22:39+00:00\",\"breadcrumb\":{\"@id\":\"https:\\\/\\\/www.johannagullichsen.com\\\/fi\\\/taiteilija-sari-bremerin-tyohuoneella\\\/#breadcrumb\"},\"inLanguage\":\"fi\",\"potentialAction\":[{\"@type\":\"ReadAction\",\"target\":[\"https:\\\/\\\/www.johannagullichsen.com\\\/fi\\\/taiteilija-sari-bremerin-tyohuoneella\\\/\"]}]},{\"@type\":\"ImageObject\",\"inLanguage\":\"fi\",\"@id\":\"https:\\\/\\\/www.johannagullichsen.com\\\/fi\\\/taiteilija-sari-bremerin-tyohuoneella\\\/#primaryimage\",\"url\":\"https:\\\/\\\/www.johannagullichsen.com\\\/wp-content\\\/uploads\\\/2024\\\/10\\\/Johanna-Gullichsen-Laptop-sleeve-Doris-black.jpg\",\"contentUrl\":\"https:\\\/\\\/www.johannagullichsen.com\\\/wp-content\\\/uploads\\\/2024\\\/10\\\/Johanna-Gullichsen-Laptop-sleeve-Doris-black.jpg\"},{\"@type\":\"BreadcrumbList\",\"@id\":\"https:\\\/\\\/www.johannagullichsen.com\\\/fi\\\/taiteilija-sari-bremerin-tyohuoneella\\\/#breadcrumb\",\"itemListElement\":[{\"@type\":\"ListItem\",\"position\":1,\"name\":\"Home\",\"item\":\"https:\\\/\\\/www.johannagullichsen.com\\\/fi\\\/\"},{\"@type\":\"ListItem\",\"position\":2,\"name\":\"Taiteilija Sari Bremerin ty\u00f6huoneella\"}]},{\"@type\":\"WebSite\",\"@id\":\"https:\\\/\\\/www.johannagullichsen.com\\\/fi\\\/#website\",\"url\":\"https:\\\/\\\/www.johannagullichsen.com\\\/fi\\\/\",\"name\":\"Johanna Gullichsen\",\"description\":\"\",\"potentialAction\":[{\"@type\":\"SearchAction\",\"target\":{\"@type\":\"EntryPoint\",\"urlTemplate\":\"https:\\\/\\\/www.johannagullichsen.com\\\/fi\\\/?s={search_term_string}\"},\"query-input\":{\"@type\":\"PropertyValueSpecification\",\"valueRequired\":true,\"valueName\":\"search_term_string\"}}],\"inLanguage\":\"fi\"}]}<\/script>\n<!-- \/ Yoast SEO Premium plugin. -->","yoast_head_json":{"title":"Taiteilija Sari Bremerin ty\u00f6huoneella - Johanna Gullichsen","robots":{"index":"index","follow":"follow","max-snippet":"max-snippet:-1","max-image-preview":"max-image-preview:large","max-video-preview":"max-video-preview:-1"},"canonical":"https:\/\/www.johannagullichsen.com\/fi\/taiteilija-sari-bremerin-tyohuoneella\/","og_locale":"fi_FI","og_type":"article","og_title":"Taiteilija Sari Bremerin ty\u00f6huoneella","og_description":"Tunnelma taidegraafikko Sari Bremerin ty\u00f6huoneella on l\u00e4mmin. Siveltimi\u00e4, keskener\u00e4isi\u00e4 painolaattoja, kyni\u00e4, kirjoja ja essuja on siell\u00e4 t\u00e4\u00e4ll\u00e4, kaikki kuitenkin tarkassa j\u00e4rjestyksess\u00e4. Viherkasvit ovat vallanneet suuren ikkunan edustanja painopr\u00e4ssin muotokieli on&hellip;","og_url":"https:\/\/www.johannagullichsen.com\/fi\/taiteilija-sari-bremerin-tyohuoneella\/","og_site_name":"Johanna Gullichsen","article_modified_time":"2024-11-05T08:22:39+00:00","og_image":[{"width":1020,"height":1020,"url":"https:\/\/www.johannagullichsen.com\/wp-content\/uploads\/2024\/10\/Johanna-Gullichsen-Laptop-sleeve-Doris-black.jpg","type":"image\/jpeg"}],"twitter_card":"summary_large_image","twitter_misc":{"Arvioitu lukuaika":"3 minuuttia"},"schema":{"@context":"https:\/\/schema.org","@graph":[{"@type":"WebPage","@id":"https:\/\/www.johannagullichsen.com\/fi\/taiteilija-sari-bremerin-tyohuoneella\/","url":"https:\/\/www.johannagullichsen.com\/fi\/taiteilija-sari-bremerin-tyohuoneella\/","name":"Taiteilija Sari Bremerin ty\u00f6huoneella - Johanna Gullichsen","isPartOf":{"@id":"https:\/\/www.johannagullichsen.com\/fi\/#website"},"primaryImageOfPage":{"@id":"https:\/\/www.johannagullichsen.com\/fi\/taiteilija-sari-bremerin-tyohuoneella\/#primaryimage"},"image":{"@id":"https:\/\/www.johannagullichsen.com\/fi\/taiteilija-sari-bremerin-tyohuoneella\/#primaryimage"},"thumbnailUrl":"https:\/\/www.johannagullichsen.com\/wp-content\/uploads\/2024\/10\/Johanna-Gullichsen-Laptop-sleeve-Doris-black.jpg","datePublished":"2024-11-01T12:34:59+00:00","dateModified":"2024-11-05T08:22:39+00:00","breadcrumb":{"@id":"https:\/\/www.johannagullichsen.com\/fi\/taiteilija-sari-bremerin-tyohuoneella\/#breadcrumb"},"inLanguage":"fi","potentialAction":[{"@type":"ReadAction","target":["https:\/\/www.johannagullichsen.com\/fi\/taiteilija-sari-bremerin-tyohuoneella\/"]}]},{"@type":"ImageObject","inLanguage":"fi","@id":"https:\/\/www.johannagullichsen.com\/fi\/taiteilija-sari-bremerin-tyohuoneella\/#primaryimage","url":"https:\/\/www.johannagullichsen.com\/wp-content\/uploads\/2024\/10\/Johanna-Gullichsen-Laptop-sleeve-Doris-black.jpg","contentUrl":"https:\/\/www.johannagullichsen.com\/wp-content\/uploads\/2024\/10\/Johanna-Gullichsen-Laptop-sleeve-Doris-black.jpg"},{"@type":"BreadcrumbList","@id":"https:\/\/www.johannagullichsen.com\/fi\/taiteilija-sari-bremerin-tyohuoneella\/#breadcrumb","itemListElement":[{"@type":"ListItem","position":1,"name":"Home","item":"https:\/\/www.johannagullichsen.com\/fi\/"},{"@type":"ListItem","position":2,"name":"Taiteilija Sari Bremerin ty\u00f6huoneella"}]},{"@type":"WebSite","@id":"https:\/\/www.johannagullichsen.com\/fi\/#website","url":"https:\/\/www.johannagullichsen.com\/fi\/","name":"Johanna Gullichsen","description":"","potentialAction":[{"@type":"SearchAction","target":{"@type":"EntryPoint","urlTemplate":"https:\/\/www.johannagullichsen.com\/fi\/?s={search_term_string}"},"query-input":{"@type":"PropertyValueSpecification","valueRequired":true,"valueName":"search_term_string"}}],"inLanguage":"fi"}]}},"_links":{"self":[{"href":"https:\/\/www.johannagullichsen.com\/fi\/wp-json\/wp\/v2\/pages\/24720","targetHints":{"allow":["GET"]}}],"collection":[{"href":"https:\/\/www.johannagullichsen.com\/fi\/wp-json\/wp\/v2\/pages"}],"about":[{"href":"https:\/\/www.johannagullichsen.com\/fi\/wp-json\/wp\/v2\/types\/page"}],"author":[{"embeddable":true,"href":"https:\/\/www.johannagullichsen.com\/fi\/wp-json\/wp\/v2\/users\/4"}],"replies":[{"embeddable":true,"href":"https:\/\/www.johannagullichsen.com\/fi\/wp-json\/wp\/v2\/comments?post=24720"}],"version-history":[{"count":6,"href":"https:\/\/www.johannagullichsen.com\/fi\/wp-json\/wp\/v2\/pages\/24720\/revisions"}],"predecessor-version":[{"id":24780,"href":"https:\/\/www.johannagullichsen.com\/fi\/wp-json\/wp\/v2\/pages\/24720\/revisions\/24780"}],"wp:attachment":[{"href":"https:\/\/www.johannagullichsen.com\/fi\/wp-json\/wp\/v2\/media?parent=24720"}],"curies":[{"name":"wp","href":"https:\/\/api.w.org\/{rel}","templated":true}]}}