{"id":26614,"date":"2025-04-03T12:50:16","date_gmt":"2025-04-03T09:50:16","guid":{"rendered":"https:\/\/www.johannagullichsen.com\/?page_id=26614"},"modified":"2026-01-30T13:16:56","modified_gmt":"2026-01-30T11:16:56","slug":"myymalat","status":"publish","type":"page","link":"https:\/\/www.johannagullichsen.com\/fi\/myymalat\/","title":{"rendered":"Myym\u00e4l\u00e4"},"content":{"rendered":"<h4 class=\"p1\"><a href=\"https:\/\/www.johannagullichsen.com\/wp-content\/uploads\/2026\/01\/Johanna-Gullichsen-at-Lasipalatsi-Store.jpg\"><img loading=\"lazy\" decoding=\"async\" class=\"aligncenter wp-image-30086 size-full\" src=\"https:\/\/www.johannagullichsen.com\/wp-content\/uploads\/2026\/01\/Johanna-Gullichsen-at-Lasipalatsi-Store.jpg\" alt=\"\" width=\"1200\" height=\"900\" srcset=\"https:\/\/www.johannagullichsen.com\/wp-content\/uploads\/2026\/01\/Johanna-Gullichsen-at-Lasipalatsi-Store.jpg 1200w, https:\/\/www.johannagullichsen.com\/wp-content\/uploads\/2026\/01\/Johanna-Gullichsen-at-Lasipalatsi-Store-300x225.jpg 300w, https:\/\/www.johannagullichsen.com\/wp-content\/uploads\/2026\/01\/Johanna-Gullichsen-at-Lasipalatsi-Store-1024x768.jpg 1024w, https:\/\/www.johannagullichsen.com\/wp-content\/uploads\/2026\/01\/Johanna-Gullichsen-at-Lasipalatsi-Store-768x576.jpg 768w, https:\/\/www.johannagullichsen.com\/wp-content\/uploads\/2026\/01\/Johanna-Gullichsen-at-Lasipalatsi-Store-866x650.jpg 866w, https:\/\/www.johannagullichsen.com\/wp-content\/uploads\/2026\/01\/Johanna-Gullichsen-at-Lasipalatsi-Store-336x252.jpg 336w\" sizes=\"auto, (max-width: 1200px) 100vw, 1200px\" \/><\/a><\/h4>\n<h4 class=\"p1\"><b>Tervetuloa kudottujen tekstiilien v\u00e4rikk\u00e4\u00e4seen maailmaan!<\/b><b><\/b><\/h4>\n<p class=\"p1\">Johanna Gullichsenin myym\u00e4l\u00e4ss\u00e4 voit tututsua luonnonmateriaaleista kudottujen tekstiilien ajattomaan kauneuteen. Koe koko malliston kerralla, tunnustele materiaaleja ja tunne kankaiden laatu.<span class=\"Apple-converted-space\"> \u00a0<\/span><\/p>\n<p class=\"p1\">Kivijalkaliikkeess\u00e4 on verkkokauppaa laajempi valikoima tuotteita, mm. tyynynp\u00e4\u00e4llisi\u00e4 l\u00f6ytyy liki sadassa eri vaihtoehdossa, ja mik\u00e4li toivomaasi tuotetta ei silti l\u00f6ydy, teemme sen sinulle tilausty\u00f6n\u00e4. Ammattitaitoinen ja yst\u00e4v\u00e4llinen henkil\u00f6kuntamme opastaa sinua monenlaisissa kysymyksiss\u00e4 kuosien valinnasta tekstiilien hoitoon. Etsitp\u00e4 sitten asusteita, laukkuja tai kankaita k\u00e4sity\u00f6projekteihin, verhoiluun tai sisustamiseen, lippulaivamyym\u00e4l\u00e4mme on ihanteellinen kohde. Meilt\u00e4 voit my\u00f6s tilata mittatilauksena mm. p\u00e4iv\u00e4peittoja, istuinpatjoja ja s\u00e4ngynp\u00e4\u00e4tyj\u00e4.<\/p>\n<p class=\"p1\">Helsingin syd\u00e4mess\u00e4 sijaitseva Lasipalatsin myym\u00e4l\u00e4 tarjoaa urbaanin ostokokemuksen. Museoiden, raitiovaunureittien ja ostoskeskusten ymp\u00e4r\u00f6im\u00e4 keskeinen sijainti on nopeasti saavutettavissa ja myym\u00e4l\u00e4\u00e4n on helppo astua sis\u00e4\u00e4n ohikulkumatkallakin.<\/p>\n<p class=\"p1\">Funkkisrakennuksen kiehtova historia, sek\u00e4 tinkim\u00e4t\u00f6n tyyli kulkevat hienosti k\u00e4si k\u00e4dess\u00e4 Johanna Gullichsenin arvojen kanssa. Myym\u00e4l\u00e4mme viereinen ovi johtaa Amos Rexin taidemuseoon ja ikoniseen Ravintola Lasipalatsiin. Tervetuloa kokonaisvaltaiseen el\u00e4mykseen Lasipalatsille!<\/p>\n<p class=\"p1\">Mannerheimintie 22-24<br \/>\n00100 Helsinki<br \/>\nFinland<\/p>\n<p class=\"p1\">Avoinna Ma &#8211; Pe 11 am \u2013 6 pm,<br \/>\nLa 11 am \u2013 5 pm<\/p>\n<h4 class=\"p1\"><b>Osta verkossa<\/b><b><\/b><\/h4>\n<p class=\"p1\">Palvelemme sinua my\u00f6s mielell\u00e4mme verkossa! Muista, ett\u00e4 verkkosivujemme kautta voit tilata mallipaloja kotiin, jotta voit varmistua kankaan v\u00e4rist\u00e4 ja laadusta ennen ostop\u00e4\u00e4t\u00f6st\u00e4. Mik\u00e4li sinulla on tuotteista kysytt\u00e4v\u00e4\u00e4, voit aina ottaa meihin yhteytt\u00e4 <a href=\"mailto:info@johannagullichsen.com\"><span class=\"s1\">info@johannagullichsen.com<\/span><\/a><span class=\"Apple-converted-space\">\u00a0 <\/span>tai soittaa myym\u00e4l\u00e4\u00e4mme.<\/p>\n<p class=\"p1\">L\u00e4mpim\u00e4sti tervetuloa vierailemaan niin myym\u00e4l\u00e4ss\u00e4 kuin verkkokaupassammekin!<\/p>\n<p><a href=\"https:\/\/www.johannagullichsen.com\/wp-content\/uploads\/2021\/09\/Johanna-Gullichsen-Lasipalatsi-store-2.jpg\"><img loading=\"lazy\" decoding=\"async\" class=\"aligncenter wp-image-12714 size-full\" src=\"https:\/\/www.johannagullichsen.com\/wp-content\/uploads\/2021\/09\/Johanna-Gullichsen-Lasipalatsi-store-2.jpg\" alt=\"\" width=\"1920\" height=\"1000\" srcset=\"https:\/\/www.johannagullichsen.com\/wp-content\/uploads\/2021\/09\/Johanna-Gullichsen-Lasipalatsi-store-2.jpg 1920w, https:\/\/www.johannagullichsen.com\/wp-content\/uploads\/2021\/09\/Johanna-Gullichsen-Lasipalatsi-store-2-1260x656.jpg 1260w, https:\/\/www.johannagullichsen.com\/wp-content\/uploads\/2021\/09\/Johanna-Gullichsen-Lasipalatsi-store-2-300x156.jpg 300w, https:\/\/www.johannagullichsen.com\/wp-content\/uploads\/2021\/09\/Johanna-Gullichsen-Lasipalatsi-store-2-1024x533.jpg 1024w, https:\/\/www.johannagullichsen.com\/wp-content\/uploads\/2021\/09\/Johanna-Gullichsen-Lasipalatsi-store-2-768x400.jpg 768w, https:\/\/www.johannagullichsen.com\/wp-content\/uploads\/2021\/09\/Johanna-Gullichsen-Lasipalatsi-store-2-1536x800.jpg 1536w\" sizes=\"auto, (max-width: 1920px) 100vw, 1920px\" \/><\/a><\/p>\n<p><a href=\"https:\/\/www.johannagullichsen.com\/wp-content\/uploads\/2026\/01\/Johanna-Gullichsen-Lasipalatsi-Store-1.jpg\"><img loading=\"lazy\" decoding=\"async\" class=\"aligncenter wp-image-30090 size-full\" src=\"https:\/\/www.johannagullichsen.com\/wp-content\/uploads\/2026\/01\/Johanna-Gullichsen-Lasipalatsi-Store-1.jpg\" alt=\"\" width=\"1200\" height=\"800\" srcset=\"https:\/\/www.johannagullichsen.com\/wp-content\/uploads\/2026\/01\/Johanna-Gullichsen-Lasipalatsi-Store-1.jpg 1200w, https:\/\/www.johannagullichsen.com\/wp-content\/uploads\/2026\/01\/Johanna-Gullichsen-Lasipalatsi-Store-1-300x200.jpg 300w, https:\/\/www.johannagullichsen.com\/wp-content\/uploads\/2026\/01\/Johanna-Gullichsen-Lasipalatsi-Store-1-1024x683.jpg 1024w, https:\/\/www.johannagullichsen.com\/wp-content\/uploads\/2026\/01\/Johanna-Gullichsen-Lasipalatsi-Store-1-768x512.jpg 768w\" sizes=\"auto, (max-width: 1200px) 100vw, 1200px\" \/><\/a> <a href=\"https:\/\/www.johannagullichsen.com\/wp-content\/uploads\/2026\/01\/Johanna-Gullichsen-Lasipalatsi-store-2.jpg\"><img loading=\"lazy\" decoding=\"async\" class=\"aligncenter wp-image-30095 size-full\" src=\"https:\/\/www.johannagullichsen.com\/wp-content\/uploads\/2026\/01\/Johanna-Gullichsen-Lasipalatsi-store-2.jpg\" alt=\"\" width=\"1200\" height=\"800\" srcset=\"https:\/\/www.johannagullichsen.com\/wp-content\/uploads\/2026\/01\/Johanna-Gullichsen-Lasipalatsi-store-2.jpg 1200w, https:\/\/www.johannagullichsen.com\/wp-content\/uploads\/2026\/01\/Johanna-Gullichsen-Lasipalatsi-store-2-300x200.jpg 300w, https:\/\/www.johannagullichsen.com\/wp-content\/uploads\/2026\/01\/Johanna-Gullichsen-Lasipalatsi-store-2-1024x683.jpg 1024w, https:\/\/www.johannagullichsen.com\/wp-content\/uploads\/2026\/01\/Johanna-Gullichsen-Lasipalatsi-store-2-768x512.jpg 768w\" sizes=\"auto, (max-width: 1200px) 100vw, 1200px\" \/><\/a><\/p>\n","protected":false},"excerpt":{"rendered":"<p>Tervetuloa kudottujen tekstiilien v\u00e4rikk\u00e4\u00e4seen maailmaan! Johanna Gullichsenin myym\u00e4l\u00e4ss\u00e4 voit tututsua luonnonmateriaaleista kudottujen tekstiilien ajattomaan kauneuteen. Koe koko malliston kerralla, tunnustele materiaaleja ja tunne kankaiden laatu. \u00a0 Kivijalkaliikkeess\u00e4 on verkkokauppaa laajempi&hellip;<\/p>\n","protected":false},"author":4,"featured_media":0,"parent":0,"menu_order":0,"comment_status":"closed","ping_status":"closed","template":"","meta":{"_acf_changed":false,"footnotes":""},"class_list":["post-26614","page","type-page","status-publish","hentry"],"acf":[],"yoast_head":"<!-- This site is optimized with the Yoast SEO Premium plugin v27.2 (Yoast SEO v27.5) - https:\/\/yoast.com\/product\/yoast-seo-premium-wordpress\/ -->\n<title>Myym\u00e4l\u00e4 - Johanna Gullichsen<\/title>\n<meta name=\"robots\" content=\"index, follow, max-snippet:-1, max-image-preview:large, max-video-preview:-1\" \/>\n<link rel=\"canonical\" href=\"https:\/\/www.johannagullichsen.com\/fi\/myymalat\/\" \/>\n<meta property=\"og:locale\" content=\"fi_FI\" \/>\n<meta property=\"og:type\" content=\"article\" \/>\n<meta property=\"og:title\" content=\"Myym\u00e4l\u00e4\" \/>\n<meta property=\"og:description\" content=\"Tervetuloa kudottujen tekstiilien v\u00e4rikk\u00e4\u00e4seen maailmaan! Johanna Gullichsenin myym\u00e4l\u00e4ss\u00e4 voit tututsua luonnonmateriaaleista kudottujen tekstiilien ajattomaan kauneuteen. Koe koko malliston kerralla, tunnustele materiaaleja ja tunne kankaiden laatu. \u00a0 Kivijalkaliikkeess\u00e4 on verkkokauppaa laajempi&hellip;\" \/>\n<meta property=\"og:url\" content=\"https:\/\/www.johannagullichsen.com\/fi\/myymalat\/\" \/>\n<meta property=\"og:site_name\" content=\"Johanna Gullichsen\" \/>\n<meta property=\"article:modified_time\" content=\"2026-01-30T11:16:56+00:00\" \/>\n<meta property=\"og:image\" content=\"https:\/\/www.johannagullichsen.com\/wp-content\/uploads\/2026\/01\/Johanna-Gullichsen-at-Lasipalatsi-Store.jpg\" \/>\n\t<meta property=\"og:image:width\" content=\"1200\" \/>\n\t<meta property=\"og:image:height\" content=\"900\" \/>\n\t<meta property=\"og:image:type\" content=\"image\/jpeg\" \/>\n<meta name=\"twitter:card\" content=\"summary_large_image\" \/>\n<meta name=\"twitter:label1\" content=\"Arvioitu lukuaika\" \/>\n\t<meta name=\"twitter:data1\" content=\"2 minuuttia\" \/>\n<script type=\"application\/ld+json\" class=\"yoast-schema-graph\">{\"@context\":\"https:\\\/\\\/schema.org\",\"@graph\":[{\"@type\":\"WebPage\",\"@id\":\"https:\\\/\\\/www.johannagullichsen.com\\\/fi\\\/myymalat\\\/\",\"url\":\"https:\\\/\\\/www.johannagullichsen.com\\\/fi\\\/myymalat\\\/\",\"name\":\"Myym\u00e4l\u00e4 - Johanna Gullichsen\",\"isPartOf\":{\"@id\":\"https:\\\/\\\/www.johannagullichsen.com\\\/fi\\\/#website\"},\"primaryImageOfPage\":{\"@id\":\"https:\\\/\\\/www.johannagullichsen.com\\\/fi\\\/myymalat\\\/#primaryimage\"},\"image\":{\"@id\":\"https:\\\/\\\/www.johannagullichsen.com\\\/fi\\\/myymalat\\\/#primaryimage\"},\"thumbnailUrl\":\"https:\\\/\\\/www.johannagullichsen.com\\\/wp-content\\\/uploads\\\/2026\\\/01\\\/Johanna-Gullichsen-at-Lasipalatsi-Store.jpg\",\"datePublished\":\"2025-04-03T09:50:16+00:00\",\"dateModified\":\"2026-01-30T11:16:56+00:00\",\"breadcrumb\":{\"@id\":\"https:\\\/\\\/www.johannagullichsen.com\\\/fi\\\/myymalat\\\/#breadcrumb\"},\"inLanguage\":\"fi\",\"potentialAction\":[{\"@type\":\"ReadAction\",\"target\":[\"https:\\\/\\\/www.johannagullichsen.com\\\/fi\\\/myymalat\\\/\"]}]},{\"@type\":\"ImageObject\",\"inLanguage\":\"fi\",\"@id\":\"https:\\\/\\\/www.johannagullichsen.com\\\/fi\\\/myymalat\\\/#primaryimage\",\"url\":\"https:\\\/\\\/www.johannagullichsen.com\\\/wp-content\\\/uploads\\\/2026\\\/01\\\/Johanna-Gullichsen-at-Lasipalatsi-Store.jpg\",\"contentUrl\":\"https:\\\/\\\/www.johannagullichsen.com\\\/wp-content\\\/uploads\\\/2026\\\/01\\\/Johanna-Gullichsen-at-Lasipalatsi-Store.jpg\"},{\"@type\":\"BreadcrumbList\",\"@id\":\"https:\\\/\\\/www.johannagullichsen.com\\\/fi\\\/myymalat\\\/#breadcrumb\",\"itemListElement\":[{\"@type\":\"ListItem\",\"position\":1,\"name\":\"Home\",\"item\":\"https:\\\/\\\/www.johannagullichsen.com\\\/fi\\\/\"},{\"@type\":\"ListItem\",\"position\":2,\"name\":\"Myym\u00e4l\u00e4\"}]},{\"@type\":\"WebSite\",\"@id\":\"https:\\\/\\\/www.johannagullichsen.com\\\/fi\\\/#website\",\"url\":\"https:\\\/\\\/www.johannagullichsen.com\\\/fi\\\/\",\"name\":\"Johanna Gullichsen\",\"description\":\"\",\"potentialAction\":[{\"@type\":\"SearchAction\",\"target\":{\"@type\":\"EntryPoint\",\"urlTemplate\":\"https:\\\/\\\/www.johannagullichsen.com\\\/fi\\\/?s={search_term_string}\"},\"query-input\":{\"@type\":\"PropertyValueSpecification\",\"valueRequired\":true,\"valueName\":\"search_term_string\"}}],\"inLanguage\":\"fi\"}]}<\/script>\n<!-- \/ Yoast SEO Premium plugin. -->","yoast_head_json":{"title":"Myym\u00e4l\u00e4 - Johanna Gullichsen","robots":{"index":"index","follow":"follow","max-snippet":"max-snippet:-1","max-image-preview":"max-image-preview:large","max-video-preview":"max-video-preview:-1"},"canonical":"https:\/\/www.johannagullichsen.com\/fi\/myymalat\/","og_locale":"fi_FI","og_type":"article","og_title":"Myym\u00e4l\u00e4","og_description":"Tervetuloa kudottujen tekstiilien v\u00e4rikk\u00e4\u00e4seen maailmaan! Johanna Gullichsenin myym\u00e4l\u00e4ss\u00e4 voit tututsua luonnonmateriaaleista kudottujen tekstiilien ajattomaan kauneuteen. Koe koko malliston kerralla, tunnustele materiaaleja ja tunne kankaiden laatu. \u00a0 Kivijalkaliikkeess\u00e4 on verkkokauppaa laajempi&hellip;","og_url":"https:\/\/www.johannagullichsen.com\/fi\/myymalat\/","og_site_name":"Johanna Gullichsen","article_modified_time":"2026-01-30T11:16:56+00:00","og_image":[{"width":1200,"height":900,"url":"https:\/\/www.johannagullichsen.com\/wp-content\/uploads\/2026\/01\/Johanna-Gullichsen-at-Lasipalatsi-Store.jpg","type":"image\/jpeg"}],"twitter_card":"summary_large_image","twitter_misc":{"Arvioitu lukuaika":"2 minuuttia"},"schema":{"@context":"https:\/\/schema.org","@graph":[{"@type":"WebPage","@id":"https:\/\/www.johannagullichsen.com\/fi\/myymalat\/","url":"https:\/\/www.johannagullichsen.com\/fi\/myymalat\/","name":"Myym\u00e4l\u00e4 - Johanna Gullichsen","isPartOf":{"@id":"https:\/\/www.johannagullichsen.com\/fi\/#website"},"primaryImageOfPage":{"@id":"https:\/\/www.johannagullichsen.com\/fi\/myymalat\/#primaryimage"},"image":{"@id":"https:\/\/www.johannagullichsen.com\/fi\/myymalat\/#primaryimage"},"thumbnailUrl":"https:\/\/www.johannagullichsen.com\/wp-content\/uploads\/2026\/01\/Johanna-Gullichsen-at-Lasipalatsi-Store.jpg","datePublished":"2025-04-03T09:50:16+00:00","dateModified":"2026-01-30T11:16:56+00:00","breadcrumb":{"@id":"https:\/\/www.johannagullichsen.com\/fi\/myymalat\/#breadcrumb"},"inLanguage":"fi","potentialAction":[{"@type":"ReadAction","target":["https:\/\/www.johannagullichsen.com\/fi\/myymalat\/"]}]},{"@type":"ImageObject","inLanguage":"fi","@id":"https:\/\/www.johannagullichsen.com\/fi\/myymalat\/#primaryimage","url":"https:\/\/www.johannagullichsen.com\/wp-content\/uploads\/2026\/01\/Johanna-Gullichsen-at-Lasipalatsi-Store.jpg","contentUrl":"https:\/\/www.johannagullichsen.com\/wp-content\/uploads\/2026\/01\/Johanna-Gullichsen-at-Lasipalatsi-Store.jpg"},{"@type":"BreadcrumbList","@id":"https:\/\/www.johannagullichsen.com\/fi\/myymalat\/#breadcrumb","itemListElement":[{"@type":"ListItem","position":1,"name":"Home","item":"https:\/\/www.johannagullichsen.com\/fi\/"},{"@type":"ListItem","position":2,"name":"Myym\u00e4l\u00e4"}]},{"@type":"WebSite","@id":"https:\/\/www.johannagullichsen.com\/fi\/#website","url":"https:\/\/www.johannagullichsen.com\/fi\/","name":"Johanna Gullichsen","description":"","potentialAction":[{"@type":"SearchAction","target":{"@type":"EntryPoint","urlTemplate":"https:\/\/www.johannagullichsen.com\/fi\/?s={search_term_string}"},"query-input":{"@type":"PropertyValueSpecification","valueRequired":true,"valueName":"search_term_string"}}],"inLanguage":"fi"}]}},"_links":{"self":[{"href":"https:\/\/www.johannagullichsen.com\/fi\/wp-json\/wp\/v2\/pages\/26614","targetHints":{"allow":["GET"]}}],"collection":[{"href":"https:\/\/www.johannagullichsen.com\/fi\/wp-json\/wp\/v2\/pages"}],"about":[{"href":"https:\/\/www.johannagullichsen.com\/fi\/wp-json\/wp\/v2\/types\/page"}],"author":[{"embeddable":true,"href":"https:\/\/www.johannagullichsen.com\/fi\/wp-json\/wp\/v2\/users\/4"}],"replies":[{"embeddable":true,"href":"https:\/\/www.johannagullichsen.com\/fi\/wp-json\/wp\/v2\/comments?post=26614"}],"version-history":[{"count":7,"href":"https:\/\/www.johannagullichsen.com\/fi\/wp-json\/wp\/v2\/pages\/26614\/revisions"}],"predecessor-version":[{"id":30100,"href":"https:\/\/www.johannagullichsen.com\/fi\/wp-json\/wp\/v2\/pages\/26614\/revisions\/30100"}],"wp:attachment":[{"href":"https:\/\/www.johannagullichsen.com\/fi\/wp-json\/wp\/v2\/media?parent=26614"}],"curies":[{"name":"wp","href":"https:\/\/api.w.org\/{rel}","templated":true}]}}