{"id":27551,"date":"2025-05-23T13:12:41","date_gmt":"2025-05-23T10:12:41","guid":{"rendered":"https:\/\/www.johannagullichsen.com\/?page_id=27551"},"modified":"2025-05-23T13:12:31","modified_gmt":"2025-05-23T10:12:31","slug":"denim-tyovaatteet","status":"publish","type":"page","link":"https:\/\/www.johannagullichsen.com\/fi\/denim-tyovaatteet\/","title":{"rendered":"Denim ty\u00f6vaatteet"},"content":{"rendered":"<h3>P\u00e4iv\u00e4 Palikaisten kartanolla<\/h3>\n<p>Vietimme ty\u00f6nt\u00e4yteiset p\u00e4iv\u00e4t Palikaisten kartanolla, Johanna suvun tilalla, puuhastellen monenmoista. Tilanhoitaja Verner tutustutti meid\u00e4t kev\u00e4\u00e4n kylv\u00f6t\u00f6ihin ja traktoreihin. Kiitokseksi Verner sai uuden Denim-takin, juuri sopivan kev\u00e4\u00e4n viileisiin iltoihin &#8211; kev\u00e4tty\u00f6t kun jatkuvat usein iltah\u00e4m\u00e4r\u00e4\u00e4n.<\/p>\n<p>Kasvihuoneella monet taimet olivat valmiita siirtym\u00e4\u00e4n ulos, toiset taas vaativat isompia ruukkuja. Kaunis viinik\u00f6ynn\u00f6s oli talvehtinut j\u00e4lleen hyvin. Puutarhapuuhissa Denim-liivin taskuihin sujahtaa helposti puutarhasakset, naruker\u00e4 ja istustuslapio. Denim-liivi sopii oikeastaan mihin tahansa ty\u00f6h\u00f6n, se suojaa vaatteita ja sen isoihin taskuihin mahtuu kaikki ty\u00f6v\u00e4lineet, olipa kyseess\u00e4 vasara tai siveltimet.<\/p>\n<p><a href=\"https:\/\/www.johannagullichsen.com\/wp-content\/uploads\/2025\/05\/Johanna-Gullichsen-Denim-jacket-4-copy.jpg\"><img loading=\"lazy\" decoding=\"async\" class=\"aligncenter wp-image-27592 size-large\" src=\"https:\/\/www.johannagullichsen.com\/wp-content\/uploads\/2025\/05\/Johanna-Gullichsen-Denim-jacket-4-copy-691x1024.jpg\" alt=\"\" width=\"691\" height=\"1024\" srcset=\"https:\/\/www.johannagullichsen.com\/wp-content\/uploads\/2025\/05\/Johanna-Gullichsen-Denim-jacket-4-copy-691x1024.jpg 691w, https:\/\/www.johannagullichsen.com\/wp-content\/uploads\/2025\/05\/Johanna-Gullichsen-Denim-jacket-4-copy-203x300.jpg 203w, https:\/\/www.johannagullichsen.com\/wp-content\/uploads\/2025\/05\/Johanna-Gullichsen-Denim-jacket-4-copy-768x1138.jpg 768w, https:\/\/www.johannagullichsen.com\/wp-content\/uploads\/2025\/05\/Johanna-Gullichsen-Denim-jacket-4-copy-1037x1536.jpg 1037w, https:\/\/www.johannagullichsen.com\/wp-content\/uploads\/2025\/05\/Johanna-Gullichsen-Denim-jacket-4-copy.jpg 1080w\" sizes=\"auto, (max-width: 691px) 100vw, 691px\" \/><\/a><\/p>\n<h3>Rajoitettu er\u00e4<\/h3>\n<p>Denim workwear -vaatteet ovat nyt myynniss\u00e4 Helsingin Eottajankadun myym\u00e4l\u00e4ss\u00e4. Sek\u00e4 takista ett\u00e4 liivist\u00e4 on saatavilla tummanpunainen ja sini-vihre\u00e4 vaihtoehto. Takkien ja liivien materiaali on pellavan ja puuvillan yhdistelm\u00e4, joka pehmenee miellytt\u00e4v\u00e4sti k\u00e4yt\u00f6ss\u00e4 ja pesussa. Takki on over-size -tyylinen, ja yksi koko sopii monille. Takin leveys kainalosta kainaloon on 70 cm ja pituus olkap\u00e4\u00e4st\u00e4 helmaan 82 cm. Kutistuvuus pesussa on noin 5-8%. Liivi on sivuista avonainen ja s\u00e4\u00e4dett\u00e4v\u00e4 ja sopii siksi l\u00e4hes kaikille. Etukappaleen ja takakappaleen leveys kainalon kohdalla on 64 cm ja liivin pituus olalta helmaan 68 cm.<\/p>\n<p>&nbsp;<\/p>\n<p data-wp-editing=\"1\"><a href=\"https:\/\/www.johannagullichsen.com\/wp-content\/uploads\/2025\/05\/Johanna-Gullichsen-Denim-vest-1-copy.jpg\"><img loading=\"lazy\" decoding=\"async\" class=\"aligncenter wp-image-27561 size-large\" src=\"https:\/\/www.johannagullichsen.com\/wp-content\/uploads\/2025\/05\/Johanna-Gullichsen-Denim-vest-1-copy-819x1024.jpg\" alt=\"\" width=\"819\" height=\"1024\" srcset=\"https:\/\/www.johannagullichsen.com\/wp-content\/uploads\/2025\/05\/Johanna-Gullichsen-Denim-vest-1-copy-819x1024.jpg 819w, https:\/\/www.johannagullichsen.com\/wp-content\/uploads\/2025\/05\/Johanna-Gullichsen-Denim-vest-1-copy-240x300.jpg 240w, https:\/\/www.johannagullichsen.com\/wp-content\/uploads\/2025\/05\/Johanna-Gullichsen-Denim-vest-1-copy-768x960.jpg 768w, https:\/\/www.johannagullichsen.com\/wp-content\/uploads\/2025\/05\/Johanna-Gullichsen-Denim-vest-1-copy.jpg 1080w\" sizes=\"auto, (max-width: 819px) 100vw, 819px\" \/><\/a><\/p>\n<p><a href=\"https:\/\/www.johannagullichsen.com\/wp-content\/uploads\/2025\/05\/Johanna-Gullichsen-Denim-vest-artist-2.jpg\"><img loading=\"lazy\" decoding=\"async\" class=\"aligncenter wp-image-27574 size-large\" src=\"https:\/\/www.johannagullichsen.com\/wp-content\/uploads\/2025\/05\/Johanna-Gullichsen-Denim-vest-artist-2-1024x768.jpg\" alt=\"\" width=\"1024\" height=\"768\" srcset=\"https:\/\/www.johannagullichsen.com\/wp-content\/uploads\/2025\/05\/Johanna-Gullichsen-Denim-vest-artist-2-1024x768.jpg 1024w, https:\/\/www.johannagullichsen.com\/wp-content\/uploads\/2025\/05\/Johanna-Gullichsen-Denim-vest-artist-2-300x225.jpg 300w, https:\/\/www.johannagullichsen.com\/wp-content\/uploads\/2025\/05\/Johanna-Gullichsen-Denim-vest-artist-2-768x576.jpg 768w, https:\/\/www.johannagullichsen.com\/wp-content\/uploads\/2025\/05\/Johanna-Gullichsen-Denim-vest-artist-2-1536x1152.jpg 1536w, https:\/\/www.johannagullichsen.com\/wp-content\/uploads\/2025\/05\/Johanna-Gullichsen-Denim-vest-artist-2-866x650.jpg 866w, https:\/\/www.johannagullichsen.com\/wp-content\/uploads\/2025\/05\/Johanna-Gullichsen-Denim-vest-artist-2-1260x945.jpg 1260w, https:\/\/www.johannagullichsen.com\/wp-content\/uploads\/2025\/05\/Johanna-Gullichsen-Denim-vest-artist-2-336x252.jpg 336w, https:\/\/www.johannagullichsen.com\/wp-content\/uploads\/2025\/05\/Johanna-Gullichsen-Denim-vest-artist-2.jpg 1600w\" sizes=\"auto, (max-width: 1024px) 100vw, 1024px\" \/><\/a><\/p>\n<p><a href=\"https:\/\/www.johannagullichsen.com\/wp-content\/uploads\/2025\/05\/Johanna-Gullichsen-Denim-vest-artist-4.jpg\"><img loading=\"lazy\" decoding=\"async\" class=\"aligncenter wp-image-27578 size-large\" src=\"https:\/\/www.johannagullichsen.com\/wp-content\/uploads\/2025\/05\/Johanna-Gullichsen-Denim-vest-artist-4-1024x768.jpg\" alt=\"\" width=\"1024\" height=\"768\" srcset=\"https:\/\/www.johannagullichsen.com\/wp-content\/uploads\/2025\/05\/Johanna-Gullichsen-Denim-vest-artist-4-1024x768.jpg 1024w, https:\/\/www.johannagullichsen.com\/wp-content\/uploads\/2025\/05\/Johanna-Gullichsen-Denim-vest-artist-4-300x225.jpg 300w, https:\/\/www.johannagullichsen.com\/wp-content\/uploads\/2025\/05\/Johanna-Gullichsen-Denim-vest-artist-4-768x576.jpg 768w, https:\/\/www.johannagullichsen.com\/wp-content\/uploads\/2025\/05\/Johanna-Gullichsen-Denim-vest-artist-4-1536x1152.jpg 1536w, https:\/\/www.johannagullichsen.com\/wp-content\/uploads\/2025\/05\/Johanna-Gullichsen-Denim-vest-artist-4-866x650.jpg 866w, https:\/\/www.johannagullichsen.com\/wp-content\/uploads\/2025\/05\/Johanna-Gullichsen-Denim-vest-artist-4-1260x945.jpg 1260w, https:\/\/www.johannagullichsen.com\/wp-content\/uploads\/2025\/05\/Johanna-Gullichsen-Denim-vest-artist-4-336x252.jpg 336w, https:\/\/www.johannagullichsen.com\/wp-content\/uploads\/2025\/05\/Johanna-Gullichsen-Denim-vest-artist-4.jpg 1600w\" sizes=\"auto, (max-width: 1024px) 100vw, 1024px\" \/><\/a> <a href=\"https:\/\/www.johannagullichsen.com\/wp-content\/uploads\/2025\/05\/Johanna-Gullichsen-Denim-jacket-gardening-5-IG.jpg\"><img loading=\"lazy\" decoding=\"async\" class=\"aligncenter wp-image-27557 size-large\" src=\"https:\/\/www.johannagullichsen.com\/wp-content\/uploads\/2025\/05\/Johanna-Gullichsen-Denim-jacket-gardening-5-IG-819x1024.jpg\" alt=\"\" width=\"819\" height=\"1024\" srcset=\"https:\/\/www.johannagullichsen.com\/wp-content\/uploads\/2025\/05\/Johanna-Gullichsen-Denim-jacket-gardening-5-IG-819x1024.jpg 819w, https:\/\/www.johannagullichsen.com\/wp-content\/uploads\/2025\/05\/Johanna-Gullichsen-Denim-jacket-gardening-5-IG-240x300.jpg 240w, https:\/\/www.johannagullichsen.com\/wp-content\/uploads\/2025\/05\/Johanna-Gullichsen-Denim-jacket-gardening-5-IG-768x960.jpg 768w, https:\/\/www.johannagullichsen.com\/wp-content\/uploads\/2025\/05\/Johanna-Gullichsen-Denim-jacket-gardening-5-IG.jpg 1080w\" sizes=\"auto, (max-width: 819px) 100vw, 819px\" \/><\/a><a href=\"https:\/\/www.johannagullichsen.com\/wp-content\/uploads\/2025\/05\/Johanna-Gullichsen-Denim-vest-7-IG.jpg\"><img loading=\"lazy\" decoding=\"async\" class=\"aligncenter wp-image-27569 size-large\" src=\"https:\/\/www.johannagullichsen.com\/wp-content\/uploads\/2025\/05\/Johanna-Gullichsen-Denim-vest-7-IG-819x1024.jpg\" alt=\"\" width=\"819\" height=\"1024\" srcset=\"https:\/\/www.johannagullichsen.com\/wp-content\/uploads\/2025\/05\/Johanna-Gullichsen-Denim-vest-7-IG-819x1024.jpg 819w, https:\/\/www.johannagullichsen.com\/wp-content\/uploads\/2025\/05\/Johanna-Gullichsen-Denim-vest-7-IG-240x300.jpg 240w, https:\/\/www.johannagullichsen.com\/wp-content\/uploads\/2025\/05\/Johanna-Gullichsen-Denim-vest-7-IG-768x960.jpg 768w, https:\/\/www.johannagullichsen.com\/wp-content\/uploads\/2025\/05\/Johanna-Gullichsen-Denim-vest-7-IG.jpg 1080w\" sizes=\"auto, (max-width: 819px) 100vw, 819px\" \/><\/a><\/p>\n<p><a href=\"https:\/\/www.johannagullichsen.com\/wp-content\/uploads\/2025\/05\/Johanna-Gullichsen-Denim-vest-6-IG.jpg\"><img loading=\"lazy\" decoding=\"async\" class=\"aligncenter wp-image-27565 size-large\" src=\"https:\/\/www.johannagullichsen.com\/wp-content\/uploads\/2025\/05\/Johanna-Gullichsen-Denim-vest-6-IG-819x1024.jpg\" alt=\"\" width=\"819\" height=\"1024\" srcset=\"https:\/\/www.johannagullichsen.com\/wp-content\/uploads\/2025\/05\/Johanna-Gullichsen-Denim-vest-6-IG-819x1024.jpg 819w, https:\/\/www.johannagullichsen.com\/wp-content\/uploads\/2025\/05\/Johanna-Gullichsen-Denim-vest-6-IG-240x300.jpg 240w, https:\/\/www.johannagullichsen.com\/wp-content\/uploads\/2025\/05\/Johanna-Gullichsen-Denim-vest-6-IG-768x960.jpg 768w, https:\/\/www.johannagullichsen.com\/wp-content\/uploads\/2025\/05\/Johanna-Gullichsen-Denim-vest-6-IG.jpg 1080w\" sizes=\"auto, (max-width: 819px) 100vw, 819px\" \/><\/a><\/p>\n<p><a href=\"https:\/\/www.johannagullichsen.com\/wp-content\/uploads\/2025\/05\/Johanna-Gullichsen-Denim-jacket-12-copy-1.jpg\"><img loading=\"lazy\" decoding=\"async\" class=\"aligncenter wp-image-27608 size-large\" src=\"https:\/\/www.johannagullichsen.com\/wp-content\/uploads\/2025\/05\/Johanna-Gullichsen-Denim-jacket-12-copy-1-819x1024.jpg\" alt=\"\" width=\"819\" height=\"1024\" srcset=\"https:\/\/www.johannagullichsen.com\/wp-content\/uploads\/2025\/05\/Johanna-Gullichsen-Denim-jacket-12-copy-1-819x1024.jpg 819w, https:\/\/www.johannagullichsen.com\/wp-content\/uploads\/2025\/05\/Johanna-Gullichsen-Denim-jacket-12-copy-1-240x300.jpg 240w, https:\/\/www.johannagullichsen.com\/wp-content\/uploads\/2025\/05\/Johanna-Gullichsen-Denim-jacket-12-copy-1-768x960.jpg 768w, https:\/\/www.johannagullichsen.com\/wp-content\/uploads\/2025\/05\/Johanna-Gullichsen-Denim-jacket-12-copy-1.jpg 1080w\" sizes=\"auto, (max-width: 819px) 100vw, 819px\" \/><\/a><\/p>\n","protected":false},"excerpt":{"rendered":"<p>P\u00e4iv\u00e4 Palikaisten kartanolla Vietimme ty\u00f6nt\u00e4yteiset p\u00e4iv\u00e4t Palikaisten kartanolla, Johanna suvun tilalla, puuhastellen monenmoista. Tilanhoitaja Verner tutustutti meid\u00e4t kev\u00e4\u00e4n kylv\u00f6t\u00f6ihin ja traktoreihin. Kiitokseksi Verner sai uuden Denim-takin, juuri sopivan kev\u00e4\u00e4n viileisiin&hellip;<\/p>\n","protected":false},"author":4,"featured_media":0,"parent":0,"menu_order":0,"comment_status":"closed","ping_status":"closed","template":"","meta":{"_acf_changed":false,"footnotes":""},"class_list":["post-27551","page","type-page","status-publish","hentry"],"acf":[],"yoast_head":"<!-- This site is optimized with the Yoast SEO Premium plugin v27.2 (Yoast SEO v27.2) - https:\/\/yoast.com\/product\/yoast-seo-premium-wordpress\/ -->\n<title>Denim ty\u00f6vaatteet - Johanna Gullichsen<\/title>\n<meta name=\"robots\" content=\"index, follow, max-snippet:-1, max-image-preview:large, max-video-preview:-1\" \/>\n<link rel=\"canonical\" href=\"https:\/\/www.johannagullichsen.com\/fi\/denim-tyovaatteet\/\" \/>\n<meta property=\"og:locale\" content=\"fi_FI\" \/>\n<meta property=\"og:type\" content=\"article\" \/>\n<meta property=\"og:title\" content=\"Denim ty\u00f6vaatteet\" \/>\n<meta property=\"og:description\" content=\"P\u00e4iv\u00e4 Palikaisten kartanolla Vietimme ty\u00f6nt\u00e4yteiset p\u00e4iv\u00e4t Palikaisten kartanolla, Johanna suvun tilalla, puuhastellen monenmoista. Tilanhoitaja Verner tutustutti meid\u00e4t kev\u00e4\u00e4n kylv\u00f6t\u00f6ihin ja traktoreihin. Kiitokseksi Verner sai uuden Denim-takin, juuri sopivan kev\u00e4\u00e4n viileisiin&hellip;\" \/>\n<meta property=\"og:url\" content=\"https:\/\/www.johannagullichsen.com\/fi\/denim-tyovaatteet\/\" \/>\n<meta property=\"og:site_name\" content=\"Johanna Gullichsen\" \/>\n<meta property=\"og:image\" content=\"https:\/\/www.johannagullichsen.com\/wp-content\/uploads\/2025\/05\/Johanna-Gullichsen-Denim-jacket-4-copy.jpg\" \/>\n\t<meta property=\"og:image:width\" content=\"1080\" \/>\n\t<meta property=\"og:image:height\" content=\"1600\" \/>\n\t<meta property=\"og:image:type\" content=\"image\/jpeg\" \/>\n<meta name=\"twitter:card\" content=\"summary_large_image\" \/>\n<meta name=\"twitter:label1\" content=\"Arvioitu lukuaika\" \/>\n\t<meta name=\"twitter:data1\" content=\"3 minuuttia\" \/>\n<script type=\"application\/ld+json\" class=\"yoast-schema-graph\">{\"@context\":\"https:\/\/schema.org\",\"@graph\":[{\"@type\":\"WebPage\",\"@id\":\"https:\/\/www.johannagullichsen.com\/fi\/denim-tyovaatteet\/\",\"url\":\"https:\/\/www.johannagullichsen.com\/fi\/denim-tyovaatteet\/\",\"name\":\"Denim ty\u00f6vaatteet - Johanna Gullichsen\",\"isPartOf\":{\"@id\":\"https:\/\/www.johannagullichsen.com\/fi\/#website\"},\"primaryImageOfPage\":{\"@id\":\"https:\/\/www.johannagullichsen.com\/fi\/denim-tyovaatteet\/#primaryimage\"},\"image\":{\"@id\":\"https:\/\/www.johannagullichsen.com\/fi\/denim-tyovaatteet\/#primaryimage\"},\"thumbnailUrl\":\"https:\/\/www.johannagullichsen.com\/wp-content\/uploads\/2025\/05\/Johanna-Gullichsen-Denim-jacket-4-copy-691x1024.jpg\",\"datePublished\":\"2025-05-23T10:12:41+00:00\",\"breadcrumb\":{\"@id\":\"https:\/\/www.johannagullichsen.com\/fi\/denim-tyovaatteet\/#breadcrumb\"},\"inLanguage\":\"fi\",\"potentialAction\":[{\"@type\":\"ReadAction\",\"target\":[\"https:\/\/www.johannagullichsen.com\/fi\/denim-tyovaatteet\/\"]}]},{\"@type\":\"ImageObject\",\"inLanguage\":\"fi\",\"@id\":\"https:\/\/www.johannagullichsen.com\/fi\/denim-tyovaatteet\/#primaryimage\",\"url\":\"https:\/\/www.johannagullichsen.com\/wp-content\/uploads\/2025\/05\/Johanna-Gullichsen-Denim-jacket-4-copy-691x1024.jpg\",\"contentUrl\":\"https:\/\/www.johannagullichsen.com\/wp-content\/uploads\/2025\/05\/Johanna-Gullichsen-Denim-jacket-4-copy-691x1024.jpg\"},{\"@type\":\"BreadcrumbList\",\"@id\":\"https:\/\/www.johannagullichsen.com\/fi\/denim-tyovaatteet\/#breadcrumb\",\"itemListElement\":[{\"@type\":\"ListItem\",\"position\":1,\"name\":\"Home\",\"item\":\"https:\/\/www.johannagullichsen.com\/fi\/\"},{\"@type\":\"ListItem\",\"position\":2,\"name\":\"Denim ty\u00f6vaatteet\"}]},{\"@type\":\"WebSite\",\"@id\":\"https:\/\/www.johannagullichsen.com\/fi\/#website\",\"url\":\"https:\/\/www.johannagullichsen.com\/fi\/\",\"name\":\"Johanna Gullichsen\",\"description\":\"\",\"potentialAction\":[{\"@type\":\"SearchAction\",\"target\":{\"@type\":\"EntryPoint\",\"urlTemplate\":\"https:\/\/www.johannagullichsen.com\/fi\/?s={search_term_string}\"},\"query-input\":{\"@type\":\"PropertyValueSpecification\",\"valueRequired\":true,\"valueName\":\"search_term_string\"}}],\"inLanguage\":\"fi\"}]}<\/script>\n<!-- \/ Yoast SEO Premium plugin. -->","yoast_head_json":{"title":"Denim ty\u00f6vaatteet - Johanna Gullichsen","robots":{"index":"index","follow":"follow","max-snippet":"max-snippet:-1","max-image-preview":"max-image-preview:large","max-video-preview":"max-video-preview:-1"},"canonical":"https:\/\/www.johannagullichsen.com\/fi\/denim-tyovaatteet\/","og_locale":"fi_FI","og_type":"article","og_title":"Denim ty\u00f6vaatteet","og_description":"P\u00e4iv\u00e4 Palikaisten kartanolla Vietimme ty\u00f6nt\u00e4yteiset p\u00e4iv\u00e4t Palikaisten kartanolla, Johanna suvun tilalla, puuhastellen monenmoista. Tilanhoitaja Verner tutustutti meid\u00e4t kev\u00e4\u00e4n kylv\u00f6t\u00f6ihin ja traktoreihin. Kiitokseksi Verner sai uuden Denim-takin, juuri sopivan kev\u00e4\u00e4n viileisiin&hellip;","og_url":"https:\/\/www.johannagullichsen.com\/fi\/denim-tyovaatteet\/","og_site_name":"Johanna Gullichsen","og_image":[{"width":1080,"height":1600,"url":"https:\/\/www.johannagullichsen.com\/wp-content\/uploads\/2025\/05\/Johanna-Gullichsen-Denim-jacket-4-copy.jpg","type":"image\/jpeg"}],"twitter_card":"summary_large_image","twitter_misc":{"Arvioitu lukuaika":"3 minuuttia"},"schema":{"@context":"https:\/\/schema.org","@graph":[{"@type":"WebPage","@id":"https:\/\/www.johannagullichsen.com\/fi\/denim-tyovaatteet\/","url":"https:\/\/www.johannagullichsen.com\/fi\/denim-tyovaatteet\/","name":"Denim ty\u00f6vaatteet - Johanna Gullichsen","isPartOf":{"@id":"https:\/\/www.johannagullichsen.com\/fi\/#website"},"primaryImageOfPage":{"@id":"https:\/\/www.johannagullichsen.com\/fi\/denim-tyovaatteet\/#primaryimage"},"image":{"@id":"https:\/\/www.johannagullichsen.com\/fi\/denim-tyovaatteet\/#primaryimage"},"thumbnailUrl":"https:\/\/www.johannagullichsen.com\/wp-content\/uploads\/2025\/05\/Johanna-Gullichsen-Denim-jacket-4-copy-691x1024.jpg","datePublished":"2025-05-23T10:12:41+00:00","breadcrumb":{"@id":"https:\/\/www.johannagullichsen.com\/fi\/denim-tyovaatteet\/#breadcrumb"},"inLanguage":"fi","potentialAction":[{"@type":"ReadAction","target":["https:\/\/www.johannagullichsen.com\/fi\/denim-tyovaatteet\/"]}]},{"@type":"ImageObject","inLanguage":"fi","@id":"https:\/\/www.johannagullichsen.com\/fi\/denim-tyovaatteet\/#primaryimage","url":"https:\/\/www.johannagullichsen.com\/wp-content\/uploads\/2025\/05\/Johanna-Gullichsen-Denim-jacket-4-copy-691x1024.jpg","contentUrl":"https:\/\/www.johannagullichsen.com\/wp-content\/uploads\/2025\/05\/Johanna-Gullichsen-Denim-jacket-4-copy-691x1024.jpg"},{"@type":"BreadcrumbList","@id":"https:\/\/www.johannagullichsen.com\/fi\/denim-tyovaatteet\/#breadcrumb","itemListElement":[{"@type":"ListItem","position":1,"name":"Home","item":"https:\/\/www.johannagullichsen.com\/fi\/"},{"@type":"ListItem","position":2,"name":"Denim ty\u00f6vaatteet"}]},{"@type":"WebSite","@id":"https:\/\/www.johannagullichsen.com\/fi\/#website","url":"https:\/\/www.johannagullichsen.com\/fi\/","name":"Johanna Gullichsen","description":"","potentialAction":[{"@type":"SearchAction","target":{"@type":"EntryPoint","urlTemplate":"https:\/\/www.johannagullichsen.com\/fi\/?s={search_term_string}"},"query-input":{"@type":"PropertyValueSpecification","valueRequired":true,"valueName":"search_term_string"}}],"inLanguage":"fi"}]}},"_links":{"self":[{"href":"https:\/\/www.johannagullichsen.com\/fi\/wp-json\/wp\/v2\/pages\/27551","targetHints":{"allow":["GET"]}}],"collection":[{"href":"https:\/\/www.johannagullichsen.com\/fi\/wp-json\/wp\/v2\/pages"}],"about":[{"href":"https:\/\/www.johannagullichsen.com\/fi\/wp-json\/wp\/v2\/types\/page"}],"author":[{"embeddable":true,"href":"https:\/\/www.johannagullichsen.com\/fi\/wp-json\/wp\/v2\/users\/4"}],"replies":[{"embeddable":true,"href":"https:\/\/www.johannagullichsen.com\/fi\/wp-json\/wp\/v2\/comments?post=27551"}],"version-history":[{"count":13,"href":"https:\/\/www.johannagullichsen.com\/fi\/wp-json\/wp\/v2\/pages\/27551\/revisions"}],"predecessor-version":[{"id":27641,"href":"https:\/\/www.johannagullichsen.com\/fi\/wp-json\/wp\/v2\/pages\/27551\/revisions\/27641"}],"wp:attachment":[{"href":"https:\/\/www.johannagullichsen.com\/fi\/wp-json\/wp\/v2\/media?parent=27551"}],"curies":[{"name":"wp","href":"https:\/\/api.w.org\/{rel}","templated":true}]}}