{"id":28274,"date":"2025-08-08T14:06:15","date_gmt":"2025-08-08T11:06:15","guid":{"rendered":"https:\/\/www.johannagullichsen.com\/?page_id=28274"},"modified":"2025-08-12T11:56:06","modified_gmt":"2025-08-12T08:56:06","slug":"tapio-anttila-johanna-gullichsen","status":"publish","type":"page","link":"https:\/\/www.johannagullichsen.com\/fi\/tapio-anttila-johanna-gullichsen\/","title":{"rendered":"Tapio Anttila + Johanna Gullichsen"},"content":{"rendered":"<h3>Tapio Anttilan ON2Wood vuodesohva on saatavilla nyt Nereus-p\u00e4\u00e4llisill\u00e4<\/h3>\n<p><a href=\"https:\/\/www.johannagullichsen.com\/wp-content\/uploads\/2025\/08\/04-ON2-Wood-sofa-bed-cusion-cover-Johanna-Gullichsen-Nereus-2.jpg\"><img loading=\"lazy\" decoding=\"async\" class=\"aligncenter wp-image-28284 size-full\" src=\"https:\/\/www.johannagullichsen.com\/wp-content\/uploads\/2025\/08\/04-ON2-Wood-sofa-bed-cusion-cover-Johanna-Gullichsen-Nereus-2.jpg\" alt=\"\" width=\"1000\" height=\"625\" srcset=\"https:\/\/www.johannagullichsen.com\/wp-content\/uploads\/2025\/08\/04-ON2-Wood-sofa-bed-cusion-cover-Johanna-Gullichsen-Nereus-2.jpg 1000w, https:\/\/www.johannagullichsen.com\/wp-content\/uploads\/2025\/08\/04-ON2-Wood-sofa-bed-cusion-cover-Johanna-Gullichsen-Nereus-2-300x188.jpg 300w, https:\/\/www.johannagullichsen.com\/wp-content\/uploads\/2025\/08\/04-ON2-Wood-sofa-bed-cusion-cover-Johanna-Gullichsen-Nereus-2-768x480.jpg 768w\" sizes=\"auto, (max-width: 1000px) 100vw, 1000px\" \/><\/a><\/p>\n<h4>Erityinen erikoissarja erilaisille ihmisille<\/h4>\n<p>Johanna Gullichsenin Nereus-kangas valikoitui Tapio Anttilan yleis\u00f6\u00e4\u00e4nestyksen suosikiksi, ja on nyt saatavilla ON2Wood sohvan tyynyjen irtop\u00e4\u00e4llisen\u00e4. Irtop\u00e4\u00e4lliset on tilattavissa Tapio Anttilan verkkkokaupasta ja sohva on esill\u00e4 Johanna Gullichsenin Lasipalatsin myym\u00e4l\u00e4ss\u00e4 elokuun lopulta syyskuun lopulle.<\/p>\n<p>T\u00e4m\u00e4 yhteisty\u00f6 syntyi helposti ja vaivattomasti. <em>\u201cOlemme Johannan kanssa tunteneet toisemme jo pitk\u00e4\u00e4n. S\u00e4\u00e4nn\u00f6llisen ep\u00e4s\u00e4\u00e4nn\u00f6llisesti olemme puhuneet, ett\u00e4 pit\u00e4isi joskus tehd\u00e4 yhteisty\u00f6t\u00e4\u2013ja nyt se vihdoin toteutui! ON2-vuodesohvassa ja Nereus-kankaassa on jotain samaa: ajatonta ajattomuutta. Ei siis ollut yll\u00e4tys, ett\u00e4 ne toimivat yhdess\u00e4 n\u00e4in hyvin.\u201d<\/em> Tapio Anttila kertoo projektin synnyst\u00e4.<\/p>\n<p>Irtop\u00e4\u00e4llissettiin kuuluu: 2 kappaletta selk\u00e4nojatyynynp\u00e4\u00e4llisi\u00e4 ja 2 kappaletta k\u00e4sinojatyynynp\u00e4\u00e4llisi\u00e4. <em>&#8221;Vaihtele p\u00e4\u00e4llisi\u00e4 kausien, juhlien tai mielialan mukaan\u2013pieni muutos tekee yll\u00e4tt\u00e4v\u00e4n paljon.\u201d<\/em> vinkkaa sisustusarkkitehti Arja Anttila.<\/p>\n<h4>Ajatonta suunnittelua<\/h4>\n<p>ON2 vuodesohva on kevytrakenteinen ja ennen kaikkea n\u00e4pp\u00e4r\u00e4. Se vastaa monen kodin vierasvuode tarpeeseen. Sohva on ollut tuotannossa pitk\u00e4\u00e4n, jo vuodesta 2007. Pitk\u00e4ik\u00e4isyys kertoo tuotteen hyv\u00e4st\u00e4 suunnittelusta, joka kest\u00e4\u00e4 aikaa ja k\u00e4ytt\u00f6\u00e4. ON2 Wood -vuodesohva on suunniteltu tukemaan arkea ja mukautumaan eri el\u00e4m\u00e4ntilanteisiin. P\u00e4ivisin se toimii mukavana ja tyylikk\u00e4\u00e4n\u00e4 sohvana, ja iltaisin se muuntautuu vaivattomasti tilavaksi parivuoteeksi (160 x 200 cm) tai kahdeksi erilliseksi vuoteeksi (2 x 80 x 200 cm).<\/p>\n<p><em>\u201d2000-luvun puolessav\u00e4liss\u00e4, markkinoilla oli selke\u00e4 puute. Kaikki vuodesohvat olivat raskaita mekanismisohvia. Niiss\u00e4 oli huono istua ja\/tai nukkua ja ne olivat aina parivuoteita. Ja vieraathan eiv\u00e4t ole aina pariskuntia, jolloin tilap\u00e4isten nukkumisj\u00e4rjestelyiden osuessa kohdalle, saattoi tulla vaivaantuneita tilanteita. L\u00e4hdin ratkaisemaan t\u00e4t\u00e4 ongelmaa designin keinoin.\u201d<\/em><\/p>\n<p>Tervetuloa tutustumaan Tapio Anttila + Johanna Gullichsen -yhteisty\u00f6h\u00f6n Lasipalatsin myym\u00e4l\u00e4\u00e4n!<\/p>\n<p><a href=\"https:\/\/www.johannagullichsen.com\/wp-content\/uploads\/2025\/08\/TAC_MG_7250-scaled.jpg\"><img loading=\"lazy\" decoding=\"async\" class=\"aligncenter wp-image-28279 size-large\" src=\"https:\/\/www.johannagullichsen.com\/wp-content\/uploads\/2025\/08\/TAC_MG_7250-1024x874.jpg\" alt=\"\" width=\"1024\" height=\"874\" srcset=\"https:\/\/www.johannagullichsen.com\/wp-content\/uploads\/2025\/08\/TAC_MG_7250-1024x874.jpg 1024w, https:\/\/www.johannagullichsen.com\/wp-content\/uploads\/2025\/08\/TAC_MG_7250-300x256.jpg 300w, https:\/\/www.johannagullichsen.com\/wp-content\/uploads\/2025\/08\/TAC_MG_7250-768x656.jpg 768w, https:\/\/www.johannagullichsen.com\/wp-content\/uploads\/2025\/08\/TAC_MG_7250-1536x1312.jpg 1536w, https:\/\/www.johannagullichsen.com\/wp-content\/uploads\/2025\/08\/TAC_MG_7250-2048x1749.jpg 2048w, https:\/\/www.johannagullichsen.com\/wp-content\/uploads\/2025\/08\/TAC_MG_7250-1920x1639.jpg 1920w, https:\/\/www.johannagullichsen.com\/wp-content\/uploads\/2025\/08\/TAC_MG_7250-1260x1076.jpg 1260w\" sizes=\"auto, (max-width: 1024px) 100vw, 1024px\" \/><\/a><a href=\"https:\/\/www.johannagullichsen.com\/wp-content\/uploads\/2025\/08\/08-ON2-Wood-sofa-bed-cusion-cover-Johanna-Gullichsen-Nereus-1.jpg\"><img loading=\"lazy\" decoding=\"async\" class=\"aligncenter wp-image-28289 size-full\" src=\"https:\/\/www.johannagullichsen.com\/wp-content\/uploads\/2025\/08\/08-ON2-Wood-sofa-bed-cusion-cover-Johanna-Gullichsen-Nereus-1.jpg\" alt=\"\" width=\"1600\" height=\"1204\" srcset=\"https:\/\/www.johannagullichsen.com\/wp-content\/uploads\/2025\/08\/08-ON2-Wood-sofa-bed-cusion-cover-Johanna-Gullichsen-Nereus-1.jpg 1600w, https:\/\/www.johannagullichsen.com\/wp-content\/uploads\/2025\/08\/08-ON2-Wood-sofa-bed-cusion-cover-Johanna-Gullichsen-Nereus-1-300x226.jpg 300w, https:\/\/www.johannagullichsen.com\/wp-content\/uploads\/2025\/08\/08-ON2-Wood-sofa-bed-cusion-cover-Johanna-Gullichsen-Nereus-1-1024x771.jpg 1024w, https:\/\/www.johannagullichsen.com\/wp-content\/uploads\/2025\/08\/08-ON2-Wood-sofa-bed-cusion-cover-Johanna-Gullichsen-Nereus-1-768x578.jpg 768w, https:\/\/www.johannagullichsen.com\/wp-content\/uploads\/2025\/08\/08-ON2-Wood-sofa-bed-cusion-cover-Johanna-Gullichsen-Nereus-1-1536x1156.jpg 1536w, https:\/\/www.johannagullichsen.com\/wp-content\/uploads\/2025\/08\/08-ON2-Wood-sofa-bed-cusion-cover-Johanna-Gullichsen-Nereus-1-1260x948.jpg 1260w, https:\/\/www.johannagullichsen.com\/wp-content\/uploads\/2025\/08\/08-ON2-Wood-sofa-bed-cusion-cover-Johanna-Gullichsen-Nereus-1-336x252.jpg 336w\" sizes=\"auto, (max-width: 1600px) 100vw, 1600px\" \/><\/a><a href=\"https:\/\/www.johannagullichsen.com\/wp-content\/uploads\/2025\/08\/02-ON2-Wood-sofa-bed-cusion-cover-Johanna-Gullichsen-Nereus-2.jpg\"><img loading=\"lazy\" decoding=\"async\" class=\"aligncenter wp-image-28293 size-full\" src=\"https:\/\/www.johannagullichsen.com\/wp-content\/uploads\/2025\/08\/02-ON2-Wood-sofa-bed-cusion-cover-Johanna-Gullichsen-Nereus-2.jpg\" alt=\"\" width=\"1600\" height=\"1000\" srcset=\"https:\/\/www.johannagullichsen.com\/wp-content\/uploads\/2025\/08\/02-ON2-Wood-sofa-bed-cusion-cover-Johanna-Gullichsen-Nereus-2.jpg 1600w, https:\/\/www.johannagullichsen.com\/wp-content\/uploads\/2025\/08\/02-ON2-Wood-sofa-bed-cusion-cover-Johanna-Gullichsen-Nereus-2-300x188.jpg 300w, https:\/\/www.johannagullichsen.com\/wp-content\/uploads\/2025\/08\/02-ON2-Wood-sofa-bed-cusion-cover-Johanna-Gullichsen-Nereus-2-1024x640.jpg 1024w, https:\/\/www.johannagullichsen.com\/wp-content\/uploads\/2025\/08\/02-ON2-Wood-sofa-bed-cusion-cover-Johanna-Gullichsen-Nereus-2-768x480.jpg 768w, https:\/\/www.johannagullichsen.com\/wp-content\/uploads\/2025\/08\/02-ON2-Wood-sofa-bed-cusion-cover-Johanna-Gullichsen-Nereus-2-1536x960.jpg 1536w, https:\/\/www.johannagullichsen.com\/wp-content\/uploads\/2025\/08\/02-ON2-Wood-sofa-bed-cusion-cover-Johanna-Gullichsen-Nereus-2-1260x788.jpg 1260w\" sizes=\"auto, (max-width: 1600px) 100vw, 1600px\" \/><\/a><\/p>\n","protected":false},"excerpt":{"rendered":"<p>Tapio Anttilan ON2Wood vuodesohva on saatavilla nyt Nereus-p\u00e4\u00e4llisill\u00e4 Erityinen erikoissarja erilaisille ihmisille Johanna Gullichsenin Nereus-kangas valikoitui Tapio Anttilan yleis\u00f6\u00e4\u00e4nestyksen suosikiksi, ja on nyt saatavilla ON2Wood sohvan tyynyjen irtop\u00e4\u00e4llisen\u00e4. Irtop\u00e4\u00e4lliset on&hellip;<\/p>\n","protected":false},"author":4,"featured_media":0,"parent":0,"menu_order":0,"comment_status":"closed","ping_status":"closed","template":"","meta":{"_acf_changed":false,"footnotes":""},"class_list":["post-28274","page","type-page","status-publish","hentry"],"acf":[],"yoast_head":"<!-- This site is optimized with the Yoast SEO Premium plugin v27.2 (Yoast SEO v27.5) - https:\/\/yoast.com\/product\/yoast-seo-premium-wordpress\/ -->\n<title>Tapio Anttila + Johanna Gullichsen - Johanna Gullichsen<\/title>\n<meta name=\"robots\" content=\"index, follow, max-snippet:-1, max-image-preview:large, max-video-preview:-1\" \/>\n<link rel=\"canonical\" href=\"https:\/\/www.johannagullichsen.com\/fi\/tapio-anttila-johanna-gullichsen\/\" \/>\n<meta property=\"og:locale\" content=\"fi_FI\" \/>\n<meta property=\"og:type\" content=\"article\" \/>\n<meta property=\"og:title\" content=\"Tapio Anttila + Johanna Gullichsen\" \/>\n<meta property=\"og:description\" content=\"Tapio Anttilan ON2Wood vuodesohva on saatavilla nyt Nereus-p\u00e4\u00e4llisill\u00e4 Erityinen erikoissarja erilaisille ihmisille Johanna Gullichsenin Nereus-kangas valikoitui Tapio Anttilan yleis\u00f6\u00e4\u00e4nestyksen suosikiksi, ja on nyt saatavilla ON2Wood sohvan tyynyjen irtop\u00e4\u00e4llisen\u00e4. Irtop\u00e4\u00e4lliset on&hellip;\" \/>\n<meta property=\"og:url\" content=\"https:\/\/www.johannagullichsen.com\/fi\/tapio-anttila-johanna-gullichsen\/\" \/>\n<meta property=\"og:site_name\" content=\"Johanna Gullichsen\" \/>\n<meta property=\"article:modified_time\" content=\"2025-08-12T08:56:06+00:00\" \/>\n<meta property=\"og:image\" content=\"https:\/\/www.johannagullichsen.com\/wp-content\/uploads\/2025\/08\/04-ON2-Wood-sofa-bed-cusion-cover-Johanna-Gullichsen-Nereus-2.jpg\" \/>\n\t<meta property=\"og:image:width\" content=\"1000\" \/>\n\t<meta property=\"og:image:height\" content=\"625\" \/>\n\t<meta property=\"og:image:type\" content=\"image\/jpeg\" \/>\n<meta name=\"twitter:card\" content=\"summary_large_image\" \/>\n<meta name=\"twitter:label1\" content=\"Arvioitu lukuaika\" \/>\n\t<meta name=\"twitter:data1\" content=\"2 minuuttia\" \/>\n<script type=\"application\/ld+json\" class=\"yoast-schema-graph\">{\"@context\":\"https:\\\/\\\/schema.org\",\"@graph\":[{\"@type\":\"WebPage\",\"@id\":\"https:\\\/\\\/www.johannagullichsen.com\\\/fi\\\/tapio-anttila-johanna-gullichsen\\\/\",\"url\":\"https:\\\/\\\/www.johannagullichsen.com\\\/fi\\\/tapio-anttila-johanna-gullichsen\\\/\",\"name\":\"Tapio Anttila + Johanna Gullichsen - Johanna Gullichsen\",\"isPartOf\":{\"@id\":\"https:\\\/\\\/www.johannagullichsen.com\\\/fi\\\/#website\"},\"primaryImageOfPage\":{\"@id\":\"https:\\\/\\\/www.johannagullichsen.com\\\/fi\\\/tapio-anttila-johanna-gullichsen\\\/#primaryimage\"},\"image\":{\"@id\":\"https:\\\/\\\/www.johannagullichsen.com\\\/fi\\\/tapio-anttila-johanna-gullichsen\\\/#primaryimage\"},\"thumbnailUrl\":\"https:\\\/\\\/www.johannagullichsen.com\\\/wp-content\\\/uploads\\\/2025\\\/08\\\/04-ON2-Wood-sofa-bed-cusion-cover-Johanna-Gullichsen-Nereus-2.jpg\",\"datePublished\":\"2025-08-08T11:06:15+00:00\",\"dateModified\":\"2025-08-12T08:56:06+00:00\",\"breadcrumb\":{\"@id\":\"https:\\\/\\\/www.johannagullichsen.com\\\/fi\\\/tapio-anttila-johanna-gullichsen\\\/#breadcrumb\"},\"inLanguage\":\"fi\",\"potentialAction\":[{\"@type\":\"ReadAction\",\"target\":[\"https:\\\/\\\/www.johannagullichsen.com\\\/fi\\\/tapio-anttila-johanna-gullichsen\\\/\"]}]},{\"@type\":\"ImageObject\",\"inLanguage\":\"fi\",\"@id\":\"https:\\\/\\\/www.johannagullichsen.com\\\/fi\\\/tapio-anttila-johanna-gullichsen\\\/#primaryimage\",\"url\":\"https:\\\/\\\/www.johannagullichsen.com\\\/wp-content\\\/uploads\\\/2025\\\/08\\\/04-ON2-Wood-sofa-bed-cusion-cover-Johanna-Gullichsen-Nereus-2.jpg\",\"contentUrl\":\"https:\\\/\\\/www.johannagullichsen.com\\\/wp-content\\\/uploads\\\/2025\\\/08\\\/04-ON2-Wood-sofa-bed-cusion-cover-Johanna-Gullichsen-Nereus-2.jpg\"},{\"@type\":\"BreadcrumbList\",\"@id\":\"https:\\\/\\\/www.johannagullichsen.com\\\/fi\\\/tapio-anttila-johanna-gullichsen\\\/#breadcrumb\",\"itemListElement\":[{\"@type\":\"ListItem\",\"position\":1,\"name\":\"Home\",\"item\":\"https:\\\/\\\/www.johannagullichsen.com\\\/fi\\\/\"},{\"@type\":\"ListItem\",\"position\":2,\"name\":\"Tapio Anttila + Johanna Gullichsen\"}]},{\"@type\":\"WebSite\",\"@id\":\"https:\\\/\\\/www.johannagullichsen.com\\\/fi\\\/#website\",\"url\":\"https:\\\/\\\/www.johannagullichsen.com\\\/fi\\\/\",\"name\":\"Johanna Gullichsen\",\"description\":\"\",\"potentialAction\":[{\"@type\":\"SearchAction\",\"target\":{\"@type\":\"EntryPoint\",\"urlTemplate\":\"https:\\\/\\\/www.johannagullichsen.com\\\/fi\\\/?s={search_term_string}\"},\"query-input\":{\"@type\":\"PropertyValueSpecification\",\"valueRequired\":true,\"valueName\":\"search_term_string\"}}],\"inLanguage\":\"fi\"}]}<\/script>\n<!-- \/ Yoast SEO Premium plugin. -->","yoast_head_json":{"title":"Tapio Anttila + Johanna Gullichsen - Johanna Gullichsen","robots":{"index":"index","follow":"follow","max-snippet":"max-snippet:-1","max-image-preview":"max-image-preview:large","max-video-preview":"max-video-preview:-1"},"canonical":"https:\/\/www.johannagullichsen.com\/fi\/tapio-anttila-johanna-gullichsen\/","og_locale":"fi_FI","og_type":"article","og_title":"Tapio Anttila + Johanna Gullichsen","og_description":"Tapio Anttilan ON2Wood vuodesohva on saatavilla nyt Nereus-p\u00e4\u00e4llisill\u00e4 Erityinen erikoissarja erilaisille ihmisille Johanna Gullichsenin Nereus-kangas valikoitui Tapio Anttilan yleis\u00f6\u00e4\u00e4nestyksen suosikiksi, ja on nyt saatavilla ON2Wood sohvan tyynyjen irtop\u00e4\u00e4llisen\u00e4. Irtop\u00e4\u00e4lliset on&hellip;","og_url":"https:\/\/www.johannagullichsen.com\/fi\/tapio-anttila-johanna-gullichsen\/","og_site_name":"Johanna Gullichsen","article_modified_time":"2025-08-12T08:56:06+00:00","og_image":[{"width":1000,"height":625,"url":"https:\/\/www.johannagullichsen.com\/wp-content\/uploads\/2025\/08\/04-ON2-Wood-sofa-bed-cusion-cover-Johanna-Gullichsen-Nereus-2.jpg","type":"image\/jpeg"}],"twitter_card":"summary_large_image","twitter_misc":{"Arvioitu lukuaika":"2 minuuttia"},"schema":{"@context":"https:\/\/schema.org","@graph":[{"@type":"WebPage","@id":"https:\/\/www.johannagullichsen.com\/fi\/tapio-anttila-johanna-gullichsen\/","url":"https:\/\/www.johannagullichsen.com\/fi\/tapio-anttila-johanna-gullichsen\/","name":"Tapio Anttila + Johanna Gullichsen - Johanna Gullichsen","isPartOf":{"@id":"https:\/\/www.johannagullichsen.com\/fi\/#website"},"primaryImageOfPage":{"@id":"https:\/\/www.johannagullichsen.com\/fi\/tapio-anttila-johanna-gullichsen\/#primaryimage"},"image":{"@id":"https:\/\/www.johannagullichsen.com\/fi\/tapio-anttila-johanna-gullichsen\/#primaryimage"},"thumbnailUrl":"https:\/\/www.johannagullichsen.com\/wp-content\/uploads\/2025\/08\/04-ON2-Wood-sofa-bed-cusion-cover-Johanna-Gullichsen-Nereus-2.jpg","datePublished":"2025-08-08T11:06:15+00:00","dateModified":"2025-08-12T08:56:06+00:00","breadcrumb":{"@id":"https:\/\/www.johannagullichsen.com\/fi\/tapio-anttila-johanna-gullichsen\/#breadcrumb"},"inLanguage":"fi","potentialAction":[{"@type":"ReadAction","target":["https:\/\/www.johannagullichsen.com\/fi\/tapio-anttila-johanna-gullichsen\/"]}]},{"@type":"ImageObject","inLanguage":"fi","@id":"https:\/\/www.johannagullichsen.com\/fi\/tapio-anttila-johanna-gullichsen\/#primaryimage","url":"https:\/\/www.johannagullichsen.com\/wp-content\/uploads\/2025\/08\/04-ON2-Wood-sofa-bed-cusion-cover-Johanna-Gullichsen-Nereus-2.jpg","contentUrl":"https:\/\/www.johannagullichsen.com\/wp-content\/uploads\/2025\/08\/04-ON2-Wood-sofa-bed-cusion-cover-Johanna-Gullichsen-Nereus-2.jpg"},{"@type":"BreadcrumbList","@id":"https:\/\/www.johannagullichsen.com\/fi\/tapio-anttila-johanna-gullichsen\/#breadcrumb","itemListElement":[{"@type":"ListItem","position":1,"name":"Home","item":"https:\/\/www.johannagullichsen.com\/fi\/"},{"@type":"ListItem","position":2,"name":"Tapio Anttila + Johanna Gullichsen"}]},{"@type":"WebSite","@id":"https:\/\/www.johannagullichsen.com\/fi\/#website","url":"https:\/\/www.johannagullichsen.com\/fi\/","name":"Johanna Gullichsen","description":"","potentialAction":[{"@type":"SearchAction","target":{"@type":"EntryPoint","urlTemplate":"https:\/\/www.johannagullichsen.com\/fi\/?s={search_term_string}"},"query-input":{"@type":"PropertyValueSpecification","valueRequired":true,"valueName":"search_term_string"}}],"inLanguage":"fi"}]}},"_links":{"self":[{"href":"https:\/\/www.johannagullichsen.com\/fi\/wp-json\/wp\/v2\/pages\/28274","targetHints":{"allow":["GET"]}}],"collection":[{"href":"https:\/\/www.johannagullichsen.com\/fi\/wp-json\/wp\/v2\/pages"}],"about":[{"href":"https:\/\/www.johannagullichsen.com\/fi\/wp-json\/wp\/v2\/types\/page"}],"author":[{"embeddable":true,"href":"https:\/\/www.johannagullichsen.com\/fi\/wp-json\/wp\/v2\/users\/4"}],"replies":[{"embeddable":true,"href":"https:\/\/www.johannagullichsen.com\/fi\/wp-json\/wp\/v2\/comments?post=28274"}],"version-history":[{"count":6,"href":"https:\/\/www.johannagullichsen.com\/fi\/wp-json\/wp\/v2\/pages\/28274\/revisions"}],"predecessor-version":[{"id":28312,"href":"https:\/\/www.johannagullichsen.com\/fi\/wp-json\/wp\/v2\/pages\/28274\/revisions\/28312"}],"wp:attachment":[{"href":"https:\/\/www.johannagullichsen.com\/fi\/wp-json\/wp\/v2\/media?parent=28274"}],"curies":[{"name":"wp","href":"https:\/\/api.w.org\/{rel}","templated":true}]}}