{"id":28556,"date":"2025-08-27T15:23:20","date_gmt":"2025-08-27T12:23:20","guid":{"rendered":"https:\/\/www.johannagullichsen.com\/the-sound-of-johanna-gullichsen\/"},"modified":"2025-09-15T11:22:27","modified_gmt":"2025-09-15T08:22:27","slug":"the-sound-of-johanna-gullichsen","status":"publish","type":"page","link":"https:\/\/www.johannagullichsen.com\/fi\/the-sound-of-johanna-gullichsen\/","title":{"rendered":"The Sound of Johanna Gullichsen"},"content":{"rendered":"<p><a href=\"https:\/\/www.johannagullichsen.com\/wp-content\/uploads\/2025\/08\/The-Sound-of-Johanna-Gullichsen-Joel-Matti-1920x1280-shop.png\"><img loading=\"lazy\" decoding=\"async\" class=\"aligncenter wp-image-28527 size-full\" src=\"https:\/\/www.johannagullichsen.com\/wp-content\/uploads\/2025\/08\/The-Sound-of-Johanna-Gullichsen-Joel-Matti-1920x1280-shop.png\" alt=\"\" width=\"1920\" height=\"1280\" srcset=\"https:\/\/www.johannagullichsen.com\/wp-content\/uploads\/2025\/08\/The-Sound-of-Johanna-Gullichsen-Joel-Matti-1920x1280-shop.png 1920w, https:\/\/www.johannagullichsen.com\/wp-content\/uploads\/2025\/08\/The-Sound-of-Johanna-Gullichsen-Joel-Matti-1920x1280-shop-300x200.png 300w, https:\/\/www.johannagullichsen.com\/wp-content\/uploads\/2025\/08\/The-Sound-of-Johanna-Gullichsen-Joel-Matti-1920x1280-shop-1024x683.png 1024w, https:\/\/www.johannagullichsen.com\/wp-content\/uploads\/2025\/08\/The-Sound-of-Johanna-Gullichsen-Joel-Matti-1920x1280-shop-768x512.png 768w, https:\/\/www.johannagullichsen.com\/wp-content\/uploads\/2025\/08\/The-Sound-of-Johanna-Gullichsen-Joel-Matti-1920x1280-shop-1536x1024.png 1536w, https:\/\/www.johannagullichsen.com\/wp-content\/uploads\/2025\/08\/The-Sound-of-Johanna-Gullichsen-Joel-Matti-1920x1280-shop-1260x840.png 1260w\" sizes=\"auto, (max-width: 1920px) 100vw, 1920px\" \/><\/a><\/p>\n<p>Johanna Gullichsenin klassiset kuosit ovat tunnettuja. Monet my\u00f6s tiet\u00e4v\u00e4t milt\u00e4 kankaat tuntuvat, mutta milt\u00e4 br\u00e4ndi kuulostaa? Joel Hyp\u00e9n ja Matti Nives loivat Johanna Gullichsenille ainutlaatuisen \u00e4\u00e4nimaailman, jossa yhdistyv\u00e4t autenttiset \u00e4\u00e4net, puhutut elementit ja s\u00e4velletty musiikki.<\/p>\n<h3><strong>Br\u00e4ndin taajuudella\u00a0<\/strong><\/h3>\n<p class=\"p1\">Aluksi tavoitteena oli laatia soittolistoja ja valita Johanna Gullichsenin br\u00e4ndille sopivaa musiikkia. Suunnitelma kuitenkin kasvoi nopeasti kunnianhimoisemmaksi ja syntyi ajatus kokonaisvaltaisesta \u00e4\u00e4nimaisemasta, joka heijastaisi br\u00e4ndin henke\u00e4 syvemmin. Ideaan tarttuivat innolla Joel Hyp\u00e9n ja Matti Nives \u2013 kaksi musiikin moniosaajaa, jotka suhtautuvat luovasti musiikkiin ja \u00e4\u00e4neen elementtin\u00e4.<\/p>\n<p class=\"p1\">Hyp\u00e9ni\u00e4 ja Nivest\u00e4 yhdist\u00e4\u00e4 kyltym\u00e4t\u00f6n uteliaisuus ja halu l\u00f6yt\u00e4\u00e4 uutta. He ovat inspiroineet toisiaan jo l\u00e4hes kahden vuosikymmenen ajan, ja nyt he p\u00e4\u00e4siv\u00e4t j\u00e4lleen yhdist\u00e4m\u00e4\u00e4n voimansa pitk\u00e4n tauon j\u00e4lkeen. DJ-toiminnan kautta toisensa l\u00f6yt\u00e4neet tekij\u00e4t ovat luoneet tahoillaan vaikuttavat urat musiikin kent\u00e4ll\u00e4.<\/p>\n<p class=\"p1\">Matti Nives on kansainv\u00e4lisesti arvostetun helsinkil\u00e4isen We Jazz -br\u00e4ndin taiteellinen johtaja, levytuottaja, graafinen suunnittelija ja musiikkikuraattori, jonka musiikillisista l\u00f6yd\u00f6ist\u00e4 on mahdollista nauttia mm. Odysseus-festivaalilla ja Radio Helsingin taajuudella. Joel Hyp\u00e9n on palkittu \u00e4\u00e4nisuunnittelija ja s\u00e4velt\u00e4j\u00e4, joka on luonut sis\u00e4lt\u00f6\u00e4 mm. Marimekolle, Voguelle ja lukuisille muille br\u00e4ndeille. H\u00e4nen sooloprojektinsa Neon Stripes tuottaa elektronista musaa. Neon Stripesin esikoisalbumi julkaistaan talvella 2026.<\/p>\n<p>Kuunnellaksesi musiikkia <a href=\"javascript:Cookiebot.renew()\">hyv\u00e4ksy ev\u00e4steet<\/a>, tai vieraile <a href=\"https:\/\/soundcloud.com\/johanna-gullichsen-69669337\/sets\/the-sound-of-johanna\">SoundCloudissa.<\/a><\/p>\n<p><iframe loading=\"lazy\" title=\"The Sound of Johanna Gullichsen by Johanna Gullichsen\" width=\"500\" height=\"450\" scrolling=\"no\" frameborder=\"no\" src=\"https:\/\/w.soundcloud.com\/player\/?visual=true&#038;url=https%3A%2F%2Fapi.soundcloud.com%2Fplaylists%2F2073068799&#038;show_artwork=true&#038;maxheight=750&#038;maxwidth=500\"><\/iframe><\/p>\n<h3>\u00c4\u00e4nimaailmaa kutomassa<\/h3>\n<p class=\"p1\">Nives suunnitteli aluksi konseptin, jossa Johanna Gullichsenin ty\u00f6t\u00e4 esitell\u00e4\u00e4n \u00e4\u00e4nisuunnittelun keinoin ja luodaan kuva Gullichsenin suunnittelun ja tuotannon vaiheista. Ensin taltioitiin ty\u00f6nteon \u00e4\u00e4ni\u00e4 kutomolla, ompelukoneen ja kangaspuiden \u00e4\u00e4rell\u00e4 sek\u00e4 myym\u00e4l\u00e4ss\u00e4. Hyp\u00e9n on s\u00e4velt\u00e4nyt kentt\u00e4-\u00e4\u00e4nitysmateriaalin pohjalta luoduista sampleist\u00e4 viisi musiikkikappaletta.\u00a0 \u201cHalusimme yhdist\u00e4\u00e4 tekstiilisuunnittelun ja -valmistuksen vaiheita my\u00f6s musiikillisempiin ja rytmisempiin elementteihin. Lopputuloksessa voi kuulla Gullichsenin ty\u00f6n vaiheita piirt\u00e4misest\u00e4, kankaan leikkuuseen ja kudontaan musiikillisessa muodossa\u201d, kaksikko kuvailee.<\/p>\n<p>Kentt\u00e4-\u00e4\u00e4nityksist\u00e4 koostettiin my\u00f6s tunnin mittainen \u00e4\u00e4nimaailma, mit\u00e4 kuuntelemalla voi sukeltaa Johanna Gullichsenin maailmaan.<\/p>\n<p>Kuunnellaksesi \u00e4\u00e4nimaiseman <a href=\"javascript:Cookiebot.renew()\">hyv\u00e4ksy ev\u00e4steet<\/a>, tai vieraile <a href=\"https:\/\/soundcloud.com\/johanna-gullichsen-69669337\/the-sound-of-johanna-gullichsen-soundscape-60-min\">SoundCloudissa.<\/a><\/p>\n<p><iframe loading=\"lazy\" title=\"Soundscape 60 min by Johanna Gullichsen\" width=\"500\" height=\"400\" scrolling=\"no\" frameborder=\"no\" src=\"https:\/\/w.soundcloud.com\/player\/?visual=true&#038;url=https%3A%2F%2Fapi.soundcloud.com%2Ftracks%2F2163950382&#038;show_artwork=true&#038;maxheight=750&#038;maxwidth=500\"><\/iframe><\/p>\n<p class=\"p1\">Tutustumalla tuotannon ja ty\u00f6n vaiheisiin muusikot saivat syvemm\u00e4n ymm\u00e4rryksen br\u00e4ndist\u00e4. \u201cHalusimme kertoa k\u00e4sity\u00f6l\u00e4isyydest\u00e4 ja tuoda viestint\u00e4\u00e4n konkretiaa Johanna Gullichsenin arjesta, jossa br\u00e4ndin visio toteutuu. S\u00e4vellysprosessi eteni orgaanisesti suunnittelusta \u00e4\u00e4nien keruun kautta j\u00e4lkituotantoon ja lopulta julkaisuun.\u201d Hyp\u00e9n kertoo. Nives lis\u00e4\u00e4: &#8221;Kuten usein k\u00e4y, parasta on uusien ihmisten kohtaaminen ja uusien ajatusten sek\u00e4 inspiraation l\u00f6yt\u00e4minen. Uskon, ett\u00e4 koko tiimi yll\u00e4ttyi monta kertaa prosessin aikana. Erityisen hienoa oli yhteinen &#8217;luokkaretki&#8217; kutomolle, jossa p\u00e4\u00e4simme kokemaan br\u00e4ndin ytimen paikan p\u00e4\u00e4ll\u00e4.&#8221; Kentt\u00e4-\u00e4\u00e4nityksiss\u00e4 mukana oli my\u00f6s Rikard Lassenius, joka kuvasi \u00e4\u00e4nitysprosessia ja editoi materiaalista videoita. Lassenius on suunnitellut my\u00f6s Johanna Gullichsenin visuaalisen ilmeen.<\/p>\n<h3>\u00c4\u00e4nipankki kutsuu kaikki osallistumaan<\/h3>\n<p>Innostavan projektin tunnistaa siit\u00e4, ett\u00e4 ensimm\u00e4inen vaihe mahdollistaa seuraavan. \u00c4\u00e4nimaiseman tarina voi jatkua luontevasti muokkaamalla jo l\u00f6ydettyj\u00e4 \u00e4\u00e4ni\u00e4 yh\u00e4 uudelleen. \u00c4\u00e4nt\u00e4 voi yhdist\u00e4\u00e4 my\u00f6s muihin Johanna Gullichsenin br\u00e4ndielementteihin tapahtumissa ja n\u00e4yttelyiss\u00e4.<\/p>\n<p>\u201cToivomme lis\u00e4ksi ett\u00e4 ker\u00e4\u00e4m\u00e4mme \u00e4\u00e4net l\u00e4htev\u00e4t el\u00e4m\u00e4\u00e4n omaa el\u00e4m\u00e4\u00e4ns\u00e4 muusikoiden samplek\u00e4yt\u00f6ss\u00e4. Julkaisemme Johanna Gullichsenin kanssa my\u00f6s yli 50 kentt\u00e4-\u00e4\u00e4nitysen \u00e4\u00e4nipankin. Kutsumme ihmiset luomaan ja editoimaan \u00e4\u00e4nimateriaalista my\u00f6s omia \u00e4\u00e4niteoksia ja kappaleita.\u201d Matti ja Joel kertovat.<\/p>\n<p>\u00c4\u00e4nitys- ja s\u00e4vellysprosessi heijastaa Johanna Gullichsenin aitoa ja k\u00e4sintehty\u00e4 br\u00e4ndi\u00e4. L\u00e4ht\u00f6kohtana on arkiset asiakaskohtaamiset, piirt\u00e4minen, kutominen ja kankaiden parissa ty\u00f6skentely. \u00c4\u00e4niss\u00e4 kuuluvat ne ihmiset, jotka tekev\u00e4t ty\u00f6t\u00e4 kutomolla, v\u00e4rj\u00e4\u00e4m\u00f6ss\u00e4, ompelimoissa, myym\u00e4l\u00e4ss\u00e4 ja toimistossa. Kaiken kesi\u00f6ss\u00e4 on Johanna Gullichsen. H\u00e4nen el\u00e4m\u00e4nty\u00f6ns\u00e4 on kudottu kankaiden s\u00e4vyihin ja kuosien rytmiin. Nyt se soi my\u00f6s \u00e4\u00e4nen\u00e4.<\/p>\n<h4>Kuuntele \u00e4\u00e4nin\u00e4ytteit\u00e4 ja inspiroidu luomaan omaa musiikkia!<\/h4>\n<p>Kuunnellaksesi kentt\u00e4-\u00e4\u00e4nityksi\u00e4 <a href=\"javascript:Cookiebot.renew()\">hyv\u00e4ksy ev\u00e4steet<\/a> tai vieraile SoundCloudissa: <a href=\"https:\/\/soundcloud.com\/johanna-gullichsen-69669337\/sets\/johanna-gullichsen\">working<\/a>, <a href=\"https:\/\/soundcloud.com\/johanna-gullichsen-69669337\/sets\/johanna-gullichsen-store\">store<\/a> ja <a href=\"https:\/\/soundcloud.com\/johanna-gullichsen-69669337\/sets\/factory\">factory.<\/a><\/p>\n<p><iframe loading=\"lazy\" title=\"Johanna Gullichsen by Johanna Gullichsen\" width=\"500\" height=\"450\" scrolling=\"no\" frameborder=\"no\" src=\"https:\/\/w.soundcloud.com\/player\/?visual=true&#038;url=https%3A%2F%2Fapi.soundcloud.com%2Fplaylists%2F2076305928&#038;show_artwork=true&#038;maxheight=750&#038;maxwidth=500\"><\/iframe><\/p>\n<p>&nbsp;<\/p>\n<p><iframe loading=\"lazy\" title=\"Store by Johanna Gullichsen\" width=\"500\" height=\"450\" scrolling=\"no\" frameborder=\"no\" src=\"https:\/\/w.soundcloud.com\/player\/?visual=true&#038;url=https%3A%2F%2Fapi.soundcloud.com%2Fplaylists%2F2076298062&#038;show_artwork=true&#038;maxheight=750&#038;maxwidth=500\"><\/iframe><\/p>\n<p><iframe loading=\"lazy\" title=\"Factory by Johanna Gullichsen\" width=\"500\" height=\"450\" scrolling=\"no\" frameborder=\"no\" src=\"https:\/\/w.soundcloud.com\/player\/?visual=true&#038;url=https%3A%2F%2Fapi.soundcloud.com%2Fplaylists%2F2075923647&#038;show_artwork=true&#038;maxheight=750&#038;maxwidth=500\"><\/iframe><\/p>\n","protected":false},"excerpt":{"rendered":"<p>Johanna Gullichsenin klassiset kuosit ovat tunnettuja. Monet my\u00f6s tiet\u00e4v\u00e4t milt\u00e4 kankaat tuntuvat, mutta milt\u00e4 br\u00e4ndi kuulostaa? Joel Hyp\u00e9n ja Matti Nives loivat Johanna Gullichsenille ainutlaatuisen \u00e4\u00e4nimaailman, jossa yhdistyv\u00e4t autenttiset \u00e4\u00e4net,&hellip;<\/p>\n","protected":false},"author":4,"featured_media":0,"parent":0,"menu_order":0,"comment_status":"closed","ping_status":"closed","template":"","meta":{"_acf_changed":false,"footnotes":""},"class_list":["post-28556","page","type-page","status-publish","hentry"],"acf":[],"yoast_head":"<!-- This site is optimized with the Yoast SEO Premium plugin v27.2 (Yoast SEO v27.2) - https:\/\/yoast.com\/product\/yoast-seo-premium-wordpress\/ -->\n<title>The Sound of Johanna Gullichsen - Johanna Gullichsen<\/title>\n<meta name=\"description\" content=\"Explore The Sound of Johanna Gullichsen, where authentic sounds meet music crafted to reflect the brand&#039;s essence.\" \/>\n<meta name=\"robots\" content=\"index, follow, max-snippet:-1, max-image-preview:large, max-video-preview:-1\" \/>\n<link rel=\"canonical\" href=\"https:\/\/www.johannagullichsen.com\/fi\/the-sound-of-johanna-gullichsen\/\" \/>\n<meta property=\"og:locale\" content=\"fi_FI\" \/>\n<meta property=\"og:type\" content=\"article\" \/>\n<meta property=\"og:title\" content=\"The Sound of Johanna Gullichsen\" \/>\n<meta property=\"og:description\" content=\"Explore The Sound of Johanna Gullichsen, where authentic sounds meet music crafted to reflect the brand&#039;s essence.\" \/>\n<meta property=\"og:url\" content=\"https:\/\/www.johannagullichsen.com\/fi\/the-sound-of-johanna-gullichsen\/\" \/>\n<meta property=\"og:site_name\" content=\"Johanna Gullichsen\" \/>\n<meta property=\"article:modified_time\" content=\"2025-09-15T08:22:27+00:00\" \/>\n<meta property=\"og:image\" content=\"https:\/\/www.johannagullichsen.com\/wp-content\/uploads\/2025\/08\/The-Sound-of-Johanna-Gullichsen-Joel-Matti-1920x1280-shop-1024x683.png\" \/>\n\t<meta property=\"og:image:width\" content=\"1024\" \/>\n\t<meta property=\"og:image:height\" content=\"683\" \/>\n\t<meta property=\"og:image:type\" content=\"image\/png\" \/>\n<meta name=\"twitter:card\" content=\"summary_large_image\" \/>\n<meta name=\"twitter:label1\" content=\"Arvioitu lukuaika\" \/>\n\t<meta name=\"twitter:data1\" content=\"3 minuuttia\" \/>\n<script type=\"application\/ld+json\" class=\"yoast-schema-graph\">{\"@context\":\"https:\/\/schema.org\",\"@graph\":[{\"@type\":\"WebPage\",\"@id\":\"https:\/\/www.johannagullichsen.com\/fi\/the-sound-of-johanna-gullichsen\/\",\"url\":\"https:\/\/www.johannagullichsen.com\/fi\/the-sound-of-johanna-gullichsen\/\",\"name\":\"The Sound of Johanna Gullichsen - Johanna Gullichsen\",\"isPartOf\":{\"@id\":\"https:\/\/www.johannagullichsen.com\/fi\/#website\"},\"primaryImageOfPage\":{\"@id\":\"https:\/\/www.johannagullichsen.com\/fi\/the-sound-of-johanna-gullichsen\/#primaryimage\"},\"image\":{\"@id\":\"https:\/\/www.johannagullichsen.com\/fi\/the-sound-of-johanna-gullichsen\/#primaryimage\"},\"thumbnailUrl\":\"https:\/\/www.johannagullichsen.com\/wp-content\/uploads\/2025\/08\/The-Sound-of-Johanna-Gullichsen-Joel-Matti-1920x1280-shop.png\",\"datePublished\":\"2025-08-27T12:23:20+00:00\",\"dateModified\":\"2025-09-15T08:22:27+00:00\",\"description\":\"Explore The Sound of Johanna Gullichsen, where authentic sounds meet music crafted to reflect the brand's essence.\",\"breadcrumb\":{\"@id\":\"https:\/\/www.johannagullichsen.com\/fi\/the-sound-of-johanna-gullichsen\/#breadcrumb\"},\"inLanguage\":\"fi\",\"potentialAction\":[{\"@type\":\"ReadAction\",\"target\":[\"https:\/\/www.johannagullichsen.com\/fi\/the-sound-of-johanna-gullichsen\/\"]}]},{\"@type\":\"ImageObject\",\"inLanguage\":\"fi\",\"@id\":\"https:\/\/www.johannagullichsen.com\/fi\/the-sound-of-johanna-gullichsen\/#primaryimage\",\"url\":\"https:\/\/www.johannagullichsen.com\/wp-content\/uploads\/2025\/08\/The-Sound-of-Johanna-Gullichsen-Joel-Matti-1920x1280-shop.png\",\"contentUrl\":\"https:\/\/www.johannagullichsen.com\/wp-content\/uploads\/2025\/08\/The-Sound-of-Johanna-Gullichsen-Joel-Matti-1920x1280-shop.png\"},{\"@type\":\"BreadcrumbList\",\"@id\":\"https:\/\/www.johannagullichsen.com\/fi\/the-sound-of-johanna-gullichsen\/#breadcrumb\",\"itemListElement\":[{\"@type\":\"ListItem\",\"position\":1,\"name\":\"Home\",\"item\":\"https:\/\/www.johannagullichsen.com\/fi\/\"},{\"@type\":\"ListItem\",\"position\":2,\"name\":\"The Sound of Johanna Gullichsen\"}]},{\"@type\":\"WebSite\",\"@id\":\"https:\/\/www.johannagullichsen.com\/fi\/#website\",\"url\":\"https:\/\/www.johannagullichsen.com\/fi\/\",\"name\":\"Johanna Gullichsen\",\"description\":\"\",\"potentialAction\":[{\"@type\":\"SearchAction\",\"target\":{\"@type\":\"EntryPoint\",\"urlTemplate\":\"https:\/\/www.johannagullichsen.com\/fi\/?s={search_term_string}\"},\"query-input\":{\"@type\":\"PropertyValueSpecification\",\"valueRequired\":true,\"valueName\":\"search_term_string\"}}],\"inLanguage\":\"fi\"}]}<\/script>\n<!-- \/ Yoast SEO Premium plugin. -->","yoast_head_json":{"title":"The Sound of Johanna Gullichsen - Johanna Gullichsen","description":"Explore The Sound of Johanna Gullichsen, where authentic sounds meet music crafted to reflect the brand's essence.","robots":{"index":"index","follow":"follow","max-snippet":"max-snippet:-1","max-image-preview":"max-image-preview:large","max-video-preview":"max-video-preview:-1"},"canonical":"https:\/\/www.johannagullichsen.com\/fi\/the-sound-of-johanna-gullichsen\/","og_locale":"fi_FI","og_type":"article","og_title":"The Sound of Johanna Gullichsen","og_description":"Explore The Sound of Johanna Gullichsen, where authentic sounds meet music crafted to reflect the brand's essence.","og_url":"https:\/\/www.johannagullichsen.com\/fi\/the-sound-of-johanna-gullichsen\/","og_site_name":"Johanna Gullichsen","article_modified_time":"2025-09-15T08:22:27+00:00","og_image":[{"width":1024,"height":683,"url":"https:\/\/www.johannagullichsen.com\/wp-content\/uploads\/2025\/08\/The-Sound-of-Johanna-Gullichsen-Joel-Matti-1920x1280-shop-1024x683.png","type":"image\/png"}],"twitter_card":"summary_large_image","twitter_misc":{"Arvioitu lukuaika":"3 minuuttia"},"schema":{"@context":"https:\/\/schema.org","@graph":[{"@type":"WebPage","@id":"https:\/\/www.johannagullichsen.com\/fi\/the-sound-of-johanna-gullichsen\/","url":"https:\/\/www.johannagullichsen.com\/fi\/the-sound-of-johanna-gullichsen\/","name":"The Sound of Johanna Gullichsen - Johanna Gullichsen","isPartOf":{"@id":"https:\/\/www.johannagullichsen.com\/fi\/#website"},"primaryImageOfPage":{"@id":"https:\/\/www.johannagullichsen.com\/fi\/the-sound-of-johanna-gullichsen\/#primaryimage"},"image":{"@id":"https:\/\/www.johannagullichsen.com\/fi\/the-sound-of-johanna-gullichsen\/#primaryimage"},"thumbnailUrl":"https:\/\/www.johannagullichsen.com\/wp-content\/uploads\/2025\/08\/The-Sound-of-Johanna-Gullichsen-Joel-Matti-1920x1280-shop.png","datePublished":"2025-08-27T12:23:20+00:00","dateModified":"2025-09-15T08:22:27+00:00","description":"Explore The Sound of Johanna Gullichsen, where authentic sounds meet music crafted to reflect the brand's essence.","breadcrumb":{"@id":"https:\/\/www.johannagullichsen.com\/fi\/the-sound-of-johanna-gullichsen\/#breadcrumb"},"inLanguage":"fi","potentialAction":[{"@type":"ReadAction","target":["https:\/\/www.johannagullichsen.com\/fi\/the-sound-of-johanna-gullichsen\/"]}]},{"@type":"ImageObject","inLanguage":"fi","@id":"https:\/\/www.johannagullichsen.com\/fi\/the-sound-of-johanna-gullichsen\/#primaryimage","url":"https:\/\/www.johannagullichsen.com\/wp-content\/uploads\/2025\/08\/The-Sound-of-Johanna-Gullichsen-Joel-Matti-1920x1280-shop.png","contentUrl":"https:\/\/www.johannagullichsen.com\/wp-content\/uploads\/2025\/08\/The-Sound-of-Johanna-Gullichsen-Joel-Matti-1920x1280-shop.png"},{"@type":"BreadcrumbList","@id":"https:\/\/www.johannagullichsen.com\/fi\/the-sound-of-johanna-gullichsen\/#breadcrumb","itemListElement":[{"@type":"ListItem","position":1,"name":"Home","item":"https:\/\/www.johannagullichsen.com\/fi\/"},{"@type":"ListItem","position":2,"name":"The Sound of Johanna Gullichsen"}]},{"@type":"WebSite","@id":"https:\/\/www.johannagullichsen.com\/fi\/#website","url":"https:\/\/www.johannagullichsen.com\/fi\/","name":"Johanna Gullichsen","description":"","potentialAction":[{"@type":"SearchAction","target":{"@type":"EntryPoint","urlTemplate":"https:\/\/www.johannagullichsen.com\/fi\/?s={search_term_string}"},"query-input":{"@type":"PropertyValueSpecification","valueRequired":true,"valueName":"search_term_string"}}],"inLanguage":"fi"}]}},"_links":{"self":[{"href":"https:\/\/www.johannagullichsen.com\/fi\/wp-json\/wp\/v2\/pages\/28556","targetHints":{"allow":["GET"]}}],"collection":[{"href":"https:\/\/www.johannagullichsen.com\/fi\/wp-json\/wp\/v2\/pages"}],"about":[{"href":"https:\/\/www.johannagullichsen.com\/fi\/wp-json\/wp\/v2\/types\/page"}],"author":[{"embeddable":true,"href":"https:\/\/www.johannagullichsen.com\/fi\/wp-json\/wp\/v2\/users\/4"}],"replies":[{"embeddable":true,"href":"https:\/\/www.johannagullichsen.com\/fi\/wp-json\/wp\/v2\/comments?post=28556"}],"version-history":[{"count":11,"href":"https:\/\/www.johannagullichsen.com\/fi\/wp-json\/wp\/v2\/pages\/28556\/revisions"}],"predecessor-version":[{"id":28761,"href":"https:\/\/www.johannagullichsen.com\/fi\/wp-json\/wp\/v2\/pages\/28556\/revisions\/28761"}],"wp:attachment":[{"href":"https:\/\/www.johannagullichsen.com\/fi\/wp-json\/wp\/v2\/media?parent=28556"}],"curies":[{"name":"wp","href":"https:\/\/api.w.org\/{rel}","templated":true}]}}