{"id":29336,"date":"2025-11-21T09:57:23","date_gmt":"2025-11-21T07:57:23","guid":{"rendered":"https:\/\/www.johannagullichsen.com\/?page_id=29336"},"modified":"2025-11-21T09:56:59","modified_gmt":"2025-11-21T07:56:59","slug":"oleellisille","status":"publish","type":"page","link":"https:\/\/www.johannagullichsen.com\/fi\/oleellisille\/","title":{"rendered":"Oleellisille"},"content":{"rendered":"<p><a href=\"https:\/\/www.johannagullichsen.com\/wp-content\/uploads\/2025\/11\/Aini-Alastalo-oleellisille-1.jpg\"><img loading=\"lazy\" decoding=\"async\" class=\"aligncenter wp-image-29337 size-full\" src=\"https:\/\/www.johannagullichsen.com\/wp-content\/uploads\/2025\/11\/Aini-Alastalo-oleellisille-1.jpg\" alt=\"\" width=\"1600\" height=\"1000\" srcset=\"https:\/\/www.johannagullichsen.com\/wp-content\/uploads\/2025\/11\/Aini-Alastalo-oleellisille-1.jpg 1600w, https:\/\/www.johannagullichsen.com\/wp-content\/uploads\/2025\/11\/Aini-Alastalo-oleellisille-1-300x188.jpg 300w, https:\/\/www.johannagullichsen.com\/wp-content\/uploads\/2025\/11\/Aini-Alastalo-oleellisille-1-1024x640.jpg 1024w, https:\/\/www.johannagullichsen.com\/wp-content\/uploads\/2025\/11\/Aini-Alastalo-oleellisille-1-768x480.jpg 768w, https:\/\/www.johannagullichsen.com\/wp-content\/uploads\/2025\/11\/Aini-Alastalo-oleellisille-1-1536x960.jpg 1536w, https:\/\/www.johannagullichsen.com\/wp-content\/uploads\/2025\/11\/Aini-Alastalo-oleellisille-1-1260x788.jpg 1260w\" sizes=\"auto, (max-width: 1600px) 100vw, 1600px\" \/><\/a><\/p>\n<h3>Aini Alastalon veistossarja<\/h3>\n<p>Mik\u00e4 on olennaista? Mit\u00e4 me kaipaamme ja tarvitsemme t\u00e4n\u00e4 jouluna, mik\u00e4 tekee arjesta hyv\u00e4\u00e4 ja juhlasta hauskaa. Ent\u00e4 mit\u00e4 haluamme antaa lahjaksi yst\u00e4ville? Kaikki valintamme vaikuttavat meid\u00e4n omaan ja l\u00e4heisten hyvinvointiin, sek\u00e4 tietenkin maapallon tilaan. Merkityksellisyyden ja olennaisuuden teemaa on tutkinut my\u00f6s <strong>Aini Alastalo<\/strong> veistossarjassaan <em>Olleellisille<\/em>, joka on esill\u00e4 Erottajankadun myym\u00e4l\u00e4mme n\u00e4yteikkunoissa t\u00e4m\u00e4 vuoden loppuun. Aini on muotoilija, joka on opiskellut<\/p>\n<p>\u201c<em>Oleellisille<\/em>\u00a0on skaalautuva teossarja, jonka keski\u00f6ss\u00e4 olevien vankkarakenteisten haaparunkojen varaan lasketaan erikokoisia hyllytasoja. Veistosten materiaalina k\u00e4ytett\u00e4v\u00e4n haavan valinta pohjaa perinteiseen suomalaiseen puuty\u00f6h\u00f6n ajalta, jolloin esineit\u00e4 tehtiin tarpeeseen \u2013 olennaisia asioita arjen puutteita paikkaamaan. Veistokset ovat nimens\u00e4 mukaisesti paikka juuri n\u00e4ille. Ne johdattelevat tarkastelemaan sek\u00e4 ymp\u00e4rist\u00f6\u00e4mme ett\u00e4 omistamiamme asioita. Teosten \u00e4\u00e4rell\u00e4 voi pys\u00e4hty\u00e4 tulkitsemaan t\u00e4rkeimpien esineiden merkityst\u00e4 tai j\u00e4tt\u00e4\u00e4 tilaa tyhjyydelle. Massiivinen rakenne yhdistettyn\u00e4 niukkaan s\u00e4ilytystilaan alleviivaa veistosten k\u00e4ytt\u00f6tarkoitusta.\u201d<\/p>\n<h3>K\u00e4sinty\u00f6 ja hitaan prosessin merkitys<\/h3>\n<p>Aini on veist\u00e4nyt teokset itse massiivihaavasta. Viime vuosina h\u00e4n on keskittynyt erityisesti k\u00e4sity\u00f6l\u00e4ht\u00f6iseen tekemiseen ja materiaalien tutkimiseen. H\u00e4nt\u00e4 kiinnostaa, miten materiaalit kantavat muistoja ja miten k\u00e4sill\u00e4 ty\u00f6skentely voi tuoda esiin ajatuksia, jotka eiv\u00e4t sanallistuisi muuten. \u201cVeist\u00e4minen oli minulle hyvin kehollinen ja samalla yll\u00e4tt\u00e4v\u00e4n muistojen t\u00e4ytt\u00e4m\u00e4 prosessi. Ty\u00f6skentelin tarkoituksella primitiivisill\u00e4 k\u00e4sity\u00f6kaluilla, jotta materiaalin oma rytmi ja vastus saisivat ohjata tekemist\u00e4. Hitaus ja toisto auttoivat minua syventym\u00e4\u00e4n sek\u00e4 haapapuun ominaisuuksiin ett\u00e4 omiin materiaalimuistoihini, ja prosessi tuntui paikoin l\u00e4hes meditatiiviselta. Puu toi pintaan lapsuuden kokemuksia ja teki ty\u00f6skentelyst\u00e4 hyvin henkil\u00f6kohtaisen.\u201d<\/p>\n<p data-start=\"2752\" data-end=\"2873\">Toivomme, ett\u00e4 l\u00f6yd\u00e4t t\u00e4n\u00e4 jouluna jotakin olennaista \u2013 rauhan hetken, merkityksellisen lahjan tai uuden tavan katsoa ymp\u00e4rillesi.<\/p>\n<p data-start=\"2875\" data-end=\"2998\"><a href=\"https:\/\/www.johannagullichsen.com\/wp-content\/uploads\/2025\/11\/Aini_Oleellisille3s.jpg\"><img loading=\"lazy\" decoding=\"async\" class=\"aligncenter wp-image-29368 size-full\" src=\"https:\/\/www.johannagullichsen.com\/wp-content\/uploads\/2025\/11\/Aini_Oleellisille3s.jpg\" alt=\"\" width=\"1600\" height=\"1000\" srcset=\"https:\/\/www.johannagullichsen.com\/wp-content\/uploads\/2025\/11\/Aini_Oleellisille3s.jpg 1600w, https:\/\/www.johannagullichsen.com\/wp-content\/uploads\/2025\/11\/Aini_Oleellisille3s-300x188.jpg 300w, https:\/\/www.johannagullichsen.com\/wp-content\/uploads\/2025\/11\/Aini_Oleellisille3s-1024x640.jpg 1024w, https:\/\/www.johannagullichsen.com\/wp-content\/uploads\/2025\/11\/Aini_Oleellisille3s-768x480.jpg 768w, https:\/\/www.johannagullichsen.com\/wp-content\/uploads\/2025\/11\/Aini_Oleellisille3s-1536x960.jpg 1536w, https:\/\/www.johannagullichsen.com\/wp-content\/uploads\/2025\/11\/Aini_Oleellisille3s-1260x788.jpg 1260w\" sizes=\"auto, (max-width: 1600px) 100vw, 1600px\" \/><\/a> <a href=\"https:\/\/www.johannagullichsen.com\/wp-content\/uploads\/2025\/11\/Aini_Oleellisille2s.jpg\"><img loading=\"lazy\" decoding=\"async\" class=\"aligncenter wp-image-29364 size-full\" src=\"https:\/\/www.johannagullichsen.com\/wp-content\/uploads\/2025\/11\/Aini_Oleellisille2s.jpg\" alt=\"\" width=\"1600\" height=\"1000\" srcset=\"https:\/\/www.johannagullichsen.com\/wp-content\/uploads\/2025\/11\/Aini_Oleellisille2s.jpg 1600w, https:\/\/www.johannagullichsen.com\/wp-content\/uploads\/2025\/11\/Aini_Oleellisille2s-300x188.jpg 300w, https:\/\/www.johannagullichsen.com\/wp-content\/uploads\/2025\/11\/Aini_Oleellisille2s-1024x640.jpg 1024w, https:\/\/www.johannagullichsen.com\/wp-content\/uploads\/2025\/11\/Aini_Oleellisille2s-768x480.jpg 768w, https:\/\/www.johannagullichsen.com\/wp-content\/uploads\/2025\/11\/Aini_Oleellisille2s-1536x960.jpg 1536w, https:\/\/www.johannagullichsen.com\/wp-content\/uploads\/2025\/11\/Aini_Oleellisille2s-1260x788.jpg 1260w\" sizes=\"auto, (max-width: 1600px) 100vw, 1600px\" \/><\/a><\/p>\n<p><a href=\"https:\/\/www.johannagullichsen.com\/wp-content\/uploads\/2025\/11\/Aini_Oleellisille1s.jpg\"><img loading=\"lazy\" decoding=\"async\" class=\"aligncenter wp-image-29360 size-large\" src=\"https:\/\/www.johannagullichsen.com\/wp-content\/uploads\/2025\/11\/Aini_Oleellisille1s-640x1024.jpg\" alt=\"\" width=\"640\" height=\"1024\" srcset=\"https:\/\/www.johannagullichsen.com\/wp-content\/uploads\/2025\/11\/Aini_Oleellisille1s-640x1024.jpg 640w, https:\/\/www.johannagullichsen.com\/wp-content\/uploads\/2025\/11\/Aini_Oleellisille1s-188x300.jpg 188w, https:\/\/www.johannagullichsen.com\/wp-content\/uploads\/2025\/11\/Aini_Oleellisille1s-768x1229.jpg 768w, https:\/\/www.johannagullichsen.com\/wp-content\/uploads\/2025\/11\/Aini_Oleellisille1s-960x1536.jpg 960w, https:\/\/www.johannagullichsen.com\/wp-content\/uploads\/2025\/11\/Aini_Oleellisille1s.jpg 1000w\" sizes=\"auto, (max-width: 640px) 100vw, 640px\" \/><\/a><\/p>\n","protected":false},"excerpt":{"rendered":"<p>Aini Alastalon veistossarja Mik\u00e4 on olennaista? Mit\u00e4 me kaipaamme ja tarvitsemme t\u00e4n\u00e4 jouluna, mik\u00e4 tekee arjesta hyv\u00e4\u00e4 ja juhlasta hauskaa. Ent\u00e4 mit\u00e4 haluamme antaa lahjaksi yst\u00e4ville? Kaikki valintamme vaikuttavat meid\u00e4n&hellip;<\/p>\n","protected":false},"author":4,"featured_media":0,"parent":0,"menu_order":0,"comment_status":"closed","ping_status":"closed","template":"","meta":{"_acf_changed":false,"footnotes":""},"class_list":["post-29336","page","type-page","status-publish","hentry"],"acf":[],"yoast_head":"<!-- This site is optimized with the Yoast SEO Premium plugin v27.2 (Yoast SEO v27.5) - https:\/\/yoast.com\/product\/yoast-seo-premium-wordpress\/ -->\n<title>Oleellisille - Johanna Gullichsen<\/title>\n<meta name=\"robots\" content=\"index, follow, max-snippet:-1, max-image-preview:large, max-video-preview:-1\" \/>\n<link rel=\"canonical\" href=\"https:\/\/www.johannagullichsen.com\/fi\/oleellisille\/\" \/>\n<meta property=\"og:locale\" content=\"fi_FI\" \/>\n<meta property=\"og:type\" content=\"article\" \/>\n<meta property=\"og:title\" content=\"Oleellisille\" \/>\n<meta property=\"og:description\" content=\"Aini Alastalon veistossarja Mik\u00e4 on olennaista? Mit\u00e4 me kaipaamme ja tarvitsemme t\u00e4n\u00e4 jouluna, mik\u00e4 tekee arjesta hyv\u00e4\u00e4 ja juhlasta hauskaa. Ent\u00e4 mit\u00e4 haluamme antaa lahjaksi yst\u00e4ville? Kaikki valintamme vaikuttavat meid\u00e4n&hellip;\" \/>\n<meta property=\"og:url\" content=\"https:\/\/www.johannagullichsen.com\/fi\/oleellisille\/\" \/>\n<meta property=\"og:site_name\" content=\"Johanna Gullichsen\" \/>\n<meta property=\"og:image\" content=\"https:\/\/www.johannagullichsen.com\/wp-content\/uploads\/2025\/11\/Aini-Alastalo-oleellisille-1.jpg\" \/>\n\t<meta property=\"og:image:width\" content=\"1600\" \/>\n\t<meta property=\"og:image:height\" content=\"1000\" \/>\n\t<meta property=\"og:image:type\" content=\"image\/jpeg\" \/>\n<meta name=\"twitter:card\" content=\"summary_large_image\" \/>\n<meta name=\"twitter:label1\" content=\"Arvioitu lukuaika\" \/>\n\t<meta name=\"twitter:data1\" content=\"2 minuuttia\" \/>\n<script type=\"application\/ld+json\" class=\"yoast-schema-graph\">{\"@context\":\"https:\\\/\\\/schema.org\",\"@graph\":[{\"@type\":\"WebPage\",\"@id\":\"https:\\\/\\\/www.johannagullichsen.com\\\/fi\\\/oleellisille\\\/\",\"url\":\"https:\\\/\\\/www.johannagullichsen.com\\\/fi\\\/oleellisille\\\/\",\"name\":\"Oleellisille - Johanna Gullichsen\",\"isPartOf\":{\"@id\":\"https:\\\/\\\/www.johannagullichsen.com\\\/fi\\\/#website\"},\"primaryImageOfPage\":{\"@id\":\"https:\\\/\\\/www.johannagullichsen.com\\\/fi\\\/oleellisille\\\/#primaryimage\"},\"image\":{\"@id\":\"https:\\\/\\\/www.johannagullichsen.com\\\/fi\\\/oleellisille\\\/#primaryimage\"},\"thumbnailUrl\":\"https:\\\/\\\/www.johannagullichsen.com\\\/wp-content\\\/uploads\\\/2025\\\/11\\\/Aini-Alastalo-oleellisille-1.jpg\",\"datePublished\":\"2025-11-21T07:57:23+00:00\",\"breadcrumb\":{\"@id\":\"https:\\\/\\\/www.johannagullichsen.com\\\/fi\\\/oleellisille\\\/#breadcrumb\"},\"inLanguage\":\"fi\",\"potentialAction\":[{\"@type\":\"ReadAction\",\"target\":[\"https:\\\/\\\/www.johannagullichsen.com\\\/fi\\\/oleellisille\\\/\"]}]},{\"@type\":\"ImageObject\",\"inLanguage\":\"fi\",\"@id\":\"https:\\\/\\\/www.johannagullichsen.com\\\/fi\\\/oleellisille\\\/#primaryimage\",\"url\":\"https:\\\/\\\/www.johannagullichsen.com\\\/wp-content\\\/uploads\\\/2025\\\/11\\\/Aini-Alastalo-oleellisille-1.jpg\",\"contentUrl\":\"https:\\\/\\\/www.johannagullichsen.com\\\/wp-content\\\/uploads\\\/2025\\\/11\\\/Aini-Alastalo-oleellisille-1.jpg\"},{\"@type\":\"BreadcrumbList\",\"@id\":\"https:\\\/\\\/www.johannagullichsen.com\\\/fi\\\/oleellisille\\\/#breadcrumb\",\"itemListElement\":[{\"@type\":\"ListItem\",\"position\":1,\"name\":\"Home\",\"item\":\"https:\\\/\\\/www.johannagullichsen.com\\\/fi\\\/\"},{\"@type\":\"ListItem\",\"position\":2,\"name\":\"Oleellisille\"}]},{\"@type\":\"WebSite\",\"@id\":\"https:\\\/\\\/www.johannagullichsen.com\\\/fi\\\/#website\",\"url\":\"https:\\\/\\\/www.johannagullichsen.com\\\/fi\\\/\",\"name\":\"Johanna Gullichsen\",\"description\":\"\",\"potentialAction\":[{\"@type\":\"SearchAction\",\"target\":{\"@type\":\"EntryPoint\",\"urlTemplate\":\"https:\\\/\\\/www.johannagullichsen.com\\\/fi\\\/?s={search_term_string}\"},\"query-input\":{\"@type\":\"PropertyValueSpecification\",\"valueRequired\":true,\"valueName\":\"search_term_string\"}}],\"inLanguage\":\"fi\"}]}<\/script>\n<!-- \/ Yoast SEO Premium plugin. -->","yoast_head_json":{"title":"Oleellisille - Johanna Gullichsen","robots":{"index":"index","follow":"follow","max-snippet":"max-snippet:-1","max-image-preview":"max-image-preview:large","max-video-preview":"max-video-preview:-1"},"canonical":"https:\/\/www.johannagullichsen.com\/fi\/oleellisille\/","og_locale":"fi_FI","og_type":"article","og_title":"Oleellisille","og_description":"Aini Alastalon veistossarja Mik\u00e4 on olennaista? Mit\u00e4 me kaipaamme ja tarvitsemme t\u00e4n\u00e4 jouluna, mik\u00e4 tekee arjesta hyv\u00e4\u00e4 ja juhlasta hauskaa. Ent\u00e4 mit\u00e4 haluamme antaa lahjaksi yst\u00e4ville? Kaikki valintamme vaikuttavat meid\u00e4n&hellip;","og_url":"https:\/\/www.johannagullichsen.com\/fi\/oleellisille\/","og_site_name":"Johanna Gullichsen","og_image":[{"width":1600,"height":1000,"url":"https:\/\/www.johannagullichsen.com\/wp-content\/uploads\/2025\/11\/Aini-Alastalo-oleellisille-1.jpg","type":"image\/jpeg"}],"twitter_card":"summary_large_image","twitter_misc":{"Arvioitu lukuaika":"2 minuuttia"},"schema":{"@context":"https:\/\/schema.org","@graph":[{"@type":"WebPage","@id":"https:\/\/www.johannagullichsen.com\/fi\/oleellisille\/","url":"https:\/\/www.johannagullichsen.com\/fi\/oleellisille\/","name":"Oleellisille - Johanna Gullichsen","isPartOf":{"@id":"https:\/\/www.johannagullichsen.com\/fi\/#website"},"primaryImageOfPage":{"@id":"https:\/\/www.johannagullichsen.com\/fi\/oleellisille\/#primaryimage"},"image":{"@id":"https:\/\/www.johannagullichsen.com\/fi\/oleellisille\/#primaryimage"},"thumbnailUrl":"https:\/\/www.johannagullichsen.com\/wp-content\/uploads\/2025\/11\/Aini-Alastalo-oleellisille-1.jpg","datePublished":"2025-11-21T07:57:23+00:00","breadcrumb":{"@id":"https:\/\/www.johannagullichsen.com\/fi\/oleellisille\/#breadcrumb"},"inLanguage":"fi","potentialAction":[{"@type":"ReadAction","target":["https:\/\/www.johannagullichsen.com\/fi\/oleellisille\/"]}]},{"@type":"ImageObject","inLanguage":"fi","@id":"https:\/\/www.johannagullichsen.com\/fi\/oleellisille\/#primaryimage","url":"https:\/\/www.johannagullichsen.com\/wp-content\/uploads\/2025\/11\/Aini-Alastalo-oleellisille-1.jpg","contentUrl":"https:\/\/www.johannagullichsen.com\/wp-content\/uploads\/2025\/11\/Aini-Alastalo-oleellisille-1.jpg"},{"@type":"BreadcrumbList","@id":"https:\/\/www.johannagullichsen.com\/fi\/oleellisille\/#breadcrumb","itemListElement":[{"@type":"ListItem","position":1,"name":"Home","item":"https:\/\/www.johannagullichsen.com\/fi\/"},{"@type":"ListItem","position":2,"name":"Oleellisille"}]},{"@type":"WebSite","@id":"https:\/\/www.johannagullichsen.com\/fi\/#website","url":"https:\/\/www.johannagullichsen.com\/fi\/","name":"Johanna Gullichsen","description":"","potentialAction":[{"@type":"SearchAction","target":{"@type":"EntryPoint","urlTemplate":"https:\/\/www.johannagullichsen.com\/fi\/?s={search_term_string}"},"query-input":{"@type":"PropertyValueSpecification","valueRequired":true,"valueName":"search_term_string"}}],"inLanguage":"fi"}]}},"_links":{"self":[{"href":"https:\/\/www.johannagullichsen.com\/fi\/wp-json\/wp\/v2\/pages\/29336","targetHints":{"allow":["GET"]}}],"collection":[{"href":"https:\/\/www.johannagullichsen.com\/fi\/wp-json\/wp\/v2\/pages"}],"about":[{"href":"https:\/\/www.johannagullichsen.com\/fi\/wp-json\/wp\/v2\/types\/page"}],"author":[{"embeddable":true,"href":"https:\/\/www.johannagullichsen.com\/fi\/wp-json\/wp\/v2\/users\/4"}],"replies":[{"embeddable":true,"href":"https:\/\/www.johannagullichsen.com\/fi\/wp-json\/wp\/v2\/comments?post=29336"}],"version-history":[{"count":7,"href":"https:\/\/www.johannagullichsen.com\/fi\/wp-json\/wp\/v2\/pages\/29336\/revisions"}],"predecessor-version":[{"id":29444,"href":"https:\/\/www.johannagullichsen.com\/fi\/wp-json\/wp\/v2\/pages\/29336\/revisions\/29444"}],"wp:attachment":[{"href":"https:\/\/www.johannagullichsen.com\/fi\/wp-json\/wp\/v2\/media?parent=29336"}],"curies":[{"name":"wp","href":"https:\/\/api.w.org\/{rel}","templated":true}]}}