{"id":29955,"date":"2026-01-14T09:56:00","date_gmt":"2026-01-14T07:56:00","guid":{"rendered":"https:\/\/www.johannagullichsen.com\/?page_id=29955"},"modified":"2026-01-16T10:48:19","modified_gmt":"2026-01-16T08:48:19","slug":"verhoilijat","status":"publish","type":"page","link":"https:\/\/www.johannagullichsen.com\/fi\/verhoilijat\/","title":{"rendered":"Verhoilijat"},"content":{"rendered":"<h2>Verhoilijat<\/h2>\n<p>Verhoilun uusiminen antaa huonekaluille uuden el\u00e4m\u00e4n ja auttaa samalla v\u00e4hent\u00e4m\u00e4\u00e4n j\u00e4tett\u00e4. T\u00e4lt\u00e4 sivulta l\u00f6yd\u00e4t ammattitaitoisia verhoilijoita, joilla on kokemusta Johanna Gullichsenin kankaista. He voivat antaa jo omistamillesi huonekaluille ilmeen, joka heijastaa omaa tyyli\u00e4si. Verhoilu on aina valinta laadun ja kest\u00e4v\u00e4n kehityksen puolesta.<\/p>\n","protected":false},"excerpt":{"rendered":"<p>Verhoilijat Verhoilun uusiminen antaa huonekaluille uuden el\u00e4m\u00e4n ja auttaa samalla v\u00e4hent\u00e4m\u00e4\u00e4n j\u00e4tett\u00e4. T\u00e4lt\u00e4 sivulta l\u00f6yd\u00e4t ammattitaitoisia verhoilijoita, joilla on kokemusta Johanna Gullichsenin kankaista. He voivat antaa jo omistamillesi huonekaluille ilmeen,&hellip;<\/p>\n","protected":false},"author":1,"featured_media":29972,"parent":0,"menu_order":0,"comment_status":"closed","ping_status":"closed","template":"page-storefinder.php","meta":{"_acf_changed":false,"footnotes":""},"class_list":["post-29955","page","type-page","status-publish","has-post-thumbnail","hentry"],"acf":[],"yoast_head":"<!-- This site is optimized with the Yoast SEO Premium plugin v27.2 (Yoast SEO v27.2) - https:\/\/yoast.com\/product\/yoast-seo-premium-wordpress\/ -->\n<title>Verhoilijat - Johanna Gullichsen<\/title>\n<meta name=\"robots\" content=\"index, follow, max-snippet:-1, max-image-preview:large, max-video-preview:-1\" \/>\n<link rel=\"canonical\" href=\"https:\/\/www.johannagullichsen.com\/fi\/verhoilijat\/\" \/>\n<meta property=\"og:locale\" content=\"fi_FI\" \/>\n<meta property=\"og:type\" content=\"article\" \/>\n<meta property=\"og:title\" content=\"Verhoilijat\" \/>\n<meta property=\"og:description\" content=\"Verhoilijat Verhoilun uusiminen antaa huonekaluille uuden el\u00e4m\u00e4n ja auttaa samalla v\u00e4hent\u00e4m\u00e4\u00e4n j\u00e4tett\u00e4. T\u00e4lt\u00e4 sivulta l\u00f6yd\u00e4t ammattitaitoisia verhoilijoita, joilla on kokemusta Johanna Gullichsenin kankaista. He voivat antaa jo omistamillesi huonekaluille ilmeen,&hellip;\" \/>\n<meta property=\"og:url\" content=\"https:\/\/www.johannagullichsen.com\/fi\/verhoilijat\/\" \/>\n<meta property=\"og:site_name\" content=\"Johanna Gullichsen\" \/>\n<meta property=\"article:modified_time\" content=\"2026-01-16T08:48:19+00:00\" \/>\n<meta property=\"og:image\" content=\"https:\/\/www.johannagullichsen.com\/wp-content\/uploads\/2026\/01\/Johanna-Gullichsen-Kronos-and-Doris-Steel-upholstery-1920x1000-1.jpg\" \/>\n\t<meta property=\"og:image:width\" content=\"1920\" \/>\n\t<meta property=\"og:image:height\" content=\"1000\" \/>\n\t<meta property=\"og:image:type\" content=\"image\/jpeg\" \/>\n<meta name=\"twitter:card\" content=\"summary_large_image\" \/>\n<meta name=\"twitter:label1\" content=\"Arvioitu lukuaika\" \/>\n\t<meta name=\"twitter:data1\" content=\"1 minuutti\" \/>\n<script type=\"application\/ld+json\" class=\"yoast-schema-graph\">{\"@context\":\"https:\/\/schema.org\",\"@graph\":[{\"@type\":\"WebPage\",\"@id\":\"https:\/\/www.johannagullichsen.com\/fi\/verhoilijat\/\",\"url\":\"https:\/\/www.johannagullichsen.com\/fi\/verhoilijat\/\",\"name\":\"Verhoilijat - Johanna Gullichsen\",\"isPartOf\":{\"@id\":\"https:\/\/www.johannagullichsen.com\/fi\/#website\"},\"primaryImageOfPage\":{\"@id\":\"https:\/\/www.johannagullichsen.com\/fi\/verhoilijat\/#primaryimage\"},\"image\":{\"@id\":\"https:\/\/www.johannagullichsen.com\/fi\/verhoilijat\/#primaryimage\"},\"thumbnailUrl\":\"https:\/\/www.johannagullichsen.com\/wp-content\/uploads\/2026\/01\/Johanna-Gullichsen-Kronos-and-Doris-Steel-upholstery-1920x1000-1.jpg\",\"datePublished\":\"2026-01-14T07:56:00+00:00\",\"dateModified\":\"2026-01-16T08:48:19+00:00\",\"breadcrumb\":{\"@id\":\"https:\/\/www.johannagullichsen.com\/fi\/verhoilijat\/#breadcrumb\"},\"inLanguage\":\"fi\",\"potentialAction\":[{\"@type\":\"ReadAction\",\"target\":[\"https:\/\/www.johannagullichsen.com\/fi\/verhoilijat\/\"]}]},{\"@type\":\"ImageObject\",\"inLanguage\":\"fi\",\"@id\":\"https:\/\/www.johannagullichsen.com\/fi\/verhoilijat\/#primaryimage\",\"url\":\"https:\/\/www.johannagullichsen.com\/wp-content\/uploads\/2026\/01\/Johanna-Gullichsen-Kronos-and-Doris-Steel-upholstery-1920x1000-1.jpg\",\"contentUrl\":\"https:\/\/www.johannagullichsen.com\/wp-content\/uploads\/2026\/01\/Johanna-Gullichsen-Kronos-and-Doris-Steel-upholstery-1920x1000-1.jpg\",\"width\":1920,\"height\":1000},{\"@type\":\"BreadcrumbList\",\"@id\":\"https:\/\/www.johannagullichsen.com\/fi\/verhoilijat\/#breadcrumb\",\"itemListElement\":[{\"@type\":\"ListItem\",\"position\":1,\"name\":\"Home\",\"item\":\"https:\/\/www.johannagullichsen.com\/fi\/\"},{\"@type\":\"ListItem\",\"position\":2,\"name\":\"Verhoilijat\"}]},{\"@type\":\"WebSite\",\"@id\":\"https:\/\/www.johannagullichsen.com\/fi\/#website\",\"url\":\"https:\/\/www.johannagullichsen.com\/fi\/\",\"name\":\"Johanna Gullichsen\",\"description\":\"\",\"potentialAction\":[{\"@type\":\"SearchAction\",\"target\":{\"@type\":\"EntryPoint\",\"urlTemplate\":\"https:\/\/www.johannagullichsen.com\/fi\/?s={search_term_string}\"},\"query-input\":{\"@type\":\"PropertyValueSpecification\",\"valueRequired\":true,\"valueName\":\"search_term_string\"}}],\"inLanguage\":\"fi\"}]}<\/script>\n<!-- \/ Yoast SEO Premium plugin. -->","yoast_head_json":{"title":"Verhoilijat - Johanna Gullichsen","robots":{"index":"index","follow":"follow","max-snippet":"max-snippet:-1","max-image-preview":"max-image-preview:large","max-video-preview":"max-video-preview:-1"},"canonical":"https:\/\/www.johannagullichsen.com\/fi\/verhoilijat\/","og_locale":"fi_FI","og_type":"article","og_title":"Verhoilijat","og_description":"Verhoilijat Verhoilun uusiminen antaa huonekaluille uuden el\u00e4m\u00e4n ja auttaa samalla v\u00e4hent\u00e4m\u00e4\u00e4n j\u00e4tett\u00e4. T\u00e4lt\u00e4 sivulta l\u00f6yd\u00e4t ammattitaitoisia verhoilijoita, joilla on kokemusta Johanna Gullichsenin kankaista. He voivat antaa jo omistamillesi huonekaluille ilmeen,&hellip;","og_url":"https:\/\/www.johannagullichsen.com\/fi\/verhoilijat\/","og_site_name":"Johanna Gullichsen","article_modified_time":"2026-01-16T08:48:19+00:00","og_image":[{"width":1920,"height":1000,"url":"https:\/\/www.johannagullichsen.com\/wp-content\/uploads\/2026\/01\/Johanna-Gullichsen-Kronos-and-Doris-Steel-upholstery-1920x1000-1.jpg","type":"image\/jpeg"}],"twitter_card":"summary_large_image","twitter_misc":{"Arvioitu lukuaika":"1 minuutti"},"schema":{"@context":"https:\/\/schema.org","@graph":[{"@type":"WebPage","@id":"https:\/\/www.johannagullichsen.com\/fi\/verhoilijat\/","url":"https:\/\/www.johannagullichsen.com\/fi\/verhoilijat\/","name":"Verhoilijat - Johanna Gullichsen","isPartOf":{"@id":"https:\/\/www.johannagullichsen.com\/fi\/#website"},"primaryImageOfPage":{"@id":"https:\/\/www.johannagullichsen.com\/fi\/verhoilijat\/#primaryimage"},"image":{"@id":"https:\/\/www.johannagullichsen.com\/fi\/verhoilijat\/#primaryimage"},"thumbnailUrl":"https:\/\/www.johannagullichsen.com\/wp-content\/uploads\/2026\/01\/Johanna-Gullichsen-Kronos-and-Doris-Steel-upholstery-1920x1000-1.jpg","datePublished":"2026-01-14T07:56:00+00:00","dateModified":"2026-01-16T08:48:19+00:00","breadcrumb":{"@id":"https:\/\/www.johannagullichsen.com\/fi\/verhoilijat\/#breadcrumb"},"inLanguage":"fi","potentialAction":[{"@type":"ReadAction","target":["https:\/\/www.johannagullichsen.com\/fi\/verhoilijat\/"]}]},{"@type":"ImageObject","inLanguage":"fi","@id":"https:\/\/www.johannagullichsen.com\/fi\/verhoilijat\/#primaryimage","url":"https:\/\/www.johannagullichsen.com\/wp-content\/uploads\/2026\/01\/Johanna-Gullichsen-Kronos-and-Doris-Steel-upholstery-1920x1000-1.jpg","contentUrl":"https:\/\/www.johannagullichsen.com\/wp-content\/uploads\/2026\/01\/Johanna-Gullichsen-Kronos-and-Doris-Steel-upholstery-1920x1000-1.jpg","width":1920,"height":1000},{"@type":"BreadcrumbList","@id":"https:\/\/www.johannagullichsen.com\/fi\/verhoilijat\/#breadcrumb","itemListElement":[{"@type":"ListItem","position":1,"name":"Home","item":"https:\/\/www.johannagullichsen.com\/fi\/"},{"@type":"ListItem","position":2,"name":"Verhoilijat"}]},{"@type":"WebSite","@id":"https:\/\/www.johannagullichsen.com\/fi\/#website","url":"https:\/\/www.johannagullichsen.com\/fi\/","name":"Johanna Gullichsen","description":"","potentialAction":[{"@type":"SearchAction","target":{"@type":"EntryPoint","urlTemplate":"https:\/\/www.johannagullichsen.com\/fi\/?s={search_term_string}"},"query-input":{"@type":"PropertyValueSpecification","valueRequired":true,"valueName":"search_term_string"}}],"inLanguage":"fi"}]}},"_links":{"self":[{"href":"https:\/\/www.johannagullichsen.com\/fi\/wp-json\/wp\/v2\/pages\/29955","targetHints":{"allow":["GET"]}}],"collection":[{"href":"https:\/\/www.johannagullichsen.com\/fi\/wp-json\/wp\/v2\/pages"}],"about":[{"href":"https:\/\/www.johannagullichsen.com\/fi\/wp-json\/wp\/v2\/types\/page"}],"author":[{"embeddable":true,"href":"https:\/\/www.johannagullichsen.com\/fi\/wp-json\/wp\/v2\/users\/1"}],"replies":[{"embeddable":true,"href":"https:\/\/www.johannagullichsen.com\/fi\/wp-json\/wp\/v2\/comments?post=29955"}],"version-history":[{"count":5,"href":"https:\/\/www.johannagullichsen.com\/fi\/wp-json\/wp\/v2\/pages\/29955\/revisions"}],"predecessor-version":[{"id":30001,"href":"https:\/\/www.johannagullichsen.com\/fi\/wp-json\/wp\/v2\/pages\/29955\/revisions\/30001"}],"wp:featuredmedia":[{"embeddable":true,"href":"https:\/\/www.johannagullichsen.com\/fi\/wp-json\/wp\/v2\/media\/29972"}],"wp:attachment":[{"href":"https:\/\/www.johannagullichsen.com\/fi\/wp-json\/wp\/v2\/media?parent=29955"}],"curies":[{"name":"wp","href":"https:\/\/api.w.org\/{rel}","templated":true}]}}