{"id":8460,"date":"2020-06-08T09:42:27","date_gmt":"2020-06-08T06:42:27","guid":{"rendered":"https:\/\/www.johannagullichsen.com\/returns-and-exchanges\/"},"modified":"2021-05-14T12:08:08","modified_gmt":"2021-05-14T09:08:08","slug":"palautukset-ja-vaihdot","status":"publish","type":"page","link":"https:\/\/www.johannagullichsen.com\/fi\/palautukset-ja-vaihdot\/","title":{"rendered":"Palautukset ja vaihdot"},"content":{"rendered":"<p>Halutessasi palauttaa tuotteen, mist\u00e4 tahansa syyst\u00e4, se on teht\u00e4v\u00e4 30 p\u00e4iv\u00e4n sis\u00e4ll\u00e4 kuitin p\u00e4iv\u00e4m\u00e4\u00e4r\u00e4st\u00e4. Ilmoita meille palautuksesta s\u00e4hk\u00f6postitse ja kerro samalla tilauksesi ID-numero. Saat rahtikirjan sek\u00e4 ohjeet palautusta varten s\u00e4hk\u00f6postitse. Jotta voisimme parantaa palveluamme ja tuotteitamme, toivomme, ett\u00e4 kerrot palautuksen syyn.<\/p>\n<p>Palautamme maksusi heti kun tuotteet saapuvat meille. Hyvit\u00e4mme ostamasi tuotteet, mutta emme l\u00e4hetyskuluja. Esimerkiksi jos tilauksesi loppusumma oli 120\u20ac, josta palautettava tuote maksoi 100\u20ac ja sen l\u00e4hetyskulut olivat 20\u20ac, palautamme sinulle 100\u20ac. Tuotteen palautusl\u00e4hetys on kuitenkin sinulle t\u00e4ysin ilmainen.<\/p>\n<p>Vahingoittuneita tai k\u00e4yettyj\u00e4 tuotteita ei voi palauttaa.<\/p>\n<p>Halutessasi voit palauttaa tuotteen my\u00f6s Helsingin liikkeeseemme. Ota mukaasi ostosten kuitti. Tuotevalikoima voi vaihdella liikkeiden ja verkkokaupan kesken, joten halutessasi voit varmistaa jonkin tietyn tuotteen saatavuuden etuk\u00e4teen puhelimitse.<\/p>\n","protected":false},"excerpt":{"rendered":"<p>Halutessasi palauttaa tuotteen, mist\u00e4 tahansa syyst\u00e4, se on teht\u00e4v\u00e4 30 p\u00e4iv\u00e4n sis\u00e4ll\u00e4 kuitin p\u00e4iv\u00e4m\u00e4\u00e4r\u00e4st\u00e4. Ilmoita meille palautuksesta s\u00e4hk\u00f6postitse ja kerro samalla tilauksesi ID-numero. Saat rahtikirjan sek\u00e4 ohjeet palautusta varten s\u00e4hk\u00f6postitse.&hellip;<\/p>\n","protected":false},"author":1,"featured_media":0,"parent":0,"menu_order":0,"comment_status":"closed","ping_status":"closed","template":"","meta":{"_acf_changed":false,"footnotes":""},"class_list":["post-8460","page","type-page","status-publish","hentry"],"acf":[],"yoast_head":"<!-- This site is optimized with the Yoast SEO Premium plugin v27.2 (Yoast SEO v27.5) - https:\/\/yoast.com\/product\/yoast-seo-premium-wordpress\/ -->\n<title>Palautukset ja vaihdot - Johanna Gullichsen<\/title>\n<meta name=\"description\" content=\"Palautukset ja vaihdot\" \/>\n<meta name=\"robots\" content=\"index, follow, max-snippet:-1, max-image-preview:large, max-video-preview:-1\" \/>\n<link rel=\"canonical\" href=\"https:\/\/www.johannagullichsen.com\/fi\/palautukset-ja-vaihdot\/\" \/>\n<meta property=\"og:locale\" content=\"fi_FI\" \/>\n<meta property=\"og:type\" content=\"article\" \/>\n<meta property=\"og:title\" content=\"Palautukset ja vaihdot\" \/>\n<meta property=\"og:description\" content=\"Palautukset ja vaihdot\" \/>\n<meta property=\"og:url\" content=\"https:\/\/www.johannagullichsen.com\/fi\/palautukset-ja-vaihdot\/\" \/>\n<meta property=\"og:site_name\" content=\"Johanna Gullichsen\" \/>\n<meta property=\"article:modified_time\" content=\"2021-05-14T09:08:08+00:00\" \/>\n<meta name=\"twitter:card\" content=\"summary_large_image\" \/>\n<meta name=\"twitter:label1\" content=\"Arvioitu lukuaika\" \/>\n\t<meta name=\"twitter:data1\" content=\"1 minuutti\" \/>\n<script type=\"application\/ld+json\" class=\"yoast-schema-graph\">{\"@context\":\"https:\\\/\\\/schema.org\",\"@graph\":[{\"@type\":\"WebPage\",\"@id\":\"https:\\\/\\\/www.johannagullichsen.com\\\/fi\\\/palautukset-ja-vaihdot\\\/\",\"url\":\"https:\\\/\\\/www.johannagullichsen.com\\\/fi\\\/palautukset-ja-vaihdot\\\/\",\"name\":\"Palautukset ja vaihdot - Johanna Gullichsen\",\"isPartOf\":{\"@id\":\"https:\\\/\\\/www.johannagullichsen.com\\\/fi\\\/#website\"},\"datePublished\":\"2020-06-08T06:42:27+00:00\",\"dateModified\":\"2021-05-14T09:08:08+00:00\",\"description\":\"Palautukset ja vaihdot\",\"breadcrumb\":{\"@id\":\"https:\\\/\\\/www.johannagullichsen.com\\\/fi\\\/palautukset-ja-vaihdot\\\/#breadcrumb\"},\"inLanguage\":\"fi\",\"potentialAction\":[{\"@type\":\"ReadAction\",\"target\":[\"https:\\\/\\\/www.johannagullichsen.com\\\/fi\\\/palautukset-ja-vaihdot\\\/\"]}]},{\"@type\":\"BreadcrumbList\",\"@id\":\"https:\\\/\\\/www.johannagullichsen.com\\\/fi\\\/palautukset-ja-vaihdot\\\/#breadcrumb\",\"itemListElement\":[{\"@type\":\"ListItem\",\"position\":1,\"name\":\"Home\",\"item\":\"https:\\\/\\\/www.johannagullichsen.com\\\/fi\\\/\"},{\"@type\":\"ListItem\",\"position\":2,\"name\":\"Palautukset ja vaihdot\"}]},{\"@type\":\"WebSite\",\"@id\":\"https:\\\/\\\/www.johannagullichsen.com\\\/fi\\\/#website\",\"url\":\"https:\\\/\\\/www.johannagullichsen.com\\\/fi\\\/\",\"name\":\"Johanna Gullichsen\",\"description\":\"\",\"potentialAction\":[{\"@type\":\"SearchAction\",\"target\":{\"@type\":\"EntryPoint\",\"urlTemplate\":\"https:\\\/\\\/www.johannagullichsen.com\\\/fi\\\/?s={search_term_string}\"},\"query-input\":{\"@type\":\"PropertyValueSpecification\",\"valueRequired\":true,\"valueName\":\"search_term_string\"}}],\"inLanguage\":\"fi\"}]}<\/script>\n<!-- \/ Yoast SEO Premium plugin. -->","yoast_head_json":{"title":"Palautukset ja vaihdot - Johanna Gullichsen","description":"Palautukset ja vaihdot","robots":{"index":"index","follow":"follow","max-snippet":"max-snippet:-1","max-image-preview":"max-image-preview:large","max-video-preview":"max-video-preview:-1"},"canonical":"https:\/\/www.johannagullichsen.com\/fi\/palautukset-ja-vaihdot\/","og_locale":"fi_FI","og_type":"article","og_title":"Palautukset ja vaihdot","og_description":"Palautukset ja vaihdot","og_url":"https:\/\/www.johannagullichsen.com\/fi\/palautukset-ja-vaihdot\/","og_site_name":"Johanna Gullichsen","article_modified_time":"2021-05-14T09:08:08+00:00","twitter_card":"summary_large_image","twitter_misc":{"Arvioitu lukuaika":"1 minuutti"},"schema":{"@context":"https:\/\/schema.org","@graph":[{"@type":"WebPage","@id":"https:\/\/www.johannagullichsen.com\/fi\/palautukset-ja-vaihdot\/","url":"https:\/\/www.johannagullichsen.com\/fi\/palautukset-ja-vaihdot\/","name":"Palautukset ja vaihdot - Johanna Gullichsen","isPartOf":{"@id":"https:\/\/www.johannagullichsen.com\/fi\/#website"},"datePublished":"2020-06-08T06:42:27+00:00","dateModified":"2021-05-14T09:08:08+00:00","description":"Palautukset ja vaihdot","breadcrumb":{"@id":"https:\/\/www.johannagullichsen.com\/fi\/palautukset-ja-vaihdot\/#breadcrumb"},"inLanguage":"fi","potentialAction":[{"@type":"ReadAction","target":["https:\/\/www.johannagullichsen.com\/fi\/palautukset-ja-vaihdot\/"]}]},{"@type":"BreadcrumbList","@id":"https:\/\/www.johannagullichsen.com\/fi\/palautukset-ja-vaihdot\/#breadcrumb","itemListElement":[{"@type":"ListItem","position":1,"name":"Home","item":"https:\/\/www.johannagullichsen.com\/fi\/"},{"@type":"ListItem","position":2,"name":"Palautukset ja vaihdot"}]},{"@type":"WebSite","@id":"https:\/\/www.johannagullichsen.com\/fi\/#website","url":"https:\/\/www.johannagullichsen.com\/fi\/","name":"Johanna Gullichsen","description":"","potentialAction":[{"@type":"SearchAction","target":{"@type":"EntryPoint","urlTemplate":"https:\/\/www.johannagullichsen.com\/fi\/?s={search_term_string}"},"query-input":{"@type":"PropertyValueSpecification","valueRequired":true,"valueName":"search_term_string"}}],"inLanguage":"fi"}]}},"_links":{"self":[{"href":"https:\/\/www.johannagullichsen.com\/fi\/wp-json\/wp\/v2\/pages\/8460","targetHints":{"allow":["GET"]}}],"collection":[{"href":"https:\/\/www.johannagullichsen.com\/fi\/wp-json\/wp\/v2\/pages"}],"about":[{"href":"https:\/\/www.johannagullichsen.com\/fi\/wp-json\/wp\/v2\/types\/page"}],"author":[{"embeddable":true,"href":"https:\/\/www.johannagullichsen.com\/fi\/wp-json\/wp\/v2\/users\/1"}],"replies":[{"embeddable":true,"href":"https:\/\/www.johannagullichsen.com\/fi\/wp-json\/wp\/v2\/comments?post=8460"}],"version-history":[{"count":1,"href":"https:\/\/www.johannagullichsen.com\/fi\/wp-json\/wp\/v2\/pages\/8460\/revisions"}],"predecessor-version":[{"id":8463,"href":"https:\/\/www.johannagullichsen.com\/fi\/wp-json\/wp\/v2\/pages\/8460\/revisions\/8463"}],"wp:attachment":[{"href":"https:\/\/www.johannagullichsen.com\/fi\/wp-json\/wp\/v2\/media?parent=8460"}],"curies":[{"name":"wp","href":"https:\/\/api.w.org\/{rel}","templated":true}]}}