{"id":8483,"date":"2019-06-05T08:33:29","date_gmt":"2019-06-05T05:33:29","guid":{"rendered":"https:\/\/www.johannagullichsen.com\/privacy-policy\/"},"modified":"2020-11-09T22:46:55","modified_gmt":"2020-11-09T20:46:55","slug":"yksityisyydensuoja","status":"publish","type":"page","link":"https:\/\/www.johannagullichsen.com\/fi\/yksityisyydensuoja\/","title":{"rendered":"Yksityisyydensuoja"},"content":{"rendered":"\r\n<p>Ker\u00e4\u00e4mme tietoja verkkokaupasta tilauksen tekevilt\u00e4 asiakkailta. Tilausta tehdess\u00e4si ja asiakkaaksi rekister\u00f6ityess\u00e4si pyyd\u00e4mme sinulta etu- ja sukunimet, osoitteen, puhelinnumeron sek\u00e4 s\u00e4hk\u00f6postiosoitteen. Tietoja k\u00e4sitell\u00e4\u00e4n suostumuksen perusteella.<\/p>\r\n<h3 class=\"wp-block-heading\">Rekisteriseloste<\/h3>\r\n<p>Tiedot tallennetaan rekisteriin, jota yll\u00e4pit\u00e4\u00e4 Johanna Gullichsen Oy Ab (Y-tunnus: 1068430-3) ja jonka nimi on Johanna Gullichsen Oy:n asiakasrekisteri. Tietoja luovutetaan ainoastaan rekisterinpit\u00e4j\u00e4lle. Saatuja tietoja ei luovuteta ulkopuolisille kolmansille tahoille, eik\u00e4 EU:n ulkopuolelle. K\u00e4ytt\u00e4ess\u00e4si palvelua j\u00e4rjestelm\u00e4mme tallentaa joitakin toimintojasi tietokantaan. Asiakkailta tallennamme j\u00e4rjestelm\u00e4\u00e4n muun muassa tilaukset ja tilaushistorian sek\u00e4 kommunikoinnin palvelussamme. K\u00e4ytt\u00e4jien tietoja s\u00e4ilytet\u00e4\u00e4n toistaiseksi tai kunnes rekister\u00f6ity haluaa muokata tietojaan tai poistaa tietonsa.<\/p>\r\n<p>Jos sinulla on mit\u00e4\u00e4n kysytt\u00e4v\u00e4\u00e4 tietosuojasta tai rekisteriselosteestamme meihin voi ottaa yhteytt\u00e4 s\u00e4hk\u00f6postitse osoitteeseen info@johannagullichsen.com tai puhelimitse +358 9 637 917 (ma-pe klo 10-17).<\/p>\r\n<h3>Sovellettava laki ja oikeuspaikka<\/h3>\r\n<p>Kaikki mahdolliset erimielisyydet ja riitatilanteet liittyen n\u00e4ihin ehtoihin ratkaistaan Suomen lain mukaan, sill\u00e4 Johanna Gullichsen Oy Ab sijaisee Suomessa ja kaupank\u00e4ynti tapahtuu Suomessa. Johanna Gullichsen Oy Ab noudattaa Kilpailu- ja kuluttajaviraston ohjeita.<\/p>\r\n","protected":false},"excerpt":{"rendered":"<p>Ker\u00e4\u00e4mme tietoja verkkokaupasta tilauksen tekevilt\u00e4 asiakkailta. Tilausta tehdess\u00e4si ja asiakkaaksi rekister\u00f6ityess\u00e4si pyyd\u00e4mme sinulta etu- ja sukunimet, osoitteen, puhelinnumeron sek\u00e4 s\u00e4hk\u00f6postiosoitteen. Tietoja k\u00e4sitell\u00e4\u00e4n suostumuksen perusteella. Rekisteriseloste Tiedot tallennetaan rekisteriin, jota yll\u00e4pit\u00e4\u00e4&hellip;<\/p>\n","protected":false},"author":1,"featured_media":0,"parent":0,"menu_order":0,"comment_status":"closed","ping_status":"open","template":"","meta":{"_acf_changed":false,"footnotes":""},"class_list":["post-8483","page","type-page","status-publish","hentry"],"acf":[],"yoast_head":"<!-- This site is optimized with the Yoast SEO Premium plugin v27.2 (Yoast SEO v27.5) - https:\/\/yoast.com\/product\/yoast-seo-premium-wordpress\/ -->\n<title>Yksityisyydensuoja - Johanna Gullichsen<\/title>\n<meta name=\"robots\" content=\"index, follow, max-snippet:-1, max-image-preview:large, max-video-preview:-1\" \/>\n<link rel=\"canonical\" href=\"https:\/\/www.johannagullichsen.com\/fi\/yksityisyydensuoja\/\" \/>\n<meta property=\"og:locale\" content=\"fi_FI\" \/>\n<meta property=\"og:type\" content=\"article\" \/>\n<meta property=\"og:title\" content=\"Yksityisyydensuoja\" \/>\n<meta property=\"og:description\" content=\"Ker\u00e4\u00e4mme tietoja verkkokaupasta tilauksen tekevilt\u00e4 asiakkailta. Tilausta tehdess\u00e4si ja asiakkaaksi rekister\u00f6ityess\u00e4si pyyd\u00e4mme sinulta etu- ja sukunimet, osoitteen, puhelinnumeron sek\u00e4 s\u00e4hk\u00f6postiosoitteen. Tietoja k\u00e4sitell\u00e4\u00e4n suostumuksen perusteella. Rekisteriseloste Tiedot tallennetaan rekisteriin, jota yll\u00e4pit\u00e4\u00e4&hellip;\" \/>\n<meta property=\"og:url\" content=\"https:\/\/www.johannagullichsen.com\/fi\/yksityisyydensuoja\/\" \/>\n<meta property=\"og:site_name\" content=\"Johanna Gullichsen\" \/>\n<meta property=\"article:modified_time\" content=\"2020-11-09T20:46:55+00:00\" \/>\n<meta name=\"twitter:card\" content=\"summary_large_image\" \/>\n<meta name=\"twitter:label1\" content=\"Arvioitu lukuaika\" \/>\n\t<meta name=\"twitter:data1\" content=\"1 minuutti\" \/>\n<script type=\"application\/ld+json\" class=\"yoast-schema-graph\">{\"@context\":\"https:\\\/\\\/schema.org\",\"@graph\":[{\"@type\":\"WebPage\",\"@id\":\"https:\\\/\\\/www.johannagullichsen.com\\\/fi\\\/yksityisyydensuoja\\\/\",\"url\":\"https:\\\/\\\/www.johannagullichsen.com\\\/fi\\\/yksityisyydensuoja\\\/\",\"name\":\"Yksityisyydensuoja - Johanna Gullichsen\",\"isPartOf\":{\"@id\":\"https:\\\/\\\/www.johannagullichsen.com\\\/fi\\\/#website\"},\"datePublished\":\"2019-06-05T05:33:29+00:00\",\"dateModified\":\"2020-11-09T20:46:55+00:00\",\"breadcrumb\":{\"@id\":\"https:\\\/\\\/www.johannagullichsen.com\\\/fi\\\/yksityisyydensuoja\\\/#breadcrumb\"},\"inLanguage\":\"fi\",\"potentialAction\":[{\"@type\":\"ReadAction\",\"target\":[\"https:\\\/\\\/www.johannagullichsen.com\\\/fi\\\/yksityisyydensuoja\\\/\"]}]},{\"@type\":\"BreadcrumbList\",\"@id\":\"https:\\\/\\\/www.johannagullichsen.com\\\/fi\\\/yksityisyydensuoja\\\/#breadcrumb\",\"itemListElement\":[{\"@type\":\"ListItem\",\"position\":1,\"name\":\"Home\",\"item\":\"https:\\\/\\\/www.johannagullichsen.com\\\/fi\\\/\"},{\"@type\":\"ListItem\",\"position\":2,\"name\":\"Yksityisyydensuoja\"}]},{\"@type\":\"WebSite\",\"@id\":\"https:\\\/\\\/www.johannagullichsen.com\\\/fi\\\/#website\",\"url\":\"https:\\\/\\\/www.johannagullichsen.com\\\/fi\\\/\",\"name\":\"Johanna Gullichsen\",\"description\":\"\",\"potentialAction\":[{\"@type\":\"SearchAction\",\"target\":{\"@type\":\"EntryPoint\",\"urlTemplate\":\"https:\\\/\\\/www.johannagullichsen.com\\\/fi\\\/?s={search_term_string}\"},\"query-input\":{\"@type\":\"PropertyValueSpecification\",\"valueRequired\":true,\"valueName\":\"search_term_string\"}}],\"inLanguage\":\"fi\"}]}<\/script>\n<!-- \/ Yoast SEO Premium plugin. -->","yoast_head_json":{"title":"Yksityisyydensuoja - Johanna Gullichsen","robots":{"index":"index","follow":"follow","max-snippet":"max-snippet:-1","max-image-preview":"max-image-preview:large","max-video-preview":"max-video-preview:-1"},"canonical":"https:\/\/www.johannagullichsen.com\/fi\/yksityisyydensuoja\/","og_locale":"fi_FI","og_type":"article","og_title":"Yksityisyydensuoja","og_description":"Ker\u00e4\u00e4mme tietoja verkkokaupasta tilauksen tekevilt\u00e4 asiakkailta. Tilausta tehdess\u00e4si ja asiakkaaksi rekister\u00f6ityess\u00e4si pyyd\u00e4mme sinulta etu- ja sukunimet, osoitteen, puhelinnumeron sek\u00e4 s\u00e4hk\u00f6postiosoitteen. Tietoja k\u00e4sitell\u00e4\u00e4n suostumuksen perusteella. Rekisteriseloste Tiedot tallennetaan rekisteriin, jota yll\u00e4pit\u00e4\u00e4&hellip;","og_url":"https:\/\/www.johannagullichsen.com\/fi\/yksityisyydensuoja\/","og_site_name":"Johanna Gullichsen","article_modified_time":"2020-11-09T20:46:55+00:00","twitter_card":"summary_large_image","twitter_misc":{"Arvioitu lukuaika":"1 minuutti"},"schema":{"@context":"https:\/\/schema.org","@graph":[{"@type":"WebPage","@id":"https:\/\/www.johannagullichsen.com\/fi\/yksityisyydensuoja\/","url":"https:\/\/www.johannagullichsen.com\/fi\/yksityisyydensuoja\/","name":"Yksityisyydensuoja - Johanna Gullichsen","isPartOf":{"@id":"https:\/\/www.johannagullichsen.com\/fi\/#website"},"datePublished":"2019-06-05T05:33:29+00:00","dateModified":"2020-11-09T20:46:55+00:00","breadcrumb":{"@id":"https:\/\/www.johannagullichsen.com\/fi\/yksityisyydensuoja\/#breadcrumb"},"inLanguage":"fi","potentialAction":[{"@type":"ReadAction","target":["https:\/\/www.johannagullichsen.com\/fi\/yksityisyydensuoja\/"]}]},{"@type":"BreadcrumbList","@id":"https:\/\/www.johannagullichsen.com\/fi\/yksityisyydensuoja\/#breadcrumb","itemListElement":[{"@type":"ListItem","position":1,"name":"Home","item":"https:\/\/www.johannagullichsen.com\/fi\/"},{"@type":"ListItem","position":2,"name":"Yksityisyydensuoja"}]},{"@type":"WebSite","@id":"https:\/\/www.johannagullichsen.com\/fi\/#website","url":"https:\/\/www.johannagullichsen.com\/fi\/","name":"Johanna Gullichsen","description":"","potentialAction":[{"@type":"SearchAction","target":{"@type":"EntryPoint","urlTemplate":"https:\/\/www.johannagullichsen.com\/fi\/?s={search_term_string}"},"query-input":{"@type":"PropertyValueSpecification","valueRequired":true,"valueName":"search_term_string"}}],"inLanguage":"fi"}]}},"_links":{"self":[{"href":"https:\/\/www.johannagullichsen.com\/fi\/wp-json\/wp\/v2\/pages\/8483","targetHints":{"allow":["GET"]}}],"collection":[{"href":"https:\/\/www.johannagullichsen.com\/fi\/wp-json\/wp\/v2\/pages"}],"about":[{"href":"https:\/\/www.johannagullichsen.com\/fi\/wp-json\/wp\/v2\/types\/page"}],"author":[{"embeddable":true,"href":"https:\/\/www.johannagullichsen.com\/fi\/wp-json\/wp\/v2\/users\/1"}],"replies":[{"embeddable":true,"href":"https:\/\/www.johannagullichsen.com\/fi\/wp-json\/wp\/v2\/comments?post=8483"}],"version-history":[{"count":5,"href":"https:\/\/www.johannagullichsen.com\/fi\/wp-json\/wp\/v2\/pages\/8483\/revisions"}],"predecessor-version":[{"id":9773,"href":"https:\/\/www.johannagullichsen.com\/fi\/wp-json\/wp\/v2\/pages\/8483\/revisions\/9773"}],"wp:attachment":[{"href":"https:\/\/www.johannagullichsen.com\/fi\/wp-json\/wp\/v2\/media?parent=8483"}],"curies":[{"name":"wp","href":"https:\/\/api.w.org\/{rel}","templated":true}]}}