{"id":8627,"date":"2020-04-01T13:28:41","date_gmt":"2020-04-01T10:28:41","guid":{"rendered":"https:\/\/www.johannagullichsen.com\/social-responsibility\/"},"modified":"2024-10-08T12:05:45","modified_gmt":"2024-10-08T09:05:45","slug":"vastuullisuus","status":"publish","type":"page","link":"https:\/\/www.johannagullichsen.com\/fi\/vastuullisuus\/","title":{"rendered":"Vastuullisuus"},"content":{"rendered":"<p><img loading=\"lazy\" decoding=\"async\" class=\"alignnone wp-image-8516 size-large\" src=\"https:\/\/www.johannagullichsen.com\/wp-content\/uploads\/2020\/08\/johanna-gullichsen-responsibility-1024x533.jpeg\" alt=\"\" width=\"1024\" height=\"533\" srcset=\"https:\/\/www.johannagullichsen.com\/wp-content\/uploads\/2020\/08\/johanna-gullichsen-responsibility-1024x533.jpeg 1024w, https:\/\/www.johannagullichsen.com\/wp-content\/uploads\/2020\/08\/johanna-gullichsen-responsibility-1260x656.jpeg 1260w, https:\/\/www.johannagullichsen.com\/wp-content\/uploads\/2020\/08\/johanna-gullichsen-responsibility-300x156.jpeg 300w, https:\/\/www.johannagullichsen.com\/wp-content\/uploads\/2020\/08\/johanna-gullichsen-responsibility-768x400.jpeg 768w, https:\/\/www.johannagullichsen.com\/wp-content\/uploads\/2020\/08\/johanna-gullichsen-responsibility-1536x800.jpeg 1536w, https:\/\/www.johannagullichsen.com\/wp-content\/uploads\/2020\/08\/johanna-gullichsen-responsibility.jpeg 1920w\" sizes=\"auto, (max-width: 1024px) 100vw, 1024px\" \/><\/p>\n<p>Ajattomien, pitk\u00e4ik\u00e4isten tekstiilien valmistaminen on ekologinen valinta. Johanna Gullichsenin muotoilufilosofian keskeinen ajatus on luoda tuotteita, jotka l\u00e4p\u00e4isev\u00e4t ajan testin. Kudottu kest\u00e4m\u00e4\u00e4n &#8211; kauniit kuosit ja laadukkaat materiaalit antavat k\u00e4ytt\u00e4j\u00e4lleen enemm\u00e4n nopeasti virtaavat muoti-ilmi\u00f6t.<\/p>\n<p>Kokoelma on tuotettu ymp\u00e4rist\u00f6\u00e4 kunnioittaen. Valitsemalla ymp\u00e4rist\u00f6yst\u00e4v\u00e4lliset tuotantomenetelm\u00e4t ja ty\u00f6skentelem\u00e4ll\u00e4 luotettavien ja p\u00e4\u00e4osin kotimaisten valmistajien kanssa, yritys edustaa avoimuutta ja noudattaa teollisuuden ymp\u00e4rist\u00f6asetuksia.<\/p>\n<p>Normandie-mallisto on tuotettu GOTS- tai OCS-sertifioidusta luomupuuvillakuidusta. Malliston langat v\u00e4rj\u00e4t\u00e4\u00e4n Suomessa Lappaj\u00e4rven v\u00e4rj\u00e4\u00e4m\u00f6ll\u00e4, joka on panostanut ymp\u00e4rist\u00f6yst\u00e4v\u00e4lllisiin tuotantoprosesseihin, jotka s\u00e4\u00e4st\u00e4v\u00e4t vett\u00e4 ja energiaa.<\/p>\n<p>V\u00e4rj\u00e4ysprosessin j\u00e4lkeen langat menev\u00e4t kotimaiselle kutomolle, joissa laadun tarkkailu on helppoa. Tekstiilien viimeistelyss\u00e4 ei k\u00e4ytet\u00e4 kemikaaleja ja suurin osa tekstiileist\u00e4 on valmistettu luonnonmukaisesti viljellyist\u00e4 kuiduista. Luotettavien kumppanien verkosto jakaa Johanna Gullichsenin ymp\u00e4rist\u00f6yst\u00e4v\u00e4llisen mukaiset arvot. Kaikki tuotteet ommellaan Suomessa, Helsingiss\u00e4, Somerolla ja Turussa. Tuotannon l\u00e4heisyys ja hyv\u00e4t suhteet taitaviin tekij\u00f6ihin ovat eduksi my\u00f6s ymp\u00e4rist\u00f6n\u00e4k\u00f6kulmasta.<\/p>\n<p>Kansainv\u00e4lisess\u00e4 yhteisty\u00f6ss\u00e4 Johanna Gullichsen ty\u00f6skentelee vain ymp\u00e4rist\u00f6sertifioitujen kumppaneiden ja kauppiaiden kanssa, jotka kaikki t\u00e4ytt\u00e4v\u00e4t ja noudattavat EU: n ty\u00f6standardeja. Kaikkien yritysten on noudatettava EU-m\u00e4\u00e4r\u00e4yksi\u00e4 ja oltava akkreditoituja Oeko-tex 100 -sertifikaatin kanssa. Julkisiin tiloihin kehitetty Contract mallisto on kudottu Suomessa, ja kuitu on per\u00e4isin sertifioidulta sveitsil\u00e4iselt\u00e4 langanvalmistajalta. Loom-mallisto on kudottu Italiassa, miss\u00e4 silkin ja pellavan tuotantolla on erityisen pitk\u00e4t perinteet.<\/p>\n<p>Eettisesti kest\u00e4v\u00e4t tuotantomenetelm\u00e4t ja ymp\u00e4rist\u00f6st\u00e4 huolehtiminen ovat olleet aina l\u00e4sn\u00e4 Johanna Gullichsenin luovassa ty\u00f6ss\u00e4. Yksinkertainen muotokieli, kest\u00e4vyys ja kauneus ovat kulttuuriarvoja yrityksen ymp\u00e4rist\u00f6politiikan taustalla.<\/p>\n","protected":false},"excerpt":{"rendered":"<p>Ajattomien, pitk\u00e4ik\u00e4isten tekstiilien valmistaminen on ekologinen valinta. Johanna Gullichsenin muotoilufilosofian keskeinen ajatus on luoda tuotteita, jotka l\u00e4p\u00e4isev\u00e4t ajan testin. Kudottu kest\u00e4m\u00e4\u00e4n &#8211; kauniit kuosit ja laadukkaat materiaalit antavat k\u00e4ytt\u00e4j\u00e4lleen enemm\u00e4n&hellip;<\/p>\n","protected":false},"author":1,"featured_media":0,"parent":0,"menu_order":0,"comment_status":"closed","ping_status":"closed","template":"","meta":{"_acf_changed":false,"footnotes":""},"class_list":["post-8627","page","type-page","status-publish","hentry"],"acf":[],"yoast_head":"<!-- This site is optimized with the Yoast SEO Premium plugin v27.2 (Yoast SEO v27.5) - https:\/\/yoast.com\/product\/yoast-seo-premium-wordpress\/ -->\n<title>Vastuullisuus - Johanna Gullichsen<\/title>\n<meta name=\"robots\" content=\"index, follow, max-snippet:-1, max-image-preview:large, max-video-preview:-1\" \/>\n<link rel=\"canonical\" href=\"https:\/\/www.johannagullichsen.com\/fi\/vastuullisuus\/\" \/>\n<meta property=\"og:locale\" content=\"fi_FI\" \/>\n<meta property=\"og:type\" content=\"article\" \/>\n<meta property=\"og:title\" content=\"Vastuullisuus\" \/>\n<meta property=\"og:description\" content=\"Ajattomien, pitk\u00e4ik\u00e4isten tekstiilien valmistaminen on ekologinen valinta. Johanna Gullichsenin muotoilufilosofian keskeinen ajatus on luoda tuotteita, jotka l\u00e4p\u00e4isev\u00e4t ajan testin. Kudottu kest\u00e4m\u00e4\u00e4n &#8211; kauniit kuosit ja laadukkaat materiaalit antavat k\u00e4ytt\u00e4j\u00e4lleen enemm\u00e4n&hellip;\" \/>\n<meta property=\"og:url\" content=\"https:\/\/www.johannagullichsen.com\/fi\/vastuullisuus\/\" \/>\n<meta property=\"og:site_name\" content=\"Johanna Gullichsen\" \/>\n<meta property=\"article:modified_time\" content=\"2024-10-08T09:05:45+00:00\" \/>\n<meta property=\"og:image\" content=\"https:\/\/www.johannagullichsen.com\/wp-content\/uploads\/2020\/08\/johanna-gullichsen-responsibility-1024x533.jpeg\" \/>\n<meta name=\"twitter:card\" content=\"summary_large_image\" \/>\n<meta name=\"twitter:label1\" content=\"Arvioitu lukuaika\" \/>\n\t<meta name=\"twitter:data1\" content=\"2 minuuttia\" \/>\n<script type=\"application\/ld+json\" class=\"yoast-schema-graph\">{\"@context\":\"https:\\\/\\\/schema.org\",\"@graph\":[{\"@type\":\"WebPage\",\"@id\":\"https:\\\/\\\/www.johannagullichsen.com\\\/fi\\\/vastuullisuus\\\/\",\"url\":\"https:\\\/\\\/www.johannagullichsen.com\\\/fi\\\/vastuullisuus\\\/\",\"name\":\"Vastuullisuus - Johanna Gullichsen\",\"isPartOf\":{\"@id\":\"https:\\\/\\\/www.johannagullichsen.com\\\/fi\\\/#website\"},\"primaryImageOfPage\":{\"@id\":\"https:\\\/\\\/www.johannagullichsen.com\\\/fi\\\/vastuullisuus\\\/#primaryimage\"},\"image\":{\"@id\":\"https:\\\/\\\/www.johannagullichsen.com\\\/fi\\\/vastuullisuus\\\/#primaryimage\"},\"thumbnailUrl\":\"https:\\\/\\\/www.johannagullichsen.com\\\/wp-content\\\/uploads\\\/2020\\\/08\\\/johanna-gullichsen-responsibility-1024x533.jpeg\",\"datePublished\":\"2020-04-01T10:28:41+00:00\",\"dateModified\":\"2024-10-08T09:05:45+00:00\",\"breadcrumb\":{\"@id\":\"https:\\\/\\\/www.johannagullichsen.com\\\/fi\\\/vastuullisuus\\\/#breadcrumb\"},\"inLanguage\":\"fi\",\"potentialAction\":[{\"@type\":\"ReadAction\",\"target\":[\"https:\\\/\\\/www.johannagullichsen.com\\\/fi\\\/vastuullisuus\\\/\"]}]},{\"@type\":\"ImageObject\",\"inLanguage\":\"fi\",\"@id\":\"https:\\\/\\\/www.johannagullichsen.com\\\/fi\\\/vastuullisuus\\\/#primaryimage\",\"url\":\"https:\\\/\\\/www.johannagullichsen.com\\\/wp-content\\\/uploads\\\/2020\\\/08\\\/johanna-gullichsen-responsibility-1024x533.jpeg\",\"contentUrl\":\"https:\\\/\\\/www.johannagullichsen.com\\\/wp-content\\\/uploads\\\/2020\\\/08\\\/johanna-gullichsen-responsibility-1024x533.jpeg\"},{\"@type\":\"BreadcrumbList\",\"@id\":\"https:\\\/\\\/www.johannagullichsen.com\\\/fi\\\/vastuullisuus\\\/#breadcrumb\",\"itemListElement\":[{\"@type\":\"ListItem\",\"position\":1,\"name\":\"Home\",\"item\":\"https:\\\/\\\/www.johannagullichsen.com\\\/fi\\\/\"},{\"@type\":\"ListItem\",\"position\":2,\"name\":\"Vastuullisuus\"}]},{\"@type\":\"WebSite\",\"@id\":\"https:\\\/\\\/www.johannagullichsen.com\\\/fi\\\/#website\",\"url\":\"https:\\\/\\\/www.johannagullichsen.com\\\/fi\\\/\",\"name\":\"Johanna Gullichsen\",\"description\":\"\",\"potentialAction\":[{\"@type\":\"SearchAction\",\"target\":{\"@type\":\"EntryPoint\",\"urlTemplate\":\"https:\\\/\\\/www.johannagullichsen.com\\\/fi\\\/?s={search_term_string}\"},\"query-input\":{\"@type\":\"PropertyValueSpecification\",\"valueRequired\":true,\"valueName\":\"search_term_string\"}}],\"inLanguage\":\"fi\"}]}<\/script>\n<!-- \/ Yoast SEO Premium plugin. -->","yoast_head_json":{"title":"Vastuullisuus - Johanna Gullichsen","robots":{"index":"index","follow":"follow","max-snippet":"max-snippet:-1","max-image-preview":"max-image-preview:large","max-video-preview":"max-video-preview:-1"},"canonical":"https:\/\/www.johannagullichsen.com\/fi\/vastuullisuus\/","og_locale":"fi_FI","og_type":"article","og_title":"Vastuullisuus","og_description":"Ajattomien, pitk\u00e4ik\u00e4isten tekstiilien valmistaminen on ekologinen valinta. Johanna Gullichsenin muotoilufilosofian keskeinen ajatus on luoda tuotteita, jotka l\u00e4p\u00e4isev\u00e4t ajan testin. Kudottu kest\u00e4m\u00e4\u00e4n &#8211; kauniit kuosit ja laadukkaat materiaalit antavat k\u00e4ytt\u00e4j\u00e4lleen enemm\u00e4n&hellip;","og_url":"https:\/\/www.johannagullichsen.com\/fi\/vastuullisuus\/","og_site_name":"Johanna Gullichsen","article_modified_time":"2024-10-08T09:05:45+00:00","og_image":[{"url":"https:\/\/www.johannagullichsen.com\/wp-content\/uploads\/2020\/08\/johanna-gullichsen-responsibility-1024x533.jpeg","type":"","width":"","height":""}],"twitter_card":"summary_large_image","twitter_misc":{"Arvioitu lukuaika":"2 minuuttia"},"schema":{"@context":"https:\/\/schema.org","@graph":[{"@type":"WebPage","@id":"https:\/\/www.johannagullichsen.com\/fi\/vastuullisuus\/","url":"https:\/\/www.johannagullichsen.com\/fi\/vastuullisuus\/","name":"Vastuullisuus - Johanna Gullichsen","isPartOf":{"@id":"https:\/\/www.johannagullichsen.com\/fi\/#website"},"primaryImageOfPage":{"@id":"https:\/\/www.johannagullichsen.com\/fi\/vastuullisuus\/#primaryimage"},"image":{"@id":"https:\/\/www.johannagullichsen.com\/fi\/vastuullisuus\/#primaryimage"},"thumbnailUrl":"https:\/\/www.johannagullichsen.com\/wp-content\/uploads\/2020\/08\/johanna-gullichsen-responsibility-1024x533.jpeg","datePublished":"2020-04-01T10:28:41+00:00","dateModified":"2024-10-08T09:05:45+00:00","breadcrumb":{"@id":"https:\/\/www.johannagullichsen.com\/fi\/vastuullisuus\/#breadcrumb"},"inLanguage":"fi","potentialAction":[{"@type":"ReadAction","target":["https:\/\/www.johannagullichsen.com\/fi\/vastuullisuus\/"]}]},{"@type":"ImageObject","inLanguage":"fi","@id":"https:\/\/www.johannagullichsen.com\/fi\/vastuullisuus\/#primaryimage","url":"https:\/\/www.johannagullichsen.com\/wp-content\/uploads\/2020\/08\/johanna-gullichsen-responsibility-1024x533.jpeg","contentUrl":"https:\/\/www.johannagullichsen.com\/wp-content\/uploads\/2020\/08\/johanna-gullichsen-responsibility-1024x533.jpeg"},{"@type":"BreadcrumbList","@id":"https:\/\/www.johannagullichsen.com\/fi\/vastuullisuus\/#breadcrumb","itemListElement":[{"@type":"ListItem","position":1,"name":"Home","item":"https:\/\/www.johannagullichsen.com\/fi\/"},{"@type":"ListItem","position":2,"name":"Vastuullisuus"}]},{"@type":"WebSite","@id":"https:\/\/www.johannagullichsen.com\/fi\/#website","url":"https:\/\/www.johannagullichsen.com\/fi\/","name":"Johanna Gullichsen","description":"","potentialAction":[{"@type":"SearchAction","target":{"@type":"EntryPoint","urlTemplate":"https:\/\/www.johannagullichsen.com\/fi\/?s={search_term_string}"},"query-input":{"@type":"PropertyValueSpecification","valueRequired":true,"valueName":"search_term_string"}}],"inLanguage":"fi"}]}},"_links":{"self":[{"href":"https:\/\/www.johannagullichsen.com\/fi\/wp-json\/wp\/v2\/pages\/8627","targetHints":{"allow":["GET"]}}],"collection":[{"href":"https:\/\/www.johannagullichsen.com\/fi\/wp-json\/wp\/v2\/pages"}],"about":[{"href":"https:\/\/www.johannagullichsen.com\/fi\/wp-json\/wp\/v2\/types\/page"}],"author":[{"embeddable":true,"href":"https:\/\/www.johannagullichsen.com\/fi\/wp-json\/wp\/v2\/users\/1"}],"replies":[{"embeddable":true,"href":"https:\/\/www.johannagullichsen.com\/fi\/wp-json\/wp\/v2\/comments?post=8627"}],"version-history":[{"count":5,"href":"https:\/\/www.johannagullichsen.com\/fi\/wp-json\/wp\/v2\/pages\/8627\/revisions"}],"predecessor-version":[{"id":24307,"href":"https:\/\/www.johannagullichsen.com\/fi\/wp-json\/wp\/v2\/pages\/8627\/revisions\/24307"}],"wp:attachment":[{"href":"https:\/\/www.johannagullichsen.com\/fi\/wp-json\/wp\/v2\/media?parent=8627"}],"curies":[{"name":"wp","href":"https:\/\/api.w.org\/{rel}","templated":true}]}}