{"id":8635,"date":"2020-04-01T13:50:24","date_gmt":"2020-04-01T10:50:24","guid":{"rendered":"https:\/\/www.johannagullichsen.com\/maintenance-and-care\/"},"modified":"2026-03-11T15:46:57","modified_gmt":"2026-03-11T13:46:57","slug":"tekstiilien-huolto","status":"publish","type":"page","link":"https:\/\/www.johannagullichsen.com\/fi\/tekstiilien-huolto\/","title":{"rendered":"Tekstiilien huolto"},"content":{"rendered":"<p>Johanna Gullichsen malliston tekstiilit on suunniteltu kest\u00e4m\u00e4\u00e4n aikaa ja k\u00e4ytt\u00f6\u00e4. Kankaat kudotaan laadukkaista luonnonkuiduista parhaissa kutomoissa Suomessa ja Italiassa. Tekstiilit sek\u00e4 n\u00e4ytt\u00e4v\u00e4t ett\u00e4 tuntuvat hyvilt\u00e4 monia vuosia, kunhan niit\u00e4 huolletaan oikein. Hyv\u00e4 huolto voi jopa parantaa tekstiilien ominaisuuksia. Kuten sanonta kuuluu: Pesussa Pellava paranee.<\/p>\n<p>Tekstiilien k\u00e4ytt\u00f6i\u00e4n pident\u00e4miseksi, ja siten my\u00f6s ymp\u00e4rist\u00f6vaikutusten v\u00e4hent\u00e4miseksi, on suositeltavaa noudattaa kunkin tekstiililimalliston hoito-ohjeita.<\/p>\n<p>Henkil\u00f6kuntamme auttaa ja opastaa mielell\u00e4\u00e4n kaikissa tuotteiden huoltoon liittyviss\u00e4 kysymyksiss\u00e4. Helsingin myym\u00e4l\u00e4ss\u00e4 korjaamme my\u00f6s tarvittaessa tuotteitamme. Vaihdamme tarvittaessa laukun hihnat tai korjaamme repeytyneen sauman. Autamme asiakkaitamme jo ostop\u00e4\u00e4t\u00f6st\u00e4 tehdess\u00e4 valitsemaan k\u00e4ytt\u00f6kohteen parhaat materiaalit.<\/p>\n<h4>PUUVILLA<\/h4>\n<p>Normandie ja Ribbon mallistot<br \/>\nPuuvillakankaat ja nauhat soveltuvat kodin sisustamiseen, verhoiluun ja asusteisiin.<br \/>\nKonepesu 60 \u00b0C.<br \/>\nEi saa valkaista.<br \/>\nKevyt linkous, venyt\u00e4 kangas pesun j\u00e4lkeen takaisin muotoonsa<br \/>\nKuivaus ripustettuna, ei rumpukuivausta<br \/>\nH\u00f6yrysilitys kosteana, enint\u00e4\u00e4n 200 \u00b0C.<\/p>\n<h4>PELLAVA<\/h4>\n<p>Savoy, Pure ja Raita mallistot<br \/>\n100% pellavakankaat sisutustuotteisiin, kattauksiin ja kylpytekstiileihin.<br \/>\nPellava muuttuu pesujen my\u00f6t\u00e4 yh\u00e4 pehme\u00e4mm\u00e4ksi ja sen kosteudenimukyky paranee. Kylm\u00e4mankelointi antaa pellavalle kauniin kiillon. Valkaisematon pellava vaalenee pesu pesulta.<br \/>\nKutistuminen 5\u20137%.<br \/>\nKonepesu max 60 \u00b0C, huuhtele hyvin.<br \/>\nEi saa valkaista.<br \/>\nKevyt linkous.<br \/>\nkuivaus ripustettuna, ei rumpukuivausta liiallisen rypistymisen ja kulumisen v\u00e4ltt\u00e4miseksi.<br \/>\nH\u00f6yrysilitys kosteana, enint\u00e4\u00e4n 200 \u00b0C.<\/p>\n<h4>VILLASEKOITTEET<\/h4>\n<p>Contract mallisto<br \/>\nVilla on luontaisesti likaahylkiv\u00e4 sek\u00e4 paloturvallinen materiaali.<br \/>\nYleens\u00e4 tahrat irtoavat villakankaasta helposti.<br \/>\nParas hoito villalle on tuuletus.<br \/>\nP\u00f6ly\u00e4 voi poistaa pehme\u00e4ll\u00e4 harjalla sek\u00e4 imuroimalla.<br \/>\nTarvittaessa kemiallinen pesu tai vesipesu villaohjelmalla 30 \u00b0C.<br \/>\nKuivaus ripustettuna, ei rumpukuivausta.<br \/>\nH\u00f6yrysilitys villa-asetuksilla. Max 150 \u00b0C Huom. silitys saattaa kutistaa kangasta.<\/p>\n<p>&nbsp;<\/p>\n","protected":false},"excerpt":{"rendered":"<p>Johanna Gullichsen malliston tekstiilit on suunniteltu kest\u00e4m\u00e4\u00e4n aikaa ja k\u00e4ytt\u00f6\u00e4. Kankaat kudotaan laadukkaista luonnonkuiduista parhaissa kutomoissa Suomessa ja Italiassa. Tekstiilit sek\u00e4 n\u00e4ytt\u00e4v\u00e4t ett\u00e4 tuntuvat hyvilt\u00e4 monia vuosia, kunhan niit\u00e4 huolletaan&hellip;<\/p>\n","protected":false},"author":1,"featured_media":0,"parent":0,"menu_order":0,"comment_status":"closed","ping_status":"closed","template":"","meta":{"_acf_changed":false,"footnotes":""},"class_list":["post-8635","page","type-page","status-publish","hentry"],"acf":[],"yoast_head":"<!-- This site is optimized with the Yoast SEO Premium plugin v27.2 (Yoast SEO v27.5) - https:\/\/yoast.com\/product\/yoast-seo-premium-wordpress\/ -->\n<title>Tekstiilien huolto - Johanna Gullichsen<\/title>\n<meta name=\"robots\" content=\"index, follow, max-snippet:-1, max-image-preview:large, max-video-preview:-1\" \/>\n<link rel=\"canonical\" href=\"https:\/\/www.johannagullichsen.com\/fi\/tekstiilien-huolto\/\" \/>\n<meta property=\"og:locale\" content=\"fi_FI\" \/>\n<meta property=\"og:type\" content=\"article\" \/>\n<meta property=\"og:title\" content=\"Tekstiilien huolto\" \/>\n<meta property=\"og:description\" content=\"Johanna Gullichsen malliston tekstiilit on suunniteltu kest\u00e4m\u00e4\u00e4n aikaa ja k\u00e4ytt\u00f6\u00e4. Kankaat kudotaan laadukkaista luonnonkuiduista parhaissa kutomoissa Suomessa ja Italiassa. Tekstiilit sek\u00e4 n\u00e4ytt\u00e4v\u00e4t ett\u00e4 tuntuvat hyvilt\u00e4 monia vuosia, kunhan niit\u00e4 huolletaan&hellip;\" \/>\n<meta property=\"og:url\" content=\"https:\/\/www.johannagullichsen.com\/fi\/tekstiilien-huolto\/\" \/>\n<meta property=\"og:site_name\" content=\"Johanna Gullichsen\" \/>\n<meta property=\"article:modified_time\" content=\"2026-03-11T13:46:57+00:00\" \/>\n<meta name=\"twitter:card\" content=\"summary_large_image\" \/>\n<meta name=\"twitter:label1\" content=\"Arvioitu lukuaika\" \/>\n\t<meta name=\"twitter:data1\" content=\"2 minuuttia\" \/>\n<script type=\"application\/ld+json\" class=\"yoast-schema-graph\">{\"@context\":\"https:\\\/\\\/schema.org\",\"@graph\":[{\"@type\":\"WebPage\",\"@id\":\"https:\\\/\\\/www.johannagullichsen.com\\\/fi\\\/tekstiilien-huolto\\\/\",\"url\":\"https:\\\/\\\/www.johannagullichsen.com\\\/fi\\\/tekstiilien-huolto\\\/\",\"name\":\"Tekstiilien huolto - Johanna Gullichsen\",\"isPartOf\":{\"@id\":\"https:\\\/\\\/www.johannagullichsen.com\\\/fi\\\/#website\"},\"datePublished\":\"2020-04-01T10:50:24+00:00\",\"dateModified\":\"2026-03-11T13:46:57+00:00\",\"breadcrumb\":{\"@id\":\"https:\\\/\\\/www.johannagullichsen.com\\\/fi\\\/tekstiilien-huolto\\\/#breadcrumb\"},\"inLanguage\":\"fi\",\"potentialAction\":[{\"@type\":\"ReadAction\",\"target\":[\"https:\\\/\\\/www.johannagullichsen.com\\\/fi\\\/tekstiilien-huolto\\\/\"]}]},{\"@type\":\"BreadcrumbList\",\"@id\":\"https:\\\/\\\/www.johannagullichsen.com\\\/fi\\\/tekstiilien-huolto\\\/#breadcrumb\",\"itemListElement\":[{\"@type\":\"ListItem\",\"position\":1,\"name\":\"Home\",\"item\":\"https:\\\/\\\/www.johannagullichsen.com\\\/fi\\\/\"},{\"@type\":\"ListItem\",\"position\":2,\"name\":\"Tekstiilien huolto\"}]},{\"@type\":\"WebSite\",\"@id\":\"https:\\\/\\\/www.johannagullichsen.com\\\/fi\\\/#website\",\"url\":\"https:\\\/\\\/www.johannagullichsen.com\\\/fi\\\/\",\"name\":\"Johanna Gullichsen\",\"description\":\"\",\"potentialAction\":[{\"@type\":\"SearchAction\",\"target\":{\"@type\":\"EntryPoint\",\"urlTemplate\":\"https:\\\/\\\/www.johannagullichsen.com\\\/fi\\\/?s={search_term_string}\"},\"query-input\":{\"@type\":\"PropertyValueSpecification\",\"valueRequired\":true,\"valueName\":\"search_term_string\"}}],\"inLanguage\":\"fi\"}]}<\/script>\n<!-- \/ Yoast SEO Premium plugin. -->","yoast_head_json":{"title":"Tekstiilien huolto - Johanna Gullichsen","robots":{"index":"index","follow":"follow","max-snippet":"max-snippet:-1","max-image-preview":"max-image-preview:large","max-video-preview":"max-video-preview:-1"},"canonical":"https:\/\/www.johannagullichsen.com\/fi\/tekstiilien-huolto\/","og_locale":"fi_FI","og_type":"article","og_title":"Tekstiilien huolto","og_description":"Johanna Gullichsen malliston tekstiilit on suunniteltu kest\u00e4m\u00e4\u00e4n aikaa ja k\u00e4ytt\u00f6\u00e4. Kankaat kudotaan laadukkaista luonnonkuiduista parhaissa kutomoissa Suomessa ja Italiassa. Tekstiilit sek\u00e4 n\u00e4ytt\u00e4v\u00e4t ett\u00e4 tuntuvat hyvilt\u00e4 monia vuosia, kunhan niit\u00e4 huolletaan&hellip;","og_url":"https:\/\/www.johannagullichsen.com\/fi\/tekstiilien-huolto\/","og_site_name":"Johanna Gullichsen","article_modified_time":"2026-03-11T13:46:57+00:00","twitter_card":"summary_large_image","twitter_misc":{"Arvioitu lukuaika":"2 minuuttia"},"schema":{"@context":"https:\/\/schema.org","@graph":[{"@type":"WebPage","@id":"https:\/\/www.johannagullichsen.com\/fi\/tekstiilien-huolto\/","url":"https:\/\/www.johannagullichsen.com\/fi\/tekstiilien-huolto\/","name":"Tekstiilien huolto - Johanna Gullichsen","isPartOf":{"@id":"https:\/\/www.johannagullichsen.com\/fi\/#website"},"datePublished":"2020-04-01T10:50:24+00:00","dateModified":"2026-03-11T13:46:57+00:00","breadcrumb":{"@id":"https:\/\/www.johannagullichsen.com\/fi\/tekstiilien-huolto\/#breadcrumb"},"inLanguage":"fi","potentialAction":[{"@type":"ReadAction","target":["https:\/\/www.johannagullichsen.com\/fi\/tekstiilien-huolto\/"]}]},{"@type":"BreadcrumbList","@id":"https:\/\/www.johannagullichsen.com\/fi\/tekstiilien-huolto\/#breadcrumb","itemListElement":[{"@type":"ListItem","position":1,"name":"Home","item":"https:\/\/www.johannagullichsen.com\/fi\/"},{"@type":"ListItem","position":2,"name":"Tekstiilien huolto"}]},{"@type":"WebSite","@id":"https:\/\/www.johannagullichsen.com\/fi\/#website","url":"https:\/\/www.johannagullichsen.com\/fi\/","name":"Johanna Gullichsen","description":"","potentialAction":[{"@type":"SearchAction","target":{"@type":"EntryPoint","urlTemplate":"https:\/\/www.johannagullichsen.com\/fi\/?s={search_term_string}"},"query-input":{"@type":"PropertyValueSpecification","valueRequired":true,"valueName":"search_term_string"}}],"inLanguage":"fi"}]}},"_links":{"self":[{"href":"https:\/\/www.johannagullichsen.com\/fi\/wp-json\/wp\/v2\/pages\/8635","targetHints":{"allow":["GET"]}}],"collection":[{"href":"https:\/\/www.johannagullichsen.com\/fi\/wp-json\/wp\/v2\/pages"}],"about":[{"href":"https:\/\/www.johannagullichsen.com\/fi\/wp-json\/wp\/v2\/types\/page"}],"author":[{"embeddable":true,"href":"https:\/\/www.johannagullichsen.com\/fi\/wp-json\/wp\/v2\/users\/1"}],"replies":[{"embeddable":true,"href":"https:\/\/www.johannagullichsen.com\/fi\/wp-json\/wp\/v2\/comments?post=8635"}],"version-history":[{"count":4,"href":"https:\/\/www.johannagullichsen.com\/fi\/wp-json\/wp\/v2\/pages\/8635\/revisions"}],"predecessor-version":[{"id":30388,"href":"https:\/\/www.johannagullichsen.com\/fi\/wp-json\/wp\/v2\/pages\/8635\/revisions\/30388"}],"wp:attachment":[{"href":"https:\/\/www.johannagullichsen.com\/fi\/wp-json\/wp\/v2\/media?parent=8635"}],"curies":[{"name":"wp","href":"https:\/\/api.w.org\/{rel}","templated":true}]}}