{"id":12972,"date":"2021-02-02T10:47:47","date_gmt":"2021-02-02T08:47:47","guid":{"rendered":"https:\/\/www.johannagullichsen.com\/?post_type=product&#038;p=12972"},"modified":"2023-02-13T15:45:31","modified_gmt":"2023-02-13T13:45:31","slug":"mallitilkku-triton","status":"publish","type":"product","link":"https:\/\/www.johannagullichsen.com\/fi\/tuote\/mallitilkku-triton\/","title":{"rendered":"Mallitilkku Contract Triton"},"content":{"rendered":"<h4>Suunnittelijan paras ty\u00f6v\u00e4line<\/h4>\n<p>Mallitilkku on mainio apu kankaan v\u00e4ris\u00e4vyn ja laadun varmistamiseen. Voit tilata yhden tai useamman tilkun helpottamaan esimerkiksi verhoilukankaan tai p\u00e4iv\u00e4peitteen valintaa.<\/p>\n<p>Contract-malliston kankaat kudotaan luontaisesti paloturvallisella villalla polyesteriloimeen. Tuloksena on vahva, julkisessa k\u00e4yt\u00f6ss\u00e4 helppohoitoinen ja kulutusta erinomaisesti kest\u00e4v\u00e4 verhoilutekstiili.<\/p>\n","protected":false},"excerpt":{"rendered":"<p>Suunnittelijan paras ty\u00f6v\u00e4line Mallitilkku on mainio apu kankaan v\u00e4ris\u00e4vyn ja laadun varmistamiseen. Voit tilata yhden tai useamman tilkun helpottamaan esimerkiksi verhoilukankaan tai p\u00e4iv\u00e4peitteen valintaa. Contract-malliston kankaat kudotaan luontaisesti paloturvallisella villalla&hellip;<\/p>\n","protected":false},"featured_media":13224,"template":"","meta":{"_acf_changed":false},"product_brand":[],"product_cat":[17],"product_tag":[],"class_list":{"0":"post-12972","1":"product","2":"type-product","3":"status-publish","4":"has-post-thumbnail","6":"product_cat-uncategorized","7":"pa_pattern-colour-contract-triton-sammal","8":"pa_pattern-colour-contract-triton-punainen","9":"pa_pattern-colour-contract-triton-teras","10":"pa_pattern-colour-contract-triton-musta","11":"pa_pattern-colour-contract-triton-olki","12":"pa_pattern-colour-contract-triton-sininen","13":"pa_pattern-colour-contract-triton-ruskea","14":"pa_pattern-colour-contract-triton-koralli","15":"pa_pattern-colour-contract-triton-tummansininen","16":"pa_pattern-colour-contract-triton-vihrea","17":"pa_pattern-colour-contract-triton-harmaa","18":"pa_pattern-colour-contract-triton-vaalea-harmaa","20":"first","21":"instock","22":"taxable","23":"shipping-taxable","24":"purchasable","25":"product-type-variable"},"acf":[],"yoast_head":"<!-- This site is optimized with the Yoast SEO Premium plugin v27.2 (Yoast SEO v27.2) - https:\/\/yoast.com\/product\/yoast-seo-premium-wordpress\/ -->\n<title>Mallitilkku Contract Triton - Johanna Gullichsen<\/title>\n<meta name=\"description\" content=\"Mallitilkun avulla varmistat kankaan v\u00e4ris\u00e4vyn ja laadun. Voit tilata kerralla yhden tai useamman mallitilkun.\" \/>\n<meta name=\"robots\" content=\"index, follow, max-snippet:-1, max-image-preview:large, max-video-preview:-1\" \/>\n<link rel=\"canonical\" href=\"https:\/\/www.johannagullichsen.com\/fi\/tuote\/mallitilkku-triton\/\" \/>\n<meta property=\"og:locale\" content=\"fi_FI\" \/>\n<meta property=\"og:type\" content=\"article\" \/>\n<meta property=\"og:title\" content=\"Mallitilkku Contract Triton\" \/>\n<meta property=\"og:description\" content=\"Mallitilkun avulla varmistat kankaan v\u00e4ris\u00e4vyn ja laadun. Voit tilata kerralla yhden tai useamman mallitilkun.\" \/>\n<meta property=\"og:url\" content=\"https:\/\/www.johannagullichsen.com\/fi\/tuote\/mallitilkku-triton\/\" \/>\n<meta property=\"og:site_name\" content=\"Johanna Gullichsen\" \/>\n<meta property=\"article:modified_time\" content=\"2023-02-13T13:45:31+00:00\" \/>\n<meta property=\"og:image\" content=\"https:\/\/www.johannagullichsen.com\/wp-content\/uploads\/2021\/02\/Johanna-Gullichsen-contract-samples-Triton-light-grey.jpg\" \/>\n\t<meta property=\"og:image:width\" content=\"1600\" \/>\n\t<meta property=\"og:image:height\" content=\"1200\" \/>\n\t<meta property=\"og:image:type\" content=\"image\/jpeg\" \/>\n<meta name=\"twitter:card\" content=\"summary_large_image\" \/>\n<meta name=\"twitter:label1\" content=\"Arvioitu lukuaika\" \/>\n\t<meta name=\"twitter:data1\" content=\"1 minuutti\" \/>\n<script type=\"application\/ld+json\" class=\"yoast-schema-graph\">{\"@context\":\"https:\/\/schema.org\",\"@graph\":[{\"@type\":\"WebPage\",\"@id\":\"https:\/\/www.johannagullichsen.com\/fi\/tuote\/mallitilkku-triton\/\",\"url\":\"https:\/\/www.johannagullichsen.com\/fi\/tuote\/mallitilkku-triton\/\",\"name\":\"Mallitilkku Contract Triton - Johanna Gullichsen\",\"isPartOf\":{\"@id\":\"https:\/\/www.johannagullichsen.com\/fi\/#website\"},\"primaryImageOfPage\":{\"@id\":\"https:\/\/www.johannagullichsen.com\/fi\/tuote\/mallitilkku-triton\/#primaryimage\"},\"image\":{\"@id\":\"https:\/\/www.johannagullichsen.com\/fi\/tuote\/mallitilkku-triton\/#primaryimage\"},\"thumbnailUrl\":\"https:\/\/www.johannagullichsen.com\/wp-content\/uploads\/2021\/02\/Johanna-Gullichsen-contract-samples-Triton-light-grey.jpg\",\"datePublished\":\"2021-02-02T08:47:47+00:00\",\"dateModified\":\"2023-02-13T13:45:31+00:00\",\"description\":\"Mallitilkun avulla varmistat kankaan v\u00e4ris\u00e4vyn ja laadun. Voit tilata kerralla yhden tai useamman mallitilkun.\",\"breadcrumb\":{\"@id\":\"https:\/\/www.johannagullichsen.com\/fi\/tuote\/mallitilkku-triton\/#breadcrumb\"},\"inLanguage\":\"fi\",\"potentialAction\":[{\"@type\":\"ReadAction\",\"target\":[\"https:\/\/www.johannagullichsen.com\/fi\/tuote\/mallitilkku-triton\/\"]}]},{\"@type\":\"ImageObject\",\"inLanguage\":\"fi\",\"@id\":\"https:\/\/www.johannagullichsen.com\/fi\/tuote\/mallitilkku-triton\/#primaryimage\",\"url\":\"https:\/\/www.johannagullichsen.com\/wp-content\/uploads\/2021\/02\/Johanna-Gullichsen-contract-samples-Triton-light-grey.jpg\",\"contentUrl\":\"https:\/\/www.johannagullichsen.com\/wp-content\/uploads\/2021\/02\/Johanna-Gullichsen-contract-samples-Triton-light-grey.jpg\",\"width\":1600,\"height\":1200},{\"@type\":\"BreadcrumbList\",\"@id\":\"https:\/\/www.johannagullichsen.com\/fi\/tuote\/mallitilkku-triton\/#breadcrumb\",\"itemListElement\":[{\"@type\":\"ListItem\",\"position\":1,\"name\":\"Home\",\"item\":\"https:\/\/www.johannagullichsen.com\/fi\/\"},{\"@type\":\"ListItem\",\"position\":2,\"name\":\"Tuotteet ja verkkokauppa\",\"item\":\"https:\/\/www.johannagullichsen.com\/fi\/tuotteet\/\"},{\"@type\":\"ListItem\",\"position\":3,\"name\":\"Mallitilkku Contract Triton\"}]},{\"@type\":\"WebSite\",\"@id\":\"https:\/\/www.johannagullichsen.com\/fi\/#website\",\"url\":\"https:\/\/www.johannagullichsen.com\/fi\/\",\"name\":\"Johanna Gullichsen\",\"description\":\"\",\"potentialAction\":[{\"@type\":\"SearchAction\",\"target\":{\"@type\":\"EntryPoint\",\"urlTemplate\":\"https:\/\/www.johannagullichsen.com\/fi\/?s={search_term_string}\"},\"query-input\":{\"@type\":\"PropertyValueSpecification\",\"valueRequired\":true,\"valueName\":\"search_term_string\"}}],\"inLanguage\":\"fi\"}]}<\/script>\n<!-- \/ Yoast SEO Premium plugin. -->","yoast_head_json":{"title":"Mallitilkku Contract Triton - Johanna Gullichsen","description":"Mallitilkun avulla varmistat kankaan v\u00e4ris\u00e4vyn ja laadun. Voit tilata kerralla yhden tai useamman mallitilkun.","robots":{"index":"index","follow":"follow","max-snippet":"max-snippet:-1","max-image-preview":"max-image-preview:large","max-video-preview":"max-video-preview:-1"},"canonical":"https:\/\/www.johannagullichsen.com\/fi\/tuote\/mallitilkku-triton\/","og_locale":"fi_FI","og_type":"article","og_title":"Mallitilkku Contract Triton","og_description":"Mallitilkun avulla varmistat kankaan v\u00e4ris\u00e4vyn ja laadun. Voit tilata kerralla yhden tai useamman mallitilkun.","og_url":"https:\/\/www.johannagullichsen.com\/fi\/tuote\/mallitilkku-triton\/","og_site_name":"Johanna Gullichsen","article_modified_time":"2023-02-13T13:45:31+00:00","og_image":[{"width":1600,"height":1200,"url":"https:\/\/www.johannagullichsen.com\/wp-content\/uploads\/2021\/02\/Johanna-Gullichsen-contract-samples-Triton-light-grey.jpg","type":"image\/jpeg"}],"twitter_card":"summary_large_image","twitter_misc":{"Arvioitu lukuaika":"1 minuutti"},"schema":{"@context":"https:\/\/schema.org","@graph":[{"@type":"WebPage","@id":"https:\/\/www.johannagullichsen.com\/fi\/tuote\/mallitilkku-triton\/","url":"https:\/\/www.johannagullichsen.com\/fi\/tuote\/mallitilkku-triton\/","name":"Mallitilkku Contract Triton - Johanna Gullichsen","isPartOf":{"@id":"https:\/\/www.johannagullichsen.com\/fi\/#website"},"primaryImageOfPage":{"@id":"https:\/\/www.johannagullichsen.com\/fi\/tuote\/mallitilkku-triton\/#primaryimage"},"image":{"@id":"https:\/\/www.johannagullichsen.com\/fi\/tuote\/mallitilkku-triton\/#primaryimage"},"thumbnailUrl":"https:\/\/www.johannagullichsen.com\/wp-content\/uploads\/2021\/02\/Johanna-Gullichsen-contract-samples-Triton-light-grey.jpg","datePublished":"2021-02-02T08:47:47+00:00","dateModified":"2023-02-13T13:45:31+00:00","description":"Mallitilkun avulla varmistat kankaan v\u00e4ris\u00e4vyn ja laadun. Voit tilata kerralla yhden tai useamman mallitilkun.","breadcrumb":{"@id":"https:\/\/www.johannagullichsen.com\/fi\/tuote\/mallitilkku-triton\/#breadcrumb"},"inLanguage":"fi","potentialAction":[{"@type":"ReadAction","target":["https:\/\/www.johannagullichsen.com\/fi\/tuote\/mallitilkku-triton\/"]}]},{"@type":"ImageObject","inLanguage":"fi","@id":"https:\/\/www.johannagullichsen.com\/fi\/tuote\/mallitilkku-triton\/#primaryimage","url":"https:\/\/www.johannagullichsen.com\/wp-content\/uploads\/2021\/02\/Johanna-Gullichsen-contract-samples-Triton-light-grey.jpg","contentUrl":"https:\/\/www.johannagullichsen.com\/wp-content\/uploads\/2021\/02\/Johanna-Gullichsen-contract-samples-Triton-light-grey.jpg","width":1600,"height":1200},{"@type":"BreadcrumbList","@id":"https:\/\/www.johannagullichsen.com\/fi\/tuote\/mallitilkku-triton\/#breadcrumb","itemListElement":[{"@type":"ListItem","position":1,"name":"Home","item":"https:\/\/www.johannagullichsen.com\/fi\/"},{"@type":"ListItem","position":2,"name":"Tuotteet ja verkkokauppa","item":"https:\/\/www.johannagullichsen.com\/fi\/tuotteet\/"},{"@type":"ListItem","position":3,"name":"Mallitilkku Contract Triton"}]},{"@type":"WebSite","@id":"https:\/\/www.johannagullichsen.com\/fi\/#website","url":"https:\/\/www.johannagullichsen.com\/fi\/","name":"Johanna Gullichsen","description":"","potentialAction":[{"@type":"SearchAction","target":{"@type":"EntryPoint","urlTemplate":"https:\/\/www.johannagullichsen.com\/fi\/?s={search_term_string}"},"query-input":{"@type":"PropertyValueSpecification","valueRequired":true,"valueName":"search_term_string"}}],"inLanguage":"fi"}]}},"_links":{"self":[{"href":"https:\/\/www.johannagullichsen.com\/fi\/wp-json\/wp\/v2\/product\/12972","targetHints":{"allow":["GET"]}}],"collection":[{"href":"https:\/\/www.johannagullichsen.com\/fi\/wp-json\/wp\/v2\/product"}],"about":[{"href":"https:\/\/www.johannagullichsen.com\/fi\/wp-json\/wp\/v2\/types\/product"}],"wp:featuredmedia":[{"embeddable":true,"href":"https:\/\/www.johannagullichsen.com\/fi\/wp-json\/wp\/v2\/media\/13224"}],"wp:attachment":[{"href":"https:\/\/www.johannagullichsen.com\/fi\/wp-json\/wp\/v2\/media?parent=12972"}],"wp:term":[{"taxonomy":"product_brand","embeddable":true,"href":"https:\/\/www.johannagullichsen.com\/fi\/wp-json\/wp\/v2\/product_brand?post=12972"},{"taxonomy":"product_cat","embeddable":true,"href":"https:\/\/www.johannagullichsen.com\/fi\/wp-json\/wp\/v2\/product_cat?post=12972"},{"taxonomy":"product_tag","embeddable":true,"href":"https:\/\/www.johannagullichsen.com\/fi\/wp-json\/wp\/v2\/product_tag?post=12972"}],"curies":[{"name":"wp","href":"https:\/\/api.w.org\/{rel}","templated":true}]}}