{"id":13159,"date":"2021-02-02T10:48:02","date_gmt":"2021-02-02T08:48:02","guid":{"rendered":"https:\/\/www.johannagullichsen.com\/?post_type=product&#038;p=13159"},"modified":"2023-02-13T15:45:33","modified_gmt":"2023-02-13T13:45:33","slug":"mallitilkku-eos","status":"publish","type":"product","link":"https:\/\/www.johannagullichsen.com\/fi\/tuote\/mallitilkku-eos\/","title":{"rendered":"Mallitilkku Eos"},"content":{"rendered":"<h4>Mallitilkku on suunnittelijan paras ty\u00f6v\u00e4line<\/h4>\n<p>Mallitilkku on mainio apu kankaan v\u00e4ris\u00e4vyn ja laadun varmistamiseen. Voit tilata yhden tai useamman tilkun helpottamaan esimerkiksi verhoilukankaan tai p\u00e4iv\u00e4peitteen valintaa.<\/p>\n","protected":false},"excerpt":{"rendered":"<p>Mallitilkku on suunnittelijan paras ty\u00f6v\u00e4line Mallitilkku on mainio apu kankaan v\u00e4ris\u00e4vyn ja laadun varmistamiseen. Voit tilata yhden tai useamman tilkun helpottamaan esimerkiksi verhoilukankaan tai p\u00e4iv\u00e4peitteen valintaa.<\/p>\n","protected":false},"featured_media":13278,"template":"","meta":{"_acf_changed":false},"product_brand":[],"product_cat":[17],"product_tag":[],"class_list":{"0":"post-13159","1":"product","2":"type-product","3":"status-publish","4":"has-post-thumbnail","6":"product_cat-uncategorized","7":"pa_pattern-colour-eos-lyijy","8":"pa_pattern-colour-eos-vaaleanharmaa","9":"pa_pattern-colour-eos-keltainen","10":"pa_pattern-colour-eos-tummansininen-fi","11":"pa_pattern-colour-eos-dark-green-fi","12":"pa_pattern-colour-eos-musta","13":"pa_pattern-colour-eos-sininen","14":"pa_pattern-colour-eos-viininpunainen","15":"pa_pattern-colour-eos-tiili","16":"pa_pattern-colour-eos-vihrea","17":"pa_pattern-colour-eos-harmaa","19":"first","20":"instock","21":"taxable","22":"shipping-taxable","23":"purchasable","24":"product-type-variable"},"acf":[],"yoast_head":"<!-- This site is optimized with the Yoast SEO Premium plugin v27.2 (Yoast SEO v27.5) - https:\/\/yoast.com\/product\/yoast-seo-premium-wordpress\/ -->\n<title>Mallitilkku Eos - Johanna Gullichsen<\/title>\n<meta name=\"description\" content=\"Mallitilkku Johanna Gullichsenin kankaista on mainio apu kankaan oikean v\u00e4ris\u00e4vyn ja laadun varmistamiseen.\" \/>\n<meta name=\"robots\" content=\"index, follow, max-snippet:-1, max-image-preview:large, max-video-preview:-1\" \/>\n<link rel=\"canonical\" href=\"https:\/\/www.johannagullichsen.com\/fi\/tuote\/mallitilkku-eos\/\" \/>\n<meta property=\"og:locale\" content=\"fi_FI\" \/>\n<meta property=\"og:type\" content=\"article\" \/>\n<meta property=\"og:title\" content=\"Mallitilkku Eos\" \/>\n<meta property=\"og:description\" content=\"Mallitilkku Johanna Gullichsenin kankaista on mainio apu kankaan oikean v\u00e4ris\u00e4vyn ja laadun varmistamiseen.\" \/>\n<meta property=\"og:url\" content=\"https:\/\/www.johannagullichsen.com\/fi\/tuote\/mallitilkku-eos\/\" \/>\n<meta property=\"og:site_name\" content=\"Johanna Gullichsen\" \/>\n<meta property=\"article:modified_time\" content=\"2023-02-13T13:45:33+00:00\" \/>\n<meta property=\"og:image\" content=\"https:\/\/www.johannagullichsen.com\/wp-content\/uploads\/2021\/02\/Johanna-Gullichsen-Normandie-samples-Eosjpg.jpg\" \/>\n\t<meta property=\"og:image:width\" content=\"1600\" \/>\n\t<meta property=\"og:image:height\" content=\"1200\" \/>\n\t<meta property=\"og:image:type\" content=\"image\/jpeg\" \/>\n<meta name=\"twitter:card\" content=\"summary_large_image\" \/>\n<meta name=\"twitter:label1\" content=\"Arvioitu lukuaika\" \/>\n\t<meta name=\"twitter:data1\" content=\"1 minuutti\" \/>\n<script type=\"application\/ld+json\" class=\"yoast-schema-graph\">{\"@context\":\"https:\\\/\\\/schema.org\",\"@graph\":[{\"@type\":\"WebPage\",\"@id\":\"https:\\\/\\\/www.johannagullichsen.com\\\/fi\\\/tuote\\\/mallitilkku-eos\\\/\",\"url\":\"https:\\\/\\\/www.johannagullichsen.com\\\/fi\\\/tuote\\\/mallitilkku-eos\\\/\",\"name\":\"Mallitilkku Eos - Johanna Gullichsen\",\"isPartOf\":{\"@id\":\"https:\\\/\\\/www.johannagullichsen.com\\\/fi\\\/#website\"},\"primaryImageOfPage\":{\"@id\":\"https:\\\/\\\/www.johannagullichsen.com\\\/fi\\\/tuote\\\/mallitilkku-eos\\\/#primaryimage\"},\"image\":{\"@id\":\"https:\\\/\\\/www.johannagullichsen.com\\\/fi\\\/tuote\\\/mallitilkku-eos\\\/#primaryimage\"},\"thumbnailUrl\":\"https:\\\/\\\/www.johannagullichsen.com\\\/wp-content\\\/uploads\\\/2021\\\/02\\\/Johanna-Gullichsen-Normandie-samples-Eosjpg.jpg\",\"datePublished\":\"2021-02-02T08:48:02+00:00\",\"dateModified\":\"2023-02-13T13:45:33+00:00\",\"description\":\"Mallitilkku Johanna Gullichsenin kankaista on mainio apu kankaan oikean v\u00e4ris\u00e4vyn ja laadun varmistamiseen.\",\"breadcrumb\":{\"@id\":\"https:\\\/\\\/www.johannagullichsen.com\\\/fi\\\/tuote\\\/mallitilkku-eos\\\/#breadcrumb\"},\"inLanguage\":\"fi\",\"potentialAction\":[{\"@type\":\"ReadAction\",\"target\":[\"https:\\\/\\\/www.johannagullichsen.com\\\/fi\\\/tuote\\\/mallitilkku-eos\\\/\"]}]},{\"@type\":\"ImageObject\",\"inLanguage\":\"fi\",\"@id\":\"https:\\\/\\\/www.johannagullichsen.com\\\/fi\\\/tuote\\\/mallitilkku-eos\\\/#primaryimage\",\"url\":\"https:\\\/\\\/www.johannagullichsen.com\\\/wp-content\\\/uploads\\\/2021\\\/02\\\/Johanna-Gullichsen-Normandie-samples-Eosjpg.jpg\",\"contentUrl\":\"https:\\\/\\\/www.johannagullichsen.com\\\/wp-content\\\/uploads\\\/2021\\\/02\\\/Johanna-Gullichsen-Normandie-samples-Eosjpg.jpg\",\"width\":1600,\"height\":1200},{\"@type\":\"BreadcrumbList\",\"@id\":\"https:\\\/\\\/www.johannagullichsen.com\\\/fi\\\/tuote\\\/mallitilkku-eos\\\/#breadcrumb\",\"itemListElement\":[{\"@type\":\"ListItem\",\"position\":1,\"name\":\"Home\",\"item\":\"https:\\\/\\\/www.johannagullichsen.com\\\/fi\\\/\"},{\"@type\":\"ListItem\",\"position\":2,\"name\":\"Tuotteet ja verkkokauppa\",\"item\":\"https:\\\/\\\/www.johannagullichsen.com\\\/fi\\\/tuotteet\\\/\"},{\"@type\":\"ListItem\",\"position\":3,\"name\":\"Mallitilkku Eos\"}]},{\"@type\":\"WebSite\",\"@id\":\"https:\\\/\\\/www.johannagullichsen.com\\\/fi\\\/#website\",\"url\":\"https:\\\/\\\/www.johannagullichsen.com\\\/fi\\\/\",\"name\":\"Johanna Gullichsen\",\"description\":\"\",\"potentialAction\":[{\"@type\":\"SearchAction\",\"target\":{\"@type\":\"EntryPoint\",\"urlTemplate\":\"https:\\\/\\\/www.johannagullichsen.com\\\/fi\\\/?s={search_term_string}\"},\"query-input\":{\"@type\":\"PropertyValueSpecification\",\"valueRequired\":true,\"valueName\":\"search_term_string\"}}],\"inLanguage\":\"fi\"}]}<\/script>\n<!-- \/ Yoast SEO Premium plugin. -->","yoast_head_json":{"title":"Mallitilkku Eos - Johanna Gullichsen","description":"Mallitilkku Johanna Gullichsenin kankaista on mainio apu kankaan oikean v\u00e4ris\u00e4vyn ja laadun varmistamiseen.","robots":{"index":"index","follow":"follow","max-snippet":"max-snippet:-1","max-image-preview":"max-image-preview:large","max-video-preview":"max-video-preview:-1"},"canonical":"https:\/\/www.johannagullichsen.com\/fi\/tuote\/mallitilkku-eos\/","og_locale":"fi_FI","og_type":"article","og_title":"Mallitilkku Eos","og_description":"Mallitilkku Johanna Gullichsenin kankaista on mainio apu kankaan oikean v\u00e4ris\u00e4vyn ja laadun varmistamiseen.","og_url":"https:\/\/www.johannagullichsen.com\/fi\/tuote\/mallitilkku-eos\/","og_site_name":"Johanna Gullichsen","article_modified_time":"2023-02-13T13:45:33+00:00","og_image":[{"width":1600,"height":1200,"url":"https:\/\/www.johannagullichsen.com\/wp-content\/uploads\/2021\/02\/Johanna-Gullichsen-Normandie-samples-Eosjpg.jpg","type":"image\/jpeg"}],"twitter_card":"summary_large_image","twitter_misc":{"Arvioitu lukuaika":"1 minuutti"},"schema":{"@context":"https:\/\/schema.org","@graph":[{"@type":"WebPage","@id":"https:\/\/www.johannagullichsen.com\/fi\/tuote\/mallitilkku-eos\/","url":"https:\/\/www.johannagullichsen.com\/fi\/tuote\/mallitilkku-eos\/","name":"Mallitilkku Eos - Johanna Gullichsen","isPartOf":{"@id":"https:\/\/www.johannagullichsen.com\/fi\/#website"},"primaryImageOfPage":{"@id":"https:\/\/www.johannagullichsen.com\/fi\/tuote\/mallitilkku-eos\/#primaryimage"},"image":{"@id":"https:\/\/www.johannagullichsen.com\/fi\/tuote\/mallitilkku-eos\/#primaryimage"},"thumbnailUrl":"https:\/\/www.johannagullichsen.com\/wp-content\/uploads\/2021\/02\/Johanna-Gullichsen-Normandie-samples-Eosjpg.jpg","datePublished":"2021-02-02T08:48:02+00:00","dateModified":"2023-02-13T13:45:33+00:00","description":"Mallitilkku Johanna Gullichsenin kankaista on mainio apu kankaan oikean v\u00e4ris\u00e4vyn ja laadun varmistamiseen.","breadcrumb":{"@id":"https:\/\/www.johannagullichsen.com\/fi\/tuote\/mallitilkku-eos\/#breadcrumb"},"inLanguage":"fi","potentialAction":[{"@type":"ReadAction","target":["https:\/\/www.johannagullichsen.com\/fi\/tuote\/mallitilkku-eos\/"]}]},{"@type":"ImageObject","inLanguage":"fi","@id":"https:\/\/www.johannagullichsen.com\/fi\/tuote\/mallitilkku-eos\/#primaryimage","url":"https:\/\/www.johannagullichsen.com\/wp-content\/uploads\/2021\/02\/Johanna-Gullichsen-Normandie-samples-Eosjpg.jpg","contentUrl":"https:\/\/www.johannagullichsen.com\/wp-content\/uploads\/2021\/02\/Johanna-Gullichsen-Normandie-samples-Eosjpg.jpg","width":1600,"height":1200},{"@type":"BreadcrumbList","@id":"https:\/\/www.johannagullichsen.com\/fi\/tuote\/mallitilkku-eos\/#breadcrumb","itemListElement":[{"@type":"ListItem","position":1,"name":"Home","item":"https:\/\/www.johannagullichsen.com\/fi\/"},{"@type":"ListItem","position":2,"name":"Tuotteet ja verkkokauppa","item":"https:\/\/www.johannagullichsen.com\/fi\/tuotteet\/"},{"@type":"ListItem","position":3,"name":"Mallitilkku Eos"}]},{"@type":"WebSite","@id":"https:\/\/www.johannagullichsen.com\/fi\/#website","url":"https:\/\/www.johannagullichsen.com\/fi\/","name":"Johanna Gullichsen","description":"","potentialAction":[{"@type":"SearchAction","target":{"@type":"EntryPoint","urlTemplate":"https:\/\/www.johannagullichsen.com\/fi\/?s={search_term_string}"},"query-input":{"@type":"PropertyValueSpecification","valueRequired":true,"valueName":"search_term_string"}}],"inLanguage":"fi"}]}},"_links":{"self":[{"href":"https:\/\/www.johannagullichsen.com\/fi\/wp-json\/wp\/v2\/product\/13159","targetHints":{"allow":["GET"]}}],"collection":[{"href":"https:\/\/www.johannagullichsen.com\/fi\/wp-json\/wp\/v2\/product"}],"about":[{"href":"https:\/\/www.johannagullichsen.com\/fi\/wp-json\/wp\/v2\/types\/product"}],"wp:featuredmedia":[{"embeddable":true,"href":"https:\/\/www.johannagullichsen.com\/fi\/wp-json\/wp\/v2\/media\/13278"}],"wp:attachment":[{"href":"https:\/\/www.johannagullichsen.com\/fi\/wp-json\/wp\/v2\/media?parent=13159"}],"wp:term":[{"taxonomy":"product_brand","embeddable":true,"href":"https:\/\/www.johannagullichsen.com\/fi\/wp-json\/wp\/v2\/product_brand?post=13159"},{"taxonomy":"product_cat","embeddable":true,"href":"https:\/\/www.johannagullichsen.com\/fi\/wp-json\/wp\/v2\/product_cat?post=13159"},{"taxonomy":"product_tag","embeddable":true,"href":"https:\/\/www.johannagullichsen.com\/fi\/wp-json\/wp\/v2\/product_tag?post=13159"}],"curies":[{"name":"wp","href":"https:\/\/api.w.org\/{rel}","templated":true}]}}