{"id":13988,"date":"2021-10-20T15:44:20","date_gmt":"2021-10-20T12:44:20","guid":{"rendered":"https:\/\/www.johannagullichsen.com\/?post_type=product&#038;p=13988"},"modified":"2026-04-16T12:40:23","modified_gmt":"2026-04-16T09:40:23","slug":"putkityyny-normandie","status":"publish","type":"product","link":"https:\/\/www.johannagullichsen.com\/fi\/tuote\/putkityyny-normandie\/","title":{"rendered":"Putkityyny Normandie"},"content":{"rendered":"<h4>Iloa ja rytmi\u00e4 kotiin<\/h4>\n<p>Putkityyny on oiva valinta daybedin p\u00e4\u00e4lle, sohvalle tai s\u00e4ngylle. Yhdistele putkityynyj\u00e4 Normandie-tyynynp\u00e4\u00e4llisten <a href=\"https:\/\/www.johannagullichsen.com\/fi\/tuote\/tyynynpaallinen-normandie-30cm-x-50cm\/\">30 x 50cm<\/a>, <a href=\"https:\/\/www.johannagullichsen.com\/fi\/tuote\/tyynynpaallinen-normandie-40cm-x-40cm\/\">40 x 40cm <\/a>ja <a href=\"https:\/\/www.johannagullichsen.com\/fi\/tuote\/tyynynpaallinen-normandie-50cm-x-50cm\/\">50cm x 50cm<\/a> kanssa. Luomupuuvillasta valmistettu p\u00e4\u00e4llinen on irroitettava ja pest\u00e4v\u00e4. Napakka sis\u00e4tyyny pit\u00e4\u00e4 hyvin muotonsa.<\/p>\n<p>V\u00e4rj\u00e4tty, kudottu ja ommeltu Suomessa.<\/p>\n","protected":false},"excerpt":{"rendered":"<p>Iloa ja rytmi\u00e4 kotiin Putkityyny on oiva valinta daybedin p\u00e4\u00e4lle, sohvalle tai s\u00e4ngylle. Yhdistele putkityynyj\u00e4 Normandie-tyynynp\u00e4\u00e4llisten 30 x 50cm, 40 x 40cm ja 50cm x 50cm kanssa. Luomupuuvillasta valmistettu p\u00e4\u00e4llinen&hellip;<\/p>\n","protected":false},"featured_media":27264,"template":"","meta":{"_acf_changed":false},"product_brand":[],"product_cat":[1974,196],"product_tag":[],"class_list":{"0":"post-13988","1":"product","2":"type-product","3":"status-publish","4":"has-post-thumbnail","6":"product_cat-tyynyt-ja-filtit","7":"product_cat-kotiin","8":"pa_pattern-colour-helios-dark-green-fi","9":"pa_pattern-colour-tilkku-vihrea","10":"pa_pattern-colour-helios-lyijy","11":"pa_pattern-colour-tilkku-vihrea-fi","12":"pa_pattern-colour-doris-musta","13":"pa_pattern-colour-helios-okra","14":"pa_pattern-colour-tilkku-tiili","15":"pa_pattern-colour-doris-tiili","16":"pa_pattern-colour-nereus-black-fi","17":"pa_pattern-colour-tilkku-musta","18":"pa_pattern-colour-doris-tummansininen","19":"pa_pattern-colour-nereus-dark-blue-fi","20":"pa_pattern-colour-doris-olki","21":"pa_pattern-colour-doris-lyijy","22":"pa_pattern-colour-nereus-dark-bordeaux-fi","23":"pa_pattern-colour-eos-vihrea","24":"pa_pattern-colour-tithonus-viininpunainen","25":"pa_pattern-colour-doris-cirrus","26":"pa_pattern-colour-eos-vaaleanharmaa","27":"pa_pattern-colour-tithonus-tiili","28":"pa_pattern-colour-helios-black-fi","29":"pa_pattern-colour-doris-dark-bordeaux-fi","30":"pa_pattern-colour-helios-blue-negativet-fi","31":"pa_pattern-colour-doris-lime-fi","32":"pa_pattern-colour-helios-tumma-viininpunainen","33":"pa_pattern-colour-tilkku-okra","34":"collection-normandie-2","36":"first","37":"instock","38":"taxable","39":"shipping-taxable","40":"purchasable","41":"product-type-variable"},"acf":[],"yoast_head":"<!-- This site is optimized with the Yoast SEO Premium plugin v27.2 (Yoast SEO v27.5) - https:\/\/yoast.com\/product\/yoast-seo-premium-wordpress\/ -->\n<title>Putkityyny Normandie - Johanna Gullichsen<\/title>\n<meta name=\"robots\" content=\"index, follow, max-snippet:-1, max-image-preview:large, max-video-preview:-1\" \/>\n<link rel=\"canonical\" href=\"https:\/\/www.johannagullichsen.com\/fi\/tuote\/putkityyny-normandie\/\" \/>\n<meta property=\"og:locale\" content=\"fi_FI\" \/>\n<meta property=\"og:type\" content=\"article\" \/>\n<meta property=\"og:title\" content=\"Putkityyny Normandie\" \/>\n<meta property=\"og:description\" content=\"Iloa ja rytmi\u00e4 kotiin Putkityyny on oiva valinta daybedin p\u00e4\u00e4lle, sohvalle tai s\u00e4ngylle. Yhdistele putkityynyj\u00e4 Normandie-tyynynp\u00e4\u00e4llisten 30 x 50cm, 40 x 40cm ja 50cm x 50cm kanssa. Luomupuuvillasta valmistettu p\u00e4\u00e4llinen&hellip;\" \/>\n<meta property=\"og:url\" content=\"https:\/\/www.johannagullichsen.com\/fi\/tuote\/putkityyny-normandie\/\" \/>\n<meta property=\"og:site_name\" content=\"Johanna Gullichsen\" \/>\n<meta property=\"article:modified_time\" content=\"2026-04-16T09:40:23+00:00\" \/>\n<meta property=\"og:image\" content=\"https:\/\/www.johannagullichsen.com\/wp-content\/uploads\/2021\/10\/Johanna-Gullichsen-Le-Coucou-Vert-13.jpg\" \/>\n\t<meta property=\"og:image:width\" content=\"1600\" \/>\n\t<meta property=\"og:image:height\" content=\"1200\" \/>\n\t<meta property=\"og:image:type\" content=\"image\/jpeg\" \/>\n<meta name=\"twitter:card\" content=\"summary_large_image\" \/>\n<meta name=\"twitter:label1\" content=\"Arvioitu lukuaika\" \/>\n\t<meta name=\"twitter:data1\" content=\"1 minuutti\" \/>\n<script type=\"application\/ld+json\" class=\"yoast-schema-graph\">{\"@context\":\"https:\\\/\\\/schema.org\",\"@graph\":[{\"@type\":\"WebPage\",\"@id\":\"https:\\\/\\\/www.johannagullichsen.com\\\/fi\\\/tuote\\\/putkityyny-normandie\\\/\",\"url\":\"https:\\\/\\\/www.johannagullichsen.com\\\/fi\\\/tuote\\\/putkityyny-normandie\\\/\",\"name\":\"Putkityyny Normandie - Johanna Gullichsen\",\"isPartOf\":{\"@id\":\"https:\\\/\\\/www.johannagullichsen.com\\\/fi\\\/#website\"},\"primaryImageOfPage\":{\"@id\":\"https:\\\/\\\/www.johannagullichsen.com\\\/fi\\\/tuote\\\/putkityyny-normandie\\\/#primaryimage\"},\"image\":{\"@id\":\"https:\\\/\\\/www.johannagullichsen.com\\\/fi\\\/tuote\\\/putkityyny-normandie\\\/#primaryimage\"},\"thumbnailUrl\":\"https:\\\/\\\/www.johannagullichsen.com\\\/wp-content\\\/uploads\\\/2021\\\/10\\\/Johanna-Gullichsen-Le-Coucou-Vert-13.jpg\",\"datePublished\":\"2021-10-20T12:44:20+00:00\",\"dateModified\":\"2026-04-16T09:40:23+00:00\",\"breadcrumb\":{\"@id\":\"https:\\\/\\\/www.johannagullichsen.com\\\/fi\\\/tuote\\\/putkityyny-normandie\\\/#breadcrumb\"},\"inLanguage\":\"fi\",\"potentialAction\":[{\"@type\":\"ReadAction\",\"target\":[\"https:\\\/\\\/www.johannagullichsen.com\\\/fi\\\/tuote\\\/putkityyny-normandie\\\/\"]}]},{\"@type\":\"ImageObject\",\"inLanguage\":\"fi\",\"@id\":\"https:\\\/\\\/www.johannagullichsen.com\\\/fi\\\/tuote\\\/putkityyny-normandie\\\/#primaryimage\",\"url\":\"https:\\\/\\\/www.johannagullichsen.com\\\/wp-content\\\/uploads\\\/2021\\\/10\\\/Johanna-Gullichsen-Le-Coucou-Vert-13.jpg\",\"contentUrl\":\"https:\\\/\\\/www.johannagullichsen.com\\\/wp-content\\\/uploads\\\/2021\\\/10\\\/Johanna-Gullichsen-Le-Coucou-Vert-13.jpg\",\"width\":1600,\"height\":1200},{\"@type\":\"BreadcrumbList\",\"@id\":\"https:\\\/\\\/www.johannagullichsen.com\\\/fi\\\/tuote\\\/putkityyny-normandie\\\/#breadcrumb\",\"itemListElement\":[{\"@type\":\"ListItem\",\"position\":1,\"name\":\"Home\",\"item\":\"https:\\\/\\\/www.johannagullichsen.com\\\/fi\\\/\"},{\"@type\":\"ListItem\",\"position\":2,\"name\":\"Tuotteet ja verkkokauppa\",\"item\":\"https:\\\/\\\/www.johannagullichsen.com\\\/fi\\\/tuotteet\\\/\"},{\"@type\":\"ListItem\",\"position\":3,\"name\":\"Putkityyny Normandie\"}]},{\"@type\":\"WebSite\",\"@id\":\"https:\\\/\\\/www.johannagullichsen.com\\\/fi\\\/#website\",\"url\":\"https:\\\/\\\/www.johannagullichsen.com\\\/fi\\\/\",\"name\":\"Johanna Gullichsen\",\"description\":\"\",\"potentialAction\":[{\"@type\":\"SearchAction\",\"target\":{\"@type\":\"EntryPoint\",\"urlTemplate\":\"https:\\\/\\\/www.johannagullichsen.com\\\/fi\\\/?s={search_term_string}\"},\"query-input\":{\"@type\":\"PropertyValueSpecification\",\"valueRequired\":true,\"valueName\":\"search_term_string\"}}],\"inLanguage\":\"fi\"}]}<\/script>\n<!-- \/ Yoast SEO Premium plugin. -->","yoast_head_json":{"title":"Putkityyny Normandie - Johanna Gullichsen","robots":{"index":"index","follow":"follow","max-snippet":"max-snippet:-1","max-image-preview":"max-image-preview:large","max-video-preview":"max-video-preview:-1"},"canonical":"https:\/\/www.johannagullichsen.com\/fi\/tuote\/putkityyny-normandie\/","og_locale":"fi_FI","og_type":"article","og_title":"Putkityyny Normandie","og_description":"Iloa ja rytmi\u00e4 kotiin Putkityyny on oiva valinta daybedin p\u00e4\u00e4lle, sohvalle tai s\u00e4ngylle. Yhdistele putkityynyj\u00e4 Normandie-tyynynp\u00e4\u00e4llisten 30 x 50cm, 40 x 40cm ja 50cm x 50cm kanssa. Luomupuuvillasta valmistettu p\u00e4\u00e4llinen&hellip;","og_url":"https:\/\/www.johannagullichsen.com\/fi\/tuote\/putkityyny-normandie\/","og_site_name":"Johanna Gullichsen","article_modified_time":"2026-04-16T09:40:23+00:00","og_image":[{"width":1600,"height":1200,"url":"https:\/\/www.johannagullichsen.com\/wp-content\/uploads\/2021\/10\/Johanna-Gullichsen-Le-Coucou-Vert-13.jpg","type":"image\/jpeg"}],"twitter_card":"summary_large_image","twitter_misc":{"Arvioitu lukuaika":"1 minuutti"},"schema":{"@context":"https:\/\/schema.org","@graph":[{"@type":"WebPage","@id":"https:\/\/www.johannagullichsen.com\/fi\/tuote\/putkityyny-normandie\/","url":"https:\/\/www.johannagullichsen.com\/fi\/tuote\/putkityyny-normandie\/","name":"Putkityyny Normandie - Johanna Gullichsen","isPartOf":{"@id":"https:\/\/www.johannagullichsen.com\/fi\/#website"},"primaryImageOfPage":{"@id":"https:\/\/www.johannagullichsen.com\/fi\/tuote\/putkityyny-normandie\/#primaryimage"},"image":{"@id":"https:\/\/www.johannagullichsen.com\/fi\/tuote\/putkityyny-normandie\/#primaryimage"},"thumbnailUrl":"https:\/\/www.johannagullichsen.com\/wp-content\/uploads\/2021\/10\/Johanna-Gullichsen-Le-Coucou-Vert-13.jpg","datePublished":"2021-10-20T12:44:20+00:00","dateModified":"2026-04-16T09:40:23+00:00","breadcrumb":{"@id":"https:\/\/www.johannagullichsen.com\/fi\/tuote\/putkityyny-normandie\/#breadcrumb"},"inLanguage":"fi","potentialAction":[{"@type":"ReadAction","target":["https:\/\/www.johannagullichsen.com\/fi\/tuote\/putkityyny-normandie\/"]}]},{"@type":"ImageObject","inLanguage":"fi","@id":"https:\/\/www.johannagullichsen.com\/fi\/tuote\/putkityyny-normandie\/#primaryimage","url":"https:\/\/www.johannagullichsen.com\/wp-content\/uploads\/2021\/10\/Johanna-Gullichsen-Le-Coucou-Vert-13.jpg","contentUrl":"https:\/\/www.johannagullichsen.com\/wp-content\/uploads\/2021\/10\/Johanna-Gullichsen-Le-Coucou-Vert-13.jpg","width":1600,"height":1200},{"@type":"BreadcrumbList","@id":"https:\/\/www.johannagullichsen.com\/fi\/tuote\/putkityyny-normandie\/#breadcrumb","itemListElement":[{"@type":"ListItem","position":1,"name":"Home","item":"https:\/\/www.johannagullichsen.com\/fi\/"},{"@type":"ListItem","position":2,"name":"Tuotteet ja verkkokauppa","item":"https:\/\/www.johannagullichsen.com\/fi\/tuotteet\/"},{"@type":"ListItem","position":3,"name":"Putkityyny Normandie"}]},{"@type":"WebSite","@id":"https:\/\/www.johannagullichsen.com\/fi\/#website","url":"https:\/\/www.johannagullichsen.com\/fi\/","name":"Johanna Gullichsen","description":"","potentialAction":[{"@type":"SearchAction","target":{"@type":"EntryPoint","urlTemplate":"https:\/\/www.johannagullichsen.com\/fi\/?s={search_term_string}"},"query-input":{"@type":"PropertyValueSpecification","valueRequired":true,"valueName":"search_term_string"}}],"inLanguage":"fi"}]}},"_links":{"self":[{"href":"https:\/\/www.johannagullichsen.com\/fi\/wp-json\/wp\/v2\/product\/13988","targetHints":{"allow":["GET"]}}],"collection":[{"href":"https:\/\/www.johannagullichsen.com\/fi\/wp-json\/wp\/v2\/product"}],"about":[{"href":"https:\/\/www.johannagullichsen.com\/fi\/wp-json\/wp\/v2\/types\/product"}],"wp:featuredmedia":[{"embeddable":true,"href":"https:\/\/www.johannagullichsen.com\/fi\/wp-json\/wp\/v2\/media\/27264"}],"wp:attachment":[{"href":"https:\/\/www.johannagullichsen.com\/fi\/wp-json\/wp\/v2\/media?parent=13988"}],"wp:term":[{"taxonomy":"product_brand","embeddable":true,"href":"https:\/\/www.johannagullichsen.com\/fi\/wp-json\/wp\/v2\/product_brand?post=13988"},{"taxonomy":"product_cat","embeddable":true,"href":"https:\/\/www.johannagullichsen.com\/fi\/wp-json\/wp\/v2\/product_cat?post=13988"},{"taxonomy":"product_tag","embeddable":true,"href":"https:\/\/www.johannagullichsen.com\/fi\/wp-json\/wp\/v2\/product_tag?post=13988"}],"curies":[{"name":"wp","href":"https:\/\/api.w.org\/{rel}","templated":true}]}}