{"id":15028,"date":"2022-06-10T13:10:58","date_gmt":"2022-06-10T10:10:58","guid":{"rendered":"https:\/\/www.johannagullichsen.com\/?post_type=product&#038;p=15028"},"modified":"2023-03-09T11:14:17","modified_gmt":"2023-03-09T09:14:17","slug":"pyorea-tarjotin-l","status":"publish","type":"product","link":"https:\/\/www.johannagullichsen.com\/fi\/tuote\/pyorea-tarjotin-l\/","title":{"rendered":"Py\u00f6re\u00e4 tarjotin L"},"content":{"rendered":"<h4>Juhlat alkakoot!<\/h4>\n<p>Suuri py\u00f6re\u00e4 tarjotin sopii loistavasti juhliin sek\u00e4 kes\u00e4isiin hetkiin puutarhassa. Tarjottimen kuvio on Johanna Gullichsenin piirros, joka pohjautuu kudottuun Doris-kankaaseen.<\/p>\n<p>Muita kokoja: <a href=\"https:\/\/www.johannagullichsen.com\/fi\/?post_type=product&amp;p=15046&amp;preview=true\">Py\u00f6re\u00e4 tarjotin S<\/a><\/p>\n","protected":false},"excerpt":{"rendered":"<p>Juhlat alkakoot! Suuri py\u00f6re\u00e4 tarjotin sopii loistavasti juhliin sek\u00e4 kes\u00e4isiin hetkiin puutarhassa. Tarjottimen kuvio on Johanna Gullichsenin piirros, joka pohjautuu kudottuun Doris-kankaaseen. Muita kokoja: Py\u00f6re\u00e4 tarjotin S<\/p>\n","protected":false},"featured_media":15016,"template":"","meta":{"_acf_changed":false},"product_brand":[],"product_cat":[194],"product_tag":[],"class_list":{"0":"post-15028","1":"product","2":"type-product","3":"status-publish","4":"has-post-thumbnail","6":"product_cat-keittio-ja-kattaustekstiilit","7":"pa_pattern-colour-doris-manteli","8":"pa_pattern-colour-doris-musta-fi","9":"pa_pattern-colour-doris-sininen","10":"pa_pattern-colour-doris-okra","11":"collection-normandie-2","13":"first","14":"instock","15":"taxable","16":"shipping-taxable","17":"purchasable","18":"product-type-variable"},"acf":[],"yoast_head":"<!-- This site is optimized with the Yoast SEO Premium plugin v27.2 (Yoast SEO v27.5) - https:\/\/yoast.com\/product\/yoast-seo-premium-wordpress\/ -->\n<title>Py\u00f6re\u00e4 tarjotin L - Johanna Gullichsen<\/title>\n<meta name=\"description\" content=\"Suuri py\u00f6re\u00e4 tarjotin on k\u00e4yt\u00e4nn\u00f6llinen juhliin ja tarjoiluun. Helppohoitoinen tarjotin voidaan pest\u00e4 huoletta. Kaunis Doris-kuosi.\" \/>\n<meta name=\"robots\" content=\"index, follow, max-snippet:-1, max-image-preview:large, max-video-preview:-1\" \/>\n<link rel=\"canonical\" href=\"https:\/\/www.johannagullichsen.com\/fi\/tuote\/pyorea-tarjotin-l\/\" \/>\n<meta property=\"og:locale\" content=\"fi_FI\" \/>\n<meta property=\"og:type\" content=\"article\" \/>\n<meta property=\"og:title\" content=\"Py\u00f6re\u00e4 tarjotin L\" \/>\n<meta property=\"og:description\" content=\"Suuri py\u00f6re\u00e4 tarjotin on k\u00e4yt\u00e4nn\u00f6llinen juhliin ja tarjoiluun. Helppohoitoinen tarjotin voidaan pest\u00e4 huoletta. Kaunis Doris-kuosi.\" \/>\n<meta property=\"og:url\" content=\"https:\/\/www.johannagullichsen.com\/fi\/tuote\/pyorea-tarjotin-l\/\" \/>\n<meta property=\"og:site_name\" content=\"Johanna Gullichsen\" \/>\n<meta property=\"article:modified_time\" content=\"2023-03-09T09:14:17+00:00\" \/>\n<meta property=\"og:image\" content=\"https:\/\/www.johannagullichsen.com\/wp-content\/uploads\/2022\/06\/Johanna-Gullichsen-Round-Tray-L-Doris-blue.jpg\" \/>\n\t<meta property=\"og:image:width\" content=\"1600\" \/>\n\t<meta property=\"og:image:height\" content=\"1185\" \/>\n\t<meta property=\"og:image:type\" content=\"image\/jpeg\" \/>\n<meta name=\"twitter:card\" content=\"summary_large_image\" \/>\n<meta name=\"twitter:label1\" content=\"Arvioitu lukuaika\" \/>\n\t<meta name=\"twitter:data1\" content=\"1 minuutti\" \/>\n<script type=\"application\/ld+json\" class=\"yoast-schema-graph\">{\"@context\":\"https:\\\/\\\/schema.org\",\"@graph\":[{\"@type\":\"WebPage\",\"@id\":\"https:\\\/\\\/www.johannagullichsen.com\\\/fi\\\/tuote\\\/pyorea-tarjotin-l\\\/\",\"url\":\"https:\\\/\\\/www.johannagullichsen.com\\\/fi\\\/tuote\\\/pyorea-tarjotin-l\\\/\",\"name\":\"Py\u00f6re\u00e4 tarjotin L - Johanna Gullichsen\",\"isPartOf\":{\"@id\":\"https:\\\/\\\/www.johannagullichsen.com\\\/fi\\\/#website\"},\"primaryImageOfPage\":{\"@id\":\"https:\\\/\\\/www.johannagullichsen.com\\\/fi\\\/tuote\\\/pyorea-tarjotin-l\\\/#primaryimage\"},\"image\":{\"@id\":\"https:\\\/\\\/www.johannagullichsen.com\\\/fi\\\/tuote\\\/pyorea-tarjotin-l\\\/#primaryimage\"},\"thumbnailUrl\":\"https:\\\/\\\/www.johannagullichsen.com\\\/wp-content\\\/uploads\\\/2022\\\/06\\\/Johanna-Gullichsen-Round-Tray-L-Doris-blue.jpg\",\"datePublished\":\"2022-06-10T10:10:58+00:00\",\"dateModified\":\"2023-03-09T09:14:17+00:00\",\"description\":\"Suuri py\u00f6re\u00e4 tarjotin on k\u00e4yt\u00e4nn\u00f6llinen juhliin ja tarjoiluun. Helppohoitoinen tarjotin voidaan pest\u00e4 huoletta. Kaunis Doris-kuosi.\",\"breadcrumb\":{\"@id\":\"https:\\\/\\\/www.johannagullichsen.com\\\/fi\\\/tuote\\\/pyorea-tarjotin-l\\\/#breadcrumb\"},\"inLanguage\":\"fi\",\"potentialAction\":[{\"@type\":\"ReadAction\",\"target\":[\"https:\\\/\\\/www.johannagullichsen.com\\\/fi\\\/tuote\\\/pyorea-tarjotin-l\\\/\"]}]},{\"@type\":\"ImageObject\",\"inLanguage\":\"fi\",\"@id\":\"https:\\\/\\\/www.johannagullichsen.com\\\/fi\\\/tuote\\\/pyorea-tarjotin-l\\\/#primaryimage\",\"url\":\"https:\\\/\\\/www.johannagullichsen.com\\\/wp-content\\\/uploads\\\/2022\\\/06\\\/Johanna-Gullichsen-Round-Tray-L-Doris-blue.jpg\",\"contentUrl\":\"https:\\\/\\\/www.johannagullichsen.com\\\/wp-content\\\/uploads\\\/2022\\\/06\\\/Johanna-Gullichsen-Round-Tray-L-Doris-blue.jpg\",\"width\":1600,\"height\":1185},{\"@type\":\"BreadcrumbList\",\"@id\":\"https:\\\/\\\/www.johannagullichsen.com\\\/fi\\\/tuote\\\/pyorea-tarjotin-l\\\/#breadcrumb\",\"itemListElement\":[{\"@type\":\"ListItem\",\"position\":1,\"name\":\"Home\",\"item\":\"https:\\\/\\\/www.johannagullichsen.com\\\/fi\\\/\"},{\"@type\":\"ListItem\",\"position\":2,\"name\":\"Tuotteet ja verkkokauppa\",\"item\":\"https:\\\/\\\/www.johannagullichsen.com\\\/fi\\\/tuotteet\\\/\"},{\"@type\":\"ListItem\",\"position\":3,\"name\":\"Py\u00f6re\u00e4 tarjotin L\"}]},{\"@type\":\"WebSite\",\"@id\":\"https:\\\/\\\/www.johannagullichsen.com\\\/fi\\\/#website\",\"url\":\"https:\\\/\\\/www.johannagullichsen.com\\\/fi\\\/\",\"name\":\"Johanna Gullichsen\",\"description\":\"\",\"potentialAction\":[{\"@type\":\"SearchAction\",\"target\":{\"@type\":\"EntryPoint\",\"urlTemplate\":\"https:\\\/\\\/www.johannagullichsen.com\\\/fi\\\/?s={search_term_string}\"},\"query-input\":{\"@type\":\"PropertyValueSpecification\",\"valueRequired\":true,\"valueName\":\"search_term_string\"}}],\"inLanguage\":\"fi\"}]}<\/script>\n<!-- \/ Yoast SEO Premium plugin. -->","yoast_head_json":{"title":"Py\u00f6re\u00e4 tarjotin L - Johanna Gullichsen","description":"Suuri py\u00f6re\u00e4 tarjotin on k\u00e4yt\u00e4nn\u00f6llinen juhliin ja tarjoiluun. Helppohoitoinen tarjotin voidaan pest\u00e4 huoletta. Kaunis Doris-kuosi.","robots":{"index":"index","follow":"follow","max-snippet":"max-snippet:-1","max-image-preview":"max-image-preview:large","max-video-preview":"max-video-preview:-1"},"canonical":"https:\/\/www.johannagullichsen.com\/fi\/tuote\/pyorea-tarjotin-l\/","og_locale":"fi_FI","og_type":"article","og_title":"Py\u00f6re\u00e4 tarjotin L","og_description":"Suuri py\u00f6re\u00e4 tarjotin on k\u00e4yt\u00e4nn\u00f6llinen juhliin ja tarjoiluun. Helppohoitoinen tarjotin voidaan pest\u00e4 huoletta. Kaunis Doris-kuosi.","og_url":"https:\/\/www.johannagullichsen.com\/fi\/tuote\/pyorea-tarjotin-l\/","og_site_name":"Johanna Gullichsen","article_modified_time":"2023-03-09T09:14:17+00:00","og_image":[{"width":1600,"height":1185,"url":"https:\/\/www.johannagullichsen.com\/wp-content\/uploads\/2022\/06\/Johanna-Gullichsen-Round-Tray-L-Doris-blue.jpg","type":"image\/jpeg"}],"twitter_card":"summary_large_image","twitter_misc":{"Arvioitu lukuaika":"1 minuutti"},"schema":{"@context":"https:\/\/schema.org","@graph":[{"@type":"WebPage","@id":"https:\/\/www.johannagullichsen.com\/fi\/tuote\/pyorea-tarjotin-l\/","url":"https:\/\/www.johannagullichsen.com\/fi\/tuote\/pyorea-tarjotin-l\/","name":"Py\u00f6re\u00e4 tarjotin L - Johanna Gullichsen","isPartOf":{"@id":"https:\/\/www.johannagullichsen.com\/fi\/#website"},"primaryImageOfPage":{"@id":"https:\/\/www.johannagullichsen.com\/fi\/tuote\/pyorea-tarjotin-l\/#primaryimage"},"image":{"@id":"https:\/\/www.johannagullichsen.com\/fi\/tuote\/pyorea-tarjotin-l\/#primaryimage"},"thumbnailUrl":"https:\/\/www.johannagullichsen.com\/wp-content\/uploads\/2022\/06\/Johanna-Gullichsen-Round-Tray-L-Doris-blue.jpg","datePublished":"2022-06-10T10:10:58+00:00","dateModified":"2023-03-09T09:14:17+00:00","description":"Suuri py\u00f6re\u00e4 tarjotin on k\u00e4yt\u00e4nn\u00f6llinen juhliin ja tarjoiluun. Helppohoitoinen tarjotin voidaan pest\u00e4 huoletta. Kaunis Doris-kuosi.","breadcrumb":{"@id":"https:\/\/www.johannagullichsen.com\/fi\/tuote\/pyorea-tarjotin-l\/#breadcrumb"},"inLanguage":"fi","potentialAction":[{"@type":"ReadAction","target":["https:\/\/www.johannagullichsen.com\/fi\/tuote\/pyorea-tarjotin-l\/"]}]},{"@type":"ImageObject","inLanguage":"fi","@id":"https:\/\/www.johannagullichsen.com\/fi\/tuote\/pyorea-tarjotin-l\/#primaryimage","url":"https:\/\/www.johannagullichsen.com\/wp-content\/uploads\/2022\/06\/Johanna-Gullichsen-Round-Tray-L-Doris-blue.jpg","contentUrl":"https:\/\/www.johannagullichsen.com\/wp-content\/uploads\/2022\/06\/Johanna-Gullichsen-Round-Tray-L-Doris-blue.jpg","width":1600,"height":1185},{"@type":"BreadcrumbList","@id":"https:\/\/www.johannagullichsen.com\/fi\/tuote\/pyorea-tarjotin-l\/#breadcrumb","itemListElement":[{"@type":"ListItem","position":1,"name":"Home","item":"https:\/\/www.johannagullichsen.com\/fi\/"},{"@type":"ListItem","position":2,"name":"Tuotteet ja verkkokauppa","item":"https:\/\/www.johannagullichsen.com\/fi\/tuotteet\/"},{"@type":"ListItem","position":3,"name":"Py\u00f6re\u00e4 tarjotin L"}]},{"@type":"WebSite","@id":"https:\/\/www.johannagullichsen.com\/fi\/#website","url":"https:\/\/www.johannagullichsen.com\/fi\/","name":"Johanna Gullichsen","description":"","potentialAction":[{"@type":"SearchAction","target":{"@type":"EntryPoint","urlTemplate":"https:\/\/www.johannagullichsen.com\/fi\/?s={search_term_string}"},"query-input":{"@type":"PropertyValueSpecification","valueRequired":true,"valueName":"search_term_string"}}],"inLanguage":"fi"}]}},"_links":{"self":[{"href":"https:\/\/www.johannagullichsen.com\/fi\/wp-json\/wp\/v2\/product\/15028","targetHints":{"allow":["GET"]}}],"collection":[{"href":"https:\/\/www.johannagullichsen.com\/fi\/wp-json\/wp\/v2\/product"}],"about":[{"href":"https:\/\/www.johannagullichsen.com\/fi\/wp-json\/wp\/v2\/types\/product"}],"wp:featuredmedia":[{"embeddable":true,"href":"https:\/\/www.johannagullichsen.com\/fi\/wp-json\/wp\/v2\/media\/15016"}],"wp:attachment":[{"href":"https:\/\/www.johannagullichsen.com\/fi\/wp-json\/wp\/v2\/media?parent=15028"}],"wp:term":[{"taxonomy":"product_brand","embeddable":true,"href":"https:\/\/www.johannagullichsen.com\/fi\/wp-json\/wp\/v2\/product_brand?post=15028"},{"taxonomy":"product_cat","embeddable":true,"href":"https:\/\/www.johannagullichsen.com\/fi\/wp-json\/wp\/v2\/product_cat?post=15028"},{"taxonomy":"product_tag","embeddable":true,"href":"https:\/\/www.johannagullichsen.com\/fi\/wp-json\/wp\/v2\/product_tag?post=15028"}],"curies":[{"name":"wp","href":"https:\/\/api.w.org\/{rel}","templated":true}]}}