{"id":16708,"date":"2023-01-03T09:55:14","date_gmt":"2023-01-03T07:55:14","guid":{"rendered":"https:\/\/www.johannagullichsen.com\/?post_type=product&#038;p=16708"},"modified":"2023-01-13T11:20:34","modified_gmt":"2023-01-13T09:20:34","slug":"nereus-aluslautanen","status":"publish","type":"product","link":"https:\/\/www.johannagullichsen.com\/fi\/tuote\/nereus-aluslautanen\/","title":{"rendered":"Nereus Aluslautanen"},"content":{"rendered":"<h4>Tauon paikka!<\/h4>\n<p>Nereus-lautanen on <a href=\"https:\/\/www.johannagullichsen.com\/fi\/tuotteet\/kattaus\/nereus-kuppi\/\">Nereus-kupin pari<\/a>. Voit k\u00e4ytt\u00e4\u00e4 sit\u00e4 my\u00f6s pienen\u00e4 tarjoilulautasena.<\/p>\n<p>V\u00e4rivaihtoehdot, l\u00e4mmin okra ja pehme\u00e4 harmaa, sopivat kauniisti yhteen. Kupit ja lautaset myyd\u00e4\u00e4n erikseen, joten voit yhdistell\u00e4 niit\u00e4 haluamallasi tavalla.<\/p>\n<p><a href=\"https:\/\/vaja.fi\/\">Vaja Finlandin<\/a> suoralinjaiset kahvikupit ja lautaset valmistetaan Porvoossa. Alun perin Nereus kupit ja lautaset lanseerattiin <a href=\"https:\/\/www.villagyllenberg.fi\/\">Villa Gyllenbergin<\/a> museokahvilassa vuonna 2022, kun se avattiin uudelleen mittavan remontin j\u00e4lkeen.<\/p>\n","protected":false},"excerpt":{"rendered":"<p>Tauon paikka! Nereus-lautanen on Nereus-kupin pari. Voit k\u00e4ytt\u00e4\u00e4 sit\u00e4 my\u00f6s pienen\u00e4 tarjoilulautasena. V\u00e4rivaihtoehdot, l\u00e4mmin okra ja pehme\u00e4 harmaa, sopivat kauniisti yhteen. Kupit ja lautaset myyd\u00e4\u00e4n erikseen, joten voit yhdistell\u00e4 niit\u00e4&hellip;<\/p>\n","protected":false},"featured_media":16739,"template":"","meta":{"_acf_changed":false},"product_brand":[],"product_cat":[194],"product_tag":[],"class_list":{"0":"post-16708","1":"product","2":"type-product","3":"status-publish","4":"has-post-thumbnail","6":"product_cat-keittio-ja-kattaustekstiilit","7":"pa_pattern-colour-nereus-sammal","8":"pa_pattern-colour-nereus-okra-1","9":"collection-normandie-2","11":"first","12":"instock","13":"taxable","14":"shipping-taxable","15":"purchasable","16":"product-type-variable"},"acf":[],"yoast_head":"<!-- This site is optimized with the Yoast SEO Premium plugin v27.2 (Yoast SEO v27.5) - https:\/\/yoast.com\/product\/yoast-seo-premium-wordpress\/ -->\n<title>Nereus Aluslautanen - Johanna Gullichsen<\/title>\n<meta name=\"robots\" content=\"index, follow, max-snippet:-1, max-image-preview:large, max-video-preview:-1\" \/>\n<link rel=\"canonical\" href=\"https:\/\/www.johannagullichsen.com\/fi\/tuote\/nereus-aluslautanen\/\" \/>\n<meta property=\"og:locale\" content=\"fi_FI\" \/>\n<meta property=\"og:type\" content=\"article\" \/>\n<meta property=\"og:title\" content=\"Nereus Aluslautanen\" \/>\n<meta property=\"og:description\" content=\"Tauon paikka! Nereus-lautanen on Nereus-kupin pari. Voit k\u00e4ytt\u00e4\u00e4 sit\u00e4 my\u00f6s pienen\u00e4 tarjoilulautasena. V\u00e4rivaihtoehdot, l\u00e4mmin okra ja pehme\u00e4 harmaa, sopivat kauniisti yhteen. Kupit ja lautaset myyd\u00e4\u00e4n erikseen, joten voit yhdistell\u00e4 niit\u00e4&hellip;\" \/>\n<meta property=\"og:url\" content=\"https:\/\/www.johannagullichsen.com\/fi\/tuote\/nereus-aluslautanen\/\" \/>\n<meta property=\"og:site_name\" content=\"Johanna Gullichsen\" \/>\n<meta property=\"article:modified_time\" content=\"2023-01-13T09:20:34+00:00\" \/>\n<meta property=\"og:image\" content=\"https:\/\/www.johannagullichsen.com\/wp-content\/uploads\/2023\/01\/Johanna-Gullichsen-Nereus-Saucer-Moss.jpg\" \/>\n\t<meta property=\"og:image:width\" content=\"1600\" \/>\n\t<meta property=\"og:image:height\" content=\"1200\" \/>\n\t<meta property=\"og:image:type\" content=\"image\/jpeg\" \/>\n<meta name=\"twitter:card\" content=\"summary_large_image\" \/>\n<meta name=\"twitter:label1\" content=\"Arvioitu lukuaika\" \/>\n\t<meta name=\"twitter:data1\" content=\"1 minuutti\" \/>\n<script type=\"application\/ld+json\" class=\"yoast-schema-graph\">{\"@context\":\"https:\\\/\\\/schema.org\",\"@graph\":[{\"@type\":\"WebPage\",\"@id\":\"https:\\\/\\\/www.johannagullichsen.com\\\/fi\\\/tuote\\\/nereus-aluslautanen\\\/\",\"url\":\"https:\\\/\\\/www.johannagullichsen.com\\\/fi\\\/tuote\\\/nereus-aluslautanen\\\/\",\"name\":\"Nereus Aluslautanen - Johanna Gullichsen\",\"isPartOf\":{\"@id\":\"https:\\\/\\\/www.johannagullichsen.com\\\/fi\\\/#website\"},\"primaryImageOfPage\":{\"@id\":\"https:\\\/\\\/www.johannagullichsen.com\\\/fi\\\/tuote\\\/nereus-aluslautanen\\\/#primaryimage\"},\"image\":{\"@id\":\"https:\\\/\\\/www.johannagullichsen.com\\\/fi\\\/tuote\\\/nereus-aluslautanen\\\/#primaryimage\"},\"thumbnailUrl\":\"https:\\\/\\\/www.johannagullichsen.com\\\/wp-content\\\/uploads\\\/2023\\\/01\\\/Johanna-Gullichsen-Nereus-Saucer-Moss.jpg\",\"datePublished\":\"2023-01-03T07:55:14+00:00\",\"dateModified\":\"2023-01-13T09:20:34+00:00\",\"breadcrumb\":{\"@id\":\"https:\\\/\\\/www.johannagullichsen.com\\\/fi\\\/tuote\\\/nereus-aluslautanen\\\/#breadcrumb\"},\"inLanguage\":\"fi\",\"potentialAction\":[{\"@type\":\"ReadAction\",\"target\":[\"https:\\\/\\\/www.johannagullichsen.com\\\/fi\\\/tuote\\\/nereus-aluslautanen\\\/\"]}]},{\"@type\":\"ImageObject\",\"inLanguage\":\"fi\",\"@id\":\"https:\\\/\\\/www.johannagullichsen.com\\\/fi\\\/tuote\\\/nereus-aluslautanen\\\/#primaryimage\",\"url\":\"https:\\\/\\\/www.johannagullichsen.com\\\/wp-content\\\/uploads\\\/2023\\\/01\\\/Johanna-Gullichsen-Nereus-Saucer-Moss.jpg\",\"contentUrl\":\"https:\\\/\\\/www.johannagullichsen.com\\\/wp-content\\\/uploads\\\/2023\\\/01\\\/Johanna-Gullichsen-Nereus-Saucer-Moss.jpg\",\"width\":1600,\"height\":1200},{\"@type\":\"BreadcrumbList\",\"@id\":\"https:\\\/\\\/www.johannagullichsen.com\\\/fi\\\/tuote\\\/nereus-aluslautanen\\\/#breadcrumb\",\"itemListElement\":[{\"@type\":\"ListItem\",\"position\":1,\"name\":\"Home\",\"item\":\"https:\\\/\\\/www.johannagullichsen.com\\\/fi\\\/\"},{\"@type\":\"ListItem\",\"position\":2,\"name\":\"Tuotteet ja verkkokauppa\",\"item\":\"https:\\\/\\\/www.johannagullichsen.com\\\/fi\\\/tuotteet\\\/\"},{\"@type\":\"ListItem\",\"position\":3,\"name\":\"Nereus Aluslautanen\"}]},{\"@type\":\"WebSite\",\"@id\":\"https:\\\/\\\/www.johannagullichsen.com\\\/fi\\\/#website\",\"url\":\"https:\\\/\\\/www.johannagullichsen.com\\\/fi\\\/\",\"name\":\"Johanna Gullichsen\",\"description\":\"\",\"potentialAction\":[{\"@type\":\"SearchAction\",\"target\":{\"@type\":\"EntryPoint\",\"urlTemplate\":\"https:\\\/\\\/www.johannagullichsen.com\\\/fi\\\/?s={search_term_string}\"},\"query-input\":{\"@type\":\"PropertyValueSpecification\",\"valueRequired\":true,\"valueName\":\"search_term_string\"}}],\"inLanguage\":\"fi\"}]}<\/script>\n<!-- \/ Yoast SEO Premium plugin. -->","yoast_head_json":{"title":"Nereus Aluslautanen - Johanna Gullichsen","robots":{"index":"index","follow":"follow","max-snippet":"max-snippet:-1","max-image-preview":"max-image-preview:large","max-video-preview":"max-video-preview:-1"},"canonical":"https:\/\/www.johannagullichsen.com\/fi\/tuote\/nereus-aluslautanen\/","og_locale":"fi_FI","og_type":"article","og_title":"Nereus Aluslautanen","og_description":"Tauon paikka! Nereus-lautanen on Nereus-kupin pari. Voit k\u00e4ytt\u00e4\u00e4 sit\u00e4 my\u00f6s pienen\u00e4 tarjoilulautasena. V\u00e4rivaihtoehdot, l\u00e4mmin okra ja pehme\u00e4 harmaa, sopivat kauniisti yhteen. Kupit ja lautaset myyd\u00e4\u00e4n erikseen, joten voit yhdistell\u00e4 niit\u00e4&hellip;","og_url":"https:\/\/www.johannagullichsen.com\/fi\/tuote\/nereus-aluslautanen\/","og_site_name":"Johanna Gullichsen","article_modified_time":"2023-01-13T09:20:34+00:00","og_image":[{"width":1600,"height":1200,"url":"https:\/\/www.johannagullichsen.com\/wp-content\/uploads\/2023\/01\/Johanna-Gullichsen-Nereus-Saucer-Moss.jpg","type":"image\/jpeg"}],"twitter_card":"summary_large_image","twitter_misc":{"Arvioitu lukuaika":"1 minuutti"},"schema":{"@context":"https:\/\/schema.org","@graph":[{"@type":"WebPage","@id":"https:\/\/www.johannagullichsen.com\/fi\/tuote\/nereus-aluslautanen\/","url":"https:\/\/www.johannagullichsen.com\/fi\/tuote\/nereus-aluslautanen\/","name":"Nereus Aluslautanen - Johanna Gullichsen","isPartOf":{"@id":"https:\/\/www.johannagullichsen.com\/fi\/#website"},"primaryImageOfPage":{"@id":"https:\/\/www.johannagullichsen.com\/fi\/tuote\/nereus-aluslautanen\/#primaryimage"},"image":{"@id":"https:\/\/www.johannagullichsen.com\/fi\/tuote\/nereus-aluslautanen\/#primaryimage"},"thumbnailUrl":"https:\/\/www.johannagullichsen.com\/wp-content\/uploads\/2023\/01\/Johanna-Gullichsen-Nereus-Saucer-Moss.jpg","datePublished":"2023-01-03T07:55:14+00:00","dateModified":"2023-01-13T09:20:34+00:00","breadcrumb":{"@id":"https:\/\/www.johannagullichsen.com\/fi\/tuote\/nereus-aluslautanen\/#breadcrumb"},"inLanguage":"fi","potentialAction":[{"@type":"ReadAction","target":["https:\/\/www.johannagullichsen.com\/fi\/tuote\/nereus-aluslautanen\/"]}]},{"@type":"ImageObject","inLanguage":"fi","@id":"https:\/\/www.johannagullichsen.com\/fi\/tuote\/nereus-aluslautanen\/#primaryimage","url":"https:\/\/www.johannagullichsen.com\/wp-content\/uploads\/2023\/01\/Johanna-Gullichsen-Nereus-Saucer-Moss.jpg","contentUrl":"https:\/\/www.johannagullichsen.com\/wp-content\/uploads\/2023\/01\/Johanna-Gullichsen-Nereus-Saucer-Moss.jpg","width":1600,"height":1200},{"@type":"BreadcrumbList","@id":"https:\/\/www.johannagullichsen.com\/fi\/tuote\/nereus-aluslautanen\/#breadcrumb","itemListElement":[{"@type":"ListItem","position":1,"name":"Home","item":"https:\/\/www.johannagullichsen.com\/fi\/"},{"@type":"ListItem","position":2,"name":"Tuotteet ja verkkokauppa","item":"https:\/\/www.johannagullichsen.com\/fi\/tuotteet\/"},{"@type":"ListItem","position":3,"name":"Nereus Aluslautanen"}]},{"@type":"WebSite","@id":"https:\/\/www.johannagullichsen.com\/fi\/#website","url":"https:\/\/www.johannagullichsen.com\/fi\/","name":"Johanna Gullichsen","description":"","potentialAction":[{"@type":"SearchAction","target":{"@type":"EntryPoint","urlTemplate":"https:\/\/www.johannagullichsen.com\/fi\/?s={search_term_string}"},"query-input":{"@type":"PropertyValueSpecification","valueRequired":true,"valueName":"search_term_string"}}],"inLanguage":"fi"}]}},"_links":{"self":[{"href":"https:\/\/www.johannagullichsen.com\/fi\/wp-json\/wp\/v2\/product\/16708","targetHints":{"allow":["GET"]}}],"collection":[{"href":"https:\/\/www.johannagullichsen.com\/fi\/wp-json\/wp\/v2\/product"}],"about":[{"href":"https:\/\/www.johannagullichsen.com\/fi\/wp-json\/wp\/v2\/types\/product"}],"wp:featuredmedia":[{"embeddable":true,"href":"https:\/\/www.johannagullichsen.com\/fi\/wp-json\/wp\/v2\/media\/16739"}],"wp:attachment":[{"href":"https:\/\/www.johannagullichsen.com\/fi\/wp-json\/wp\/v2\/media?parent=16708"}],"wp:term":[{"taxonomy":"product_brand","embeddable":true,"href":"https:\/\/www.johannagullichsen.com\/fi\/wp-json\/wp\/v2\/product_brand?post=16708"},{"taxonomy":"product_cat","embeddable":true,"href":"https:\/\/www.johannagullichsen.com\/fi\/wp-json\/wp\/v2\/product_cat?post=16708"},{"taxonomy":"product_tag","embeddable":true,"href":"https:\/\/www.johannagullichsen.com\/fi\/wp-json\/wp\/v2\/product_tag?post=16708"}],"curies":[{"name":"wp","href":"https:\/\/api.w.org\/{rel}","templated":true}]}}