{"id":17866,"date":"2023-04-25T13:50:59","date_gmt":"2023-04-25T10:50:59","guid":{"rendered":"https:\/\/www.johannagullichsen.com\/?post_type=product&#038;p=17866"},"modified":"2023-04-28T08:40:50","modified_gmt":"2023-04-28T05:40:50","slug":"pyorea-lasinalunen","status":"publish","type":"product","link":"https:\/\/www.johannagullichsen.com\/fi\/tuote\/pyorea-lasinalunen\/","title":{"rendered":"Py\u00f6re\u00e4 Lasinalunen"},"content":{"rendered":"<h4>Juhlaan ja arkeen!<\/h4>\n<p>Doris-kuvioisia lasinalusia on nelj\u00e4\u00e4 eri v\u00e4ri\u00e4. Kuvion asettelu vaihtelee, joten jokainen tilaamasi alunen saattaa olla erilainen. Koska lasinaluset on pohjattu pehme\u00e4ll\u00e4 kankaalla, ne ovat miellytt\u00e4v\u00e4t k\u00e4yt\u00f6ss\u00e4 eiv\u00e4tk\u00e4 kolise p\u00f6yt\u00e4\u00e4 vasten.<\/p>\n","protected":false},"excerpt":{"rendered":"<p>Juhlaan ja arkeen! Doris-kuvioisia lasinalusia on nelj\u00e4\u00e4 eri v\u00e4ri\u00e4. Kuvion asettelu vaihtelee, joten jokainen tilaamasi alunen saattaa olla erilainen. Koska lasinaluset on pohjattu pehme\u00e4ll\u00e4 kankaalla, ne ovat miellytt\u00e4v\u00e4t k\u00e4yt\u00f6ss\u00e4 eiv\u00e4tk\u00e4&hellip;<\/p>\n","protected":false},"featured_media":17858,"template":"","meta":{"_acf_changed":false},"product_brand":[],"product_cat":[194],"product_tag":[],"class_list":{"0":"post-17866","1":"product","2":"type-product","3":"status-publish","4":"has-post-thumbnail","6":"product_cat-keittio-ja-kattaustekstiilit","7":"pa_pattern-colour-doris-manteli","8":"pa_pattern-colour-doris-musta-fi","9":"pa_pattern-colour-doris-viininpunainen","10":"pa_pattern-colour-doris-okra","11":"collection-normandie-2","13":"first","14":"instock","15":"taxable","16":"shipping-taxable","17":"purchasable","18":"product-type-variable"},"acf":[],"yoast_head":"<!-- This site is optimized with the Yoast SEO Premium plugin v27.2 (Yoast SEO v27.2) - https:\/\/yoast.com\/product\/yoast-seo-premium-wordpress\/ -->\n<title>Py\u00f6re\u00e4 Lasinalunen - Johanna Gullichsen<\/title>\n<meta name=\"robots\" content=\"index, follow, max-snippet:-1, max-image-preview:large, max-video-preview:-1\" \/>\n<link rel=\"canonical\" href=\"https:\/\/www.johannagullichsen.com\/fi\/tuote\/pyorea-lasinalunen\/\" \/>\n<meta property=\"og:locale\" content=\"fi_FI\" \/>\n<meta property=\"og:type\" content=\"article\" \/>\n<meta property=\"og:title\" content=\"Py\u00f6re\u00e4 Lasinalunen\" \/>\n<meta property=\"og:description\" content=\"Juhlaan ja arkeen! Doris-kuvioisia lasinalusia on nelj\u00e4\u00e4 eri v\u00e4ri\u00e4. Kuvion asettelu vaihtelee, joten jokainen tilaamasi alunen saattaa olla erilainen. Koska lasinaluset on pohjattu pehme\u00e4ll\u00e4 kankaalla, ne ovat miellytt\u00e4v\u00e4t k\u00e4yt\u00f6ss\u00e4 eiv\u00e4tk\u00e4&hellip;\" \/>\n<meta property=\"og:url\" content=\"https:\/\/www.johannagullichsen.com\/fi\/tuote\/pyorea-lasinalunen\/\" \/>\n<meta property=\"og:site_name\" content=\"Johanna Gullichsen\" \/>\n<meta property=\"article:modified_time\" content=\"2023-04-28T05:40:50+00:00\" \/>\n<meta property=\"og:image\" content=\"https:\/\/www.johannagullichsen.com\/wp-content\/uploads\/2023\/04\/Round-coasters-all-colours-copy.jpg\" \/>\n\t<meta property=\"og:image:width\" content=\"1600\" \/>\n\t<meta property=\"og:image:height\" content=\"1200\" \/>\n\t<meta property=\"og:image:type\" content=\"image\/jpeg\" \/>\n<meta name=\"twitter:card\" content=\"summary_large_image\" \/>\n<meta name=\"twitter:label1\" content=\"Arvioitu lukuaika\" \/>\n\t<meta name=\"twitter:data1\" content=\"1 minuutti\" \/>\n<script type=\"application\/ld+json\" class=\"yoast-schema-graph\">{\"@context\":\"https:\/\/schema.org\",\"@graph\":[{\"@type\":\"WebPage\",\"@id\":\"https:\/\/www.johannagullichsen.com\/fi\/tuote\/pyorea-lasinalunen\/\",\"url\":\"https:\/\/www.johannagullichsen.com\/fi\/tuote\/pyorea-lasinalunen\/\",\"name\":\"Py\u00f6re\u00e4 Lasinalunen - Johanna Gullichsen\",\"isPartOf\":{\"@id\":\"https:\/\/www.johannagullichsen.com\/fi\/#website\"},\"primaryImageOfPage\":{\"@id\":\"https:\/\/www.johannagullichsen.com\/fi\/tuote\/pyorea-lasinalunen\/#primaryimage\"},\"image\":{\"@id\":\"https:\/\/www.johannagullichsen.com\/fi\/tuote\/pyorea-lasinalunen\/#primaryimage\"},\"thumbnailUrl\":\"https:\/\/www.johannagullichsen.com\/wp-content\/uploads\/2023\/04\/Round-coasters-all-colours-copy.jpg\",\"datePublished\":\"2023-04-25T10:50:59+00:00\",\"dateModified\":\"2023-04-28T05:40:50+00:00\",\"breadcrumb\":{\"@id\":\"https:\/\/www.johannagullichsen.com\/fi\/tuote\/pyorea-lasinalunen\/#breadcrumb\"},\"inLanguage\":\"fi\",\"potentialAction\":[{\"@type\":\"ReadAction\",\"target\":[\"https:\/\/www.johannagullichsen.com\/fi\/tuote\/pyorea-lasinalunen\/\"]}]},{\"@type\":\"ImageObject\",\"inLanguage\":\"fi\",\"@id\":\"https:\/\/www.johannagullichsen.com\/fi\/tuote\/pyorea-lasinalunen\/#primaryimage\",\"url\":\"https:\/\/www.johannagullichsen.com\/wp-content\/uploads\/2023\/04\/Round-coasters-all-colours-copy.jpg\",\"contentUrl\":\"https:\/\/www.johannagullichsen.com\/wp-content\/uploads\/2023\/04\/Round-coasters-all-colours-copy.jpg\",\"width\":1600,\"height\":1200},{\"@type\":\"BreadcrumbList\",\"@id\":\"https:\/\/www.johannagullichsen.com\/fi\/tuote\/pyorea-lasinalunen\/#breadcrumb\",\"itemListElement\":[{\"@type\":\"ListItem\",\"position\":1,\"name\":\"Home\",\"item\":\"https:\/\/www.johannagullichsen.com\/fi\/\"},{\"@type\":\"ListItem\",\"position\":2,\"name\":\"Tuotteet ja verkkokauppa\",\"item\":\"https:\/\/www.johannagullichsen.com\/fi\/tuotteet\/\"},{\"@type\":\"ListItem\",\"position\":3,\"name\":\"Py\u00f6re\u00e4 Lasinalunen\"}]},{\"@type\":\"WebSite\",\"@id\":\"https:\/\/www.johannagullichsen.com\/fi\/#website\",\"url\":\"https:\/\/www.johannagullichsen.com\/fi\/\",\"name\":\"Johanna Gullichsen\",\"description\":\"\",\"potentialAction\":[{\"@type\":\"SearchAction\",\"target\":{\"@type\":\"EntryPoint\",\"urlTemplate\":\"https:\/\/www.johannagullichsen.com\/fi\/?s={search_term_string}\"},\"query-input\":{\"@type\":\"PropertyValueSpecification\",\"valueRequired\":true,\"valueName\":\"search_term_string\"}}],\"inLanguage\":\"fi\"}]}<\/script>\n<!-- \/ Yoast SEO Premium plugin. -->","yoast_head_json":{"title":"Py\u00f6re\u00e4 Lasinalunen - Johanna Gullichsen","robots":{"index":"index","follow":"follow","max-snippet":"max-snippet:-1","max-image-preview":"max-image-preview:large","max-video-preview":"max-video-preview:-1"},"canonical":"https:\/\/www.johannagullichsen.com\/fi\/tuote\/pyorea-lasinalunen\/","og_locale":"fi_FI","og_type":"article","og_title":"Py\u00f6re\u00e4 Lasinalunen","og_description":"Juhlaan ja arkeen! Doris-kuvioisia lasinalusia on nelj\u00e4\u00e4 eri v\u00e4ri\u00e4. Kuvion asettelu vaihtelee, joten jokainen tilaamasi alunen saattaa olla erilainen. Koska lasinaluset on pohjattu pehme\u00e4ll\u00e4 kankaalla, ne ovat miellytt\u00e4v\u00e4t k\u00e4yt\u00f6ss\u00e4 eiv\u00e4tk\u00e4&hellip;","og_url":"https:\/\/www.johannagullichsen.com\/fi\/tuote\/pyorea-lasinalunen\/","og_site_name":"Johanna Gullichsen","article_modified_time":"2023-04-28T05:40:50+00:00","og_image":[{"width":1600,"height":1200,"url":"https:\/\/www.johannagullichsen.com\/wp-content\/uploads\/2023\/04\/Round-coasters-all-colours-copy.jpg","type":"image\/jpeg"}],"twitter_card":"summary_large_image","twitter_misc":{"Arvioitu lukuaika":"1 minuutti"},"schema":{"@context":"https:\/\/schema.org","@graph":[{"@type":"WebPage","@id":"https:\/\/www.johannagullichsen.com\/fi\/tuote\/pyorea-lasinalunen\/","url":"https:\/\/www.johannagullichsen.com\/fi\/tuote\/pyorea-lasinalunen\/","name":"Py\u00f6re\u00e4 Lasinalunen - Johanna Gullichsen","isPartOf":{"@id":"https:\/\/www.johannagullichsen.com\/fi\/#website"},"primaryImageOfPage":{"@id":"https:\/\/www.johannagullichsen.com\/fi\/tuote\/pyorea-lasinalunen\/#primaryimage"},"image":{"@id":"https:\/\/www.johannagullichsen.com\/fi\/tuote\/pyorea-lasinalunen\/#primaryimage"},"thumbnailUrl":"https:\/\/www.johannagullichsen.com\/wp-content\/uploads\/2023\/04\/Round-coasters-all-colours-copy.jpg","datePublished":"2023-04-25T10:50:59+00:00","dateModified":"2023-04-28T05:40:50+00:00","breadcrumb":{"@id":"https:\/\/www.johannagullichsen.com\/fi\/tuote\/pyorea-lasinalunen\/#breadcrumb"},"inLanguage":"fi","potentialAction":[{"@type":"ReadAction","target":["https:\/\/www.johannagullichsen.com\/fi\/tuote\/pyorea-lasinalunen\/"]}]},{"@type":"ImageObject","inLanguage":"fi","@id":"https:\/\/www.johannagullichsen.com\/fi\/tuote\/pyorea-lasinalunen\/#primaryimage","url":"https:\/\/www.johannagullichsen.com\/wp-content\/uploads\/2023\/04\/Round-coasters-all-colours-copy.jpg","contentUrl":"https:\/\/www.johannagullichsen.com\/wp-content\/uploads\/2023\/04\/Round-coasters-all-colours-copy.jpg","width":1600,"height":1200},{"@type":"BreadcrumbList","@id":"https:\/\/www.johannagullichsen.com\/fi\/tuote\/pyorea-lasinalunen\/#breadcrumb","itemListElement":[{"@type":"ListItem","position":1,"name":"Home","item":"https:\/\/www.johannagullichsen.com\/fi\/"},{"@type":"ListItem","position":2,"name":"Tuotteet ja verkkokauppa","item":"https:\/\/www.johannagullichsen.com\/fi\/tuotteet\/"},{"@type":"ListItem","position":3,"name":"Py\u00f6re\u00e4 Lasinalunen"}]},{"@type":"WebSite","@id":"https:\/\/www.johannagullichsen.com\/fi\/#website","url":"https:\/\/www.johannagullichsen.com\/fi\/","name":"Johanna Gullichsen","description":"","potentialAction":[{"@type":"SearchAction","target":{"@type":"EntryPoint","urlTemplate":"https:\/\/www.johannagullichsen.com\/fi\/?s={search_term_string}"},"query-input":{"@type":"PropertyValueSpecification","valueRequired":true,"valueName":"search_term_string"}}],"inLanguage":"fi"}]}},"_links":{"self":[{"href":"https:\/\/www.johannagullichsen.com\/fi\/wp-json\/wp\/v2\/product\/17866","targetHints":{"allow":["GET"]}}],"collection":[{"href":"https:\/\/www.johannagullichsen.com\/fi\/wp-json\/wp\/v2\/product"}],"about":[{"href":"https:\/\/www.johannagullichsen.com\/fi\/wp-json\/wp\/v2\/types\/product"}],"wp:featuredmedia":[{"embeddable":true,"href":"https:\/\/www.johannagullichsen.com\/fi\/wp-json\/wp\/v2\/media\/17858"}],"wp:attachment":[{"href":"https:\/\/www.johannagullichsen.com\/fi\/wp-json\/wp\/v2\/media?parent=17866"}],"wp:term":[{"taxonomy":"product_brand","embeddable":true,"href":"https:\/\/www.johannagullichsen.com\/fi\/wp-json\/wp\/v2\/product_brand?post=17866"},{"taxonomy":"product_cat","embeddable":true,"href":"https:\/\/www.johannagullichsen.com\/fi\/wp-json\/wp\/v2\/product_cat?post=17866"},{"taxonomy":"product_tag","embeddable":true,"href":"https:\/\/www.johannagullichsen.com\/fi\/wp-json\/wp\/v2\/product_tag?post=17866"}],"curies":[{"name":"wp","href":"https:\/\/api.w.org\/{rel}","templated":true}]}}