{"id":18542,"date":"2023-05-19T10:03:24","date_gmt":"2023-05-19T07:03:24","guid":{"rendered":"https:\/\/www.johannagullichsen.com\/?post_type=product&#038;p=18542"},"modified":"2023-05-31T13:52:49","modified_gmt":"2023-05-31T10:52:49","slug":"rectangular-olkalaukku","status":"publish","type":"product","link":"https:\/\/www.johannagullichsen.com\/fi\/tuote\/rectangular-olkalaukku\/","title":{"rendered":"Rectangular Olkalaukku"},"content":{"rendered":"<h4>N\u00e4pp\u00e4r\u00e4 Olkalaukku<\/h4>\n<p>K\u00e4tev\u00e4 ja kevyt Rectangular-olkalaukku on matalampi ja hieman kapeampi versio <a href=\"https:\/\/www.johannagullichsen.com\/fi\/tuotteet\/laukut-asusteet\/tetra-shoulder-bag\/\">Tetra Shoulder bag -laukusta<\/a>.<br \/>\nMukaan mahtuu vesipullo, aurinkovoide ja pienet ostokset matkan varrelta.<\/p>\n<p>Laukussa on s\u00e4\u00e4dett\u00e4v\u00e4 hihna sek\u00e4 vetoketjullinen sis\u00e4tasku.<\/p>\n","protected":false},"excerpt":{"rendered":"<p>N\u00e4pp\u00e4r\u00e4 Olkalaukku K\u00e4tev\u00e4 ja kevyt Rectangular-olkalaukku on matalampi ja hieman kapeampi versio Tetra Shoulder bag -laukusta. Mukaan mahtuu vesipullo, aurinkovoide ja pienet ostokset matkan varrelta. Laukussa on s\u00e4\u00e4dett\u00e4v\u00e4 hihna sek\u00e4&hellip;<\/p>\n","protected":false},"featured_media":18661,"template":"","meta":{"_acf_changed":false},"product_brand":[],"product_cat":[1968,192],"product_tag":[],"class_list":{"0":"post-18542","1":"product","2":"type-product","3":"status-publish","4":"has-post-thumbnail","6":"product_cat-laukut","7":"product_cat-laukut-asusteet","8":"pa_pattern-colour-doris-sininen","9":"pa_pattern-colour-helios-lime-fi","10":"pa_pattern-colour-doris-lyijy","11":"pa_pattern-colour-tilkku-lyijy","12":"pa_pattern-colour-eos-musta","13":"pa_pattern-colour-tilkku-musta","14":"pa_pattern-colour-eos-vihrea","15":"pa_pattern-colour-doris-olki","16":"pa_pattern-colour-eos-tummansininen-fi","17":"pa_pattern-colour-helios-manteli","18":"pa_pattern-colour-doris-cirrus","19":"pa_pattern-colour-helios-black-fi","20":"pa_pattern-colour-helios-tiili","21":"pa_pattern-colour-helios-lyijy","22":"pa_pattern-colour-doris-manteli","23":"pa_pattern-colour-nereus-dark-blue-fi","24":"pa_pattern-colour-doris-musta","25":"pa_pattern-colour-nereus-musta","26":"collection-normandie-2","28":"first","29":"instock","30":"taxable","31":"shipping-taxable","32":"purchasable","33":"product-type-variable"},"acf":[],"yoast_head":"<!-- This site is optimized with the Yoast SEO Premium plugin v27.2 (Yoast SEO v27.5) - https:\/\/yoast.com\/product\/yoast-seo-premium-wordpress\/ -->\n<title>Rectangular Olkalaukku - Johanna Gullichsen<\/title>\n<meta name=\"description\" content=\"Kevyt olkalaukku luomupuuvillasta, jossa on graafinen kuvio. Rectangular olkalaukussa on s\u00e4\u00e4dett\u00e4v\u00e4 hihna sek\u00e4 vetoketjullinen sis\u00e4tasku.\" \/>\n<meta name=\"robots\" content=\"index, follow, max-snippet:-1, max-image-preview:large, max-video-preview:-1\" \/>\n<link rel=\"canonical\" href=\"https:\/\/www.johannagullichsen.com\/fi\/tuote\/rectangular-olkalaukku\/\" \/>\n<meta property=\"og:locale\" content=\"fi_FI\" \/>\n<meta property=\"og:type\" content=\"article\" \/>\n<meta property=\"og:title\" content=\"Rectangular Olkalaukku\" \/>\n<meta property=\"og:description\" content=\"Kevyt olkalaukku luomupuuvillasta, jossa on graafinen kuvio. Rectangular olkalaukussa on s\u00e4\u00e4dett\u00e4v\u00e4 hihna sek\u00e4 vetoketjullinen sis\u00e4tasku.\" \/>\n<meta property=\"og:url\" content=\"https:\/\/www.johannagullichsen.com\/fi\/tuote\/rectangular-olkalaukku\/\" \/>\n<meta property=\"og:site_name\" content=\"Johanna Gullichsen\" \/>\n<meta property=\"article:modified_time\" content=\"2023-05-31T10:52:49+00:00\" \/>\n<meta property=\"og:image\" content=\"https:\/\/www.johannagullichsen.com\/wp-content\/uploads\/2023\/05\/Johanna-Gullichsen-Rectangular-bag-Doris-straw-2.jpg\" \/>\n\t<meta property=\"og:image:width\" content=\"1600\" \/>\n\t<meta property=\"og:image:height\" content=\"1200\" \/>\n\t<meta property=\"og:image:type\" content=\"image\/jpeg\" \/>\n<meta name=\"twitter:card\" content=\"summary_large_image\" \/>\n<meta name=\"twitter:label1\" content=\"Arvioitu lukuaika\" \/>\n\t<meta name=\"twitter:data1\" content=\"1 minuutti\" \/>\n<script type=\"application\/ld+json\" class=\"yoast-schema-graph\">{\"@context\":\"https:\\\/\\\/schema.org\",\"@graph\":[{\"@type\":\"WebPage\",\"@id\":\"https:\\\/\\\/www.johannagullichsen.com\\\/fi\\\/tuote\\\/rectangular-olkalaukku\\\/\",\"url\":\"https:\\\/\\\/www.johannagullichsen.com\\\/fi\\\/tuote\\\/rectangular-olkalaukku\\\/\",\"name\":\"Rectangular Olkalaukku - Johanna Gullichsen\",\"isPartOf\":{\"@id\":\"https:\\\/\\\/www.johannagullichsen.com\\\/fi\\\/#website\"},\"primaryImageOfPage\":{\"@id\":\"https:\\\/\\\/www.johannagullichsen.com\\\/fi\\\/tuote\\\/rectangular-olkalaukku\\\/#primaryimage\"},\"image\":{\"@id\":\"https:\\\/\\\/www.johannagullichsen.com\\\/fi\\\/tuote\\\/rectangular-olkalaukku\\\/#primaryimage\"},\"thumbnailUrl\":\"https:\\\/\\\/www.johannagullichsen.com\\\/wp-content\\\/uploads\\\/2023\\\/05\\\/Johanna-Gullichsen-Rectangular-bag-Doris-black-Pablo-1.jpg\",\"datePublished\":\"2023-05-19T07:03:24+00:00\",\"dateModified\":\"2023-05-31T10:52:49+00:00\",\"description\":\"Kevyt olkalaukku luomupuuvillasta, jossa on graafinen kuvio. Rectangular olkalaukussa on s\u00e4\u00e4dett\u00e4v\u00e4 hihna sek\u00e4 vetoketjullinen sis\u00e4tasku.\",\"breadcrumb\":{\"@id\":\"https:\\\/\\\/www.johannagullichsen.com\\\/fi\\\/tuote\\\/rectangular-olkalaukku\\\/#breadcrumb\"},\"inLanguage\":\"fi\",\"potentialAction\":[{\"@type\":\"ReadAction\",\"target\":[\"https:\\\/\\\/www.johannagullichsen.com\\\/fi\\\/tuote\\\/rectangular-olkalaukku\\\/\"]}]},{\"@type\":\"ImageObject\",\"inLanguage\":\"fi\",\"@id\":\"https:\\\/\\\/www.johannagullichsen.com\\\/fi\\\/tuote\\\/rectangular-olkalaukku\\\/#primaryimage\",\"url\":\"https:\\\/\\\/www.johannagullichsen.com\\\/wp-content\\\/uploads\\\/2023\\\/05\\\/Johanna-Gullichsen-Rectangular-bag-Doris-black-Pablo-1.jpg\",\"contentUrl\":\"https:\\\/\\\/www.johannagullichsen.com\\\/wp-content\\\/uploads\\\/2023\\\/05\\\/Johanna-Gullichsen-Rectangular-bag-Doris-black-Pablo-1.jpg\",\"width\":1600,\"height\":1200},{\"@type\":\"BreadcrumbList\",\"@id\":\"https:\\\/\\\/www.johannagullichsen.com\\\/fi\\\/tuote\\\/rectangular-olkalaukku\\\/#breadcrumb\",\"itemListElement\":[{\"@type\":\"ListItem\",\"position\":1,\"name\":\"Home\",\"item\":\"https:\\\/\\\/www.johannagullichsen.com\\\/fi\\\/\"},{\"@type\":\"ListItem\",\"position\":2,\"name\":\"Tuotteet ja verkkokauppa\",\"item\":\"https:\\\/\\\/www.johannagullichsen.com\\\/fi\\\/tuotteet\\\/\"},{\"@type\":\"ListItem\",\"position\":3,\"name\":\"Rectangular Olkalaukku\"}]},{\"@type\":\"WebSite\",\"@id\":\"https:\\\/\\\/www.johannagullichsen.com\\\/fi\\\/#website\",\"url\":\"https:\\\/\\\/www.johannagullichsen.com\\\/fi\\\/\",\"name\":\"Johanna Gullichsen\",\"description\":\"\",\"potentialAction\":[{\"@type\":\"SearchAction\",\"target\":{\"@type\":\"EntryPoint\",\"urlTemplate\":\"https:\\\/\\\/www.johannagullichsen.com\\\/fi\\\/?s={search_term_string}\"},\"query-input\":{\"@type\":\"PropertyValueSpecification\",\"valueRequired\":true,\"valueName\":\"search_term_string\"}}],\"inLanguage\":\"fi\"}]}<\/script>\n<!-- \/ Yoast SEO Premium plugin. -->","yoast_head_json":{"title":"Rectangular Olkalaukku - Johanna Gullichsen","description":"Kevyt olkalaukku luomupuuvillasta, jossa on graafinen kuvio. Rectangular olkalaukussa on s\u00e4\u00e4dett\u00e4v\u00e4 hihna sek\u00e4 vetoketjullinen sis\u00e4tasku.","robots":{"index":"index","follow":"follow","max-snippet":"max-snippet:-1","max-image-preview":"max-image-preview:large","max-video-preview":"max-video-preview:-1"},"canonical":"https:\/\/www.johannagullichsen.com\/fi\/tuote\/rectangular-olkalaukku\/","og_locale":"fi_FI","og_type":"article","og_title":"Rectangular Olkalaukku","og_description":"Kevyt olkalaukku luomupuuvillasta, jossa on graafinen kuvio. Rectangular olkalaukussa on s\u00e4\u00e4dett\u00e4v\u00e4 hihna sek\u00e4 vetoketjullinen sis\u00e4tasku.","og_url":"https:\/\/www.johannagullichsen.com\/fi\/tuote\/rectangular-olkalaukku\/","og_site_name":"Johanna Gullichsen","article_modified_time":"2023-05-31T10:52:49+00:00","og_image":[{"width":1600,"height":1200,"url":"https:\/\/www.johannagullichsen.com\/wp-content\/uploads\/2023\/05\/Johanna-Gullichsen-Rectangular-bag-Doris-straw-2.jpg","type":"image\/jpeg"}],"twitter_card":"summary_large_image","twitter_misc":{"Arvioitu lukuaika":"1 minuutti"},"schema":{"@context":"https:\/\/schema.org","@graph":[{"@type":"WebPage","@id":"https:\/\/www.johannagullichsen.com\/fi\/tuote\/rectangular-olkalaukku\/","url":"https:\/\/www.johannagullichsen.com\/fi\/tuote\/rectangular-olkalaukku\/","name":"Rectangular Olkalaukku - Johanna Gullichsen","isPartOf":{"@id":"https:\/\/www.johannagullichsen.com\/fi\/#website"},"primaryImageOfPage":{"@id":"https:\/\/www.johannagullichsen.com\/fi\/tuote\/rectangular-olkalaukku\/#primaryimage"},"image":{"@id":"https:\/\/www.johannagullichsen.com\/fi\/tuote\/rectangular-olkalaukku\/#primaryimage"},"thumbnailUrl":"https:\/\/www.johannagullichsen.com\/wp-content\/uploads\/2023\/05\/Johanna-Gullichsen-Rectangular-bag-Doris-black-Pablo-1.jpg","datePublished":"2023-05-19T07:03:24+00:00","dateModified":"2023-05-31T10:52:49+00:00","description":"Kevyt olkalaukku luomupuuvillasta, jossa on graafinen kuvio. Rectangular olkalaukussa on s\u00e4\u00e4dett\u00e4v\u00e4 hihna sek\u00e4 vetoketjullinen sis\u00e4tasku.","breadcrumb":{"@id":"https:\/\/www.johannagullichsen.com\/fi\/tuote\/rectangular-olkalaukku\/#breadcrumb"},"inLanguage":"fi","potentialAction":[{"@type":"ReadAction","target":["https:\/\/www.johannagullichsen.com\/fi\/tuote\/rectangular-olkalaukku\/"]}]},{"@type":"ImageObject","inLanguage":"fi","@id":"https:\/\/www.johannagullichsen.com\/fi\/tuote\/rectangular-olkalaukku\/#primaryimage","url":"https:\/\/www.johannagullichsen.com\/wp-content\/uploads\/2023\/05\/Johanna-Gullichsen-Rectangular-bag-Doris-black-Pablo-1.jpg","contentUrl":"https:\/\/www.johannagullichsen.com\/wp-content\/uploads\/2023\/05\/Johanna-Gullichsen-Rectangular-bag-Doris-black-Pablo-1.jpg","width":1600,"height":1200},{"@type":"BreadcrumbList","@id":"https:\/\/www.johannagullichsen.com\/fi\/tuote\/rectangular-olkalaukku\/#breadcrumb","itemListElement":[{"@type":"ListItem","position":1,"name":"Home","item":"https:\/\/www.johannagullichsen.com\/fi\/"},{"@type":"ListItem","position":2,"name":"Tuotteet ja verkkokauppa","item":"https:\/\/www.johannagullichsen.com\/fi\/tuotteet\/"},{"@type":"ListItem","position":3,"name":"Rectangular Olkalaukku"}]},{"@type":"WebSite","@id":"https:\/\/www.johannagullichsen.com\/fi\/#website","url":"https:\/\/www.johannagullichsen.com\/fi\/","name":"Johanna Gullichsen","description":"","potentialAction":[{"@type":"SearchAction","target":{"@type":"EntryPoint","urlTemplate":"https:\/\/www.johannagullichsen.com\/fi\/?s={search_term_string}"},"query-input":{"@type":"PropertyValueSpecification","valueRequired":true,"valueName":"search_term_string"}}],"inLanguage":"fi"}]}},"_links":{"self":[{"href":"https:\/\/www.johannagullichsen.com\/fi\/wp-json\/wp\/v2\/product\/18542","targetHints":{"allow":["GET"]}}],"collection":[{"href":"https:\/\/www.johannagullichsen.com\/fi\/wp-json\/wp\/v2\/product"}],"about":[{"href":"https:\/\/www.johannagullichsen.com\/fi\/wp-json\/wp\/v2\/types\/product"}],"wp:featuredmedia":[{"embeddable":true,"href":"https:\/\/www.johannagullichsen.com\/fi\/wp-json\/wp\/v2\/media\/18661"}],"wp:attachment":[{"href":"https:\/\/www.johannagullichsen.com\/fi\/wp-json\/wp\/v2\/media?parent=18542"}],"wp:term":[{"taxonomy":"product_brand","embeddable":true,"href":"https:\/\/www.johannagullichsen.com\/fi\/wp-json\/wp\/v2\/product_brand?post=18542"},{"taxonomy":"product_cat","embeddable":true,"href":"https:\/\/www.johannagullichsen.com\/fi\/wp-json\/wp\/v2\/product_cat?post=18542"},{"taxonomy":"product_tag","embeddable":true,"href":"https:\/\/www.johannagullichsen.com\/fi\/wp-json\/wp\/v2\/product_tag?post=18542"}],"curies":[{"name":"wp","href":"https:\/\/api.w.org\/{rel}","templated":true}]}}