{"id":19392,"date":"2023-06-19T07:26:53","date_gmt":"2023-06-19T04:26:53","guid":{"rendered":"https:\/\/www.johannagullichsen.com\/?post_type=product&#038;p=19392"},"modified":"2026-03-17T08:16:32","modified_gmt":"2026-03-17T06:16:32","slug":"kaitaliina","status":"publish","type":"product","link":"https:\/\/www.johannagullichsen.com\/fi\/tuote\/kaitaliina\/","title":{"rendered":"Kaitaliina"},"content":{"rendered":"<h4>Iloa Ruokap\u00f6yt\u00e4\u00e4n!<\/h4>\n<p>Kevyt kaitaliina kaunistaa arjen ja kruunaa juhlan. Kata kaitaliina pitkitt\u00e4in tai poikittain, yksin tai yksiv\u00e4risen p\u00f6yt\u00e4liinan p\u00e4\u00e4lle &#8211; mahdollisuuksia on monia.<\/p>\n<p>V\u00e4rj\u00e4tty, kudottu ja ommeltu Suomessa.<\/p>\n","protected":false},"excerpt":{"rendered":"<p>Iloa Ruokap\u00f6yt\u00e4\u00e4n! Kevyt kaitaliina kaunistaa arjen ja kruunaa juhlan. Kata kaitaliina pitkitt\u00e4in tai poikittain, yksin tai yksiv\u00e4risen p\u00f6yt\u00e4liinan p\u00e4\u00e4lle &#8211; mahdollisuuksia on monia. V\u00e4rj\u00e4tty, kudottu ja ommeltu Suomessa.<\/p>\n","protected":false},"featured_media":31644,"template":"","meta":{"_acf_changed":false},"product_brand":[],"product_cat":[194],"product_tag":[],"class_list":{"0":"post-19392","1":"product","2":"type-product","3":"status-publish","4":"has-post-thumbnail","6":"product_cat-keittio-ja-kattaustekstiilit","7":"pa_pattern-colour-helios-tumma-viininpunainen","8":"pa_pattern-colour-doris-cirrus","9":"pa_pattern-colour-helios-dark-green-fi","10":"pa_pattern-colour-helios-okra","11":"pa_pattern-colour-nereus-brick-fi","12":"pa_pattern-colour-doris-manteli","13":"pa_pattern-colour-nereus-tummanvihrea","14":"pa_pattern-colour-doris-musta","15":"pa_pattern-colour-tithonus-black-fi","16":"pa_pattern-colour-doris-sininen","17":"pa_pattern-colour-tithonus-tiili","18":"pa_pattern-colour-doris-tummansininen","19":"pa_pattern-colour-tithonus-lead-fi","20":"pa_pattern-colour-eos-sininen","21":"pa_pattern-colour-helios-lime-negative-fi","22":"pa_pattern-colour-eos-vaaleanharmaa","23":"pa_pattern-colour-tilkku-lyijy","24":"pa_pattern-colour-helios-brick-negative-fi","25":"pa_pattern-colour-selene-viininpunainen","26":"collection-normandie-2","28":"first","29":"instock","30":"taxable","31":"shipping-taxable","32":"purchasable","33":"product-type-variable"},"acf":[],"yoast_head":"<!-- This site is optimized with the Yoast SEO Premium plugin v27.2 (Yoast SEO v27.5) - https:\/\/yoast.com\/product\/yoast-seo-premium-wordpress\/ -->\n<title>Kaitaliina - Johanna Gullichsen<\/title>\n<meta name=\"description\" content=\"Kevyt kaitaliina kaunistaa arjen ja kruunaa juhlan. Kata kaitaliina pitkitt\u00e4in tai poikittain, yksin tai yksiv\u00e4risen p\u00f6yt\u00e4liinan p\u00e4\u00e4lle.\" \/>\n<meta name=\"robots\" content=\"index, follow, max-snippet:-1, max-image-preview:large, max-video-preview:-1\" \/>\n<link rel=\"canonical\" href=\"https:\/\/www.johannagullichsen.com\/fi\/tuote\/kaitaliina\/\" \/>\n<meta property=\"og:locale\" content=\"fi_FI\" \/>\n<meta property=\"og:type\" content=\"article\" \/>\n<meta property=\"og:title\" content=\"Kaitaliina\" \/>\n<meta property=\"og:description\" content=\"Kevyt kaitaliina kaunistaa arjen ja kruunaa juhlan. Kata kaitaliina pitkitt\u00e4in tai poikittain, yksin tai yksiv\u00e4risen p\u00f6yt\u00e4liinan p\u00e4\u00e4lle.\" \/>\n<meta property=\"og:url\" content=\"https:\/\/www.johannagullichsen.com\/fi\/tuote\/kaitaliina\/\" \/>\n<meta property=\"og:site_name\" content=\"Johanna Gullichsen\" \/>\n<meta property=\"article:modified_time\" content=\"2026-03-17T06:16:32+00:00\" \/>\n<meta property=\"og:image\" content=\"https:\/\/www.johannagullichsen.com\/wp-content\/uploads\/2026\/03\/PR_Johanna_Gullichsen3-email.jpg\" \/>\n\t<meta property=\"og:image:width\" content=\"1200\" \/>\n\t<meta property=\"og:image:height\" content=\"1051\" \/>\n\t<meta property=\"og:image:type\" content=\"image\/jpeg\" \/>\n<meta name=\"twitter:card\" content=\"summary_large_image\" \/>\n<meta name=\"twitter:label1\" content=\"Arvioitu lukuaika\" \/>\n\t<meta name=\"twitter:data1\" content=\"1 minuutti\" \/>\n<script type=\"application\/ld+json\" class=\"yoast-schema-graph\">{\"@context\":\"https:\\\/\\\/schema.org\",\"@graph\":[{\"@type\":\"WebPage\",\"@id\":\"https:\\\/\\\/www.johannagullichsen.com\\\/fi\\\/tuote\\\/kaitaliina\\\/\",\"url\":\"https:\\\/\\\/www.johannagullichsen.com\\\/fi\\\/tuote\\\/kaitaliina\\\/\",\"name\":\"Kaitaliina - Johanna Gullichsen\",\"isPartOf\":{\"@id\":\"https:\\\/\\\/www.johannagullichsen.com\\\/fi\\\/#website\"},\"primaryImageOfPage\":{\"@id\":\"https:\\\/\\\/www.johannagullichsen.com\\\/fi\\\/tuote\\\/kaitaliina\\\/#primaryimage\"},\"image\":{\"@id\":\"https:\\\/\\\/www.johannagullichsen.com\\\/fi\\\/tuote\\\/kaitaliina\\\/#primaryimage\"},\"thumbnailUrl\":\"https:\\\/\\\/www.johannagullichsen.com\\\/wp-content\\\/uploads\\\/2023\\\/06\\\/Johanna-Gullichsen-Table-runner-Doris-dark-blue.jpg\",\"datePublished\":\"2023-06-19T04:26:53+00:00\",\"dateModified\":\"2026-03-17T06:16:32+00:00\",\"description\":\"Kevyt kaitaliina kaunistaa arjen ja kruunaa juhlan. Kata kaitaliina pitkitt\u00e4in tai poikittain, yksin tai yksiv\u00e4risen p\u00f6yt\u00e4liinan p\u00e4\u00e4lle.\",\"breadcrumb\":{\"@id\":\"https:\\\/\\\/www.johannagullichsen.com\\\/fi\\\/tuote\\\/kaitaliina\\\/#breadcrumb\"},\"inLanguage\":\"fi\",\"potentialAction\":[{\"@type\":\"ReadAction\",\"target\":[\"https:\\\/\\\/www.johannagullichsen.com\\\/fi\\\/tuote\\\/kaitaliina\\\/\"]}]},{\"@type\":\"ImageObject\",\"inLanguage\":\"fi\",\"@id\":\"https:\\\/\\\/www.johannagullichsen.com\\\/fi\\\/tuote\\\/kaitaliina\\\/#primaryimage\",\"url\":\"https:\\\/\\\/www.johannagullichsen.com\\\/wp-content\\\/uploads\\\/2023\\\/06\\\/Johanna-Gullichsen-Table-runner-Doris-dark-blue.jpg\",\"contentUrl\":\"https:\\\/\\\/www.johannagullichsen.com\\\/wp-content\\\/uploads\\\/2023\\\/06\\\/Johanna-Gullichsen-Table-runner-Doris-dark-blue.jpg\",\"width\":1600,\"height\":1200},{\"@type\":\"BreadcrumbList\",\"@id\":\"https:\\\/\\\/www.johannagullichsen.com\\\/fi\\\/tuote\\\/kaitaliina\\\/#breadcrumb\",\"itemListElement\":[{\"@type\":\"ListItem\",\"position\":1,\"name\":\"Home\",\"item\":\"https:\\\/\\\/www.johannagullichsen.com\\\/fi\\\/\"},{\"@type\":\"ListItem\",\"position\":2,\"name\":\"Tuotteet ja verkkokauppa\",\"item\":\"https:\\\/\\\/www.johannagullichsen.com\\\/fi\\\/tuotteet\\\/\"},{\"@type\":\"ListItem\",\"position\":3,\"name\":\"Kaitaliina\"}]},{\"@type\":\"WebSite\",\"@id\":\"https:\\\/\\\/www.johannagullichsen.com\\\/fi\\\/#website\",\"url\":\"https:\\\/\\\/www.johannagullichsen.com\\\/fi\\\/\",\"name\":\"Johanna Gullichsen\",\"description\":\"\",\"potentialAction\":[{\"@type\":\"SearchAction\",\"target\":{\"@type\":\"EntryPoint\",\"urlTemplate\":\"https:\\\/\\\/www.johannagullichsen.com\\\/fi\\\/?s={search_term_string}\"},\"query-input\":{\"@type\":\"PropertyValueSpecification\",\"valueRequired\":true,\"valueName\":\"search_term_string\"}}],\"inLanguage\":\"fi\"}]}<\/script>\n<!-- \/ Yoast SEO Premium plugin. -->","yoast_head_json":{"title":"Kaitaliina - Johanna Gullichsen","description":"Kevyt kaitaliina kaunistaa arjen ja kruunaa juhlan. Kata kaitaliina pitkitt\u00e4in tai poikittain, yksin tai yksiv\u00e4risen p\u00f6yt\u00e4liinan p\u00e4\u00e4lle.","robots":{"index":"index","follow":"follow","max-snippet":"max-snippet:-1","max-image-preview":"max-image-preview:large","max-video-preview":"max-video-preview:-1"},"canonical":"https:\/\/www.johannagullichsen.com\/fi\/tuote\/kaitaliina\/","og_locale":"fi_FI","og_type":"article","og_title":"Kaitaliina","og_description":"Kevyt kaitaliina kaunistaa arjen ja kruunaa juhlan. Kata kaitaliina pitkitt\u00e4in tai poikittain, yksin tai yksiv\u00e4risen p\u00f6yt\u00e4liinan p\u00e4\u00e4lle.","og_url":"https:\/\/www.johannagullichsen.com\/fi\/tuote\/kaitaliina\/","og_site_name":"Johanna Gullichsen","article_modified_time":"2026-03-17T06:16:32+00:00","og_image":[{"width":1200,"height":1051,"url":"https:\/\/www.johannagullichsen.com\/wp-content\/uploads\/2026\/03\/PR_Johanna_Gullichsen3-email.jpg","type":"image\/jpeg"}],"twitter_card":"summary_large_image","twitter_misc":{"Arvioitu lukuaika":"1 minuutti"},"schema":{"@context":"https:\/\/schema.org","@graph":[{"@type":"WebPage","@id":"https:\/\/www.johannagullichsen.com\/fi\/tuote\/kaitaliina\/","url":"https:\/\/www.johannagullichsen.com\/fi\/tuote\/kaitaliina\/","name":"Kaitaliina - Johanna Gullichsen","isPartOf":{"@id":"https:\/\/www.johannagullichsen.com\/fi\/#website"},"primaryImageOfPage":{"@id":"https:\/\/www.johannagullichsen.com\/fi\/tuote\/kaitaliina\/#primaryimage"},"image":{"@id":"https:\/\/www.johannagullichsen.com\/fi\/tuote\/kaitaliina\/#primaryimage"},"thumbnailUrl":"https:\/\/www.johannagullichsen.com\/wp-content\/uploads\/2023\/06\/Johanna-Gullichsen-Table-runner-Doris-dark-blue.jpg","datePublished":"2023-06-19T04:26:53+00:00","dateModified":"2026-03-17T06:16:32+00:00","description":"Kevyt kaitaliina kaunistaa arjen ja kruunaa juhlan. Kata kaitaliina pitkitt\u00e4in tai poikittain, yksin tai yksiv\u00e4risen p\u00f6yt\u00e4liinan p\u00e4\u00e4lle.","breadcrumb":{"@id":"https:\/\/www.johannagullichsen.com\/fi\/tuote\/kaitaliina\/#breadcrumb"},"inLanguage":"fi","potentialAction":[{"@type":"ReadAction","target":["https:\/\/www.johannagullichsen.com\/fi\/tuote\/kaitaliina\/"]}]},{"@type":"ImageObject","inLanguage":"fi","@id":"https:\/\/www.johannagullichsen.com\/fi\/tuote\/kaitaliina\/#primaryimage","url":"https:\/\/www.johannagullichsen.com\/wp-content\/uploads\/2023\/06\/Johanna-Gullichsen-Table-runner-Doris-dark-blue.jpg","contentUrl":"https:\/\/www.johannagullichsen.com\/wp-content\/uploads\/2023\/06\/Johanna-Gullichsen-Table-runner-Doris-dark-blue.jpg","width":1600,"height":1200},{"@type":"BreadcrumbList","@id":"https:\/\/www.johannagullichsen.com\/fi\/tuote\/kaitaliina\/#breadcrumb","itemListElement":[{"@type":"ListItem","position":1,"name":"Home","item":"https:\/\/www.johannagullichsen.com\/fi\/"},{"@type":"ListItem","position":2,"name":"Tuotteet ja verkkokauppa","item":"https:\/\/www.johannagullichsen.com\/fi\/tuotteet\/"},{"@type":"ListItem","position":3,"name":"Kaitaliina"}]},{"@type":"WebSite","@id":"https:\/\/www.johannagullichsen.com\/fi\/#website","url":"https:\/\/www.johannagullichsen.com\/fi\/","name":"Johanna Gullichsen","description":"","potentialAction":[{"@type":"SearchAction","target":{"@type":"EntryPoint","urlTemplate":"https:\/\/www.johannagullichsen.com\/fi\/?s={search_term_string}"},"query-input":{"@type":"PropertyValueSpecification","valueRequired":true,"valueName":"search_term_string"}}],"inLanguage":"fi"}]}},"_links":{"self":[{"href":"https:\/\/www.johannagullichsen.com\/fi\/wp-json\/wp\/v2\/product\/19392","targetHints":{"allow":["GET"]}}],"collection":[{"href":"https:\/\/www.johannagullichsen.com\/fi\/wp-json\/wp\/v2\/product"}],"about":[{"href":"https:\/\/www.johannagullichsen.com\/fi\/wp-json\/wp\/v2\/types\/product"}],"wp:featuredmedia":[{"embeddable":true,"href":"https:\/\/www.johannagullichsen.com\/fi\/wp-json\/wp\/v2\/media\/31644"}],"wp:attachment":[{"href":"https:\/\/www.johannagullichsen.com\/fi\/wp-json\/wp\/v2\/media?parent=19392"}],"wp:term":[{"taxonomy":"product_brand","embeddable":true,"href":"https:\/\/www.johannagullichsen.com\/fi\/wp-json\/wp\/v2\/product_brand?post=19392"},{"taxonomy":"product_cat","embeddable":true,"href":"https:\/\/www.johannagullichsen.com\/fi\/wp-json\/wp\/v2\/product_cat?post=19392"},{"taxonomy":"product_tag","embeddable":true,"href":"https:\/\/www.johannagullichsen.com\/fi\/wp-json\/wp\/v2\/product_tag?post=19392"}],"curies":[{"name":"wp","href":"https:\/\/api.w.org\/{rel}","templated":true}]}}