{"id":20895,"date":"2023-10-12T13:25:16","date_gmt":"2023-10-12T10:25:16","guid":{"rendered":"https:\/\/www.johannagullichsen.com\/?post_type=product&#038;p=20895"},"modified":"2026-03-17T15:45:51","modified_gmt":"2026-03-17T13:45:51","slug":"sangynpaaty-l","status":"publish","type":"product","link":"https:\/\/www.johannagullichsen.com\/fi\/tuote\/sangynpaaty-l\/","title":{"rendered":"S\u00e4ngynp\u00e4\u00e4ty L"},"content":{"rendered":"<h3>Kauniita unia<\/h3>\n<p>Pehmustettu s\u00e4ngynp\u00e4\u00e4ty sijoitetaan s\u00e4ngyn ja sein\u00e4n v\u00e4liin. S\u00e4ngynp\u00e4\u00e4ty seisoo omilla 9 cm korkeilla koivuisilla jaloillaan.<\/p>\n<p>S\u00e4ngynp\u00e4\u00e4dyt valmistetaan aina tilausty\u00f6n\u00e4, siksi toimitusaika on noin kolme viikkoa. Mik\u00e4li et l\u00f6yd\u00e4 mieleist\u00e4 kuosia valikoimasta, ota yhteytt\u00e4 myym\u00e4l\u00e4\u00e4mme (info@johannagullichsen.com) . S\u00e4ngynp\u00e4\u00e4dyt toimitetaan ainoastaan Suomeen.<\/p>\n<p>Kangas on v\u00e4rj\u00e4tty ja kudottu Suomessa. S\u00e4ngynp\u00e4\u00e4ty on valmistettu Suomessa.<\/p>\n","protected":false},"excerpt":{"rendered":"<p>Kauniita unia Pehmustettu s\u00e4ngynp\u00e4\u00e4ty sijoitetaan s\u00e4ngyn ja sein\u00e4n v\u00e4liin. S\u00e4ngynp\u00e4\u00e4ty seisoo omilla 9 cm korkeilla koivuisilla jaloillaan. S\u00e4ngynp\u00e4\u00e4dyt valmistetaan aina tilausty\u00f6n\u00e4, siksi toimitusaika on noin kolme viikkoa. Mik\u00e4li et l\u00f6yd\u00e4&hellip;<\/p>\n","protected":false},"featured_media":20896,"template":"","meta":{"_acf_changed":false},"product_brand":[],"product_cat":[193],"product_tag":[],"class_list":{"0":"post-20895","1":"product","2":"type-product","3":"status-publish","4":"has-post-thumbnail","6":"product_cat-paivapeitot-ja-sangynpaadyt","7":"pa_pattern-colour-eos-vihrea","8":"pa_pattern-colour-helios-blue-fi","9":"pa_pattern-colour-helios-tumma-viininpunainen","10":"pa_pattern-colour-helios-lyijy","11":"pa_pattern-colour-nereus-okra","12":"pa_pattern-colour-tithonus-tiili","13":"pa_pattern-colour-nereus-musta","14":"pa_pattern-colour-doris-manteli","15":"pa_pattern-colour-tilkku-vihrea-fi","16":"pa_pattern-colour-doris-musta","17":"pa_pattern-colour-doris-viininpunainen","18":"pa_pattern-colour-doris-tiili","19":"collection-normandie-2","21":"first","22":"instock","23":"taxable","24":"shipping-taxable","25":"purchasable","26":"product-type-variable"},"acf":[],"yoast_head":"<!-- This site is optimized with the Yoast SEO Premium plugin v27.2 (Yoast SEO v27.2) - https:\/\/yoast.com\/product\/yoast-seo-premium-wordpress\/ -->\n<title>S\u00e4ngynp\u00e4\u00e4ty L - Johanna Gullichsen<\/title>\n<meta name=\"robots\" content=\"index, follow, max-snippet:-1, max-image-preview:large, max-video-preview:-1\" \/>\n<link rel=\"canonical\" href=\"https:\/\/www.johannagullichsen.com\/fi\/tuote\/sangynpaaty-l\/\" \/>\n<meta property=\"og:locale\" content=\"fi_FI\" \/>\n<meta property=\"og:type\" content=\"article\" \/>\n<meta property=\"og:title\" content=\"S\u00e4ngynp\u00e4\u00e4ty L\" \/>\n<meta property=\"og:description\" content=\"Kauniita unia Pehmustettu s\u00e4ngynp\u00e4\u00e4ty sijoitetaan s\u00e4ngyn ja sein\u00e4n v\u00e4liin. S\u00e4ngynp\u00e4\u00e4ty seisoo omilla 9 cm korkeilla koivuisilla jaloillaan. S\u00e4ngynp\u00e4\u00e4dyt valmistetaan aina tilausty\u00f6n\u00e4, siksi toimitusaika on noin kolme viikkoa. Mik\u00e4li et l\u00f6yd\u00e4&hellip;\" \/>\n<meta property=\"og:url\" content=\"https:\/\/www.johannagullichsen.com\/fi\/tuote\/sangynpaaty-l\/\" \/>\n<meta property=\"og:site_name\" content=\"Johanna Gullichsen\" \/>\n<meta property=\"article:modified_time\" content=\"2026-03-17T13:45:51+00:00\" \/>\n<meta property=\"og:image\" content=\"https:\/\/www.johannagullichsen.com\/wp-content\/uploads\/2023\/10\/Johanna-Gullichsen-bed-headboard-helios-dark-bordeaux.jpg\" \/>\n\t<meta property=\"og:image:width\" content=\"1600\" \/>\n\t<meta property=\"og:image:height\" content=\"1200\" \/>\n\t<meta property=\"og:image:type\" content=\"image\/jpeg\" \/>\n<meta name=\"twitter:card\" content=\"summary_large_image\" \/>\n<meta name=\"twitter:label1\" content=\"Arvioitu lukuaika\" \/>\n\t<meta name=\"twitter:data1\" content=\"1 minuutti\" \/>\n<script type=\"application\/ld+json\" class=\"yoast-schema-graph\">{\"@context\":\"https:\/\/schema.org\",\"@graph\":[{\"@type\":\"WebPage\",\"@id\":\"https:\/\/www.johannagullichsen.com\/fi\/tuote\/sangynpaaty-l\/\",\"url\":\"https:\/\/www.johannagullichsen.com\/fi\/tuote\/sangynpaaty-l\/\",\"name\":\"S\u00e4ngynp\u00e4\u00e4ty L - Johanna Gullichsen\",\"isPartOf\":{\"@id\":\"https:\/\/www.johannagullichsen.com\/fi\/#website\"},\"primaryImageOfPage\":{\"@id\":\"https:\/\/www.johannagullichsen.com\/fi\/tuote\/sangynpaaty-l\/#primaryimage\"},\"image\":{\"@id\":\"https:\/\/www.johannagullichsen.com\/fi\/tuote\/sangynpaaty-l\/#primaryimage\"},\"thumbnailUrl\":\"https:\/\/www.johannagullichsen.com\/wp-content\/uploads\/2023\/10\/Johanna-Gullichsen-bed-headboard-helios-dark-bordeaux.jpg\",\"datePublished\":\"2023-10-12T10:25:16+00:00\",\"dateModified\":\"2026-03-17T13:45:51+00:00\",\"breadcrumb\":{\"@id\":\"https:\/\/www.johannagullichsen.com\/fi\/tuote\/sangynpaaty-l\/#breadcrumb\"},\"inLanguage\":\"fi\",\"potentialAction\":[{\"@type\":\"ReadAction\",\"target\":[\"https:\/\/www.johannagullichsen.com\/fi\/tuote\/sangynpaaty-l\/\"]}]},{\"@type\":\"ImageObject\",\"inLanguage\":\"fi\",\"@id\":\"https:\/\/www.johannagullichsen.com\/fi\/tuote\/sangynpaaty-l\/#primaryimage\",\"url\":\"https:\/\/www.johannagullichsen.com\/wp-content\/uploads\/2023\/10\/Johanna-Gullichsen-bed-headboard-helios-dark-bordeaux.jpg\",\"contentUrl\":\"https:\/\/www.johannagullichsen.com\/wp-content\/uploads\/2023\/10\/Johanna-Gullichsen-bed-headboard-helios-dark-bordeaux.jpg\",\"width\":1600,\"height\":1200},{\"@type\":\"BreadcrumbList\",\"@id\":\"https:\/\/www.johannagullichsen.com\/fi\/tuote\/sangynpaaty-l\/#breadcrumb\",\"itemListElement\":[{\"@type\":\"ListItem\",\"position\":1,\"name\":\"Home\",\"item\":\"https:\/\/www.johannagullichsen.com\/fi\/\"},{\"@type\":\"ListItem\",\"position\":2,\"name\":\"Tuotteet ja verkkokauppa\",\"item\":\"https:\/\/www.johannagullichsen.com\/fi\/tuotteet\/\"},{\"@type\":\"ListItem\",\"position\":3,\"name\":\"S\u00e4ngynp\u00e4\u00e4ty L\"}]},{\"@type\":\"WebSite\",\"@id\":\"https:\/\/www.johannagullichsen.com\/fi\/#website\",\"url\":\"https:\/\/www.johannagullichsen.com\/fi\/\",\"name\":\"Johanna Gullichsen\",\"description\":\"\",\"potentialAction\":[{\"@type\":\"SearchAction\",\"target\":{\"@type\":\"EntryPoint\",\"urlTemplate\":\"https:\/\/www.johannagullichsen.com\/fi\/?s={search_term_string}\"},\"query-input\":{\"@type\":\"PropertyValueSpecification\",\"valueRequired\":true,\"valueName\":\"search_term_string\"}}],\"inLanguage\":\"fi\"}]}<\/script>\n<!-- \/ Yoast SEO Premium plugin. -->","yoast_head_json":{"title":"S\u00e4ngynp\u00e4\u00e4ty L - Johanna Gullichsen","robots":{"index":"index","follow":"follow","max-snippet":"max-snippet:-1","max-image-preview":"max-image-preview:large","max-video-preview":"max-video-preview:-1"},"canonical":"https:\/\/www.johannagullichsen.com\/fi\/tuote\/sangynpaaty-l\/","og_locale":"fi_FI","og_type":"article","og_title":"S\u00e4ngynp\u00e4\u00e4ty L","og_description":"Kauniita unia Pehmustettu s\u00e4ngynp\u00e4\u00e4ty sijoitetaan s\u00e4ngyn ja sein\u00e4n v\u00e4liin. S\u00e4ngynp\u00e4\u00e4ty seisoo omilla 9 cm korkeilla koivuisilla jaloillaan. S\u00e4ngynp\u00e4\u00e4dyt valmistetaan aina tilausty\u00f6n\u00e4, siksi toimitusaika on noin kolme viikkoa. Mik\u00e4li et l\u00f6yd\u00e4&hellip;","og_url":"https:\/\/www.johannagullichsen.com\/fi\/tuote\/sangynpaaty-l\/","og_site_name":"Johanna Gullichsen","article_modified_time":"2026-03-17T13:45:51+00:00","og_image":[{"width":1600,"height":1200,"url":"https:\/\/www.johannagullichsen.com\/wp-content\/uploads\/2023\/10\/Johanna-Gullichsen-bed-headboard-helios-dark-bordeaux.jpg","type":"image\/jpeg"}],"twitter_card":"summary_large_image","twitter_misc":{"Arvioitu lukuaika":"1 minuutti"},"schema":{"@context":"https:\/\/schema.org","@graph":[{"@type":"WebPage","@id":"https:\/\/www.johannagullichsen.com\/fi\/tuote\/sangynpaaty-l\/","url":"https:\/\/www.johannagullichsen.com\/fi\/tuote\/sangynpaaty-l\/","name":"S\u00e4ngynp\u00e4\u00e4ty L - Johanna Gullichsen","isPartOf":{"@id":"https:\/\/www.johannagullichsen.com\/fi\/#website"},"primaryImageOfPage":{"@id":"https:\/\/www.johannagullichsen.com\/fi\/tuote\/sangynpaaty-l\/#primaryimage"},"image":{"@id":"https:\/\/www.johannagullichsen.com\/fi\/tuote\/sangynpaaty-l\/#primaryimage"},"thumbnailUrl":"https:\/\/www.johannagullichsen.com\/wp-content\/uploads\/2023\/10\/Johanna-Gullichsen-bed-headboard-helios-dark-bordeaux.jpg","datePublished":"2023-10-12T10:25:16+00:00","dateModified":"2026-03-17T13:45:51+00:00","breadcrumb":{"@id":"https:\/\/www.johannagullichsen.com\/fi\/tuote\/sangynpaaty-l\/#breadcrumb"},"inLanguage":"fi","potentialAction":[{"@type":"ReadAction","target":["https:\/\/www.johannagullichsen.com\/fi\/tuote\/sangynpaaty-l\/"]}]},{"@type":"ImageObject","inLanguage":"fi","@id":"https:\/\/www.johannagullichsen.com\/fi\/tuote\/sangynpaaty-l\/#primaryimage","url":"https:\/\/www.johannagullichsen.com\/wp-content\/uploads\/2023\/10\/Johanna-Gullichsen-bed-headboard-helios-dark-bordeaux.jpg","contentUrl":"https:\/\/www.johannagullichsen.com\/wp-content\/uploads\/2023\/10\/Johanna-Gullichsen-bed-headboard-helios-dark-bordeaux.jpg","width":1600,"height":1200},{"@type":"BreadcrumbList","@id":"https:\/\/www.johannagullichsen.com\/fi\/tuote\/sangynpaaty-l\/#breadcrumb","itemListElement":[{"@type":"ListItem","position":1,"name":"Home","item":"https:\/\/www.johannagullichsen.com\/fi\/"},{"@type":"ListItem","position":2,"name":"Tuotteet ja verkkokauppa","item":"https:\/\/www.johannagullichsen.com\/fi\/tuotteet\/"},{"@type":"ListItem","position":3,"name":"S\u00e4ngynp\u00e4\u00e4ty L"}]},{"@type":"WebSite","@id":"https:\/\/www.johannagullichsen.com\/fi\/#website","url":"https:\/\/www.johannagullichsen.com\/fi\/","name":"Johanna Gullichsen","description":"","potentialAction":[{"@type":"SearchAction","target":{"@type":"EntryPoint","urlTemplate":"https:\/\/www.johannagullichsen.com\/fi\/?s={search_term_string}"},"query-input":{"@type":"PropertyValueSpecification","valueRequired":true,"valueName":"search_term_string"}}],"inLanguage":"fi"}]}},"_links":{"self":[{"href":"https:\/\/www.johannagullichsen.com\/fi\/wp-json\/wp\/v2\/product\/20895","targetHints":{"allow":["GET"]}}],"collection":[{"href":"https:\/\/www.johannagullichsen.com\/fi\/wp-json\/wp\/v2\/product"}],"about":[{"href":"https:\/\/www.johannagullichsen.com\/fi\/wp-json\/wp\/v2\/types\/product"}],"wp:featuredmedia":[{"embeddable":true,"href":"https:\/\/www.johannagullichsen.com\/fi\/wp-json\/wp\/v2\/media\/20896"}],"wp:attachment":[{"href":"https:\/\/www.johannagullichsen.com\/fi\/wp-json\/wp\/v2\/media?parent=20895"}],"wp:term":[{"taxonomy":"product_brand","embeddable":true,"href":"https:\/\/www.johannagullichsen.com\/fi\/wp-json\/wp\/v2\/product_brand?post=20895"},{"taxonomy":"product_cat","embeddable":true,"href":"https:\/\/www.johannagullichsen.com\/fi\/wp-json\/wp\/v2\/product_cat?post=20895"},{"taxonomy":"product_tag","embeddable":true,"href":"https:\/\/www.johannagullichsen.com\/fi\/wp-json\/wp\/v2\/product_tag?post=20895"}],"curies":[{"name":"wp","href":"https:\/\/api.w.org\/{rel}","templated":true}]}}