{"id":23411,"date":"2024-05-20T09:38:15","date_gmt":"2024-05-20T06:38:15","guid":{"rendered":"https:\/\/www.johannagullichsen.com\/?post_type=product&#038;p=23411"},"modified":"2024-05-22T11:56:44","modified_gmt":"2024-05-22T08:56:44","slug":"origami-laukku-l","status":"publish","type":"product","link":"https:\/\/www.johannagullichsen.com\/fi\/tuote\/origami-laukku-l\/","title":{"rendered":"Origami-laukku L"},"content":{"rendered":"<p>Tyylik\u00e4s Origami-olkalaukku on ratkaisu, kun tarvitset tilaa tyylist\u00e4 tinkim\u00e4tt\u00e4. Laukun rento muoto on luotu kangasta origamin tavoin taittelemalla, mik\u00e4 tekee siit\u00e4 rennon tyylikk\u00e4\u00e4n ja mukavan kantaa. T\u00e4m\u00e4 laukku sopii moneen eri tilaisuuteen. Origami-laukku L on suurin kolmesta Origami-tuotteestamme; muut koot ovat <a href=\"https:\/\/www.johannagullichsen.com\/fi\/tuotteet\/laukut-asusteet\/origami-kukkaro-s\/\">Origami-kukkaro S<\/a> ja <a href=\"https:\/\/www.johannagullichsen.com\/fi\/tuotteet\/laukut-asusteet\/origami-laukku-m\/\">Origami-laukku M.<\/a><\/p>\n","protected":false},"excerpt":{"rendered":"<p>Tyylik\u00e4s Origami-olkalaukku on ratkaisu, kun tarvitset tilaa tyylist\u00e4 tinkim\u00e4tt\u00e4. Laukun rento muoto on luotu kangasta origamin tavoin taittelemalla, mik\u00e4 tekee siit\u00e4 rennon tyylikk\u00e4\u00e4n ja mukavan kantaa. T\u00e4m\u00e4 laukku sopii moneen&hellip;<\/p>\n","protected":false},"featured_media":26654,"template":"","meta":{"_acf_changed":false},"product_brand":[],"product_cat":[1968,192],"product_tag":[],"class_list":{"0":"post-23411","1":"product","2":"type-product","3":"status-publish","4":"has-post-thumbnail","6":"product_cat-laukut","7":"product_cat-laukut-asusteet","8":"pa_pattern-colour-helios-okra","9":"pa_pattern-colour-nereus-dark-blue-fi","10":"pa_pattern-colour-tithonus-lead-fi","11":"pa_pattern-colour-doris-manteli","12":"pa_pattern-colour-doris-musta-fi","13":"pa_pattern-colour-doris-keltainen","14":"pa_pattern-colour-eos-musta","15":"collection-normandie-2","17":"first","18":"instock","19":"taxable","20":"shipping-taxable","21":"purchasable","22":"product-type-variable"},"acf":[],"yoast_head":"<!-- This site is optimized with the Yoast SEO Premium plugin v27.2 (Yoast SEO v27.5) - https:\/\/yoast.com\/product\/yoast-seo-premium-wordpress\/ -->\n<title>Origami-laukku L - Johanna Gullichsen<\/title>\n<meta name=\"description\" content=\"Origami olkalaukku on mukava kantaa, se on valmistettu 100% luomupuuvillasta. S\u00e4dett\u00e4v\u00e4 hihna.\" \/>\n<meta name=\"robots\" content=\"index, follow, max-snippet:-1, max-image-preview:large, max-video-preview:-1\" \/>\n<link rel=\"canonical\" href=\"https:\/\/www.johannagullichsen.com\/fi\/tuote\/origami-laukku-l\/\" \/>\n<meta property=\"og:locale\" content=\"fi_FI\" \/>\n<meta property=\"og:type\" content=\"article\" \/>\n<meta property=\"og:title\" content=\"Origami-laukku L\" \/>\n<meta property=\"og:description\" content=\"Origami olkalaukku on mukava kantaa, se on valmistettu 100% luomupuuvillasta. S\u00e4dett\u00e4v\u00e4 hihna.\" \/>\n<meta property=\"og:url\" content=\"https:\/\/www.johannagullichsen.com\/fi\/tuote\/origami-laukku-l\/\" \/>\n<meta property=\"og:site_name\" content=\"Johanna Gullichsen\" \/>\n<meta property=\"article:modified_time\" content=\"2024-05-22T08:56:44+00:00\" \/>\n<meta property=\"og:image\" content=\"https:\/\/www.johannagullichsen.com\/wp-content\/uploads\/2024\/05\/Johanna-Gullichsen-Origami-L-Eos-black-2.jpg\" \/>\n\t<meta property=\"og:image:width\" content=\"1600\" \/>\n\t<meta property=\"og:image:height\" content=\"1200\" \/>\n\t<meta property=\"og:image:type\" content=\"image\/jpeg\" \/>\n<meta name=\"twitter:card\" content=\"summary_large_image\" \/>\n<meta name=\"twitter:label1\" content=\"Arvioitu lukuaika\" \/>\n\t<meta name=\"twitter:data1\" content=\"1 minuutti\" \/>\n<script type=\"application\/ld+json\" class=\"yoast-schema-graph\">{\"@context\":\"https:\\\/\\\/schema.org\",\"@graph\":[{\"@type\":\"WebPage\",\"@id\":\"https:\\\/\\\/www.johannagullichsen.com\\\/fi\\\/tuote\\\/origami-laukku-l\\\/\",\"url\":\"https:\\\/\\\/www.johannagullichsen.com\\\/fi\\\/tuote\\\/origami-laukku-l\\\/\",\"name\":\"Origami-laukku L - Johanna Gullichsen\",\"isPartOf\":{\"@id\":\"https:\\\/\\\/www.johannagullichsen.com\\\/fi\\\/#website\"},\"primaryImageOfPage\":{\"@id\":\"https:\\\/\\\/www.johannagullichsen.com\\\/fi\\\/tuote\\\/origami-laukku-l\\\/#primaryimage\"},\"image\":{\"@id\":\"https:\\\/\\\/www.johannagullichsen.com\\\/fi\\\/tuote\\\/origami-laukku-l\\\/#primaryimage\"},\"thumbnailUrl\":\"https:\\\/\\\/www.johannagullichsen.com\\\/wp-content\\\/uploads\\\/2024\\\/05\\\/johanna-Gullichsen-Origami-L.jpg\",\"datePublished\":\"2024-05-20T06:38:15+00:00\",\"dateModified\":\"2024-05-22T08:56:44+00:00\",\"description\":\"Origami olkalaukku on mukava kantaa, se on valmistettu 100% luomupuuvillasta. S\u00e4dett\u00e4v\u00e4 hihna.\",\"breadcrumb\":{\"@id\":\"https:\\\/\\\/www.johannagullichsen.com\\\/fi\\\/tuote\\\/origami-laukku-l\\\/#breadcrumb\"},\"inLanguage\":\"fi\",\"potentialAction\":[{\"@type\":\"ReadAction\",\"target\":[\"https:\\\/\\\/www.johannagullichsen.com\\\/fi\\\/tuote\\\/origami-laukku-l\\\/\"]}]},{\"@type\":\"ImageObject\",\"inLanguage\":\"fi\",\"@id\":\"https:\\\/\\\/www.johannagullichsen.com\\\/fi\\\/tuote\\\/origami-laukku-l\\\/#primaryimage\",\"url\":\"https:\\\/\\\/www.johannagullichsen.com\\\/wp-content\\\/uploads\\\/2024\\\/05\\\/johanna-Gullichsen-Origami-L.jpg\",\"contentUrl\":\"https:\\\/\\\/www.johannagullichsen.com\\\/wp-content\\\/uploads\\\/2024\\\/05\\\/johanna-Gullichsen-Origami-L.jpg\",\"width\":1600,\"height\":1200},{\"@type\":\"BreadcrumbList\",\"@id\":\"https:\\\/\\\/www.johannagullichsen.com\\\/fi\\\/tuote\\\/origami-laukku-l\\\/#breadcrumb\",\"itemListElement\":[{\"@type\":\"ListItem\",\"position\":1,\"name\":\"Home\",\"item\":\"https:\\\/\\\/www.johannagullichsen.com\\\/fi\\\/\"},{\"@type\":\"ListItem\",\"position\":2,\"name\":\"Tuotteet ja verkkokauppa\",\"item\":\"https:\\\/\\\/www.johannagullichsen.com\\\/fi\\\/tuotteet\\\/\"},{\"@type\":\"ListItem\",\"position\":3,\"name\":\"Origami-laukku L\"}]},{\"@type\":\"WebSite\",\"@id\":\"https:\\\/\\\/www.johannagullichsen.com\\\/fi\\\/#website\",\"url\":\"https:\\\/\\\/www.johannagullichsen.com\\\/fi\\\/\",\"name\":\"Johanna Gullichsen\",\"description\":\"\",\"potentialAction\":[{\"@type\":\"SearchAction\",\"target\":{\"@type\":\"EntryPoint\",\"urlTemplate\":\"https:\\\/\\\/www.johannagullichsen.com\\\/fi\\\/?s={search_term_string}\"},\"query-input\":{\"@type\":\"PropertyValueSpecification\",\"valueRequired\":true,\"valueName\":\"search_term_string\"}}],\"inLanguage\":\"fi\"}]}<\/script>\n<!-- \/ Yoast SEO Premium plugin. -->","yoast_head_json":{"title":"Origami-laukku L - Johanna Gullichsen","description":"Origami olkalaukku on mukava kantaa, se on valmistettu 100% luomupuuvillasta. S\u00e4dett\u00e4v\u00e4 hihna.","robots":{"index":"index","follow":"follow","max-snippet":"max-snippet:-1","max-image-preview":"max-image-preview:large","max-video-preview":"max-video-preview:-1"},"canonical":"https:\/\/www.johannagullichsen.com\/fi\/tuote\/origami-laukku-l\/","og_locale":"fi_FI","og_type":"article","og_title":"Origami-laukku L","og_description":"Origami olkalaukku on mukava kantaa, se on valmistettu 100% luomupuuvillasta. S\u00e4dett\u00e4v\u00e4 hihna.","og_url":"https:\/\/www.johannagullichsen.com\/fi\/tuote\/origami-laukku-l\/","og_site_name":"Johanna Gullichsen","article_modified_time":"2024-05-22T08:56:44+00:00","og_image":[{"width":1600,"height":1200,"url":"https:\/\/www.johannagullichsen.com\/wp-content\/uploads\/2024\/05\/Johanna-Gullichsen-Origami-L-Eos-black-2.jpg","type":"image\/jpeg"}],"twitter_card":"summary_large_image","twitter_misc":{"Arvioitu lukuaika":"1 minuutti"},"schema":{"@context":"https:\/\/schema.org","@graph":[{"@type":"WebPage","@id":"https:\/\/www.johannagullichsen.com\/fi\/tuote\/origami-laukku-l\/","url":"https:\/\/www.johannagullichsen.com\/fi\/tuote\/origami-laukku-l\/","name":"Origami-laukku L - Johanna Gullichsen","isPartOf":{"@id":"https:\/\/www.johannagullichsen.com\/fi\/#website"},"primaryImageOfPage":{"@id":"https:\/\/www.johannagullichsen.com\/fi\/tuote\/origami-laukku-l\/#primaryimage"},"image":{"@id":"https:\/\/www.johannagullichsen.com\/fi\/tuote\/origami-laukku-l\/#primaryimage"},"thumbnailUrl":"https:\/\/www.johannagullichsen.com\/wp-content\/uploads\/2024\/05\/johanna-Gullichsen-Origami-L.jpg","datePublished":"2024-05-20T06:38:15+00:00","dateModified":"2024-05-22T08:56:44+00:00","description":"Origami olkalaukku on mukava kantaa, se on valmistettu 100% luomupuuvillasta. S\u00e4dett\u00e4v\u00e4 hihna.","breadcrumb":{"@id":"https:\/\/www.johannagullichsen.com\/fi\/tuote\/origami-laukku-l\/#breadcrumb"},"inLanguage":"fi","potentialAction":[{"@type":"ReadAction","target":["https:\/\/www.johannagullichsen.com\/fi\/tuote\/origami-laukku-l\/"]}]},{"@type":"ImageObject","inLanguage":"fi","@id":"https:\/\/www.johannagullichsen.com\/fi\/tuote\/origami-laukku-l\/#primaryimage","url":"https:\/\/www.johannagullichsen.com\/wp-content\/uploads\/2024\/05\/johanna-Gullichsen-Origami-L.jpg","contentUrl":"https:\/\/www.johannagullichsen.com\/wp-content\/uploads\/2024\/05\/johanna-Gullichsen-Origami-L.jpg","width":1600,"height":1200},{"@type":"BreadcrumbList","@id":"https:\/\/www.johannagullichsen.com\/fi\/tuote\/origami-laukku-l\/#breadcrumb","itemListElement":[{"@type":"ListItem","position":1,"name":"Home","item":"https:\/\/www.johannagullichsen.com\/fi\/"},{"@type":"ListItem","position":2,"name":"Tuotteet ja verkkokauppa","item":"https:\/\/www.johannagullichsen.com\/fi\/tuotteet\/"},{"@type":"ListItem","position":3,"name":"Origami-laukku L"}]},{"@type":"WebSite","@id":"https:\/\/www.johannagullichsen.com\/fi\/#website","url":"https:\/\/www.johannagullichsen.com\/fi\/","name":"Johanna Gullichsen","description":"","potentialAction":[{"@type":"SearchAction","target":{"@type":"EntryPoint","urlTemplate":"https:\/\/www.johannagullichsen.com\/fi\/?s={search_term_string}"},"query-input":{"@type":"PropertyValueSpecification","valueRequired":true,"valueName":"search_term_string"}}],"inLanguage":"fi"}]}},"_links":{"self":[{"href":"https:\/\/www.johannagullichsen.com\/fi\/wp-json\/wp\/v2\/product\/23411","targetHints":{"allow":["GET"]}}],"collection":[{"href":"https:\/\/www.johannagullichsen.com\/fi\/wp-json\/wp\/v2\/product"}],"about":[{"href":"https:\/\/www.johannagullichsen.com\/fi\/wp-json\/wp\/v2\/types\/product"}],"wp:featuredmedia":[{"embeddable":true,"href":"https:\/\/www.johannagullichsen.com\/fi\/wp-json\/wp\/v2\/media\/26654"}],"wp:attachment":[{"href":"https:\/\/www.johannagullichsen.com\/fi\/wp-json\/wp\/v2\/media?parent=23411"}],"wp:term":[{"taxonomy":"product_brand","embeddable":true,"href":"https:\/\/www.johannagullichsen.com\/fi\/wp-json\/wp\/v2\/product_brand?post=23411"},{"taxonomy":"product_cat","embeddable":true,"href":"https:\/\/www.johannagullichsen.com\/fi\/wp-json\/wp\/v2\/product_cat?post=23411"},{"taxonomy":"product_tag","embeddable":true,"href":"https:\/\/www.johannagullichsen.com\/fi\/wp-json\/wp\/v2\/product_tag?post=23411"}],"curies":[{"name":"wp","href":"https:\/\/api.w.org\/{rel}","templated":true}]}}