{"id":23414,"date":"2024-05-20T09:38:46","date_gmt":"2024-05-20T06:38:46","guid":{"rendered":"https:\/\/www.johannagullichsen.com\/?post_type=product&#038;p=23414"},"modified":"2024-05-22T12:12:39","modified_gmt":"2024-05-22T09:12:39","slug":"origami-kukkaro-s","status":"publish","type":"product","link":"https:\/\/www.johannagullichsen.com\/fi\/tuote\/origami-kukkaro-s\/","title":{"rendered":"Origami-kukkaro S"},"content":{"rendered":"<p>Origami-kukkarossa voit pit\u00e4\u00e4 olennaiset tavarasi j\u00e4rjestyksess\u00e4. Sujauta se laukkuusi ja s\u00e4ilyt\u00e4 siell\u00e4 t\u00e4rkeimpi\u00e4 meikkej\u00e4, kuitteja, avaimia tai muita pieni\u00e4 esineit\u00e4. Pieni kukkaro varmistaa, ett\u00e4 kaikki tarpeellinen on aina k\u00e4den ulottuvilla. Origami-kukkaro on pienin kolmesta Origami-tuotteestamme; muut koot ovat <a href=\"https:\/\/www.johannagullichsen.com\/fi\/tuotteet\/laukut-asusteet\/origami-laukku-m\/\">Origami-laukku M<\/a> ja <a href=\"https:\/\/www.johannagullichsen.com\/fi\/tuotteet\/laukut-asusteet\/origami-laukku-l\/\">Origami-laukku L<\/a>.<\/p>\n","protected":false},"excerpt":{"rendered":"<p>Origami-kukkarossa voit pit\u00e4\u00e4 olennaiset tavarasi j\u00e4rjestyksess\u00e4. Sujauta se laukkuusi ja s\u00e4ilyt\u00e4 siell\u00e4 t\u00e4rkeimpi\u00e4 meikkej\u00e4, kuitteja, avaimia tai muita pieni\u00e4 esineit\u00e4. Pieni kukkaro varmistaa, ett\u00e4 kaikki tarpeellinen on aina k\u00e4den ulottuvilla.&hellip;<\/p>\n","protected":false},"featured_media":23371,"template":"","meta":{"_acf_changed":false},"product_brand":[],"product_cat":[192,1969],"product_tag":[],"class_list":{"0":"post-23414","1":"product","2":"type-product","3":"status-publish","4":"has-post-thumbnail","6":"product_cat-laukut-asusteet","7":"product_cat-kosmetiikkalaukut-ja-kukkarot","8":"pa_pattern-colour-doris-keltainen","9":"pa_pattern-colour-eos-musta","10":"pa_pattern-colour-helios-manteli","11":"pa_pattern-colour-nereus-brick-fi","12":"collection-normandie-2","14":"first","15":"instock","16":"taxable","17":"shipping-taxable","18":"purchasable","19":"product-type-variable"},"acf":[],"yoast_head":"<!-- This site is optimized with the Yoast SEO Premium plugin v27.2 (Yoast SEO v27.5) - https:\/\/yoast.com\/product\/yoast-seo-premium-wordpress\/ -->\n<title>Origami-kukkaro S - Johanna Gullichsen<\/title>\n<meta name=\"robots\" content=\"index, follow, max-snippet:-1, max-image-preview:large, max-video-preview:-1\" \/>\n<link rel=\"canonical\" href=\"https:\/\/www.johannagullichsen.com\/fi\/tuote\/origami-kukkaro-s\/\" \/>\n<meta property=\"og:locale\" content=\"fi_FI\" \/>\n<meta property=\"og:type\" content=\"article\" \/>\n<meta property=\"og:title\" content=\"Origami-kukkaro S\" \/>\n<meta property=\"og:description\" content=\"Origami-kukkarossa voit pit\u00e4\u00e4 olennaiset tavarasi j\u00e4rjestyksess\u00e4. Sujauta se laukkuusi ja s\u00e4ilyt\u00e4 siell\u00e4 t\u00e4rkeimpi\u00e4 meikkej\u00e4, kuitteja, avaimia tai muita pieni\u00e4 esineit\u00e4. Pieni kukkaro varmistaa, ett\u00e4 kaikki tarpeellinen on aina k\u00e4den ulottuvilla.&hellip;\" \/>\n<meta property=\"og:url\" content=\"https:\/\/www.johannagullichsen.com\/fi\/tuote\/origami-kukkaro-s\/\" \/>\n<meta property=\"og:site_name\" content=\"Johanna Gullichsen\" \/>\n<meta property=\"article:modified_time\" content=\"2024-05-22T09:12:39+00:00\" \/>\n<meta property=\"og:image\" content=\"https:\/\/www.johannagullichsen.com\/wp-content\/uploads\/2024\/05\/Johanna-Gullichsen-small-origami-purses.jpg\" \/>\n\t<meta property=\"og:image:width\" content=\"1600\" \/>\n\t<meta property=\"og:image:height\" content=\"1200\" \/>\n\t<meta property=\"og:image:type\" content=\"image\/jpeg\" \/>\n<meta name=\"twitter:card\" content=\"summary_large_image\" \/>\n<meta name=\"twitter:label1\" content=\"Arvioitu lukuaika\" \/>\n\t<meta name=\"twitter:data1\" content=\"1 minuutti\" \/>\n<script type=\"application\/ld+json\" class=\"yoast-schema-graph\">{\"@context\":\"https:\\\/\\\/schema.org\",\"@graph\":[{\"@type\":\"WebPage\",\"@id\":\"https:\\\/\\\/www.johannagullichsen.com\\\/fi\\\/tuote\\\/origami-kukkaro-s\\\/\",\"url\":\"https:\\\/\\\/www.johannagullichsen.com\\\/fi\\\/tuote\\\/origami-kukkaro-s\\\/\",\"name\":\"Origami-kukkaro S - Johanna Gullichsen\",\"isPartOf\":{\"@id\":\"https:\\\/\\\/www.johannagullichsen.com\\\/fi\\\/#website\"},\"primaryImageOfPage\":{\"@id\":\"https:\\\/\\\/www.johannagullichsen.com\\\/fi\\\/tuote\\\/origami-kukkaro-s\\\/#primaryimage\"},\"image\":{\"@id\":\"https:\\\/\\\/www.johannagullichsen.com\\\/fi\\\/tuote\\\/origami-kukkaro-s\\\/#primaryimage\"},\"thumbnailUrl\":\"https:\\\/\\\/www.johannagullichsen.com\\\/wp-content\\\/uploads\\\/2024\\\/05\\\/Johanna-Gullichsen-small-origami-purses.jpg\",\"datePublished\":\"2024-05-20T06:38:46+00:00\",\"dateModified\":\"2024-05-22T09:12:39+00:00\",\"breadcrumb\":{\"@id\":\"https:\\\/\\\/www.johannagullichsen.com\\\/fi\\\/tuote\\\/origami-kukkaro-s\\\/#breadcrumb\"},\"inLanguage\":\"fi\",\"potentialAction\":[{\"@type\":\"ReadAction\",\"target\":[\"https:\\\/\\\/www.johannagullichsen.com\\\/fi\\\/tuote\\\/origami-kukkaro-s\\\/\"]}]},{\"@type\":\"ImageObject\",\"inLanguage\":\"fi\",\"@id\":\"https:\\\/\\\/www.johannagullichsen.com\\\/fi\\\/tuote\\\/origami-kukkaro-s\\\/#primaryimage\",\"url\":\"https:\\\/\\\/www.johannagullichsen.com\\\/wp-content\\\/uploads\\\/2024\\\/05\\\/Johanna-Gullichsen-small-origami-purses.jpg\",\"contentUrl\":\"https:\\\/\\\/www.johannagullichsen.com\\\/wp-content\\\/uploads\\\/2024\\\/05\\\/Johanna-Gullichsen-small-origami-purses.jpg\",\"width\":1600,\"height\":1200},{\"@type\":\"BreadcrumbList\",\"@id\":\"https:\\\/\\\/www.johannagullichsen.com\\\/fi\\\/tuote\\\/origami-kukkaro-s\\\/#breadcrumb\",\"itemListElement\":[{\"@type\":\"ListItem\",\"position\":1,\"name\":\"Home\",\"item\":\"https:\\\/\\\/www.johannagullichsen.com\\\/fi\\\/\"},{\"@type\":\"ListItem\",\"position\":2,\"name\":\"Tuotteet ja verkkokauppa\",\"item\":\"https:\\\/\\\/www.johannagullichsen.com\\\/fi\\\/tuotteet\\\/\"},{\"@type\":\"ListItem\",\"position\":3,\"name\":\"Origami-kukkaro S\"}]},{\"@type\":\"WebSite\",\"@id\":\"https:\\\/\\\/www.johannagullichsen.com\\\/fi\\\/#website\",\"url\":\"https:\\\/\\\/www.johannagullichsen.com\\\/fi\\\/\",\"name\":\"Johanna Gullichsen\",\"description\":\"\",\"potentialAction\":[{\"@type\":\"SearchAction\",\"target\":{\"@type\":\"EntryPoint\",\"urlTemplate\":\"https:\\\/\\\/www.johannagullichsen.com\\\/fi\\\/?s={search_term_string}\"},\"query-input\":{\"@type\":\"PropertyValueSpecification\",\"valueRequired\":true,\"valueName\":\"search_term_string\"}}],\"inLanguage\":\"fi\"}]}<\/script>\n<!-- \/ Yoast SEO Premium plugin. -->","yoast_head_json":{"title":"Origami-kukkaro S - Johanna Gullichsen","robots":{"index":"index","follow":"follow","max-snippet":"max-snippet:-1","max-image-preview":"max-image-preview:large","max-video-preview":"max-video-preview:-1"},"canonical":"https:\/\/www.johannagullichsen.com\/fi\/tuote\/origami-kukkaro-s\/","og_locale":"fi_FI","og_type":"article","og_title":"Origami-kukkaro S","og_description":"Origami-kukkarossa voit pit\u00e4\u00e4 olennaiset tavarasi j\u00e4rjestyksess\u00e4. Sujauta se laukkuusi ja s\u00e4ilyt\u00e4 siell\u00e4 t\u00e4rkeimpi\u00e4 meikkej\u00e4, kuitteja, avaimia tai muita pieni\u00e4 esineit\u00e4. Pieni kukkaro varmistaa, ett\u00e4 kaikki tarpeellinen on aina k\u00e4den ulottuvilla.&hellip;","og_url":"https:\/\/www.johannagullichsen.com\/fi\/tuote\/origami-kukkaro-s\/","og_site_name":"Johanna Gullichsen","article_modified_time":"2024-05-22T09:12:39+00:00","og_image":[{"width":1600,"height":1200,"url":"https:\/\/www.johannagullichsen.com\/wp-content\/uploads\/2024\/05\/Johanna-Gullichsen-small-origami-purses.jpg","type":"image\/jpeg"}],"twitter_card":"summary_large_image","twitter_misc":{"Arvioitu lukuaika":"1 minuutti"},"schema":{"@context":"https:\/\/schema.org","@graph":[{"@type":"WebPage","@id":"https:\/\/www.johannagullichsen.com\/fi\/tuote\/origami-kukkaro-s\/","url":"https:\/\/www.johannagullichsen.com\/fi\/tuote\/origami-kukkaro-s\/","name":"Origami-kukkaro S - Johanna Gullichsen","isPartOf":{"@id":"https:\/\/www.johannagullichsen.com\/fi\/#website"},"primaryImageOfPage":{"@id":"https:\/\/www.johannagullichsen.com\/fi\/tuote\/origami-kukkaro-s\/#primaryimage"},"image":{"@id":"https:\/\/www.johannagullichsen.com\/fi\/tuote\/origami-kukkaro-s\/#primaryimage"},"thumbnailUrl":"https:\/\/www.johannagullichsen.com\/wp-content\/uploads\/2024\/05\/Johanna-Gullichsen-small-origami-purses.jpg","datePublished":"2024-05-20T06:38:46+00:00","dateModified":"2024-05-22T09:12:39+00:00","breadcrumb":{"@id":"https:\/\/www.johannagullichsen.com\/fi\/tuote\/origami-kukkaro-s\/#breadcrumb"},"inLanguage":"fi","potentialAction":[{"@type":"ReadAction","target":["https:\/\/www.johannagullichsen.com\/fi\/tuote\/origami-kukkaro-s\/"]}]},{"@type":"ImageObject","inLanguage":"fi","@id":"https:\/\/www.johannagullichsen.com\/fi\/tuote\/origami-kukkaro-s\/#primaryimage","url":"https:\/\/www.johannagullichsen.com\/wp-content\/uploads\/2024\/05\/Johanna-Gullichsen-small-origami-purses.jpg","contentUrl":"https:\/\/www.johannagullichsen.com\/wp-content\/uploads\/2024\/05\/Johanna-Gullichsen-small-origami-purses.jpg","width":1600,"height":1200},{"@type":"BreadcrumbList","@id":"https:\/\/www.johannagullichsen.com\/fi\/tuote\/origami-kukkaro-s\/#breadcrumb","itemListElement":[{"@type":"ListItem","position":1,"name":"Home","item":"https:\/\/www.johannagullichsen.com\/fi\/"},{"@type":"ListItem","position":2,"name":"Tuotteet ja verkkokauppa","item":"https:\/\/www.johannagullichsen.com\/fi\/tuotteet\/"},{"@type":"ListItem","position":3,"name":"Origami-kukkaro S"}]},{"@type":"WebSite","@id":"https:\/\/www.johannagullichsen.com\/fi\/#website","url":"https:\/\/www.johannagullichsen.com\/fi\/","name":"Johanna Gullichsen","description":"","potentialAction":[{"@type":"SearchAction","target":{"@type":"EntryPoint","urlTemplate":"https:\/\/www.johannagullichsen.com\/fi\/?s={search_term_string}"},"query-input":{"@type":"PropertyValueSpecification","valueRequired":true,"valueName":"search_term_string"}}],"inLanguage":"fi"}]}},"_links":{"self":[{"href":"https:\/\/www.johannagullichsen.com\/fi\/wp-json\/wp\/v2\/product\/23414","targetHints":{"allow":["GET"]}}],"collection":[{"href":"https:\/\/www.johannagullichsen.com\/fi\/wp-json\/wp\/v2\/product"}],"about":[{"href":"https:\/\/www.johannagullichsen.com\/fi\/wp-json\/wp\/v2\/types\/product"}],"wp:featuredmedia":[{"embeddable":true,"href":"https:\/\/www.johannagullichsen.com\/fi\/wp-json\/wp\/v2\/media\/23371"}],"wp:attachment":[{"href":"https:\/\/www.johannagullichsen.com\/fi\/wp-json\/wp\/v2\/media?parent=23414"}],"wp:term":[{"taxonomy":"product_brand","embeddable":true,"href":"https:\/\/www.johannagullichsen.com\/fi\/wp-json\/wp\/v2\/product_brand?post=23414"},{"taxonomy":"product_cat","embeddable":true,"href":"https:\/\/www.johannagullichsen.com\/fi\/wp-json\/wp\/v2\/product_cat?post=23414"},{"taxonomy":"product_tag","embeddable":true,"href":"https:\/\/www.johannagullichsen.com\/fi\/wp-json\/wp\/v2\/product_tag?post=23414"}],"curies":[{"name":"wp","href":"https:\/\/api.w.org\/{rel}","templated":true}]}}