{"id":29072,"date":"2025-10-06T16:14:16","date_gmt":"2025-10-06T13:14:16","guid":{"rendered":"https:\/\/www.johannagullichsen.com\/?post_type=product&#038;p=29072"},"modified":"2026-04-16T12:44:02","modified_gmt":"2026-04-16T09:44:02","slug":"29072","status":"publish","type":"product","link":"https:\/\/www.johannagullichsen.com\/fi\/tuote\/29072\/","title":{"rendered":"Tyynynp\u00e4\u00e4llinen Normandie 68 x 50 cm"},"content":{"rendered":"<h3>Lis\u00e4\u00e4 v\u00e4ri\u00e4 ja ilmett\u00e4 kotiisi<\/h3>\n<p>Laadukkaasta ja tukevasta Normandie-puuvillakankaasta valmistettu p\u00e4\u00e4llinen yhdist\u00e4\u00e4 tyylin ja k\u00e4yt\u00e4nn\u00f6llisyyden. Vetoketjun ansiosta se on helppo irrottaa ja pest\u00e4. Reilunkokoinen tyyny tarjoaa monipuolisia mahdollisuuksia: se toimii n\u00e4ytt\u00e4v\u00e4n\u00e4 osana petausta, tukee mukavasti sel\u00e4n takana lukuhetkell\u00e4 ja viimeistelee huoneen tunnelman tyylikk\u00e4\u00e4ll\u00e4 tavalla.<\/p>\n<p>V\u00e4rj\u00e4tty, kudottu ja ommeltu Suomessa.<\/p>\n<p>Muut koot: <a href=\"https:\/\/www.johannagullichsen.com\/fi\/tuote\/tyynynpaallinen-normandie-40cm-x-40cm\/\">40 x 40 cm<\/a> , <a href=\"https:\/\/www.johannagullichsen.com\/fi\/tuote\/tyynynpaallinen-normandie-30cm-x-50cm\/\">30 x 50 cm<\/a> , <a href=\"https:\/\/www.johannagullichsen.com\/fi\/tuote\/tyynynpaallinen-normandie-50cm-x-50cm\/\">50 x 50 cm<\/a><\/p>\n<p>&nbsp;<\/p>\n","protected":false},"excerpt":{"rendered":"<p>Lis\u00e4\u00e4 v\u00e4ri\u00e4 ja ilmett\u00e4 kotiisi Laadukkaasta ja tukevasta Normandie-puuvillakankaasta valmistettu p\u00e4\u00e4llinen yhdist\u00e4\u00e4 tyylin ja k\u00e4yt\u00e4nn\u00f6llisyyden. Vetoketjun ansiosta se on helppo irrottaa ja pest\u00e4. Reilunkokoinen tyyny tarjoaa monipuolisia mahdollisuuksia: se toimii&hellip;<\/p>\n","protected":false},"featured_media":28941,"template":"","meta":{"_acf_changed":false},"product_brand":[],"product_cat":[1974,196,193],"product_tag":[],"class_list":{"0":"post-29072","1":"product","2":"type-product","3":"status-publish","4":"has-post-thumbnail","6":"product_cat-tyynyt-ja-filtit","7":"product_cat-kotiin","8":"product_cat-paivapeitot-ja-sangynpaadyt","9":"pa_pattern-colour-doris-keltainen","10":"pa_pattern-colour-tithonus-black-fi","11":"pa_pattern-colour-eos-sininen","12":"pa_pattern-colour-tithonus-lead-fi","13":"pa_pattern-colour-helios-tiili","14":"pa_pattern-colour-helios-lime-fi","15":"pa_pattern-colour-helios-tummansininen","16":"pa_pattern-colour-helios-lime-negative-fi","17":"pa_pattern-colour-helios-tumma-viininpunainen","18":"pa_pattern-colour-tilkku-musta","19":"pa_pattern-colour-helios-dark-green-fi","20":"pa_pattern-colour-selene-sininen","21":"pa_pattern-colour-helios-lyijy","22":"pa_pattern-colour-helios-lead-negative-fi","23":"pa_pattern-colour-doris-cirrus","24":"pa_pattern-colour-helios-okra","25":"pa_pattern-colour-doris-musta-fi","26":"pa_pattern-colour-nereus-black-fi","27":"pa_pattern-colour-doris-lyijy","28":"pa_pattern-colour-nereus-tummanvihrea","29":"collection-normandie-2","31":"first","32":"instock","33":"taxable","34":"shipping-taxable","35":"purchasable","36":"product-type-variable"},"acf":[],"yoast_head":"<!-- This site is optimized with the Yoast SEO Premium plugin v27.2 (Yoast SEO v27.2) - https:\/\/yoast.com\/product\/yoast-seo-premium-wordpress\/ -->\n<title>Tyynynp\u00e4\u00e4llinen Normandie 68 x 50 cm - Johanna Gullichsen<\/title>\n<meta name=\"description\" content=\"Normandie-malliston sisustustyyny on laadukas ja pest\u00e4v\u00e4. \u00a0Reilunkokoinen tyyny sopii niin sohvalle kuin petaukseen. 100% luomupuuvilla.\" \/>\n<meta name=\"robots\" content=\"index, follow, max-snippet:-1, max-image-preview:large, max-video-preview:-1\" \/>\n<link rel=\"canonical\" href=\"https:\/\/www.johannagullichsen.com\/fi\/tuote\/29072\/\" \/>\n<meta property=\"og:locale\" content=\"fi_FI\" \/>\n<meta property=\"og:type\" content=\"article\" \/>\n<meta property=\"og:title\" content=\"Tyynynp\u00e4\u00e4llinen Normandie 68 x 50 cm\" \/>\n<meta property=\"og:description\" content=\"Normandie-malliston sisustustyyny on laadukas ja pest\u00e4v\u00e4. \u00a0Reilunkokoinen tyyny sopii niin sohvalle kuin petaukseen. 100% luomupuuvilla.\" \/>\n<meta property=\"og:url\" content=\"https:\/\/www.johannagullichsen.com\/fi\/tuote\/29072\/\" \/>\n<meta property=\"og:site_name\" content=\"Johanna Gullichsen\" \/>\n<meta property=\"article:modified_time\" content=\"2026-04-16T09:44:02+00:00\" \/>\n<meta property=\"og:image\" content=\"https:\/\/www.johannagullichsen.com\/wp-content\/uploads\/2025\/10\/Johanna-Gullichsen-Cushion-Cover-50x70-Eos-blue-Helios-lime-nega-Helios-brick-1.jpg\" \/>\n\t<meta property=\"og:image:width\" content=\"1600\" \/>\n\t<meta property=\"og:image:height\" content=\"1200\" \/>\n\t<meta property=\"og:image:type\" content=\"image\/jpeg\" \/>\n<meta name=\"twitter:card\" content=\"summary_large_image\" \/>\n<meta name=\"twitter:label1\" content=\"Arvioitu lukuaika\" \/>\n\t<meta name=\"twitter:data1\" content=\"1 minuutti\" \/>\n<script type=\"application\/ld+json\" class=\"yoast-schema-graph\">{\"@context\":\"https:\/\/schema.org\",\"@graph\":[{\"@type\":\"WebPage\",\"@id\":\"https:\/\/www.johannagullichsen.com\/fi\/tuote\/29072\/\",\"url\":\"https:\/\/www.johannagullichsen.com\/fi\/tuote\/29072\/\",\"name\":\"Tyynynp\u00e4\u00e4llinen Normandie 68 x 50 cm - Johanna Gullichsen\",\"isPartOf\":{\"@id\":\"https:\/\/www.johannagullichsen.com\/fi\/#website\"},\"primaryImageOfPage\":{\"@id\":\"https:\/\/www.johannagullichsen.com\/fi\/tuote\/29072\/#primaryimage\"},\"image\":{\"@id\":\"https:\/\/www.johannagullichsen.com\/fi\/tuote\/29072\/#primaryimage\"},\"thumbnailUrl\":\"https:\/\/www.johannagullichsen.com\/wp-content\/uploads\/2025\/10\/Johanna-Gullichsen-Cushion-Cover-50x70-Eos-blue-Helios-lime-nega-Helios-brick-1.jpg\",\"datePublished\":\"2025-10-06T13:14:16+00:00\",\"dateModified\":\"2026-04-16T09:44:02+00:00\",\"description\":\"Normandie-malliston sisustustyyny on laadukas ja pest\u00e4v\u00e4. \u00a0Reilunkokoinen tyyny sopii niin sohvalle kuin petaukseen. 100% luomupuuvilla.\",\"breadcrumb\":{\"@id\":\"https:\/\/www.johannagullichsen.com\/fi\/tuote\/29072\/#breadcrumb\"},\"inLanguage\":\"fi\",\"potentialAction\":[{\"@type\":\"ReadAction\",\"target\":[\"https:\/\/www.johannagullichsen.com\/fi\/tuote\/29072\/\"]}]},{\"@type\":\"ImageObject\",\"inLanguage\":\"fi\",\"@id\":\"https:\/\/www.johannagullichsen.com\/fi\/tuote\/29072\/#primaryimage\",\"url\":\"https:\/\/www.johannagullichsen.com\/wp-content\/uploads\/2025\/10\/Johanna-Gullichsen-Cushion-Cover-50x70-Eos-blue-Helios-lime-nega-Helios-brick-1.jpg\",\"contentUrl\":\"https:\/\/www.johannagullichsen.com\/wp-content\/uploads\/2025\/10\/Johanna-Gullichsen-Cushion-Cover-50x70-Eos-blue-Helios-lime-nega-Helios-brick-1.jpg\",\"width\":1600,\"height\":1200},{\"@type\":\"BreadcrumbList\",\"@id\":\"https:\/\/www.johannagullichsen.com\/fi\/tuote\/29072\/#breadcrumb\",\"itemListElement\":[{\"@type\":\"ListItem\",\"position\":1,\"name\":\"Home\",\"item\":\"https:\/\/www.johannagullichsen.com\/fi\/\"},{\"@type\":\"ListItem\",\"position\":2,\"name\":\"Tuotteet ja verkkokauppa\",\"item\":\"https:\/\/www.johannagullichsen.com\/fi\/tuotteet\/\"},{\"@type\":\"ListItem\",\"position\":3,\"name\":\"Tyynynp\u00e4\u00e4llinen Normandie 68 x 50 cm\"}]},{\"@type\":\"WebSite\",\"@id\":\"https:\/\/www.johannagullichsen.com\/fi\/#website\",\"url\":\"https:\/\/www.johannagullichsen.com\/fi\/\",\"name\":\"Johanna Gullichsen\",\"description\":\"\",\"potentialAction\":[{\"@type\":\"SearchAction\",\"target\":{\"@type\":\"EntryPoint\",\"urlTemplate\":\"https:\/\/www.johannagullichsen.com\/fi\/?s={search_term_string}\"},\"query-input\":{\"@type\":\"PropertyValueSpecification\",\"valueRequired\":true,\"valueName\":\"search_term_string\"}}],\"inLanguage\":\"fi\"}]}<\/script>\n<!-- \/ Yoast SEO Premium plugin. -->","yoast_head_json":{"title":"Tyynynp\u00e4\u00e4llinen Normandie 68 x 50 cm - Johanna Gullichsen","description":"Normandie-malliston sisustustyyny on laadukas ja pest\u00e4v\u00e4. \u00a0Reilunkokoinen tyyny sopii niin sohvalle kuin petaukseen. 100% luomupuuvilla.","robots":{"index":"index","follow":"follow","max-snippet":"max-snippet:-1","max-image-preview":"max-image-preview:large","max-video-preview":"max-video-preview:-1"},"canonical":"https:\/\/www.johannagullichsen.com\/fi\/tuote\/29072\/","og_locale":"fi_FI","og_type":"article","og_title":"Tyynynp\u00e4\u00e4llinen Normandie 68 x 50 cm","og_description":"Normandie-malliston sisustustyyny on laadukas ja pest\u00e4v\u00e4. \u00a0Reilunkokoinen tyyny sopii niin sohvalle kuin petaukseen. 100% luomupuuvilla.","og_url":"https:\/\/www.johannagullichsen.com\/fi\/tuote\/29072\/","og_site_name":"Johanna Gullichsen","article_modified_time":"2026-04-16T09:44:02+00:00","og_image":[{"width":1600,"height":1200,"url":"https:\/\/www.johannagullichsen.com\/wp-content\/uploads\/2025\/10\/Johanna-Gullichsen-Cushion-Cover-50x70-Eos-blue-Helios-lime-nega-Helios-brick-1.jpg","type":"image\/jpeg"}],"twitter_card":"summary_large_image","twitter_misc":{"Arvioitu lukuaika":"1 minuutti"},"schema":{"@context":"https:\/\/schema.org","@graph":[{"@type":"WebPage","@id":"https:\/\/www.johannagullichsen.com\/fi\/tuote\/29072\/","url":"https:\/\/www.johannagullichsen.com\/fi\/tuote\/29072\/","name":"Tyynynp\u00e4\u00e4llinen Normandie 68 x 50 cm - Johanna Gullichsen","isPartOf":{"@id":"https:\/\/www.johannagullichsen.com\/fi\/#website"},"primaryImageOfPage":{"@id":"https:\/\/www.johannagullichsen.com\/fi\/tuote\/29072\/#primaryimage"},"image":{"@id":"https:\/\/www.johannagullichsen.com\/fi\/tuote\/29072\/#primaryimage"},"thumbnailUrl":"https:\/\/www.johannagullichsen.com\/wp-content\/uploads\/2025\/10\/Johanna-Gullichsen-Cushion-Cover-50x70-Eos-blue-Helios-lime-nega-Helios-brick-1.jpg","datePublished":"2025-10-06T13:14:16+00:00","dateModified":"2026-04-16T09:44:02+00:00","description":"Normandie-malliston sisustustyyny on laadukas ja pest\u00e4v\u00e4. \u00a0Reilunkokoinen tyyny sopii niin sohvalle kuin petaukseen. 100% luomupuuvilla.","breadcrumb":{"@id":"https:\/\/www.johannagullichsen.com\/fi\/tuote\/29072\/#breadcrumb"},"inLanguage":"fi","potentialAction":[{"@type":"ReadAction","target":["https:\/\/www.johannagullichsen.com\/fi\/tuote\/29072\/"]}]},{"@type":"ImageObject","inLanguage":"fi","@id":"https:\/\/www.johannagullichsen.com\/fi\/tuote\/29072\/#primaryimage","url":"https:\/\/www.johannagullichsen.com\/wp-content\/uploads\/2025\/10\/Johanna-Gullichsen-Cushion-Cover-50x70-Eos-blue-Helios-lime-nega-Helios-brick-1.jpg","contentUrl":"https:\/\/www.johannagullichsen.com\/wp-content\/uploads\/2025\/10\/Johanna-Gullichsen-Cushion-Cover-50x70-Eos-blue-Helios-lime-nega-Helios-brick-1.jpg","width":1600,"height":1200},{"@type":"BreadcrumbList","@id":"https:\/\/www.johannagullichsen.com\/fi\/tuote\/29072\/#breadcrumb","itemListElement":[{"@type":"ListItem","position":1,"name":"Home","item":"https:\/\/www.johannagullichsen.com\/fi\/"},{"@type":"ListItem","position":2,"name":"Tuotteet ja verkkokauppa","item":"https:\/\/www.johannagullichsen.com\/fi\/tuotteet\/"},{"@type":"ListItem","position":3,"name":"Tyynynp\u00e4\u00e4llinen Normandie 68 x 50 cm"}]},{"@type":"WebSite","@id":"https:\/\/www.johannagullichsen.com\/fi\/#website","url":"https:\/\/www.johannagullichsen.com\/fi\/","name":"Johanna Gullichsen","description":"","potentialAction":[{"@type":"SearchAction","target":{"@type":"EntryPoint","urlTemplate":"https:\/\/www.johannagullichsen.com\/fi\/?s={search_term_string}"},"query-input":{"@type":"PropertyValueSpecification","valueRequired":true,"valueName":"search_term_string"}}],"inLanguage":"fi"}]}},"_links":{"self":[{"href":"https:\/\/www.johannagullichsen.com\/fi\/wp-json\/wp\/v2\/product\/29072","targetHints":{"allow":["GET"]}}],"collection":[{"href":"https:\/\/www.johannagullichsen.com\/fi\/wp-json\/wp\/v2\/product"}],"about":[{"href":"https:\/\/www.johannagullichsen.com\/fi\/wp-json\/wp\/v2\/types\/product"}],"wp:featuredmedia":[{"embeddable":true,"href":"https:\/\/www.johannagullichsen.com\/fi\/wp-json\/wp\/v2\/media\/28941"}],"wp:attachment":[{"href":"https:\/\/www.johannagullichsen.com\/fi\/wp-json\/wp\/v2\/media?parent=29072"}],"wp:term":[{"taxonomy":"product_brand","embeddable":true,"href":"https:\/\/www.johannagullichsen.com\/fi\/wp-json\/wp\/v2\/product_brand?post=29072"},{"taxonomy":"product_cat","embeddable":true,"href":"https:\/\/www.johannagullichsen.com\/fi\/wp-json\/wp\/v2\/product_cat?post=29072"},{"taxonomy":"product_tag","embeddable":true,"href":"https:\/\/www.johannagullichsen.com\/fi\/wp-json\/wp\/v2\/product_tag?post=29072"}],"curies":[{"name":"wp","href":"https:\/\/api.w.org\/{rel}","templated":true}]}}