{"id":29198,"date":"2025-11-07T09:01:55","date_gmt":"2025-11-07T07:01:55","guid":{"rendered":"https:\/\/www.johannagullichsen.com\/?post_type=product&#038;p=29198"},"modified":"2025-11-11T12:42:50","modified_gmt":"2025-11-11T10:42:50","slug":"juliste-sock-stack","status":"publish","type":"product","link":"https:\/\/www.johannagullichsen.com\/fi\/tuote\/juliste-sock-stack\/","title":{"rendered":"Juliste Sock Stack"},"content":{"rendered":"<p>Sock Stack -julisteen on suunnitellut Johanna Gullichsenin tiimin j\u00e4sen, tekstiili- ja pintasuunnittelija\u00a0 Nora Bremer. &#8221;Sock Stack syntyi, kun olin tekem\u00e4ss\u00e4 myym\u00e4l\u00e4n esillepanoa. Doris-kuvion v\u00e4\u00e4ristyminen sukkapinoissa loi uuden kuvion, joka muutti alkuper\u00e4iset suorat, kudotut viivat pehme\u00e4mmiksi ja ep\u00e4s\u00e4\u00e4nn\u00f6llisiksi&#8221; Nora kertoo ty\u00f6st\u00e4\u00e4n.<\/p>\n<p>Sock Stack -julisteita on rajoitettu 50 kappaleen er\u00e4. Jokainen juliste on yksil\u00f6llisesti numeroitu. Juliste on painettu korkealaatuiselle luonnonvalkoiselle hamppupaperille. Sen kevyesti kuvioitu pinta tuntuu miellytt\u00e4v\u00e4n silkkiselt\u00e4. Juliste on painettu Suomessa. Huomioi, ett\u00e4 kehys ei kuulu hintaan.<\/p>\n","protected":false},"excerpt":{"rendered":"<p>Sock Stack -julisteen on suunnitellut Johanna Gullichsenin tiimin j\u00e4sen, tekstiili- ja pintasuunnittelija\u00a0 Nora Bremer. &#8221;Sock Stack syntyi, kun olin tekem\u00e4ss\u00e4 myym\u00e4l\u00e4n esillepanoa. Doris-kuvion v\u00e4\u00e4ristyminen sukkapinoissa loi uuden kuvion, joka muutti&hellip;<\/p>\n","protected":false},"featured_media":29205,"template":"","meta":{"_acf_changed":false},"product_brand":[],"product_cat":[196,2067],"product_tag":[],"class_list":{"0":"post-29198","1":"product","2":"type-product","3":"status-publish","4":"has-post-thumbnail","6":"product_cat-kotiin","7":"product_cat-julisteet","8":"collection-normandie-2","10":"first","11":"instock","12":"taxable","13":"shipping-taxable","14":"purchasable","15":"product-type-simple"},"acf":[],"yoast_head":"<!-- This site is optimized with the Yoast SEO Premium plugin v27.2 (Yoast SEO v27.5) - https:\/\/yoast.com\/product\/yoast-seo-premium-wordpress\/ -->\n<title>Juliste Sock Stack - Johanna Gullichsen<\/title>\n<meta name=\"robots\" content=\"index, follow, max-snippet:-1, max-image-preview:large, max-video-preview:-1\" \/>\n<link rel=\"canonical\" href=\"https:\/\/www.johannagullichsen.com\/fi\/tuote\/juliste-sock-stack\/\" \/>\n<meta property=\"og:locale\" content=\"fi_FI\" \/>\n<meta property=\"og:type\" content=\"article\" \/>\n<meta property=\"og:title\" content=\"Juliste Sock Stack\" \/>\n<meta property=\"og:description\" content=\"Sock Stack -julisteen on suunnitellut Johanna Gullichsenin tiimin j\u00e4sen, tekstiili- ja pintasuunnittelija\u00a0 Nora Bremer. &#8221;Sock Stack syntyi, kun olin tekem\u00e4ss\u00e4 myym\u00e4l\u00e4n esillepanoa. Doris-kuvion v\u00e4\u00e4ristyminen sukkapinoissa loi uuden kuvion, joka muutti&hellip;\" \/>\n<meta property=\"og:url\" content=\"https:\/\/www.johannagullichsen.com\/fi\/tuote\/juliste-sock-stack\/\" \/>\n<meta property=\"og:site_name\" content=\"Johanna Gullichsen\" \/>\n<meta property=\"article:modified_time\" content=\"2025-11-11T10:42:50+00:00\" \/>\n<meta property=\"og:image\" content=\"https:\/\/www.johannagullichsen.com\/wp-content\/uploads\/2025\/11\/sockposter_NB_web.jpg\" \/>\n\t<meta property=\"og:image:width\" content=\"1600\" \/>\n\t<meta property=\"og:image:height\" content=\"1200\" \/>\n\t<meta property=\"og:image:type\" content=\"image\/jpeg\" \/>\n<meta name=\"twitter:card\" content=\"summary_large_image\" \/>\n<meta name=\"twitter:label1\" content=\"Arvioitu lukuaika\" \/>\n\t<meta name=\"twitter:data1\" content=\"1 minuutti\" \/>\n<script type=\"application\/ld+json\" class=\"yoast-schema-graph\">{\"@context\":\"https:\\\/\\\/schema.org\",\"@graph\":[{\"@type\":\"WebPage\",\"@id\":\"https:\\\/\\\/www.johannagullichsen.com\\\/fi\\\/tuote\\\/juliste-sock-stack\\\/\",\"url\":\"https:\\\/\\\/www.johannagullichsen.com\\\/fi\\\/tuote\\\/juliste-sock-stack\\\/\",\"name\":\"Juliste Sock Stack - Johanna Gullichsen\",\"isPartOf\":{\"@id\":\"https:\\\/\\\/www.johannagullichsen.com\\\/fi\\\/#website\"},\"primaryImageOfPage\":{\"@id\":\"https:\\\/\\\/www.johannagullichsen.com\\\/fi\\\/tuote\\\/juliste-sock-stack\\\/#primaryimage\"},\"image\":{\"@id\":\"https:\\\/\\\/www.johannagullichsen.com\\\/fi\\\/tuote\\\/juliste-sock-stack\\\/#primaryimage\"},\"thumbnailUrl\":\"https:\\\/\\\/www.johannagullichsen.com\\\/wp-content\\\/uploads\\\/2025\\\/11\\\/Sock-stack-poster-table-2-NB.jpg\",\"datePublished\":\"2025-11-07T07:01:55+00:00\",\"dateModified\":\"2025-11-11T10:42:50+00:00\",\"breadcrumb\":{\"@id\":\"https:\\\/\\\/www.johannagullichsen.com\\\/fi\\\/tuote\\\/juliste-sock-stack\\\/#breadcrumb\"},\"inLanguage\":\"fi\",\"potentialAction\":[{\"@type\":\"ReadAction\",\"target\":[\"https:\\\/\\\/www.johannagullichsen.com\\\/fi\\\/tuote\\\/juliste-sock-stack\\\/\"]}]},{\"@type\":\"ImageObject\",\"inLanguage\":\"fi\",\"@id\":\"https:\\\/\\\/www.johannagullichsen.com\\\/fi\\\/tuote\\\/juliste-sock-stack\\\/#primaryimage\",\"url\":\"https:\\\/\\\/www.johannagullichsen.com\\\/wp-content\\\/uploads\\\/2025\\\/11\\\/Sock-stack-poster-table-2-NB.jpg\",\"contentUrl\":\"https:\\\/\\\/www.johannagullichsen.com\\\/wp-content\\\/uploads\\\/2025\\\/11\\\/Sock-stack-poster-table-2-NB.jpg\",\"width\":1600,\"height\":1200},{\"@type\":\"BreadcrumbList\",\"@id\":\"https:\\\/\\\/www.johannagullichsen.com\\\/fi\\\/tuote\\\/juliste-sock-stack\\\/#breadcrumb\",\"itemListElement\":[{\"@type\":\"ListItem\",\"position\":1,\"name\":\"Home\",\"item\":\"https:\\\/\\\/www.johannagullichsen.com\\\/fi\\\/\"},{\"@type\":\"ListItem\",\"position\":2,\"name\":\"Tuotteet ja verkkokauppa\",\"item\":\"https:\\\/\\\/www.johannagullichsen.com\\\/fi\\\/tuotteet\\\/\"},{\"@type\":\"ListItem\",\"position\":3,\"name\":\"Juliste Sock Stack\"}]},{\"@type\":\"WebSite\",\"@id\":\"https:\\\/\\\/www.johannagullichsen.com\\\/fi\\\/#website\",\"url\":\"https:\\\/\\\/www.johannagullichsen.com\\\/fi\\\/\",\"name\":\"Johanna Gullichsen\",\"description\":\"\",\"potentialAction\":[{\"@type\":\"SearchAction\",\"target\":{\"@type\":\"EntryPoint\",\"urlTemplate\":\"https:\\\/\\\/www.johannagullichsen.com\\\/fi\\\/?s={search_term_string}\"},\"query-input\":{\"@type\":\"PropertyValueSpecification\",\"valueRequired\":true,\"valueName\":\"search_term_string\"}}],\"inLanguage\":\"fi\"}]}<\/script>\n<!-- \/ Yoast SEO Premium plugin. -->","yoast_head_json":{"title":"Juliste Sock Stack - Johanna Gullichsen","robots":{"index":"index","follow":"follow","max-snippet":"max-snippet:-1","max-image-preview":"max-image-preview:large","max-video-preview":"max-video-preview:-1"},"canonical":"https:\/\/www.johannagullichsen.com\/fi\/tuote\/juliste-sock-stack\/","og_locale":"fi_FI","og_type":"article","og_title":"Juliste Sock Stack","og_description":"Sock Stack -julisteen on suunnitellut Johanna Gullichsenin tiimin j\u00e4sen, tekstiili- ja pintasuunnittelija\u00a0 Nora Bremer. &#8221;Sock Stack syntyi, kun olin tekem\u00e4ss\u00e4 myym\u00e4l\u00e4n esillepanoa. Doris-kuvion v\u00e4\u00e4ristyminen sukkapinoissa loi uuden kuvion, joka muutti&hellip;","og_url":"https:\/\/www.johannagullichsen.com\/fi\/tuote\/juliste-sock-stack\/","og_site_name":"Johanna Gullichsen","article_modified_time":"2025-11-11T10:42:50+00:00","og_image":[{"width":1600,"height":1200,"url":"https:\/\/www.johannagullichsen.com\/wp-content\/uploads\/2025\/11\/sockposter_NB_web.jpg","type":"image\/jpeg"}],"twitter_card":"summary_large_image","twitter_misc":{"Arvioitu lukuaika":"1 minuutti"},"schema":{"@context":"https:\/\/schema.org","@graph":[{"@type":"WebPage","@id":"https:\/\/www.johannagullichsen.com\/fi\/tuote\/juliste-sock-stack\/","url":"https:\/\/www.johannagullichsen.com\/fi\/tuote\/juliste-sock-stack\/","name":"Juliste Sock Stack - Johanna Gullichsen","isPartOf":{"@id":"https:\/\/www.johannagullichsen.com\/fi\/#website"},"primaryImageOfPage":{"@id":"https:\/\/www.johannagullichsen.com\/fi\/tuote\/juliste-sock-stack\/#primaryimage"},"image":{"@id":"https:\/\/www.johannagullichsen.com\/fi\/tuote\/juliste-sock-stack\/#primaryimage"},"thumbnailUrl":"https:\/\/www.johannagullichsen.com\/wp-content\/uploads\/2025\/11\/Sock-stack-poster-table-2-NB.jpg","datePublished":"2025-11-07T07:01:55+00:00","dateModified":"2025-11-11T10:42:50+00:00","breadcrumb":{"@id":"https:\/\/www.johannagullichsen.com\/fi\/tuote\/juliste-sock-stack\/#breadcrumb"},"inLanguage":"fi","potentialAction":[{"@type":"ReadAction","target":["https:\/\/www.johannagullichsen.com\/fi\/tuote\/juliste-sock-stack\/"]}]},{"@type":"ImageObject","inLanguage":"fi","@id":"https:\/\/www.johannagullichsen.com\/fi\/tuote\/juliste-sock-stack\/#primaryimage","url":"https:\/\/www.johannagullichsen.com\/wp-content\/uploads\/2025\/11\/Sock-stack-poster-table-2-NB.jpg","contentUrl":"https:\/\/www.johannagullichsen.com\/wp-content\/uploads\/2025\/11\/Sock-stack-poster-table-2-NB.jpg","width":1600,"height":1200},{"@type":"BreadcrumbList","@id":"https:\/\/www.johannagullichsen.com\/fi\/tuote\/juliste-sock-stack\/#breadcrumb","itemListElement":[{"@type":"ListItem","position":1,"name":"Home","item":"https:\/\/www.johannagullichsen.com\/fi\/"},{"@type":"ListItem","position":2,"name":"Tuotteet ja verkkokauppa","item":"https:\/\/www.johannagullichsen.com\/fi\/tuotteet\/"},{"@type":"ListItem","position":3,"name":"Juliste Sock Stack"}]},{"@type":"WebSite","@id":"https:\/\/www.johannagullichsen.com\/fi\/#website","url":"https:\/\/www.johannagullichsen.com\/fi\/","name":"Johanna Gullichsen","description":"","potentialAction":[{"@type":"SearchAction","target":{"@type":"EntryPoint","urlTemplate":"https:\/\/www.johannagullichsen.com\/fi\/?s={search_term_string}"},"query-input":{"@type":"PropertyValueSpecification","valueRequired":true,"valueName":"search_term_string"}}],"inLanguage":"fi"}]}},"_links":{"self":[{"href":"https:\/\/www.johannagullichsen.com\/fi\/wp-json\/wp\/v2\/product\/29198","targetHints":{"allow":["GET"]}}],"collection":[{"href":"https:\/\/www.johannagullichsen.com\/fi\/wp-json\/wp\/v2\/product"}],"about":[{"href":"https:\/\/www.johannagullichsen.com\/fi\/wp-json\/wp\/v2\/types\/product"}],"wp:featuredmedia":[{"embeddable":true,"href":"https:\/\/www.johannagullichsen.com\/fi\/wp-json\/wp\/v2\/media\/29205"}],"wp:attachment":[{"href":"https:\/\/www.johannagullichsen.com\/fi\/wp-json\/wp\/v2\/media?parent=29198"}],"wp:term":[{"taxonomy":"product_brand","embeddable":true,"href":"https:\/\/www.johannagullichsen.com\/fi\/wp-json\/wp\/v2\/product_brand?post=29198"},{"taxonomy":"product_cat","embeddable":true,"href":"https:\/\/www.johannagullichsen.com\/fi\/wp-json\/wp\/v2\/product_cat?post=29198"},{"taxonomy":"product_tag","embeddable":true,"href":"https:\/\/www.johannagullichsen.com\/fi\/wp-json\/wp\/v2\/product_tag?post=29198"}],"curies":[{"name":"wp","href":"https:\/\/api.w.org\/{rel}","templated":true}]}}