{"id":30298,"date":"2026-03-02T14:52:03","date_gmt":"2026-03-02T12:52:03","guid":{"rendered":"https:\/\/www.johannagullichsen.com\/?post_type=product&#038;p=30298"},"modified":"2026-03-17T15:00:51","modified_gmt":"2026-03-17T13:00:51","slug":"ruudukko-villahuivi","status":"publish","type":"product","link":"https:\/\/www.johannagullichsen.com\/fi\/tuote\/ruudukko-villahuivi\/","title":{"rendered":"Ruudukko villahuivi"},"content":{"rendered":"<p>Ruudukko-huivi on valmistettu 100 % villasta. Se on l\u00e4mmin, pehme\u00e4 ja ihanan kevyt. Huivi on t\u00e4ydellinen pari denimin kanssa. Huivi sopii kaikkiin tilanteisiin: kiedo se p\u00e4\u00e4h\u00e4si tai heit\u00e4 olkap\u00e4illesi viilein\u00e4 p\u00e4ivin\u00e4 tai k\u00e4yt\u00e4 sit\u00e4 ainutlaatuisena vy\u00f6n\u00e4 viimeistelem\u00e4\u00e4n asusi. Ruudukon kuvio heijastelee k\u00e4sinkudonnan ruutupaperille tehtyj\u00e4 sidospiirroksia kertoen tarinaa\u00a0 k\u00e4sity\u00f6taidosta ja rytmist\u00e4.<\/p>\n<p>Kudottu, painettu ja viimeistelty Italiassa.<\/p>\n<p>&nbsp;<\/p>\n","protected":false},"excerpt":{"rendered":"<p>Ruudukko-huivi on valmistettu 100 % villasta. Se on l\u00e4mmin, pehme\u00e4 ja ihanan kevyt. Huivi on t\u00e4ydellinen pari denimin kanssa. Huivi sopii kaikkiin tilanteisiin: kiedo se p\u00e4\u00e4h\u00e4si tai heit\u00e4 olkap\u00e4illesi viilein\u00e4&hellip;<\/p>\n","protected":false},"featured_media":30316,"template":"","meta":{"_acf_changed":false},"product_brand":[],"product_cat":[192,1970],"product_tag":[],"class_list":{"0":"post-30298","1":"product","2":"type-product","3":"status-publish","4":"has-post-thumbnail","6":"product_cat-laukut-asusteet","7":"product_cat-sukat-ja-huivit","9":"first","10":"instock","11":"taxable","12":"shipping-taxable","13":"purchasable","14":"product-type-simple"},"acf":[],"yoast_head":"<!-- This site is optimized with the Yoast SEO Premium plugin v27.2 (Yoast SEO v27.5) - https:\/\/yoast.com\/product\/yoast-seo-premium-wordpress\/ -->\n<title>Ruudukko villahuivi - Johanna Gullichsen<\/title>\n<meta name=\"description\" content=\"Ruudukko-huivi on valmistettu 100 % villasta. Se on l\u00e4mmin, pehme\u00e4 ja ihanan kevyt. Huivi on t\u00e4ydellinen pari denimin kanssa.\" \/>\n<meta name=\"robots\" content=\"index, follow, max-snippet:-1, max-image-preview:large, max-video-preview:-1\" \/>\n<link rel=\"canonical\" href=\"https:\/\/www.johannagullichsen.com\/fi\/tuote\/ruudukko-villahuivi\/\" \/>\n<meta property=\"og:locale\" content=\"fi_FI\" \/>\n<meta property=\"og:type\" content=\"article\" \/>\n<meta property=\"og:title\" content=\"Ruudukko villahuivi\" \/>\n<meta property=\"og:description\" content=\"Ruudukko-huivi on valmistettu 100 % villasta. Se on l\u00e4mmin, pehme\u00e4 ja ihanan kevyt. Huivi on t\u00e4ydellinen pari denimin kanssa.\" \/>\n<meta property=\"og:url\" content=\"https:\/\/www.johannagullichsen.com\/fi\/tuote\/ruudukko-villahuivi\/\" \/>\n<meta property=\"og:site_name\" content=\"Johanna Gullichsen\" \/>\n<meta property=\"article:modified_time\" content=\"2026-03-17T13:00:51+00:00\" \/>\n<meta property=\"og:image\" content=\"https:\/\/www.johannagullichsen.com\/wp-content\/uploads\/2026\/03\/Johanna-Gullichsen-Ruudukko-wool-scarf-1.jpg\" \/>\n\t<meta property=\"og:image:width\" content=\"1600\" \/>\n\t<meta property=\"og:image:height\" content=\"1200\" \/>\n\t<meta property=\"og:image:type\" content=\"image\/jpeg\" \/>\n<meta name=\"twitter:card\" content=\"summary_large_image\" \/>\n<meta name=\"twitter:label1\" content=\"Arvioitu lukuaika\" \/>\n\t<meta name=\"twitter:data1\" content=\"1 minuutti\" \/>\n<script type=\"application\/ld+json\" class=\"yoast-schema-graph\">{\"@context\":\"https:\\\/\\\/schema.org\",\"@graph\":[{\"@type\":\"WebPage\",\"@id\":\"https:\\\/\\\/www.johannagullichsen.com\\\/fi\\\/tuote\\\/ruudukko-villahuivi\\\/\",\"url\":\"https:\\\/\\\/www.johannagullichsen.com\\\/fi\\\/tuote\\\/ruudukko-villahuivi\\\/\",\"name\":\"Ruudukko villahuivi - Johanna Gullichsen\",\"isPartOf\":{\"@id\":\"https:\\\/\\\/www.johannagullichsen.com\\\/fi\\\/#website\"},\"primaryImageOfPage\":{\"@id\":\"https:\\\/\\\/www.johannagullichsen.com\\\/fi\\\/tuote\\\/ruudukko-villahuivi\\\/#primaryimage\"},\"image\":{\"@id\":\"https:\\\/\\\/www.johannagullichsen.com\\\/fi\\\/tuote\\\/ruudukko-villahuivi\\\/#primaryimage\"},\"thumbnailUrl\":\"https:\\\/\\\/www.johannagullichsen.com\\\/wp-content\\\/uploads\\\/2026\\\/03\\\/Johanna-Gullichsen-Ruudukko-wool-scarf-1.jpg\",\"datePublished\":\"2026-03-02T12:52:03+00:00\",\"dateModified\":\"2026-03-17T13:00:51+00:00\",\"description\":\"Ruudukko-huivi on valmistettu 100 % villasta. Se on l\u00e4mmin, pehme\u00e4 ja ihanan kevyt. Huivi on t\u00e4ydellinen pari denimin kanssa.\",\"breadcrumb\":{\"@id\":\"https:\\\/\\\/www.johannagullichsen.com\\\/fi\\\/tuote\\\/ruudukko-villahuivi\\\/#breadcrumb\"},\"inLanguage\":\"fi\",\"potentialAction\":[{\"@type\":\"ReadAction\",\"target\":[\"https:\\\/\\\/www.johannagullichsen.com\\\/fi\\\/tuote\\\/ruudukko-villahuivi\\\/\"]}]},{\"@type\":\"ImageObject\",\"inLanguage\":\"fi\",\"@id\":\"https:\\\/\\\/www.johannagullichsen.com\\\/fi\\\/tuote\\\/ruudukko-villahuivi\\\/#primaryimage\",\"url\":\"https:\\\/\\\/www.johannagullichsen.com\\\/wp-content\\\/uploads\\\/2026\\\/03\\\/Johanna-Gullichsen-Ruudukko-wool-scarf-1.jpg\",\"contentUrl\":\"https:\\\/\\\/www.johannagullichsen.com\\\/wp-content\\\/uploads\\\/2026\\\/03\\\/Johanna-Gullichsen-Ruudukko-wool-scarf-1.jpg\",\"width\":1600,\"height\":1200},{\"@type\":\"BreadcrumbList\",\"@id\":\"https:\\\/\\\/www.johannagullichsen.com\\\/fi\\\/tuote\\\/ruudukko-villahuivi\\\/#breadcrumb\",\"itemListElement\":[{\"@type\":\"ListItem\",\"position\":1,\"name\":\"Home\",\"item\":\"https:\\\/\\\/www.johannagullichsen.com\\\/fi\\\/\"},{\"@type\":\"ListItem\",\"position\":2,\"name\":\"Tuotteet ja verkkokauppa\",\"item\":\"https:\\\/\\\/www.johannagullichsen.com\\\/fi\\\/tuotteet\\\/\"},{\"@type\":\"ListItem\",\"position\":3,\"name\":\"Ruudukko villahuivi\"}]},{\"@type\":\"WebSite\",\"@id\":\"https:\\\/\\\/www.johannagullichsen.com\\\/fi\\\/#website\",\"url\":\"https:\\\/\\\/www.johannagullichsen.com\\\/fi\\\/\",\"name\":\"Johanna Gullichsen\",\"description\":\"\",\"potentialAction\":[{\"@type\":\"SearchAction\",\"target\":{\"@type\":\"EntryPoint\",\"urlTemplate\":\"https:\\\/\\\/www.johannagullichsen.com\\\/fi\\\/?s={search_term_string}\"},\"query-input\":{\"@type\":\"PropertyValueSpecification\",\"valueRequired\":true,\"valueName\":\"search_term_string\"}}],\"inLanguage\":\"fi\"}]}<\/script>\n<!-- \/ Yoast SEO Premium plugin. -->","yoast_head_json":{"title":"Ruudukko villahuivi - Johanna Gullichsen","description":"Ruudukko-huivi on valmistettu 100 % villasta. Se on l\u00e4mmin, pehme\u00e4 ja ihanan kevyt. Huivi on t\u00e4ydellinen pari denimin kanssa.","robots":{"index":"index","follow":"follow","max-snippet":"max-snippet:-1","max-image-preview":"max-image-preview:large","max-video-preview":"max-video-preview:-1"},"canonical":"https:\/\/www.johannagullichsen.com\/fi\/tuote\/ruudukko-villahuivi\/","og_locale":"fi_FI","og_type":"article","og_title":"Ruudukko villahuivi","og_description":"Ruudukko-huivi on valmistettu 100 % villasta. Se on l\u00e4mmin, pehme\u00e4 ja ihanan kevyt. Huivi on t\u00e4ydellinen pari denimin kanssa.","og_url":"https:\/\/www.johannagullichsen.com\/fi\/tuote\/ruudukko-villahuivi\/","og_site_name":"Johanna Gullichsen","article_modified_time":"2026-03-17T13:00:51+00:00","og_image":[{"width":1600,"height":1200,"url":"https:\/\/www.johannagullichsen.com\/wp-content\/uploads\/2026\/03\/Johanna-Gullichsen-Ruudukko-wool-scarf-1.jpg","type":"image\/jpeg"}],"twitter_card":"summary_large_image","twitter_misc":{"Arvioitu lukuaika":"1 minuutti"},"schema":{"@context":"https:\/\/schema.org","@graph":[{"@type":"WebPage","@id":"https:\/\/www.johannagullichsen.com\/fi\/tuote\/ruudukko-villahuivi\/","url":"https:\/\/www.johannagullichsen.com\/fi\/tuote\/ruudukko-villahuivi\/","name":"Ruudukko villahuivi - Johanna Gullichsen","isPartOf":{"@id":"https:\/\/www.johannagullichsen.com\/fi\/#website"},"primaryImageOfPage":{"@id":"https:\/\/www.johannagullichsen.com\/fi\/tuote\/ruudukko-villahuivi\/#primaryimage"},"image":{"@id":"https:\/\/www.johannagullichsen.com\/fi\/tuote\/ruudukko-villahuivi\/#primaryimage"},"thumbnailUrl":"https:\/\/www.johannagullichsen.com\/wp-content\/uploads\/2026\/03\/Johanna-Gullichsen-Ruudukko-wool-scarf-1.jpg","datePublished":"2026-03-02T12:52:03+00:00","dateModified":"2026-03-17T13:00:51+00:00","description":"Ruudukko-huivi on valmistettu 100 % villasta. Se on l\u00e4mmin, pehme\u00e4 ja ihanan kevyt. Huivi on t\u00e4ydellinen pari denimin kanssa.","breadcrumb":{"@id":"https:\/\/www.johannagullichsen.com\/fi\/tuote\/ruudukko-villahuivi\/#breadcrumb"},"inLanguage":"fi","potentialAction":[{"@type":"ReadAction","target":["https:\/\/www.johannagullichsen.com\/fi\/tuote\/ruudukko-villahuivi\/"]}]},{"@type":"ImageObject","inLanguage":"fi","@id":"https:\/\/www.johannagullichsen.com\/fi\/tuote\/ruudukko-villahuivi\/#primaryimage","url":"https:\/\/www.johannagullichsen.com\/wp-content\/uploads\/2026\/03\/Johanna-Gullichsen-Ruudukko-wool-scarf-1.jpg","contentUrl":"https:\/\/www.johannagullichsen.com\/wp-content\/uploads\/2026\/03\/Johanna-Gullichsen-Ruudukko-wool-scarf-1.jpg","width":1600,"height":1200},{"@type":"BreadcrumbList","@id":"https:\/\/www.johannagullichsen.com\/fi\/tuote\/ruudukko-villahuivi\/#breadcrumb","itemListElement":[{"@type":"ListItem","position":1,"name":"Home","item":"https:\/\/www.johannagullichsen.com\/fi\/"},{"@type":"ListItem","position":2,"name":"Tuotteet ja verkkokauppa","item":"https:\/\/www.johannagullichsen.com\/fi\/tuotteet\/"},{"@type":"ListItem","position":3,"name":"Ruudukko villahuivi"}]},{"@type":"WebSite","@id":"https:\/\/www.johannagullichsen.com\/fi\/#website","url":"https:\/\/www.johannagullichsen.com\/fi\/","name":"Johanna Gullichsen","description":"","potentialAction":[{"@type":"SearchAction","target":{"@type":"EntryPoint","urlTemplate":"https:\/\/www.johannagullichsen.com\/fi\/?s={search_term_string}"},"query-input":{"@type":"PropertyValueSpecification","valueRequired":true,"valueName":"search_term_string"}}],"inLanguage":"fi"}]}},"_links":{"self":[{"href":"https:\/\/www.johannagullichsen.com\/fi\/wp-json\/wp\/v2\/product\/30298","targetHints":{"allow":["GET"]}}],"collection":[{"href":"https:\/\/www.johannagullichsen.com\/fi\/wp-json\/wp\/v2\/product"}],"about":[{"href":"https:\/\/www.johannagullichsen.com\/fi\/wp-json\/wp\/v2\/types\/product"}],"wp:featuredmedia":[{"embeddable":true,"href":"https:\/\/www.johannagullichsen.com\/fi\/wp-json\/wp\/v2\/media\/30316"}],"wp:attachment":[{"href":"https:\/\/www.johannagullichsen.com\/fi\/wp-json\/wp\/v2\/media?parent=30298"}],"wp:term":[{"taxonomy":"product_brand","embeddable":true,"href":"https:\/\/www.johannagullichsen.com\/fi\/wp-json\/wp\/v2\/product_brand?post=30298"},{"taxonomy":"product_cat","embeddable":true,"href":"https:\/\/www.johannagullichsen.com\/fi\/wp-json\/wp\/v2\/product_cat?post=30298"},{"taxonomy":"product_tag","embeddable":true,"href":"https:\/\/www.johannagullichsen.com\/fi\/wp-json\/wp\/v2\/product_tag?post=30298"}],"curies":[{"name":"wp","href":"https:\/\/api.w.org\/{rel}","templated":true}]}}