{"id":30761,"date":"2026-04-16T13:31:28","date_gmt":"2026-04-16T10:31:28","guid":{"rendered":"https:\/\/www.johannagullichsen.com\/?post_type=product&#038;p=30761"},"modified":"2026-04-16T14:03:32","modified_gmt":"2026-04-16T11:03:32","slug":"sangynpaaty-m-2","status":"publish","type":"product","link":"https:\/\/www.johannagullichsen.com\/fi\/tuote\/sangynpaaty-m-2\/","title":{"rendered":"S\u00e4ngynp\u00e4\u00e4ty M"},"content":{"rendered":"<p>Pehmustettu s\u00e4ngynp\u00e4\u00e4ty sijoitetaan s\u00e4ngyn ja sein\u00e4n v\u00e4liin. S\u00e4ngynp\u00e4\u00e4ty seisoo omilla 9 cm korkeilla koivuisilla jaloillaan.<\/p>\n<p>P\u00e4\u00e4dyt valmistetaan aina tilausty\u00f6n\u00e4, siksi toimitusaika on noin kolme viikkoa. Mik\u00e4li et l\u00f6yd\u00e4 mieleist\u00e4 kuosia valikoimasta, ota yhteytt\u00e4 myym\u00e4l\u00e4\u00e4mme (info@johannagullichsen.com) . S\u00e4ngynp\u00e4\u00e4dyt toimitetaan ainoastaan Suomeen.<\/p>\n<p>Kangas on v\u00e4rj\u00e4tty ja kudottu Suomessa. S\u00e4ngynp\u00e4\u00e4ty on valmistettu Suomessa.<\/p>\n","protected":false},"excerpt":{"rendered":"<p>Pehmustettu s\u00e4ngynp\u00e4\u00e4ty sijoitetaan s\u00e4ngyn ja sein\u00e4n v\u00e4liin. S\u00e4ngynp\u00e4\u00e4ty seisoo omilla 9 cm korkeilla koivuisilla jaloillaan. P\u00e4\u00e4dyt valmistetaan aina tilausty\u00f6n\u00e4, siksi toimitusaika on noin kolme viikkoa. Mik\u00e4li et l\u00f6yd\u00e4 mieleist\u00e4 kuosia&hellip;<\/p>\n","protected":false},"featured_media":21090,"template":"","meta":{"_acf_changed":false},"product_brand":[],"product_cat":[196,193],"product_tag":[],"class_list":{"0":"post-30761","1":"product","2":"type-product","3":"status-publish","4":"has-post-thumbnail","6":"product_cat-kotiin","7":"product_cat-paivapeitot-ja-sangynpaadyt","8":"pa_pattern-colour-eos-vihrea","9":"pa_pattern-colour-selene-sininen","10":"pa_pattern-colour-eos-lyijy","11":"pa_pattern-colour-selene-viininpunainen","12":"pa_pattern-colour-helios-tiili","13":"pa_pattern-colour-selene-vihrea","14":"pa_pattern-colour-helios-tummansininen","15":"pa_pattern-colour-selene-musta","16":"pa_pattern-colour-helios-dark-green-fi","17":"pa_pattern-colour-doris-cirrus","18":"pa_pattern-colour-doris-manteli","19":"pa_pattern-colour-helios-okra","20":"pa_pattern-colour-doris-musta-fi","21":"pa_pattern-colour-nereus-brick-fi","22":"pa_pattern-colour-doris-sininen","23":"pa_pattern-colour-nereus-lyijy","24":"pa_pattern-colour-doris-lyijy","25":"pa_pattern-colour-nereus-okra","26":"pa_pattern-colour-doris-keltainen","27":"pa_pattern-colour-tithonus-lead-fi","28":"pa_pattern-colour-eos-sininen","29":"pa_pattern-colour-tithonus-okra","30":"collection-normandie-2","32":"first","33":"instock","34":"taxable","35":"shipping-taxable","36":"purchasable","37":"product-type-variable"},"acf":[],"yoast_head":"<!-- This site is optimized with the Yoast SEO Premium plugin v27.2 (Yoast SEO v27.2) - https:\/\/yoast.com\/product\/yoast-seo-premium-wordpress\/ -->\n<title>S\u00e4ngynp\u00e4\u00e4ty M - Johanna Gullichsen<\/title>\n<meta name=\"robots\" content=\"index, follow, max-snippet:-1, max-image-preview:large, max-video-preview:-1\" \/>\n<link rel=\"canonical\" href=\"https:\/\/www.johannagullichsen.com\/fi\/tuote\/sangynpaaty-m-2\/\" \/>\n<meta property=\"og:locale\" content=\"fi_FI\" \/>\n<meta property=\"og:type\" content=\"article\" \/>\n<meta property=\"og:title\" content=\"S\u00e4ngynp\u00e4\u00e4ty M\" \/>\n<meta property=\"og:description\" content=\"Pehmustettu s\u00e4ngynp\u00e4\u00e4ty sijoitetaan s\u00e4ngyn ja sein\u00e4n v\u00e4liin. S\u00e4ngynp\u00e4\u00e4ty seisoo omilla 9 cm korkeilla koivuisilla jaloillaan. P\u00e4\u00e4dyt valmistetaan aina tilausty\u00f6n\u00e4, siksi toimitusaika on noin kolme viikkoa. Mik\u00e4li et l\u00f6yd\u00e4 mieleist\u00e4 kuosia&hellip;\" \/>\n<meta property=\"og:url\" content=\"https:\/\/www.johannagullichsen.com\/fi\/tuote\/sangynpaaty-m-2\/\" \/>\n<meta property=\"og:site_name\" content=\"Johanna Gullichsen\" \/>\n<meta property=\"article:modified_time\" content=\"2026-04-16T11:03:32+00:00\" \/>\n<meta property=\"og:image\" content=\"https:\/\/www.johannagullichsen.com\/wp-content\/uploads\/2023\/10\/Johanna-Gullichsen-bed-headboard-doris-almond-1.jpg\" \/>\n\t<meta property=\"og:image:width\" content=\"1600\" \/>\n\t<meta property=\"og:image:height\" content=\"1200\" \/>\n\t<meta property=\"og:image:type\" content=\"image\/jpeg\" \/>\n<meta name=\"twitter:card\" content=\"summary_large_image\" \/>\n<meta name=\"twitter:label1\" content=\"Arvioitu lukuaika\" \/>\n\t<meta name=\"twitter:data1\" content=\"1 minuutti\" \/>\n<script type=\"application\/ld+json\" class=\"yoast-schema-graph\">{\"@context\":\"https:\/\/schema.org\",\"@graph\":[{\"@type\":\"WebPage\",\"@id\":\"https:\/\/www.johannagullichsen.com\/fi\/tuote\/sangynpaaty-m-2\/\",\"url\":\"https:\/\/www.johannagullichsen.com\/fi\/tuote\/sangynpaaty-m-2\/\",\"name\":\"S\u00e4ngynp\u00e4\u00e4ty M - Johanna Gullichsen\",\"isPartOf\":{\"@id\":\"https:\/\/www.johannagullichsen.com\/fi\/#website\"},\"primaryImageOfPage\":{\"@id\":\"https:\/\/www.johannagullichsen.com\/fi\/tuote\/sangynpaaty-m-2\/#primaryimage\"},\"image\":{\"@id\":\"https:\/\/www.johannagullichsen.com\/fi\/tuote\/sangynpaaty-m-2\/#primaryimage\"},\"thumbnailUrl\":\"https:\/\/www.johannagullichsen.com\/wp-content\/uploads\/2023\/10\/Johanna-Gullichsen-bed-headboard-doris-almond-1.jpg\",\"datePublished\":\"2026-04-16T10:31:28+00:00\",\"dateModified\":\"2026-04-16T11:03:32+00:00\",\"breadcrumb\":{\"@id\":\"https:\/\/www.johannagullichsen.com\/fi\/tuote\/sangynpaaty-m-2\/#breadcrumb\"},\"inLanguage\":\"fi\",\"potentialAction\":[{\"@type\":\"ReadAction\",\"target\":[\"https:\/\/www.johannagullichsen.com\/fi\/tuote\/sangynpaaty-m-2\/\"]}]},{\"@type\":\"ImageObject\",\"inLanguage\":\"fi\",\"@id\":\"https:\/\/www.johannagullichsen.com\/fi\/tuote\/sangynpaaty-m-2\/#primaryimage\",\"url\":\"https:\/\/www.johannagullichsen.com\/wp-content\/uploads\/2023\/10\/Johanna-Gullichsen-bed-headboard-doris-almond-1.jpg\",\"contentUrl\":\"https:\/\/www.johannagullichsen.com\/wp-content\/uploads\/2023\/10\/Johanna-Gullichsen-bed-headboard-doris-almond-1.jpg\",\"width\":1600,\"height\":1200},{\"@type\":\"BreadcrumbList\",\"@id\":\"https:\/\/www.johannagullichsen.com\/fi\/tuote\/sangynpaaty-m-2\/#breadcrumb\",\"itemListElement\":[{\"@type\":\"ListItem\",\"position\":1,\"name\":\"Home\",\"item\":\"https:\/\/www.johannagullichsen.com\/fi\/\"},{\"@type\":\"ListItem\",\"position\":2,\"name\":\"Tuotteet ja verkkokauppa\",\"item\":\"https:\/\/www.johannagullichsen.com\/fi\/tuotteet\/\"},{\"@type\":\"ListItem\",\"position\":3,\"name\":\"S\u00e4ngynp\u00e4\u00e4ty M\"}]},{\"@type\":\"WebSite\",\"@id\":\"https:\/\/www.johannagullichsen.com\/fi\/#website\",\"url\":\"https:\/\/www.johannagullichsen.com\/fi\/\",\"name\":\"Johanna Gullichsen\",\"description\":\"\",\"potentialAction\":[{\"@type\":\"SearchAction\",\"target\":{\"@type\":\"EntryPoint\",\"urlTemplate\":\"https:\/\/www.johannagullichsen.com\/fi\/?s={search_term_string}\"},\"query-input\":{\"@type\":\"PropertyValueSpecification\",\"valueRequired\":true,\"valueName\":\"search_term_string\"}}],\"inLanguage\":\"fi\"}]}<\/script>\n<!-- \/ Yoast SEO Premium plugin. -->","yoast_head_json":{"title":"S\u00e4ngynp\u00e4\u00e4ty M - Johanna Gullichsen","robots":{"index":"index","follow":"follow","max-snippet":"max-snippet:-1","max-image-preview":"max-image-preview:large","max-video-preview":"max-video-preview:-1"},"canonical":"https:\/\/www.johannagullichsen.com\/fi\/tuote\/sangynpaaty-m-2\/","og_locale":"fi_FI","og_type":"article","og_title":"S\u00e4ngynp\u00e4\u00e4ty M","og_description":"Pehmustettu s\u00e4ngynp\u00e4\u00e4ty sijoitetaan s\u00e4ngyn ja sein\u00e4n v\u00e4liin. S\u00e4ngynp\u00e4\u00e4ty seisoo omilla 9 cm korkeilla koivuisilla jaloillaan. P\u00e4\u00e4dyt valmistetaan aina tilausty\u00f6n\u00e4, siksi toimitusaika on noin kolme viikkoa. Mik\u00e4li et l\u00f6yd\u00e4 mieleist\u00e4 kuosia&hellip;","og_url":"https:\/\/www.johannagullichsen.com\/fi\/tuote\/sangynpaaty-m-2\/","og_site_name":"Johanna Gullichsen","article_modified_time":"2026-04-16T11:03:32+00:00","og_image":[{"width":1600,"height":1200,"url":"https:\/\/www.johannagullichsen.com\/wp-content\/uploads\/2023\/10\/Johanna-Gullichsen-bed-headboard-doris-almond-1.jpg","type":"image\/jpeg"}],"twitter_card":"summary_large_image","twitter_misc":{"Arvioitu lukuaika":"1 minuutti"},"schema":{"@context":"https:\/\/schema.org","@graph":[{"@type":"WebPage","@id":"https:\/\/www.johannagullichsen.com\/fi\/tuote\/sangynpaaty-m-2\/","url":"https:\/\/www.johannagullichsen.com\/fi\/tuote\/sangynpaaty-m-2\/","name":"S\u00e4ngynp\u00e4\u00e4ty M - Johanna Gullichsen","isPartOf":{"@id":"https:\/\/www.johannagullichsen.com\/fi\/#website"},"primaryImageOfPage":{"@id":"https:\/\/www.johannagullichsen.com\/fi\/tuote\/sangynpaaty-m-2\/#primaryimage"},"image":{"@id":"https:\/\/www.johannagullichsen.com\/fi\/tuote\/sangynpaaty-m-2\/#primaryimage"},"thumbnailUrl":"https:\/\/www.johannagullichsen.com\/wp-content\/uploads\/2023\/10\/Johanna-Gullichsen-bed-headboard-doris-almond-1.jpg","datePublished":"2026-04-16T10:31:28+00:00","dateModified":"2026-04-16T11:03:32+00:00","breadcrumb":{"@id":"https:\/\/www.johannagullichsen.com\/fi\/tuote\/sangynpaaty-m-2\/#breadcrumb"},"inLanguage":"fi","potentialAction":[{"@type":"ReadAction","target":["https:\/\/www.johannagullichsen.com\/fi\/tuote\/sangynpaaty-m-2\/"]}]},{"@type":"ImageObject","inLanguage":"fi","@id":"https:\/\/www.johannagullichsen.com\/fi\/tuote\/sangynpaaty-m-2\/#primaryimage","url":"https:\/\/www.johannagullichsen.com\/wp-content\/uploads\/2023\/10\/Johanna-Gullichsen-bed-headboard-doris-almond-1.jpg","contentUrl":"https:\/\/www.johannagullichsen.com\/wp-content\/uploads\/2023\/10\/Johanna-Gullichsen-bed-headboard-doris-almond-1.jpg","width":1600,"height":1200},{"@type":"BreadcrumbList","@id":"https:\/\/www.johannagullichsen.com\/fi\/tuote\/sangynpaaty-m-2\/#breadcrumb","itemListElement":[{"@type":"ListItem","position":1,"name":"Home","item":"https:\/\/www.johannagullichsen.com\/fi\/"},{"@type":"ListItem","position":2,"name":"Tuotteet ja verkkokauppa","item":"https:\/\/www.johannagullichsen.com\/fi\/tuotteet\/"},{"@type":"ListItem","position":3,"name":"S\u00e4ngynp\u00e4\u00e4ty M"}]},{"@type":"WebSite","@id":"https:\/\/www.johannagullichsen.com\/fi\/#website","url":"https:\/\/www.johannagullichsen.com\/fi\/","name":"Johanna Gullichsen","description":"","potentialAction":[{"@type":"SearchAction","target":{"@type":"EntryPoint","urlTemplate":"https:\/\/www.johannagullichsen.com\/fi\/?s={search_term_string}"},"query-input":{"@type":"PropertyValueSpecification","valueRequired":true,"valueName":"search_term_string"}}],"inLanguage":"fi"}]}},"_links":{"self":[{"href":"https:\/\/www.johannagullichsen.com\/fi\/wp-json\/wp\/v2\/product\/30761","targetHints":{"allow":["GET"]}}],"collection":[{"href":"https:\/\/www.johannagullichsen.com\/fi\/wp-json\/wp\/v2\/product"}],"about":[{"href":"https:\/\/www.johannagullichsen.com\/fi\/wp-json\/wp\/v2\/types\/product"}],"wp:featuredmedia":[{"embeddable":true,"href":"https:\/\/www.johannagullichsen.com\/fi\/wp-json\/wp\/v2\/media\/21090"}],"wp:attachment":[{"href":"https:\/\/www.johannagullichsen.com\/fi\/wp-json\/wp\/v2\/media?parent=30761"}],"wp:term":[{"taxonomy":"product_brand","embeddable":true,"href":"https:\/\/www.johannagullichsen.com\/fi\/wp-json\/wp\/v2\/product_brand?post=30761"},{"taxonomy":"product_cat","embeddable":true,"href":"https:\/\/www.johannagullichsen.com\/fi\/wp-json\/wp\/v2\/product_cat?post=30761"},{"taxonomy":"product_tag","embeddable":true,"href":"https:\/\/www.johannagullichsen.com\/fi\/wp-json\/wp\/v2\/product_tag?post=30761"}],"curies":[{"name":"wp","href":"https:\/\/api.w.org\/{rel}","templated":true}]}}