{"id":5490,"date":"2020-04-14T13:34:16","date_gmt":"2020-04-14T10:34:16","guid":{"rendered":"https:\/\/www.johannagullichsen.com\/tuotteet\/Ei-luokiteltu\/basket-extra-small\/"},"modified":"2026-03-04T08:31:00","modified_gmt":"2026-03-04T06:31:00","slug":"kangaskori-xs-pieni-kori","status":"publish","type":"product","link":"https:\/\/www.johannagullichsen.com\/fi\/tuote\/kangaskori-xs-pieni-kori\/","title":{"rendered":"Kangaskori XS"},"content":{"rendered":"<h4>J\u00e4rjest\u00e4 tyylill\u00e4<\/h4>\n<p>J\u00e4rjest\u00e4 pikkutavarat t\u00e4h\u00e4n k\u00e4tev\u00e4\u00e4n Kangaskori XS \u00e4\u00e4n niin paikat pysyy aina siistin\u00e4. Korut, kosmetiikka, avaimet, tai mit\u00e4 vain mieleen tulee. Pieni kangaskori auttaa pit\u00e4m\u00e4\u00e4n t\u00e4rke\u00e4t pienet tavarat helposti l\u00f6ydett\u00e4viss\u00e4, mutta silti pois n\u00e4kyvilt\u00e4. Mini-kori on helppo pit\u00e4\u00e4 puhtaana, kest\u00e4\u00e4 tietenkin konepesun.<\/p>\n<p>V\u00e4rj\u00e4tty, kudottu ja ommeltu Suomessa.<\/p>\n","protected":false},"excerpt":{"rendered":"<p>J\u00e4rjest\u00e4 tyylill\u00e4 J\u00e4rjest\u00e4 pikkutavarat t\u00e4h\u00e4n k\u00e4tev\u00e4\u00e4n Kangaskori XS \u00e4\u00e4n niin paikat pysyy aina siistin\u00e4. Korut, kosmetiikka, avaimet, tai mit\u00e4 vain mieleen tulee. Pieni kangaskori auttaa pit\u00e4m\u00e4\u00e4n t\u00e4rke\u00e4t pienet tavarat helposti&hellip;<\/p>\n","protected":false},"featured_media":31665,"template":"","meta":{"_acf_changed":false},"product_brand":[],"product_cat":[1975,196,194],"product_tag":[],"class_list":{"0":"post-5490","1":"product","2":"type-product","3":"status-publish","4":"has-post-thumbnail","6":"product_cat-kangaskorit","7":"product_cat-kotiin","8":"product_cat-keittio-ja-kattaustekstiilit","9":"pa_pattern-colour-doris-tummanvihrea","10":"pa_pattern-colour-nereus-almond-negative-fi","11":"pa_pattern-colour-helios-bordeaux-negative-fi","12":"pa_pattern-colour-eos-vaaleanharmaa","13":"pa_pattern-colour-nereus-tummanvihrea","14":"pa_pattern-colour-helios-tummansininen","15":"pa_pattern-colour-tithonus-lead-fi","16":"pa_pattern-colour-doris-vihrea","17":"pa_pattern-colour-nereus-black-fi","18":"pa_pattern-colour-helios-ochre-negative-fi","19":"pa_pattern-colour-eos-keltainen","20":"pa_pattern-colour-nereus-green-fi","21":"pa_pattern-colour-helios-tumma-viininpunainen","22":"pa_pattern-colour-tithonus-okra","23":"pa_pattern-colour-doris-lyijy","24":"pa_pattern-colour-nereus-musta-nega","25":"pa_pattern-colour-helios-yellow-negative-fi","26":"pa_pattern-colour-eos-tummansininen-fi","27":"pa_pattern-colour-nereus-lyijy","28":"pa_pattern-colour-helios-dark-bordeaux-negative-fi","29":"pa_pattern-colour-tithonus-kultainen","30":"pa_pattern-colour-doris-okra","31":"pa_pattern-colour-nereus-blue-fi","32":"pa_pattern-colour-nereus-dark-green-negative-fi","33":"pa_pattern-colour-helios-manteli","34":"pa_pattern-colour-nereus-lead-negative-fi","35":"pa_pattern-colour-helios-dark-green-fi","36":"pa_pattern-colour-helios-tummansininen-nega","37":"pa_pattern-colour-doris-keltainen","38":"pa_pattern-colour-nereus-sininen-nega","39":"pa_pattern-colour-nereus-ochre-negative-fi","40":"pa_pattern-colour-helios-black-fi","41":"pa_pattern-colour-nereus-okra","42":"pa_pattern-colour-doris-manteli","43":"pa_pattern-colour-helios-green-fi","44":"pa_pattern-colour-helios-tummanvihrea-nega","45":"pa_pattern-colour-eos-musta","46":"pa_pattern-colour-nereus-bordeaux-fi","47":"pa_pattern-colour-nereus-yellow-negative-fi","48":"pa_pattern-colour-helios-musta-nega","49":"pa_pattern-colour-nereus-kultainen","50":"pa_pattern-colour-doris-musta-fi","51":"pa_pattern-colour-helios-lyijy","52":"pa_pattern-colour-nereus-viininpunainen-nega","53":"pa_pattern-colour-eos-sininen","54":"pa_pattern-colour-nereus-brick-fi","55":"pa_pattern-colour-doris-lime-fi","56":"pa_pattern-colour-helios-blue-fi","57":"pa_pattern-colour-tithonus-black-fi","58":"pa_pattern-colour-doris-sininen","59":"pa_pattern-colour-helios-lead-negative-fi","60":"pa_pattern-colour-nereus-tummansininen-nega","61":"pa_pattern-colour-eos-viininpunainen","62":"pa_pattern-colour-nereus-brick-negative-fi","63":"pa_pattern-colour-helios-blue-negativet-fi","64":"pa_pattern-colour-tithonus-sininen","65":"pa_pattern-colour-doris-viininpunainen","66":"pa_pattern-colour-helios-okra","67":"pa_pattern-colour-eos-dark-bordeaux-fi","68":"pa_pattern-colour-eos-vihrea","69":"pa_pattern-colour-nereus-dark-blue-fi","70":"pa_pattern-colour-doris-cirrus","71":"pa_pattern-colour-helios-viininpunainen","72":"pa_pattern-colour-tithonus-viininpunainen","73":"pa_pattern-colour-doris-tiili","74":"pa_pattern-colour-helios-yellow-fi","75":"pa_pattern-colour-eos-dark-green-fi","76":"pa_pattern-colour-eos-harmaa","77":"pa_pattern-colour-nereus-dark-bordeaux-fi","78":"pa_pattern-colour-helios-tiili","79":"pa_pattern-colour-tithonus-dark-green-fi","80":"pa_pattern-colour-doris-tummansininen","81":"pa_pattern-colour-nereus-manteli","82":"pa_pattern-colour-helios-almond-negative-fi","83":"pa_pattern-colour-eos-lyijy","84":"pa_pattern-colour-nereus-dark-bordeaux-negative-fi","85":"pa_pattern-colour-helios-brick-negative-fi","86":"pa_pattern-colour-tithonus-vihrea","87":"collection-normandie-2","89":"first","90":"instock","91":"taxable","92":"shipping-taxable","93":"purchasable","94":"product-type-variable"},"acf":[],"yoast_head":"<!-- This site is optimized with the Yoast SEO Premium plugin v27.2 (Yoast SEO v27.5) - https:\/\/yoast.com\/product\/yoast-seo-premium-wordpress\/ -->\n<title>Kangaskori XS - Johanna Gullichsen<\/title>\n<meta name=\"description\" content=\"J\u00e4rjest\u00e4 pikkutavarat t\u00e4h\u00e4n k\u00e4tev\u00e4\u00e4n Kangaskori XS \u00e4\u00e4n niin paikat pysyy aina siistin\u00e4. Avainkori, korurasia, tai mit\u00e4 vain mieleen tulee.\" \/>\n<meta name=\"robots\" content=\"index, follow, max-snippet:-1, max-image-preview:large, max-video-preview:-1\" \/>\n<link rel=\"canonical\" href=\"https:\/\/www.johannagullichsen.com\/fi\/tuote\/kangaskori-xs-pieni-kori\/\" \/>\n<meta property=\"og:locale\" content=\"fi_FI\" \/>\n<meta property=\"og:type\" content=\"article\" \/>\n<meta property=\"og:title\" content=\"Kangaskori XS\" \/>\n<meta property=\"og:description\" content=\"J\u00e4rjest\u00e4 pikkutavarat t\u00e4h\u00e4n k\u00e4tev\u00e4\u00e4n Kangaskori XS \u00e4\u00e4n niin paikat pysyy aina siistin\u00e4. Avainkori, korurasia, tai mit\u00e4 vain mieleen tulee.\" \/>\n<meta property=\"og:url\" content=\"https:\/\/www.johannagullichsen.com\/fi\/tuote\/kangaskori-xs-pieni-kori\/\" \/>\n<meta property=\"og:site_name\" content=\"Johanna Gullichsen\" \/>\n<meta property=\"article:modified_time\" content=\"2026-03-04T06:31:00+00:00\" \/>\n<meta property=\"og:image\" content=\"https:\/\/www.johannagullichsen.com\/wp-content\/uploads\/2020\/04\/Johanna-Gullichsen-Basket-XS-Helios-dark-green.jpg\" \/>\n\t<meta property=\"og:image:width\" content=\"1600\" \/>\n\t<meta property=\"og:image:height\" content=\"1200\" \/>\n\t<meta property=\"og:image:type\" content=\"image\/jpeg\" \/>\n<meta name=\"twitter:card\" content=\"summary_large_image\" \/>\n<meta name=\"twitter:label1\" content=\"Arvioitu lukuaika\" \/>\n\t<meta name=\"twitter:data1\" content=\"1 minuutti\" \/>\n<script type=\"application\/ld+json\" class=\"yoast-schema-graph\">{\"@context\":\"https:\\\/\\\/schema.org\",\"@graph\":[{\"@type\":\"WebPage\",\"@id\":\"https:\\\/\\\/www.johannagullichsen.com\\\/fi\\\/tuote\\\/kangaskori-xs-pieni-kori\\\/\",\"url\":\"https:\\\/\\\/www.johannagullichsen.com\\\/fi\\\/tuote\\\/kangaskori-xs-pieni-kori\\\/\",\"name\":\"Kangaskori XS - Johanna Gullichsen\",\"isPartOf\":{\"@id\":\"https:\\\/\\\/www.johannagullichsen.com\\\/fi\\\/#website\"},\"primaryImageOfPage\":{\"@id\":\"https:\\\/\\\/www.johannagullichsen.com\\\/fi\\\/tuote\\\/kangaskori-xs-pieni-kori\\\/#primaryimage\"},\"image\":{\"@id\":\"https:\\\/\\\/www.johannagullichsen.com\\\/fi\\\/tuote\\\/kangaskori-xs-pieni-kori\\\/#primaryimage\"},\"thumbnailUrl\":\"https:\\\/\\\/www.johannagullichsen.com\\\/wp-content\\\/uploads\\\/2026\\\/04\\\/Johanna-Gullichsen-Basket-XS-Doris-lime.jpg\",\"datePublished\":\"2020-04-14T10:34:16+00:00\",\"dateModified\":\"2026-03-04T06:31:00+00:00\",\"description\":\"J\u00e4rjest\u00e4 pikkutavarat t\u00e4h\u00e4n k\u00e4tev\u00e4\u00e4n Kangaskori XS \u00e4\u00e4n niin paikat pysyy aina siistin\u00e4. Avainkori, korurasia, tai mit\u00e4 vain mieleen tulee.\",\"breadcrumb\":{\"@id\":\"https:\\\/\\\/www.johannagullichsen.com\\\/fi\\\/tuote\\\/kangaskori-xs-pieni-kori\\\/#breadcrumb\"},\"inLanguage\":\"fi\",\"potentialAction\":[{\"@type\":\"ReadAction\",\"target\":[\"https:\\\/\\\/www.johannagullichsen.com\\\/fi\\\/tuote\\\/kangaskori-xs-pieni-kori\\\/\"]}]},{\"@type\":\"ImageObject\",\"inLanguage\":\"fi\",\"@id\":\"https:\\\/\\\/www.johannagullichsen.com\\\/fi\\\/tuote\\\/kangaskori-xs-pieni-kori\\\/#primaryimage\",\"url\":\"https:\\\/\\\/www.johannagullichsen.com\\\/wp-content\\\/uploads\\\/2026\\\/04\\\/Johanna-Gullichsen-Basket-XS-Doris-lime.jpg\",\"contentUrl\":\"https:\\\/\\\/www.johannagullichsen.com\\\/wp-content\\\/uploads\\\/2026\\\/04\\\/Johanna-Gullichsen-Basket-XS-Doris-lime.jpg\",\"width\":1600,\"height\":1200},{\"@type\":\"BreadcrumbList\",\"@id\":\"https:\\\/\\\/www.johannagullichsen.com\\\/fi\\\/tuote\\\/kangaskori-xs-pieni-kori\\\/#breadcrumb\",\"itemListElement\":[{\"@type\":\"ListItem\",\"position\":1,\"name\":\"Home\",\"item\":\"https:\\\/\\\/www.johannagullichsen.com\\\/fi\\\/\"},{\"@type\":\"ListItem\",\"position\":2,\"name\":\"Tuotteet ja verkkokauppa\",\"item\":\"https:\\\/\\\/www.johannagullichsen.com\\\/fi\\\/tuotteet\\\/\"},{\"@type\":\"ListItem\",\"position\":3,\"name\":\"Kangaskori XS\"}]},{\"@type\":\"WebSite\",\"@id\":\"https:\\\/\\\/www.johannagullichsen.com\\\/fi\\\/#website\",\"url\":\"https:\\\/\\\/www.johannagullichsen.com\\\/fi\\\/\",\"name\":\"Johanna Gullichsen\",\"description\":\"\",\"potentialAction\":[{\"@type\":\"SearchAction\",\"target\":{\"@type\":\"EntryPoint\",\"urlTemplate\":\"https:\\\/\\\/www.johannagullichsen.com\\\/fi\\\/?s={search_term_string}\"},\"query-input\":{\"@type\":\"PropertyValueSpecification\",\"valueRequired\":true,\"valueName\":\"search_term_string\"}}],\"inLanguage\":\"fi\"}]}<\/script>\n<!-- \/ Yoast SEO Premium plugin. -->","yoast_head_json":{"title":"Kangaskori XS - Johanna Gullichsen","description":"J\u00e4rjest\u00e4 pikkutavarat t\u00e4h\u00e4n k\u00e4tev\u00e4\u00e4n Kangaskori XS \u00e4\u00e4n niin paikat pysyy aina siistin\u00e4. Avainkori, korurasia, tai mit\u00e4 vain mieleen tulee.","robots":{"index":"index","follow":"follow","max-snippet":"max-snippet:-1","max-image-preview":"max-image-preview:large","max-video-preview":"max-video-preview:-1"},"canonical":"https:\/\/www.johannagullichsen.com\/fi\/tuote\/kangaskori-xs-pieni-kori\/","og_locale":"fi_FI","og_type":"article","og_title":"Kangaskori XS","og_description":"J\u00e4rjest\u00e4 pikkutavarat t\u00e4h\u00e4n k\u00e4tev\u00e4\u00e4n Kangaskori XS \u00e4\u00e4n niin paikat pysyy aina siistin\u00e4. Avainkori, korurasia, tai mit\u00e4 vain mieleen tulee.","og_url":"https:\/\/www.johannagullichsen.com\/fi\/tuote\/kangaskori-xs-pieni-kori\/","og_site_name":"Johanna Gullichsen","article_modified_time":"2026-03-04T06:31:00+00:00","og_image":[{"width":1600,"height":1200,"url":"https:\/\/www.johannagullichsen.com\/wp-content\/uploads\/2020\/04\/Johanna-Gullichsen-Basket-XS-Helios-dark-green.jpg","type":"image\/jpeg"}],"twitter_card":"summary_large_image","twitter_misc":{"Arvioitu lukuaika":"1 minuutti"},"schema":{"@context":"https:\/\/schema.org","@graph":[{"@type":"WebPage","@id":"https:\/\/www.johannagullichsen.com\/fi\/tuote\/kangaskori-xs-pieni-kori\/","url":"https:\/\/www.johannagullichsen.com\/fi\/tuote\/kangaskori-xs-pieni-kori\/","name":"Kangaskori XS - Johanna Gullichsen","isPartOf":{"@id":"https:\/\/www.johannagullichsen.com\/fi\/#website"},"primaryImageOfPage":{"@id":"https:\/\/www.johannagullichsen.com\/fi\/tuote\/kangaskori-xs-pieni-kori\/#primaryimage"},"image":{"@id":"https:\/\/www.johannagullichsen.com\/fi\/tuote\/kangaskori-xs-pieni-kori\/#primaryimage"},"thumbnailUrl":"https:\/\/www.johannagullichsen.com\/wp-content\/uploads\/2026\/04\/Johanna-Gullichsen-Basket-XS-Doris-lime.jpg","datePublished":"2020-04-14T10:34:16+00:00","dateModified":"2026-03-04T06:31:00+00:00","description":"J\u00e4rjest\u00e4 pikkutavarat t\u00e4h\u00e4n k\u00e4tev\u00e4\u00e4n Kangaskori XS \u00e4\u00e4n niin paikat pysyy aina siistin\u00e4. Avainkori, korurasia, tai mit\u00e4 vain mieleen tulee.","breadcrumb":{"@id":"https:\/\/www.johannagullichsen.com\/fi\/tuote\/kangaskori-xs-pieni-kori\/#breadcrumb"},"inLanguage":"fi","potentialAction":[{"@type":"ReadAction","target":["https:\/\/www.johannagullichsen.com\/fi\/tuote\/kangaskori-xs-pieni-kori\/"]}]},{"@type":"ImageObject","inLanguage":"fi","@id":"https:\/\/www.johannagullichsen.com\/fi\/tuote\/kangaskori-xs-pieni-kori\/#primaryimage","url":"https:\/\/www.johannagullichsen.com\/wp-content\/uploads\/2026\/04\/Johanna-Gullichsen-Basket-XS-Doris-lime.jpg","contentUrl":"https:\/\/www.johannagullichsen.com\/wp-content\/uploads\/2026\/04\/Johanna-Gullichsen-Basket-XS-Doris-lime.jpg","width":1600,"height":1200},{"@type":"BreadcrumbList","@id":"https:\/\/www.johannagullichsen.com\/fi\/tuote\/kangaskori-xs-pieni-kori\/#breadcrumb","itemListElement":[{"@type":"ListItem","position":1,"name":"Home","item":"https:\/\/www.johannagullichsen.com\/fi\/"},{"@type":"ListItem","position":2,"name":"Tuotteet ja verkkokauppa","item":"https:\/\/www.johannagullichsen.com\/fi\/tuotteet\/"},{"@type":"ListItem","position":3,"name":"Kangaskori XS"}]},{"@type":"WebSite","@id":"https:\/\/www.johannagullichsen.com\/fi\/#website","url":"https:\/\/www.johannagullichsen.com\/fi\/","name":"Johanna Gullichsen","description":"","potentialAction":[{"@type":"SearchAction","target":{"@type":"EntryPoint","urlTemplate":"https:\/\/www.johannagullichsen.com\/fi\/?s={search_term_string}"},"query-input":{"@type":"PropertyValueSpecification","valueRequired":true,"valueName":"search_term_string"}}],"inLanguage":"fi"}]}},"_links":{"self":[{"href":"https:\/\/www.johannagullichsen.com\/fi\/wp-json\/wp\/v2\/product\/5490","targetHints":{"allow":["GET"]}}],"collection":[{"href":"https:\/\/www.johannagullichsen.com\/fi\/wp-json\/wp\/v2\/product"}],"about":[{"href":"https:\/\/www.johannagullichsen.com\/fi\/wp-json\/wp\/v2\/types\/product"}],"wp:featuredmedia":[{"embeddable":true,"href":"https:\/\/www.johannagullichsen.com\/fi\/wp-json\/wp\/v2\/media\/31665"}],"wp:attachment":[{"href":"https:\/\/www.johannagullichsen.com\/fi\/wp-json\/wp\/v2\/media?parent=5490"}],"wp:term":[{"taxonomy":"product_brand","embeddable":true,"href":"https:\/\/www.johannagullichsen.com\/fi\/wp-json\/wp\/v2\/product_brand?post=5490"},{"taxonomy":"product_cat","embeddable":true,"href":"https:\/\/www.johannagullichsen.com\/fi\/wp-json\/wp\/v2\/product_cat?post=5490"},{"taxonomy":"product_tag","embeddable":true,"href":"https:\/\/www.johannagullichsen.com\/fi\/wp-json\/wp\/v2\/product_tag?post=5490"}],"curies":[{"name":"wp","href":"https:\/\/api.w.org\/{rel}","templated":true}]}}