{"id":5686,"date":"2020-04-14T13:52:38","date_gmt":"2020-04-14T10:52:38","guid":{"rendered":"https:\/\/www.johannagullichsen.com\/products\/Ei-luokiteltu\/basket-small\/"},"modified":"2026-03-04T08:33:52","modified_gmt":"2026-03-04T06:33:52","slug":"kangaskori-s","status":"publish","type":"product","link":"https:\/\/www.johannagullichsen.com\/fi\/tuote\/kangaskori-s\/","title":{"rendered":"Kangaskori S"},"content":{"rendered":"<h4>Kaunis j\u00e4rjestys<\/h4>\n<p>Pieneen puuvillaiseen kangaskoriin k\u00e4tkeytyv\u00e4t kylpytuotteet, pienet keitti\u00f6v\u00e4lineet tai puhelinten laturit ja muut johdot.<\/p>\n<p>V\u00e4rj\u00e4tty, kudttu ja ommeltu Suomessa.<\/p>\n","protected":false},"excerpt":{"rendered":"<p>Kaunis j\u00e4rjestys Pieneen puuvillaiseen kangaskoriin k\u00e4tkeytyv\u00e4t kylpytuotteet, pienet keitti\u00f6v\u00e4lineet tai puhelinten laturit ja muut johdot. V\u00e4rj\u00e4tty, kudttu ja ommeltu Suomessa.<\/p>\n","protected":false},"featured_media":30336,"template":"","meta":{"_acf_changed":false},"product_brand":[],"product_cat":[1975,196,194],"product_tag":[],"class_list":{"0":"post-5686","1":"product","2":"type-product","3":"status-publish","4":"has-post-thumbnail","6":"product_cat-kangaskorit","7":"product_cat-kotiin","8":"product_cat-keittio-ja-kattaustekstiilit","9":"pa_pattern-colour-doris-manteli","10":"pa_pattern-colour-helios-yellow-fi","11":"pa_pattern-colour-eos-musta","12":"pa_pattern-colour-nereus-okra","13":"pa_pattern-colour-helios-musta-nega","14":"pa_pattern-colour-doris-olki","15":"pa_pattern-colour-doris-musta-fi","16":"pa_pattern-colour-nereus-manteli","17":"pa_pattern-colour-eos-sininen","18":"pa_pattern-colour-nereus-kultainen","19":"pa_pattern-colour-helios-blue-fi","20":"pa_pattern-colour-doris-sininen","21":"pa_pattern-colour-nereus-black-fi","22":"pa_pattern-colour-eos-viininpunainen","23":"pa_pattern-colour-tithonus-black-fi","24":"pa_pattern-colour-helios-viininpunainen","25":"pa_pattern-colour-doris-viininpunainen","26":"pa_pattern-colour-nereus-musta-nega","27":"pa_pattern-colour-eos-vihrea","28":"pa_pattern-colour-tithonus-sininen","29":"pa_pattern-colour-helios-tiili","30":"pa_pattern-colour-doris-tiili","31":"pa_pattern-colour-nereus-blue-fi","32":"pa_pattern-colour-eos-harmaa","33":"pa_pattern-colour-tithonus-viininpunainen","34":"pa_pattern-colour-helios-tummansininen","35":"pa_pattern-colour-doris-tummansininen","36":"pa_pattern-colour-nereus-bordeaux-fi","37":"pa_pattern-colour-eos-lyijy","38":"pa_pattern-colour-tithonus-tiili","39":"pa_pattern-colour-helios-tumma-viininpunainen","40":"pa_pattern-colour-doris-tummanvihrea","41":"pa_pattern-colour-nereus-brick-fi","42":"pa_pattern-colour-eos-vaaleanharmaa","43":"pa_pattern-colour-tithonus-vihrea","44":"pa_pattern-colour-helios-dark-green-fi","45":"pa_pattern-colour-doris-vihrea","46":"pa_pattern-colour-nereus-dark-blue-fi","47":"pa_pattern-colour-eos-keltainen","48":"pa_pattern-colour-tithonus-lead-fi","49":"pa_pattern-colour-helios-green-fi","50":"pa_pattern-colour-doris-lyijy","51":"pa_pattern-colour-nereus-tummanvihrea","52":"pa_pattern-colour-eos-tummansininen-fi","53":"pa_pattern-colour-tithonus-okra","54":"pa_pattern-colour-helios-lyijy","55":"pa_pattern-colour-doris-okra","56":"pa_pattern-colour-nereus-green-fi","57":"pa_pattern-colour-helios-manteli","58":"pa_pattern-colour-tithonus-kultainen","59":"pa_pattern-colour-helios-okra","60":"pa_pattern-colour-doris-keltainen","61":"pa_pattern-colour-nereus-lyijy","62":"pa_pattern-colour-helios-black-fi","63":"pa_pattern-colour-nereus-tummansininen-nega","64":"collection-normandie-2","66":"first","67":"instock","68":"taxable","69":"shipping-taxable","70":"purchasable","71":"product-type-variable"},"acf":[],"yoast_head":"<!-- This site is optimized with the Yoast SEO Premium plugin v27.2 (Yoast SEO v27.2) - https:\/\/yoast.com\/product\/yoast-seo-premium-wordpress\/ -->\n<title>Kangaskori S - Johanna Gullichsen<\/title>\n<meta name=\"description\" content=\"Kangaskori S on pieni py\u00f6re\u00e4 kori, johon on helppo k\u00e4tke\u00e4 vaikka pienet keitti\u00f6v\u00e4lineet, kylpytuotteet tai puhelinten laturit.\" \/>\n<meta name=\"robots\" content=\"index, follow, max-snippet:-1, max-image-preview:large, max-video-preview:-1\" \/>\n<link rel=\"canonical\" href=\"https:\/\/www.johannagullichsen.com\/fi\/tuote\/kangaskori-s\/\" \/>\n<meta property=\"og:locale\" content=\"fi_FI\" \/>\n<meta property=\"og:type\" content=\"article\" \/>\n<meta property=\"og:title\" content=\"Kangaskori S\" \/>\n<meta property=\"og:description\" content=\"Kangaskori S on pieni py\u00f6re\u00e4 kori, johon on helppo k\u00e4tke\u00e4 vaikka pienet keitti\u00f6v\u00e4lineet, kylpytuotteet tai puhelinten laturit.\" \/>\n<meta property=\"og:url\" content=\"https:\/\/www.johannagullichsen.com\/fi\/tuote\/kangaskori-s\/\" \/>\n<meta property=\"og:site_name\" content=\"Johanna Gullichsen\" \/>\n<meta property=\"article:modified_time\" content=\"2026-03-04T06:33:52+00:00\" \/>\n<meta property=\"og:image\" content=\"https:\/\/www.johannagullichsen.com\/wp-content\/uploads\/2025\/04\/JG_LokalKoti-fabric-basket-category.jpg\" \/>\n\t<meta property=\"og:image:width\" content=\"608\" \/>\n\t<meta property=\"og:image:height\" content=\"406\" \/>\n\t<meta property=\"og:image:type\" content=\"image\/jpeg\" \/>\n<meta name=\"twitter:card\" content=\"summary_large_image\" \/>\n<meta name=\"twitter:label1\" content=\"Arvioitu lukuaika\" \/>\n\t<meta name=\"twitter:data1\" content=\"1 minuutti\" \/>\n<script type=\"application\/ld+json\" class=\"yoast-schema-graph\">{\"@context\":\"https:\/\/schema.org\",\"@graph\":[{\"@type\":\"WebPage\",\"@id\":\"https:\/\/www.johannagullichsen.com\/fi\/tuote\/kangaskori-s\/\",\"url\":\"https:\/\/www.johannagullichsen.com\/fi\/tuote\/kangaskori-s\/\",\"name\":\"Kangaskori S - Johanna Gullichsen\",\"isPartOf\":{\"@id\":\"https:\/\/www.johannagullichsen.com\/fi\/#website\"},\"primaryImageOfPage\":{\"@id\":\"https:\/\/www.johannagullichsen.com\/fi\/tuote\/kangaskori-s\/#primaryimage\"},\"image\":{\"@id\":\"https:\/\/www.johannagullichsen.com\/fi\/tuote\/kangaskori-s\/#primaryimage\"},\"thumbnailUrl\":\"https:\/\/www.johannagullichsen.com\/wp-content\/uploads\/2020\/04\/Johanna-Gullichsen-fabric-basket-S-Eos-black.jpg\",\"datePublished\":\"2020-04-14T10:52:38+00:00\",\"dateModified\":\"2026-03-04T06:33:52+00:00\",\"description\":\"Kangaskori S on pieni py\u00f6re\u00e4 kori, johon on helppo k\u00e4tke\u00e4 vaikka pienet keitti\u00f6v\u00e4lineet, kylpytuotteet tai puhelinten laturit.\",\"breadcrumb\":{\"@id\":\"https:\/\/www.johannagullichsen.com\/fi\/tuote\/kangaskori-s\/#breadcrumb\"},\"inLanguage\":\"fi\",\"potentialAction\":[{\"@type\":\"ReadAction\",\"target\":[\"https:\/\/www.johannagullichsen.com\/fi\/tuote\/kangaskori-s\/\"]}]},{\"@type\":\"ImageObject\",\"inLanguage\":\"fi\",\"@id\":\"https:\/\/www.johannagullichsen.com\/fi\/tuote\/kangaskori-s\/#primaryimage\",\"url\":\"https:\/\/www.johannagullichsen.com\/wp-content\/uploads\/2020\/04\/Johanna-Gullichsen-fabric-basket-S-Eos-black.jpg\",\"contentUrl\":\"https:\/\/www.johannagullichsen.com\/wp-content\/uploads\/2020\/04\/Johanna-Gullichsen-fabric-basket-S-Eos-black.jpg\",\"width\":1600,\"height\":1200},{\"@type\":\"BreadcrumbList\",\"@id\":\"https:\/\/www.johannagullichsen.com\/fi\/tuote\/kangaskori-s\/#breadcrumb\",\"itemListElement\":[{\"@type\":\"ListItem\",\"position\":1,\"name\":\"Home\",\"item\":\"https:\/\/www.johannagullichsen.com\/fi\/\"},{\"@type\":\"ListItem\",\"position\":2,\"name\":\"Tuotteet ja verkkokauppa\",\"item\":\"https:\/\/www.johannagullichsen.com\/fi\/tuotteet\/\"},{\"@type\":\"ListItem\",\"position\":3,\"name\":\"Kangaskori S\"}]},{\"@type\":\"WebSite\",\"@id\":\"https:\/\/www.johannagullichsen.com\/fi\/#website\",\"url\":\"https:\/\/www.johannagullichsen.com\/fi\/\",\"name\":\"Johanna Gullichsen\",\"description\":\"\",\"potentialAction\":[{\"@type\":\"SearchAction\",\"target\":{\"@type\":\"EntryPoint\",\"urlTemplate\":\"https:\/\/www.johannagullichsen.com\/fi\/?s={search_term_string}\"},\"query-input\":{\"@type\":\"PropertyValueSpecification\",\"valueRequired\":true,\"valueName\":\"search_term_string\"}}],\"inLanguage\":\"fi\"}]}<\/script>\n<!-- \/ Yoast SEO Premium plugin. -->","yoast_head_json":{"title":"Kangaskori S - Johanna Gullichsen","description":"Kangaskori S on pieni py\u00f6re\u00e4 kori, johon on helppo k\u00e4tke\u00e4 vaikka pienet keitti\u00f6v\u00e4lineet, kylpytuotteet tai puhelinten laturit.","robots":{"index":"index","follow":"follow","max-snippet":"max-snippet:-1","max-image-preview":"max-image-preview:large","max-video-preview":"max-video-preview:-1"},"canonical":"https:\/\/www.johannagullichsen.com\/fi\/tuote\/kangaskori-s\/","og_locale":"fi_FI","og_type":"article","og_title":"Kangaskori S","og_description":"Kangaskori S on pieni py\u00f6re\u00e4 kori, johon on helppo k\u00e4tke\u00e4 vaikka pienet keitti\u00f6v\u00e4lineet, kylpytuotteet tai puhelinten laturit.","og_url":"https:\/\/www.johannagullichsen.com\/fi\/tuote\/kangaskori-s\/","og_site_name":"Johanna Gullichsen","article_modified_time":"2026-03-04T06:33:52+00:00","og_image":[{"width":608,"height":406,"url":"https:\/\/www.johannagullichsen.com\/wp-content\/uploads\/2025\/04\/JG_LokalKoti-fabric-basket-category.jpg","type":"image\/jpeg"}],"twitter_card":"summary_large_image","twitter_misc":{"Arvioitu lukuaika":"1 minuutti"},"schema":{"@context":"https:\/\/schema.org","@graph":[{"@type":"WebPage","@id":"https:\/\/www.johannagullichsen.com\/fi\/tuote\/kangaskori-s\/","url":"https:\/\/www.johannagullichsen.com\/fi\/tuote\/kangaskori-s\/","name":"Kangaskori S - Johanna Gullichsen","isPartOf":{"@id":"https:\/\/www.johannagullichsen.com\/fi\/#website"},"primaryImageOfPage":{"@id":"https:\/\/www.johannagullichsen.com\/fi\/tuote\/kangaskori-s\/#primaryimage"},"image":{"@id":"https:\/\/www.johannagullichsen.com\/fi\/tuote\/kangaskori-s\/#primaryimage"},"thumbnailUrl":"https:\/\/www.johannagullichsen.com\/wp-content\/uploads\/2020\/04\/Johanna-Gullichsen-fabric-basket-S-Eos-black.jpg","datePublished":"2020-04-14T10:52:38+00:00","dateModified":"2026-03-04T06:33:52+00:00","description":"Kangaskori S on pieni py\u00f6re\u00e4 kori, johon on helppo k\u00e4tke\u00e4 vaikka pienet keitti\u00f6v\u00e4lineet, kylpytuotteet tai puhelinten laturit.","breadcrumb":{"@id":"https:\/\/www.johannagullichsen.com\/fi\/tuote\/kangaskori-s\/#breadcrumb"},"inLanguage":"fi","potentialAction":[{"@type":"ReadAction","target":["https:\/\/www.johannagullichsen.com\/fi\/tuote\/kangaskori-s\/"]}]},{"@type":"ImageObject","inLanguage":"fi","@id":"https:\/\/www.johannagullichsen.com\/fi\/tuote\/kangaskori-s\/#primaryimage","url":"https:\/\/www.johannagullichsen.com\/wp-content\/uploads\/2020\/04\/Johanna-Gullichsen-fabric-basket-S-Eos-black.jpg","contentUrl":"https:\/\/www.johannagullichsen.com\/wp-content\/uploads\/2020\/04\/Johanna-Gullichsen-fabric-basket-S-Eos-black.jpg","width":1600,"height":1200},{"@type":"BreadcrumbList","@id":"https:\/\/www.johannagullichsen.com\/fi\/tuote\/kangaskori-s\/#breadcrumb","itemListElement":[{"@type":"ListItem","position":1,"name":"Home","item":"https:\/\/www.johannagullichsen.com\/fi\/"},{"@type":"ListItem","position":2,"name":"Tuotteet ja verkkokauppa","item":"https:\/\/www.johannagullichsen.com\/fi\/tuotteet\/"},{"@type":"ListItem","position":3,"name":"Kangaskori S"}]},{"@type":"WebSite","@id":"https:\/\/www.johannagullichsen.com\/fi\/#website","url":"https:\/\/www.johannagullichsen.com\/fi\/","name":"Johanna Gullichsen","description":"","potentialAction":[{"@type":"SearchAction","target":{"@type":"EntryPoint","urlTemplate":"https:\/\/www.johannagullichsen.com\/fi\/?s={search_term_string}"},"query-input":{"@type":"PropertyValueSpecification","valueRequired":true,"valueName":"search_term_string"}}],"inLanguage":"fi"}]}},"_links":{"self":[{"href":"https:\/\/www.johannagullichsen.com\/fi\/wp-json\/wp\/v2\/product\/5686","targetHints":{"allow":["GET"]}}],"collection":[{"href":"https:\/\/www.johannagullichsen.com\/fi\/wp-json\/wp\/v2\/product"}],"about":[{"href":"https:\/\/www.johannagullichsen.com\/fi\/wp-json\/wp\/v2\/types\/product"}],"wp:featuredmedia":[{"embeddable":true,"href":"https:\/\/www.johannagullichsen.com\/fi\/wp-json\/wp\/v2\/media\/30336"}],"wp:attachment":[{"href":"https:\/\/www.johannagullichsen.com\/fi\/wp-json\/wp\/v2\/media?parent=5686"}],"wp:term":[{"taxonomy":"product_brand","embeddable":true,"href":"https:\/\/www.johannagullichsen.com\/fi\/wp-json\/wp\/v2\/product_brand?post=5686"},{"taxonomy":"product_cat","embeddable":true,"href":"https:\/\/www.johannagullichsen.com\/fi\/wp-json\/wp\/v2\/product_cat?post=5686"},{"taxonomy":"product_tag","embeddable":true,"href":"https:\/\/www.johannagullichsen.com\/fi\/wp-json\/wp\/v2\/product_tag?post=5686"}],"curies":[{"name":"wp","href":"https:\/\/api.w.org\/{rel}","templated":true}]}}