{"id":5692,"date":"2020-04-14T16:12:54","date_gmt":"2020-04-14T13:12:54","guid":{"rendered":"https:\/\/www.johannagullichsen.com\/products\/Ei-luokiteltu\/bath-towel-in-pure-linen\/"},"modified":"2026-03-17T08:35:44","modified_gmt":"2026-03-17T06:35:44","slug":"kylpypyyhe","status":"publish","type":"product","link":"https:\/\/www.johannagullichsen.com\/fi\/tuote\/kylpypyyhe\/","title":{"rendered":"Kylpypyyhe"},"content":{"rendered":"<h4>Isoon pellavapyyhkeeseen on ihana k\u00e4\u00e4riyty\u00e4!<\/h4>\n<p>Pellava on t\u00e4ydellinen pyyhemateriaali; se imee hyvin kosteutta ja kuivuu nopeasti. Pellavapyyhe on my\u00f6s kevyt ja menee pieneen tilaan. Se sopiikin hyvin otettavaksi mukaan matkoille, kuntosalille tai vaikkapa rannalle.<\/p>\n<p>V\u00e4rj\u00e4tty, kudottu ja ommeltu Suomessa.<\/p>\n","protected":false},"excerpt":{"rendered":"<p>Isoon pellavapyyhkeeseen on ihana k\u00e4\u00e4riyty\u00e4! Pellava on t\u00e4ydellinen pyyhemateriaali; se imee hyvin kosteutta ja kuivuu nopeasti. Pellavapyyhe on my\u00f6s kevyt ja menee pieneen tilaan. Se sopiikin hyvin otettavaksi mukaan matkoille,&hellip;<\/p>\n","protected":false},"featured_media":3244,"template":"","meta":{"_acf_changed":false},"product_brand":[],"product_cat":[1976],"product_tag":[],"class_list":{"0":"post-5692","1":"product","2":"type-product","3":"status-publish","4":"has-post-thumbnail","6":"product_cat-pyyhkeet-ja-kylpytakit","7":"pa_pattern-colour-piazzetta-aqua-fi","8":"pa_pattern-colour-piazzetta-musta","9":"pa_pattern-colour-piazzetta-pellava-valkoinen","10":"collection-pure-2","12":"first","13":"instock","14":"taxable","15":"shipping-taxable","16":"purchasable","17":"product-type-variable"},"acf":[],"yoast_head":"<!-- This site is optimized with the Yoast SEO Premium plugin v27.2 (Yoast SEO v27.2) - https:\/\/yoast.com\/product\/yoast-seo-premium-wordpress\/ -->\n<title>Kylpypyyhe - Johanna Gullichsen<\/title>\n<meta name=\"description\" content=\"Iso kylpypyyhe pellavaa. Kevyt ja imukykyinen pellava on t\u00e4ydellinen pyyhemateriaali. Pyyhe kotiin, kuntosalille, matkoille.\" \/>\n<meta name=\"robots\" content=\"index, follow, max-snippet:-1, max-image-preview:large, max-video-preview:-1\" \/>\n<link rel=\"canonical\" href=\"https:\/\/www.johannagullichsen.com\/fi\/tuote\/kylpypyyhe\/\" \/>\n<meta property=\"og:locale\" content=\"fi_FI\" \/>\n<meta property=\"og:type\" content=\"article\" \/>\n<meta property=\"og:title\" content=\"Kylpypyyhe\" \/>\n<meta property=\"og:description\" content=\"Iso kylpypyyhe pellavaa. Kevyt ja imukykyinen pellava on t\u00e4ydellinen pyyhemateriaali. Pyyhe kotiin, kuntosalille, matkoille.\" \/>\n<meta property=\"og:url\" content=\"https:\/\/www.johannagullichsen.com\/fi\/tuote\/kylpypyyhe\/\" \/>\n<meta property=\"og:site_name\" content=\"Johanna Gullichsen\" \/>\n<meta property=\"article:modified_time\" content=\"2026-03-17T06:35:44+00:00\" \/>\n<meta property=\"og:image\" content=\"https:\/\/www.johannagullichsen.com\/wp-content\/uploads\/2020\/04\/Johanna_Gullichsen_Pure_bathtowel_flax.jpg\" \/>\n\t<meta property=\"og:image:width\" content=\"1600\" \/>\n\t<meta property=\"og:image:height\" content=\"1200\" \/>\n\t<meta property=\"og:image:type\" content=\"image\/jpeg\" \/>\n<meta name=\"twitter:card\" content=\"summary_large_image\" \/>\n<meta name=\"twitter:label1\" content=\"Arvioitu lukuaika\" \/>\n\t<meta name=\"twitter:data1\" content=\"1 minuutti\" \/>\n<script type=\"application\/ld+json\" class=\"yoast-schema-graph\">{\"@context\":\"https:\/\/schema.org\",\"@graph\":[{\"@type\":\"WebPage\",\"@id\":\"https:\/\/www.johannagullichsen.com\/fi\/tuote\/kylpypyyhe\/\",\"url\":\"https:\/\/www.johannagullichsen.com\/fi\/tuote\/kylpypyyhe\/\",\"name\":\"Kylpypyyhe - Johanna Gullichsen\",\"isPartOf\":{\"@id\":\"https:\/\/www.johannagullichsen.com\/fi\/#website\"},\"primaryImageOfPage\":{\"@id\":\"https:\/\/www.johannagullichsen.com\/fi\/tuote\/kylpypyyhe\/#primaryimage\"},\"image\":{\"@id\":\"https:\/\/www.johannagullichsen.com\/fi\/tuote\/kylpypyyhe\/#primaryimage\"},\"thumbnailUrl\":\"https:\/\/www.johannagullichsen.com\/wp-content\/uploads\/2020\/04\/Johanna_Gullichsen_Pure_bathtowel_flax.jpg\",\"datePublished\":\"2020-04-14T13:12:54+00:00\",\"dateModified\":\"2026-03-17T06:35:44+00:00\",\"description\":\"Iso kylpypyyhe pellavaa. Kevyt ja imukykyinen pellava on t\u00e4ydellinen pyyhemateriaali. Pyyhe kotiin, kuntosalille, matkoille.\",\"breadcrumb\":{\"@id\":\"https:\/\/www.johannagullichsen.com\/fi\/tuote\/kylpypyyhe\/#breadcrumb\"},\"inLanguage\":\"fi\",\"potentialAction\":[{\"@type\":\"ReadAction\",\"target\":[\"https:\/\/www.johannagullichsen.com\/fi\/tuote\/kylpypyyhe\/\"]}]},{\"@type\":\"ImageObject\",\"inLanguage\":\"fi\",\"@id\":\"https:\/\/www.johannagullichsen.com\/fi\/tuote\/kylpypyyhe\/#primaryimage\",\"url\":\"https:\/\/www.johannagullichsen.com\/wp-content\/uploads\/2020\/04\/Johanna_Gullichsen_Pure_bathtowel_flax.jpg\",\"contentUrl\":\"https:\/\/www.johannagullichsen.com\/wp-content\/uploads\/2020\/04\/Johanna_Gullichsen_Pure_bathtowel_flax.jpg\",\"width\":1600,\"height\":1200},{\"@type\":\"BreadcrumbList\",\"@id\":\"https:\/\/www.johannagullichsen.com\/fi\/tuote\/kylpypyyhe\/#breadcrumb\",\"itemListElement\":[{\"@type\":\"ListItem\",\"position\":1,\"name\":\"Home\",\"item\":\"https:\/\/www.johannagullichsen.com\/fi\/\"},{\"@type\":\"ListItem\",\"position\":2,\"name\":\"Tuotteet ja verkkokauppa\",\"item\":\"https:\/\/www.johannagullichsen.com\/fi\/tuotteet\/\"},{\"@type\":\"ListItem\",\"position\":3,\"name\":\"Kylpypyyhe\"}]},{\"@type\":\"WebSite\",\"@id\":\"https:\/\/www.johannagullichsen.com\/fi\/#website\",\"url\":\"https:\/\/www.johannagullichsen.com\/fi\/\",\"name\":\"Johanna Gullichsen\",\"description\":\"\",\"potentialAction\":[{\"@type\":\"SearchAction\",\"target\":{\"@type\":\"EntryPoint\",\"urlTemplate\":\"https:\/\/www.johannagullichsen.com\/fi\/?s={search_term_string}\"},\"query-input\":{\"@type\":\"PropertyValueSpecification\",\"valueRequired\":true,\"valueName\":\"search_term_string\"}}],\"inLanguage\":\"fi\"}]}<\/script>\n<!-- \/ Yoast SEO Premium plugin. -->","yoast_head_json":{"title":"Kylpypyyhe - Johanna Gullichsen","description":"Iso kylpypyyhe pellavaa. Kevyt ja imukykyinen pellava on t\u00e4ydellinen pyyhemateriaali. Pyyhe kotiin, kuntosalille, matkoille.","robots":{"index":"index","follow":"follow","max-snippet":"max-snippet:-1","max-image-preview":"max-image-preview:large","max-video-preview":"max-video-preview:-1"},"canonical":"https:\/\/www.johannagullichsen.com\/fi\/tuote\/kylpypyyhe\/","og_locale":"fi_FI","og_type":"article","og_title":"Kylpypyyhe","og_description":"Iso kylpypyyhe pellavaa. Kevyt ja imukykyinen pellava on t\u00e4ydellinen pyyhemateriaali. Pyyhe kotiin, kuntosalille, matkoille.","og_url":"https:\/\/www.johannagullichsen.com\/fi\/tuote\/kylpypyyhe\/","og_site_name":"Johanna Gullichsen","article_modified_time":"2026-03-17T06:35:44+00:00","og_image":[{"width":1600,"height":1200,"url":"https:\/\/www.johannagullichsen.com\/wp-content\/uploads\/2020\/04\/Johanna_Gullichsen_Pure_bathtowel_flax.jpg","type":"image\/jpeg"}],"twitter_card":"summary_large_image","twitter_misc":{"Arvioitu lukuaika":"1 minuutti"},"schema":{"@context":"https:\/\/schema.org","@graph":[{"@type":"WebPage","@id":"https:\/\/www.johannagullichsen.com\/fi\/tuote\/kylpypyyhe\/","url":"https:\/\/www.johannagullichsen.com\/fi\/tuote\/kylpypyyhe\/","name":"Kylpypyyhe - Johanna Gullichsen","isPartOf":{"@id":"https:\/\/www.johannagullichsen.com\/fi\/#website"},"primaryImageOfPage":{"@id":"https:\/\/www.johannagullichsen.com\/fi\/tuote\/kylpypyyhe\/#primaryimage"},"image":{"@id":"https:\/\/www.johannagullichsen.com\/fi\/tuote\/kylpypyyhe\/#primaryimage"},"thumbnailUrl":"https:\/\/www.johannagullichsen.com\/wp-content\/uploads\/2020\/04\/Johanna_Gullichsen_Pure_bathtowel_flax.jpg","datePublished":"2020-04-14T13:12:54+00:00","dateModified":"2026-03-17T06:35:44+00:00","description":"Iso kylpypyyhe pellavaa. Kevyt ja imukykyinen pellava on t\u00e4ydellinen pyyhemateriaali. Pyyhe kotiin, kuntosalille, matkoille.","breadcrumb":{"@id":"https:\/\/www.johannagullichsen.com\/fi\/tuote\/kylpypyyhe\/#breadcrumb"},"inLanguage":"fi","potentialAction":[{"@type":"ReadAction","target":["https:\/\/www.johannagullichsen.com\/fi\/tuote\/kylpypyyhe\/"]}]},{"@type":"ImageObject","inLanguage":"fi","@id":"https:\/\/www.johannagullichsen.com\/fi\/tuote\/kylpypyyhe\/#primaryimage","url":"https:\/\/www.johannagullichsen.com\/wp-content\/uploads\/2020\/04\/Johanna_Gullichsen_Pure_bathtowel_flax.jpg","contentUrl":"https:\/\/www.johannagullichsen.com\/wp-content\/uploads\/2020\/04\/Johanna_Gullichsen_Pure_bathtowel_flax.jpg","width":1600,"height":1200},{"@type":"BreadcrumbList","@id":"https:\/\/www.johannagullichsen.com\/fi\/tuote\/kylpypyyhe\/#breadcrumb","itemListElement":[{"@type":"ListItem","position":1,"name":"Home","item":"https:\/\/www.johannagullichsen.com\/fi\/"},{"@type":"ListItem","position":2,"name":"Tuotteet ja verkkokauppa","item":"https:\/\/www.johannagullichsen.com\/fi\/tuotteet\/"},{"@type":"ListItem","position":3,"name":"Kylpypyyhe"}]},{"@type":"WebSite","@id":"https:\/\/www.johannagullichsen.com\/fi\/#website","url":"https:\/\/www.johannagullichsen.com\/fi\/","name":"Johanna Gullichsen","description":"","potentialAction":[{"@type":"SearchAction","target":{"@type":"EntryPoint","urlTemplate":"https:\/\/www.johannagullichsen.com\/fi\/?s={search_term_string}"},"query-input":{"@type":"PropertyValueSpecification","valueRequired":true,"valueName":"search_term_string"}}],"inLanguage":"fi"}]}},"_links":{"self":[{"href":"https:\/\/www.johannagullichsen.com\/fi\/wp-json\/wp\/v2\/product\/5692","targetHints":{"allow":["GET"]}}],"collection":[{"href":"https:\/\/www.johannagullichsen.com\/fi\/wp-json\/wp\/v2\/product"}],"about":[{"href":"https:\/\/www.johannagullichsen.com\/fi\/wp-json\/wp\/v2\/types\/product"}],"wp:featuredmedia":[{"embeddable":true,"href":"https:\/\/www.johannagullichsen.com\/fi\/wp-json\/wp\/v2\/media\/3244"}],"wp:attachment":[{"href":"https:\/\/www.johannagullichsen.com\/fi\/wp-json\/wp\/v2\/media?parent=5692"}],"wp:term":[{"taxonomy":"product_brand","embeddable":true,"href":"https:\/\/www.johannagullichsen.com\/fi\/wp-json\/wp\/v2\/product_brand?post=5692"},{"taxonomy":"product_cat","embeddable":true,"href":"https:\/\/www.johannagullichsen.com\/fi\/wp-json\/wp\/v2\/product_cat?post=5692"},{"taxonomy":"product_tag","embeddable":true,"href":"https:\/\/www.johannagullichsen.com\/fi\/wp-json\/wp\/v2\/product_tag?post=5692"}],"curies":[{"name":"wp","href":"https:\/\/api.w.org\/{rel}","templated":true}]}}