{"id":5719,"date":"2020-04-15T10:22:18","date_gmt":"2020-04-15T07:22:18","guid":{"rendered":"https:\/\/www.johannagullichsen.com\/products\/Ei-luokiteltu\/bed-spread-180cm-x-260cm\/"},"modified":"2022-02-25T13:41:40","modified_gmt":"2022-02-25T11:41:40","slug":"paivapeitto-180-x-260-cm","status":"publish","type":"product","link":"https:\/\/www.johannagullichsen.com\/fi\/tuote\/paivapeitto-180-x-260-cm\/","title":{"rendered":"P\u00e4iv\u00e4peitto 180 x 260 cm"},"content":{"rendered":"<h4>Tyylik\u00e4s p\u00e4iv\u00e4peite<\/h4>\n<p>S\u00e4ngynpeitteet tehd\u00e4\u00e4n aina tilausty\u00f6n\u00e4, siksi toimitusaika on kahdesta kolmeen viikkoon.<\/p>\n<p>Makuuhuone siistiksi hetkess\u00e4 &#8211; onpa kuosivalintasi sitten arkkitehtoninen <a href=\"https:\/\/www.johannagullichsen.com\/fi\/tuotteet\/kankaat\/kangas-nereus\/\">Nereus<\/a>, ikisuosikki <a href=\"https:\/\/www.johannagullichsen.com\/fi\/tuotteet\/kankaat\/kangas-doris\/\">Doris<\/a> tai jokin muu <a href=\"https:\/\/www.johannagullichsen.com\/fi\/mallisto\/normandie-2\/\">verhoilukankaistamme<\/a>.<\/p>\n<p>Muita vakiokokoja: <a href=\"https:\/\/www.johannagullichsen.com\/fi\/tuotteet\/vuode-kylpy\/paivapeitto-260-cm-x-260-cm\/\">260 cm x 260 cm<\/a><\/p>\n","protected":false},"excerpt":{"rendered":"<p>Tyylik\u00e4s p\u00e4iv\u00e4peite S\u00e4ngynpeitteet tehd\u00e4\u00e4n aina tilausty\u00f6n\u00e4, siksi toimitusaika on kahdesta kolmeen viikkoon. Makuuhuone siistiksi hetkess\u00e4 &#8211; onpa kuosivalintasi sitten arkkitehtoninen Nereus, ikisuosikki Doris tai jokin muu verhoilukankaistamme. Muita vakiokokoja: 260&hellip;<\/p>\n","protected":false},"featured_media":3261,"template":"","meta":{"_acf_changed":false},"product_brand":[],"product_cat":[193],"product_tag":[],"class_list":{"0":"post-5719","1":"product","2":"type-product","3":"status-publish","4":"has-post-thumbnail","6":"product_cat-paivapeitot-ja-sangynpaadyt","7":"pa_pattern-colour-helios-blue-fi","8":"pa_pattern-colour-eos-dark-bordeaux-fi","9":"pa_pattern-colour-doris-tiili","10":"pa_pattern-colour-nereus-black-fi","11":"pa_pattern-colour-eos-vihrea","12":"pa_pattern-colour-tithonus-black-fi","13":"pa_pattern-colour-helios-viininpunainen","14":"pa_pattern-colour-eos-dark-green-fi","15":"pa_pattern-colour-doris-tummansininen","16":"pa_pattern-colour-nereus-blue-fi","17":"pa_pattern-colour-eos-harmaa","18":"pa_pattern-colour-tithonus-sininen","19":"pa_pattern-colour-helios-tiili","20":"pa_pattern-colour-doris-dark-bordeaux-fi","21":"pa_pattern-colour-doris-tummanvihrea","22":"pa_pattern-colour-nereus-bordeaux-fi","23":"pa_pattern-colour-eos-lyijy","24":"pa_pattern-colour-tithonus-viininpunainen","25":"pa_pattern-colour-helios-tummansininen","26":"pa_pattern-colour-tithonus-almond-fi","27":"pa_pattern-colour-doris-vihrea","28":"pa_pattern-colour-nereus-brick-fi","29":"pa_pattern-colour-eos-vaaleanharmaa","30":"pa_pattern-colour-tithonus-tiili","31":"pa_pattern-colour-helios-tumma-viininpunainen","32":"pa_pattern-colour-tilkku-okra","33":"pa_pattern-colour-doris-lyijy","34":"pa_pattern-colour-nereus-dark-blue-fi","35":"pa_pattern-colour-eos-keltainen","36":"pa_pattern-colour-tithonus-dark-green-fi","37":"pa_pattern-colour-helios-dark-green-fi","38":"pa_pattern-colour-selene-viininpunainen","39":"pa_pattern-colour-doris-okra","40":"pa_pattern-colour-nereus-dark-bordeaux-fi","41":"pa_pattern-colour-eos-manteli","42":"pa_pattern-colour-tithonus-vihrea","43":"pa_pattern-colour-helios-green-fi","44":"pa_pattern-colour-selene-vihrea","45":"pa_pattern-colour-doris-keltainen","46":"pa_pattern-colour-nereus-tummanvihrea","47":"pa_pattern-colour-eos-tummansininen-fi","48":"pa_pattern-colour-tithonus-lead-fi","49":"pa_pattern-colour-doris-manteli","50":"pa_pattern-colour-helios-lyijy","51":"pa_pattern-colour-selene-musta","52":"pa_pattern-colour-eos-musta","53":"pa_pattern-colour-nereus-green-fi","54":"pa_pattern-colour-eos-ochre-fi","55":"pa_pattern-colour-tithonus-okra","56":"pa_pattern-colour-doris-musta-fi","57":"pa_pattern-colour-helios-okra","58":"pa_pattern-colour-eos-sininen","59":"pa_pattern-colour-nereus-lyijy","60":"pa_pattern-colour-helios-manteli","61":"pa_pattern-colour-tithonus-kultainen","62":"pa_pattern-colour-doris-sininen","63":"pa_pattern-colour-helios-yellow-fi","64":"pa_pattern-colour-eos-viininpunainen","65":"pa_pattern-colour-nereus-okra","66":"pa_pattern-colour-helios-black-fi","67":"pa_pattern-colour-tithonus-tummansininen","68":"pa_pattern-colour-doris-viininpunainen","69":"pa_pattern-colour-nereus-manteli","70":"pa_pattern-colour-eos-tiili","71":"pa_pattern-colour-nereus-kultainen","72":"collection-normandie-2","74":"first","75":"instock","76":"taxable","77":"shipping-taxable","78":"purchasable","79":"product-type-variable","80":"has-default-attributes"},"acf":[],"yoast_head":"<!-- This site is optimized with the Yoast SEO Premium plugin v27.2 (Yoast SEO v27.5) - https:\/\/yoast.com\/product\/yoast-seo-premium-wordpress\/ -->\n<title>P\u00e4iv\u00e4peitto 180 x 260 cm - Johanna Gullichsen<\/title>\n<meta name=\"description\" content=\"P\u00e4iv\u00e4peitto 180 x 260 cm Johanna Gullichsen verhoilukankaasta. Kotimainen konepest\u00e4v\u00e4 puuvillakangas. Paljon kuoseja ja v\u00e4rivaihtoehtoja.\" \/>\n<meta name=\"robots\" content=\"index, follow, max-snippet:-1, max-image-preview:large, max-video-preview:-1\" \/>\n<link rel=\"canonical\" href=\"https:\/\/www.johannagullichsen.com\/fi\/tuote\/paivapeitto-180-x-260-cm\/\" \/>\n<meta property=\"og:locale\" content=\"fi_FI\" \/>\n<meta property=\"og:type\" content=\"article\" \/>\n<meta property=\"og:title\" content=\"P\u00e4iv\u00e4peitto 180 x 260 cm\" \/>\n<meta property=\"og:description\" content=\"P\u00e4iv\u00e4peitto 180 x 260 cm Johanna Gullichsen verhoilukankaasta. Kotimainen konepest\u00e4v\u00e4 puuvillakangas. Paljon kuoseja ja v\u00e4rivaihtoehtoja.\" \/>\n<meta property=\"og:url\" content=\"https:\/\/www.johannagullichsen.com\/fi\/tuote\/paivapeitto-180-x-260-cm\/\" \/>\n<meta property=\"og:site_name\" content=\"Johanna Gullichsen\" \/>\n<meta property=\"article:modified_time\" content=\"2022-02-25T11:41:40+00:00\" \/>\n<meta property=\"og:image\" content=\"https:\/\/www.johannagullichsen.com\/wp-content\/uploads\/2020\/04\/doris_almond_bedspread_narrow.jpg\" \/>\n\t<meta property=\"og:image:width\" content=\"1600\" \/>\n\t<meta property=\"og:image:height\" content=\"1200\" \/>\n\t<meta property=\"og:image:type\" content=\"image\/jpeg\" \/>\n<meta name=\"twitter:card\" content=\"summary_large_image\" \/>\n<meta name=\"twitter:label1\" content=\"Arvioitu lukuaika\" \/>\n\t<meta name=\"twitter:data1\" content=\"1 minuutti\" \/>\n<script type=\"application\/ld+json\" class=\"yoast-schema-graph\">{\"@context\":\"https:\\\/\\\/schema.org\",\"@graph\":[{\"@type\":\"WebPage\",\"@id\":\"https:\\\/\\\/www.johannagullichsen.com\\\/fi\\\/tuote\\\/paivapeitto-180-x-260-cm\\\/\",\"url\":\"https:\\\/\\\/www.johannagullichsen.com\\\/fi\\\/tuote\\\/paivapeitto-180-x-260-cm\\\/\",\"name\":\"P\u00e4iv\u00e4peitto 180 x 260 cm - Johanna Gullichsen\",\"isPartOf\":{\"@id\":\"https:\\\/\\\/www.johannagullichsen.com\\\/fi\\\/#website\"},\"primaryImageOfPage\":{\"@id\":\"https:\\\/\\\/www.johannagullichsen.com\\\/fi\\\/tuote\\\/paivapeitto-180-x-260-cm\\\/#primaryimage\"},\"image\":{\"@id\":\"https:\\\/\\\/www.johannagullichsen.com\\\/fi\\\/tuote\\\/paivapeitto-180-x-260-cm\\\/#primaryimage\"},\"thumbnailUrl\":\"https:\\\/\\\/www.johannagullichsen.com\\\/wp-content\\\/uploads\\\/2020\\\/04\\\/doris_almond_bedspread_narrow.jpg\",\"datePublished\":\"2020-04-15T07:22:18+00:00\",\"dateModified\":\"2022-02-25T11:41:40+00:00\",\"description\":\"P\u00e4iv\u00e4peitto 180 x 260 cm Johanna Gullichsen verhoilukankaasta. Kotimainen konepest\u00e4v\u00e4 puuvillakangas. Paljon kuoseja ja v\u00e4rivaihtoehtoja.\",\"breadcrumb\":{\"@id\":\"https:\\\/\\\/www.johannagullichsen.com\\\/fi\\\/tuote\\\/paivapeitto-180-x-260-cm\\\/#breadcrumb\"},\"inLanguage\":\"fi\",\"potentialAction\":[{\"@type\":\"ReadAction\",\"target\":[\"https:\\\/\\\/www.johannagullichsen.com\\\/fi\\\/tuote\\\/paivapeitto-180-x-260-cm\\\/\"]}]},{\"@type\":\"ImageObject\",\"inLanguage\":\"fi\",\"@id\":\"https:\\\/\\\/www.johannagullichsen.com\\\/fi\\\/tuote\\\/paivapeitto-180-x-260-cm\\\/#primaryimage\",\"url\":\"https:\\\/\\\/www.johannagullichsen.com\\\/wp-content\\\/uploads\\\/2020\\\/04\\\/doris_almond_bedspread_narrow.jpg\",\"contentUrl\":\"https:\\\/\\\/www.johannagullichsen.com\\\/wp-content\\\/uploads\\\/2020\\\/04\\\/doris_almond_bedspread_narrow.jpg\",\"width\":1600,\"height\":1200},{\"@type\":\"BreadcrumbList\",\"@id\":\"https:\\\/\\\/www.johannagullichsen.com\\\/fi\\\/tuote\\\/paivapeitto-180-x-260-cm\\\/#breadcrumb\",\"itemListElement\":[{\"@type\":\"ListItem\",\"position\":1,\"name\":\"Home\",\"item\":\"https:\\\/\\\/www.johannagullichsen.com\\\/fi\\\/\"},{\"@type\":\"ListItem\",\"position\":2,\"name\":\"Tuotteet ja verkkokauppa\",\"item\":\"https:\\\/\\\/www.johannagullichsen.com\\\/fi\\\/tuotteet\\\/\"},{\"@type\":\"ListItem\",\"position\":3,\"name\":\"P\u00e4iv\u00e4peitto 180 x 260 cm\"}]},{\"@type\":\"WebSite\",\"@id\":\"https:\\\/\\\/www.johannagullichsen.com\\\/fi\\\/#website\",\"url\":\"https:\\\/\\\/www.johannagullichsen.com\\\/fi\\\/\",\"name\":\"Johanna Gullichsen\",\"description\":\"\",\"potentialAction\":[{\"@type\":\"SearchAction\",\"target\":{\"@type\":\"EntryPoint\",\"urlTemplate\":\"https:\\\/\\\/www.johannagullichsen.com\\\/fi\\\/?s={search_term_string}\"},\"query-input\":{\"@type\":\"PropertyValueSpecification\",\"valueRequired\":true,\"valueName\":\"search_term_string\"}}],\"inLanguage\":\"fi\"}]}<\/script>\n<!-- \/ Yoast SEO Premium plugin. -->","yoast_head_json":{"title":"P\u00e4iv\u00e4peitto 180 x 260 cm - Johanna Gullichsen","description":"P\u00e4iv\u00e4peitto 180 x 260 cm Johanna Gullichsen verhoilukankaasta. Kotimainen konepest\u00e4v\u00e4 puuvillakangas. Paljon kuoseja ja v\u00e4rivaihtoehtoja.","robots":{"index":"index","follow":"follow","max-snippet":"max-snippet:-1","max-image-preview":"max-image-preview:large","max-video-preview":"max-video-preview:-1"},"canonical":"https:\/\/www.johannagullichsen.com\/fi\/tuote\/paivapeitto-180-x-260-cm\/","og_locale":"fi_FI","og_type":"article","og_title":"P\u00e4iv\u00e4peitto 180 x 260 cm","og_description":"P\u00e4iv\u00e4peitto 180 x 260 cm Johanna Gullichsen verhoilukankaasta. Kotimainen konepest\u00e4v\u00e4 puuvillakangas. Paljon kuoseja ja v\u00e4rivaihtoehtoja.","og_url":"https:\/\/www.johannagullichsen.com\/fi\/tuote\/paivapeitto-180-x-260-cm\/","og_site_name":"Johanna Gullichsen","article_modified_time":"2022-02-25T11:41:40+00:00","og_image":[{"width":1600,"height":1200,"url":"https:\/\/www.johannagullichsen.com\/wp-content\/uploads\/2020\/04\/doris_almond_bedspread_narrow.jpg","type":"image\/jpeg"}],"twitter_card":"summary_large_image","twitter_misc":{"Arvioitu lukuaika":"1 minuutti"},"schema":{"@context":"https:\/\/schema.org","@graph":[{"@type":"WebPage","@id":"https:\/\/www.johannagullichsen.com\/fi\/tuote\/paivapeitto-180-x-260-cm\/","url":"https:\/\/www.johannagullichsen.com\/fi\/tuote\/paivapeitto-180-x-260-cm\/","name":"P\u00e4iv\u00e4peitto 180 x 260 cm - Johanna Gullichsen","isPartOf":{"@id":"https:\/\/www.johannagullichsen.com\/fi\/#website"},"primaryImageOfPage":{"@id":"https:\/\/www.johannagullichsen.com\/fi\/tuote\/paivapeitto-180-x-260-cm\/#primaryimage"},"image":{"@id":"https:\/\/www.johannagullichsen.com\/fi\/tuote\/paivapeitto-180-x-260-cm\/#primaryimage"},"thumbnailUrl":"https:\/\/www.johannagullichsen.com\/wp-content\/uploads\/2020\/04\/doris_almond_bedspread_narrow.jpg","datePublished":"2020-04-15T07:22:18+00:00","dateModified":"2022-02-25T11:41:40+00:00","description":"P\u00e4iv\u00e4peitto 180 x 260 cm Johanna Gullichsen verhoilukankaasta. Kotimainen konepest\u00e4v\u00e4 puuvillakangas. Paljon kuoseja ja v\u00e4rivaihtoehtoja.","breadcrumb":{"@id":"https:\/\/www.johannagullichsen.com\/fi\/tuote\/paivapeitto-180-x-260-cm\/#breadcrumb"},"inLanguage":"fi","potentialAction":[{"@type":"ReadAction","target":["https:\/\/www.johannagullichsen.com\/fi\/tuote\/paivapeitto-180-x-260-cm\/"]}]},{"@type":"ImageObject","inLanguage":"fi","@id":"https:\/\/www.johannagullichsen.com\/fi\/tuote\/paivapeitto-180-x-260-cm\/#primaryimage","url":"https:\/\/www.johannagullichsen.com\/wp-content\/uploads\/2020\/04\/doris_almond_bedspread_narrow.jpg","contentUrl":"https:\/\/www.johannagullichsen.com\/wp-content\/uploads\/2020\/04\/doris_almond_bedspread_narrow.jpg","width":1600,"height":1200},{"@type":"BreadcrumbList","@id":"https:\/\/www.johannagullichsen.com\/fi\/tuote\/paivapeitto-180-x-260-cm\/#breadcrumb","itemListElement":[{"@type":"ListItem","position":1,"name":"Home","item":"https:\/\/www.johannagullichsen.com\/fi\/"},{"@type":"ListItem","position":2,"name":"Tuotteet ja verkkokauppa","item":"https:\/\/www.johannagullichsen.com\/fi\/tuotteet\/"},{"@type":"ListItem","position":3,"name":"P\u00e4iv\u00e4peitto 180 x 260 cm"}]},{"@type":"WebSite","@id":"https:\/\/www.johannagullichsen.com\/fi\/#website","url":"https:\/\/www.johannagullichsen.com\/fi\/","name":"Johanna Gullichsen","description":"","potentialAction":[{"@type":"SearchAction","target":{"@type":"EntryPoint","urlTemplate":"https:\/\/www.johannagullichsen.com\/fi\/?s={search_term_string}"},"query-input":{"@type":"PropertyValueSpecification","valueRequired":true,"valueName":"search_term_string"}}],"inLanguage":"fi"}]}},"_links":{"self":[{"href":"https:\/\/www.johannagullichsen.com\/fi\/wp-json\/wp\/v2\/product\/5719","targetHints":{"allow":["GET"]}}],"collection":[{"href":"https:\/\/www.johannagullichsen.com\/fi\/wp-json\/wp\/v2\/product"}],"about":[{"href":"https:\/\/www.johannagullichsen.com\/fi\/wp-json\/wp\/v2\/types\/product"}],"wp:featuredmedia":[{"embeddable":true,"href":"https:\/\/www.johannagullichsen.com\/fi\/wp-json\/wp\/v2\/media\/3261"}],"wp:attachment":[{"href":"https:\/\/www.johannagullichsen.com\/fi\/wp-json\/wp\/v2\/media?parent=5719"}],"wp:term":[{"taxonomy":"product_brand","embeddable":true,"href":"https:\/\/www.johannagullichsen.com\/fi\/wp-json\/wp\/v2\/product_brand?post=5719"},{"taxonomy":"product_cat","embeddable":true,"href":"https:\/\/www.johannagullichsen.com\/fi\/wp-json\/wp\/v2\/product_cat?post=5719"},{"taxonomy":"product_tag","embeddable":true,"href":"https:\/\/www.johannagullichsen.com\/fi\/wp-json\/wp\/v2\/product_tag?post=5719"}],"curies":[{"name":"wp","href":"https:\/\/api.w.org\/{rel}","templated":true}]}}