{"id":5991,"date":"2020-04-15T13:24:14","date_gmt":"2020-04-15T10:24:14","guid":{"rendered":"https:\/\/www.johannagullichsen.com\/products\/Ei-luokiteltu\/coin-purse\/"},"modified":"2025-04-17T10:55:15","modified_gmt":"2025-04-17T07:55:15","slug":"mini-kukkaro-pussukka","status":"publish","type":"product","link":"https:\/\/www.johannagullichsen.com\/fi\/tuote\/mini-kukkaro-pussukka\/","title":{"rendered":"Mini-kukkaro"},"content":{"rendered":"<h4>Pikkukukkaro kaikkein t\u00e4rkeimmille<\/h4>\n<p>Mallistomme pienin kukkaro sopii korujen, luottokorttien tai muiden aarteiden s\u00e4ilytt\u00e4miseen &#8211; turvassa ja l\u00e4hell\u00e4. Jokainen kukkaro on yksil\u00f6llinen, sill\u00e4 kuvio kohdistuu tuotteessa sattumanvaraisesti.<\/p>\n","protected":false},"excerpt":{"rendered":"<p>Pikkukukkaro kaikkein t\u00e4rkeimmille Mallistomme pienin kukkaro sopii korujen, luottokorttien tai muiden aarteiden s\u00e4ilytt\u00e4miseen &#8211; turvassa ja l\u00e4hell\u00e4. Jokainen kukkaro on yksil\u00f6llinen, sill\u00e4 kuvio kohdistuu tuotteessa sattumanvaraisesti.<\/p>\n","protected":false},"featured_media":17543,"template":"","meta":{"_acf_changed":false},"product_brand":[],"product_cat":[192,1969],"product_tag":[],"class_list":{"0":"post-5991","1":"product","2":"type-product","3":"status-publish","4":"has-post-thumbnail","6":"product_cat-laukut-asusteet","7":"product_cat-kosmetiikkalaukut-ja-kukkarot","8":"pa_pattern-colour-eos-vihrea","9":"pa_pattern-colour-tithonus-viininpunainen","10":"pa_pattern-colour-helios-tiili","11":"pa_pattern-colour-doris-tummansininen","12":"pa_pattern-colour-nereus-bordeaux-fi","13":"pa_pattern-colour-eos-harmaa","14":"pa_pattern-colour-tithonus-tiili","15":"pa_pattern-colour-helios-tummansininen","16":"pa_pattern-colour-doris-tummanvihrea","17":"pa_pattern-colour-nereus-brick-fi","18":"pa_pattern-colour-eos-lyijy","19":"pa_pattern-colour-tithonus-dark-green-fi","20":"pa_pattern-colour-helios-tumma-viininpunainen","21":"pa_pattern-colour-doris-vihrea","22":"pa_pattern-colour-nereus-dark-blue-fi","23":"pa_pattern-colour-eos-vaaleanharmaa","24":"pa_pattern-colour-tithonus-vihrea","25":"pa_pattern-colour-helios-dark-green-fi","26":"pa_pattern-colour-doris-lyijy","27":"pa_pattern-colour-nereus-tummanvihrea","28":"pa_pattern-colour-eos-keltainen","29":"pa_pattern-colour-tithonus-lead-fi","30":"pa_pattern-colour-helios-green-fi","31":"pa_pattern-colour-doris-okra","32":"pa_pattern-colour-nereus-green-fi","33":"pa_pattern-colour-eos-tummansininen-fi","34":"pa_pattern-colour-tithonus-okra","35":"pa_pattern-colour-helios-lyijy","36":"pa_pattern-colour-doris-keltainen","37":"pa_pattern-colour-nereus-lyijy","38":"pa_pattern-colour-eos-ochre-fi","39":"pa_pattern-colour-tithonus-kultainen","40":"pa_pattern-colour-doris-manteli","41":"pa_pattern-colour-helios-okra","42":"pa_pattern-colour-eos-musta","43":"pa_pattern-colour-nereus-okra","44":"pa_pattern-colour-helios-manteli","45":"pa_pattern-colour-helios-lime-fi","46":"pa_pattern-colour-doris-musta-fi","47":"pa_pattern-colour-helios-yellow-fi","48":"pa_pattern-colour-eos-sininen","49":"pa_pattern-colour-nereus-kultainen","50":"pa_pattern-colour-helios-black-fi","51":"pa_pattern-colour-tithonus-lime-fi","52":"pa_pattern-colour-doris-sininen","53":"pa_pattern-colour-nereus-manteli","54":"pa_pattern-colour-eos-viininpunainen","55":"pa_pattern-colour-tithonus-black-fi","56":"pa_pattern-colour-helios-blue-fi","57":"pa_pattern-colour-doris-lime-fi","58":"pa_pattern-colour-doris-viininpunainen","59":"pa_pattern-colour-nereus-black-fi","60":"pa_pattern-colour-eos-tiili","61":"pa_pattern-colour-tithonus-sininen","62":"pa_pattern-colour-helios-viininpunainen","63":"pa_pattern-colour-selene-musta","64":"pa_pattern-colour-doris-tiili","65":"pa_pattern-colour-nereus-blue-fi","66":"collection-normandie-2","68":"first","69":"instock","70":"taxable","71":"shipping-taxable","72":"purchasable","73":"product-type-variable"},"acf":[],"yoast_head":"<!-- This site is optimized with the Yoast SEO Premium plugin v27.2 (Yoast SEO v27.2) - https:\/\/yoast.com\/product\/yoast-seo-premium-wordpress\/ -->\n<title>Mini-kukkaro - Johanna Gullichsen<\/title>\n<meta name=\"description\" content=\"Pieni kukkaro t\u00e4rkeille pikkutavaroille. Kotimainen kolikkokukkaro kest\u00e4v\u00e4\u00e4 puuvillakangasta. 100% luomupuuvilla. konepest\u00e4v\u00e4.\" \/>\n<meta name=\"robots\" content=\"index, follow, max-snippet:-1, max-image-preview:large, max-video-preview:-1\" \/>\n<link rel=\"canonical\" href=\"https:\/\/www.johannagullichsen.com\/fi\/tuote\/mini-kukkaro-pussukka\/\" \/>\n<meta property=\"og:locale\" content=\"fi_FI\" \/>\n<meta property=\"og:type\" content=\"article\" \/>\n<meta property=\"og:title\" content=\"Mini-kukkaro\" \/>\n<meta property=\"og:description\" content=\"Pieni kukkaro t\u00e4rkeille pikkutavaroille. Kotimainen kolikkokukkaro kest\u00e4v\u00e4\u00e4 puuvillakangasta. 100% luomupuuvilla. konepest\u00e4v\u00e4.\" \/>\n<meta property=\"og:url\" content=\"https:\/\/www.johannagullichsen.com\/fi\/tuote\/mini-kukkaro-pussukka\/\" \/>\n<meta property=\"og:site_name\" content=\"Johanna Gullichsen\" \/>\n<meta property=\"article:modified_time\" content=\"2025-04-17T07:55:15+00:00\" \/>\n<meta property=\"og:image\" content=\"https:\/\/www.johannagullichsen.com\/wp-content\/uploads\/2020\/04\/Johanna-Gullichsen-selection-of-coin-purses.jpg\" \/>\n\t<meta property=\"og:image:width\" content=\"1600\" \/>\n\t<meta property=\"og:image:height\" content=\"1200\" \/>\n\t<meta property=\"og:image:type\" content=\"image\/jpeg\" \/>\n<meta name=\"twitter:card\" content=\"summary_large_image\" \/>\n<meta name=\"twitter:label1\" content=\"Arvioitu lukuaika\" \/>\n\t<meta name=\"twitter:data1\" content=\"1 minuutti\" \/>\n<script type=\"application\/ld+json\" class=\"yoast-schema-graph\">{\"@context\":\"https:\/\/schema.org\",\"@graph\":[{\"@type\":\"WebPage\",\"@id\":\"https:\/\/www.johannagullichsen.com\/fi\/tuote\/mini-kukkaro-pussukka\/\",\"url\":\"https:\/\/www.johannagullichsen.com\/fi\/tuote\/mini-kukkaro-pussukka\/\",\"name\":\"Mini-kukkaro - Johanna Gullichsen\",\"isPartOf\":{\"@id\":\"https:\/\/www.johannagullichsen.com\/fi\/#website\"},\"primaryImageOfPage\":{\"@id\":\"https:\/\/www.johannagullichsen.com\/fi\/tuote\/mini-kukkaro-pussukka\/#primaryimage\"},\"image\":{\"@id\":\"https:\/\/www.johannagullichsen.com\/fi\/tuote\/mini-kukkaro-pussukka\/#primaryimage\"},\"thumbnailUrl\":\"https:\/\/www.johannagullichsen.com\/wp-content\/uploads\/2020\/04\/Johanna-Gullichsen-selection-of-coin-purses.jpg\",\"datePublished\":\"2020-04-15T10:24:14+00:00\",\"dateModified\":\"2025-04-17T07:55:15+00:00\",\"description\":\"Pieni kukkaro t\u00e4rkeille pikkutavaroille. Kotimainen kolikkokukkaro kest\u00e4v\u00e4\u00e4 puuvillakangasta. 100% luomupuuvilla. konepest\u00e4v\u00e4.\",\"breadcrumb\":{\"@id\":\"https:\/\/www.johannagullichsen.com\/fi\/tuote\/mini-kukkaro-pussukka\/#breadcrumb\"},\"inLanguage\":\"fi\",\"potentialAction\":[{\"@type\":\"ReadAction\",\"target\":[\"https:\/\/www.johannagullichsen.com\/fi\/tuote\/mini-kukkaro-pussukka\/\"]}]},{\"@type\":\"ImageObject\",\"inLanguage\":\"fi\",\"@id\":\"https:\/\/www.johannagullichsen.com\/fi\/tuote\/mini-kukkaro-pussukka\/#primaryimage\",\"url\":\"https:\/\/www.johannagullichsen.com\/wp-content\/uploads\/2020\/04\/Johanna-Gullichsen-selection-of-coin-purses.jpg\",\"contentUrl\":\"https:\/\/www.johannagullichsen.com\/wp-content\/uploads\/2020\/04\/Johanna-Gullichsen-selection-of-coin-purses.jpg\",\"width\":1600,\"height\":1200},{\"@type\":\"BreadcrumbList\",\"@id\":\"https:\/\/www.johannagullichsen.com\/fi\/tuote\/mini-kukkaro-pussukka\/#breadcrumb\",\"itemListElement\":[{\"@type\":\"ListItem\",\"position\":1,\"name\":\"Home\",\"item\":\"https:\/\/www.johannagullichsen.com\/fi\/\"},{\"@type\":\"ListItem\",\"position\":2,\"name\":\"Tuotteet ja verkkokauppa\",\"item\":\"https:\/\/www.johannagullichsen.com\/fi\/tuotteet\/\"},{\"@type\":\"ListItem\",\"position\":3,\"name\":\"Mini-kukkaro\"}]},{\"@type\":\"WebSite\",\"@id\":\"https:\/\/www.johannagullichsen.com\/fi\/#website\",\"url\":\"https:\/\/www.johannagullichsen.com\/fi\/\",\"name\":\"Johanna Gullichsen\",\"description\":\"\",\"potentialAction\":[{\"@type\":\"SearchAction\",\"target\":{\"@type\":\"EntryPoint\",\"urlTemplate\":\"https:\/\/www.johannagullichsen.com\/fi\/?s={search_term_string}\"},\"query-input\":{\"@type\":\"PropertyValueSpecification\",\"valueRequired\":true,\"valueName\":\"search_term_string\"}}],\"inLanguage\":\"fi\"}]}<\/script>\n<!-- \/ Yoast SEO Premium plugin. -->","yoast_head_json":{"title":"Mini-kukkaro - Johanna Gullichsen","description":"Pieni kukkaro t\u00e4rkeille pikkutavaroille. Kotimainen kolikkokukkaro kest\u00e4v\u00e4\u00e4 puuvillakangasta. 100% luomupuuvilla. konepest\u00e4v\u00e4.","robots":{"index":"index","follow":"follow","max-snippet":"max-snippet:-1","max-image-preview":"max-image-preview:large","max-video-preview":"max-video-preview:-1"},"canonical":"https:\/\/www.johannagullichsen.com\/fi\/tuote\/mini-kukkaro-pussukka\/","og_locale":"fi_FI","og_type":"article","og_title":"Mini-kukkaro","og_description":"Pieni kukkaro t\u00e4rkeille pikkutavaroille. Kotimainen kolikkokukkaro kest\u00e4v\u00e4\u00e4 puuvillakangasta. 100% luomupuuvilla. konepest\u00e4v\u00e4.","og_url":"https:\/\/www.johannagullichsen.com\/fi\/tuote\/mini-kukkaro-pussukka\/","og_site_name":"Johanna Gullichsen","article_modified_time":"2025-04-17T07:55:15+00:00","og_image":[{"width":1600,"height":1200,"url":"https:\/\/www.johannagullichsen.com\/wp-content\/uploads\/2020\/04\/Johanna-Gullichsen-selection-of-coin-purses.jpg","type":"image\/jpeg"}],"twitter_card":"summary_large_image","twitter_misc":{"Arvioitu lukuaika":"1 minuutti"},"schema":{"@context":"https:\/\/schema.org","@graph":[{"@type":"WebPage","@id":"https:\/\/www.johannagullichsen.com\/fi\/tuote\/mini-kukkaro-pussukka\/","url":"https:\/\/www.johannagullichsen.com\/fi\/tuote\/mini-kukkaro-pussukka\/","name":"Mini-kukkaro - Johanna Gullichsen","isPartOf":{"@id":"https:\/\/www.johannagullichsen.com\/fi\/#website"},"primaryImageOfPage":{"@id":"https:\/\/www.johannagullichsen.com\/fi\/tuote\/mini-kukkaro-pussukka\/#primaryimage"},"image":{"@id":"https:\/\/www.johannagullichsen.com\/fi\/tuote\/mini-kukkaro-pussukka\/#primaryimage"},"thumbnailUrl":"https:\/\/www.johannagullichsen.com\/wp-content\/uploads\/2020\/04\/Johanna-Gullichsen-selection-of-coin-purses.jpg","datePublished":"2020-04-15T10:24:14+00:00","dateModified":"2025-04-17T07:55:15+00:00","description":"Pieni kukkaro t\u00e4rkeille pikkutavaroille. Kotimainen kolikkokukkaro kest\u00e4v\u00e4\u00e4 puuvillakangasta. 100% luomupuuvilla. konepest\u00e4v\u00e4.","breadcrumb":{"@id":"https:\/\/www.johannagullichsen.com\/fi\/tuote\/mini-kukkaro-pussukka\/#breadcrumb"},"inLanguage":"fi","potentialAction":[{"@type":"ReadAction","target":["https:\/\/www.johannagullichsen.com\/fi\/tuote\/mini-kukkaro-pussukka\/"]}]},{"@type":"ImageObject","inLanguage":"fi","@id":"https:\/\/www.johannagullichsen.com\/fi\/tuote\/mini-kukkaro-pussukka\/#primaryimage","url":"https:\/\/www.johannagullichsen.com\/wp-content\/uploads\/2020\/04\/Johanna-Gullichsen-selection-of-coin-purses.jpg","contentUrl":"https:\/\/www.johannagullichsen.com\/wp-content\/uploads\/2020\/04\/Johanna-Gullichsen-selection-of-coin-purses.jpg","width":1600,"height":1200},{"@type":"BreadcrumbList","@id":"https:\/\/www.johannagullichsen.com\/fi\/tuote\/mini-kukkaro-pussukka\/#breadcrumb","itemListElement":[{"@type":"ListItem","position":1,"name":"Home","item":"https:\/\/www.johannagullichsen.com\/fi\/"},{"@type":"ListItem","position":2,"name":"Tuotteet ja verkkokauppa","item":"https:\/\/www.johannagullichsen.com\/fi\/tuotteet\/"},{"@type":"ListItem","position":3,"name":"Mini-kukkaro"}]},{"@type":"WebSite","@id":"https:\/\/www.johannagullichsen.com\/fi\/#website","url":"https:\/\/www.johannagullichsen.com\/fi\/","name":"Johanna Gullichsen","description":"","potentialAction":[{"@type":"SearchAction","target":{"@type":"EntryPoint","urlTemplate":"https:\/\/www.johannagullichsen.com\/fi\/?s={search_term_string}"},"query-input":{"@type":"PropertyValueSpecification","valueRequired":true,"valueName":"search_term_string"}}],"inLanguage":"fi"}]}},"_links":{"self":[{"href":"https:\/\/www.johannagullichsen.com\/fi\/wp-json\/wp\/v2\/product\/5991","targetHints":{"allow":["GET"]}}],"collection":[{"href":"https:\/\/www.johannagullichsen.com\/fi\/wp-json\/wp\/v2\/product"}],"about":[{"href":"https:\/\/www.johannagullichsen.com\/fi\/wp-json\/wp\/v2\/types\/product"}],"wp:featuredmedia":[{"embeddable":true,"href":"https:\/\/www.johannagullichsen.com\/fi\/wp-json\/wp\/v2\/media\/17543"}],"wp:attachment":[{"href":"https:\/\/www.johannagullichsen.com\/fi\/wp-json\/wp\/v2\/media?parent=5991"}],"wp:term":[{"taxonomy":"product_brand","embeddable":true,"href":"https:\/\/www.johannagullichsen.com\/fi\/wp-json\/wp\/v2\/product_brand?post=5991"},{"taxonomy":"product_cat","embeddable":true,"href":"https:\/\/www.johannagullichsen.com\/fi\/wp-json\/wp\/v2\/product_cat?post=5991"},{"taxonomy":"product_tag","embeddable":true,"href":"https:\/\/www.johannagullichsen.com\/fi\/wp-json\/wp\/v2\/product_tag?post=5991"}],"curies":[{"name":"wp","href":"https:\/\/api.w.org\/{rel}","templated":true}]}}