{"id":6096,"date":"2020-04-27T14:58:05","date_gmt":"2020-04-27T11:58:05","guid":{"rendered":"https:\/\/www.johannagullichsen.com\/products\/Ei-luokiteltu\/purse\/"},"modified":"2025-04-16T08:35:16","modified_gmt":"2025-04-16T05:35:16","slug":"kukkaro","status":"publish","type":"product","link":"https:\/\/www.johannagullichsen.com\/fi\/tuote\/kukkaro\/","title":{"rendered":"Kukkaro"},"content":{"rendered":"<h4>Kukkaro pienille t\u00e4rkeille asioille<\/h4>\n<p>Kukkaro kolikoille ja avaimille, korteille tai meikille. T\u00e4m\u00e4 luomupuuvillasta valmistettu kukkaro on paitsi kest\u00e4v\u00e4 my\u00f6s k\u00e4tev\u00e4sti konepest\u00e4v\u00e4. Fiksu valinta jokap\u00e4iv\u00e4isiin tarpeisiin.<\/p>\n<p>Jos tarvitset viel\u00e4 pienemm\u00e4n kukkaron, tutustu minikukkaroon <a href=\"https:\/\/www.johannagullichsen.com\/fi\/tuote\/mini-kukkaro\/\">t\u00e4\u00e4ll\u00e4<\/a>.<\/p>\n","protected":false},"excerpt":{"rendered":"<p>Kukkaro pienille t\u00e4rkeille asioille Kukkaro kolikoille ja avaimille, korteille tai meikille. T\u00e4m\u00e4 luomupuuvillasta valmistettu kukkaro on paitsi kest\u00e4v\u00e4 my\u00f6s k\u00e4tev\u00e4sti konepest\u00e4v\u00e4. Fiksu valinta jokap\u00e4iv\u00e4isiin tarpeisiin. Jos tarvitset viel\u00e4 pienemm\u00e4n kukkaron,&hellip;<\/p>\n","protected":false},"featured_media":25430,"template":"","meta":{"_acf_changed":false},"product_brand":[],"product_cat":[192,1969],"product_tag":[],"class_list":{"0":"post-6096","1":"product","2":"type-product","3":"status-publish","4":"has-post-thumbnail","6":"product_cat-laukut-asusteet","7":"product_cat-kosmetiikkalaukut-ja-kukkarot","8":"pa_pattern-colour-doris-musta-fi","9":"pa_pattern-colour-helios-dark-green-fi","10":"pa_pattern-colour-tithonus-okra","11":"pa_pattern-colour-eos-sininen","12":"pa_pattern-colour-nereus-blue-fi","13":"pa_pattern-colour-nereus-dark-green-negative-fi","14":"pa_pattern-colour-helios-manteli","15":"pa_pattern-colour-nereus-lead-negative-fi","16":"pa_pattern-colour-doris-olki","17":"pa_pattern-colour-doris-sininen","18":"pa_pattern-colour-helios-green-fi","19":"pa_pattern-colour-tithonus-kultainen","20":"pa_pattern-colour-eos-viininpunainen","21":"pa_pattern-colour-nereus-sininen-nega","22":"pa_pattern-colour-nereus-ochre-negative-fi","23":"pa_pattern-colour-helios-black-fi","24":"pa_pattern-colour-nereus-okra","25":"pa_pattern-colour-doris-viininpunainen","26":"pa_pattern-colour-helios-green-negative-fi","27":"pa_pattern-colour-helios-tummansininen-nega","28":"pa_pattern-colour-eos-tiili","29":"pa_pattern-colour-nereus-bordeaux-fi","30":"pa_pattern-colour-nereus-yellow-negative-fi","31":"pa_pattern-colour-helios-musta-nega","32":"pa_pattern-colour-nereus-kultainen","33":"pa_pattern-colour-doris-tiili","34":"pa_pattern-colour-helios-lyijy","35":"pa_pattern-colour-helios-tummanvihrea-nega","36":"pa_pattern-colour-eos-vihrea","37":"pa_pattern-colour-nereus-brick-fi","38":"pa_pattern-colour-helios-lime-fi","39":"pa_pattern-colour-helios-blue-fi","40":"pa_pattern-colour-tithonus-black-fi","41":"pa_pattern-colour-doris-tummansininen","42":"pa_pattern-colour-helios-lead-negative-fi","43":"pa_pattern-colour-nereus-viininpunainen-nega","44":"pa_pattern-colour-eos-harmaa","45":"pa_pattern-colour-nereus-brick-negative-fi","46":"pa_pattern-colour-helios-lime-negative-fi","47":"pa_pattern-colour-helios-blue-negativet-fi","48":"pa_pattern-colour-tithonus-sininen","49":"pa_pattern-colour-doris-tummanvihrea","50":"pa_pattern-colour-helios-okra","51":"pa_pattern-colour-nereus-tummansininen-nega","52":"pa_pattern-colour-eos-lyijy","53":"pa_pattern-colour-nereus-dark-blue-fi","54":"pa_pattern-colour-nereus-silver-fi","55":"pa_pattern-colour-helios-viininpunainen","56":"pa_pattern-colour-tithonus-viininpunainen","57":"pa_pattern-colour-doris-vihrea","58":"pa_pattern-colour-helios-yellow-fi","59":"pa_pattern-colour-tithonus-tummansininen","60":"pa_pattern-colour-eos-vaaleanharmaa","61":"pa_pattern-colour-nereus-dark-bordeaux-fi","62":"pa_pattern-colour-tithonus-lime-fi","63":"pa_pattern-colour-helios-tiili","64":"pa_pattern-colour-tithonus-tiili","65":"pa_pattern-colour-doris-lyijy","66":"pa_pattern-colour-nereus-manteli","67":"pa_pattern-colour-helios-almond-negative-fi","68":"pa_pattern-colour-eos-keltainen","69":"pa_pattern-colour-nereus-tummanvihrea","70":"pa_pattern-colour-eos-yellowblue-fi","71":"pa_pattern-colour-helios-brick-negative-fi","72":"pa_pattern-colour-tithonus-dark-green-fi","73":"pa_pattern-colour-doris-okra","74":"pa_pattern-colour-nereus-almond-negative-fi","75":"pa_pattern-colour-helios-bordeaux-negative-fi","76":"pa_pattern-colour-eos-manteli","77":"pa_pattern-colour-nereus-green-fi","78":"pa_pattern-colour-nereus-silver-negative-fi","79":"pa_pattern-colour-helios-tummansininen","80":"pa_pattern-colour-tithonus-vihrea","81":"pa_pattern-colour-doris-keltainen","82":"pa_pattern-colour-nereus-black-fi","83":"pa_pattern-colour-helios-ochre-negative-fi","84":"pa_pattern-colour-eos-tummansininen-fi","85":"pa_pattern-colour-nereus-green-negative-fi","86":"pa_pattern-colour-selene-viininpunainen","87":"pa_pattern-colour-doris-manteli","88":"pa_pattern-colour-helios-tumma-viininpunainen","89":"pa_pattern-colour-tithonus-lead-fi","90":"pa_pattern-colour-eos-musta","91":"pa_pattern-colour-nereus-musta-nega","92":"pa_pattern-colour-helios-yellow-negative-fi","93":"pa_pattern-colour-eos-ochre-fi","94":"pa_pattern-colour-nereus-lyijy","95":"pa_pattern-colour-selene-vihrea","96":"collection-normandie-2","98":"first","99":"instock","100":"taxable","101":"shipping-taxable","102":"purchasable","103":"product-type-variable"},"acf":[],"yoast_head":"<!-- This site is optimized with the Yoast SEO Premium plugin v27.2 (Yoast SEO v27.2) - https:\/\/yoast.com\/product\/yoast-seo-premium-wordpress\/ -->\n<title>Kukkaro - Johanna Gullichsen<\/title>\n<meta name=\"description\" content=\"Kukkaro, johon mahtuvat rahat, meikki, avaimet... Tukevaa Johanna Gullichsen puuvillakangasta. Valmistettu Suomessa. Konepest\u00e4v\u00e4.\" \/>\n<meta name=\"robots\" content=\"index, follow, max-snippet:-1, max-image-preview:large, max-video-preview:-1\" \/>\n<link rel=\"canonical\" href=\"https:\/\/www.johannagullichsen.com\/fi\/tuote\/kukkaro\/\" \/>\n<meta property=\"og:locale\" content=\"fi_FI\" \/>\n<meta property=\"og:type\" content=\"article\" \/>\n<meta property=\"og:title\" content=\"Kukkaro\" \/>\n<meta property=\"og:description\" content=\"Kukkaro, johon mahtuvat rahat, meikki, avaimet... Tukevaa Johanna Gullichsen puuvillakangasta. Valmistettu Suomessa. Konepest\u00e4v\u00e4.\" \/>\n<meta property=\"og:url\" content=\"https:\/\/www.johannagullichsen.com\/fi\/tuote\/kukkaro\/\" \/>\n<meta property=\"og:site_name\" content=\"Johanna Gullichsen\" \/>\n<meta property=\"article:modified_time\" content=\"2025-04-16T05:35:16+00:00\" \/>\n<meta property=\"og:image\" content=\"https:\/\/www.johannagullichsen.com\/wp-content\/uploads\/2020\/04\/Johanna-Gullichsen-Purses-Selene-green-Helios-green-and-Nereus-dark-green.jpg\" \/>\n\t<meta property=\"og:image:width\" content=\"1600\" \/>\n\t<meta property=\"og:image:height\" content=\"1200\" \/>\n\t<meta property=\"og:image:type\" content=\"image\/jpeg\" \/>\n<meta name=\"twitter:card\" content=\"summary_large_image\" \/>\n<meta name=\"twitter:label1\" content=\"Arvioitu lukuaika\" \/>\n\t<meta name=\"twitter:data1\" content=\"1 minuutti\" \/>\n<script type=\"application\/ld+json\" class=\"yoast-schema-graph\">{\"@context\":\"https:\/\/schema.org\",\"@graph\":[{\"@type\":\"WebPage\",\"@id\":\"https:\/\/www.johannagullichsen.com\/fi\/tuote\/kukkaro\/\",\"url\":\"https:\/\/www.johannagullichsen.com\/fi\/tuote\/kukkaro\/\",\"name\":\"Kukkaro - Johanna Gullichsen\",\"isPartOf\":{\"@id\":\"https:\/\/www.johannagullichsen.com\/fi\/#website\"},\"primaryImageOfPage\":{\"@id\":\"https:\/\/www.johannagullichsen.com\/fi\/tuote\/kukkaro\/#primaryimage\"},\"image\":{\"@id\":\"https:\/\/www.johannagullichsen.com\/fi\/tuote\/kukkaro\/#primaryimage\"},\"thumbnailUrl\":\"https:\/\/www.johannagullichsen.com\/wp-content\/uploads\/2020\/04\/Johanna-Gullichsen-Purses-Selene-green-Helios-green-and-Nereus-dark-green.jpg\",\"datePublished\":\"2020-04-27T11:58:05+00:00\",\"dateModified\":\"2025-04-16T05:35:16+00:00\",\"description\":\"Kukkaro, johon mahtuvat rahat, meikki, avaimet... Tukevaa Johanna Gullichsen puuvillakangasta. Valmistettu Suomessa. Konepest\u00e4v\u00e4.\",\"breadcrumb\":{\"@id\":\"https:\/\/www.johannagullichsen.com\/fi\/tuote\/kukkaro\/#breadcrumb\"},\"inLanguage\":\"fi\",\"potentialAction\":[{\"@type\":\"ReadAction\",\"target\":[\"https:\/\/www.johannagullichsen.com\/fi\/tuote\/kukkaro\/\"]}]},{\"@type\":\"ImageObject\",\"inLanguage\":\"fi\",\"@id\":\"https:\/\/www.johannagullichsen.com\/fi\/tuote\/kukkaro\/#primaryimage\",\"url\":\"https:\/\/www.johannagullichsen.com\/wp-content\/uploads\/2020\/04\/Johanna-Gullichsen-Purses-Selene-green-Helios-green-and-Nereus-dark-green.jpg\",\"contentUrl\":\"https:\/\/www.johannagullichsen.com\/wp-content\/uploads\/2020\/04\/Johanna-Gullichsen-Purses-Selene-green-Helios-green-and-Nereus-dark-green.jpg\",\"width\":1600,\"height\":1200},{\"@type\":\"BreadcrumbList\",\"@id\":\"https:\/\/www.johannagullichsen.com\/fi\/tuote\/kukkaro\/#breadcrumb\",\"itemListElement\":[{\"@type\":\"ListItem\",\"position\":1,\"name\":\"Home\",\"item\":\"https:\/\/www.johannagullichsen.com\/fi\/\"},{\"@type\":\"ListItem\",\"position\":2,\"name\":\"Tuotteet ja verkkokauppa\",\"item\":\"https:\/\/www.johannagullichsen.com\/fi\/tuotteet\/\"},{\"@type\":\"ListItem\",\"position\":3,\"name\":\"Kukkaro\"}]},{\"@type\":\"WebSite\",\"@id\":\"https:\/\/www.johannagullichsen.com\/fi\/#website\",\"url\":\"https:\/\/www.johannagullichsen.com\/fi\/\",\"name\":\"Johanna Gullichsen\",\"description\":\"\",\"potentialAction\":[{\"@type\":\"SearchAction\",\"target\":{\"@type\":\"EntryPoint\",\"urlTemplate\":\"https:\/\/www.johannagullichsen.com\/fi\/?s={search_term_string}\"},\"query-input\":{\"@type\":\"PropertyValueSpecification\",\"valueRequired\":true,\"valueName\":\"search_term_string\"}}],\"inLanguage\":\"fi\"}]}<\/script>\n<!-- \/ Yoast SEO Premium plugin. -->","yoast_head_json":{"title":"Kukkaro - Johanna Gullichsen","description":"Kukkaro, johon mahtuvat rahat, meikki, avaimet... Tukevaa Johanna Gullichsen puuvillakangasta. Valmistettu Suomessa. Konepest\u00e4v\u00e4.","robots":{"index":"index","follow":"follow","max-snippet":"max-snippet:-1","max-image-preview":"max-image-preview:large","max-video-preview":"max-video-preview:-1"},"canonical":"https:\/\/www.johannagullichsen.com\/fi\/tuote\/kukkaro\/","og_locale":"fi_FI","og_type":"article","og_title":"Kukkaro","og_description":"Kukkaro, johon mahtuvat rahat, meikki, avaimet... Tukevaa Johanna Gullichsen puuvillakangasta. Valmistettu Suomessa. Konepest\u00e4v\u00e4.","og_url":"https:\/\/www.johannagullichsen.com\/fi\/tuote\/kukkaro\/","og_site_name":"Johanna Gullichsen","article_modified_time":"2025-04-16T05:35:16+00:00","og_image":[{"width":1600,"height":1200,"url":"https:\/\/www.johannagullichsen.com\/wp-content\/uploads\/2020\/04\/Johanna-Gullichsen-Purses-Selene-green-Helios-green-and-Nereus-dark-green.jpg","type":"image\/jpeg"}],"twitter_card":"summary_large_image","twitter_misc":{"Arvioitu lukuaika":"1 minuutti"},"schema":{"@context":"https:\/\/schema.org","@graph":[{"@type":"WebPage","@id":"https:\/\/www.johannagullichsen.com\/fi\/tuote\/kukkaro\/","url":"https:\/\/www.johannagullichsen.com\/fi\/tuote\/kukkaro\/","name":"Kukkaro - Johanna Gullichsen","isPartOf":{"@id":"https:\/\/www.johannagullichsen.com\/fi\/#website"},"primaryImageOfPage":{"@id":"https:\/\/www.johannagullichsen.com\/fi\/tuote\/kukkaro\/#primaryimage"},"image":{"@id":"https:\/\/www.johannagullichsen.com\/fi\/tuote\/kukkaro\/#primaryimage"},"thumbnailUrl":"https:\/\/www.johannagullichsen.com\/wp-content\/uploads\/2020\/04\/Johanna-Gullichsen-Purses-Selene-green-Helios-green-and-Nereus-dark-green.jpg","datePublished":"2020-04-27T11:58:05+00:00","dateModified":"2025-04-16T05:35:16+00:00","description":"Kukkaro, johon mahtuvat rahat, meikki, avaimet... Tukevaa Johanna Gullichsen puuvillakangasta. Valmistettu Suomessa. Konepest\u00e4v\u00e4.","breadcrumb":{"@id":"https:\/\/www.johannagullichsen.com\/fi\/tuote\/kukkaro\/#breadcrumb"},"inLanguage":"fi","potentialAction":[{"@type":"ReadAction","target":["https:\/\/www.johannagullichsen.com\/fi\/tuote\/kukkaro\/"]}]},{"@type":"ImageObject","inLanguage":"fi","@id":"https:\/\/www.johannagullichsen.com\/fi\/tuote\/kukkaro\/#primaryimage","url":"https:\/\/www.johannagullichsen.com\/wp-content\/uploads\/2020\/04\/Johanna-Gullichsen-Purses-Selene-green-Helios-green-and-Nereus-dark-green.jpg","contentUrl":"https:\/\/www.johannagullichsen.com\/wp-content\/uploads\/2020\/04\/Johanna-Gullichsen-Purses-Selene-green-Helios-green-and-Nereus-dark-green.jpg","width":1600,"height":1200},{"@type":"BreadcrumbList","@id":"https:\/\/www.johannagullichsen.com\/fi\/tuote\/kukkaro\/#breadcrumb","itemListElement":[{"@type":"ListItem","position":1,"name":"Home","item":"https:\/\/www.johannagullichsen.com\/fi\/"},{"@type":"ListItem","position":2,"name":"Tuotteet ja verkkokauppa","item":"https:\/\/www.johannagullichsen.com\/fi\/tuotteet\/"},{"@type":"ListItem","position":3,"name":"Kukkaro"}]},{"@type":"WebSite","@id":"https:\/\/www.johannagullichsen.com\/fi\/#website","url":"https:\/\/www.johannagullichsen.com\/fi\/","name":"Johanna Gullichsen","description":"","potentialAction":[{"@type":"SearchAction","target":{"@type":"EntryPoint","urlTemplate":"https:\/\/www.johannagullichsen.com\/fi\/?s={search_term_string}"},"query-input":{"@type":"PropertyValueSpecification","valueRequired":true,"valueName":"search_term_string"}}],"inLanguage":"fi"}]}},"_links":{"self":[{"href":"https:\/\/www.johannagullichsen.com\/fi\/wp-json\/wp\/v2\/product\/6096","targetHints":{"allow":["GET"]}}],"collection":[{"href":"https:\/\/www.johannagullichsen.com\/fi\/wp-json\/wp\/v2\/product"}],"about":[{"href":"https:\/\/www.johannagullichsen.com\/fi\/wp-json\/wp\/v2\/types\/product"}],"wp:featuredmedia":[{"embeddable":true,"href":"https:\/\/www.johannagullichsen.com\/fi\/wp-json\/wp\/v2\/media\/25430"}],"wp:attachment":[{"href":"https:\/\/www.johannagullichsen.com\/fi\/wp-json\/wp\/v2\/media?parent=6096"}],"wp:term":[{"taxonomy":"product_brand","embeddable":true,"href":"https:\/\/www.johannagullichsen.com\/fi\/wp-json\/wp\/v2\/product_brand?post=6096"},{"taxonomy":"product_cat","embeddable":true,"href":"https:\/\/www.johannagullichsen.com\/fi\/wp-json\/wp\/v2\/product_cat?post=6096"},{"taxonomy":"product_tag","embeddable":true,"href":"https:\/\/www.johannagullichsen.com\/fi\/wp-json\/wp\/v2\/product_tag?post=6096"}],"curies":[{"name":"wp","href":"https:\/\/api.w.org\/{rel}","templated":true}]}}