{"id":6553,"date":"2020-04-27T14:34:08","date_gmt":"2020-04-27T11:34:08","guid":{"rendered":"https:\/\/www.johannagullichsen.com\/products\/Ei-luokiteltu\/placemat\/"},"modified":"2026-03-17T08:14:57","modified_gmt":"2026-03-17T06:14:57","slug":"tabletti","status":"publish","type":"product","link":"https:\/\/www.johannagullichsen.com\/fi\/tuote\/tabletti\/","title":{"rendered":"Tabletti"},"content":{"rendered":"<h4>K\u00e4tev\u00e4 kattauksen kaunistaja arkeen ja juhlaan<\/h4>\n<p>Voit my\u00f6s yhdistell\u00e4 reippaasti eri kuoseja ja v\u00e4rej\u00e4.<\/p>\n<p>V\u00e4rj\u00e4tty, kudottu ja ommeltu Suomessa.<\/p>\n","protected":false},"excerpt":{"rendered":"<p>K\u00e4tev\u00e4 kattauksen kaunistaja arkeen ja juhlaan Voit my\u00f6s yhdistell\u00e4 reippaasti eri kuoseja ja v\u00e4rej\u00e4. V\u00e4rj\u00e4tty, kudottu ja ommeltu Suomessa.<\/p>\n","protected":false},"featured_media":30144,"template":"","meta":{"_acf_changed":false},"product_brand":[],"product_cat":[194],"product_tag":[],"class_list":{"0":"post-6553","1":"product","2":"type-product","3":"status-publish","4":"has-post-thumbnail","6":"product_cat-keittio-ja-kattaustekstiilit","7":"pa_pattern-colour-doris-tummansininen","8":"pa_pattern-colour-helios-lead-negative-fi","9":"pa_pattern-colour-nereus-tummansininen-nega","10":"pa_pattern-colour-eos-harmaa","11":"pa_pattern-colour-nereus-brick-negative-fi","12":"pa_pattern-colour-tithonus-lime-fi","13":"pa_pattern-colour-helios-blue-negativet-fi","14":"pa_pattern-colour-tithonus-sininen","15":"pa_pattern-colour-doris-cirrus","16":"pa_pattern-colour-doris-tummanvihrea","17":"pa_pattern-colour-helios-okra","18":"pa_pattern-colour-tithonus-tummansininen","19":"pa_pattern-colour-eos-lyijy","20":"pa_pattern-colour-nereus-dark-blue-fi","21":"pa_pattern-colour-oceanide-other-fi","22":"pa_pattern-colour-helios-viininpunainen","23":"pa_pattern-colour-tithonus-viininpunainen","24":"pa_pattern-colour-doris-vihrea","25":"pa_pattern-colour-helios-yellow-fi","26":"pa_pattern-colour-helios-almond-negative-fi","27":"pa_pattern-colour-eos-vaaleanharmaa","28":"pa_pattern-colour-nereus-dark-bordeaux-fi","29":"pa_pattern-colour-tilkku-sininen","30":"pa_pattern-colour-helios-tiili","31":"pa_pattern-colour-tithonus-dark-green-fi","32":"pa_pattern-colour-doris-lyijy","33":"pa_pattern-colour-nereus-manteli","34":"pa_pattern-colour-helios-bordeaux-negative-fi","35":"pa_pattern-colour-eos-keltainen","36":"pa_pattern-colour-nereus-tummanvihrea","37":"pa_pattern-colour-tilkku-lyijy","38":"pa_pattern-colour-helios-brick-negative-fi","39":"pa_pattern-colour-tithonus-vihrea","40":"pa_pattern-colour-doris-okra","41":"pa_pattern-colour-nereus-almond-negative-fi","42":"pa_pattern-colour-helios-ochre-negative-fi","43":"pa_pattern-colour-eos-manteli","44":"pa_pattern-colour-nereus-green-fi","45":"pa_pattern-colour-tilkku-keltainen","46":"pa_pattern-colour-helios-tummansininen","47":"pa_pattern-colour-tithonus-lead-fi","48":"pa_pattern-colour-doris-keltainen","49":"pa_pattern-colour-nereus-black-fi","50":"pa_pattern-colour-helios-yellow-negative-fi","51":"pa_pattern-colour-eos-tummansininen-fi","52":"pa_pattern-colour-nereus-green-negative-fi","53":"pa_pattern-colour-tilkku-okra","54":"pa_pattern-colour-doris-manteli","55":"pa_pattern-colour-helios-tumma-viininpunainen","56":"pa_pattern-colour-tithonus-okra","57":"pa_pattern-colour-eos-musta","58":"pa_pattern-colour-nereus-musta-nega","59":"pa_pattern-colour-nereus-dark-green-negative-fi","60":"pa_pattern-colour-eos-ochre-fi","61":"pa_pattern-colour-nereus-lyijy","62":"pa_pattern-colour-tilkku-vihrea","63":"pa_pattern-colour-doris-musta-fi","64":"pa_pattern-colour-helios-dark-green-fi","65":"pa_pattern-colour-tithonus-kultainen","66":"pa_pattern-colour-eos-sininen","67":"pa_pattern-colour-nereus-blue-fi","68":"pa_pattern-colour-nereus-ochre-negative-fi","69":"pa_pattern-colour-helios-manteli","70":"pa_pattern-colour-nereus-lead-negative-fi","71":"pa_pattern-colour-tilkku-vihrea-fi","72":"pa_pattern-colour-doris-sininen","73":"pa_pattern-colour-helios-green-fi","74":"pa_pattern-colour-helios-tummansininen-nega","75":"pa_pattern-colour-eos-viininpunainen","76":"pa_pattern-colour-nereus-sininen-nega","77":"pa_pattern-colour-nereus-yellow-negative-fi","78":"pa_pattern-colour-helios-black-fi","79":"pa_pattern-colour-nereus-okra","80":"pa_pattern-colour-tilkku-bordeaux","81":"pa_pattern-colour-doris-viininpunainen","82":"pa_pattern-colour-helios-green-negative-fi","83":"pa_pattern-colour-helios-tummanvihrea-nega","84":"pa_pattern-colour-eos-tiili","85":"pa_pattern-colour-nereus-bordeaux-fi","86":"pa_pattern-colour-helios-lime-fi","87":"pa_pattern-colour-helios-musta-nega","88":"pa_pattern-colour-nereus-kultainen","89":"pa_pattern-colour-tilkku-tiili","90":"pa_pattern-colour-doris-tiili","91":"pa_pattern-colour-helios-lyijy","92":"pa_pattern-colour-nereus-viininpunainen-nega","93":"pa_pattern-colour-eos-vihrea","94":"pa_pattern-colour-nereus-brick-fi","95":"pa_pattern-colour-helios-lime-negative-fi","96":"pa_pattern-colour-helios-blue-fi","97":"pa_pattern-colour-tithonus-black-fi","98":"pa_pattern-colour-tilkku-musta","99":"collection-normandie-2","101":"first","102":"instock","103":"taxable","104":"shipping-taxable","105":"purchasable","106":"product-type-variable","107":"has-default-attributes"},"acf":[],"yoast_head":"<!-- This site is optimized with the Yoast SEO Premium plugin v27.2 (Yoast SEO v27.5) - https:\/\/yoast.com\/product\/yoast-seo-premium-wordpress\/ -->\n<title>Tabletti - Johanna Gullichsen<\/title>\n<meta name=\"description\" content=\"Konepest\u00e4v\u00e4 p\u00f6yt\u00e4tabletti kest\u00e4v\u00e4\u00e4 puuvillakangasta. Yhdistele kuoseja ja v\u00e4rej\u00e4, helppo tapa tehd\u00e4 kaunis kauttaus!\" \/>\n<meta name=\"robots\" content=\"index, follow, max-snippet:-1, max-image-preview:large, max-video-preview:-1\" \/>\n<link rel=\"canonical\" href=\"https:\/\/www.johannagullichsen.com\/fi\/tuote\/tabletti\/\" \/>\n<meta property=\"og:locale\" content=\"fi_FI\" \/>\n<meta property=\"og:type\" content=\"article\" \/>\n<meta property=\"og:title\" content=\"Tabletti\" \/>\n<meta property=\"og:description\" content=\"Konepest\u00e4v\u00e4 p\u00f6yt\u00e4tabletti kest\u00e4v\u00e4\u00e4 puuvillakangasta. Yhdistele kuoseja ja v\u00e4rej\u00e4, helppo tapa tehd\u00e4 kaunis kauttaus!\" \/>\n<meta property=\"og:url\" content=\"https:\/\/www.johannagullichsen.com\/fi\/tuote\/tabletti\/\" \/>\n<meta property=\"og:site_name\" content=\"Johanna Gullichsen\" \/>\n<meta property=\"article:modified_time\" content=\"2026-03-17T06:14:57+00:00\" \/>\n<meta property=\"og:image\" content=\"https:\/\/www.johannagullichsen.com\/wp-content\/uploads\/2020\/04\/Johanna-Gullichsen-placemat-Doris-rain.jpg\" \/>\n\t<meta property=\"og:image:width\" content=\"1600\" \/>\n\t<meta property=\"og:image:height\" content=\"1200\" \/>\n\t<meta property=\"og:image:type\" content=\"image\/jpeg\" \/>\n<meta name=\"twitter:card\" content=\"summary_large_image\" \/>\n<meta name=\"twitter:label1\" content=\"Arvioitu lukuaika\" \/>\n\t<meta name=\"twitter:data1\" content=\"1 minuutti\" \/>\n<script type=\"application\/ld+json\" class=\"yoast-schema-graph\">{\"@context\":\"https:\\\/\\\/schema.org\",\"@graph\":[{\"@type\":\"WebPage\",\"@id\":\"https:\\\/\\\/www.johannagullichsen.com\\\/fi\\\/tuote\\\/tabletti\\\/\",\"url\":\"https:\\\/\\\/www.johannagullichsen.com\\\/fi\\\/tuote\\\/tabletti\\\/\",\"name\":\"Tabletti - Johanna Gullichsen\",\"isPartOf\":{\"@id\":\"https:\\\/\\\/www.johannagullichsen.com\\\/fi\\\/#website\"},\"primaryImageOfPage\":{\"@id\":\"https:\\\/\\\/www.johannagullichsen.com\\\/fi\\\/tuote\\\/tabletti\\\/#primaryimage\"},\"image\":{\"@id\":\"https:\\\/\\\/www.johannagullichsen.com\\\/fi\\\/tuote\\\/tabletti\\\/#primaryimage\"},\"thumbnailUrl\":\"https:\\\/\\\/www.johannagullichsen.com\\\/wp-content\\\/uploads\\\/2020\\\/04\\\/Johanna-Gullichsen-placemat-Doris-rain.jpg\",\"datePublished\":\"2020-04-27T11:34:08+00:00\",\"dateModified\":\"2026-03-17T06:14:57+00:00\",\"description\":\"Konepest\u00e4v\u00e4 p\u00f6yt\u00e4tabletti kest\u00e4v\u00e4\u00e4 puuvillakangasta. Yhdistele kuoseja ja v\u00e4rej\u00e4, helppo tapa tehd\u00e4 kaunis kauttaus!\",\"breadcrumb\":{\"@id\":\"https:\\\/\\\/www.johannagullichsen.com\\\/fi\\\/tuote\\\/tabletti\\\/#breadcrumb\"},\"inLanguage\":\"fi\",\"potentialAction\":[{\"@type\":\"ReadAction\",\"target\":[\"https:\\\/\\\/www.johannagullichsen.com\\\/fi\\\/tuote\\\/tabletti\\\/\"]}]},{\"@type\":\"ImageObject\",\"inLanguage\":\"fi\",\"@id\":\"https:\\\/\\\/www.johannagullichsen.com\\\/fi\\\/tuote\\\/tabletti\\\/#primaryimage\",\"url\":\"https:\\\/\\\/www.johannagullichsen.com\\\/wp-content\\\/uploads\\\/2020\\\/04\\\/Johanna-Gullichsen-placemat-Doris-rain.jpg\",\"contentUrl\":\"https:\\\/\\\/www.johannagullichsen.com\\\/wp-content\\\/uploads\\\/2020\\\/04\\\/Johanna-Gullichsen-placemat-Doris-rain.jpg\",\"width\":1600,\"height\":1200},{\"@type\":\"BreadcrumbList\",\"@id\":\"https:\\\/\\\/www.johannagullichsen.com\\\/fi\\\/tuote\\\/tabletti\\\/#breadcrumb\",\"itemListElement\":[{\"@type\":\"ListItem\",\"position\":1,\"name\":\"Home\",\"item\":\"https:\\\/\\\/www.johannagullichsen.com\\\/fi\\\/\"},{\"@type\":\"ListItem\",\"position\":2,\"name\":\"Tuotteet ja verkkokauppa\",\"item\":\"https:\\\/\\\/www.johannagullichsen.com\\\/fi\\\/tuotteet\\\/\"},{\"@type\":\"ListItem\",\"position\":3,\"name\":\"Tabletti\"}]},{\"@type\":\"WebSite\",\"@id\":\"https:\\\/\\\/www.johannagullichsen.com\\\/fi\\\/#website\",\"url\":\"https:\\\/\\\/www.johannagullichsen.com\\\/fi\\\/\",\"name\":\"Johanna Gullichsen\",\"description\":\"\",\"potentialAction\":[{\"@type\":\"SearchAction\",\"target\":{\"@type\":\"EntryPoint\",\"urlTemplate\":\"https:\\\/\\\/www.johannagullichsen.com\\\/fi\\\/?s={search_term_string}\"},\"query-input\":{\"@type\":\"PropertyValueSpecification\",\"valueRequired\":true,\"valueName\":\"search_term_string\"}}],\"inLanguage\":\"fi\"}]}<\/script>\n<!-- \/ Yoast SEO Premium plugin. -->","yoast_head_json":{"title":"Tabletti - Johanna Gullichsen","description":"Konepest\u00e4v\u00e4 p\u00f6yt\u00e4tabletti kest\u00e4v\u00e4\u00e4 puuvillakangasta. Yhdistele kuoseja ja v\u00e4rej\u00e4, helppo tapa tehd\u00e4 kaunis kauttaus!","robots":{"index":"index","follow":"follow","max-snippet":"max-snippet:-1","max-image-preview":"max-image-preview:large","max-video-preview":"max-video-preview:-1"},"canonical":"https:\/\/www.johannagullichsen.com\/fi\/tuote\/tabletti\/","og_locale":"fi_FI","og_type":"article","og_title":"Tabletti","og_description":"Konepest\u00e4v\u00e4 p\u00f6yt\u00e4tabletti kest\u00e4v\u00e4\u00e4 puuvillakangasta. Yhdistele kuoseja ja v\u00e4rej\u00e4, helppo tapa tehd\u00e4 kaunis kauttaus!","og_url":"https:\/\/www.johannagullichsen.com\/fi\/tuote\/tabletti\/","og_site_name":"Johanna Gullichsen","article_modified_time":"2026-03-17T06:14:57+00:00","og_image":[{"width":1600,"height":1200,"url":"https:\/\/www.johannagullichsen.com\/wp-content\/uploads\/2020\/04\/Johanna-Gullichsen-placemat-Doris-rain.jpg","type":"image\/jpeg"}],"twitter_card":"summary_large_image","twitter_misc":{"Arvioitu lukuaika":"1 minuutti"},"schema":{"@context":"https:\/\/schema.org","@graph":[{"@type":"WebPage","@id":"https:\/\/www.johannagullichsen.com\/fi\/tuote\/tabletti\/","url":"https:\/\/www.johannagullichsen.com\/fi\/tuote\/tabletti\/","name":"Tabletti - Johanna Gullichsen","isPartOf":{"@id":"https:\/\/www.johannagullichsen.com\/fi\/#website"},"primaryImageOfPage":{"@id":"https:\/\/www.johannagullichsen.com\/fi\/tuote\/tabletti\/#primaryimage"},"image":{"@id":"https:\/\/www.johannagullichsen.com\/fi\/tuote\/tabletti\/#primaryimage"},"thumbnailUrl":"https:\/\/www.johannagullichsen.com\/wp-content\/uploads\/2020\/04\/Johanna-Gullichsen-placemat-Doris-rain.jpg","datePublished":"2020-04-27T11:34:08+00:00","dateModified":"2026-03-17T06:14:57+00:00","description":"Konepest\u00e4v\u00e4 p\u00f6yt\u00e4tabletti kest\u00e4v\u00e4\u00e4 puuvillakangasta. Yhdistele kuoseja ja v\u00e4rej\u00e4, helppo tapa tehd\u00e4 kaunis kauttaus!","breadcrumb":{"@id":"https:\/\/www.johannagullichsen.com\/fi\/tuote\/tabletti\/#breadcrumb"},"inLanguage":"fi","potentialAction":[{"@type":"ReadAction","target":["https:\/\/www.johannagullichsen.com\/fi\/tuote\/tabletti\/"]}]},{"@type":"ImageObject","inLanguage":"fi","@id":"https:\/\/www.johannagullichsen.com\/fi\/tuote\/tabletti\/#primaryimage","url":"https:\/\/www.johannagullichsen.com\/wp-content\/uploads\/2020\/04\/Johanna-Gullichsen-placemat-Doris-rain.jpg","contentUrl":"https:\/\/www.johannagullichsen.com\/wp-content\/uploads\/2020\/04\/Johanna-Gullichsen-placemat-Doris-rain.jpg","width":1600,"height":1200},{"@type":"BreadcrumbList","@id":"https:\/\/www.johannagullichsen.com\/fi\/tuote\/tabletti\/#breadcrumb","itemListElement":[{"@type":"ListItem","position":1,"name":"Home","item":"https:\/\/www.johannagullichsen.com\/fi\/"},{"@type":"ListItem","position":2,"name":"Tuotteet ja verkkokauppa","item":"https:\/\/www.johannagullichsen.com\/fi\/tuotteet\/"},{"@type":"ListItem","position":3,"name":"Tabletti"}]},{"@type":"WebSite","@id":"https:\/\/www.johannagullichsen.com\/fi\/#website","url":"https:\/\/www.johannagullichsen.com\/fi\/","name":"Johanna Gullichsen","description":"","potentialAction":[{"@type":"SearchAction","target":{"@type":"EntryPoint","urlTemplate":"https:\/\/www.johannagullichsen.com\/fi\/?s={search_term_string}"},"query-input":{"@type":"PropertyValueSpecification","valueRequired":true,"valueName":"search_term_string"}}],"inLanguage":"fi"}]}},"_links":{"self":[{"href":"https:\/\/www.johannagullichsen.com\/fi\/wp-json\/wp\/v2\/product\/6553","targetHints":{"allow":["GET"]}}],"collection":[{"href":"https:\/\/www.johannagullichsen.com\/fi\/wp-json\/wp\/v2\/product"}],"about":[{"href":"https:\/\/www.johannagullichsen.com\/fi\/wp-json\/wp\/v2\/types\/product"}],"wp:featuredmedia":[{"embeddable":true,"href":"https:\/\/www.johannagullichsen.com\/fi\/wp-json\/wp\/v2\/media\/30144"}],"wp:attachment":[{"href":"https:\/\/www.johannagullichsen.com\/fi\/wp-json\/wp\/v2\/media?parent=6553"}],"wp:term":[{"taxonomy":"product_brand","embeddable":true,"href":"https:\/\/www.johannagullichsen.com\/fi\/wp-json\/wp\/v2\/product_brand?post=6553"},{"taxonomy":"product_cat","embeddable":true,"href":"https:\/\/www.johannagullichsen.com\/fi\/wp-json\/wp\/v2\/product_cat?post=6553"},{"taxonomy":"product_tag","embeddable":true,"href":"https:\/\/www.johannagullichsen.com\/fi\/wp-json\/wp\/v2\/product_tag?post=6553"}],"curies":[{"name":"wp","href":"https:\/\/api.w.org\/{rel}","templated":true}]}}