{"id":6568,"date":"2020-04-27T09:27:42","date_gmt":"2020-04-27T06:27:42","guid":{"rendered":"https:\/\/www.johannagullichsen.com\/products\/Ei-luokiteltu\/cushion-cover-50-n\/"},"modified":"2026-03-09T08:17:46","modified_gmt":"2026-03-09T06:17:46","slug":"tyynynpaallinen-normandie-50cm-x-50cm","status":"publish","type":"product","link":"https:\/\/www.johannagullichsen.com\/fi\/tuote\/tyynynpaallinen-normandie-50cm-x-50cm\/","title":{"rendered":"Tyynynp\u00e4\u00e4llinen Normandie 50 x 50cm"},"content":{"rendered":"<h3>Lis\u00e4\u00e4 v\u00e4ri\u00e4 ja ilmett\u00e4 kotiisi<\/h3>\n<p>Laadukkaasta Normandie-puuvillakankaasta valmistettu p\u00e4\u00e4llinen pit\u00e4\u00e4 ryhtins\u00e4 pitk\u00e4\u00e4n ja vetoketjun asioista se on helppo pest\u00e4. Valitse suosikkisi runsaasta valikoimaista.<\/p>\n<p>Muita kokoja: <a href=\"\/?product_cat=tyynynpaallinen-normandie-40cm-x-40cm\">40 x 40 cm<\/a>, <a href=\"\/?product_cat=tyynynpaallinen-normandie-30cm-x-50cm\">30 x 50 cm <\/a>ja <a href=\"https:\/\/www.johannagullichsen.com\/fi\/tuote\/29072\/\">68 x 50 cm.<\/a><\/p>\n<p>V\u00e4rj\u00e4tty, kudottu ja ommeltu Suomessa.<\/p>\n","protected":false},"excerpt":{"rendered":"<p>Lis\u00e4\u00e4 v\u00e4ri\u00e4 ja ilmett\u00e4 kotiisi Laadukkaasta Normandie-puuvillakankaasta valmistettu p\u00e4\u00e4llinen pit\u00e4\u00e4 ryhtins\u00e4 pitk\u00e4\u00e4n ja vetoketjun asioista se on helppo pest\u00e4. Valitse suosikkisi runsaasta valikoimaista. Muita kokoja: 40 x 40 cm, 30&hellip;<\/p>\n","protected":false},"featured_media":13605,"template":"","meta":{"_acf_changed":false},"product_brand":[],"product_cat":[1974,196,193],"product_tag":[],"class_list":{"0":"post-6568","1":"product","2":"type-product","3":"status-publish","4":"has-post-thumbnail","6":"product_cat-tyynyt-ja-filtit","7":"product_cat-kotiin","8":"product_cat-paivapeitot-ja-sangynpaadyt","9":"pa_pattern-colour-helios-brick-negative-fi","10":"pa_pattern-colour-tithonus-tiili","11":"pa_pattern-colour-tilkku-musta","12":"pa_pattern-colour-doris-okra","13":"pa_pattern-colour-nereus-manteli","14":"pa_pattern-colour-eos-dark-bordeaux-fi","15":"pa_pattern-colour-eos-manteli","16":"pa_pattern-colour-nereus-tummanvihrea","17":"pa_pattern-colour-tithonus-lime-fi","18":"pa_pattern-colour-helios-tummansininen","19":"pa_pattern-colour-tithonus-dark-green-fi","20":"pa_pattern-colour-doris-olki","21":"pa_pattern-colour-doris-keltainen","22":"pa_pattern-colour-nereus-almond-negative-fi","23":"pa_pattern-colour-eos-dark-green-fi","24":"pa_pattern-colour-eos-tummansininen-fi","25":"pa_pattern-colour-nereus-green-fi","26":"pa_pattern-colour-oceanide-other-fi","27":"pa_pattern-colour-doris-manteli","28":"pa_pattern-colour-helios-tumma-viininpunainen","29":"pa_pattern-colour-tithonus-vihrea","30":"pa_pattern-colour-eos-musta","31":"pa_pattern-colour-nereus-black-fi","32":"pa_pattern-colour-helios-almond-negative-fi","33":"pa_pattern-colour-eos-ochre-fi","34":"pa_pattern-colour-nereus-green-negative-fi","35":"pa_pattern-colour-tilkku-sininen","36":"pa_pattern-colour-doris-musta-fi","37":"pa_pattern-colour-helios-dark-bordeaux-negative-fi","38":"pa_pattern-colour-tithonus-lead-fi","39":"pa_pattern-colour-doris-cirrus","40":"pa_pattern-colour-eos-sininen","41":"pa_pattern-colour-nereus-musta-nega","42":"pa_pattern-colour-helios-bordeaux-negative-fi","43":"pa_pattern-colour-helios-manteli","44":"pa_pattern-colour-nereus-lyijy","45":"pa_pattern-colour-tilkku-lyijy","46":"pa_pattern-colour-doris-sininen","47":"pa_pattern-colour-helios-dark-green-fi","48":"pa_pattern-colour-tithonus-okra","49":"pa_pattern-colour-eos-viininpunainen","50":"pa_pattern-colour-nereus-blue-fi","51":"pa_pattern-colour-helios-ochre-negative-fi","52":"pa_pattern-colour-helios-black-fi","53":"pa_pattern-colour-nereus-lead-negative-fi","54":"pa_pattern-colour-tilkku-keltainen","55":"pa_pattern-colour-doris-viininpunainen","56":"pa_pattern-colour-helios-green-fi","57":"pa_pattern-colour-tithonus-kultainen","58":"pa_pattern-colour-eos-tiili","59":"pa_pattern-colour-nereus-sininen-nega","60":"pa_pattern-colour-helios-yellow-negative-fi","61":"pa_pattern-colour-helios-musta-nega","62":"pa_pattern-colour-nereus-okra","63":"pa_pattern-colour-tilkku-okra","64":"pa_pattern-colour-doris-tiili","65":"pa_pattern-colour-helios-green-negative-fi","66":"pa_pattern-colour-helios-tummansininen-nega","67":"pa_pattern-colour-eos-vihrea","68":"pa_pattern-colour-nereus-bordeaux-fi","69":"pa_pattern-colour-nereus-dark-green-negative-fi","70":"pa_pattern-colour-helios-blue-fi","71":"pa_pattern-colour-nereus-kultainen","72":"pa_pattern-colour-tilkku-vihrea","73":"pa_pattern-colour-doris-tummansininen","74":"pa_pattern-colour-helios-lyijy","75":"pa_pattern-colour-helios-tummanvihrea-nega","76":"pa_pattern-colour-eos-harmaa","77":"pa_pattern-colour-nereus-brick-fi","78":"pa_pattern-colour-nereus-ochre-negative-fi","79":"pa_pattern-colour-helios-blue-negativet-fi","80":"pa_pattern-colour-tithonus-black-fi","81":"pa_pattern-colour-tilkku-vihrea-fi","82":"pa_pattern-colour-doris-tummanvihrea","83":"pa_pattern-colour-helios-lead-negative-fi","84":"pa_pattern-colour-nereus-viininpunainen-nega","85":"pa_pattern-colour-eos-lyijy","86":"pa_pattern-colour-nereus-brick-negative-fi","87":"pa_pattern-colour-nereus-yellow-negative-fi","88":"pa_pattern-colour-helios-viininpunainen","89":"pa_pattern-colour-tithonus-sininen","90":"pa_pattern-colour-tilkku-bordeaux","91":"pa_pattern-colour-doris-vihrea","92":"pa_pattern-colour-helios-okra","93":"pa_pattern-colour-nereus-tummansininen-nega","94":"pa_pattern-colour-eos-vaaleanharmaa","95":"pa_pattern-colour-nereus-dark-blue-fi","96":"pa_pattern-colour-helios-lime-fi","97":"pa_pattern-colour-helios-tiili","98":"pa_pattern-colour-tithonus-viininpunainen","99":"pa_pattern-colour-tilkku-tiili","100":"pa_pattern-colour-doris-lyijy","101":"pa_pattern-colour-helios-yellow-fi","102":"pa_pattern-colour-tithonus-tummansininen","103":"pa_pattern-colour-eos-keltainen","104":"pa_pattern-colour-nereus-dark-bordeaux-fi","105":"pa_pattern-colour-helios-lime-negative-fi","106":"collection-normandie-2","108":"first","109":"instock","110":"taxable","111":"shipping-taxable","112":"purchasable","113":"product-type-variable","114":"has-default-attributes"},"acf":[],"yoast_head":"<!-- This site is optimized with the Yoast SEO Premium plugin v27.2 (Yoast SEO v27.2) - https:\/\/yoast.com\/product\/yoast-seo-premium-wordpress\/ -->\n<title>Tyynynp\u00e4\u00e4llinen Normandie 50 x 50cm - Johanna Gullichsen<\/title>\n<meta name=\"description\" content=\"Tyynynp\u00e4\u00e4llinen 50x50 kest\u00e4v\u00e4\u00e4 puuvillakangasta. Johanna Gullichsen klassikko kuosit. Koristetyynyt sohvalle tai s\u00e4ngylle.\" \/>\n<meta name=\"robots\" content=\"index, follow, max-snippet:-1, max-image-preview:large, max-video-preview:-1\" \/>\n<link rel=\"canonical\" href=\"https:\/\/www.johannagullichsen.com\/fi\/tuote\/tyynynpaallinen-normandie-50cm-x-50cm\/\" \/>\n<meta property=\"og:locale\" content=\"fi_FI\" \/>\n<meta property=\"og:type\" content=\"article\" \/>\n<meta property=\"og:title\" content=\"Tyynynp\u00e4\u00e4llinen Normandie 50 x 50cm\" \/>\n<meta property=\"og:description\" content=\"Tyynynp\u00e4\u00e4llinen 50x50 kest\u00e4v\u00e4\u00e4 puuvillakangasta. Johanna Gullichsen klassikko kuosit. Koristetyynyt sohvalle tai s\u00e4ngylle.\" \/>\n<meta property=\"og:url\" content=\"https:\/\/www.johannagullichsen.com\/fi\/tuote\/tyynynpaallinen-normandie-50cm-x-50cm\/\" \/>\n<meta property=\"og:site_name\" content=\"Johanna Gullichsen\" \/>\n<meta property=\"article:modified_time\" content=\"2026-03-09T06:17:46+00:00\" \/>\n<meta property=\"og:image\" content=\"https:\/\/www.johannagullichsen.com\/wp-content\/uploads\/2021\/10\/Johanna-Gullichsen-Cushion-pile-almond-and-dark-green.jpg\" \/>\n\t<meta property=\"og:image:width\" content=\"1600\" \/>\n\t<meta property=\"og:image:height\" content=\"1200\" \/>\n\t<meta property=\"og:image:type\" content=\"image\/jpeg\" \/>\n<meta name=\"twitter:card\" content=\"summary_large_image\" \/>\n<meta name=\"twitter:label1\" content=\"Arvioitu lukuaika\" \/>\n\t<meta name=\"twitter:data1\" content=\"1 minuutti\" \/>\n<script type=\"application\/ld+json\" class=\"yoast-schema-graph\">{\"@context\":\"https:\/\/schema.org\",\"@graph\":[{\"@type\":\"WebPage\",\"@id\":\"https:\/\/www.johannagullichsen.com\/fi\/tuote\/tyynynpaallinen-normandie-50cm-x-50cm\/\",\"url\":\"https:\/\/www.johannagullichsen.com\/fi\/tuote\/tyynynpaallinen-normandie-50cm-x-50cm\/\",\"name\":\"Tyynynp\u00e4\u00e4llinen Normandie 50 x 50cm - Johanna Gullichsen\",\"isPartOf\":{\"@id\":\"https:\/\/www.johannagullichsen.com\/fi\/#website\"},\"primaryImageOfPage\":{\"@id\":\"https:\/\/www.johannagullichsen.com\/fi\/tuote\/tyynynpaallinen-normandie-50cm-x-50cm\/#primaryimage\"},\"image\":{\"@id\":\"https:\/\/www.johannagullichsen.com\/fi\/tuote\/tyynynpaallinen-normandie-50cm-x-50cm\/#primaryimage\"},\"thumbnailUrl\":\"https:\/\/www.johannagullichsen.com\/wp-content\/uploads\/2021\/10\/Johanna-Gullichsen-Cushion-pile-almond-and-dark-green.jpg\",\"datePublished\":\"2020-04-27T06:27:42+00:00\",\"dateModified\":\"2026-03-09T06:17:46+00:00\",\"description\":\"Tyynynp\u00e4\u00e4llinen 50x50 kest\u00e4v\u00e4\u00e4 puuvillakangasta. Johanna Gullichsen klassikko kuosit. Koristetyynyt sohvalle tai s\u00e4ngylle.\",\"breadcrumb\":{\"@id\":\"https:\/\/www.johannagullichsen.com\/fi\/tuote\/tyynynpaallinen-normandie-50cm-x-50cm\/#breadcrumb\"},\"inLanguage\":\"fi\",\"potentialAction\":[{\"@type\":\"ReadAction\",\"target\":[\"https:\/\/www.johannagullichsen.com\/fi\/tuote\/tyynynpaallinen-normandie-50cm-x-50cm\/\"]}]},{\"@type\":\"ImageObject\",\"inLanguage\":\"fi\",\"@id\":\"https:\/\/www.johannagullichsen.com\/fi\/tuote\/tyynynpaallinen-normandie-50cm-x-50cm\/#primaryimage\",\"url\":\"https:\/\/www.johannagullichsen.com\/wp-content\/uploads\/2021\/10\/Johanna-Gullichsen-Cushion-pile-almond-and-dark-green.jpg\",\"contentUrl\":\"https:\/\/www.johannagullichsen.com\/wp-content\/uploads\/2021\/10\/Johanna-Gullichsen-Cushion-pile-almond-and-dark-green.jpg\",\"width\":1600,\"height\":1200},{\"@type\":\"BreadcrumbList\",\"@id\":\"https:\/\/www.johannagullichsen.com\/fi\/tuote\/tyynynpaallinen-normandie-50cm-x-50cm\/#breadcrumb\",\"itemListElement\":[{\"@type\":\"ListItem\",\"position\":1,\"name\":\"Home\",\"item\":\"https:\/\/www.johannagullichsen.com\/fi\/\"},{\"@type\":\"ListItem\",\"position\":2,\"name\":\"Tuotteet ja verkkokauppa\",\"item\":\"https:\/\/www.johannagullichsen.com\/fi\/tuotteet\/\"},{\"@type\":\"ListItem\",\"position\":3,\"name\":\"Tyynynp\u00e4\u00e4llinen Normandie 50 x 50cm\"}]},{\"@type\":\"WebSite\",\"@id\":\"https:\/\/www.johannagullichsen.com\/fi\/#website\",\"url\":\"https:\/\/www.johannagullichsen.com\/fi\/\",\"name\":\"Johanna Gullichsen\",\"description\":\"\",\"potentialAction\":[{\"@type\":\"SearchAction\",\"target\":{\"@type\":\"EntryPoint\",\"urlTemplate\":\"https:\/\/www.johannagullichsen.com\/fi\/?s={search_term_string}\"},\"query-input\":{\"@type\":\"PropertyValueSpecification\",\"valueRequired\":true,\"valueName\":\"search_term_string\"}}],\"inLanguage\":\"fi\"}]}<\/script>\n<!-- \/ Yoast SEO Premium plugin. -->","yoast_head_json":{"title":"Tyynynp\u00e4\u00e4llinen Normandie 50 x 50cm - Johanna Gullichsen","description":"Tyynynp\u00e4\u00e4llinen 50x50 kest\u00e4v\u00e4\u00e4 puuvillakangasta. Johanna Gullichsen klassikko kuosit. Koristetyynyt sohvalle tai s\u00e4ngylle.","robots":{"index":"index","follow":"follow","max-snippet":"max-snippet:-1","max-image-preview":"max-image-preview:large","max-video-preview":"max-video-preview:-1"},"canonical":"https:\/\/www.johannagullichsen.com\/fi\/tuote\/tyynynpaallinen-normandie-50cm-x-50cm\/","og_locale":"fi_FI","og_type":"article","og_title":"Tyynynp\u00e4\u00e4llinen Normandie 50 x 50cm","og_description":"Tyynynp\u00e4\u00e4llinen 50x50 kest\u00e4v\u00e4\u00e4 puuvillakangasta. Johanna Gullichsen klassikko kuosit. Koristetyynyt sohvalle tai s\u00e4ngylle.","og_url":"https:\/\/www.johannagullichsen.com\/fi\/tuote\/tyynynpaallinen-normandie-50cm-x-50cm\/","og_site_name":"Johanna Gullichsen","article_modified_time":"2026-03-09T06:17:46+00:00","og_image":[{"width":1600,"height":1200,"url":"https:\/\/www.johannagullichsen.com\/wp-content\/uploads\/2021\/10\/Johanna-Gullichsen-Cushion-pile-almond-and-dark-green.jpg","type":"image\/jpeg"}],"twitter_card":"summary_large_image","twitter_misc":{"Arvioitu lukuaika":"1 minuutti"},"schema":{"@context":"https:\/\/schema.org","@graph":[{"@type":"WebPage","@id":"https:\/\/www.johannagullichsen.com\/fi\/tuote\/tyynynpaallinen-normandie-50cm-x-50cm\/","url":"https:\/\/www.johannagullichsen.com\/fi\/tuote\/tyynynpaallinen-normandie-50cm-x-50cm\/","name":"Tyynynp\u00e4\u00e4llinen Normandie 50 x 50cm - Johanna Gullichsen","isPartOf":{"@id":"https:\/\/www.johannagullichsen.com\/fi\/#website"},"primaryImageOfPage":{"@id":"https:\/\/www.johannagullichsen.com\/fi\/tuote\/tyynynpaallinen-normandie-50cm-x-50cm\/#primaryimage"},"image":{"@id":"https:\/\/www.johannagullichsen.com\/fi\/tuote\/tyynynpaallinen-normandie-50cm-x-50cm\/#primaryimage"},"thumbnailUrl":"https:\/\/www.johannagullichsen.com\/wp-content\/uploads\/2021\/10\/Johanna-Gullichsen-Cushion-pile-almond-and-dark-green.jpg","datePublished":"2020-04-27T06:27:42+00:00","dateModified":"2026-03-09T06:17:46+00:00","description":"Tyynynp\u00e4\u00e4llinen 50x50 kest\u00e4v\u00e4\u00e4 puuvillakangasta. Johanna Gullichsen klassikko kuosit. Koristetyynyt sohvalle tai s\u00e4ngylle.","breadcrumb":{"@id":"https:\/\/www.johannagullichsen.com\/fi\/tuote\/tyynynpaallinen-normandie-50cm-x-50cm\/#breadcrumb"},"inLanguage":"fi","potentialAction":[{"@type":"ReadAction","target":["https:\/\/www.johannagullichsen.com\/fi\/tuote\/tyynynpaallinen-normandie-50cm-x-50cm\/"]}]},{"@type":"ImageObject","inLanguage":"fi","@id":"https:\/\/www.johannagullichsen.com\/fi\/tuote\/tyynynpaallinen-normandie-50cm-x-50cm\/#primaryimage","url":"https:\/\/www.johannagullichsen.com\/wp-content\/uploads\/2021\/10\/Johanna-Gullichsen-Cushion-pile-almond-and-dark-green.jpg","contentUrl":"https:\/\/www.johannagullichsen.com\/wp-content\/uploads\/2021\/10\/Johanna-Gullichsen-Cushion-pile-almond-and-dark-green.jpg","width":1600,"height":1200},{"@type":"BreadcrumbList","@id":"https:\/\/www.johannagullichsen.com\/fi\/tuote\/tyynynpaallinen-normandie-50cm-x-50cm\/#breadcrumb","itemListElement":[{"@type":"ListItem","position":1,"name":"Home","item":"https:\/\/www.johannagullichsen.com\/fi\/"},{"@type":"ListItem","position":2,"name":"Tuotteet ja verkkokauppa","item":"https:\/\/www.johannagullichsen.com\/fi\/tuotteet\/"},{"@type":"ListItem","position":3,"name":"Tyynynp\u00e4\u00e4llinen Normandie 50 x 50cm"}]},{"@type":"WebSite","@id":"https:\/\/www.johannagullichsen.com\/fi\/#website","url":"https:\/\/www.johannagullichsen.com\/fi\/","name":"Johanna Gullichsen","description":"","potentialAction":[{"@type":"SearchAction","target":{"@type":"EntryPoint","urlTemplate":"https:\/\/www.johannagullichsen.com\/fi\/?s={search_term_string}"},"query-input":{"@type":"PropertyValueSpecification","valueRequired":true,"valueName":"search_term_string"}}],"inLanguage":"fi"}]}},"_links":{"self":[{"href":"https:\/\/www.johannagullichsen.com\/fi\/wp-json\/wp\/v2\/product\/6568","targetHints":{"allow":["GET"]}}],"collection":[{"href":"https:\/\/www.johannagullichsen.com\/fi\/wp-json\/wp\/v2\/product"}],"about":[{"href":"https:\/\/www.johannagullichsen.com\/fi\/wp-json\/wp\/v2\/types\/product"}],"wp:featuredmedia":[{"embeddable":true,"href":"https:\/\/www.johannagullichsen.com\/fi\/wp-json\/wp\/v2\/media\/13605"}],"wp:attachment":[{"href":"https:\/\/www.johannagullichsen.com\/fi\/wp-json\/wp\/v2\/media?parent=6568"}],"wp:term":[{"taxonomy":"product_brand","embeddable":true,"href":"https:\/\/www.johannagullichsen.com\/fi\/wp-json\/wp\/v2\/product_brand?post=6568"},{"taxonomy":"product_cat","embeddable":true,"href":"https:\/\/www.johannagullichsen.com\/fi\/wp-json\/wp\/v2\/product_cat?post=6568"},{"taxonomy":"product_tag","embeddable":true,"href":"https:\/\/www.johannagullichsen.com\/fi\/wp-json\/wp\/v2\/product_tag?post=6568"}],"curies":[{"name":"wp","href":"https:\/\/api.w.org\/{rel}","templated":true}]}}