{"id":6650,"date":"2020-04-27T13:28:28","date_gmt":"2020-04-27T10:28:28","guid":{"rendered":"https:\/\/www.johannagullichsen.com\/products\/Ei-luokiteltu\/pencil-case\/"},"modified":"2025-04-17T11:10:17","modified_gmt":"2025-04-17T08:10:17","slug":"penaali","status":"publish","type":"product","link":"https:\/\/www.johannagullichsen.com\/fi\/tuote\/penaali\/","title":{"rendered":"Penaali"},"content":{"rendered":"<h4>Penaali kynille tai meikkisiveltimille<\/h4>\n<p>Penaali v\u00e4ltt\u00e4m\u00e4tt\u00f6mille tavaroillesi &#8211; olivatpa ne sitten kyni\u00e4 tai meikkej\u00e4. Luomupuuvillasta valmistettu penaali on kest\u00e4v\u00e4 ja konepest\u00e4v\u00e4.<\/p>\n","protected":false},"excerpt":{"rendered":"<p>Penaali kynille tai meikkisiveltimille Penaali v\u00e4ltt\u00e4m\u00e4tt\u00f6mille tavaroillesi &#8211; olivatpa ne sitten kyni\u00e4 tai meikkej\u00e4. Luomupuuvillasta valmistettu penaali on kest\u00e4v\u00e4 ja konepest\u00e4v\u00e4.<\/p>\n","protected":false},"featured_media":17590,"template":"","meta":{"_acf_changed":false},"product_brand":[],"product_cat":[192,1969],"product_tag":[],"class_list":{"0":"post-6650","1":"product","2":"type-product","3":"status-publish","4":"has-post-thumbnail","6":"product_cat-laukut-asusteet","7":"product_cat-kosmetiikkalaukut-ja-kukkarot","8":"pa_pattern-colour-eos-keltainen","9":"pa_pattern-colour-nereus-green-negative-fi","10":"pa_pattern-colour-helios-tummansininen","11":"pa_pattern-colour-tithonus-okra","12":"pa_pattern-colour-doris-okra","13":"pa_pattern-colour-nereus-black-fi","14":"pa_pattern-colour-nereus-dark-green-negative-fi","15":"pa_pattern-colour-eos-manteli","16":"pa_pattern-colour-nereus-lyijy","17":"pa_pattern-colour-helios-tumma-viininpunainen","18":"pa_pattern-colour-tithonus-kultainen","19":"pa_pattern-colour-doris-keltainen","20":"pa_pattern-colour-nereus-musta-nega","21":"pa_pattern-colour-nereus-ochre-negative-fi","22":"pa_pattern-colour-eos-ochre-fi","23":"pa_pattern-colour-nereus-lead-negative-fi","24":"pa_pattern-colour-doris-manteli","25":"pa_pattern-colour-helios-dark-green-fi","26":"pa_pattern-colour-helios-tummansininen-nega","27":"pa_pattern-colour-eos-musta","28":"pa_pattern-colour-nereus-blue-fi","29":"pa_pattern-colour-nereus-yellow-negative-fi","30":"pa_pattern-colour-helios-manteli","31":"pa_pattern-colour-nereus-okra","32":"pa_pattern-colour-doris-musta-fi","33":"pa_pattern-colour-helios-green-fi","34":"pa_pattern-colour-helios-tummanvihrea-nega","35":"pa_pattern-colour-eos-sininen","36":"pa_pattern-colour-nereus-sininen-nega","37":"pa_pattern-colour-helios-lime-fi","38":"pa_pattern-colour-helios-black-fi","39":"pa_pattern-colour-nereus-kultainen","40":"pa_pattern-colour-doris-sininen","41":"pa_pattern-colour-helios-green-negative-fi","42":"pa_pattern-colour-nereus-viininpunainen-nega","43":"pa_pattern-colour-eos-viininpunainen","44":"pa_pattern-colour-nereus-bordeaux-fi","45":"pa_pattern-colour-helios-lime-negative-fi","46":"pa_pattern-colour-helios-musta-nega","47":"pa_pattern-colour-tithonus-black-fi","48":"pa_pattern-colour-doris-viininpunainen","49":"pa_pattern-colour-helios-lyijy","50":"pa_pattern-colour-nereus-tummansininen-nega","51":"pa_pattern-colour-eos-tiili","52":"pa_pattern-colour-nereus-brick-fi","53":"pa_pattern-colour-tithonus-lime-fi","54":"pa_pattern-colour-helios-blue-fi","55":"pa_pattern-colour-tithonus-sininen","56":"pa_pattern-colour-doris-tiili","57":"pa_pattern-colour-helios-lead-negative-fi","58":"pa_pattern-colour-tithonus-tummansininen","59":"pa_pattern-colour-eos-vihrea","60":"pa_pattern-colour-nereus-brick-negative-fi","61":"pa_pattern-colour-selene-viininpunainen","62":"pa_pattern-colour-helios-blue-negativet-fi","63":"pa_pattern-colour-tithonus-viininpunainen","64":"pa_pattern-colour-doris-tummansininen","65":"pa_pattern-colour-helios-okra","66":"pa_pattern-colour-helios-almond-negative-fi","67":"pa_pattern-colour-eos-harmaa","68":"pa_pattern-colour-nereus-dark-blue-fi","69":"pa_pattern-colour-selene-musta","70":"pa_pattern-colour-helios-viininpunainen","71":"pa_pattern-colour-tithonus-dark-green-fi","72":"pa_pattern-colour-doris-tummanvihrea","73":"pa_pattern-colour-helios-yellow-fi","74":"pa_pattern-colour-helios-bordeaux-negative-fi","75":"pa_pattern-colour-eos-lyijy","76":"pa_pattern-colour-nereus-tummanvihrea","77":"pa_pattern-colour-helios-tiili","78":"pa_pattern-colour-tithonus-vihrea","79":"pa_pattern-colour-doris-vihrea","80":"pa_pattern-colour-nereus-manteli","81":"pa_pattern-colour-helios-ochre-negative-fi","82":"pa_pattern-colour-eos-vaaleanharmaa","83":"pa_pattern-colour-nereus-green-fi","84":"pa_pattern-colour-helios-brick-negative-fi","85":"pa_pattern-colour-tithonus-lead-fi","86":"pa_pattern-colour-doris-lyijy","87":"pa_pattern-colour-nereus-almond-negative-fi","88":"pa_pattern-colour-helios-yellow-negative-fi","89":"collection-normandie-2","91":"first","92":"instock","93":"taxable","94":"shipping-taxable","95":"purchasable","96":"product-type-variable"},"acf":[],"yoast_head":"<!-- This site is optimized with the Yoast SEO Premium plugin v27.2 (Yoast SEO v27.5) - https:\/\/yoast.com\/product\/yoast-seo-premium-wordpress\/ -->\n<title>Penaali - Johanna Gullichsen<\/title>\n<meta name=\"description\" content=\"Penaali kynille tai meikkisiveltimille. Tyylik\u00e4s Luomupuuvillasta valmistettu pieni penaali on kest\u00e4v\u00e4 ja konepest\u00e4v\u00e4 ja k\u00e4yt\u00e4nn\u00f6llinen.\" \/>\n<meta name=\"robots\" content=\"index, follow, max-snippet:-1, max-image-preview:large, max-video-preview:-1\" \/>\n<link rel=\"canonical\" href=\"https:\/\/www.johannagullichsen.com\/fi\/tuote\/penaali\/\" \/>\n<meta property=\"og:locale\" content=\"fi_FI\" \/>\n<meta property=\"og:type\" content=\"article\" \/>\n<meta property=\"og:title\" content=\"Penaali\" \/>\n<meta property=\"og:description\" content=\"Penaali kynille tai meikkisiveltimille. Tyylik\u00e4s Luomupuuvillasta valmistettu pieni penaali on kest\u00e4v\u00e4 ja konepest\u00e4v\u00e4 ja k\u00e4yt\u00e4nn\u00f6llinen.\" \/>\n<meta property=\"og:url\" content=\"https:\/\/www.johannagullichsen.com\/fi\/tuote\/penaali\/\" \/>\n<meta property=\"og:site_name\" content=\"Johanna Gullichsen\" \/>\n<meta property=\"article:modified_time\" content=\"2025-04-17T08:10:17+00:00\" \/>\n<meta property=\"og:image\" content=\"https:\/\/www.johannagullichsen.com\/wp-content\/uploads\/2020\/04\/Johanna-Gullichsen-Pencilcase-Tithonus-ochre.jpg\" \/>\n\t<meta property=\"og:image:width\" content=\"1600\" \/>\n\t<meta property=\"og:image:height\" content=\"1200\" \/>\n\t<meta property=\"og:image:type\" content=\"image\/jpeg\" \/>\n<meta name=\"twitter:card\" content=\"summary_large_image\" \/>\n<meta name=\"twitter:label1\" content=\"Arvioitu lukuaika\" \/>\n\t<meta name=\"twitter:data1\" content=\"1 minuutti\" \/>\n<script type=\"application\/ld+json\" class=\"yoast-schema-graph\">{\"@context\":\"https:\\\/\\\/schema.org\",\"@graph\":[{\"@type\":\"WebPage\",\"@id\":\"https:\\\/\\\/www.johannagullichsen.com\\\/fi\\\/tuote\\\/penaali\\\/\",\"url\":\"https:\\\/\\\/www.johannagullichsen.com\\\/fi\\\/tuote\\\/penaali\\\/\",\"name\":\"Penaali - Johanna Gullichsen\",\"isPartOf\":{\"@id\":\"https:\\\/\\\/www.johannagullichsen.com\\\/fi\\\/#website\"},\"primaryImageOfPage\":{\"@id\":\"https:\\\/\\\/www.johannagullichsen.com\\\/fi\\\/tuote\\\/penaali\\\/#primaryimage\"},\"image\":{\"@id\":\"https:\\\/\\\/www.johannagullichsen.com\\\/fi\\\/tuote\\\/penaali\\\/#primaryimage\"},\"thumbnailUrl\":\"https:\\\/\\\/www.johannagullichsen.com\\\/wp-content\\\/uploads\\\/2020\\\/04\\\/Johanna-Gullichsen-Pencilcase-Tithonus-ochre.jpg\",\"datePublished\":\"2020-04-27T10:28:28+00:00\",\"dateModified\":\"2025-04-17T08:10:17+00:00\",\"description\":\"Penaali kynille tai meikkisiveltimille. Tyylik\u00e4s Luomupuuvillasta valmistettu pieni penaali on kest\u00e4v\u00e4 ja konepest\u00e4v\u00e4 ja k\u00e4yt\u00e4nn\u00f6llinen.\",\"breadcrumb\":{\"@id\":\"https:\\\/\\\/www.johannagullichsen.com\\\/fi\\\/tuote\\\/penaali\\\/#breadcrumb\"},\"inLanguage\":\"fi\",\"potentialAction\":[{\"@type\":\"ReadAction\",\"target\":[\"https:\\\/\\\/www.johannagullichsen.com\\\/fi\\\/tuote\\\/penaali\\\/\"]}]},{\"@type\":\"ImageObject\",\"inLanguage\":\"fi\",\"@id\":\"https:\\\/\\\/www.johannagullichsen.com\\\/fi\\\/tuote\\\/penaali\\\/#primaryimage\",\"url\":\"https:\\\/\\\/www.johannagullichsen.com\\\/wp-content\\\/uploads\\\/2020\\\/04\\\/Johanna-Gullichsen-Pencilcase-Tithonus-ochre.jpg\",\"contentUrl\":\"https:\\\/\\\/www.johannagullichsen.com\\\/wp-content\\\/uploads\\\/2020\\\/04\\\/Johanna-Gullichsen-Pencilcase-Tithonus-ochre.jpg\",\"width\":1600,\"height\":1200},{\"@type\":\"BreadcrumbList\",\"@id\":\"https:\\\/\\\/www.johannagullichsen.com\\\/fi\\\/tuote\\\/penaali\\\/#breadcrumb\",\"itemListElement\":[{\"@type\":\"ListItem\",\"position\":1,\"name\":\"Home\",\"item\":\"https:\\\/\\\/www.johannagullichsen.com\\\/fi\\\/\"},{\"@type\":\"ListItem\",\"position\":2,\"name\":\"Tuotteet ja verkkokauppa\",\"item\":\"https:\\\/\\\/www.johannagullichsen.com\\\/fi\\\/tuotteet\\\/\"},{\"@type\":\"ListItem\",\"position\":3,\"name\":\"Penaali\"}]},{\"@type\":\"WebSite\",\"@id\":\"https:\\\/\\\/www.johannagullichsen.com\\\/fi\\\/#website\",\"url\":\"https:\\\/\\\/www.johannagullichsen.com\\\/fi\\\/\",\"name\":\"Johanna Gullichsen\",\"description\":\"\",\"potentialAction\":[{\"@type\":\"SearchAction\",\"target\":{\"@type\":\"EntryPoint\",\"urlTemplate\":\"https:\\\/\\\/www.johannagullichsen.com\\\/fi\\\/?s={search_term_string}\"},\"query-input\":{\"@type\":\"PropertyValueSpecification\",\"valueRequired\":true,\"valueName\":\"search_term_string\"}}],\"inLanguage\":\"fi\"}]}<\/script>\n<!-- \/ Yoast SEO Premium plugin. -->","yoast_head_json":{"title":"Penaali - Johanna Gullichsen","description":"Penaali kynille tai meikkisiveltimille. Tyylik\u00e4s Luomupuuvillasta valmistettu pieni penaali on kest\u00e4v\u00e4 ja konepest\u00e4v\u00e4 ja k\u00e4yt\u00e4nn\u00f6llinen.","robots":{"index":"index","follow":"follow","max-snippet":"max-snippet:-1","max-image-preview":"max-image-preview:large","max-video-preview":"max-video-preview:-1"},"canonical":"https:\/\/www.johannagullichsen.com\/fi\/tuote\/penaali\/","og_locale":"fi_FI","og_type":"article","og_title":"Penaali","og_description":"Penaali kynille tai meikkisiveltimille. Tyylik\u00e4s Luomupuuvillasta valmistettu pieni penaali on kest\u00e4v\u00e4 ja konepest\u00e4v\u00e4 ja k\u00e4yt\u00e4nn\u00f6llinen.","og_url":"https:\/\/www.johannagullichsen.com\/fi\/tuote\/penaali\/","og_site_name":"Johanna Gullichsen","article_modified_time":"2025-04-17T08:10:17+00:00","og_image":[{"width":1600,"height":1200,"url":"https:\/\/www.johannagullichsen.com\/wp-content\/uploads\/2020\/04\/Johanna-Gullichsen-Pencilcase-Tithonus-ochre.jpg","type":"image\/jpeg"}],"twitter_card":"summary_large_image","twitter_misc":{"Arvioitu lukuaika":"1 minuutti"},"schema":{"@context":"https:\/\/schema.org","@graph":[{"@type":"WebPage","@id":"https:\/\/www.johannagullichsen.com\/fi\/tuote\/penaali\/","url":"https:\/\/www.johannagullichsen.com\/fi\/tuote\/penaali\/","name":"Penaali - Johanna Gullichsen","isPartOf":{"@id":"https:\/\/www.johannagullichsen.com\/fi\/#website"},"primaryImageOfPage":{"@id":"https:\/\/www.johannagullichsen.com\/fi\/tuote\/penaali\/#primaryimage"},"image":{"@id":"https:\/\/www.johannagullichsen.com\/fi\/tuote\/penaali\/#primaryimage"},"thumbnailUrl":"https:\/\/www.johannagullichsen.com\/wp-content\/uploads\/2020\/04\/Johanna-Gullichsen-Pencilcase-Tithonus-ochre.jpg","datePublished":"2020-04-27T10:28:28+00:00","dateModified":"2025-04-17T08:10:17+00:00","description":"Penaali kynille tai meikkisiveltimille. Tyylik\u00e4s Luomupuuvillasta valmistettu pieni penaali on kest\u00e4v\u00e4 ja konepest\u00e4v\u00e4 ja k\u00e4yt\u00e4nn\u00f6llinen.","breadcrumb":{"@id":"https:\/\/www.johannagullichsen.com\/fi\/tuote\/penaali\/#breadcrumb"},"inLanguage":"fi","potentialAction":[{"@type":"ReadAction","target":["https:\/\/www.johannagullichsen.com\/fi\/tuote\/penaali\/"]}]},{"@type":"ImageObject","inLanguage":"fi","@id":"https:\/\/www.johannagullichsen.com\/fi\/tuote\/penaali\/#primaryimage","url":"https:\/\/www.johannagullichsen.com\/wp-content\/uploads\/2020\/04\/Johanna-Gullichsen-Pencilcase-Tithonus-ochre.jpg","contentUrl":"https:\/\/www.johannagullichsen.com\/wp-content\/uploads\/2020\/04\/Johanna-Gullichsen-Pencilcase-Tithonus-ochre.jpg","width":1600,"height":1200},{"@type":"BreadcrumbList","@id":"https:\/\/www.johannagullichsen.com\/fi\/tuote\/penaali\/#breadcrumb","itemListElement":[{"@type":"ListItem","position":1,"name":"Home","item":"https:\/\/www.johannagullichsen.com\/fi\/"},{"@type":"ListItem","position":2,"name":"Tuotteet ja verkkokauppa","item":"https:\/\/www.johannagullichsen.com\/fi\/tuotteet\/"},{"@type":"ListItem","position":3,"name":"Penaali"}]},{"@type":"WebSite","@id":"https:\/\/www.johannagullichsen.com\/fi\/#website","url":"https:\/\/www.johannagullichsen.com\/fi\/","name":"Johanna Gullichsen","description":"","potentialAction":[{"@type":"SearchAction","target":{"@type":"EntryPoint","urlTemplate":"https:\/\/www.johannagullichsen.com\/fi\/?s={search_term_string}"},"query-input":{"@type":"PropertyValueSpecification","valueRequired":true,"valueName":"search_term_string"}}],"inLanguage":"fi"}]}},"_links":{"self":[{"href":"https:\/\/www.johannagullichsen.com\/fi\/wp-json\/wp\/v2\/product\/6650","targetHints":{"allow":["GET"]}}],"collection":[{"href":"https:\/\/www.johannagullichsen.com\/fi\/wp-json\/wp\/v2\/product"}],"about":[{"href":"https:\/\/www.johannagullichsen.com\/fi\/wp-json\/wp\/v2\/types\/product"}],"wp:featuredmedia":[{"embeddable":true,"href":"https:\/\/www.johannagullichsen.com\/fi\/wp-json\/wp\/v2\/media\/17590"}],"wp:attachment":[{"href":"https:\/\/www.johannagullichsen.com\/fi\/wp-json\/wp\/v2\/media?parent=6650"}],"wp:term":[{"taxonomy":"product_brand","embeddable":true,"href":"https:\/\/www.johannagullichsen.com\/fi\/wp-json\/wp\/v2\/product_brand?post=6650"},{"taxonomy":"product_cat","embeddable":true,"href":"https:\/\/www.johannagullichsen.com\/fi\/wp-json\/wp\/v2\/product_cat?post=6650"},{"taxonomy":"product_tag","embeddable":true,"href":"https:\/\/www.johannagullichsen.com\/fi\/wp-json\/wp\/v2\/product_tag?post=6650"}],"curies":[{"name":"wp","href":"https:\/\/api.w.org\/{rel}","templated":true}]}}