{"id":6684,"date":"2020-04-27T13:02:15","date_gmt":"2020-04-27T10:02:15","guid":{"rendered":"https:\/\/www.johannagullichsen.com\/products\/Ei-luokiteltu\/macbook-13-air-sleeve\/"},"modified":"2021-02-02T12:21:43","modified_gmt":"2021-02-02T10:21:43","slug":"macbook-13-air-suojus","status":"publish","type":"product","link":"https:\/\/www.johannagullichsen.com\/fi\/tuote\/macbook-13-air-suojus\/","title":{"rendered":"Laptop 13&#8243; suojus"},"content":{"rendered":"<h4>Pue l\u00e4pp\u00e4risi tyylikk\u00e4\u00e4ksi<\/h4>\n<p>Pehmustettu suojus vetoketjukiinnityksell\u00e4.<\/p>\n","protected":false},"excerpt":{"rendered":"<p>Pue l\u00e4pp\u00e4risi tyylikk\u00e4\u00e4ksi Pehmustettu suojus vetoketjukiinnityksell\u00e4.<\/p>\n","protected":false},"featured_media":10496,"template":"","meta":{"_acf_changed":false},"product_brand":[],"product_cat":[192,1969,1971],"product_tag":[],"class_list":{"0":"post-6684","1":"product","2":"type-product","3":"status-publish","4":"has-post-thumbnail","6":"product_cat-laukut-asusteet","7":"product_cat-kosmetiikkalaukut-ja-kukkarot","8":"product_cat-tietokonesuojukset","9":"pa_pattern-colour-doris-musta-fi","10":"pa_pattern-colour-eos-viininpunainen","11":"pa_pattern-colour-helios-lyijy","12":"pa_pattern-colour-doris-sininen","13":"pa_pattern-colour-eos-vihrea","14":"pa_pattern-colour-helios-okra","15":"pa_pattern-colour-doris-viininpunainen","16":"pa_pattern-colour-eos-harmaa","17":"pa_pattern-colour-tithonus-black-fi","18":"pa_pattern-colour-doris-tummansininen","19":"pa_pattern-colour-eos-lyijy","20":"pa_pattern-colour-tithonus-lead-fi","21":"pa_pattern-colour-doris-tummanvihrea","22":"pa_pattern-colour-eos-vaaleanharmaa","23":"pa_pattern-colour-doris-vihrea","24":"pa_pattern-colour-eos-keltainen","25":"pa_pattern-colour-doris-lyijy","26":"pa_pattern-colour-eos-tummansininen-fi","27":"pa_pattern-colour-doris-okra","28":"pa_pattern-colour-helios-manteli","29":"pa_pattern-colour-doris-keltainen","30":"pa_pattern-colour-helios-black-fi","31":"pa_pattern-colour-eos-musta","32":"pa_pattern-colour-helios-tiili","33":"pa_pattern-colour-doris-manteli","34":"pa_pattern-colour-eos-sininen","35":"pa_pattern-colour-helios-tummansininen","36":"collection-normandie-2","38":"first","39":"instock","40":"taxable","41":"shipping-taxable","42":"purchasable","43":"product-type-variable","44":"has-default-attributes"},"acf":[],"yoast_head":"<!-- This site is optimized with the Yoast SEO Premium plugin v27.2 (Yoast SEO v27.5) - https:\/\/yoast.com\/product\/yoast-seo-premium-wordpress\/ -->\n<title>Laptop 13&quot; suojus - Johanna Gullichsen<\/title>\n<meta name=\"robots\" content=\"index, follow, max-snippet:-1, max-image-preview:large, max-video-preview:-1\" \/>\n<link rel=\"canonical\" href=\"https:\/\/www.johannagullichsen.com\/fi\/tuote\/macbook-13-air-suojus\/\" \/>\n<meta property=\"og:locale\" content=\"fi_FI\" \/>\n<meta property=\"og:type\" content=\"article\" \/>\n<meta property=\"og:title\" content=\"Laptop 13&quot; suojus\" \/>\n<meta property=\"og:description\" content=\"Pue l\u00e4pp\u00e4risi tyylikk\u00e4\u00e4ksi Pehmustettu suojus vetoketjukiinnityksell\u00e4.\" \/>\n<meta property=\"og:url\" content=\"https:\/\/www.johannagullichsen.com\/fi\/tuote\/macbook-13-air-suojus\/\" \/>\n<meta property=\"og:site_name\" content=\"Johanna Gullichsen\" \/>\n<meta property=\"article:modified_time\" content=\"2021-02-02T10:21:43+00:00\" \/>\n<meta property=\"og:image\" content=\"https:\/\/www.johannagullichsen.com\/wp-content\/uploads\/2020\/04\/Johanna-Gullichsen-Imac13-Sleeve-Helios-ochre-1.jpg\" \/>\n\t<meta property=\"og:image:width\" content=\"1600\" \/>\n\t<meta property=\"og:image:height\" content=\"1200\" \/>\n\t<meta property=\"og:image:type\" content=\"image\/jpeg\" \/>\n<meta name=\"twitter:card\" content=\"summary_large_image\" \/>\n<meta name=\"twitter:label1\" content=\"Arvioitu lukuaika\" \/>\n\t<meta name=\"twitter:data1\" content=\"1 minuutti\" \/>\n<script type=\"application\/ld+json\" class=\"yoast-schema-graph\">{\"@context\":\"https:\\\/\\\/schema.org\",\"@graph\":[{\"@type\":\"WebPage\",\"@id\":\"https:\\\/\\\/www.johannagullichsen.com\\\/fi\\\/tuote\\\/macbook-13-air-suojus\\\/\",\"url\":\"https:\\\/\\\/www.johannagullichsen.com\\\/fi\\\/tuote\\\/macbook-13-air-suojus\\\/\",\"name\":\"Laptop 13\\\" suojus - Johanna Gullichsen\",\"isPartOf\":{\"@id\":\"https:\\\/\\\/www.johannagullichsen.com\\\/fi\\\/#website\"},\"primaryImageOfPage\":{\"@id\":\"https:\\\/\\\/www.johannagullichsen.com\\\/fi\\\/tuote\\\/macbook-13-air-suojus\\\/#primaryimage\"},\"image\":{\"@id\":\"https:\\\/\\\/www.johannagullichsen.com\\\/fi\\\/tuote\\\/macbook-13-air-suojus\\\/#primaryimage\"},\"thumbnailUrl\":\"https:\\\/\\\/www.johannagullichsen.com\\\/wp-content\\\/uploads\\\/2020\\\/04\\\/Johanna-Gullichsen-Imac13-Sleeve-Helios-ochre-1.jpg\",\"datePublished\":\"2020-04-27T10:02:15+00:00\",\"dateModified\":\"2021-02-02T10:21:43+00:00\",\"breadcrumb\":{\"@id\":\"https:\\\/\\\/www.johannagullichsen.com\\\/fi\\\/tuote\\\/macbook-13-air-suojus\\\/#breadcrumb\"},\"inLanguage\":\"fi\",\"potentialAction\":[{\"@type\":\"ReadAction\",\"target\":[\"https:\\\/\\\/www.johannagullichsen.com\\\/fi\\\/tuote\\\/macbook-13-air-suojus\\\/\"]}]},{\"@type\":\"ImageObject\",\"inLanguage\":\"fi\",\"@id\":\"https:\\\/\\\/www.johannagullichsen.com\\\/fi\\\/tuote\\\/macbook-13-air-suojus\\\/#primaryimage\",\"url\":\"https:\\\/\\\/www.johannagullichsen.com\\\/wp-content\\\/uploads\\\/2020\\\/04\\\/Johanna-Gullichsen-Imac13-Sleeve-Helios-ochre-1.jpg\",\"contentUrl\":\"https:\\\/\\\/www.johannagullichsen.com\\\/wp-content\\\/uploads\\\/2020\\\/04\\\/Johanna-Gullichsen-Imac13-Sleeve-Helios-ochre-1.jpg\",\"width\":1600,\"height\":1200},{\"@type\":\"BreadcrumbList\",\"@id\":\"https:\\\/\\\/www.johannagullichsen.com\\\/fi\\\/tuote\\\/macbook-13-air-suojus\\\/#breadcrumb\",\"itemListElement\":[{\"@type\":\"ListItem\",\"position\":1,\"name\":\"Home\",\"item\":\"https:\\\/\\\/www.johannagullichsen.com\\\/fi\\\/\"},{\"@type\":\"ListItem\",\"position\":2,\"name\":\"Tuotteet ja verkkokauppa\",\"item\":\"https:\\\/\\\/www.johannagullichsen.com\\\/fi\\\/tuotteet\\\/\"},{\"@type\":\"ListItem\",\"position\":3,\"name\":\"Laptop 13&#8243; suojus\"}]},{\"@type\":\"WebSite\",\"@id\":\"https:\\\/\\\/www.johannagullichsen.com\\\/fi\\\/#website\",\"url\":\"https:\\\/\\\/www.johannagullichsen.com\\\/fi\\\/\",\"name\":\"Johanna Gullichsen\",\"description\":\"\",\"potentialAction\":[{\"@type\":\"SearchAction\",\"target\":{\"@type\":\"EntryPoint\",\"urlTemplate\":\"https:\\\/\\\/www.johannagullichsen.com\\\/fi\\\/?s={search_term_string}\"},\"query-input\":{\"@type\":\"PropertyValueSpecification\",\"valueRequired\":true,\"valueName\":\"search_term_string\"}}],\"inLanguage\":\"fi\"}]}<\/script>\n<!-- \/ Yoast SEO Premium plugin. -->","yoast_head_json":{"title":"Laptop 13\" suojus - Johanna Gullichsen","robots":{"index":"index","follow":"follow","max-snippet":"max-snippet:-1","max-image-preview":"max-image-preview:large","max-video-preview":"max-video-preview:-1"},"canonical":"https:\/\/www.johannagullichsen.com\/fi\/tuote\/macbook-13-air-suojus\/","og_locale":"fi_FI","og_type":"article","og_title":"Laptop 13\" suojus","og_description":"Pue l\u00e4pp\u00e4risi tyylikk\u00e4\u00e4ksi Pehmustettu suojus vetoketjukiinnityksell\u00e4.","og_url":"https:\/\/www.johannagullichsen.com\/fi\/tuote\/macbook-13-air-suojus\/","og_site_name":"Johanna Gullichsen","article_modified_time":"2021-02-02T10:21:43+00:00","og_image":[{"width":1600,"height":1200,"url":"https:\/\/www.johannagullichsen.com\/wp-content\/uploads\/2020\/04\/Johanna-Gullichsen-Imac13-Sleeve-Helios-ochre-1.jpg","type":"image\/jpeg"}],"twitter_card":"summary_large_image","twitter_misc":{"Arvioitu lukuaika":"1 minuutti"},"schema":{"@context":"https:\/\/schema.org","@graph":[{"@type":"WebPage","@id":"https:\/\/www.johannagullichsen.com\/fi\/tuote\/macbook-13-air-suojus\/","url":"https:\/\/www.johannagullichsen.com\/fi\/tuote\/macbook-13-air-suojus\/","name":"Laptop 13\" suojus - Johanna Gullichsen","isPartOf":{"@id":"https:\/\/www.johannagullichsen.com\/fi\/#website"},"primaryImageOfPage":{"@id":"https:\/\/www.johannagullichsen.com\/fi\/tuote\/macbook-13-air-suojus\/#primaryimage"},"image":{"@id":"https:\/\/www.johannagullichsen.com\/fi\/tuote\/macbook-13-air-suojus\/#primaryimage"},"thumbnailUrl":"https:\/\/www.johannagullichsen.com\/wp-content\/uploads\/2020\/04\/Johanna-Gullichsen-Imac13-Sleeve-Helios-ochre-1.jpg","datePublished":"2020-04-27T10:02:15+00:00","dateModified":"2021-02-02T10:21:43+00:00","breadcrumb":{"@id":"https:\/\/www.johannagullichsen.com\/fi\/tuote\/macbook-13-air-suojus\/#breadcrumb"},"inLanguage":"fi","potentialAction":[{"@type":"ReadAction","target":["https:\/\/www.johannagullichsen.com\/fi\/tuote\/macbook-13-air-suojus\/"]}]},{"@type":"ImageObject","inLanguage":"fi","@id":"https:\/\/www.johannagullichsen.com\/fi\/tuote\/macbook-13-air-suojus\/#primaryimage","url":"https:\/\/www.johannagullichsen.com\/wp-content\/uploads\/2020\/04\/Johanna-Gullichsen-Imac13-Sleeve-Helios-ochre-1.jpg","contentUrl":"https:\/\/www.johannagullichsen.com\/wp-content\/uploads\/2020\/04\/Johanna-Gullichsen-Imac13-Sleeve-Helios-ochre-1.jpg","width":1600,"height":1200},{"@type":"BreadcrumbList","@id":"https:\/\/www.johannagullichsen.com\/fi\/tuote\/macbook-13-air-suojus\/#breadcrumb","itemListElement":[{"@type":"ListItem","position":1,"name":"Home","item":"https:\/\/www.johannagullichsen.com\/fi\/"},{"@type":"ListItem","position":2,"name":"Tuotteet ja verkkokauppa","item":"https:\/\/www.johannagullichsen.com\/fi\/tuotteet\/"},{"@type":"ListItem","position":3,"name":"Laptop 13&#8243; suojus"}]},{"@type":"WebSite","@id":"https:\/\/www.johannagullichsen.com\/fi\/#website","url":"https:\/\/www.johannagullichsen.com\/fi\/","name":"Johanna Gullichsen","description":"","potentialAction":[{"@type":"SearchAction","target":{"@type":"EntryPoint","urlTemplate":"https:\/\/www.johannagullichsen.com\/fi\/?s={search_term_string}"},"query-input":{"@type":"PropertyValueSpecification","valueRequired":true,"valueName":"search_term_string"}}],"inLanguage":"fi"}]}},"_links":{"self":[{"href":"https:\/\/www.johannagullichsen.com\/fi\/wp-json\/wp\/v2\/product\/6684","targetHints":{"allow":["GET"]}}],"collection":[{"href":"https:\/\/www.johannagullichsen.com\/fi\/wp-json\/wp\/v2\/product"}],"about":[{"href":"https:\/\/www.johannagullichsen.com\/fi\/wp-json\/wp\/v2\/types\/product"}],"wp:featuredmedia":[{"embeddable":true,"href":"https:\/\/www.johannagullichsen.com\/fi\/wp-json\/wp\/v2\/media\/10496"}],"wp:attachment":[{"href":"https:\/\/www.johannagullichsen.com\/fi\/wp-json\/wp\/v2\/media?parent=6684"}],"wp:term":[{"taxonomy":"product_brand","embeddable":true,"href":"https:\/\/www.johannagullichsen.com\/fi\/wp-json\/wp\/v2\/product_brand?post=6684"},{"taxonomy":"product_cat","embeddable":true,"href":"https:\/\/www.johannagullichsen.com\/fi\/wp-json\/wp\/v2\/product_cat?post=6684"},{"taxonomy":"product_tag","embeddable":true,"href":"https:\/\/www.johannagullichsen.com\/fi\/wp-json\/wp\/v2\/product_tag?post=6684"}],"curies":[{"name":"wp","href":"https:\/\/api.w.org\/{rel}","templated":true}]}}