{"id":6904,"date":"2020-04-27T11:22:28","date_gmt":"2020-04-27T08:22:28","guid":{"rendered":"https:\/\/www.johannagullichsen.com\/products\/Ei-luokiteltu\/hand-towel-in-pure-linen\/"},"modified":"2026-03-17T08:18:49","modified_gmt":"2026-03-17T06:18:49","slug":"pellavapyyhe","status":"publish","type":"product","link":"https:\/\/www.johannagullichsen.com\/fi\/tuote\/pellavapyyhe\/","title":{"rendered":"Pellavapyyhe"},"content":{"rendered":"<h4>Kaunis ja k\u00e4yt\u00e4nn\u00f6llinen pellavapyyhe<\/h4>\n<p>T\u00e4ydellinen pyyhe keitti\u00f6\u00f6n tai kylpyhuoneeseen. Pellavasta kudottu pyyhe on imukykyinen, nopeasti kuivuva, kevyt ja helppo s\u00e4ilytt\u00e4\u00e4.<\/p>\n<p>V\u00e4rj\u00e4tty, kudottu ja ommeltu Suomessa.<\/p>\n","protected":false},"excerpt":{"rendered":"<p>Kaunis ja k\u00e4yt\u00e4nn\u00f6llinen pellavapyyhe T\u00e4ydellinen pyyhe keitti\u00f6\u00f6n tai kylpyhuoneeseen. Pellavasta kudottu pyyhe on imukykyinen, nopeasti kuivuva, kevyt ja helppo s\u00e4ilytt\u00e4\u00e4. V\u00e4rj\u00e4tty, kudottu ja ommeltu Suomessa.<\/p>\n","protected":false},"featured_media":4308,"template":"","meta":{"_acf_changed":false},"product_brand":[],"product_cat":[196,194,1976],"product_tag":[],"class_list":{"0":"post-6904","1":"product","2":"type-product","3":"status-publish","4":"has-post-thumbnail","6":"product_cat-kotiin","7":"product_cat-keittio-ja-kattaustekstiilit","8":"product_cat-pyyhkeet-ja-kylpytakit","9":"pa_pattern-colour-piazza-aqua-fi","10":"pa_pattern-colour-piazza-musta","11":"pa_pattern-colour-piazza-pellava-valkoinen","12":"collection-pure-2","14":"first","15":"instock","16":"taxable","17":"shipping-taxable","18":"purchasable","19":"product-type-variable"},"acf":[],"yoast_head":"<!-- This site is optimized with the Yoast SEO Premium plugin v27.2 (Yoast SEO v27.2) - https:\/\/yoast.com\/product\/yoast-seo-premium-wordpress\/ -->\n<title>Pellavapyyhe - Johanna Gullichsen<\/title>\n<meta name=\"description\" content=\"Kevyt ja tyylik\u00e4s pellavapyyhe. Hillityn elegantti Johanna Gullichsen kuosi kauniissa v\u00e4reiss\u00e4. Imukykyinen pyyhe 100% pellavaa.\" \/>\n<meta name=\"robots\" content=\"index, follow, max-snippet:-1, max-image-preview:large, max-video-preview:-1\" \/>\n<link rel=\"canonical\" href=\"https:\/\/www.johannagullichsen.com\/fi\/tuote\/pellavapyyhe\/\" \/>\n<meta property=\"og:locale\" content=\"fi_FI\" \/>\n<meta property=\"og:type\" content=\"article\" \/>\n<meta property=\"og:title\" content=\"Pellavapyyhe\" \/>\n<meta property=\"og:description\" content=\"Kevyt ja tyylik\u00e4s pellavapyyhe. Hillityn elegantti Johanna Gullichsen kuosi kauniissa v\u00e4reiss\u00e4. Imukykyinen pyyhe 100% pellavaa.\" \/>\n<meta property=\"og:url\" content=\"https:\/\/www.johannagullichsen.com\/fi\/tuote\/pellavapyyhe\/\" \/>\n<meta property=\"og:site_name\" content=\"Johanna Gullichsen\" \/>\n<meta property=\"article:modified_time\" content=\"2026-03-17T06:18:49+00:00\" \/>\n<meta property=\"og:image\" content=\"https:\/\/www.johannagullichsen.com\/wp-content\/uploads\/2020\/04\/Gullichsen_Pure_linen_handtowel_All_Colours.jpg\" \/>\n\t<meta property=\"og:image:width\" content=\"1600\" \/>\n\t<meta property=\"og:image:height\" content=\"1200\" \/>\n\t<meta property=\"og:image:type\" content=\"image\/jpeg\" \/>\n<meta name=\"twitter:card\" content=\"summary_large_image\" \/>\n<meta name=\"twitter:label1\" content=\"Arvioitu lukuaika\" \/>\n\t<meta name=\"twitter:data1\" content=\"1 minuutti\" \/>\n<script type=\"application\/ld+json\" class=\"yoast-schema-graph\">{\"@context\":\"https:\/\/schema.org\",\"@graph\":[{\"@type\":\"WebPage\",\"@id\":\"https:\/\/www.johannagullichsen.com\/fi\/tuote\/pellavapyyhe\/\",\"url\":\"https:\/\/www.johannagullichsen.com\/fi\/tuote\/pellavapyyhe\/\",\"name\":\"Pellavapyyhe - Johanna Gullichsen\",\"isPartOf\":{\"@id\":\"https:\/\/www.johannagullichsen.com\/fi\/#website\"},\"primaryImageOfPage\":{\"@id\":\"https:\/\/www.johannagullichsen.com\/fi\/tuote\/pellavapyyhe\/#primaryimage\"},\"image\":{\"@id\":\"https:\/\/www.johannagullichsen.com\/fi\/tuote\/pellavapyyhe\/#primaryimage\"},\"thumbnailUrl\":\"https:\/\/www.johannagullichsen.com\/wp-content\/uploads\/2020\/04\/Gullichsen_Pure_linen_handtowel_All_Colours.jpg\",\"datePublished\":\"2020-04-27T08:22:28+00:00\",\"dateModified\":\"2026-03-17T06:18:49+00:00\",\"description\":\"Kevyt ja tyylik\u00e4s pellavapyyhe. Hillityn elegantti Johanna Gullichsen kuosi kauniissa v\u00e4reiss\u00e4. Imukykyinen pyyhe 100% pellavaa.\",\"breadcrumb\":{\"@id\":\"https:\/\/www.johannagullichsen.com\/fi\/tuote\/pellavapyyhe\/#breadcrumb\"},\"inLanguage\":\"fi\",\"potentialAction\":[{\"@type\":\"ReadAction\",\"target\":[\"https:\/\/www.johannagullichsen.com\/fi\/tuote\/pellavapyyhe\/\"]}]},{\"@type\":\"ImageObject\",\"inLanguage\":\"fi\",\"@id\":\"https:\/\/www.johannagullichsen.com\/fi\/tuote\/pellavapyyhe\/#primaryimage\",\"url\":\"https:\/\/www.johannagullichsen.com\/wp-content\/uploads\/2020\/04\/Gullichsen_Pure_linen_handtowel_All_Colours.jpg\",\"contentUrl\":\"https:\/\/www.johannagullichsen.com\/wp-content\/uploads\/2020\/04\/Gullichsen_Pure_linen_handtowel_All_Colours.jpg\",\"width\":1600,\"height\":1200},{\"@type\":\"BreadcrumbList\",\"@id\":\"https:\/\/www.johannagullichsen.com\/fi\/tuote\/pellavapyyhe\/#breadcrumb\",\"itemListElement\":[{\"@type\":\"ListItem\",\"position\":1,\"name\":\"Home\",\"item\":\"https:\/\/www.johannagullichsen.com\/fi\/\"},{\"@type\":\"ListItem\",\"position\":2,\"name\":\"Tuotteet ja verkkokauppa\",\"item\":\"https:\/\/www.johannagullichsen.com\/fi\/tuotteet\/\"},{\"@type\":\"ListItem\",\"position\":3,\"name\":\"Pellavapyyhe\"}]},{\"@type\":\"WebSite\",\"@id\":\"https:\/\/www.johannagullichsen.com\/fi\/#website\",\"url\":\"https:\/\/www.johannagullichsen.com\/fi\/\",\"name\":\"Johanna Gullichsen\",\"description\":\"\",\"potentialAction\":[{\"@type\":\"SearchAction\",\"target\":{\"@type\":\"EntryPoint\",\"urlTemplate\":\"https:\/\/www.johannagullichsen.com\/fi\/?s={search_term_string}\"},\"query-input\":{\"@type\":\"PropertyValueSpecification\",\"valueRequired\":true,\"valueName\":\"search_term_string\"}}],\"inLanguage\":\"fi\"}]}<\/script>\n<!-- \/ Yoast SEO Premium plugin. -->","yoast_head_json":{"title":"Pellavapyyhe - Johanna Gullichsen","description":"Kevyt ja tyylik\u00e4s pellavapyyhe. Hillityn elegantti Johanna Gullichsen kuosi kauniissa v\u00e4reiss\u00e4. Imukykyinen pyyhe 100% pellavaa.","robots":{"index":"index","follow":"follow","max-snippet":"max-snippet:-1","max-image-preview":"max-image-preview:large","max-video-preview":"max-video-preview:-1"},"canonical":"https:\/\/www.johannagullichsen.com\/fi\/tuote\/pellavapyyhe\/","og_locale":"fi_FI","og_type":"article","og_title":"Pellavapyyhe","og_description":"Kevyt ja tyylik\u00e4s pellavapyyhe. Hillityn elegantti Johanna Gullichsen kuosi kauniissa v\u00e4reiss\u00e4. Imukykyinen pyyhe 100% pellavaa.","og_url":"https:\/\/www.johannagullichsen.com\/fi\/tuote\/pellavapyyhe\/","og_site_name":"Johanna Gullichsen","article_modified_time":"2026-03-17T06:18:49+00:00","og_image":[{"width":1600,"height":1200,"url":"https:\/\/www.johannagullichsen.com\/wp-content\/uploads\/2020\/04\/Gullichsen_Pure_linen_handtowel_All_Colours.jpg","type":"image\/jpeg"}],"twitter_card":"summary_large_image","twitter_misc":{"Arvioitu lukuaika":"1 minuutti"},"schema":{"@context":"https:\/\/schema.org","@graph":[{"@type":"WebPage","@id":"https:\/\/www.johannagullichsen.com\/fi\/tuote\/pellavapyyhe\/","url":"https:\/\/www.johannagullichsen.com\/fi\/tuote\/pellavapyyhe\/","name":"Pellavapyyhe - Johanna Gullichsen","isPartOf":{"@id":"https:\/\/www.johannagullichsen.com\/fi\/#website"},"primaryImageOfPage":{"@id":"https:\/\/www.johannagullichsen.com\/fi\/tuote\/pellavapyyhe\/#primaryimage"},"image":{"@id":"https:\/\/www.johannagullichsen.com\/fi\/tuote\/pellavapyyhe\/#primaryimage"},"thumbnailUrl":"https:\/\/www.johannagullichsen.com\/wp-content\/uploads\/2020\/04\/Gullichsen_Pure_linen_handtowel_All_Colours.jpg","datePublished":"2020-04-27T08:22:28+00:00","dateModified":"2026-03-17T06:18:49+00:00","description":"Kevyt ja tyylik\u00e4s pellavapyyhe. Hillityn elegantti Johanna Gullichsen kuosi kauniissa v\u00e4reiss\u00e4. Imukykyinen pyyhe 100% pellavaa.","breadcrumb":{"@id":"https:\/\/www.johannagullichsen.com\/fi\/tuote\/pellavapyyhe\/#breadcrumb"},"inLanguage":"fi","potentialAction":[{"@type":"ReadAction","target":["https:\/\/www.johannagullichsen.com\/fi\/tuote\/pellavapyyhe\/"]}]},{"@type":"ImageObject","inLanguage":"fi","@id":"https:\/\/www.johannagullichsen.com\/fi\/tuote\/pellavapyyhe\/#primaryimage","url":"https:\/\/www.johannagullichsen.com\/wp-content\/uploads\/2020\/04\/Gullichsen_Pure_linen_handtowel_All_Colours.jpg","contentUrl":"https:\/\/www.johannagullichsen.com\/wp-content\/uploads\/2020\/04\/Gullichsen_Pure_linen_handtowel_All_Colours.jpg","width":1600,"height":1200},{"@type":"BreadcrumbList","@id":"https:\/\/www.johannagullichsen.com\/fi\/tuote\/pellavapyyhe\/#breadcrumb","itemListElement":[{"@type":"ListItem","position":1,"name":"Home","item":"https:\/\/www.johannagullichsen.com\/fi\/"},{"@type":"ListItem","position":2,"name":"Tuotteet ja verkkokauppa","item":"https:\/\/www.johannagullichsen.com\/fi\/tuotteet\/"},{"@type":"ListItem","position":3,"name":"Pellavapyyhe"}]},{"@type":"WebSite","@id":"https:\/\/www.johannagullichsen.com\/fi\/#website","url":"https:\/\/www.johannagullichsen.com\/fi\/","name":"Johanna Gullichsen","description":"","potentialAction":[{"@type":"SearchAction","target":{"@type":"EntryPoint","urlTemplate":"https:\/\/www.johannagullichsen.com\/fi\/?s={search_term_string}"},"query-input":{"@type":"PropertyValueSpecification","valueRequired":true,"valueName":"search_term_string"}}],"inLanguage":"fi"}]}},"_links":{"self":[{"href":"https:\/\/www.johannagullichsen.com\/fi\/wp-json\/wp\/v2\/product\/6904","targetHints":{"allow":["GET"]}}],"collection":[{"href":"https:\/\/www.johannagullichsen.com\/fi\/wp-json\/wp\/v2\/product"}],"about":[{"href":"https:\/\/www.johannagullichsen.com\/fi\/wp-json\/wp\/v2\/types\/product"}],"wp:featuredmedia":[{"embeddable":true,"href":"https:\/\/www.johannagullichsen.com\/fi\/wp-json\/wp\/v2\/media\/4308"}],"wp:attachment":[{"href":"https:\/\/www.johannagullichsen.com\/fi\/wp-json\/wp\/v2\/media?parent=6904"}],"wp:term":[{"taxonomy":"product_brand","embeddable":true,"href":"https:\/\/www.johannagullichsen.com\/fi\/wp-json\/wp\/v2\/product_brand?post=6904"},{"taxonomy":"product_cat","embeddable":true,"href":"https:\/\/www.johannagullichsen.com\/fi\/wp-json\/wp\/v2\/product_cat?post=6904"},{"taxonomy":"product_tag","embeddable":true,"href":"https:\/\/www.johannagullichsen.com\/fi\/wp-json\/wp\/v2\/product_tag?post=6904"}],"curies":[{"name":"wp","href":"https:\/\/api.w.org\/{rel}","templated":true}]}}