{"id":6953,"date":"2020-04-22T14:41:18","date_gmt":"2020-04-22T11:41:18","guid":{"rendered":"https:\/\/www.johannagullichsen.com\/products\/Ei-luokiteltu\/shopping-bag\/"},"modified":"2026-03-20T12:27:12","modified_gmt":"2026-03-20T10:27:12","slug":"kauppakassi","status":"publish","type":"product","link":"https:\/\/www.johannagullichsen.com\/fi\/tuote\/kauppakassi\/","title":{"rendered":"Kauppakassi"},"content":{"rendered":"<h4>Kauppakassien aatelia<\/h4>\n<p>Kauppakassi, jossa on k\u00e4yt\u00e4nn\u00f6llinen sis\u00e4tasku ja taittuvat sivut, joilla voit s\u00e4\u00e4t\u00e4\u00e4 kokoa omien tarpeittesi mukaan. Yksi eniten myydyist\u00e4 laukuistamme.<\/p>\n<p>V\u00e4rj\u00e4tty, kudottu ja ommeltu Suomessa.<\/p>\n","protected":false},"excerpt":{"rendered":"<p>Kauppakassien aatelia Kauppakassi, jossa on k\u00e4yt\u00e4nn\u00f6llinen sis\u00e4tasku ja taittuvat sivut, joilla voit s\u00e4\u00e4t\u00e4\u00e4 kokoa omien tarpeittesi mukaan. Yksi eniten myydyist\u00e4 laukuistamme. V\u00e4rj\u00e4tty, kudottu ja ommeltu Suomessa.<\/p>\n","protected":false},"featured_media":18248,"template":"","meta":{"_acf_changed":false},"product_brand":[],"product_cat":[192,1968],"product_tag":[],"class_list":{"0":"post-6953","1":"product","2":"type-product","3":"status-publish","4":"has-post-thumbnail","6":"product_cat-laukut-asusteet","7":"product_cat-laukut","8":"pa_pattern-colour-doris-vihrea","9":"pa_pattern-colour-helios-yellow-fi","10":"pa_pattern-colour-nereus-tummansininen-nega","11":"pa_pattern-colour-eos-vaaleanharmaa","12":"pa_pattern-colour-nereus-dark-bordeaux-fi","13":"pa_pattern-colour-nereus-silver-fi","14":"pa_pattern-colour-helios-brick-negative-fi","15":"pa_pattern-colour-tithonus-viininpunainen","16":"pa_pattern-colour-doris-lyijy","17":"pa_pattern-colour-nereus-manteli","18":"pa_pattern-colour-tithonus-tummansininen","19":"pa_pattern-colour-eos-keltainen","20":"pa_pattern-colour-nereus-dark-bordeaux-negative-fi","21":"pa_pattern-colour-tithonus-lime-fi","22":"pa_pattern-colour-helios-tummansininen","23":"pa_pattern-colour-tithonus-tiili","24":"pa_pattern-colour-doris-okra","25":"pa_pattern-colour-nereus-almond-negative-fi","26":"pa_pattern-colour-helios-almond-negative-fi","27":"pa_pattern-colour-eos-manteli","28":"pa_pattern-colour-nereus-tummanvihrea","29":"pa_pattern-colour-eos-yellowblue-fi","30":"pa_pattern-colour-helios-tumma-viininpunainen","31":"pa_pattern-colour-tithonus-dark-green-fi","32":"pa_pattern-colour-doris-keltainen","33":"pa_pattern-colour-nereus-black-fi","34":"pa_pattern-colour-helios-bordeaux-negative-fi","35":"pa_pattern-colour-eos-ochre-fi","36":"pa_pattern-colour-nereus-green-fi","37":"pa_pattern-colour-tilkku-lyijy","38":"pa_pattern-colour-doris-manteli","39":"pa_pattern-colour-helios-dark-bordeaux-negative-fi","40":"pa_pattern-colour-tithonus-vihrea","41":"pa_pattern-colour-eos-musta","42":"pa_pattern-colour-nereus-musta-nega","43":"pa_pattern-colour-helios-ochre-negative-fi","44":"pa_pattern-colour-helios-manteli","45":"pa_pattern-colour-nereus-green-negative-fi","46":"pa_pattern-colour-tilkku-vihrea-fi","47":"pa_pattern-colour-doris-musta-fi","48":"pa_pattern-colour-helios-dark-green-fi","49":"pa_pattern-colour-tithonus-lead-fi","50":"pa_pattern-colour-eos-sininen","51":"pa_pattern-colour-nereus-blue-fi","52":"pa_pattern-colour-helios-yellow-negative-fi","53":"pa_pattern-colour-helios-black-fi","54":"pa_pattern-colour-nereus-lyijy","55":"pa_pattern-colour-tilkku-musta","56":"pa_pattern-colour-doris-sininen","57":"pa_pattern-colour-helios-green-fi","58":"pa_pattern-colour-tithonus-okra","59":"pa_pattern-colour-eos-viininpunainen","60":"pa_pattern-colour-nereus-sininen-nega","61":"pa_pattern-colour-nereus-dark-green-negative-fi","62":"pa_pattern-colour-helios-musta-nega","63":"pa_pattern-colour-nereus-lead-negative-fi","64":"pa_pattern-colour-selene-sininen","65":"pa_pattern-colour-doris-viininpunainen","66":"pa_pattern-colour-helios-green-negative-fi","67":"pa_pattern-colour-tithonus-kultainen","68":"pa_pattern-colour-eos-tiili","69":"pa_pattern-colour-nereus-bordeaux-fi","70":"pa_pattern-colour-nereus-ochre-negative-fi","71":"pa_pattern-colour-helios-blue-fi","72":"pa_pattern-colour-nereus-okra","73":"pa_pattern-colour-doris-tiili","74":"pa_pattern-colour-helios-lyijy","75":"pa_pattern-colour-helios-tummansininen-nega","76":"pa_pattern-colour-eos-vihrea","77":"pa_pattern-colour-nereus-brick-fi","78":"pa_pattern-colour-nereus-yellow-negative-fi","79":"pa_pattern-colour-helios-blue-negativet-fi","80":"pa_pattern-colour-nereus-kultainen","81":"pa_pattern-colour-doris-cirrus","82":"pa_pattern-colour-doris-tummansininen","83":"pa_pattern-colour-helios-lead-negative-fi","84":"pa_pattern-colour-helios-tummanvihrea-nega","85":"pa_pattern-colour-eos-harmaa","86":"pa_pattern-colour-nereus-brick-negative-fi","87":"pa_pattern-colour-helios-lime-fi","88":"pa_pattern-colour-helios-viininpunainen","89":"pa_pattern-colour-tithonus-black-fi","90":"pa_pattern-colour-doris-tummanvihrea","91":"pa_pattern-colour-helios-okra","92":"pa_pattern-colour-nereus-viininpunainen-nega","93":"pa_pattern-colour-eos-lyijy","94":"pa_pattern-colour-nereus-dark-blue-fi","95":"pa_pattern-colour-helios-lime-negative-fi","96":"pa_pattern-colour-helios-tiili","97":"pa_pattern-colour-tithonus-sininen","98":"collection-normandie-2","100":"first","101":"instock","102":"taxable","103":"shipping-taxable","104":"purchasable","105":"product-type-variable","106":"has-default-attributes"},"acf":[],"yoast_head":"<!-- This site is optimized with the Yoast SEO Premium plugin v27.2 (Yoast SEO v27.2) - https:\/\/yoast.com\/product\/yoast-seo-premium-wordpress\/ -->\n<title>Kauppakassi - Johanna Gullichsen<\/title>\n<meta name=\"description\" content=\"Kauppakassi, jossa on k\u00e4yt\u00e4nn\u00f6llinen sis\u00e4tasku. 100% puuvillaa, pellavahihnat. Verhoilukankaasta valmistettu ostoskassi on konepest\u00e4v\u00e4.\" \/>\n<meta name=\"robots\" content=\"index, follow, max-snippet:-1, max-image-preview:large, max-video-preview:-1\" \/>\n<link rel=\"canonical\" href=\"https:\/\/www.johannagullichsen.com\/fi\/tuote\/kauppakassi\/\" \/>\n<meta property=\"og:locale\" content=\"fi_FI\" \/>\n<meta property=\"og:type\" content=\"article\" \/>\n<meta property=\"og:title\" content=\"Kauppakassi\" \/>\n<meta property=\"og:description\" content=\"Kauppakassi, jossa on k\u00e4yt\u00e4nn\u00f6llinen sis\u00e4tasku. 100% puuvillaa, pellavahihnat. Verhoilukankaasta valmistettu ostoskassi on konepest\u00e4v\u00e4.\" \/>\n<meta property=\"og:url\" content=\"https:\/\/www.johannagullichsen.com\/fi\/tuote\/kauppakassi\/\" \/>\n<meta property=\"og:site_name\" content=\"Johanna Gullichsen\" \/>\n<meta property=\"article:modified_time\" content=\"2026-03-20T10:27:12+00:00\" \/>\n<meta property=\"og:image\" content=\"https:\/\/www.johannagullichsen.com\/wp-content\/uploads\/2020\/04\/Gullichsen_Shoppingbag_Eos_light_front-1.jpg\" \/>\n\t<meta property=\"og:image:width\" content=\"1599\" \/>\n\t<meta property=\"og:image:height\" content=\"1200\" \/>\n\t<meta property=\"og:image:type\" content=\"image\/jpeg\" \/>\n<meta name=\"twitter:card\" content=\"summary_large_image\" \/>\n<meta name=\"twitter:label1\" content=\"Arvioitu lukuaika\" \/>\n\t<meta name=\"twitter:data1\" content=\"1 minuutti\" \/>\n<script type=\"application\/ld+json\" class=\"yoast-schema-graph\">{\"@context\":\"https:\/\/schema.org\",\"@graph\":[{\"@type\":\"WebPage\",\"@id\":\"https:\/\/www.johannagullichsen.com\/fi\/tuote\/kauppakassi\/\",\"url\":\"https:\/\/www.johannagullichsen.com\/fi\/tuote\/kauppakassi\/\",\"name\":\"Kauppakassi - Johanna Gullichsen\",\"isPartOf\":{\"@id\":\"https:\/\/www.johannagullichsen.com\/fi\/#website\"},\"primaryImageOfPage\":{\"@id\":\"https:\/\/www.johannagullichsen.com\/fi\/tuote\/kauppakassi\/#primaryimage\"},\"image\":{\"@id\":\"https:\/\/www.johannagullichsen.com\/fi\/tuote\/kauppakassi\/#primaryimage\"},\"thumbnailUrl\":\"https:\/\/www.johannagullichsen.com\/wp-content\/uploads\/2020\/04\/Johanna-Gullichsen-Shopping-Bag-Selene-blue-2-copy.jpg\",\"datePublished\":\"2020-04-22T11:41:18+00:00\",\"dateModified\":\"2026-03-20T10:27:12+00:00\",\"description\":\"Kauppakassi, jossa on k\u00e4yt\u00e4nn\u00f6llinen sis\u00e4tasku. 100% puuvillaa, pellavahihnat. Verhoilukankaasta valmistettu ostoskassi on konepest\u00e4v\u00e4.\",\"breadcrumb\":{\"@id\":\"https:\/\/www.johannagullichsen.com\/fi\/tuote\/kauppakassi\/#breadcrumb\"},\"inLanguage\":\"fi\",\"potentialAction\":[{\"@type\":\"ReadAction\",\"target\":[\"https:\/\/www.johannagullichsen.com\/fi\/tuote\/kauppakassi\/\"]}]},{\"@type\":\"ImageObject\",\"inLanguage\":\"fi\",\"@id\":\"https:\/\/www.johannagullichsen.com\/fi\/tuote\/kauppakassi\/#primaryimage\",\"url\":\"https:\/\/www.johannagullichsen.com\/wp-content\/uploads\/2020\/04\/Johanna-Gullichsen-Shopping-Bag-Selene-blue-2-copy.jpg\",\"contentUrl\":\"https:\/\/www.johannagullichsen.com\/wp-content\/uploads\/2020\/04\/Johanna-Gullichsen-Shopping-Bag-Selene-blue-2-copy.jpg\",\"width\":1600,\"height\":1200},{\"@type\":\"BreadcrumbList\",\"@id\":\"https:\/\/www.johannagullichsen.com\/fi\/tuote\/kauppakassi\/#breadcrumb\",\"itemListElement\":[{\"@type\":\"ListItem\",\"position\":1,\"name\":\"Home\",\"item\":\"https:\/\/www.johannagullichsen.com\/fi\/\"},{\"@type\":\"ListItem\",\"position\":2,\"name\":\"Tuotteet ja verkkokauppa\",\"item\":\"https:\/\/www.johannagullichsen.com\/fi\/tuotteet\/\"},{\"@type\":\"ListItem\",\"position\":3,\"name\":\"Kauppakassi\"}]},{\"@type\":\"WebSite\",\"@id\":\"https:\/\/www.johannagullichsen.com\/fi\/#website\",\"url\":\"https:\/\/www.johannagullichsen.com\/fi\/\",\"name\":\"Johanna Gullichsen\",\"description\":\"\",\"potentialAction\":[{\"@type\":\"SearchAction\",\"target\":{\"@type\":\"EntryPoint\",\"urlTemplate\":\"https:\/\/www.johannagullichsen.com\/fi\/?s={search_term_string}\"},\"query-input\":{\"@type\":\"PropertyValueSpecification\",\"valueRequired\":true,\"valueName\":\"search_term_string\"}}],\"inLanguage\":\"fi\"}]}<\/script>\n<!-- \/ Yoast SEO Premium plugin. -->","yoast_head_json":{"title":"Kauppakassi - Johanna Gullichsen","description":"Kauppakassi, jossa on k\u00e4yt\u00e4nn\u00f6llinen sis\u00e4tasku. 100% puuvillaa, pellavahihnat. Verhoilukankaasta valmistettu ostoskassi on konepest\u00e4v\u00e4.","robots":{"index":"index","follow":"follow","max-snippet":"max-snippet:-1","max-image-preview":"max-image-preview:large","max-video-preview":"max-video-preview:-1"},"canonical":"https:\/\/www.johannagullichsen.com\/fi\/tuote\/kauppakassi\/","og_locale":"fi_FI","og_type":"article","og_title":"Kauppakassi","og_description":"Kauppakassi, jossa on k\u00e4yt\u00e4nn\u00f6llinen sis\u00e4tasku. 100% puuvillaa, pellavahihnat. Verhoilukankaasta valmistettu ostoskassi on konepest\u00e4v\u00e4.","og_url":"https:\/\/www.johannagullichsen.com\/fi\/tuote\/kauppakassi\/","og_site_name":"Johanna Gullichsen","article_modified_time":"2026-03-20T10:27:12+00:00","og_image":[{"width":1599,"height":1200,"url":"https:\/\/www.johannagullichsen.com\/wp-content\/uploads\/2020\/04\/Gullichsen_Shoppingbag_Eos_light_front-1.jpg","type":"image\/jpeg"}],"twitter_card":"summary_large_image","twitter_misc":{"Arvioitu lukuaika":"1 minuutti"},"schema":{"@context":"https:\/\/schema.org","@graph":[{"@type":"WebPage","@id":"https:\/\/www.johannagullichsen.com\/fi\/tuote\/kauppakassi\/","url":"https:\/\/www.johannagullichsen.com\/fi\/tuote\/kauppakassi\/","name":"Kauppakassi - Johanna Gullichsen","isPartOf":{"@id":"https:\/\/www.johannagullichsen.com\/fi\/#website"},"primaryImageOfPage":{"@id":"https:\/\/www.johannagullichsen.com\/fi\/tuote\/kauppakassi\/#primaryimage"},"image":{"@id":"https:\/\/www.johannagullichsen.com\/fi\/tuote\/kauppakassi\/#primaryimage"},"thumbnailUrl":"https:\/\/www.johannagullichsen.com\/wp-content\/uploads\/2020\/04\/Johanna-Gullichsen-Shopping-Bag-Selene-blue-2-copy.jpg","datePublished":"2020-04-22T11:41:18+00:00","dateModified":"2026-03-20T10:27:12+00:00","description":"Kauppakassi, jossa on k\u00e4yt\u00e4nn\u00f6llinen sis\u00e4tasku. 100% puuvillaa, pellavahihnat. Verhoilukankaasta valmistettu ostoskassi on konepest\u00e4v\u00e4.","breadcrumb":{"@id":"https:\/\/www.johannagullichsen.com\/fi\/tuote\/kauppakassi\/#breadcrumb"},"inLanguage":"fi","potentialAction":[{"@type":"ReadAction","target":["https:\/\/www.johannagullichsen.com\/fi\/tuote\/kauppakassi\/"]}]},{"@type":"ImageObject","inLanguage":"fi","@id":"https:\/\/www.johannagullichsen.com\/fi\/tuote\/kauppakassi\/#primaryimage","url":"https:\/\/www.johannagullichsen.com\/wp-content\/uploads\/2020\/04\/Johanna-Gullichsen-Shopping-Bag-Selene-blue-2-copy.jpg","contentUrl":"https:\/\/www.johannagullichsen.com\/wp-content\/uploads\/2020\/04\/Johanna-Gullichsen-Shopping-Bag-Selene-blue-2-copy.jpg","width":1600,"height":1200},{"@type":"BreadcrumbList","@id":"https:\/\/www.johannagullichsen.com\/fi\/tuote\/kauppakassi\/#breadcrumb","itemListElement":[{"@type":"ListItem","position":1,"name":"Home","item":"https:\/\/www.johannagullichsen.com\/fi\/"},{"@type":"ListItem","position":2,"name":"Tuotteet ja verkkokauppa","item":"https:\/\/www.johannagullichsen.com\/fi\/tuotteet\/"},{"@type":"ListItem","position":3,"name":"Kauppakassi"}]},{"@type":"WebSite","@id":"https:\/\/www.johannagullichsen.com\/fi\/#website","url":"https:\/\/www.johannagullichsen.com\/fi\/","name":"Johanna Gullichsen","description":"","potentialAction":[{"@type":"SearchAction","target":{"@type":"EntryPoint","urlTemplate":"https:\/\/www.johannagullichsen.com\/fi\/?s={search_term_string}"},"query-input":{"@type":"PropertyValueSpecification","valueRequired":true,"valueName":"search_term_string"}}],"inLanguage":"fi"}]}},"_links":{"self":[{"href":"https:\/\/www.johannagullichsen.com\/fi\/wp-json\/wp\/v2\/product\/6953","targetHints":{"allow":["GET"]}}],"collection":[{"href":"https:\/\/www.johannagullichsen.com\/fi\/wp-json\/wp\/v2\/product"}],"about":[{"href":"https:\/\/www.johannagullichsen.com\/fi\/wp-json\/wp\/v2\/types\/product"}],"wp:featuredmedia":[{"embeddable":true,"href":"https:\/\/www.johannagullichsen.com\/fi\/wp-json\/wp\/v2\/media\/18248"}],"wp:attachment":[{"href":"https:\/\/www.johannagullichsen.com\/fi\/wp-json\/wp\/v2\/media?parent=6953"}],"wp:term":[{"taxonomy":"product_brand","embeddable":true,"href":"https:\/\/www.johannagullichsen.com\/fi\/wp-json\/wp\/v2\/product_brand?post=6953"},{"taxonomy":"product_cat","embeddable":true,"href":"https:\/\/www.johannagullichsen.com\/fi\/wp-json\/wp\/v2\/product_cat?post=6953"},{"taxonomy":"product_tag","embeddable":true,"href":"https:\/\/www.johannagullichsen.com\/fi\/wp-json\/wp\/v2\/product_tag?post=6953"}],"curies":[{"name":"wp","href":"https:\/\/api.w.org\/{rel}","templated":true}]}}