{"id":6996,"date":"2020-04-22T13:54:15","date_gmt":"2020-04-22T10:54:15","guid":{"rendered":"https:\/\/www.johannagullichsen.com\/products\/Ei-luokiteltu\/tetra-handbag\/"},"modified":"2025-05-05T16:53:29","modified_gmt":"2025-05-05T13:53:29","slug":"tetra-kasilaukku","status":"publish","type":"product","link":"https:\/\/www.johannagullichsen.com\/fi\/tuote\/tetra-kasilaukku\/","title":{"rendered":"Tetra k\u00e4silaukku"},"content":{"rendered":"<h4>Tetraedrin muotoinen k\u00e4silaukku<\/h4>\n<p>Tetran muotoinen pikkulaukku, jossa geometrinen muoto yhdistyy ryhdikk\u00e4\u00e4seen puuvillakankaasen. Tyylitietoisen valinta!<\/p>\n","protected":false},"excerpt":{"rendered":"<p>Tetraedrin muotoinen k\u00e4silaukku Tetran muotoinen pikkulaukku, jossa geometrinen muoto yhdistyy ryhdikk\u00e4\u00e4seen puuvillakankaasen. Tyylitietoisen valinta!<\/p>\n","protected":false},"featured_media":4865,"template":"","meta":{"_acf_changed":false},"product_brand":[],"product_cat":[1968,192],"product_tag":[],"class_list":{"0":"post-6996","1":"product","2":"type-product","3":"status-publish","4":"has-post-thumbnail","6":"product_cat-laukut","7":"product_cat-laukut-asusteet","8":"pa_pattern-colour-helios-green-fi","9":"pa_pattern-colour-helios-lime-fi","10":"pa_pattern-colour-doris-keltainen","11":"pa_pattern-colour-nereus-dark-blue-fi","12":"pa_pattern-colour-helios-manteli","13":"pa_pattern-colour-tithonus-lead-fi","14":"pa_pattern-colour-doris-manteli","15":"pa_pattern-colour-helios-green-negative-fi","16":"pa_pattern-colour-helios-lime-negative-fi","17":"pa_pattern-colour-eos-musta","18":"pa_pattern-colour-nereus-tummanvihrea","19":"pa_pattern-colour-helios-black-fi","20":"pa_pattern-colour-tithonus-okra","21":"pa_pattern-colour-doris-musta-fi","22":"pa_pattern-colour-helios-lyijy","23":"pa_pattern-colour-doris-lime-fi","24":"pa_pattern-colour-eos-sininen","25":"pa_pattern-colour-nereus-lyijy","26":"pa_pattern-colour-helios-musta-nega","27":"pa_pattern-colour-tithonus-kultainen","28":"pa_pattern-colour-doris-sininen","29":"pa_pattern-colour-helios-lead-negative-fi","30":"pa_pattern-colour-eos-viininpunainen","31":"pa_pattern-colour-nereus-okra","32":"pa_pattern-colour-helios-blue-fi","33":"pa_pattern-colour-helios-tummansininen-nega","34":"pa_pattern-colour-doris-viininpunainen","35":"pa_pattern-colour-helios-okra","36":"pa_pattern-colour-eos-tiili","37":"pa_pattern-colour-nereus-kultainen","38":"pa_pattern-colour-helios-blue-negativet-fi","39":"pa_pattern-colour-helios-tummanvihrea-nega","40":"pa_pattern-colour-doris-tiili","41":"pa_pattern-colour-helios-yellow-fi","42":"pa_pattern-colour-eos-vihrea","43":"pa_pattern-colour-tithonus-black-fi","44":"pa_pattern-colour-helios-viininpunainen","45":"pa_pattern-colour-tithonus-tummansininen","46":"pa_pattern-colour-doris-tummansininen","47":"pa_pattern-colour-nereus-manteli","48":"pa_pattern-colour-eos-harmaa","49":"pa_pattern-colour-tithonus-sininen","50":"pa_pattern-colour-helios-tiili","51":"pa_pattern-colour-helios-almond-negative-fi","52":"pa_pattern-colour-doris-tummanvihrea","53":"pa_pattern-colour-nereus-black-fi","54":"pa_pattern-colour-eos-lyijy","55":"pa_pattern-colour-tithonus-viininpunainen","56":"pa_pattern-colour-helios-brick-negative-fi","57":"pa_pattern-colour-helios-bordeaux-negative-fi","58":"pa_pattern-colour-doris-vihrea","59":"pa_pattern-colour-nereus-musta-nega","60":"pa_pattern-colour-eos-vaaleanharmaa","61":"pa_pattern-colour-tithonus-tiili","62":"pa_pattern-colour-helios-tummansininen","63":"pa_pattern-colour-helios-ochre-negative-fi","64":"pa_pattern-colour-doris-lyijy","65":"pa_pattern-colour-nereus-blue-fi","66":"pa_pattern-colour-eos-keltainen","67":"pa_pattern-colour-tithonus-dark-green-fi","68":"pa_pattern-colour-helios-dark-green-fi","69":"pa_pattern-colour-helios-yellow-negative-fi","70":"pa_pattern-colour-doris-okra","71":"pa_pattern-colour-nereus-bordeaux-fi","72":"pa_pattern-colour-eos-ochre-fi","73":"pa_pattern-colour-tithonus-vihrea","74":"collection-normandie-2","76":"first","77":"instock","78":"taxable","79":"shipping-taxable","80":"purchasable","81":"product-type-variable"},"acf":[],"yoast_head":"<!-- This site is optimized with the Yoast SEO Premium plugin v27.2 (Yoast SEO v27.5) - https:\/\/yoast.com\/product\/yoast-seo-premium-wordpress\/ -->\n<title>Tetra k\u00e4silaukku - Johanna Gullichsen<\/title>\n<meta name=\"description\" content=\"Tetran muotoinen pikkulaukku, sulkeutuu vetoketjulla. Geometrinen muoto yhdistyy ryhdikk\u00e4\u00e4seen puuvillakankaasen. Valmistettu Suomessa.\" \/>\n<meta name=\"robots\" content=\"index, follow, max-snippet:-1, max-image-preview:large, max-video-preview:-1\" \/>\n<link rel=\"canonical\" href=\"https:\/\/www.johannagullichsen.com\/fi\/tuote\/tetra-kasilaukku\/\" \/>\n<meta property=\"og:locale\" content=\"fi_FI\" \/>\n<meta property=\"og:type\" content=\"article\" \/>\n<meta property=\"og:title\" content=\"Tetra k\u00e4silaukku\" \/>\n<meta property=\"og:description\" content=\"Tetran muotoinen pikkulaukku, sulkeutuu vetoketjulla. Geometrinen muoto yhdistyy ryhdikk\u00e4\u00e4seen puuvillakankaasen. Valmistettu Suomessa.\" \/>\n<meta property=\"og:url\" content=\"https:\/\/www.johannagullichsen.com\/fi\/tuote\/tetra-kasilaukku\/\" \/>\n<meta property=\"og:site_name\" content=\"Johanna Gullichsen\" \/>\n<meta property=\"article:modified_time\" content=\"2025-05-05T13:53:29+00:00\" \/>\n<meta property=\"og:image\" content=\"https:\/\/www.johannagullichsen.com\/wp-content\/uploads\/2020\/04\/Johanna_Gullichsen_Tetra_Handbag_Eos_black_greenyellow-1.jpg\" \/>\n\t<meta property=\"og:image:width\" content=\"1600\" \/>\n\t<meta property=\"og:image:height\" content=\"1200\" \/>\n\t<meta property=\"og:image:type\" content=\"image\/jpeg\" \/>\n<meta name=\"twitter:card\" content=\"summary_large_image\" \/>\n<meta name=\"twitter:label1\" content=\"Arvioitu lukuaika\" \/>\n\t<meta name=\"twitter:data1\" content=\"1 minuutti\" \/>\n<script type=\"application\/ld+json\" class=\"yoast-schema-graph\">{\"@context\":\"https:\\\/\\\/schema.org\",\"@graph\":[{\"@type\":\"WebPage\",\"@id\":\"https:\\\/\\\/www.johannagullichsen.com\\\/fi\\\/tuote\\\/tetra-kasilaukku\\\/\",\"url\":\"https:\\\/\\\/www.johannagullichsen.com\\\/fi\\\/tuote\\\/tetra-kasilaukku\\\/\",\"name\":\"Tetra k\u00e4silaukku - Johanna Gullichsen\",\"isPartOf\":{\"@id\":\"https:\\\/\\\/www.johannagullichsen.com\\\/fi\\\/#website\"},\"primaryImageOfPage\":{\"@id\":\"https:\\\/\\\/www.johannagullichsen.com\\\/fi\\\/tuote\\\/tetra-kasilaukku\\\/#primaryimage\"},\"image\":{\"@id\":\"https:\\\/\\\/www.johannagullichsen.com\\\/fi\\\/tuote\\\/tetra-kasilaukku\\\/#primaryimage\"},\"thumbnailUrl\":\"https:\\\/\\\/www.johannagullichsen.com\\\/wp-content\\\/uploads\\\/2020\\\/04\\\/Johanna_Gullichsen_Tetra_Handbag_Eos_light-1.jpg\",\"datePublished\":\"2020-04-22T10:54:15+00:00\",\"dateModified\":\"2025-05-05T13:53:29+00:00\",\"description\":\"Tetran muotoinen pikkulaukku, sulkeutuu vetoketjulla. Geometrinen muoto yhdistyy ryhdikk\u00e4\u00e4seen puuvillakankaasen. Valmistettu Suomessa.\",\"breadcrumb\":{\"@id\":\"https:\\\/\\\/www.johannagullichsen.com\\\/fi\\\/tuote\\\/tetra-kasilaukku\\\/#breadcrumb\"},\"inLanguage\":\"fi\",\"potentialAction\":[{\"@type\":\"ReadAction\",\"target\":[\"https:\\\/\\\/www.johannagullichsen.com\\\/fi\\\/tuote\\\/tetra-kasilaukku\\\/\"]}]},{\"@type\":\"ImageObject\",\"inLanguage\":\"fi\",\"@id\":\"https:\\\/\\\/www.johannagullichsen.com\\\/fi\\\/tuote\\\/tetra-kasilaukku\\\/#primaryimage\",\"url\":\"https:\\\/\\\/www.johannagullichsen.com\\\/wp-content\\\/uploads\\\/2020\\\/04\\\/Johanna_Gullichsen_Tetra_Handbag_Eos_light-1.jpg\",\"contentUrl\":\"https:\\\/\\\/www.johannagullichsen.com\\\/wp-content\\\/uploads\\\/2020\\\/04\\\/Johanna_Gullichsen_Tetra_Handbag_Eos_light-1.jpg\",\"width\":1600,\"height\":1200},{\"@type\":\"BreadcrumbList\",\"@id\":\"https:\\\/\\\/www.johannagullichsen.com\\\/fi\\\/tuote\\\/tetra-kasilaukku\\\/#breadcrumb\",\"itemListElement\":[{\"@type\":\"ListItem\",\"position\":1,\"name\":\"Home\",\"item\":\"https:\\\/\\\/www.johannagullichsen.com\\\/fi\\\/\"},{\"@type\":\"ListItem\",\"position\":2,\"name\":\"Tuotteet ja verkkokauppa\",\"item\":\"https:\\\/\\\/www.johannagullichsen.com\\\/fi\\\/tuotteet\\\/\"},{\"@type\":\"ListItem\",\"position\":3,\"name\":\"Tetra k\u00e4silaukku\"}]},{\"@type\":\"WebSite\",\"@id\":\"https:\\\/\\\/www.johannagullichsen.com\\\/fi\\\/#website\",\"url\":\"https:\\\/\\\/www.johannagullichsen.com\\\/fi\\\/\",\"name\":\"Johanna Gullichsen\",\"description\":\"\",\"potentialAction\":[{\"@type\":\"SearchAction\",\"target\":{\"@type\":\"EntryPoint\",\"urlTemplate\":\"https:\\\/\\\/www.johannagullichsen.com\\\/fi\\\/?s={search_term_string}\"},\"query-input\":{\"@type\":\"PropertyValueSpecification\",\"valueRequired\":true,\"valueName\":\"search_term_string\"}}],\"inLanguage\":\"fi\"}]}<\/script>\n<!-- \/ Yoast SEO Premium plugin. -->","yoast_head_json":{"title":"Tetra k\u00e4silaukku - Johanna Gullichsen","description":"Tetran muotoinen pikkulaukku, sulkeutuu vetoketjulla. Geometrinen muoto yhdistyy ryhdikk\u00e4\u00e4seen puuvillakankaasen. Valmistettu Suomessa.","robots":{"index":"index","follow":"follow","max-snippet":"max-snippet:-1","max-image-preview":"max-image-preview:large","max-video-preview":"max-video-preview:-1"},"canonical":"https:\/\/www.johannagullichsen.com\/fi\/tuote\/tetra-kasilaukku\/","og_locale":"fi_FI","og_type":"article","og_title":"Tetra k\u00e4silaukku","og_description":"Tetran muotoinen pikkulaukku, sulkeutuu vetoketjulla. Geometrinen muoto yhdistyy ryhdikk\u00e4\u00e4seen puuvillakankaasen. Valmistettu Suomessa.","og_url":"https:\/\/www.johannagullichsen.com\/fi\/tuote\/tetra-kasilaukku\/","og_site_name":"Johanna Gullichsen","article_modified_time":"2025-05-05T13:53:29+00:00","og_image":[{"width":1600,"height":1200,"url":"https:\/\/www.johannagullichsen.com\/wp-content\/uploads\/2020\/04\/Johanna_Gullichsen_Tetra_Handbag_Eos_black_greenyellow-1.jpg","type":"image\/jpeg"}],"twitter_card":"summary_large_image","twitter_misc":{"Arvioitu lukuaika":"1 minuutti"},"schema":{"@context":"https:\/\/schema.org","@graph":[{"@type":"WebPage","@id":"https:\/\/www.johannagullichsen.com\/fi\/tuote\/tetra-kasilaukku\/","url":"https:\/\/www.johannagullichsen.com\/fi\/tuote\/tetra-kasilaukku\/","name":"Tetra k\u00e4silaukku - Johanna Gullichsen","isPartOf":{"@id":"https:\/\/www.johannagullichsen.com\/fi\/#website"},"primaryImageOfPage":{"@id":"https:\/\/www.johannagullichsen.com\/fi\/tuote\/tetra-kasilaukku\/#primaryimage"},"image":{"@id":"https:\/\/www.johannagullichsen.com\/fi\/tuote\/tetra-kasilaukku\/#primaryimage"},"thumbnailUrl":"https:\/\/www.johannagullichsen.com\/wp-content\/uploads\/2020\/04\/Johanna_Gullichsen_Tetra_Handbag_Eos_light-1.jpg","datePublished":"2020-04-22T10:54:15+00:00","dateModified":"2025-05-05T13:53:29+00:00","description":"Tetran muotoinen pikkulaukku, sulkeutuu vetoketjulla. Geometrinen muoto yhdistyy ryhdikk\u00e4\u00e4seen puuvillakankaasen. Valmistettu Suomessa.","breadcrumb":{"@id":"https:\/\/www.johannagullichsen.com\/fi\/tuote\/tetra-kasilaukku\/#breadcrumb"},"inLanguage":"fi","potentialAction":[{"@type":"ReadAction","target":["https:\/\/www.johannagullichsen.com\/fi\/tuote\/tetra-kasilaukku\/"]}]},{"@type":"ImageObject","inLanguage":"fi","@id":"https:\/\/www.johannagullichsen.com\/fi\/tuote\/tetra-kasilaukku\/#primaryimage","url":"https:\/\/www.johannagullichsen.com\/wp-content\/uploads\/2020\/04\/Johanna_Gullichsen_Tetra_Handbag_Eos_light-1.jpg","contentUrl":"https:\/\/www.johannagullichsen.com\/wp-content\/uploads\/2020\/04\/Johanna_Gullichsen_Tetra_Handbag_Eos_light-1.jpg","width":1600,"height":1200},{"@type":"BreadcrumbList","@id":"https:\/\/www.johannagullichsen.com\/fi\/tuote\/tetra-kasilaukku\/#breadcrumb","itemListElement":[{"@type":"ListItem","position":1,"name":"Home","item":"https:\/\/www.johannagullichsen.com\/fi\/"},{"@type":"ListItem","position":2,"name":"Tuotteet ja verkkokauppa","item":"https:\/\/www.johannagullichsen.com\/fi\/tuotteet\/"},{"@type":"ListItem","position":3,"name":"Tetra k\u00e4silaukku"}]},{"@type":"WebSite","@id":"https:\/\/www.johannagullichsen.com\/fi\/#website","url":"https:\/\/www.johannagullichsen.com\/fi\/","name":"Johanna Gullichsen","description":"","potentialAction":[{"@type":"SearchAction","target":{"@type":"EntryPoint","urlTemplate":"https:\/\/www.johannagullichsen.com\/fi\/?s={search_term_string}"},"query-input":{"@type":"PropertyValueSpecification","valueRequired":true,"valueName":"search_term_string"}}],"inLanguage":"fi"}]}},"_links":{"self":[{"href":"https:\/\/www.johannagullichsen.com\/fi\/wp-json\/wp\/v2\/product\/6996","targetHints":{"allow":["GET"]}}],"collection":[{"href":"https:\/\/www.johannagullichsen.com\/fi\/wp-json\/wp\/v2\/product"}],"about":[{"href":"https:\/\/www.johannagullichsen.com\/fi\/wp-json\/wp\/v2\/types\/product"}],"wp:featuredmedia":[{"embeddable":true,"href":"https:\/\/www.johannagullichsen.com\/fi\/wp-json\/wp\/v2\/media\/4865"}],"wp:attachment":[{"href":"https:\/\/www.johannagullichsen.com\/fi\/wp-json\/wp\/v2\/media?parent=6996"}],"wp:term":[{"taxonomy":"product_brand","embeddable":true,"href":"https:\/\/www.johannagullichsen.com\/fi\/wp-json\/wp\/v2\/product_brand?post=6996"},{"taxonomy":"product_cat","embeddable":true,"href":"https:\/\/www.johannagullichsen.com\/fi\/wp-json\/wp\/v2\/product_cat?post=6996"},{"taxonomy":"product_tag","embeddable":true,"href":"https:\/\/www.johannagullichsen.com\/fi\/wp-json\/wp\/v2\/product_tag?post=6996"}],"curies":[{"name":"wp","href":"https:\/\/api.w.org\/{rel}","templated":true}]}}