{"id":7092,"date":"2020-04-22T10:35:54","date_gmt":"2020-04-22T07:35:54","guid":{"rendered":"https:\/\/www.johannagullichsen.com\/products\/Ei-luokiteltu\/vanity-case-l\/"},"modified":"2025-04-17T11:38:22","modified_gmt":"2025-04-17T08:38:22","slug":"vanity-case-l","status":"publish","type":"product","link":"https:\/\/www.johannagullichsen.com\/fi\/tuote\/vanity-case-l\/","title":{"rendered":"Vanity Case L &#8211; Kosmetiikkalaukku"},"content":{"rendered":"<h4>Isoon kosmetiikkalaukkuun mahtuu kaikki tarvitsemasi<\/h4>\n<p>Luomupuuvillasta valmistetut kosmetiikkalaukut sopivat sek\u00e4 miehille ett\u00e4 naisille. Kaunis kosmetiikkalaukku lis\u00e4\u00e4 kylpyhuoneeseesi ripauksen charmia ja on my\u00f6s oiva matkakumppani. Kosmetiikkalaukku on vuoriton ja konepest\u00e4v\u00e4, joten se on helppo pit\u00e4\u00e4 raikkaina ja puhtaina.<\/p>\n<p>Muut koot: <a href=\"https:\/\/www.johannagullichsen.com\/fi\/tuotteet\/laukut-asusteet\/vanity-case-s\/\">Vanity case S<\/a>, <a href=\"https:\/\/www.johannagullichsen.com\/fi\/tuotteet\/laukut-asusteet\/vanity-case-m\/\">Vanity case M<\/a><\/p>\n","protected":false},"excerpt":{"rendered":"<p>Isoon kosmetiikkalaukkuun mahtuu kaikki tarvitsemasi Luomupuuvillasta valmistetut kosmetiikkalaukut sopivat sek\u00e4 miehille ett\u00e4 naisille. Kaunis kosmetiikkalaukku lis\u00e4\u00e4 kylpyhuoneeseesi ripauksen charmia ja on my\u00f6s oiva matkakumppani. Kosmetiikkalaukku on vuoriton ja konepest\u00e4v\u00e4, joten&hellip;<\/p>\n","protected":false},"featured_media":30171,"template":"","meta":{"_acf_changed":false},"product_brand":[],"product_cat":[192,1969,1976],"product_tag":[],"class_list":{"0":"post-7092","1":"product","2":"type-product","3":"status-publish","4":"has-post-thumbnail","6":"product_cat-laukut-asusteet","7":"product_cat-kosmetiikkalaukut-ja-kukkarot","8":"product_cat-pyyhkeet-ja-kylpytakit","9":"pa_pattern-colour-eos-lyijy","10":"pa_pattern-colour-nereus-tummanvihrea","11":"pa_pattern-colour-tithonus-lime-fi","12":"pa_pattern-colour-helios-viininpunainen","13":"pa_pattern-colour-tithonus-dark-green-fi","14":"pa_pattern-colour-doris-tummansininen","15":"pa_pattern-colour-nereus-manteli","16":"pa_pattern-colour-helios-almond-negative-fi","17":"pa_pattern-colour-eos-vaaleanharmaa","18":"pa_pattern-colour-nereus-green-fi","19":"pa_pattern-colour-oceanide-other-fi","20":"pa_pattern-colour-helios-tiili","21":"pa_pattern-colour-tithonus-vihrea","22":"pa_pattern-colour-doris-tummanvihrea","23":"pa_pattern-colour-nereus-almond-negative-fi","24":"pa_pattern-colour-helios-bordeaux-negative-fi","25":"pa_pattern-colour-eos-keltainen","26":"pa_pattern-colour-nereus-green-negative-fi","27":"pa_pattern-colour-nereus-lime-fi","28":"pa_pattern-colour-helios-tummansininen","29":"pa_pattern-colour-tithonus-lead-fi","30":"pa_pattern-colour-doris-vihrea","31":"pa_pattern-colour-nereus-black-fi","32":"pa_pattern-colour-helios-ochre-negative-fi","33":"pa_pattern-colour-eos-manteli","34":"pa_pattern-colour-nereus-lyijy","35":"pa_pattern-colour-nereus-lime-negative-fi","36":"pa_pattern-colour-helios-tumma-viininpunainen","37":"pa_pattern-colour-tithonus-okra","38":"pa_pattern-colour-doris-lyijy","39":"pa_pattern-colour-nereus-musta-nega","40":"pa_pattern-colour-helios-yellow-negative-fi","41":"pa_pattern-colour-eos-tummansininen-fi","42":"pa_pattern-colour-nereus-lead-negative-fi","43":"pa_pattern-colour-selene-vihrea","44":"pa_pattern-colour-helios-dark-green-fi","45":"pa_pattern-colour-tithonus-kultainen","46":"pa_pattern-colour-doris-okra","47":"pa_pattern-colour-nereus-blue-fi","48":"pa_pattern-colour-nereus-dark-green-negative-fi","49":"pa_pattern-colour-eos-ochre-fi","50":"pa_pattern-colour-nereus-okra","51":"pa_pattern-colour-doris-olki","52":"pa_pattern-colour-helios-green-fi","53":"pa_pattern-colour-helios-tummansininen-nega","54":"pa_pattern-colour-doris-keltainen","55":"pa_pattern-colour-nereus-sininen-nega","56":"pa_pattern-colour-nereus-ochre-negative-fi","57":"pa_pattern-colour-helios-manteli","58":"pa_pattern-colour-nereus-kultainen","59":"pa_pattern-colour-doris-manteli","60":"pa_pattern-colour-helios-green-negative-fi","61":"pa_pattern-colour-helios-tummanvihrea-nega","62":"pa_pattern-colour-eos-musta","63":"pa_pattern-colour-nereus-bordeaux-fi","64":"pa_pattern-colour-nereus-yellow-negative-fi","65":"pa_pattern-colour-helios-black-fi","66":"pa_pattern-colour-tithonus-black-fi","67":"pa_pattern-colour-doris-musta-fi","68":"pa_pattern-colour-helios-lyijy","69":"pa_pattern-colour-nereus-viininpunainen-nega","70":"pa_pattern-colour-eos-sininen","71":"pa_pattern-colour-nereus-brick-fi","72":"pa_pattern-colour-doris-dark-bordeaux-fi","73":"pa_pattern-colour-helios-musta-nega","74":"pa_pattern-colour-tithonus-sininen","75":"pa_pattern-colour-doris-cirrus","76":"pa_pattern-colour-doris-sininen","77":"pa_pattern-colour-helios-lead-negative-fi","78":"pa_pattern-colour-nereus-tummansininen-nega","79":"pa_pattern-colour-eos-viininpunainen","80":"pa_pattern-colour-nereus-dark-blue-fi","81":"pa_pattern-colour-helios-lime-fi","82":"pa_pattern-colour-helios-blue-fi","83":"pa_pattern-colour-tithonus-viininpunainen","84":"pa_pattern-colour-doris-viininpunainen","85":"pa_pattern-colour-helios-okra","86":"pa_pattern-colour-tithonus-tummansininen","87":"pa_pattern-colour-eos-harmaa","88":"pa_pattern-colour-nereus-dark-bordeaux-fi","89":"pa_pattern-colour-helios-lime-negative-fi","90":"pa_pattern-colour-helios-blue-negativet-fi","91":"pa_pattern-colour-tithonus-tiili","92":"pa_pattern-colour-doris-tiili","93":"pa_pattern-colour-helios-yellow-fi","94":"pa_pattern-colour-eos-dark-bordeaux-fi","95":"collection-normandie-2","97":"first","98":"instock","99":"taxable","100":"shipping-taxable","101":"purchasable","102":"product-type-variable"},"acf":[],"yoast_head":"<!-- This site is optimized with the Yoast SEO Premium plugin v27.2 (Yoast SEO v27.2) - https:\/\/yoast.com\/product\/yoast-seo-premium-wordpress\/ -->\n<title>Vanity Case L - Kosmetiikkalaukku - Johanna Gullichsen<\/title>\n<meta name=\"description\" content=\"Tyylik\u00e4s ja iso kosmetiikkalaukku naisille ja miehille. Kest\u00e4v\u00e4\u00e4 Johanna Gullichsen puuvillakangasta. Konepest\u00e4v\u00e4. Luomupuuvilla.\" \/>\n<meta name=\"robots\" content=\"index, follow, max-snippet:-1, max-image-preview:large, max-video-preview:-1\" \/>\n<link rel=\"canonical\" href=\"https:\/\/www.johannagullichsen.com\/fi\/tuote\/vanity-case-l\/\" \/>\n<meta property=\"og:locale\" content=\"fi_FI\" \/>\n<meta property=\"og:type\" content=\"article\" \/>\n<meta property=\"og:title\" content=\"Vanity Case L - Kosmetiikkalaukku\" \/>\n<meta property=\"og:description\" content=\"Tyylik\u00e4s ja iso kosmetiikkalaukku naisille ja miehille. Kest\u00e4v\u00e4\u00e4 Johanna Gullichsen puuvillakangasta. Konepest\u00e4v\u00e4. Luomupuuvilla.\" \/>\n<meta property=\"og:url\" content=\"https:\/\/www.johannagullichsen.com\/fi\/tuote\/vanity-case-l\/\" \/>\n<meta property=\"og:site_name\" content=\"Johanna Gullichsen\" \/>\n<meta property=\"article:modified_time\" content=\"2025-04-17T08:38:22+00:00\" \/>\n<meta property=\"og:image\" content=\"https:\/\/www.johannagullichsen.com\/wp-content\/uploads\/2020\/04\/Johanna-Gullichsen-Vanity-Case-L-doris-black-2.jpg\" \/>\n\t<meta property=\"og:image:width\" content=\"1600\" \/>\n\t<meta property=\"og:image:height\" content=\"1200\" \/>\n\t<meta property=\"og:image:type\" content=\"image\/jpeg\" \/>\n<meta name=\"twitter:card\" content=\"summary_large_image\" \/>\n<meta name=\"twitter:label1\" content=\"Arvioitu lukuaika\" \/>\n\t<meta name=\"twitter:data1\" content=\"1 minuutti\" \/>\n<script type=\"application\/ld+json\" class=\"yoast-schema-graph\">{\"@context\":\"https:\/\/schema.org\",\"@graph\":[{\"@type\":\"WebPage\",\"@id\":\"https:\/\/www.johannagullichsen.com\/fi\/tuote\/vanity-case-l\/\",\"url\":\"https:\/\/www.johannagullichsen.com\/fi\/tuote\/vanity-case-l\/\",\"name\":\"Vanity Case L - Kosmetiikkalaukku - Johanna Gullichsen\",\"isPartOf\":{\"@id\":\"https:\/\/www.johannagullichsen.com\/fi\/#website\"},\"primaryImageOfPage\":{\"@id\":\"https:\/\/www.johannagullichsen.com\/fi\/tuote\/vanity-case-l\/#primaryimage\"},\"image\":{\"@id\":\"https:\/\/www.johannagullichsen.com\/fi\/tuote\/vanity-case-l\/#primaryimage\"},\"thumbnailUrl\":\"https:\/\/www.johannagullichsen.com\/wp-content\/uploads\/2020\/04\/PR_Johanna_Gullichsen-Vanitycase-L-Cirrus.jpg\",\"datePublished\":\"2020-04-22T07:35:54+00:00\",\"dateModified\":\"2025-04-17T08:38:22+00:00\",\"description\":\"Tyylik\u00e4s ja iso kosmetiikkalaukku naisille ja miehille. Kest\u00e4v\u00e4\u00e4 Johanna Gullichsen puuvillakangasta. Konepest\u00e4v\u00e4. Luomupuuvilla.\",\"breadcrumb\":{\"@id\":\"https:\/\/www.johannagullichsen.com\/fi\/tuote\/vanity-case-l\/#breadcrumb\"},\"inLanguage\":\"fi\",\"potentialAction\":[{\"@type\":\"ReadAction\",\"target\":[\"https:\/\/www.johannagullichsen.com\/fi\/tuote\/vanity-case-l\/\"]}]},{\"@type\":\"ImageObject\",\"inLanguage\":\"fi\",\"@id\":\"https:\/\/www.johannagullichsen.com\/fi\/tuote\/vanity-case-l\/#primaryimage\",\"url\":\"https:\/\/www.johannagullichsen.com\/wp-content\/uploads\/2020\/04\/PR_Johanna_Gullichsen-Vanitycase-L-Cirrus.jpg\",\"contentUrl\":\"https:\/\/www.johannagullichsen.com\/wp-content\/uploads\/2020\/04\/PR_Johanna_Gullichsen-Vanitycase-L-Cirrus.jpg\",\"width\":1600,\"height\":1200},{\"@type\":\"BreadcrumbList\",\"@id\":\"https:\/\/www.johannagullichsen.com\/fi\/tuote\/vanity-case-l\/#breadcrumb\",\"itemListElement\":[{\"@type\":\"ListItem\",\"position\":1,\"name\":\"Home\",\"item\":\"https:\/\/www.johannagullichsen.com\/fi\/\"},{\"@type\":\"ListItem\",\"position\":2,\"name\":\"Tuotteet ja verkkokauppa\",\"item\":\"https:\/\/www.johannagullichsen.com\/fi\/tuotteet\/\"},{\"@type\":\"ListItem\",\"position\":3,\"name\":\"Vanity Case L &#8211; Kosmetiikkalaukku\"}]},{\"@type\":\"WebSite\",\"@id\":\"https:\/\/www.johannagullichsen.com\/fi\/#website\",\"url\":\"https:\/\/www.johannagullichsen.com\/fi\/\",\"name\":\"Johanna Gullichsen\",\"description\":\"\",\"potentialAction\":[{\"@type\":\"SearchAction\",\"target\":{\"@type\":\"EntryPoint\",\"urlTemplate\":\"https:\/\/www.johannagullichsen.com\/fi\/?s={search_term_string}\"},\"query-input\":{\"@type\":\"PropertyValueSpecification\",\"valueRequired\":true,\"valueName\":\"search_term_string\"}}],\"inLanguage\":\"fi\"}]}<\/script>\n<!-- \/ Yoast SEO Premium plugin. -->","yoast_head_json":{"title":"Vanity Case L - Kosmetiikkalaukku - Johanna Gullichsen","description":"Tyylik\u00e4s ja iso kosmetiikkalaukku naisille ja miehille. Kest\u00e4v\u00e4\u00e4 Johanna Gullichsen puuvillakangasta. Konepest\u00e4v\u00e4. Luomupuuvilla.","robots":{"index":"index","follow":"follow","max-snippet":"max-snippet:-1","max-image-preview":"max-image-preview:large","max-video-preview":"max-video-preview:-1"},"canonical":"https:\/\/www.johannagullichsen.com\/fi\/tuote\/vanity-case-l\/","og_locale":"fi_FI","og_type":"article","og_title":"Vanity Case L - Kosmetiikkalaukku","og_description":"Tyylik\u00e4s ja iso kosmetiikkalaukku naisille ja miehille. Kest\u00e4v\u00e4\u00e4 Johanna Gullichsen puuvillakangasta. Konepest\u00e4v\u00e4. Luomupuuvilla.","og_url":"https:\/\/www.johannagullichsen.com\/fi\/tuote\/vanity-case-l\/","og_site_name":"Johanna Gullichsen","article_modified_time":"2025-04-17T08:38:22+00:00","og_image":[{"width":1600,"height":1200,"url":"https:\/\/www.johannagullichsen.com\/wp-content\/uploads\/2020\/04\/Johanna-Gullichsen-Vanity-Case-L-doris-black-2.jpg","type":"image\/jpeg"}],"twitter_card":"summary_large_image","twitter_misc":{"Arvioitu lukuaika":"1 minuutti"},"schema":{"@context":"https:\/\/schema.org","@graph":[{"@type":"WebPage","@id":"https:\/\/www.johannagullichsen.com\/fi\/tuote\/vanity-case-l\/","url":"https:\/\/www.johannagullichsen.com\/fi\/tuote\/vanity-case-l\/","name":"Vanity Case L - Kosmetiikkalaukku - Johanna Gullichsen","isPartOf":{"@id":"https:\/\/www.johannagullichsen.com\/fi\/#website"},"primaryImageOfPage":{"@id":"https:\/\/www.johannagullichsen.com\/fi\/tuote\/vanity-case-l\/#primaryimage"},"image":{"@id":"https:\/\/www.johannagullichsen.com\/fi\/tuote\/vanity-case-l\/#primaryimage"},"thumbnailUrl":"https:\/\/www.johannagullichsen.com\/wp-content\/uploads\/2020\/04\/PR_Johanna_Gullichsen-Vanitycase-L-Cirrus.jpg","datePublished":"2020-04-22T07:35:54+00:00","dateModified":"2025-04-17T08:38:22+00:00","description":"Tyylik\u00e4s ja iso kosmetiikkalaukku naisille ja miehille. Kest\u00e4v\u00e4\u00e4 Johanna Gullichsen puuvillakangasta. Konepest\u00e4v\u00e4. Luomupuuvilla.","breadcrumb":{"@id":"https:\/\/www.johannagullichsen.com\/fi\/tuote\/vanity-case-l\/#breadcrumb"},"inLanguage":"fi","potentialAction":[{"@type":"ReadAction","target":["https:\/\/www.johannagullichsen.com\/fi\/tuote\/vanity-case-l\/"]}]},{"@type":"ImageObject","inLanguage":"fi","@id":"https:\/\/www.johannagullichsen.com\/fi\/tuote\/vanity-case-l\/#primaryimage","url":"https:\/\/www.johannagullichsen.com\/wp-content\/uploads\/2020\/04\/PR_Johanna_Gullichsen-Vanitycase-L-Cirrus.jpg","contentUrl":"https:\/\/www.johannagullichsen.com\/wp-content\/uploads\/2020\/04\/PR_Johanna_Gullichsen-Vanitycase-L-Cirrus.jpg","width":1600,"height":1200},{"@type":"BreadcrumbList","@id":"https:\/\/www.johannagullichsen.com\/fi\/tuote\/vanity-case-l\/#breadcrumb","itemListElement":[{"@type":"ListItem","position":1,"name":"Home","item":"https:\/\/www.johannagullichsen.com\/fi\/"},{"@type":"ListItem","position":2,"name":"Tuotteet ja verkkokauppa","item":"https:\/\/www.johannagullichsen.com\/fi\/tuotteet\/"},{"@type":"ListItem","position":3,"name":"Vanity Case L &#8211; Kosmetiikkalaukku"}]},{"@type":"WebSite","@id":"https:\/\/www.johannagullichsen.com\/fi\/#website","url":"https:\/\/www.johannagullichsen.com\/fi\/","name":"Johanna Gullichsen","description":"","potentialAction":[{"@type":"SearchAction","target":{"@type":"EntryPoint","urlTemplate":"https:\/\/www.johannagullichsen.com\/fi\/?s={search_term_string}"},"query-input":{"@type":"PropertyValueSpecification","valueRequired":true,"valueName":"search_term_string"}}],"inLanguage":"fi"}]}},"_links":{"self":[{"href":"https:\/\/www.johannagullichsen.com\/fi\/wp-json\/wp\/v2\/product\/7092","targetHints":{"allow":["GET"]}}],"collection":[{"href":"https:\/\/www.johannagullichsen.com\/fi\/wp-json\/wp\/v2\/product"}],"about":[{"href":"https:\/\/www.johannagullichsen.com\/fi\/wp-json\/wp\/v2\/types\/product"}],"wp:featuredmedia":[{"embeddable":true,"href":"https:\/\/www.johannagullichsen.com\/fi\/wp-json\/wp\/v2\/media\/30171"}],"wp:attachment":[{"href":"https:\/\/www.johannagullichsen.com\/fi\/wp-json\/wp\/v2\/media?parent=7092"}],"wp:term":[{"taxonomy":"product_brand","embeddable":true,"href":"https:\/\/www.johannagullichsen.com\/fi\/wp-json\/wp\/v2\/product_brand?post=7092"},{"taxonomy":"product_cat","embeddable":true,"href":"https:\/\/www.johannagullichsen.com\/fi\/wp-json\/wp\/v2\/product_cat?post=7092"},{"taxonomy":"product_tag","embeddable":true,"href":"https:\/\/www.johannagullichsen.com\/fi\/wp-json\/wp\/v2\/product_tag?post=7092"}],"curies":[{"name":"wp","href":"https:\/\/api.w.org\/{rel}","templated":true}]}}