{"id":7113,"date":"2020-04-21T17:28:38","date_gmt":"2020-04-21T14:28:38","guid":{"rendered":"https:\/\/www.johannagullichsen.com\/products\/Ei-luokiteltu\/vanity-case-m\/"},"modified":"2023-03-09T11:14:58","modified_gmt":"2023-03-09T09:14:58","slug":"vanity-case-m","status":"publish","type":"product","link":"https:\/\/www.johannagullichsen.com\/fi\/tuote\/vanity-case-m\/","title":{"rendered":"Vanity Case M &#8211; Kosmetiikkalaukku"},"content":{"rendered":"<h4>Keskikokoinen kosmetiikkalaukku<\/h4>\n<p>Niin naisille kun miehillekin sopivat kosmetiikkalaukut ovat sek\u00e4 k\u00e4yt\u00e4nn\u00f6llisi\u00e4 ett\u00e4 tyylikk\u00e4it\u00e4, kulkevat helposti matkalla mukanasi sek\u00e4 pirist\u00e4v\u00e4t kodin kylpyhuonetta.<\/p>\n<p>Muut koot: <a href=\"https:\/\/www.johannagullichsen.com\/fi\/tuotteet\/laukut-asusteet\/vanity-case-s\/\">Vanity case S<\/a>, <a href=\"https:\/\/www.johannagullichsen.com\/fi\/tuotteet\/laukut-asusteet\/vanity-case-l\/\">Vanity case L<\/a><\/p>\n","protected":false},"excerpt":{"rendered":"<p>Keskikokoinen kosmetiikkalaukku Niin naisille kun miehillekin sopivat kosmetiikkalaukut ovat sek\u00e4 k\u00e4yt\u00e4nn\u00f6llisi\u00e4 ett\u00e4 tyylikk\u00e4it\u00e4, kulkevat helposti matkalla mukanasi sek\u00e4 pirist\u00e4v\u00e4t kodin kylpyhuonetta. Muut koot: Vanity case S, Vanity case L<\/p>\n","protected":false},"featured_media":25451,"template":"","meta":{"_acf_changed":false},"product_brand":[],"product_cat":[192,1969],"product_tag":[],"class_list":{"0":"post-7113","1":"product","2":"type-product","3":"status-publish","4":"has-post-thumbnail","6":"product_cat-laukut-asusteet","7":"product_cat-kosmetiikkalaukut-ja-kukkarot","8":"pa_pattern-colour-doris-vihrea","9":"pa_pattern-colour-nereus-manteli","10":"pa_pattern-colour-helios-almond-negative-fi","11":"pa_pattern-colour-eos-vaaleanharmaa","12":"pa_pattern-colour-nereus-tummanvihrea","13":"pa_pattern-colour-eos-yellowblue-fi","14":"pa_pattern-colour-helios-brick-negative-fi","15":"pa_pattern-colour-tithonus-dark-green-fi","16":"pa_pattern-colour-doris-lyijy","17":"pa_pattern-colour-nereus-almond-negative-fi","18":"pa_pattern-colour-helios-bordeaux-negative-fi","19":"pa_pattern-colour-eos-keltainen","20":"pa_pattern-colour-nereus-green-fi","21":"pa_pattern-colour-helios-tummansininen","22":"pa_pattern-colour-tithonus-vihrea","23":"pa_pattern-colour-doris-okra","24":"pa_pattern-colour-nereus-black-fi","25":"pa_pattern-colour-helios-ochre-negative-fi","26":"pa_pattern-colour-eos-manteli","27":"pa_pattern-colour-nereus-green-negative-fi","28":"pa_pattern-colour-helios-tumma-viininpunainen","29":"pa_pattern-colour-tithonus-lead-fi","30":"pa_pattern-colour-doris-keltainen","31":"pa_pattern-colour-nereus-musta-nega","32":"pa_pattern-colour-helios-yellow-negative-fi","33":"pa_pattern-colour-eos-ochre-fi","34":"pa_pattern-colour-nereus-lyijy","35":"pa_pattern-colour-doris-manteli","36":"pa_pattern-colour-helios-dark-green-fi","37":"pa_pattern-colour-tithonus-okra","38":"pa_pattern-colour-eos-musta","39":"pa_pattern-colour-nereus-blue-fi","40":"pa_pattern-colour-nereus-dark-green-negative-fi","41":"pa_pattern-colour-helios-manteli","42":"pa_pattern-colour-nereus-lead-negative-fi","43":"pa_pattern-colour-doris-musta-fi","44":"pa_pattern-colour-helios-green-fi","45":"pa_pattern-colour-tithonus-kultainen","46":"pa_pattern-colour-eos-sininen","47":"pa_pattern-colour-nereus-sininen-nega","48":"pa_pattern-colour-nereus-ochre-negative-fi","49":"pa_pattern-colour-helios-black-fi","50":"pa_pattern-colour-nereus-okra","51":"pa_pattern-colour-doris-sininen","52":"pa_pattern-colour-helios-green-negative-fi","53":"pa_pattern-colour-helios-tummansininen-nega","54":"pa_pattern-colour-eos-viininpunainen","55":"pa_pattern-colour-nereus-bordeaux-fi","56":"pa_pattern-colour-nereus-yellow-negative-fi","57":"pa_pattern-colour-helios-musta-nega","58":"pa_pattern-colour-nereus-kultainen","59":"pa_pattern-colour-doris-viininpunainen","60":"pa_pattern-colour-helios-lyijy","61":"pa_pattern-colour-helios-tummanvihrea-nega","62":"pa_pattern-colour-eos-tiili","63":"pa_pattern-colour-nereus-brick-fi","64":"pa_pattern-colour-helios-lime-fi","65":"pa_pattern-colour-helios-blue-fi","66":"pa_pattern-colour-tithonus-black-fi","67":"pa_pattern-colour-doris-tiili","68":"pa_pattern-colour-helios-lead-negative-fi","69":"pa_pattern-colour-nereus-viininpunainen-nega","70":"pa_pattern-colour-eos-vihrea","71":"pa_pattern-colour-nereus-brick-negative-fi","72":"pa_pattern-colour-helios-lime-negative-fi","73":"pa_pattern-colour-helios-blue-negativet-fi","74":"pa_pattern-colour-tithonus-sininen","75":"pa_pattern-colour-doris-tummansininen","76":"pa_pattern-colour-helios-okra","77":"pa_pattern-colour-nereus-tummansininen-nega","78":"pa_pattern-colour-eos-harmaa","79":"pa_pattern-colour-nereus-dark-blue-fi","80":"pa_pattern-colour-nereus-silver-fi","81":"pa_pattern-colour-helios-viininpunainen","82":"pa_pattern-colour-tithonus-viininpunainen","83":"pa_pattern-colour-doris-tummanvihrea","84":"pa_pattern-colour-helios-yellow-fi","85":"pa_pattern-colour-tithonus-tummansininen","86":"pa_pattern-colour-eos-lyijy","87":"pa_pattern-colour-nereus-dark-bordeaux-fi","88":"pa_pattern-colour-tithonus-lime-fi","89":"pa_pattern-colour-helios-tiili","90":"pa_pattern-colour-tithonus-tiili","91":"collection-normandie-2","93":"first","94":"instock","95":"taxable","96":"shipping-taxable","97":"purchasable","98":"product-type-variable"},"acf":[],"yoast_head":"<!-- This site is optimized with the Yoast SEO Premium plugin v27.2 (Yoast SEO v27.2) - https:\/\/yoast.com\/product\/yoast-seo-premium-wordpress\/ -->\n<title>Vanity Case M - Kosmetiikkalaukku - Johanna Gullichsen<\/title>\n<meta name=\"description\" content=\"Tyylik\u00e4s keskikokoinen kosmetiikkalaukku. T\u00e4m\u00e4 kotimainen meikkipussi kest\u00e4\u00e4 reissussa ja on konepest\u00e4v\u00e4. 100% puuvillaa.\" \/>\n<meta name=\"robots\" content=\"index, follow, max-snippet:-1, max-image-preview:large, max-video-preview:-1\" \/>\n<link rel=\"canonical\" href=\"https:\/\/www.johannagullichsen.com\/fi\/tuote\/vanity-case-m\/\" \/>\n<meta property=\"og:locale\" content=\"fi_FI\" \/>\n<meta property=\"og:type\" content=\"article\" \/>\n<meta property=\"og:title\" content=\"Vanity Case M - Kosmetiikkalaukku\" \/>\n<meta property=\"og:description\" content=\"Tyylik\u00e4s keskikokoinen kosmetiikkalaukku. T\u00e4m\u00e4 kotimainen meikkipussi kest\u00e4\u00e4 reissussa ja on konepest\u00e4v\u00e4. 100% puuvillaa.\" \/>\n<meta property=\"og:url\" content=\"https:\/\/www.johannagullichsen.com\/fi\/tuote\/vanity-case-m\/\" \/>\n<meta property=\"og:site_name\" content=\"Johanna Gullichsen\" \/>\n<meta property=\"article:modified_time\" content=\"2023-03-09T09:14:58+00:00\" \/>\n<meta property=\"og:image\" content=\"https:\/\/www.johannagullichsen.com\/wp-content\/uploads\/2025\/01\/Johanna-Gullichsen-Vanity-case-M-Tithonus-green-2.jpg\" \/>\n\t<meta property=\"og:image:width\" content=\"1600\" \/>\n\t<meta property=\"og:image:height\" content=\"1200\" \/>\n\t<meta property=\"og:image:type\" content=\"image\/jpeg\" \/>\n<meta name=\"twitter:card\" content=\"summary_large_image\" \/>\n<script type=\"application\/ld+json\" class=\"yoast-schema-graph\">{\"@context\":\"https:\/\/schema.org\",\"@graph\":[{\"@type\":\"WebPage\",\"@id\":\"https:\/\/www.johannagullichsen.com\/fi\/tuote\/vanity-case-m\/\",\"url\":\"https:\/\/www.johannagullichsen.com\/fi\/tuote\/vanity-case-m\/\",\"name\":\"Vanity Case M - Kosmetiikkalaukku - Johanna Gullichsen\",\"isPartOf\":{\"@id\":\"https:\/\/www.johannagullichsen.com\/fi\/#website\"},\"primaryImageOfPage\":{\"@id\":\"https:\/\/www.johannagullichsen.com\/fi\/tuote\/vanity-case-m\/#primaryimage\"},\"image\":{\"@id\":\"https:\/\/www.johannagullichsen.com\/fi\/tuote\/vanity-case-m\/#primaryimage\"},\"thumbnailUrl\":\"https:\/\/www.johannagullichsen.com\/wp-content\/uploads\/2025\/01\/Johanna-Gullichsen-Vanity-case-M-Tithonus-green-2.jpg\",\"datePublished\":\"2020-04-21T14:28:38+00:00\",\"dateModified\":\"2023-03-09T09:14:58+00:00\",\"description\":\"Tyylik\u00e4s keskikokoinen kosmetiikkalaukku. T\u00e4m\u00e4 kotimainen meikkipussi kest\u00e4\u00e4 reissussa ja on konepest\u00e4v\u00e4. 100% puuvillaa.\",\"breadcrumb\":{\"@id\":\"https:\/\/www.johannagullichsen.com\/fi\/tuote\/vanity-case-m\/#breadcrumb\"},\"inLanguage\":\"fi\",\"potentialAction\":[{\"@type\":\"ReadAction\",\"target\":[\"https:\/\/www.johannagullichsen.com\/fi\/tuote\/vanity-case-m\/\"]}]},{\"@type\":\"ImageObject\",\"inLanguage\":\"fi\",\"@id\":\"https:\/\/www.johannagullichsen.com\/fi\/tuote\/vanity-case-m\/#primaryimage\",\"url\":\"https:\/\/www.johannagullichsen.com\/wp-content\/uploads\/2025\/01\/Johanna-Gullichsen-Vanity-case-M-Tithonus-green-2.jpg\",\"contentUrl\":\"https:\/\/www.johannagullichsen.com\/wp-content\/uploads\/2025\/01\/Johanna-Gullichsen-Vanity-case-M-Tithonus-green-2.jpg\",\"width\":1600,\"height\":1200},{\"@type\":\"BreadcrumbList\",\"@id\":\"https:\/\/www.johannagullichsen.com\/fi\/tuote\/vanity-case-m\/#breadcrumb\",\"itemListElement\":[{\"@type\":\"ListItem\",\"position\":1,\"name\":\"Home\",\"item\":\"https:\/\/www.johannagullichsen.com\/fi\/\"},{\"@type\":\"ListItem\",\"position\":2,\"name\":\"Tuotteet ja verkkokauppa\",\"item\":\"https:\/\/www.johannagullichsen.com\/fi\/tuotteet\/\"},{\"@type\":\"ListItem\",\"position\":3,\"name\":\"Vanity Case M &#8211; Kosmetiikkalaukku\"}]},{\"@type\":\"WebSite\",\"@id\":\"https:\/\/www.johannagullichsen.com\/fi\/#website\",\"url\":\"https:\/\/www.johannagullichsen.com\/fi\/\",\"name\":\"Johanna Gullichsen\",\"description\":\"\",\"potentialAction\":[{\"@type\":\"SearchAction\",\"target\":{\"@type\":\"EntryPoint\",\"urlTemplate\":\"https:\/\/www.johannagullichsen.com\/fi\/?s={search_term_string}\"},\"query-input\":{\"@type\":\"PropertyValueSpecification\",\"valueRequired\":true,\"valueName\":\"search_term_string\"}}],\"inLanguage\":\"fi\"}]}<\/script>\n<!-- \/ Yoast SEO Premium plugin. -->","yoast_head_json":{"title":"Vanity Case M - Kosmetiikkalaukku - Johanna Gullichsen","description":"Tyylik\u00e4s keskikokoinen kosmetiikkalaukku. T\u00e4m\u00e4 kotimainen meikkipussi kest\u00e4\u00e4 reissussa ja on konepest\u00e4v\u00e4. 100% puuvillaa.","robots":{"index":"index","follow":"follow","max-snippet":"max-snippet:-1","max-image-preview":"max-image-preview:large","max-video-preview":"max-video-preview:-1"},"canonical":"https:\/\/www.johannagullichsen.com\/fi\/tuote\/vanity-case-m\/","og_locale":"fi_FI","og_type":"article","og_title":"Vanity Case M - Kosmetiikkalaukku","og_description":"Tyylik\u00e4s keskikokoinen kosmetiikkalaukku. T\u00e4m\u00e4 kotimainen meikkipussi kest\u00e4\u00e4 reissussa ja on konepest\u00e4v\u00e4. 100% puuvillaa.","og_url":"https:\/\/www.johannagullichsen.com\/fi\/tuote\/vanity-case-m\/","og_site_name":"Johanna Gullichsen","article_modified_time":"2023-03-09T09:14:58+00:00","og_image":[{"width":1600,"height":1200,"url":"https:\/\/www.johannagullichsen.com\/wp-content\/uploads\/2025\/01\/Johanna-Gullichsen-Vanity-case-M-Tithonus-green-2.jpg","type":"image\/jpeg"}],"twitter_card":"summary_large_image","schema":{"@context":"https:\/\/schema.org","@graph":[{"@type":"WebPage","@id":"https:\/\/www.johannagullichsen.com\/fi\/tuote\/vanity-case-m\/","url":"https:\/\/www.johannagullichsen.com\/fi\/tuote\/vanity-case-m\/","name":"Vanity Case M - Kosmetiikkalaukku - Johanna Gullichsen","isPartOf":{"@id":"https:\/\/www.johannagullichsen.com\/fi\/#website"},"primaryImageOfPage":{"@id":"https:\/\/www.johannagullichsen.com\/fi\/tuote\/vanity-case-m\/#primaryimage"},"image":{"@id":"https:\/\/www.johannagullichsen.com\/fi\/tuote\/vanity-case-m\/#primaryimage"},"thumbnailUrl":"https:\/\/www.johannagullichsen.com\/wp-content\/uploads\/2025\/01\/Johanna-Gullichsen-Vanity-case-M-Tithonus-green-2.jpg","datePublished":"2020-04-21T14:28:38+00:00","dateModified":"2023-03-09T09:14:58+00:00","description":"Tyylik\u00e4s keskikokoinen kosmetiikkalaukku. T\u00e4m\u00e4 kotimainen meikkipussi kest\u00e4\u00e4 reissussa ja on konepest\u00e4v\u00e4. 100% puuvillaa.","breadcrumb":{"@id":"https:\/\/www.johannagullichsen.com\/fi\/tuote\/vanity-case-m\/#breadcrumb"},"inLanguage":"fi","potentialAction":[{"@type":"ReadAction","target":["https:\/\/www.johannagullichsen.com\/fi\/tuote\/vanity-case-m\/"]}]},{"@type":"ImageObject","inLanguage":"fi","@id":"https:\/\/www.johannagullichsen.com\/fi\/tuote\/vanity-case-m\/#primaryimage","url":"https:\/\/www.johannagullichsen.com\/wp-content\/uploads\/2025\/01\/Johanna-Gullichsen-Vanity-case-M-Tithonus-green-2.jpg","contentUrl":"https:\/\/www.johannagullichsen.com\/wp-content\/uploads\/2025\/01\/Johanna-Gullichsen-Vanity-case-M-Tithonus-green-2.jpg","width":1600,"height":1200},{"@type":"BreadcrumbList","@id":"https:\/\/www.johannagullichsen.com\/fi\/tuote\/vanity-case-m\/#breadcrumb","itemListElement":[{"@type":"ListItem","position":1,"name":"Home","item":"https:\/\/www.johannagullichsen.com\/fi\/"},{"@type":"ListItem","position":2,"name":"Tuotteet ja verkkokauppa","item":"https:\/\/www.johannagullichsen.com\/fi\/tuotteet\/"},{"@type":"ListItem","position":3,"name":"Vanity Case M &#8211; Kosmetiikkalaukku"}]},{"@type":"WebSite","@id":"https:\/\/www.johannagullichsen.com\/fi\/#website","url":"https:\/\/www.johannagullichsen.com\/fi\/","name":"Johanna Gullichsen","description":"","potentialAction":[{"@type":"SearchAction","target":{"@type":"EntryPoint","urlTemplate":"https:\/\/www.johannagullichsen.com\/fi\/?s={search_term_string}"},"query-input":{"@type":"PropertyValueSpecification","valueRequired":true,"valueName":"search_term_string"}}],"inLanguage":"fi"}]}},"_links":{"self":[{"href":"https:\/\/www.johannagullichsen.com\/fi\/wp-json\/wp\/v2\/product\/7113","targetHints":{"allow":["GET"]}}],"collection":[{"href":"https:\/\/www.johannagullichsen.com\/fi\/wp-json\/wp\/v2\/product"}],"about":[{"href":"https:\/\/www.johannagullichsen.com\/fi\/wp-json\/wp\/v2\/types\/product"}],"wp:featuredmedia":[{"embeddable":true,"href":"https:\/\/www.johannagullichsen.com\/fi\/wp-json\/wp\/v2\/media\/25451"}],"wp:attachment":[{"href":"https:\/\/www.johannagullichsen.com\/fi\/wp-json\/wp\/v2\/media?parent=7113"}],"wp:term":[{"taxonomy":"product_brand","embeddable":true,"href":"https:\/\/www.johannagullichsen.com\/fi\/wp-json\/wp\/v2\/product_brand?post=7113"},{"taxonomy":"product_cat","embeddable":true,"href":"https:\/\/www.johannagullichsen.com\/fi\/wp-json\/wp\/v2\/product_cat?post=7113"},{"taxonomy":"product_tag","embeddable":true,"href":"https:\/\/www.johannagullichsen.com\/fi\/wp-json\/wp\/v2\/product_tag?post=7113"}],"curies":[{"name":"wp","href":"https:\/\/api.w.org\/{rel}","templated":true}]}}