{"id":7132,"date":"2020-04-21T15:01:44","date_gmt":"2020-04-21T12:01:44","guid":{"rendered":"https:\/\/www.johannagullichsen.com\/products\/Ei-luokiteltu\/vanity-case-s\/"},"modified":"2021-04-21T07:52:54","modified_gmt":"2021-04-21T04:52:54","slug":"vanity-case-s","status":"publish","type":"product","link":"https:\/\/www.johannagullichsen.com\/fi\/tuote\/vanity-case-s\/","title":{"rendered":"Vanity Case S &#8211; Kosmetiikkalaukku"},"content":{"rendered":"<h4>Pieni k\u00e4tev\u00e4 kosmetiikkapussukka<\/h4>\n<p>Helppo k\u00e4ytt\u00e4\u00e4 matkalla tai kotona<\/p>\n<p>Muut koot: <a href=\"https:\/\/www.johannagullichsen.com\/fi\/tuotteet\/laukut-asusteet\/vanity-case-m\/\">Vanity case M<\/a>,\u00a0<a href=\"https:\/\/www.johannagullichsen.com\/fi\/tuotteet\/laukut-asusteet\/vanity-case-l\/\">Vanity case L<\/a><\/p>\n","protected":false},"excerpt":{"rendered":"<p>Pieni k\u00e4tev\u00e4 kosmetiikkapussukka Helppo k\u00e4ytt\u00e4\u00e4 matkalla tai kotona Muut koot: Vanity case M,\u00a0Vanity case L<\/p>\n","protected":false},"featured_media":24805,"template":"","meta":{"_acf_changed":false},"product_brand":[],"product_cat":[192,1969],"product_tag":[],"class_list":{"0":"post-7132","1":"product","2":"type-product","3":"status-publish","4":"has-post-thumbnail","6":"product_cat-laukut-asusteet","7":"product_cat-kosmetiikkalaukut-ja-kukkarot","8":"pa_pattern-colour-doris-musta-fi","9":"pa_pattern-colour-helios-green-fi","10":"pa_pattern-colour-helios-yellow-negative-fi","11":"pa_pattern-colour-eos-sininen","12":"pa_pattern-colour-nereus-sininen-nega","13":"pa_pattern-colour-helios-black-fi","14":"pa_pattern-colour-nereus-okra","15":"pa_pattern-colour-doris-sininen","16":"pa_pattern-colour-helios-green-negative-fi","17":"pa_pattern-colour-nereus-dark-green-negative-fi","18":"pa_pattern-colour-eos-viininpunainen","19":"pa_pattern-colour-nereus-bordeaux-fi","20":"pa_pattern-colour-helios-musta-nega","21":"pa_pattern-colour-nereus-kultainen","22":"pa_pattern-colour-doris-viininpunainen","23":"pa_pattern-colour-helios-lyijy","24":"pa_pattern-colour-nereus-ochre-negative-fi","25":"pa_pattern-colour-eos-tiili","26":"pa_pattern-colour-nereus-brick-fi","27":"pa_pattern-colour-helios-blue-fi","28":"pa_pattern-colour-tithonus-tiili","29":"pa_pattern-colour-doris-tiili","30":"pa_pattern-colour-helios-lead-negative-fi","31":"pa_pattern-colour-nereus-yellow-negative-fi","32":"pa_pattern-colour-eos-vihrea","33":"pa_pattern-colour-nereus-brick-negative-fi","34":"pa_pattern-colour-helios-blue-negativet-fi","35":"pa_pattern-colour-helios-tummansininen-nega","36":"pa_pattern-colour-doris-tummansininen","37":"pa_pattern-colour-helios-okra","38":"pa_pattern-colour-helios-lime-fi","39":"pa_pattern-colour-eos-harmaa","40":"pa_pattern-colour-nereus-dark-blue-fi","41":"pa_pattern-colour-helios-viininpunainen","42":"pa_pattern-colour-helios-tummanvihrea-nega","43":"pa_pattern-colour-doris-tummanvihrea","44":"pa_pattern-colour-helios-yellow-fi","45":"pa_pattern-colour-helios-lime-negative-fi","46":"pa_pattern-colour-eos-lyijy","47":"pa_pattern-colour-nereus-dark-bordeaux-fi","48":"pa_pattern-colour-helios-tiili","49":"pa_pattern-colour-nereus-viininpunainen-nega","50":"pa_pattern-colour-doris-vihrea","51":"pa_pattern-colour-nereus-manteli","52":"pa_pattern-colour-nereus-silver-fi","53":"pa_pattern-colour-eos-vaaleanharmaa","54":"pa_pattern-colour-nereus-tummanvihrea","55":"pa_pattern-colour-helios-brick-negative-fi","56":"pa_pattern-colour-nereus-tummansininen-nega","57":"pa_pattern-colour-doris-lyijy","58":"pa_pattern-colour-nereus-almond-negative-fi","59":"pa_pattern-colour-eos-yellowblue-fi","60":"pa_pattern-colour-eos-keltainen","61":"pa_pattern-colour-nereus-green-fi","62":"pa_pattern-colour-helios-tummansininen","63":"pa_pattern-colour-helios-almond-negative-fi","64":"pa_pattern-colour-doris-okra","65":"pa_pattern-colour-nereus-black-fi","66":"pa_pattern-colour-selene-viininpunainen","67":"pa_pattern-colour-eos-manteli","68":"pa_pattern-colour-nereus-green-negative-fi","69":"pa_pattern-colour-helios-tumma-viininpunainen","70":"pa_pattern-colour-helios-bordeaux-negative-fi","71":"pa_pattern-colour-doris-keltainen","72":"pa_pattern-colour-nereus-musta-nega","73":"pa_pattern-colour-eos-ochre-fi","74":"pa_pattern-colour-nereus-lyijy","75":"pa_pattern-colour-doris-manteli","76":"pa_pattern-colour-helios-dark-green-fi","77":"pa_pattern-colour-helios-ochre-negative-fi","78":"pa_pattern-colour-eos-musta","79":"pa_pattern-colour-nereus-blue-fi","80":"pa_pattern-colour-helios-manteli","81":"pa_pattern-colour-nereus-lead-negative-fi","82":"collection-normandie-2","84":"first","85":"instock","86":"taxable","87":"shipping-taxable","88":"purchasable","89":"product-type-variable"},"acf":[],"yoast_head":"<!-- This site is optimized with the Yoast SEO Premium plugin v27.2 (Yoast SEO v27.2) - https:\/\/yoast.com\/product\/yoast-seo-premium-wordpress\/ -->\n<title>Vanity Case S - Kosmetiikkalaukku - Johanna Gullichsen<\/title>\n<meta name=\"description\" content=\"Peini meikkipussi, joka kulkee k\u00e4tev\u00e4sti matkoilla tai kotikulmilla olkalaukussa. Kest\u00e4v\u00e4\u00e4, konepest\u00e4v\u00e4\u00e4 Johanna Gullichsen puuvillakangasta.\" \/>\n<meta name=\"robots\" content=\"index, follow, max-snippet:-1, max-image-preview:large, max-video-preview:-1\" \/>\n<link rel=\"canonical\" href=\"https:\/\/www.johannagullichsen.com\/fi\/tuote\/vanity-case-s\/\" \/>\n<meta property=\"og:locale\" content=\"fi_FI\" \/>\n<meta property=\"og:type\" content=\"article\" \/>\n<meta property=\"og:title\" content=\"Vanity Case S - Kosmetiikkalaukku\" \/>\n<meta property=\"og:description\" content=\"Peini meikkipussi, joka kulkee k\u00e4tev\u00e4sti matkoilla tai kotikulmilla olkalaukussa. Kest\u00e4v\u00e4\u00e4, konepest\u00e4v\u00e4\u00e4 Johanna Gullichsen puuvillakangasta.\" \/>\n<meta property=\"og:url\" content=\"https:\/\/www.johannagullichsen.com\/fi\/tuote\/vanity-case-s\/\" \/>\n<meta property=\"og:site_name\" content=\"Johanna Gullichsen\" \/>\n<meta property=\"article:modified_time\" content=\"2021-04-21T04:52:54+00:00\" \/>\n<meta property=\"og:image\" content=\"https:\/\/www.johannagullichsen.com\/wp-content\/uploads\/2024\/11\/Johanna-Gullichsen-Vanity-Case-S-Helios-brick-2.jpg\" \/>\n\t<meta property=\"og:image:width\" content=\"1600\" \/>\n\t<meta property=\"og:image:height\" content=\"1200\" \/>\n\t<meta property=\"og:image:type\" content=\"image\/jpeg\" \/>\n<meta name=\"twitter:card\" content=\"summary_large_image\" \/>\n<script type=\"application\/ld+json\" class=\"yoast-schema-graph\">{\"@context\":\"https:\/\/schema.org\",\"@graph\":[{\"@type\":\"WebPage\",\"@id\":\"https:\/\/www.johannagullichsen.com\/fi\/tuote\/vanity-case-s\/\",\"url\":\"https:\/\/www.johannagullichsen.com\/fi\/tuote\/vanity-case-s\/\",\"name\":\"Vanity Case S - Kosmetiikkalaukku - Johanna Gullichsen\",\"isPartOf\":{\"@id\":\"https:\/\/www.johannagullichsen.com\/fi\/#website\"},\"primaryImageOfPage\":{\"@id\":\"https:\/\/www.johannagullichsen.com\/fi\/tuote\/vanity-case-s\/#primaryimage\"},\"image\":{\"@id\":\"https:\/\/www.johannagullichsen.com\/fi\/tuote\/vanity-case-s\/#primaryimage\"},\"thumbnailUrl\":\"https:\/\/www.johannagullichsen.com\/wp-content\/uploads\/2024\/11\/Johanna-Gullichsen-Vanity-Case-S-Helios-brick-2.jpg\",\"datePublished\":\"2020-04-21T12:01:44+00:00\",\"dateModified\":\"2021-04-21T04:52:54+00:00\",\"description\":\"Peini meikkipussi, joka kulkee k\u00e4tev\u00e4sti matkoilla tai kotikulmilla olkalaukussa. Kest\u00e4v\u00e4\u00e4, konepest\u00e4v\u00e4\u00e4 Johanna Gullichsen puuvillakangasta.\",\"breadcrumb\":{\"@id\":\"https:\/\/www.johannagullichsen.com\/fi\/tuote\/vanity-case-s\/#breadcrumb\"},\"inLanguage\":\"fi\",\"potentialAction\":[{\"@type\":\"ReadAction\",\"target\":[\"https:\/\/www.johannagullichsen.com\/fi\/tuote\/vanity-case-s\/\"]}]},{\"@type\":\"ImageObject\",\"inLanguage\":\"fi\",\"@id\":\"https:\/\/www.johannagullichsen.com\/fi\/tuote\/vanity-case-s\/#primaryimage\",\"url\":\"https:\/\/www.johannagullichsen.com\/wp-content\/uploads\/2024\/11\/Johanna-Gullichsen-Vanity-Case-S-Helios-brick-2.jpg\",\"contentUrl\":\"https:\/\/www.johannagullichsen.com\/wp-content\/uploads\/2024\/11\/Johanna-Gullichsen-Vanity-Case-S-Helios-brick-2.jpg\",\"width\":1600,\"height\":1200},{\"@type\":\"BreadcrumbList\",\"@id\":\"https:\/\/www.johannagullichsen.com\/fi\/tuote\/vanity-case-s\/#breadcrumb\",\"itemListElement\":[{\"@type\":\"ListItem\",\"position\":1,\"name\":\"Home\",\"item\":\"https:\/\/www.johannagullichsen.com\/fi\/\"},{\"@type\":\"ListItem\",\"position\":2,\"name\":\"Tuotteet ja verkkokauppa\",\"item\":\"https:\/\/www.johannagullichsen.com\/fi\/tuotteet\/\"},{\"@type\":\"ListItem\",\"position\":3,\"name\":\"Vanity Case S &#8211; Kosmetiikkalaukku\"}]},{\"@type\":\"WebSite\",\"@id\":\"https:\/\/www.johannagullichsen.com\/fi\/#website\",\"url\":\"https:\/\/www.johannagullichsen.com\/fi\/\",\"name\":\"Johanna Gullichsen\",\"description\":\"\",\"potentialAction\":[{\"@type\":\"SearchAction\",\"target\":{\"@type\":\"EntryPoint\",\"urlTemplate\":\"https:\/\/www.johannagullichsen.com\/fi\/?s={search_term_string}\"},\"query-input\":{\"@type\":\"PropertyValueSpecification\",\"valueRequired\":true,\"valueName\":\"search_term_string\"}}],\"inLanguage\":\"fi\"}]}<\/script>\n<!-- \/ Yoast SEO Premium plugin. -->","yoast_head_json":{"title":"Vanity Case S - Kosmetiikkalaukku - Johanna Gullichsen","description":"Peini meikkipussi, joka kulkee k\u00e4tev\u00e4sti matkoilla tai kotikulmilla olkalaukussa. Kest\u00e4v\u00e4\u00e4, konepest\u00e4v\u00e4\u00e4 Johanna Gullichsen puuvillakangasta.","robots":{"index":"index","follow":"follow","max-snippet":"max-snippet:-1","max-image-preview":"max-image-preview:large","max-video-preview":"max-video-preview:-1"},"canonical":"https:\/\/www.johannagullichsen.com\/fi\/tuote\/vanity-case-s\/","og_locale":"fi_FI","og_type":"article","og_title":"Vanity Case S - Kosmetiikkalaukku","og_description":"Peini meikkipussi, joka kulkee k\u00e4tev\u00e4sti matkoilla tai kotikulmilla olkalaukussa. Kest\u00e4v\u00e4\u00e4, konepest\u00e4v\u00e4\u00e4 Johanna Gullichsen puuvillakangasta.","og_url":"https:\/\/www.johannagullichsen.com\/fi\/tuote\/vanity-case-s\/","og_site_name":"Johanna Gullichsen","article_modified_time":"2021-04-21T04:52:54+00:00","og_image":[{"width":1600,"height":1200,"url":"https:\/\/www.johannagullichsen.com\/wp-content\/uploads\/2024\/11\/Johanna-Gullichsen-Vanity-Case-S-Helios-brick-2.jpg","type":"image\/jpeg"}],"twitter_card":"summary_large_image","schema":{"@context":"https:\/\/schema.org","@graph":[{"@type":"WebPage","@id":"https:\/\/www.johannagullichsen.com\/fi\/tuote\/vanity-case-s\/","url":"https:\/\/www.johannagullichsen.com\/fi\/tuote\/vanity-case-s\/","name":"Vanity Case S - Kosmetiikkalaukku - Johanna Gullichsen","isPartOf":{"@id":"https:\/\/www.johannagullichsen.com\/fi\/#website"},"primaryImageOfPage":{"@id":"https:\/\/www.johannagullichsen.com\/fi\/tuote\/vanity-case-s\/#primaryimage"},"image":{"@id":"https:\/\/www.johannagullichsen.com\/fi\/tuote\/vanity-case-s\/#primaryimage"},"thumbnailUrl":"https:\/\/www.johannagullichsen.com\/wp-content\/uploads\/2024\/11\/Johanna-Gullichsen-Vanity-Case-S-Helios-brick-2.jpg","datePublished":"2020-04-21T12:01:44+00:00","dateModified":"2021-04-21T04:52:54+00:00","description":"Peini meikkipussi, joka kulkee k\u00e4tev\u00e4sti matkoilla tai kotikulmilla olkalaukussa. Kest\u00e4v\u00e4\u00e4, konepest\u00e4v\u00e4\u00e4 Johanna Gullichsen puuvillakangasta.","breadcrumb":{"@id":"https:\/\/www.johannagullichsen.com\/fi\/tuote\/vanity-case-s\/#breadcrumb"},"inLanguage":"fi","potentialAction":[{"@type":"ReadAction","target":["https:\/\/www.johannagullichsen.com\/fi\/tuote\/vanity-case-s\/"]}]},{"@type":"ImageObject","inLanguage":"fi","@id":"https:\/\/www.johannagullichsen.com\/fi\/tuote\/vanity-case-s\/#primaryimage","url":"https:\/\/www.johannagullichsen.com\/wp-content\/uploads\/2024\/11\/Johanna-Gullichsen-Vanity-Case-S-Helios-brick-2.jpg","contentUrl":"https:\/\/www.johannagullichsen.com\/wp-content\/uploads\/2024\/11\/Johanna-Gullichsen-Vanity-Case-S-Helios-brick-2.jpg","width":1600,"height":1200},{"@type":"BreadcrumbList","@id":"https:\/\/www.johannagullichsen.com\/fi\/tuote\/vanity-case-s\/#breadcrumb","itemListElement":[{"@type":"ListItem","position":1,"name":"Home","item":"https:\/\/www.johannagullichsen.com\/fi\/"},{"@type":"ListItem","position":2,"name":"Tuotteet ja verkkokauppa","item":"https:\/\/www.johannagullichsen.com\/fi\/tuotteet\/"},{"@type":"ListItem","position":3,"name":"Vanity Case S &#8211; Kosmetiikkalaukku"}]},{"@type":"WebSite","@id":"https:\/\/www.johannagullichsen.com\/fi\/#website","url":"https:\/\/www.johannagullichsen.com\/fi\/","name":"Johanna Gullichsen","description":"","potentialAction":[{"@type":"SearchAction","target":{"@type":"EntryPoint","urlTemplate":"https:\/\/www.johannagullichsen.com\/fi\/?s={search_term_string}"},"query-input":{"@type":"PropertyValueSpecification","valueRequired":true,"valueName":"search_term_string"}}],"inLanguage":"fi"}]}},"_links":{"self":[{"href":"https:\/\/www.johannagullichsen.com\/fi\/wp-json\/wp\/v2\/product\/7132","targetHints":{"allow":["GET"]}}],"collection":[{"href":"https:\/\/www.johannagullichsen.com\/fi\/wp-json\/wp\/v2\/product"}],"about":[{"href":"https:\/\/www.johannagullichsen.com\/fi\/wp-json\/wp\/v2\/types\/product"}],"wp:featuredmedia":[{"embeddable":true,"href":"https:\/\/www.johannagullichsen.com\/fi\/wp-json\/wp\/v2\/media\/24805"}],"wp:attachment":[{"href":"https:\/\/www.johannagullichsen.com\/fi\/wp-json\/wp\/v2\/media?parent=7132"}],"wp:term":[{"taxonomy":"product_brand","embeddable":true,"href":"https:\/\/www.johannagullichsen.com\/fi\/wp-json\/wp\/v2\/product_brand?post=7132"},{"taxonomy":"product_cat","embeddable":true,"href":"https:\/\/www.johannagullichsen.com\/fi\/wp-json\/wp\/v2\/product_cat?post=7132"},{"taxonomy":"product_tag","embeddable":true,"href":"https:\/\/www.johannagullichsen.com\/fi\/wp-json\/wp\/v2\/product_tag?post=7132"}],"curies":[{"name":"wp","href":"https:\/\/api.w.org\/{rel}","templated":true}]}}