{"id":7157,"date":"2020-04-21T11:43:00","date_gmt":"2020-04-21T08:43:00","guid":{"rendered":"https:\/\/www.johannagullichsen.com\/products\/Ei-luokiteltu\/viktor-bag\/"},"modified":"2026-03-16T17:48:37","modified_gmt":"2026-03-16T15:48:37","slug":"viktor-laukku","status":"publish","type":"product","link":"https:\/\/www.johannagullichsen.com\/fi\/tuote\/viktor-laukku\/","title":{"rendered":"Viktor laukku"},"content":{"rendered":"<h4>Sopiva olkalaukku<\/h4>\n<p>Puuvillainen olkalaukku, jossa on irroitettava hihna sek\u00e4 vetoketjullinen sis\u00e4tasku.<\/p>\n<p>T\u00e4ss\u00e4 puuvillalaukussa on irrotettava hihna ja vetoketjullinen sis\u00e4tasku. Viktor-laukkuun mahtuu helposti mukaan my\u00f6s pieni vesipullo tai aurinkovoide. Viktor-laukku on jo klassikko Johanna Gullichsenin mallistossa, ja se onkin uudemman <a href=\"\/?product_cat=viktorino-laukku\">Viktorinon<\/a> isoveli.<\/p>\n<p>V\u00e4rj\u00e4tty, kudottu ja ommeltu Suomessa.<\/p>\n","protected":false},"excerpt":{"rendered":"<p>Sopiva olkalaukku Puuvillainen olkalaukku, jossa on irroitettava hihna sek\u00e4 vetoketjullinen sis\u00e4tasku. T\u00e4ss\u00e4 puuvillalaukussa on irrotettava hihna ja vetoketjullinen sis\u00e4tasku. Viktor-laukkuun mahtuu helposti mukaan my\u00f6s pieni vesipullo tai aurinkovoide. Viktor-laukku on&hellip;<\/p>\n","protected":false},"featured_media":24060,"template":"","meta":{"_acf_changed":false},"product_brand":[],"product_cat":[192,1968],"product_tag":[],"class_list":{"0":"post-7157","1":"product","2":"type-product","3":"status-publish","4":"has-post-thumbnail","6":"product_cat-laukut-asusteet","7":"product_cat-laukut","8":"pa_pattern-colour-eos-harmaa","9":"pa_pattern-colour-tithonus-vihrea","10":"pa_pattern-colour-helios-green-fi","11":"pa_pattern-colour-doris-tummansininen","12":"pa_pattern-colour-nereus-tummanvihrea","13":"pa_pattern-colour-eos-lyijy","14":"pa_pattern-colour-tithonus-lead-fi","15":"pa_pattern-colour-helios-lyijy","16":"pa_pattern-colour-doris-tummanvihrea","17":"pa_pattern-colour-nereus-green-fi","18":"pa_pattern-colour-eos-vaaleanharmaa","19":"pa_pattern-colour-tithonus-okra","20":"pa_pattern-colour-helios-okra","21":"pa_pattern-colour-doris-vihrea","22":"pa_pattern-colour-nereus-lyijy","23":"pa_pattern-colour-eos-keltainen","24":"pa_pattern-colour-tithonus-kultainen","25":"pa_pattern-colour-helios-yellow-fi","26":"pa_pattern-colour-doris-lyijy","27":"pa_pattern-colour-nereus-okra","28":"pa_pattern-colour-helios-manteli","29":"pa_pattern-colour-tithonus-tummansininen","30":"pa_pattern-colour-nereus-manteli","31":"pa_pattern-colour-doris-okra","32":"pa_pattern-colour-nereus-kultainen","33":"pa_pattern-colour-helios-black-fi","34":"pa_pattern-colour-helios-lime-fi","35":"pa_pattern-colour-nereus-black-fi","36":"pa_pattern-colour-doris-keltainen","37":"pa_pattern-colour-tithonus-black-fi","38":"pa_pattern-colour-helios-blue-fi","39":"pa_pattern-colour-nereus-silver-fi","40":"pa_pattern-colour-doris-manteli","41":"pa_pattern-colour-nereus-musta-nega","42":"pa_pattern-colour-eos-musta","43":"pa_pattern-colour-tithonus-sininen","44":"pa_pattern-colour-helios-viininpunainen","45":"pa_pattern-colour-tithonus-lime-fi","46":"pa_pattern-colour-doris-musta-fi","47":"pa_pattern-colour-nereus-blue-fi","48":"pa_pattern-colour-eos-sininen","49":"pa_pattern-colour-tithonus-viininpunainen","50":"pa_pattern-colour-helios-tiili","51":"pa_pattern-colour-doris-sininen","52":"pa_pattern-colour-nereus-bordeaux-fi","53":"pa_pattern-colour-eos-viininpunainen","54":"pa_pattern-colour-tithonus-tiili","55":"pa_pattern-colour-helios-tummansininen","56":"pa_pattern-colour-doris-cirrus","57":"pa_pattern-colour-doris-viininpunainen","58":"pa_pattern-colour-nereus-brick-fi","59":"pa_pattern-colour-eos-vihrea","60":"pa_pattern-colour-tithonus-dark-green-fi","61":"pa_pattern-colour-helios-dark-green-fi","62":"pa_pattern-colour-doris-tiili","63":"pa_pattern-colour-nereus-dark-blue-fi","64":"collection-normandie-2","66":"first","67":"instock","68":"taxable","69":"shipping-taxable","70":"purchasable","71":"product-type-variable"},"acf":[],"yoast_head":"<!-- This site is optimized with the Yoast SEO Premium plugin v27.2 (Yoast SEO v27.5) - https:\/\/yoast.com\/product\/yoast-seo-premium-wordpress\/ -->\n<title>Viktor laukku - Johanna Gullichsen<\/title>\n<meta name=\"robots\" content=\"index, follow, max-snippet:-1, max-image-preview:large, max-video-preview:-1\" \/>\n<link rel=\"canonical\" href=\"https:\/\/www.johannagullichsen.com\/fi\/tuote\/viktor-laukku\/\" \/>\n<meta property=\"og:locale\" content=\"fi_FI\" \/>\n<meta property=\"og:type\" content=\"article\" \/>\n<meta property=\"og:title\" content=\"Viktor laukku\" \/>\n<meta property=\"og:description\" content=\"Sopiva olkalaukku Puuvillainen olkalaukku, jossa on irroitettava hihna sek\u00e4 vetoketjullinen sis\u00e4tasku. T\u00e4ss\u00e4 puuvillalaukussa on irrotettava hihna ja vetoketjullinen sis\u00e4tasku. Viktor-laukkuun mahtuu helposti mukaan my\u00f6s pieni vesipullo tai aurinkovoide. Viktor-laukku on&hellip;\" \/>\n<meta property=\"og:url\" content=\"https:\/\/www.johannagullichsen.com\/fi\/tuote\/viktor-laukku\/\" \/>\n<meta property=\"og:site_name\" content=\"Johanna Gullichsen\" \/>\n<meta property=\"article:modified_time\" content=\"2026-03-16T15:48:37+00:00\" \/>\n<meta property=\"og:image\" content=\"https:\/\/www.johannagullichsen.com\/wp-content\/uploads\/2020\/04\/Johanna-Gullichsen-Viktor-Bag-Doris-ochre-1.jpg\" \/>\n\t<meta property=\"og:image:width\" content=\"1600\" \/>\n\t<meta property=\"og:image:height\" content=\"1200\" \/>\n\t<meta property=\"og:image:type\" content=\"image\/jpeg\" \/>\n<meta name=\"twitter:card\" content=\"summary_large_image\" \/>\n<meta name=\"twitter:label1\" content=\"Arvioitu lukuaika\" \/>\n\t<meta name=\"twitter:data1\" content=\"1 minuutti\" \/>\n<script type=\"application\/ld+json\" class=\"yoast-schema-graph\">{\"@context\":\"https:\\\/\\\/schema.org\",\"@graph\":[{\"@type\":\"WebPage\",\"@id\":\"https:\\\/\\\/www.johannagullichsen.com\\\/fi\\\/tuote\\\/viktor-laukku\\\/\",\"url\":\"https:\\\/\\\/www.johannagullichsen.com\\\/fi\\\/tuote\\\/viktor-laukku\\\/\",\"name\":\"Viktor laukku - Johanna Gullichsen\",\"isPartOf\":{\"@id\":\"https:\\\/\\\/www.johannagullichsen.com\\\/fi\\\/#website\"},\"primaryImageOfPage\":{\"@id\":\"https:\\\/\\\/www.johannagullichsen.com\\\/fi\\\/tuote\\\/viktor-laukku\\\/#primaryimage\"},\"image\":{\"@id\":\"https:\\\/\\\/www.johannagullichsen.com\\\/fi\\\/tuote\\\/viktor-laukku\\\/#primaryimage\"},\"thumbnailUrl\":\"https:\\\/\\\/www.johannagullichsen.com\\\/wp-content\\\/uploads\\\/2024\\\/08\\\/Johanna-Gullichsen-Viktor-bag-Nereus-dark-green.jpg\",\"datePublished\":\"2020-04-21T08:43:00+00:00\",\"dateModified\":\"2026-03-16T15:48:37+00:00\",\"breadcrumb\":{\"@id\":\"https:\\\/\\\/www.johannagullichsen.com\\\/fi\\\/tuote\\\/viktor-laukku\\\/#breadcrumb\"},\"inLanguage\":\"fi\",\"potentialAction\":[{\"@type\":\"ReadAction\",\"target\":[\"https:\\\/\\\/www.johannagullichsen.com\\\/fi\\\/tuote\\\/viktor-laukku\\\/\"]}]},{\"@type\":\"ImageObject\",\"inLanguage\":\"fi\",\"@id\":\"https:\\\/\\\/www.johannagullichsen.com\\\/fi\\\/tuote\\\/viktor-laukku\\\/#primaryimage\",\"url\":\"https:\\\/\\\/www.johannagullichsen.com\\\/wp-content\\\/uploads\\\/2024\\\/08\\\/Johanna-Gullichsen-Viktor-bag-Nereus-dark-green.jpg\",\"contentUrl\":\"https:\\\/\\\/www.johannagullichsen.com\\\/wp-content\\\/uploads\\\/2024\\\/08\\\/Johanna-Gullichsen-Viktor-bag-Nereus-dark-green.jpg\",\"width\":1600,\"height\":1200},{\"@type\":\"BreadcrumbList\",\"@id\":\"https:\\\/\\\/www.johannagullichsen.com\\\/fi\\\/tuote\\\/viktor-laukku\\\/#breadcrumb\",\"itemListElement\":[{\"@type\":\"ListItem\",\"position\":1,\"name\":\"Home\",\"item\":\"https:\\\/\\\/www.johannagullichsen.com\\\/fi\\\/\"},{\"@type\":\"ListItem\",\"position\":2,\"name\":\"Tuotteet ja verkkokauppa\",\"item\":\"https:\\\/\\\/www.johannagullichsen.com\\\/fi\\\/tuotteet\\\/\"},{\"@type\":\"ListItem\",\"position\":3,\"name\":\"Viktor laukku\"}]},{\"@type\":\"WebSite\",\"@id\":\"https:\\\/\\\/www.johannagullichsen.com\\\/fi\\\/#website\",\"url\":\"https:\\\/\\\/www.johannagullichsen.com\\\/fi\\\/\",\"name\":\"Johanna Gullichsen\",\"description\":\"\",\"potentialAction\":[{\"@type\":\"SearchAction\",\"target\":{\"@type\":\"EntryPoint\",\"urlTemplate\":\"https:\\\/\\\/www.johannagullichsen.com\\\/fi\\\/?s={search_term_string}\"},\"query-input\":{\"@type\":\"PropertyValueSpecification\",\"valueRequired\":true,\"valueName\":\"search_term_string\"}}],\"inLanguage\":\"fi\"}]}<\/script>\n<!-- \/ Yoast SEO Premium plugin. -->","yoast_head_json":{"title":"Viktor laukku - Johanna Gullichsen","robots":{"index":"index","follow":"follow","max-snippet":"max-snippet:-1","max-image-preview":"max-image-preview:large","max-video-preview":"max-video-preview:-1"},"canonical":"https:\/\/www.johannagullichsen.com\/fi\/tuote\/viktor-laukku\/","og_locale":"fi_FI","og_type":"article","og_title":"Viktor laukku","og_description":"Sopiva olkalaukku Puuvillainen olkalaukku, jossa on irroitettava hihna sek\u00e4 vetoketjullinen sis\u00e4tasku. T\u00e4ss\u00e4 puuvillalaukussa on irrotettava hihna ja vetoketjullinen sis\u00e4tasku. Viktor-laukkuun mahtuu helposti mukaan my\u00f6s pieni vesipullo tai aurinkovoide. Viktor-laukku on&hellip;","og_url":"https:\/\/www.johannagullichsen.com\/fi\/tuote\/viktor-laukku\/","og_site_name":"Johanna Gullichsen","article_modified_time":"2026-03-16T15:48:37+00:00","og_image":[{"width":1600,"height":1200,"url":"https:\/\/www.johannagullichsen.com\/wp-content\/uploads\/2020\/04\/Johanna-Gullichsen-Viktor-Bag-Doris-ochre-1.jpg","type":"image\/jpeg"}],"twitter_card":"summary_large_image","twitter_misc":{"Arvioitu lukuaika":"1 minuutti"},"schema":{"@context":"https:\/\/schema.org","@graph":[{"@type":"WebPage","@id":"https:\/\/www.johannagullichsen.com\/fi\/tuote\/viktor-laukku\/","url":"https:\/\/www.johannagullichsen.com\/fi\/tuote\/viktor-laukku\/","name":"Viktor laukku - Johanna Gullichsen","isPartOf":{"@id":"https:\/\/www.johannagullichsen.com\/fi\/#website"},"primaryImageOfPage":{"@id":"https:\/\/www.johannagullichsen.com\/fi\/tuote\/viktor-laukku\/#primaryimage"},"image":{"@id":"https:\/\/www.johannagullichsen.com\/fi\/tuote\/viktor-laukku\/#primaryimage"},"thumbnailUrl":"https:\/\/www.johannagullichsen.com\/wp-content\/uploads\/2024\/08\/Johanna-Gullichsen-Viktor-bag-Nereus-dark-green.jpg","datePublished":"2020-04-21T08:43:00+00:00","dateModified":"2026-03-16T15:48:37+00:00","breadcrumb":{"@id":"https:\/\/www.johannagullichsen.com\/fi\/tuote\/viktor-laukku\/#breadcrumb"},"inLanguage":"fi","potentialAction":[{"@type":"ReadAction","target":["https:\/\/www.johannagullichsen.com\/fi\/tuote\/viktor-laukku\/"]}]},{"@type":"ImageObject","inLanguage":"fi","@id":"https:\/\/www.johannagullichsen.com\/fi\/tuote\/viktor-laukku\/#primaryimage","url":"https:\/\/www.johannagullichsen.com\/wp-content\/uploads\/2024\/08\/Johanna-Gullichsen-Viktor-bag-Nereus-dark-green.jpg","contentUrl":"https:\/\/www.johannagullichsen.com\/wp-content\/uploads\/2024\/08\/Johanna-Gullichsen-Viktor-bag-Nereus-dark-green.jpg","width":1600,"height":1200},{"@type":"BreadcrumbList","@id":"https:\/\/www.johannagullichsen.com\/fi\/tuote\/viktor-laukku\/#breadcrumb","itemListElement":[{"@type":"ListItem","position":1,"name":"Home","item":"https:\/\/www.johannagullichsen.com\/fi\/"},{"@type":"ListItem","position":2,"name":"Tuotteet ja verkkokauppa","item":"https:\/\/www.johannagullichsen.com\/fi\/tuotteet\/"},{"@type":"ListItem","position":3,"name":"Viktor laukku"}]},{"@type":"WebSite","@id":"https:\/\/www.johannagullichsen.com\/fi\/#website","url":"https:\/\/www.johannagullichsen.com\/fi\/","name":"Johanna Gullichsen","description":"","potentialAction":[{"@type":"SearchAction","target":{"@type":"EntryPoint","urlTemplate":"https:\/\/www.johannagullichsen.com\/fi\/?s={search_term_string}"},"query-input":{"@type":"PropertyValueSpecification","valueRequired":true,"valueName":"search_term_string"}}],"inLanguage":"fi"}]}},"_links":{"self":[{"href":"https:\/\/www.johannagullichsen.com\/fi\/wp-json\/wp\/v2\/product\/7157","targetHints":{"allow":["GET"]}}],"collection":[{"href":"https:\/\/www.johannagullichsen.com\/fi\/wp-json\/wp\/v2\/product"}],"about":[{"href":"https:\/\/www.johannagullichsen.com\/fi\/wp-json\/wp\/v2\/types\/product"}],"wp:featuredmedia":[{"embeddable":true,"href":"https:\/\/www.johannagullichsen.com\/fi\/wp-json\/wp\/v2\/media\/24060"}],"wp:attachment":[{"href":"https:\/\/www.johannagullichsen.com\/fi\/wp-json\/wp\/v2\/media?parent=7157"}],"wp:term":[{"taxonomy":"product_brand","embeddable":true,"href":"https:\/\/www.johannagullichsen.com\/fi\/wp-json\/wp\/v2\/product_brand?post=7157"},{"taxonomy":"product_cat","embeddable":true,"href":"https:\/\/www.johannagullichsen.com\/fi\/wp-json\/wp\/v2\/product_cat?post=7157"},{"taxonomy":"product_tag","embeddable":true,"href":"https:\/\/www.johannagullichsen.com\/fi\/wp-json\/wp\/v2\/product_tag?post=7157"}],"curies":[{"name":"wp","href":"https:\/\/api.w.org\/{rel}","templated":true}]}}