{"id":8011,"date":"2020-06-01T14:54:19","date_gmt":"2020-06-01T11:54:19","guid":{"rendered":"https:\/\/www.johannagullichsen.com\/products\/Ei-luokiteltu\/fabric-tithonus\/"},"modified":"2025-05-05T16:24:47","modified_gmt":"2025-05-05T13:24:47","slug":"kangas-tithonus","status":"publish","type":"product","link":"https:\/\/www.johannagullichsen.com\/fi\/tuote\/kangas-tithonus\/","title":{"rendered":"Kangas Normandie Tithonus"},"content":{"rendered":"<h4>Jatkuva rytmi<\/h4>\n<p>Ryhdik\u00e4s, vahva kaksipuolinen verhoilukangas. Neli\u00f6iden ja raitojen tarkka vuorottelu muodostavat jatkuvan rytmin. Kuosin nimen\u00e4 on muinainen Tithonus joka kreikan mytologiassa sai ikuisen el\u00e4m\u00e4n.<\/p>\n<p>Raportin leveys: 17,5 cm<br \/>\nRaportin pituus: 2,4 cm<br \/>\nPaino: 495 g\/m2<br \/>\nKankaan leveys: 210 cm<\/p>\n<p>Tilaa mallitilkku <a href=\"https:\/\/www.johannagullichsen.com\/fi\/tuote\/mallitilkku-tithonus\/\">t\u00e4\u00e4lt\u00e4.<\/a><\/p>\n<p>&nbsp;<\/p>\n","protected":false},"excerpt":{"rendered":"<p>Jatkuva rytmi Ryhdik\u00e4s, vahva kaksipuolinen verhoilukangas. Neli\u00f6iden ja raitojen tarkka vuorottelu muodostavat jatkuvan rytmin. Kuosin nimen\u00e4 on muinainen Tithonus joka kreikan mytologiassa sai ikuisen el\u00e4m\u00e4n. Raportin leveys: 17,5 cm Raportin&hellip;<\/p>\n","protected":false},"featured_media":7283,"template":"","meta":{"_acf_changed":false},"product_brand":[],"product_cat":[1972,195],"product_tag":[],"class_list":{"0":"post-8011","1":"product","2":"type-product","3":"status-publish","4":"has-post-thumbnail","6":"product_cat-kodin-kankaat","7":"product_cat-kankaat","8":"pa_pattern-colour-tithonus-dark-green-fi","9":"pa_pattern-colour-tithonus-vihrea","10":"pa_pattern-colour-tithonus-lead-fi","11":"pa_pattern-colour-tithonus-okra","12":"pa_pattern-colour-tithonus-kultainen","13":"pa_pattern-colour-tithonus-black-fi","14":"pa_pattern-colour-tithonus-sininen","15":"pa_pattern-colour-tithonus-viininpunainen","16":"collection-normandie-2","18":"first","19":"instock","20":"taxable","21":"shipping-taxable","22":"purchasable","23":"product-type-variable"},"acf":[],"yoast_head":"<!-- This site is optimized with the Yoast SEO Premium plugin v27.2 (Yoast SEO v27.2) - https:\/\/yoast.com\/product\/yoast-seo-premium-wordpress\/ -->\n<title>Kangas Normandie Tithonus - Johanna Gullichsen<\/title>\n<meta name=\"robots\" content=\"index, follow, max-snippet:-1, max-image-preview:large, max-video-preview:-1\" \/>\n<link rel=\"canonical\" href=\"https:\/\/www.johannagullichsen.com\/fi\/tuote\/kangas-tithonus\/\" \/>\n<meta property=\"og:locale\" content=\"fi_FI\" \/>\n<meta property=\"og:type\" content=\"article\" \/>\n<meta property=\"og:title\" content=\"Kangas Normandie Tithonus\" \/>\n<meta property=\"og:description\" content=\"Jatkuva rytmi Ryhdik\u00e4s, vahva kaksipuolinen verhoilukangas. Neli\u00f6iden ja raitojen tarkka vuorottelu muodostavat jatkuvan rytmin. Kuosin nimen\u00e4 on muinainen Tithonus joka kreikan mytologiassa sai ikuisen el\u00e4m\u00e4n. Raportin leveys: 17,5 cm Raportin&hellip;\" \/>\n<meta property=\"og:url\" content=\"https:\/\/www.johannagullichsen.com\/fi\/tuote\/kangas-tithonus\/\" \/>\n<meta property=\"og:site_name\" content=\"Johanna Gullichsen\" \/>\n<meta property=\"article:modified_time\" content=\"2025-05-05T13:24:47+00:00\" \/>\n<meta property=\"og:image\" content=\"https:\/\/www.johannagullichsen.com\/wp-content\/uploads\/2020\/05\/Tithonus_ochre_0117_1.jpg\" \/>\n\t<meta property=\"og:image:width\" content=\"1600\" \/>\n\t<meta property=\"og:image:height\" content=\"1177\" \/>\n\t<meta property=\"og:image:type\" content=\"image\/jpeg\" \/>\n<meta name=\"twitter:card\" content=\"summary_large_image\" \/>\n<meta name=\"twitter:label1\" content=\"Arvioitu lukuaika\" \/>\n\t<meta name=\"twitter:data1\" content=\"1 minuutti\" \/>\n<script type=\"application\/ld+json\" class=\"yoast-schema-graph\">{\"@context\":\"https:\/\/schema.org\",\"@graph\":[{\"@type\":\"WebPage\",\"@id\":\"https:\/\/www.johannagullichsen.com\/fi\/tuote\/kangas-tithonus\/\",\"url\":\"https:\/\/www.johannagullichsen.com\/fi\/tuote\/kangas-tithonus\/\",\"name\":\"Kangas Normandie Tithonus - Johanna Gullichsen\",\"isPartOf\":{\"@id\":\"https:\/\/www.johannagullichsen.com\/fi\/#website\"},\"primaryImageOfPage\":{\"@id\":\"https:\/\/www.johannagullichsen.com\/fi\/tuote\/kangas-tithonus\/#primaryimage\"},\"image\":{\"@id\":\"https:\/\/www.johannagullichsen.com\/fi\/tuote\/kangas-tithonus\/#primaryimage\"},\"thumbnailUrl\":\"https:\/\/www.johannagullichsen.com\/wp-content\/uploads\/2020\/05\/Tithonus_ochre_0117_1.jpg\",\"datePublished\":\"2020-06-01T11:54:19+00:00\",\"dateModified\":\"2025-05-05T13:24:47+00:00\",\"breadcrumb\":{\"@id\":\"https:\/\/www.johannagullichsen.com\/fi\/tuote\/kangas-tithonus\/#breadcrumb\"},\"inLanguage\":\"fi\",\"potentialAction\":[{\"@type\":\"ReadAction\",\"target\":[\"https:\/\/www.johannagullichsen.com\/fi\/tuote\/kangas-tithonus\/\"]}]},{\"@type\":\"ImageObject\",\"inLanguage\":\"fi\",\"@id\":\"https:\/\/www.johannagullichsen.com\/fi\/tuote\/kangas-tithonus\/#primaryimage\",\"url\":\"https:\/\/www.johannagullichsen.com\/wp-content\/uploads\/2020\/05\/Tithonus_ochre_0117_1.jpg\",\"contentUrl\":\"https:\/\/www.johannagullichsen.com\/wp-content\/uploads\/2020\/05\/Tithonus_ochre_0117_1.jpg\",\"width\":1600,\"height\":1177},{\"@type\":\"BreadcrumbList\",\"@id\":\"https:\/\/www.johannagullichsen.com\/fi\/tuote\/kangas-tithonus\/#breadcrumb\",\"itemListElement\":[{\"@type\":\"ListItem\",\"position\":1,\"name\":\"Home\",\"item\":\"https:\/\/www.johannagullichsen.com\/fi\/\"},{\"@type\":\"ListItem\",\"position\":2,\"name\":\"Tuotteet ja verkkokauppa\",\"item\":\"https:\/\/www.johannagullichsen.com\/fi\/tuotteet\/\"},{\"@type\":\"ListItem\",\"position\":3,\"name\":\"Kangas Normandie Tithonus\"}]},{\"@type\":\"WebSite\",\"@id\":\"https:\/\/www.johannagullichsen.com\/fi\/#website\",\"url\":\"https:\/\/www.johannagullichsen.com\/fi\/\",\"name\":\"Johanna Gullichsen\",\"description\":\"\",\"potentialAction\":[{\"@type\":\"SearchAction\",\"target\":{\"@type\":\"EntryPoint\",\"urlTemplate\":\"https:\/\/www.johannagullichsen.com\/fi\/?s={search_term_string}\"},\"query-input\":{\"@type\":\"PropertyValueSpecification\",\"valueRequired\":true,\"valueName\":\"search_term_string\"}}],\"inLanguage\":\"fi\"}]}<\/script>\n<!-- \/ Yoast SEO Premium plugin. -->","yoast_head_json":{"title":"Kangas Normandie Tithonus - Johanna Gullichsen","robots":{"index":"index","follow":"follow","max-snippet":"max-snippet:-1","max-image-preview":"max-image-preview:large","max-video-preview":"max-video-preview:-1"},"canonical":"https:\/\/www.johannagullichsen.com\/fi\/tuote\/kangas-tithonus\/","og_locale":"fi_FI","og_type":"article","og_title":"Kangas Normandie Tithonus","og_description":"Jatkuva rytmi Ryhdik\u00e4s, vahva kaksipuolinen verhoilukangas. Neli\u00f6iden ja raitojen tarkka vuorottelu muodostavat jatkuvan rytmin. Kuosin nimen\u00e4 on muinainen Tithonus joka kreikan mytologiassa sai ikuisen el\u00e4m\u00e4n. Raportin leveys: 17,5 cm Raportin&hellip;","og_url":"https:\/\/www.johannagullichsen.com\/fi\/tuote\/kangas-tithonus\/","og_site_name":"Johanna Gullichsen","article_modified_time":"2025-05-05T13:24:47+00:00","og_image":[{"width":1600,"height":1177,"url":"https:\/\/www.johannagullichsen.com\/wp-content\/uploads\/2020\/05\/Tithonus_ochre_0117_1.jpg","type":"image\/jpeg"}],"twitter_card":"summary_large_image","twitter_misc":{"Arvioitu lukuaika":"1 minuutti"},"schema":{"@context":"https:\/\/schema.org","@graph":[{"@type":"WebPage","@id":"https:\/\/www.johannagullichsen.com\/fi\/tuote\/kangas-tithonus\/","url":"https:\/\/www.johannagullichsen.com\/fi\/tuote\/kangas-tithonus\/","name":"Kangas Normandie Tithonus - Johanna Gullichsen","isPartOf":{"@id":"https:\/\/www.johannagullichsen.com\/fi\/#website"},"primaryImageOfPage":{"@id":"https:\/\/www.johannagullichsen.com\/fi\/tuote\/kangas-tithonus\/#primaryimage"},"image":{"@id":"https:\/\/www.johannagullichsen.com\/fi\/tuote\/kangas-tithonus\/#primaryimage"},"thumbnailUrl":"https:\/\/www.johannagullichsen.com\/wp-content\/uploads\/2020\/05\/Tithonus_ochre_0117_1.jpg","datePublished":"2020-06-01T11:54:19+00:00","dateModified":"2025-05-05T13:24:47+00:00","breadcrumb":{"@id":"https:\/\/www.johannagullichsen.com\/fi\/tuote\/kangas-tithonus\/#breadcrumb"},"inLanguage":"fi","potentialAction":[{"@type":"ReadAction","target":["https:\/\/www.johannagullichsen.com\/fi\/tuote\/kangas-tithonus\/"]}]},{"@type":"ImageObject","inLanguage":"fi","@id":"https:\/\/www.johannagullichsen.com\/fi\/tuote\/kangas-tithonus\/#primaryimage","url":"https:\/\/www.johannagullichsen.com\/wp-content\/uploads\/2020\/05\/Tithonus_ochre_0117_1.jpg","contentUrl":"https:\/\/www.johannagullichsen.com\/wp-content\/uploads\/2020\/05\/Tithonus_ochre_0117_1.jpg","width":1600,"height":1177},{"@type":"BreadcrumbList","@id":"https:\/\/www.johannagullichsen.com\/fi\/tuote\/kangas-tithonus\/#breadcrumb","itemListElement":[{"@type":"ListItem","position":1,"name":"Home","item":"https:\/\/www.johannagullichsen.com\/fi\/"},{"@type":"ListItem","position":2,"name":"Tuotteet ja verkkokauppa","item":"https:\/\/www.johannagullichsen.com\/fi\/tuotteet\/"},{"@type":"ListItem","position":3,"name":"Kangas Normandie Tithonus"}]},{"@type":"WebSite","@id":"https:\/\/www.johannagullichsen.com\/fi\/#website","url":"https:\/\/www.johannagullichsen.com\/fi\/","name":"Johanna Gullichsen","description":"","potentialAction":[{"@type":"SearchAction","target":{"@type":"EntryPoint","urlTemplate":"https:\/\/www.johannagullichsen.com\/fi\/?s={search_term_string}"},"query-input":{"@type":"PropertyValueSpecification","valueRequired":true,"valueName":"search_term_string"}}],"inLanguage":"fi"}]}},"_links":{"self":[{"href":"https:\/\/www.johannagullichsen.com\/fi\/wp-json\/wp\/v2\/product\/8011","targetHints":{"allow":["GET"]}}],"collection":[{"href":"https:\/\/www.johannagullichsen.com\/fi\/wp-json\/wp\/v2\/product"}],"about":[{"href":"https:\/\/www.johannagullichsen.com\/fi\/wp-json\/wp\/v2\/types\/product"}],"wp:featuredmedia":[{"embeddable":true,"href":"https:\/\/www.johannagullichsen.com\/fi\/wp-json\/wp\/v2\/media\/7283"}],"wp:attachment":[{"href":"https:\/\/www.johannagullichsen.com\/fi\/wp-json\/wp\/v2\/media?parent=8011"}],"wp:term":[{"taxonomy":"product_brand","embeddable":true,"href":"https:\/\/www.johannagullichsen.com\/fi\/wp-json\/wp\/v2\/product_brand?post=8011"},{"taxonomy":"product_cat","embeddable":true,"href":"https:\/\/www.johannagullichsen.com\/fi\/wp-json\/wp\/v2\/product_cat?post=8011"},{"taxonomy":"product_tag","embeddable":true,"href":"https:\/\/www.johannagullichsen.com\/fi\/wp-json\/wp\/v2\/product_tag?post=8011"}],"curies":[{"name":"wp","href":"https:\/\/api.w.org\/{rel}","templated":true}]}}