{"id":8221,"date":"2020-06-04T11:55:54","date_gmt":"2020-06-04T08:55:54","guid":{"rendered":"https:\/\/www.johannagullichsen.com\/products\/Ei-luokiteltu\/fabric-helios\/"},"modified":"2025-05-05T16:14:06","modified_gmt":"2025-05-05T13:14:06","slug":"kangas-helios","status":"publish","type":"product","link":"https:\/\/www.johannagullichsen.com\/fi\/tuote\/kangas-helios\/","title":{"rendered":"Kangas Normandie Helios"},"content":{"rendered":"<h4>Auringons\u00e4teet<\/h4>\n<p>Ryhdik\u00e4s, vahva kaksipuolinen verhoilukangas. Kuosissa etenee herkk\u00e4 viivoitus kuin kuvastaen auringon s\u00e4teit\u00e4 valon eri v\u00e4reiss\u00e4. Kangas lainaa nimens\u00e4 auringonvaltias Heliokselta.<\/p>\n<h5>Tilaa mallitilkku <a href=\"https:\/\/www.johannagullichsen.com\/fi\/tuote\/mallitilkku-helios\/\">t\u00e4\u00e4lt\u00e4.<\/a><\/h5>\n<p>Raportin leveys: 17,5 cm<br \/>\nRaportin pituus: 1,5 cm<br \/>\nPaino: 495 g\/m2<br \/>\nKankaan leveys: 210 cm<\/p>\n","protected":false},"excerpt":{"rendered":"<p>Auringons\u00e4teet Ryhdik\u00e4s, vahva kaksipuolinen verhoilukangas. Kuosissa etenee herkk\u00e4 viivoitus kuin kuvastaen auringon s\u00e4teit\u00e4 valon eri v\u00e4reiss\u00e4. Kangas lainaa nimens\u00e4 auringonvaltias Heliokselta. Tilaa mallitilkku t\u00e4\u00e4lt\u00e4. Raportin leveys: 17,5 cm Raportin pituus:&hellip;<\/p>\n","protected":false},"featured_media":7664,"template":"","meta":{"_acf_changed":false},"product_brand":[],"product_cat":[1972,195],"product_tag":[],"class_list":{"0":"post-8221","1":"product","2":"type-product","3":"status-publish","4":"has-post-thumbnail","6":"product_cat-kodin-kankaat","7":"product_cat-kankaat","8":"pa_pattern-colour-helios-viininpunainen","9":"pa_pattern-colour-helios-tiili","10":"pa_pattern-colour-helios-tummansininen","11":"pa_pattern-colour-helios-tumma-viininpunainen","12":"pa_pattern-colour-helios-dark-green-fi","13":"pa_pattern-colour-helios-green-fi","14":"pa_pattern-colour-helios-lyijy","15":"pa_pattern-colour-helios-okra","16":"pa_pattern-colour-helios-manteli","17":"pa_pattern-colour-helios-yellow-fi","18":"pa_pattern-colour-helios-black-fi","19":"pa_pattern-colour-helios-lime-fi","20":"pa_pattern-colour-helios-blue-fi","21":"collection-normandie-2","23":"first","24":"instock","25":"taxable","26":"shipping-taxable","27":"purchasable","28":"product-type-variable"},"acf":[],"yoast_head":"<!-- This site is optimized with the Yoast SEO Premium plugin v27.2 (Yoast SEO v27.5) - https:\/\/yoast.com\/product\/yoast-seo-premium-wordpress\/ -->\n<title>Kangas Normandie Helios - Johanna Gullichsen<\/title>\n<meta name=\"description\" content=\"Helios on kest\u00e4v\u00e4 ja tyylik\u00e4s verhoilukangas. Kotimainen kaksipuolinen puuvillakangas, jonka kuosin viivoitus kuvastaa auringon s\u00e4teit\u00e4.\" \/>\n<meta name=\"robots\" content=\"index, follow, max-snippet:-1, max-image-preview:large, max-video-preview:-1\" \/>\n<link rel=\"canonical\" href=\"https:\/\/www.johannagullichsen.com\/fi\/tuote\/kangas-helios\/\" \/>\n<meta property=\"og:locale\" content=\"fi_FI\" \/>\n<meta property=\"og:type\" content=\"article\" \/>\n<meta property=\"og:title\" content=\"Kangas Normandie Helios\" \/>\n<meta property=\"og:description\" content=\"Helios on kest\u00e4v\u00e4 ja tyylik\u00e4s verhoilukangas. Kotimainen kaksipuolinen puuvillakangas, jonka kuosin viivoitus kuvastaa auringon s\u00e4teit\u00e4.\" \/>\n<meta property=\"og:url\" content=\"https:\/\/www.johannagullichsen.com\/fi\/tuote\/kangas-helios\/\" \/>\n<meta property=\"og:site_name\" content=\"Johanna Gullichsen\" \/>\n<meta property=\"article:modified_time\" content=\"2025-05-05T13:14:06+00:00\" \/>\n<meta property=\"og:image\" content=\"https:\/\/www.johannagullichsen.com\/wp-content\/uploads\/2020\/05\/Helios_Black_0081.jpg\" \/>\n\t<meta property=\"og:image:width\" content=\"1600\" \/>\n\t<meta property=\"og:image:height\" content=\"1175\" \/>\n\t<meta property=\"og:image:type\" content=\"image\/jpeg\" \/>\n<meta name=\"twitter:card\" content=\"summary_large_image\" \/>\n<meta name=\"twitter:label1\" content=\"Arvioitu lukuaika\" \/>\n\t<meta name=\"twitter:data1\" content=\"1 minuutti\" \/>\n<script type=\"application\/ld+json\" class=\"yoast-schema-graph\">{\"@context\":\"https:\\\/\\\/schema.org\",\"@graph\":[{\"@type\":\"WebPage\",\"@id\":\"https:\\\/\\\/www.johannagullichsen.com\\\/fi\\\/tuote\\\/kangas-helios\\\/\",\"url\":\"https:\\\/\\\/www.johannagullichsen.com\\\/fi\\\/tuote\\\/kangas-helios\\\/\",\"name\":\"Kangas Normandie Helios - Johanna Gullichsen\",\"isPartOf\":{\"@id\":\"https:\\\/\\\/www.johannagullichsen.com\\\/fi\\\/#website\"},\"primaryImageOfPage\":{\"@id\":\"https:\\\/\\\/www.johannagullichsen.com\\\/fi\\\/tuote\\\/kangas-helios\\\/#primaryimage\"},\"image\":{\"@id\":\"https:\\\/\\\/www.johannagullichsen.com\\\/fi\\\/tuote\\\/kangas-helios\\\/#primaryimage\"},\"thumbnailUrl\":\"https:\\\/\\\/www.johannagullichsen.com\\\/wp-content\\\/uploads\\\/2020\\\/05\\\/Helios_Black_0081.jpg\",\"datePublished\":\"2020-06-04T08:55:54+00:00\",\"dateModified\":\"2025-05-05T13:14:06+00:00\",\"description\":\"Helios on kest\u00e4v\u00e4 ja tyylik\u00e4s verhoilukangas. Kotimainen kaksipuolinen puuvillakangas, jonka kuosin viivoitus kuvastaa auringon s\u00e4teit\u00e4.\",\"breadcrumb\":{\"@id\":\"https:\\\/\\\/www.johannagullichsen.com\\\/fi\\\/tuote\\\/kangas-helios\\\/#breadcrumb\"},\"inLanguage\":\"fi\",\"potentialAction\":[{\"@type\":\"ReadAction\",\"target\":[\"https:\\\/\\\/www.johannagullichsen.com\\\/fi\\\/tuote\\\/kangas-helios\\\/\"]}]},{\"@type\":\"ImageObject\",\"inLanguage\":\"fi\",\"@id\":\"https:\\\/\\\/www.johannagullichsen.com\\\/fi\\\/tuote\\\/kangas-helios\\\/#primaryimage\",\"url\":\"https:\\\/\\\/www.johannagullichsen.com\\\/wp-content\\\/uploads\\\/2020\\\/05\\\/Helios_Black_0081.jpg\",\"contentUrl\":\"https:\\\/\\\/www.johannagullichsen.com\\\/wp-content\\\/uploads\\\/2020\\\/05\\\/Helios_Black_0081.jpg\",\"width\":1600,\"height\":1175,\"caption\":\"Musta verhoilukangas Helios musta. Ryhdik\u00e4s kaksipuoleinen Johanna Gullichsen kangas puuvillaa.\"},{\"@type\":\"BreadcrumbList\",\"@id\":\"https:\\\/\\\/www.johannagullichsen.com\\\/fi\\\/tuote\\\/kangas-helios\\\/#breadcrumb\",\"itemListElement\":[{\"@type\":\"ListItem\",\"position\":1,\"name\":\"Home\",\"item\":\"https:\\\/\\\/www.johannagullichsen.com\\\/fi\\\/\"},{\"@type\":\"ListItem\",\"position\":2,\"name\":\"Tuotteet ja verkkokauppa\",\"item\":\"https:\\\/\\\/www.johannagullichsen.com\\\/fi\\\/tuotteet\\\/\"},{\"@type\":\"ListItem\",\"position\":3,\"name\":\"Kangas Normandie Helios\"}]},{\"@type\":\"WebSite\",\"@id\":\"https:\\\/\\\/www.johannagullichsen.com\\\/fi\\\/#website\",\"url\":\"https:\\\/\\\/www.johannagullichsen.com\\\/fi\\\/\",\"name\":\"Johanna Gullichsen\",\"description\":\"\",\"potentialAction\":[{\"@type\":\"SearchAction\",\"target\":{\"@type\":\"EntryPoint\",\"urlTemplate\":\"https:\\\/\\\/www.johannagullichsen.com\\\/fi\\\/?s={search_term_string}\"},\"query-input\":{\"@type\":\"PropertyValueSpecification\",\"valueRequired\":true,\"valueName\":\"search_term_string\"}}],\"inLanguage\":\"fi\"}]}<\/script>\n<!-- \/ Yoast SEO Premium plugin. -->","yoast_head_json":{"title":"Kangas Normandie Helios - Johanna Gullichsen","description":"Helios on kest\u00e4v\u00e4 ja tyylik\u00e4s verhoilukangas. Kotimainen kaksipuolinen puuvillakangas, jonka kuosin viivoitus kuvastaa auringon s\u00e4teit\u00e4.","robots":{"index":"index","follow":"follow","max-snippet":"max-snippet:-1","max-image-preview":"max-image-preview:large","max-video-preview":"max-video-preview:-1"},"canonical":"https:\/\/www.johannagullichsen.com\/fi\/tuote\/kangas-helios\/","og_locale":"fi_FI","og_type":"article","og_title":"Kangas Normandie Helios","og_description":"Helios on kest\u00e4v\u00e4 ja tyylik\u00e4s verhoilukangas. Kotimainen kaksipuolinen puuvillakangas, jonka kuosin viivoitus kuvastaa auringon s\u00e4teit\u00e4.","og_url":"https:\/\/www.johannagullichsen.com\/fi\/tuote\/kangas-helios\/","og_site_name":"Johanna Gullichsen","article_modified_time":"2025-05-05T13:14:06+00:00","og_image":[{"width":1600,"height":1175,"url":"https:\/\/www.johannagullichsen.com\/wp-content\/uploads\/2020\/05\/Helios_Black_0081.jpg","type":"image\/jpeg"}],"twitter_card":"summary_large_image","twitter_misc":{"Arvioitu lukuaika":"1 minuutti"},"schema":{"@context":"https:\/\/schema.org","@graph":[{"@type":"WebPage","@id":"https:\/\/www.johannagullichsen.com\/fi\/tuote\/kangas-helios\/","url":"https:\/\/www.johannagullichsen.com\/fi\/tuote\/kangas-helios\/","name":"Kangas Normandie Helios - Johanna Gullichsen","isPartOf":{"@id":"https:\/\/www.johannagullichsen.com\/fi\/#website"},"primaryImageOfPage":{"@id":"https:\/\/www.johannagullichsen.com\/fi\/tuote\/kangas-helios\/#primaryimage"},"image":{"@id":"https:\/\/www.johannagullichsen.com\/fi\/tuote\/kangas-helios\/#primaryimage"},"thumbnailUrl":"https:\/\/www.johannagullichsen.com\/wp-content\/uploads\/2020\/05\/Helios_Black_0081.jpg","datePublished":"2020-06-04T08:55:54+00:00","dateModified":"2025-05-05T13:14:06+00:00","description":"Helios on kest\u00e4v\u00e4 ja tyylik\u00e4s verhoilukangas. Kotimainen kaksipuolinen puuvillakangas, jonka kuosin viivoitus kuvastaa auringon s\u00e4teit\u00e4.","breadcrumb":{"@id":"https:\/\/www.johannagullichsen.com\/fi\/tuote\/kangas-helios\/#breadcrumb"},"inLanguage":"fi","potentialAction":[{"@type":"ReadAction","target":["https:\/\/www.johannagullichsen.com\/fi\/tuote\/kangas-helios\/"]}]},{"@type":"ImageObject","inLanguage":"fi","@id":"https:\/\/www.johannagullichsen.com\/fi\/tuote\/kangas-helios\/#primaryimage","url":"https:\/\/www.johannagullichsen.com\/wp-content\/uploads\/2020\/05\/Helios_Black_0081.jpg","contentUrl":"https:\/\/www.johannagullichsen.com\/wp-content\/uploads\/2020\/05\/Helios_Black_0081.jpg","width":1600,"height":1175,"caption":"Musta verhoilukangas Helios musta. Ryhdik\u00e4s kaksipuoleinen Johanna Gullichsen kangas puuvillaa."},{"@type":"BreadcrumbList","@id":"https:\/\/www.johannagullichsen.com\/fi\/tuote\/kangas-helios\/#breadcrumb","itemListElement":[{"@type":"ListItem","position":1,"name":"Home","item":"https:\/\/www.johannagullichsen.com\/fi\/"},{"@type":"ListItem","position":2,"name":"Tuotteet ja verkkokauppa","item":"https:\/\/www.johannagullichsen.com\/fi\/tuotteet\/"},{"@type":"ListItem","position":3,"name":"Kangas Normandie Helios"}]},{"@type":"WebSite","@id":"https:\/\/www.johannagullichsen.com\/fi\/#website","url":"https:\/\/www.johannagullichsen.com\/fi\/","name":"Johanna Gullichsen","description":"","potentialAction":[{"@type":"SearchAction","target":{"@type":"EntryPoint","urlTemplate":"https:\/\/www.johannagullichsen.com\/fi\/?s={search_term_string}"},"query-input":{"@type":"PropertyValueSpecification","valueRequired":true,"valueName":"search_term_string"}}],"inLanguage":"fi"}]}},"_links":{"self":[{"href":"https:\/\/www.johannagullichsen.com\/fi\/wp-json\/wp\/v2\/product\/8221","targetHints":{"allow":["GET"]}}],"collection":[{"href":"https:\/\/www.johannagullichsen.com\/fi\/wp-json\/wp\/v2\/product"}],"about":[{"href":"https:\/\/www.johannagullichsen.com\/fi\/wp-json\/wp\/v2\/types\/product"}],"wp:featuredmedia":[{"embeddable":true,"href":"https:\/\/www.johannagullichsen.com\/fi\/wp-json\/wp\/v2\/media\/7664"}],"wp:attachment":[{"href":"https:\/\/www.johannagullichsen.com\/fi\/wp-json\/wp\/v2\/media?parent=8221"}],"wp:term":[{"taxonomy":"product_brand","embeddable":true,"href":"https:\/\/www.johannagullichsen.com\/fi\/wp-json\/wp\/v2\/product_brand?post=8221"},{"taxonomy":"product_cat","embeddable":true,"href":"https:\/\/www.johannagullichsen.com\/fi\/wp-json\/wp\/v2\/product_cat?post=8221"},{"taxonomy":"product_tag","embeddable":true,"href":"https:\/\/www.johannagullichsen.com\/fi\/wp-json\/wp\/v2\/product_tag?post=8221"}],"curies":[{"name":"wp","href":"https:\/\/api.w.org\/{rel}","templated":true}]}}