{"id":8298,"date":"2020-06-04T13:22:29","date_gmt":"2020-06-04T10:22:29","guid":{"rendered":"https:\/\/www.johannagullichsen.com\/products\/Ei-luokiteltu\/fabric-doris\/"},"modified":"2025-05-05T16:36:50","modified_gmt":"2025-05-05T13:36:50","slug":"kangas-doris","status":"publish","type":"product","link":"https:\/\/www.johannagullichsen.com\/fi\/tuote\/kangas-doris\/","title":{"rendered":"Kangas Normandie Doris"},"content":{"rendered":"<h4>Aaltoilevan meren pinta<\/h4>\n<p>Ryhdik\u00e4s, vahva kaksipuolinen verhoilukangas. Optisessa kuviossa voi n\u00e4hd\u00e4 alati liikkeess\u00e4 olevan veden pintaa. Doris on tunnetuin kuoseistamme ja se on nimetty mytologisen merinymfin mukaan.<\/p>\n<h5>Tilaa mallitilkku <a href=\"https:\/\/www.johannagullichsen.com\/fi\/tuote\/doris-mallitilkku\/\">t\u00e4\u00e4lt\u00e4.<\/a><\/h5>\n<p>Raportin leveys: 17,5 cm<br \/>\nRaportin pituus: 21,7 cm<br \/>\nPaino: 495 g\/m2<br \/>\nKankaan leveys: 210 cm<\/p>\n","protected":false},"excerpt":{"rendered":"<p>Aaltoilevan meren pinta Ryhdik\u00e4s, vahva kaksipuolinen verhoilukangas. Optisessa kuviossa voi n\u00e4hd\u00e4 alati liikkeess\u00e4 olevan veden pintaa. Doris on tunnetuin kuoseistamme ja se on nimetty mytologisen merinymfin mukaan. Tilaa mallitilkku t\u00e4\u00e4lt\u00e4.&hellip;<\/p>\n","protected":false},"featured_media":29824,"template":"","meta":{"_acf_changed":false},"product_brand":[],"product_cat":[1972,195],"product_tag":[],"class_list":{"0":"post-8298","1":"product","2":"type-product","3":"status-publish","4":"has-post-thumbnail","6":"product_cat-kodin-kankaat","7":"product_cat-kankaat","8":"pa_pattern-colour-doris-cirrus","9":"pa_pattern-colour-doris-tummansininen","10":"pa_pattern-colour-doris-tummanvihrea","11":"pa_pattern-colour-doris-vihrea","12":"pa_pattern-colour-doris-lyijy","13":"pa_pattern-colour-doris-okra","14":"pa_pattern-colour-doris-keltainen","15":"pa_pattern-colour-doris-manteli","16":"pa_pattern-colour-doris-dark-bordeaux-fi","17":"pa_pattern-colour-doris-musta-fi","18":"pa_pattern-colour-doris-lime-fi","19":"pa_pattern-colour-doris-sininen","20":"pa_pattern-colour-doris-olki","21":"pa_pattern-colour-doris-viininpunainen","22":"pa_pattern-colour-doris-tiili","23":"collection-normandie-2","25":"first","26":"instock","27":"taxable","28":"shipping-taxable","29":"purchasable","30":"product-type-variable"},"acf":[],"yoast_head":"<!-- This site is optimized with the Yoast SEO Premium plugin v27.2 (Yoast SEO v27.5) - https:\/\/yoast.com\/product\/yoast-seo-premium-wordpress\/ -->\n<title>Kangas Normandie Doris - Johanna Gullichsen<\/title>\n<meta name=\"description\" content=\"Doris puuvillakangas on kaksipuolinen verhoilukangas. Optinen klassikkokuosi kalusteisiin &amp; muuhun sisustukseen. Valmistettu Suomessa.\" \/>\n<meta name=\"robots\" content=\"index, follow, max-snippet:-1, max-image-preview:large, max-video-preview:-1\" \/>\n<link rel=\"canonical\" href=\"https:\/\/www.johannagullichsen.com\/fi\/tuote\/kangas-doris\/\" \/>\n<meta property=\"og:locale\" content=\"fi_FI\" \/>\n<meta property=\"og:type\" content=\"article\" \/>\n<meta property=\"og:title\" content=\"Kangas Normandie Doris\" \/>\n<meta property=\"og:description\" content=\"Doris puuvillakangas on kaksipuolinen verhoilukangas. Optinen klassikkokuosi kalusteisiin &amp; muuhun sisustukseen. Valmistettu Suomessa.\" \/>\n<meta property=\"og:url\" content=\"https:\/\/www.johannagullichsen.com\/fi\/tuote\/kangas-doris\/\" \/>\n<meta property=\"og:site_name\" content=\"Johanna Gullichsen\" \/>\n<meta property=\"article:modified_time\" content=\"2025-05-05T13:36:50+00:00\" \/>\n<meta property=\"og:image\" content=\"https:\/\/www.johannagullichsen.com\/wp-content\/uploads\/2024\/01\/Johanna-Gullichsen-Doris-straw-1024x768.jpg\" \/>\n\t<meta property=\"og:image:width\" content=\"1024\" \/>\n\t<meta property=\"og:image:height\" content=\"768\" \/>\n\t<meta property=\"og:image:type\" content=\"image\/jpeg\" \/>\n<meta name=\"twitter:card\" content=\"summary_large_image\" \/>\n<meta name=\"twitter:label1\" content=\"Arvioitu lukuaika\" \/>\n\t<meta name=\"twitter:data1\" content=\"1 minuutti\" \/>\n<script type=\"application\/ld+json\" class=\"yoast-schema-graph\">{\"@context\":\"https:\\\/\\\/schema.org\",\"@graph\":[{\"@type\":\"WebPage\",\"@id\":\"https:\\\/\\\/www.johannagullichsen.com\\\/fi\\\/tuote\\\/kangas-doris\\\/\",\"url\":\"https:\\\/\\\/www.johannagullichsen.com\\\/fi\\\/tuote\\\/kangas-doris\\\/\",\"name\":\"Kangas Normandie Doris - Johanna Gullichsen\",\"isPartOf\":{\"@id\":\"https:\\\/\\\/www.johannagullichsen.com\\\/fi\\\/#website\"},\"primaryImageOfPage\":{\"@id\":\"https:\\\/\\\/www.johannagullichsen.com\\\/fi\\\/tuote\\\/kangas-doris\\\/#primaryimage\"},\"image\":{\"@id\":\"https:\\\/\\\/www.johannagullichsen.com\\\/fi\\\/tuote\\\/kangas-doris\\\/#primaryimage\"},\"thumbnailUrl\":\"https:\\\/\\\/www.johannagullichsen.com\\\/wp-content\\\/uploads\\\/2026\\\/01\\\/Johanna-Gullichsen-Doris-cirrus.jpg\",\"datePublished\":\"2020-06-04T10:22:29+00:00\",\"dateModified\":\"2025-05-05T13:36:50+00:00\",\"description\":\"Doris puuvillakangas on kaksipuolinen verhoilukangas. Optinen klassikkokuosi kalusteisiin & muuhun sisustukseen. Valmistettu Suomessa.\",\"breadcrumb\":{\"@id\":\"https:\\\/\\\/www.johannagullichsen.com\\\/fi\\\/tuote\\\/kangas-doris\\\/#breadcrumb\"},\"inLanguage\":\"fi\",\"potentialAction\":[{\"@type\":\"ReadAction\",\"target\":[\"https:\\\/\\\/www.johannagullichsen.com\\\/fi\\\/tuote\\\/kangas-doris\\\/\"]}]},{\"@type\":\"ImageObject\",\"inLanguage\":\"fi\",\"@id\":\"https:\\\/\\\/www.johannagullichsen.com\\\/fi\\\/tuote\\\/kangas-doris\\\/#primaryimage\",\"url\":\"https:\\\/\\\/www.johannagullichsen.com\\\/wp-content\\\/uploads\\\/2026\\\/01\\\/Johanna-Gullichsen-Doris-cirrus.jpg\",\"contentUrl\":\"https:\\\/\\\/www.johannagullichsen.com\\\/wp-content\\\/uploads\\\/2026\\\/01\\\/Johanna-Gullichsen-Doris-cirrus.jpg\",\"width\":1600,\"height\":1200},{\"@type\":\"BreadcrumbList\",\"@id\":\"https:\\\/\\\/www.johannagullichsen.com\\\/fi\\\/tuote\\\/kangas-doris\\\/#breadcrumb\",\"itemListElement\":[{\"@type\":\"ListItem\",\"position\":1,\"name\":\"Home\",\"item\":\"https:\\\/\\\/www.johannagullichsen.com\\\/fi\\\/\"},{\"@type\":\"ListItem\",\"position\":2,\"name\":\"Tuotteet ja verkkokauppa\",\"item\":\"https:\\\/\\\/www.johannagullichsen.com\\\/fi\\\/tuotteet\\\/\"},{\"@type\":\"ListItem\",\"position\":3,\"name\":\"Kangas Normandie Doris\"}]},{\"@type\":\"WebSite\",\"@id\":\"https:\\\/\\\/www.johannagullichsen.com\\\/fi\\\/#website\",\"url\":\"https:\\\/\\\/www.johannagullichsen.com\\\/fi\\\/\",\"name\":\"Johanna Gullichsen\",\"description\":\"\",\"potentialAction\":[{\"@type\":\"SearchAction\",\"target\":{\"@type\":\"EntryPoint\",\"urlTemplate\":\"https:\\\/\\\/www.johannagullichsen.com\\\/fi\\\/?s={search_term_string}\"},\"query-input\":{\"@type\":\"PropertyValueSpecification\",\"valueRequired\":true,\"valueName\":\"search_term_string\"}}],\"inLanguage\":\"fi\"}]}<\/script>\n<!-- \/ Yoast SEO Premium plugin. -->","yoast_head_json":{"title":"Kangas Normandie Doris - Johanna Gullichsen","description":"Doris puuvillakangas on kaksipuolinen verhoilukangas. Optinen klassikkokuosi kalusteisiin & muuhun sisustukseen. Valmistettu Suomessa.","robots":{"index":"index","follow":"follow","max-snippet":"max-snippet:-1","max-image-preview":"max-image-preview:large","max-video-preview":"max-video-preview:-1"},"canonical":"https:\/\/www.johannagullichsen.com\/fi\/tuote\/kangas-doris\/","og_locale":"fi_FI","og_type":"article","og_title":"Kangas Normandie Doris","og_description":"Doris puuvillakangas on kaksipuolinen verhoilukangas. Optinen klassikkokuosi kalusteisiin & muuhun sisustukseen. Valmistettu Suomessa.","og_url":"https:\/\/www.johannagullichsen.com\/fi\/tuote\/kangas-doris\/","og_site_name":"Johanna Gullichsen","article_modified_time":"2025-05-05T13:36:50+00:00","og_image":[{"width":1024,"height":768,"url":"https:\/\/www.johannagullichsen.com\/wp-content\/uploads\/2024\/01\/Johanna-Gullichsen-Doris-straw-1024x768.jpg","type":"image\/jpeg"}],"twitter_card":"summary_large_image","twitter_misc":{"Arvioitu lukuaika":"1 minuutti"},"schema":{"@context":"https:\/\/schema.org","@graph":[{"@type":"WebPage","@id":"https:\/\/www.johannagullichsen.com\/fi\/tuote\/kangas-doris\/","url":"https:\/\/www.johannagullichsen.com\/fi\/tuote\/kangas-doris\/","name":"Kangas Normandie Doris - Johanna Gullichsen","isPartOf":{"@id":"https:\/\/www.johannagullichsen.com\/fi\/#website"},"primaryImageOfPage":{"@id":"https:\/\/www.johannagullichsen.com\/fi\/tuote\/kangas-doris\/#primaryimage"},"image":{"@id":"https:\/\/www.johannagullichsen.com\/fi\/tuote\/kangas-doris\/#primaryimage"},"thumbnailUrl":"https:\/\/www.johannagullichsen.com\/wp-content\/uploads\/2026\/01\/Johanna-Gullichsen-Doris-cirrus.jpg","datePublished":"2020-06-04T10:22:29+00:00","dateModified":"2025-05-05T13:36:50+00:00","description":"Doris puuvillakangas on kaksipuolinen verhoilukangas. Optinen klassikkokuosi kalusteisiin & muuhun sisustukseen. Valmistettu Suomessa.","breadcrumb":{"@id":"https:\/\/www.johannagullichsen.com\/fi\/tuote\/kangas-doris\/#breadcrumb"},"inLanguage":"fi","potentialAction":[{"@type":"ReadAction","target":["https:\/\/www.johannagullichsen.com\/fi\/tuote\/kangas-doris\/"]}]},{"@type":"ImageObject","inLanguage":"fi","@id":"https:\/\/www.johannagullichsen.com\/fi\/tuote\/kangas-doris\/#primaryimage","url":"https:\/\/www.johannagullichsen.com\/wp-content\/uploads\/2026\/01\/Johanna-Gullichsen-Doris-cirrus.jpg","contentUrl":"https:\/\/www.johannagullichsen.com\/wp-content\/uploads\/2026\/01\/Johanna-Gullichsen-Doris-cirrus.jpg","width":1600,"height":1200},{"@type":"BreadcrumbList","@id":"https:\/\/www.johannagullichsen.com\/fi\/tuote\/kangas-doris\/#breadcrumb","itemListElement":[{"@type":"ListItem","position":1,"name":"Home","item":"https:\/\/www.johannagullichsen.com\/fi\/"},{"@type":"ListItem","position":2,"name":"Tuotteet ja verkkokauppa","item":"https:\/\/www.johannagullichsen.com\/fi\/tuotteet\/"},{"@type":"ListItem","position":3,"name":"Kangas Normandie Doris"}]},{"@type":"WebSite","@id":"https:\/\/www.johannagullichsen.com\/fi\/#website","url":"https:\/\/www.johannagullichsen.com\/fi\/","name":"Johanna Gullichsen","description":"","potentialAction":[{"@type":"SearchAction","target":{"@type":"EntryPoint","urlTemplate":"https:\/\/www.johannagullichsen.com\/fi\/?s={search_term_string}"},"query-input":{"@type":"PropertyValueSpecification","valueRequired":true,"valueName":"search_term_string"}}],"inLanguage":"fi"}]}},"_links":{"self":[{"href":"https:\/\/www.johannagullichsen.com\/fi\/wp-json\/wp\/v2\/product\/8298","targetHints":{"allow":["GET"]}}],"collection":[{"href":"https:\/\/www.johannagullichsen.com\/fi\/wp-json\/wp\/v2\/product"}],"about":[{"href":"https:\/\/www.johannagullichsen.com\/fi\/wp-json\/wp\/v2\/types\/product"}],"wp:featuredmedia":[{"embeddable":true,"href":"https:\/\/www.johannagullichsen.com\/fi\/wp-json\/wp\/v2\/media\/29824"}],"wp:attachment":[{"href":"https:\/\/www.johannagullichsen.com\/fi\/wp-json\/wp\/v2\/media?parent=8298"}],"wp:term":[{"taxonomy":"product_brand","embeddable":true,"href":"https:\/\/www.johannagullichsen.com\/fi\/wp-json\/wp\/v2\/product_brand?post=8298"},{"taxonomy":"product_cat","embeddable":true,"href":"https:\/\/www.johannagullichsen.com\/fi\/wp-json\/wp\/v2\/product_cat?post=8298"},{"taxonomy":"product_tag","embeddable":true,"href":"https:\/\/www.johannagullichsen.com\/fi\/wp-json\/wp\/v2\/product_tag?post=8298"}],"curies":[{"name":"wp","href":"https:\/\/api.w.org\/{rel}","templated":true}]}}